{"id":992,"date":"2024-05-23T13:37:12","date_gmt":"2024-05-23T11:37:12","guid":{"rendered":"https:\/\/sukrin.com\/no\/?post_type=product&#038;p=992"},"modified":"2025-06-11T08:59:51","modified_gmt":"2025-06-11T06:59:51","slug":"fiberbrod","status":"publish","type":"product","link":"https:\/\/sukrin.com\/no\/produkter\/fiberbrod","title":{"rendered":"Fiberbr\u00f8d"},"content":{"rendered":"\n<div class=\"wp-block-buttons is-content-justification-center is-layout-flex wp-container-core-buttons-is-layout-16018d1d wp-block-buttons-is-layout-flex\">\n<div class=\"wp-block-button\"><a class=\"wp-block-button__link has-black-color has-text-color has-background has-link-color has-medium-font-size has-custom-font-size wp-element-button\" href=\"https:\/\/sukrin.com\/no\/fiberbrod-om-ingrediensene\" style=\"border-radius:10px;background-color:#edf5ff\">Les mer om ingrediensene i Fiberbr\u00f8d her<\/a><\/div>\n<\/div>\n\n\n\n<div style=\"height:45px\" aria-hidden=\"true\" class=\"wp-block-spacer\"><\/div>\n\n\n\n<div class=\"wp-block-group alignwide is-layout-flow wp-block-group-is-layout-flow\"><\/div>\n\n\n\n<div id=\"block_14377b17b2ad3d6397dd0811a37a06b9\" class=\"block-cta alignwide\">\n\t<div class=\"wrapper right\">\n\t\t<div class=\"block-content\">\n\t\t\t\t\t\t\t\t\t\t<p class=\"content__text\">Fiberbr\u00f8dmiksen kan brukes til mye mer enn bare br\u00f8d. Se forslag og oppskrifter her.<\/p>\n\t\t\t\t\t\t\t\t\t\t<a class=\"content__link\" href=\"https:\/\/sukrin.com\/no\/variasjon-med-fiberbrod\" title=\"\" target=\"_self\"><\/a>\n\t\t\t\t\t<\/div>\n\t\t<div class=\"block-image\" style=\"background-image: url('https:\/\/sukrin.com\/no\/content\/2024\/04\/rp_brodmix_scones.jpg');\"><\/div>\n\t<\/div>\n<\/div>\n\n\n<div id=\"block_9a4e3af7aabf7410512de61e5d69d8ce\" class=\"block-featured-retailers\">\n            <h2>Forhandlere<\/h2>\n                <div class=\"retailers\">\n                            <a class=\"retailer\" target=\"_blank\" href=\"https:\/\/www.life.no\/butikker\">\n                    <img decoding=\"async\" src=\"https:\/\/sukrin.com\/no\/content\/2024\/03\/butikklogo_life-01.svg\" alt=\"Life\">\n                <\/a>\n                            <a class=\"retailer\" target=\"_blank\" href=\"https:\/\/sunkost.no\/butikker\">\n                    <img decoding=\"async\" src=\"https:\/\/sukrin.com\/no\/content\/2024\/03\/butikklogo_sunkost-01.svg\" alt=\"Sunkost\">\n                <\/a>\n                            <a class=\"retailer\" target=\"_blank\" href=\"https:\/\/www.kinsarvik.no\/pages\/finn-butikk\">\n                    <img decoding=\"async\" src=\"https:\/\/sukrin.com\/no\/content\/2024\/03\/butikklogo_kinsarvik-01.svg\" alt=\"Kinsarvik Naturkost\">\n                <\/a>\n                            <a class=\"retailer\" target=\"_blank\" href=\"https:\/\/meny.no\/Finn-butikk\/\">\n                    <img decoding=\"async\" src=\"https:\/\/sukrin.com\/no\/content\/2024\/03\/butikklogo_meny-01.svg\" alt=\"Meny\">\n                <\/a>\n                            <a class=\"retailer\" target=\"_blank\" href=\"https:\/\/www.coop.no\/butikker?chainid=02&#038;coop_chain=Mega\">\n                    <img decoding=\"async\" src=\"https:\/\/sukrin.com\/no\/content\/2024\/05\/butikklogo_coop_mega-01.svg\" alt=\"Coop Mega\">\n                <\/a>\n                            <a class=\"retailer\" target=\"_blank\" href=\"https:\/\/www.coop.no\/butikker?chainid=02&#038;coop_chain=Obs\">\n                    <img decoding=\"async\" src=\"https:\/\/sukrin.com\/no\/content\/2024\/05\/butikklogo_coop_obs-01.svg\" alt=\"Coop Obs\">\n                <\/a>\n                            <a class=\"retailer\" target=\"_blank\" href=\"https:\/\/kiwi.no\/Finn-butikk\/\">\n                    <img decoding=\"async\" src=\"https:\/\/sukrin.com\/no\/content\/2024\/03\/butikklogo_kiwi-01.svg\" alt=\"Kiwi\">\n                <\/a>\n                            <a class=\"retailer\" target=\"_blank\" href=\"https:\/\/spar.no\/Finn-butikk\/\">\n                    <img decoding=\"async\" src=\"https:\/\/sukrin.com\/no\/content\/2024\/03\/butikklogo_spar-01.svg\" alt=\"Spar\">\n                <\/a>\n                            <a class=\"retailer\" target=\"_blank\" href=\"https:\/\/joker.no\/Finn-butikk\/\">\n                    <img decoding=\"async\" src=\"https:\/\/sukrin.com\/no\/content\/2024\/03\/butikklogo_joker-01.svg\" alt=\"Joker\">\n                <\/a>\n                            <a class=\"retailer\" target=\"_blank\" href=\"https:\/\/butikk.funksjonellmat.no\/\">\n                    <img decoding=\"async\" src=\"https:\/\/sukrin.com\/no\/content\/2024\/06\/sukrin_nettbutikk-02-2.svg\" alt=\"Sukrin nettbutikk\">\n                <\/a>\n                    <\/div>\n    <\/div>\n","protected":false},"excerpt":{"rendered":"<p>med 17 % fiber<\/p>\n","protected":false},"featured_media":0,"template":"","product-category":[15],"class_list":["post-992","product","type-product","status-publish","hentry","product-category-brodmikser"],"acf":[],"yoast_head":"<!-- This site is optimized with the Yoast SEO plugin v27.2 - https:\/\/yoast.com\/product\/yoast-seo-wordpress\/ -->\n<title>Sukrin Fiberbr\u00f8d - glutenfri fiberrik lavkarbo br\u00f8dmiks<\/title>\n<meta name=\"description\" content=\"En glutenfri lavkarbo br\u00f8dmiks som bare skal tilsettes vann og stekes f\u00f8r du har et ferskt, deilig br\u00f8d. En skive gir kun 1 g karbohydrater.\" \/>\n<meta name=\"robots\" content=\"index, follow, max-snippet:-1, max-image-preview:large, max-video-preview:-1\" \/>\n<link rel=\"canonical\" href=\"https:\/\/sukrin.com\/no\/produkter\/fiberbrod\" \/>\n<meta property=\"og:locale\" content=\"nb_NO\" \/>\n<meta property=\"og:type\" content=\"article\" \/>\n<meta property=\"og:title\" content=\"Sukrin Fiberbr\u00f8d - glutenfri fiberrik lavkarbo br\u00f8dmiks\" \/>\n<meta property=\"og:description\" content=\"En glutenfri lavkarbo br\u00f8dmiks som bare skal tilsettes vann og stekes f\u00f8r du har et ferskt, deilig br\u00f8d. En skive gir kun 1 g karbohydrater.\" \/>\n<meta property=\"og:url\" content=\"https:\/\/sukrin.com\/no\/produkter\/fiberbrod\" \/>\n<meta property=\"og:site_name\" content=\"Sukrin\" \/>\n<meta property=\"article:publisher\" content=\"https:\/\/nb-no.facebook.com\/funksjonellmat\/\" \/>\n<meta property=\"article:modified_time\" content=\"2025-06-11T06:59:51+00:00\" \/>\n<meta name=\"twitter:card\" content=\"summary_large_image\" \/>\n<meta name=\"twitter:label1\" content=\"Ansl. lesetid\" \/>\n\t<meta name=\"twitter:data1\" content=\"1 minutt\" \/>\n<script type=\"application\/ld+json\" class=\"yoast-schema-graph\">{\"@context\":\"https:\/\/schema.org\",\"@graph\":[{\"@type\":\"WebPage\",\"@id\":\"https:\/\/sukrin.com\/no\/produkter\/fiberbrod\",\"url\":\"https:\/\/sukrin.com\/no\/produkter\/fiberbrod\",\"name\":\"Sukrin Fiberbr\u00f8d - glutenfri fiberrik lavkarbo br\u00f8dmiks\",\"isPartOf\":{\"@id\":\"https:\/\/sukrin.com\/no\/#website\"},\"datePublished\":\"2024-05-23T11:37:12+00:00\",\"dateModified\":\"2025-06-11T06:59:51+00:00\",\"description\":\"En glutenfri lavkarbo br\u00f8dmiks som bare skal tilsettes vann og stekes f\u00f8r du har et ferskt, deilig br\u00f8d. En skive gir kun 1 g karbohydrater.\",\"breadcrumb\":{\"@id\":\"https:\/\/sukrin.com\/no\/produkter\/fiberbrod#breadcrumb\"},\"inLanguage\":\"nb-NO\",\"potentialAction\":[{\"@type\":\"ReadAction\",\"target\":[\"https:\/\/sukrin.com\/no\/produkter\/fiberbrod\"]}]},{\"@type\":\"BreadcrumbList\",\"@id\":\"https:\/\/sukrin.com\/no\/produkter\/fiberbrod#breadcrumb\",\"itemListElement\":[{\"@type\":\"ListItem\",\"position\":1,\"name\":\"Hjem\",\"item\":\"https:\/\/sukrin.com\/no\/\"},{\"@type\":\"ListItem\",\"position\":2,\"name\":\"Produkter\",\"item\":\"https:\/\/sukrin.com\/no\/produkter\"},{\"@type\":\"ListItem\",\"position\":3,\"name\":\"Br\u00f8dmikser\",\"item\":\"https:\/\/sukrin.com\/no\/product-category\/brodmikser\"},{\"@type\":\"ListItem\",\"position\":4,\"name\":\"Fiberbr\u00f8d\"}]},{\"@type\":\"WebSite\",\"@id\":\"https:\/\/sukrin.com\/no\/#website\",\"url\":\"https:\/\/sukrin.com\/no\/\",\"name\":\"Sukrin\",\"description\":\"Enkelt \u00e5 gj\u00f8re noe godt\",\"publisher\":{\"@id\":\"https:\/\/sukrin.com\/no\/#organization\"},\"potentialAction\":[{\"@type\":\"SearchAction\",\"target\":{\"@type\":\"EntryPoint\",\"urlTemplate\":\"https:\/\/sukrin.com\/no\/?s={search_term_string}\"},\"query-input\":{\"@type\":\"PropertyValueSpecification\",\"valueRequired\":true,\"valueName\":\"search_term_string\"}}],\"inLanguage\":\"nb-NO\"},{\"@type\":\"Organization\",\"@id\":\"https:\/\/sukrin.com\/no\/#organization\",\"name\":\"Funksjonell mat\",\"url\":\"https:\/\/sukrin.com\/no\/\",\"logo\":{\"@type\":\"ImageObject\",\"inLanguage\":\"nb-NO\",\"@id\":\"https:\/\/sukrin.com\/no\/#\/schema\/logo\/image\/\",\"url\":\"https:\/\/sukrin.com\/no\/content\/2023\/11\/funksjonell-mat-logo.svg\",\"contentUrl\":\"https:\/\/sukrin.com\/no\/content\/2023\/11\/funksjonell-mat-logo.svg\",\"width\":1,\"height\":1,\"caption\":\"Funksjonell mat\"},\"image\":{\"@id\":\"https:\/\/sukrin.com\/no\/#\/schema\/logo\/image\/\"},\"sameAs\":[\"https:\/\/nb-no.facebook.com\/funksjonellmat\/\",\"https:\/\/www.instagram.com\/sukrin.no\/\",\"https:\/\/tatrck.com\/h\/0Hu30uVO0x7R?url=httpswww.tiktok.comsukrin_official\"]}]}<\/script>\n<!-- \/ Yoast SEO plugin. -->","yoast_head_json":{"title":"Sukrin Fiberbr\u00f8d - glutenfri fiberrik lavkarbo br\u00f8dmiks","description":"En glutenfri lavkarbo br\u00f8dmiks som bare skal tilsettes vann og stekes f\u00f8r du har et ferskt, deilig br\u00f8d. En skive gir kun 1 g karbohydrater.","robots":{"index":"index","follow":"follow","max-snippet":"max-snippet:-1","max-image-preview":"max-image-preview:large","max-video-preview":"max-video-preview:-1"},"canonical":"https:\/\/sukrin.com\/no\/produkter\/fiberbrod","og_locale":"nb_NO","og_type":"article","og_title":"Sukrin Fiberbr\u00f8d - glutenfri fiberrik lavkarbo br\u00f8dmiks","og_description":"En glutenfri lavkarbo br\u00f8dmiks som bare skal tilsettes vann og stekes f\u00f8r du har et ferskt, deilig br\u00f8d. En skive gir kun 1 g karbohydrater.","og_url":"https:\/\/sukrin.com\/no\/produkter\/fiberbrod","og_site_name":"Sukrin","article_publisher":"https:\/\/nb-no.facebook.com\/funksjonellmat\/","article_modified_time":"2025-06-11T06:59:51+00:00","twitter_card":"summary_large_image","twitter_misc":{"Ansl. lesetid":"1 minutt"},"schema":{"@context":"https:\/\/schema.org","@graph":[{"@type":"WebPage","@id":"https:\/\/sukrin.com\/no\/produkter\/fiberbrod","url":"https:\/\/sukrin.com\/no\/produkter\/fiberbrod","name":"Sukrin Fiberbr\u00f8d - glutenfri fiberrik lavkarbo br\u00f8dmiks","isPartOf":{"@id":"https:\/\/sukrin.com\/no\/#website"},"datePublished":"2024-05-23T11:37:12+00:00","dateModified":"2025-06-11T06:59:51+00:00","description":"En glutenfri lavkarbo br\u00f8dmiks som bare skal tilsettes vann og stekes f\u00f8r du har et ferskt, deilig br\u00f8d. En skive gir kun 1 g karbohydrater.","breadcrumb":{"@id":"https:\/\/sukrin.com\/no\/produkter\/fiberbrod#breadcrumb"},"inLanguage":"nb-NO","potentialAction":[{"@type":"ReadAction","target":["https:\/\/sukrin.com\/no\/produkter\/fiberbrod"]}]},{"@type":"BreadcrumbList","@id":"https:\/\/sukrin.com\/no\/produkter\/fiberbrod#breadcrumb","itemListElement":[{"@type":"ListItem","position":1,"name":"Hjem","item":"https:\/\/sukrin.com\/no\/"},{"@type":"ListItem","position":2,"name":"Produkter","item":"https:\/\/sukrin.com\/no\/produkter"},{"@type":"ListItem","position":3,"name":"Br\u00f8dmikser","item":"https:\/\/sukrin.com\/no\/product-category\/brodmikser"},{"@type":"ListItem","position":4,"name":"Fiberbr\u00f8d"}]},{"@type":"WebSite","@id":"https:\/\/sukrin.com\/no\/#website","url":"https:\/\/sukrin.com\/no\/","name":"Sukrin","description":"Enkelt \u00e5 gj\u00f8re noe godt","publisher":{"@id":"https:\/\/sukrin.com\/no\/#organization"},"potentialAction":[{"@type":"SearchAction","target":{"@type":"EntryPoint","urlTemplate":"https:\/\/sukrin.com\/no\/?s={search_term_string}"},"query-input":{"@type":"PropertyValueSpecification","valueRequired":true,"valueName":"search_term_string"}}],"inLanguage":"nb-NO"},{"@type":"Organization","@id":"https:\/\/sukrin.com\/no\/#organization","name":"Funksjonell mat","url":"https:\/\/sukrin.com\/no\/","logo":{"@type":"ImageObject","inLanguage":"nb-NO","@id":"https:\/\/sukrin.com\/no\/#\/schema\/logo\/image\/","url":"https:\/\/sukrin.com\/no\/content\/2023\/11\/funksjonell-mat-logo.svg","contentUrl":"https:\/\/sukrin.com\/no\/content\/2023\/11\/funksjonell-mat-logo.svg","width":1,"height":1,"caption":"Funksjonell mat"},"image":{"@id":"https:\/\/sukrin.com\/no\/#\/schema\/logo\/image\/"},"sameAs":["https:\/\/nb-no.facebook.com\/funksjonellmat\/","https:\/\/www.instagram.com\/sukrin.no\/","https:\/\/tatrck.com\/h\/0Hu30uVO0x7R?url=httpswww.tiktok.comsukrin_official"]}]}},"_links":{"self":[{"href":"https:\/\/sukrin.com\/no\/wp-json\/wp\/v2\/product\/992","targetHints":{"allow":["GET"]}}],"collection":[{"href":"https:\/\/sukrin.com\/no\/wp-json\/wp\/v2\/product"}],"about":[{"href":"https:\/\/sukrin.com\/no\/wp-json\/wp\/v2\/types\/product"}],"wp:attachment":[{"href":"https:\/\/sukrin.com\/no\/wp-json\/wp\/v2\/media?parent=992"}],"wp:term":[{"taxonomy":"product-category","embeddable":true,"href":"https:\/\/sukrin.com\/no\/wp-json\/wp\/v2\/product-category?post=992"}],"curies":[{"name":"wp","href":"https:\/\/api.w.org\/{rel}","templated":true}]}}