{"id":3316,"date":"2025-06-20T12:32:31","date_gmt":"2025-06-20T10:32:31","guid":{"rendered":"https:\/\/sukrin.com\/no\/?post_type=product&#038;p=3316"},"modified":"2026-03-11T14:54:57","modified_gmt":"2026-03-11T13:54:57","slug":"dessert-mix","status":"publish","type":"product","link":"https:\/\/sukrin.com\/no\/produkter\/dessert-mix","title":{"rendered":"Dessert mix"},"content":{"rendered":"\n<div class=\"wp-block-cover is-light\" style=\"min-height:5px;aspect-ratio:unset;\"><span aria-hidden=\"true\" class=\"wp-block-cover__background has-light-beige-background-color has-background-dim\"><\/span><div class=\"wp-block-cover__inner-container is-layout-constrained wp-block-cover-is-layout-constrained\">\n<p class=\"has-text-align-left has-dark-blue-color has-text-color has-link-color has-medium-font-size wp-elements-40f229f291b7bedf5473b8e169564da0\"><strong>N\u00e6ringsinnhold for bare pulver i en hel pose<\/strong><\/p>\n\n\n\n<p class=\"has-dark-blue-color has-text-color has-link-color wp-elements-97919a946b2cebe5a02d3ec8b0b66a19\">129 kcal &#8211; 6,2&nbsp;g protein &#8211; 51&nbsp;g karbohydrat (hvorav 44&nbsp;g polyoler, 3,9&nbsp;g sukkerarter) &#8211; 6,4&nbsp;g netto karbohydrat &#8211; 7&nbsp;g fett (hvorav 5,6 g&nbsp;mettet fett) &#8211; 7,7&nbsp;g kostfiber<\/p>\n<\/div><\/div>\n\n\n\n<div id=\"block_68d8366ac3c1bcb512fff19039bc3b24\" class=\"block-cta alignwide\">\n\t<div class=\"wrapper left\">\n\t\t<div class=\"block-content\">\n\t\t\t\t\t\t\t\t\t\t<p class=\"content__text\">Det finnes mange variasjonsmuligheter med Dessert mix. Du kan f.eks. bytte vannet i oppskriften med juice, drikkesmoothie, saft fra b\u00e6r\/frukt, eller vanlig saft. Du kan bruke b\u00e5de vanlig kremost og light kremost i Dessert mix. Det g\u00e5r ogs\u00e5 helt fint \u00e5 erstatte 200 g kremost med 200 g lettr\u00f8mme (17 %) eller tykk yoghurt. Resultatet blir best hvis fettinnholdet i det du tilsetter er over 10 %.<br \/>\r\n<br \/>\r\nSe flere tips og oppskrifter her:<\/p>\n\t\t\t\t\t\t\t\t\t\t<a class=\"content__link\" href=\"\/no\/dessert-mix-variasjon\" title=\"Variasjon av Dessert mix\" target=\"__blank\"><\/a>\n\t\t\t\t\t<\/div>\n\t\t<div class=\"block-image\" style=\"background-image: url('https:\/\/sukrin.com\/no\/content\/2025\/06\/dsc-0031-justert.webp');\"><\/div>\n\t<\/div>\n<\/div>\n\n\n\n<div id=\"block_6dec1de24140a0e4174dd68a35651424\" class=\"block-cta alignwide\">\n\t<div class=\"wrapper right\">\n\t\t<div class=\"block-content\">\n\t\t\t\t\t\t\t\t\t\t<p class=\"content__text\">Sukrin Dessert mix egner seg perfekt som fyll i en lett ostekake. <br \/>\r\n<br \/>\r\nDen kan ogs\u00e5 brukes som kakefyll eller topping p\u00e5 kaker og cupcakes.<\/p>\n\t\t\t\t\t\t\t\t<\/div>\n\t\t<div class=\"block-image\" style=\"background-image: url('https:\/\/sukrin.com\/no\/content\/2025\/04\/dessertmix-cake-scaled.webp');\"><\/div>\n\t<\/div>\n<\/div>\n\n\n<div id=\"block_45da66b0bdfc923a06a06adcdc344ae1\" class=\"block-featured-retailers\">\n            <h2>Forhandlere<\/h2>\n                <div class=\"retailers\">\n                            <a class=\"retailer\" target=\"_blank\" href=\"https:\/\/www.life.no\/butikker\">\n                    <img decoding=\"async\" src=\"https:\/\/sukrin.com\/no\/content\/2024\/03\/butikklogo_life-01.svg\" alt=\"Life\">\n                <\/a>\n                            <a class=\"retailer\" target=\"_blank\" href=\"https:\/\/sunkost.no\/butikker\">\n                    <img decoding=\"async\" src=\"https:\/\/sukrin.com\/no\/content\/2024\/03\/butikklogo_sunkost-01.svg\" alt=\"Sunkost\">\n                <\/a>\n                            <a class=\"retailer\" target=\"_blank\" href=\"https:\/\/www.kinsarvik.no\/pages\/finn-butikk\">\n                    <img decoding=\"async\" src=\"https:\/\/sukrin.com\/no\/content\/2024\/03\/butikklogo_kinsarvik-01.svg\" alt=\"Kinsarvik Naturkost\">\n                <\/a>\n                            <a class=\"retailer\" target=\"_blank\" href=\"https:\/\/www.coop.no\/butikker?chainid=02&#038;coop_chain=Obs\">\n                    <img decoding=\"async\" src=\"https:\/\/sukrin.com\/no\/content\/2024\/05\/butikklogo_coop_obs-01.svg\" alt=\"Coop Obs\">\n                <\/a>\n                            <a class=\"retailer\" target=\"_blank\" href=\"https:\/\/www.coop.no\/butikker?chainid=02&#038;coop_chain=Mega\">\n                    <img decoding=\"async\" src=\"https:\/\/sukrin.com\/no\/content\/2024\/05\/butikklogo_coop_mega-01.svg\" alt=\"Coop Mega\">\n                <\/a>\n                            <a class=\"retailer\" target=\"_blank\" href=\"https:\/\/meny.no\/Finn-butikk\/\">\n                    <img decoding=\"async\" src=\"https:\/\/sukrin.com\/no\/content\/2024\/03\/butikklogo_meny-01.svg\" alt=\"Meny\">\n                <\/a>\n                            <a class=\"retailer\" target=\"_blank\" href=\"https:\/\/www.coop.no\/butikker?chainid=02&#038;coop_chain=Extra\">\n                    <img decoding=\"async\" src=\"https:\/\/sukrin.com\/no\/content\/2024\/05\/butikklogo_coop_extra-01.svg\" alt=\"Coop Extra\">\n                <\/a>\n                            <a class=\"retailer\" target=\"_blank\" href=\"https:\/\/spar.no\/Finn-butikk\/\">\n                    <img decoding=\"async\" src=\"https:\/\/sukrin.com\/no\/content\/2024\/03\/butikklogo_spar-01.svg\" alt=\"Spar\">\n                <\/a>\n                            <a class=\"retailer\" target=\"_blank\" href=\"https:\/\/kiwi.no\/Finn-butikk\/\">\n                    <img decoding=\"async\" src=\"https:\/\/sukrin.com\/no\/content\/2024\/03\/butikklogo_kiwi-01.svg\" alt=\"Kiwi\">\n                <\/a>\n                            <a class=\"retailer\" target=\"_blank\" href=\"https:\/\/www.bunnpris.no\/butikker\">\n                    <img decoding=\"async\" src=\"https:\/\/sukrin.com\/no\/content\/2024\/03\/butikklogo_bunnpris-01.svg\" alt=\"Bunnpris\">\n                <\/a>\n                            <a class=\"retailer\" target=\"_blank\" href=\"https:\/\/www.rema.no\/butikker\">\n                    <img decoding=\"async\" src=\"https:\/\/sukrin.com\/no\/content\/2024\/03\/butikklogo_rema-01.svg\" alt=\"Rema1000\">\n                <\/a>\n                            <a class=\"retailer\" target=\"_blank\" href=\"https:\/\/butikk.funksjonellmat.no\/\">\n                    <img decoding=\"async\" src=\"https:\/\/sukrin.com\/no\/content\/2024\/06\/sukrin_nettbutikk-02-2.svg\" alt=\"Sukrin nettbutikk\">\n                <\/a>\n                    <\/div>\n    <\/div>\n\n\n\n<p><\/p>\n","protected":false},"excerpt":{"rendered":"<p>Allsidig miks med mange variasjonsmuligheter<\/p>\n","protected":false},"featured_media":0,"template":"","product-category":[17],"class_list":["post-3316","product","type-product","status-publish","hentry","product-category-desserter"],"acf":[],"yoast_head":"<!-- This site is optimized with the Yoast SEO plugin v27.2 - https:\/\/yoast.com\/product\/yoast-seo-wordpress\/ -->\n<title>Allsidig dessertmiks fra Sukrin<\/title>\n<meta name=\"description\" content=\"Med Sukrin Dessert mix kan du lage en nydelig dessert uten sukker, med akkurat den smakstilsetningen du selv \u00f8nsker.\" \/>\n<meta name=\"robots\" content=\"index, follow, max-snippet:-1, max-image-preview:large, max-video-preview:-1\" \/>\n<link rel=\"canonical\" href=\"https:\/\/sukrin.com\/no\/produkter\/dessert-mix\" \/>\n<meta property=\"og:locale\" content=\"nb_NO\" \/>\n<meta property=\"og:type\" content=\"article\" \/>\n<meta property=\"og:title\" content=\"Allsidig dessertmiks fra Sukrin\" \/>\n<meta property=\"og:description\" content=\"Med Sukrin Dessert mix kan du lage en nydelig dessert uten sukker, med akkurat den smakstilsetningen du selv \u00f8nsker.\" \/>\n<meta property=\"og:url\" content=\"https:\/\/sukrin.com\/no\/produkter\/dessert-mix\" \/>\n<meta property=\"og:site_name\" content=\"Sukrin\" \/>\n<meta property=\"article:publisher\" content=\"https:\/\/nb-no.facebook.com\/funksjonellmat\/\" \/>\n<meta property=\"article:modified_time\" content=\"2026-03-11T13:54:57+00:00\" \/>\n<meta name=\"twitter:card\" content=\"summary_large_image\" \/>\n<meta name=\"twitter:label1\" content=\"Ansl. lesetid\" \/>\n\t<meta name=\"twitter:data1\" content=\"2 minutter\" \/>\n<script type=\"application\/ld+json\" class=\"yoast-schema-graph\">{\"@context\":\"https:\/\/schema.org\",\"@graph\":[{\"@type\":\"WebPage\",\"@id\":\"https:\/\/sukrin.com\/no\/produkter\/dessert-mix\",\"url\":\"https:\/\/sukrin.com\/no\/produkter\/dessert-mix\",\"name\":\"Allsidig dessertmiks fra Sukrin\",\"isPartOf\":{\"@id\":\"https:\/\/sukrin.com\/no\/#website\"},\"datePublished\":\"2025-06-20T10:32:31+00:00\",\"dateModified\":\"2026-03-11T13:54:57+00:00\",\"description\":\"Med Sukrin Dessert mix kan du lage en nydelig dessert uten sukker, med akkurat den smakstilsetningen du selv \u00f8nsker.\",\"breadcrumb\":{\"@id\":\"https:\/\/sukrin.com\/no\/produkter\/dessert-mix#breadcrumb\"},\"inLanguage\":\"nb-NO\",\"potentialAction\":[{\"@type\":\"ReadAction\",\"target\":[\"https:\/\/sukrin.com\/no\/produkter\/dessert-mix\"]}]},{\"@type\":\"BreadcrumbList\",\"@id\":\"https:\/\/sukrin.com\/no\/produkter\/dessert-mix#breadcrumb\",\"itemListElement\":[{\"@type\":\"ListItem\",\"position\":1,\"name\":\"Hjem\",\"item\":\"https:\/\/sukrin.com\/no\/\"},{\"@type\":\"ListItem\",\"position\":2,\"name\":\"Produkter\",\"item\":\"https:\/\/sukrin.com\/no\/produkter\"},{\"@type\":\"ListItem\",\"position\":3,\"name\":\"Desserter\",\"item\":\"https:\/\/sukrin.com\/no\/product-category\/desserter\"},{\"@type\":\"ListItem\",\"position\":4,\"name\":\"Dessert mix\"}]},{\"@type\":\"WebSite\",\"@id\":\"https:\/\/sukrin.com\/no\/#website\",\"url\":\"https:\/\/sukrin.com\/no\/\",\"name\":\"Sukrin\",\"description\":\"Enkelt \u00e5 gj\u00f8re noe godt\",\"publisher\":{\"@id\":\"https:\/\/sukrin.com\/no\/#organization\"},\"potentialAction\":[{\"@type\":\"SearchAction\",\"target\":{\"@type\":\"EntryPoint\",\"urlTemplate\":\"https:\/\/sukrin.com\/no\/?s={search_term_string}\"},\"query-input\":{\"@type\":\"PropertyValueSpecification\",\"valueRequired\":true,\"valueName\":\"search_term_string\"}}],\"inLanguage\":\"nb-NO\"},{\"@type\":\"Organization\",\"@id\":\"https:\/\/sukrin.com\/no\/#organization\",\"name\":\"Funksjonell mat\",\"url\":\"https:\/\/sukrin.com\/no\/\",\"logo\":{\"@type\":\"ImageObject\",\"inLanguage\":\"nb-NO\",\"@id\":\"https:\/\/sukrin.com\/no\/#\/schema\/logo\/image\/\",\"url\":\"https:\/\/sukrin.com\/no\/content\/2023\/11\/funksjonell-mat-logo.svg\",\"contentUrl\":\"https:\/\/sukrin.com\/no\/content\/2023\/11\/funksjonell-mat-logo.svg\",\"width\":1,\"height\":1,\"caption\":\"Funksjonell mat\"},\"image\":{\"@id\":\"https:\/\/sukrin.com\/no\/#\/schema\/logo\/image\/\"},\"sameAs\":[\"https:\/\/nb-no.facebook.com\/funksjonellmat\/\",\"https:\/\/www.instagram.com\/sukrin.no\/\",\"https:\/\/tatrck.com\/h\/0Hu30uVO0x7R?url=httpswww.tiktok.comsukrin_official\"]}]}<\/script>\n<!-- \/ Yoast SEO plugin. -->","yoast_head_json":{"title":"Allsidig dessertmiks fra Sukrin","description":"Med Sukrin Dessert mix kan du lage en nydelig dessert uten sukker, med akkurat den smakstilsetningen du selv \u00f8nsker.","robots":{"index":"index","follow":"follow","max-snippet":"max-snippet:-1","max-image-preview":"max-image-preview:large","max-video-preview":"max-video-preview:-1"},"canonical":"https:\/\/sukrin.com\/no\/produkter\/dessert-mix","og_locale":"nb_NO","og_type":"article","og_title":"Allsidig dessertmiks fra Sukrin","og_description":"Med Sukrin Dessert mix kan du lage en nydelig dessert uten sukker, med akkurat den smakstilsetningen du selv \u00f8nsker.","og_url":"https:\/\/sukrin.com\/no\/produkter\/dessert-mix","og_site_name":"Sukrin","article_publisher":"https:\/\/nb-no.facebook.com\/funksjonellmat\/","article_modified_time":"2026-03-11T13:54:57+00:00","twitter_card":"summary_large_image","twitter_misc":{"Ansl. lesetid":"2 minutter"},"schema":{"@context":"https:\/\/schema.org","@graph":[{"@type":"WebPage","@id":"https:\/\/sukrin.com\/no\/produkter\/dessert-mix","url":"https:\/\/sukrin.com\/no\/produkter\/dessert-mix","name":"Allsidig dessertmiks fra Sukrin","isPartOf":{"@id":"https:\/\/sukrin.com\/no\/#website"},"datePublished":"2025-06-20T10:32:31+00:00","dateModified":"2026-03-11T13:54:57+00:00","description":"Med Sukrin Dessert mix kan du lage en nydelig dessert uten sukker, med akkurat den smakstilsetningen du selv \u00f8nsker.","breadcrumb":{"@id":"https:\/\/sukrin.com\/no\/produkter\/dessert-mix#breadcrumb"},"inLanguage":"nb-NO","potentialAction":[{"@type":"ReadAction","target":["https:\/\/sukrin.com\/no\/produkter\/dessert-mix"]}]},{"@type":"BreadcrumbList","@id":"https:\/\/sukrin.com\/no\/produkter\/dessert-mix#breadcrumb","itemListElement":[{"@type":"ListItem","position":1,"name":"Hjem","item":"https:\/\/sukrin.com\/no\/"},{"@type":"ListItem","position":2,"name":"Produkter","item":"https:\/\/sukrin.com\/no\/produkter"},{"@type":"ListItem","position":3,"name":"Desserter","item":"https:\/\/sukrin.com\/no\/product-category\/desserter"},{"@type":"ListItem","position":4,"name":"Dessert mix"}]},{"@type":"WebSite","@id":"https:\/\/sukrin.com\/no\/#website","url":"https:\/\/sukrin.com\/no\/","name":"Sukrin","description":"Enkelt \u00e5 gj\u00f8re noe godt","publisher":{"@id":"https:\/\/sukrin.com\/no\/#organization"},"potentialAction":[{"@type":"SearchAction","target":{"@type":"EntryPoint","urlTemplate":"https:\/\/sukrin.com\/no\/?s={search_term_string}"},"query-input":{"@type":"PropertyValueSpecification","valueRequired":true,"valueName":"search_term_string"}}],"inLanguage":"nb-NO"},{"@type":"Organization","@id":"https:\/\/sukrin.com\/no\/#organization","name":"Funksjonell mat","url":"https:\/\/sukrin.com\/no\/","logo":{"@type":"ImageObject","inLanguage":"nb-NO","@id":"https:\/\/sukrin.com\/no\/#\/schema\/logo\/image\/","url":"https:\/\/sukrin.com\/no\/content\/2023\/11\/funksjonell-mat-logo.svg","contentUrl":"https:\/\/sukrin.com\/no\/content\/2023\/11\/funksjonell-mat-logo.svg","width":1,"height":1,"caption":"Funksjonell mat"},"image":{"@id":"https:\/\/sukrin.com\/no\/#\/schema\/logo\/image\/"},"sameAs":["https:\/\/nb-no.facebook.com\/funksjonellmat\/","https:\/\/www.instagram.com\/sukrin.no\/","https:\/\/tatrck.com\/h\/0Hu30uVO0x7R?url=httpswww.tiktok.comsukrin_official"]}]}},"_links":{"self":[{"href":"https:\/\/sukrin.com\/no\/wp-json\/wp\/v2\/product\/3316","targetHints":{"allow":["GET"]}}],"collection":[{"href":"https:\/\/sukrin.com\/no\/wp-json\/wp\/v2\/product"}],"about":[{"href":"https:\/\/sukrin.com\/no\/wp-json\/wp\/v2\/types\/product"}],"wp:attachment":[{"href":"https:\/\/sukrin.com\/no\/wp-json\/wp\/v2\/media?parent=3316"}],"wp:term":[{"taxonomy":"product-category","embeddable":true,"href":"https:\/\/sukrin.com\/no\/wp-json\/wp\/v2\/product-category?post=3316"}],"curies":[{"name":"wp","href":"https:\/\/api.w.org\/{rel}","templated":true}]}}