{"id":3279,"date":"2025-03-11T08:54:03","date_gmt":"2025-03-11T07:54:03","guid":{"rendered":"https:\/\/sukrin.com\/no\/?post_type=product&#038;p=3279"},"modified":"2025-07-21T10:07:12","modified_gmt":"2025-07-21T08:07:12","slug":"marzipan-bar","status":"publish","type":"product","link":"https:\/\/sukrin.com\/no\/produkter\/marzipan-bar","title":{"rendered":"Marzipan bar"},"content":{"rendered":"\n<figure class=\"wp-block-image alignwide size-full\"><img loading=\"lazy\" decoding=\"async\" width=\"1726\" height=\"971\" src=\"https:\/\/sukrin.com\/no\/content\/2025\/03\/marzipan-bar-confectionary.webp\" alt=\"Biter av Sukrin Marzipan bar.\" class=\"wp-image-3464\" srcset=\"https:\/\/sukrin.com\/no\/content\/2025\/03\/marzipan-bar-confectionary.webp 1726w, https:\/\/sukrin.com\/no\/content\/2025\/03\/marzipan-bar-confectionary-300x169.webp 300w, https:\/\/sukrin.com\/no\/content\/2025\/03\/marzipan-bar-confectionary-590x332.webp 590w, https:\/\/sukrin.com\/no\/content\/2025\/03\/marzipan-bar-confectionary-768x432.webp 768w, https:\/\/sukrin.com\/no\/content\/2025\/03\/marzipan-bar-confectionary-1536x864.webp 1536w, https:\/\/sukrin.com\/no\/content\/2025\/03\/marzipan-bar-confectionary-500x281.webp 500w, https:\/\/sukrin.com\/no\/content\/2025\/03\/marzipan-bar-confectionary-60x34.webp 60w\" sizes=\"auto, (max-width: 1726px) 100vw, 1726px\" \/><\/figure>\n\n\n<div id=\"block_faf18564b6147a810bbeb67b24a1620a\" class=\"block-featured-retailers\">\n            <h2>Forhandlere<\/h2>\n                <div class=\"retailers\">\n                            <a class=\"retailer\" target=\"_blank\" href=\"https:\/\/www.life.no\/butikker\">\n                    <img decoding=\"async\" src=\"https:\/\/sukrin.com\/no\/content\/2024\/03\/butikklogo_life-01.svg\" alt=\"Life\">\n                <\/a>\n                            <a class=\"retailer\" target=\"_blank\" href=\"https:\/\/sunkost.no\/butikker\">\n                    <img decoding=\"async\" src=\"https:\/\/sukrin.com\/no\/content\/2024\/03\/butikklogo_sunkost-01.svg\" alt=\"Sunkost\">\n                <\/a>\n                            <a class=\"retailer\" target=\"_blank\" href=\"https:\/\/butikk.funksjonellmat.no\/\">\n                    <img decoding=\"async\" src=\"https:\/\/sukrin.com\/no\/content\/2024\/06\/sukrin_nettbutikk-02-2.svg\" alt=\"Sukrin nettbutikk\">\n                <\/a>\n                    <\/div>\n    <\/div>\n","protected":false},"excerpt":{"rendered":"<p>SukrinMarzipan overtrukket med Sukrin Dark chocolate<\/p>\n","protected":false},"featured_media":3297,"template":"","product-category":[14],"class_list":["post-3279","product","type-product","status-publish","has-post-thumbnail","hentry","product-category-snacks"],"acf":[],"yoast_head":"<!-- This site is optimized with the Yoast SEO plugin v27.2 - https:\/\/yoast.com\/product\/yoast-seo-wordpress\/ -->\n<title>Marsipanbr\u00f8d fra Sukrin<\/title>\n<meta name=\"description\" content=\"Marsipanbr\u00f8d, laget av den popul\u00e6re SukrinMarsipanen, overtrukket med m\u00f8rk SukrinSjokolade. Fortreffelig smak, og supert n\u00e6ringsinnhold.\" \/>\n<meta name=\"robots\" content=\"index, follow, max-snippet:-1, max-image-preview:large, max-video-preview:-1\" \/>\n<link rel=\"canonical\" href=\"https:\/\/sukrin.com\/no\/produkter\/marzipan-bar\" \/>\n<meta property=\"og:locale\" content=\"nb_NO\" \/>\n<meta property=\"og:type\" content=\"article\" \/>\n<meta property=\"og:title\" content=\"Marsipanbr\u00f8d fra Sukrin\" \/>\n<meta property=\"og:description\" content=\"Marsipanbr\u00f8d, laget av den popul\u00e6re SukrinMarsipanen, overtrukket med m\u00f8rk SukrinSjokolade. Fortreffelig smak, og supert n\u00e6ringsinnhold.\" \/>\n<meta property=\"og:url\" content=\"https:\/\/sukrin.com\/no\/produkter\/marzipan-bar\" \/>\n<meta property=\"og:site_name\" content=\"Sukrin\" \/>\n<meta property=\"article:publisher\" content=\"https:\/\/nb-no.facebook.com\/funksjonellmat\/\" \/>\n<meta property=\"article:modified_time\" content=\"2025-07-21T08:07:12+00:00\" \/>\n<meta property=\"og:image\" content=\"https:\/\/sukrin.com\/no\/content\/2025\/03\/banner-marsipan-bar-scaled.webp\" \/>\n\t<meta property=\"og:image:width\" content=\"2560\" \/>\n\t<meta property=\"og:image:height\" content=\"1440\" \/>\n\t<meta property=\"og:image:type\" content=\"image\/webp\" \/>\n<meta name=\"twitter:card\" content=\"summary_large_image\" \/>\n<meta name=\"twitter:label1\" content=\"Ansl. lesetid\" \/>\n\t<meta name=\"twitter:data1\" content=\"2 minutter\" \/>\n<script type=\"application\/ld+json\" class=\"yoast-schema-graph\">{\"@context\":\"https:\/\/schema.org\",\"@graph\":[{\"@type\":\"WebPage\",\"@id\":\"https:\/\/sukrin.com\/no\/produkter\/marzipan-bar\",\"url\":\"https:\/\/sukrin.com\/no\/produkter\/marzipan-bar\",\"name\":\"Marsipanbr\u00f8d fra Sukrin\",\"isPartOf\":{\"@id\":\"https:\/\/sukrin.com\/no\/#website\"},\"primaryImageOfPage\":{\"@id\":\"https:\/\/sukrin.com\/no\/produkter\/marzipan-bar#primaryimage\"},\"image\":{\"@id\":\"https:\/\/sukrin.com\/no\/produkter\/marzipan-bar#primaryimage\"},\"thumbnailUrl\":\"https:\/\/sukrin.com\/no\/content\/2025\/03\/banner-marsipan-bar-scaled.webp\",\"datePublished\":\"2025-03-11T07:54:03+00:00\",\"dateModified\":\"2025-07-21T08:07:12+00:00\",\"description\":\"Marsipanbr\u00f8d, laget av den popul\u00e6re SukrinMarsipanen, overtrukket med m\u00f8rk SukrinSjokolade. Fortreffelig smak, og supert n\u00e6ringsinnhold.\",\"breadcrumb\":{\"@id\":\"https:\/\/sukrin.com\/no\/produkter\/marzipan-bar#breadcrumb\"},\"inLanguage\":\"nb-NO\",\"potentialAction\":[{\"@type\":\"ReadAction\",\"target\":[\"https:\/\/sukrin.com\/no\/produkter\/marzipan-bar\"]}]},{\"@type\":\"ImageObject\",\"inLanguage\":\"nb-NO\",\"@id\":\"https:\/\/sukrin.com\/no\/produkter\/marzipan-bar#primaryimage\",\"url\":\"https:\/\/sukrin.com\/no\/content\/2025\/03\/banner-marsipan-bar-scaled.webp\",\"contentUrl\":\"https:\/\/sukrin.com\/no\/content\/2025\/03\/banner-marsipan-bar-scaled.webp\",\"width\":2560,\"height\":1440,\"caption\":\"Sukrin Marzipan Bar - Perfekt snack til kaffen\"},{\"@type\":\"BreadcrumbList\",\"@id\":\"https:\/\/sukrin.com\/no\/produkter\/marzipan-bar#breadcrumb\",\"itemListElement\":[{\"@type\":\"ListItem\",\"position\":1,\"name\":\"Hjem\",\"item\":\"https:\/\/sukrin.com\/no\/\"},{\"@type\":\"ListItem\",\"position\":2,\"name\":\"Produkter\",\"item\":\"https:\/\/sukrin.com\/no\/produkter\"},{\"@type\":\"ListItem\",\"position\":3,\"name\":\"Snacks\",\"item\":\"https:\/\/sukrin.com\/no\/product-category\/snacks\"},{\"@type\":\"ListItem\",\"position\":4,\"name\":\"Marzipan bar\"}]},{\"@type\":\"WebSite\",\"@id\":\"https:\/\/sukrin.com\/no\/#website\",\"url\":\"https:\/\/sukrin.com\/no\/\",\"name\":\"Sukrin\",\"description\":\"Enkelt \u00e5 gj\u00f8re noe godt\",\"publisher\":{\"@id\":\"https:\/\/sukrin.com\/no\/#organization\"},\"potentialAction\":[{\"@type\":\"SearchAction\",\"target\":{\"@type\":\"EntryPoint\",\"urlTemplate\":\"https:\/\/sukrin.com\/no\/?s={search_term_string}\"},\"query-input\":{\"@type\":\"PropertyValueSpecification\",\"valueRequired\":true,\"valueName\":\"search_term_string\"}}],\"inLanguage\":\"nb-NO\"},{\"@type\":\"Organization\",\"@id\":\"https:\/\/sukrin.com\/no\/#organization\",\"name\":\"Funksjonell mat\",\"url\":\"https:\/\/sukrin.com\/no\/\",\"logo\":{\"@type\":\"ImageObject\",\"inLanguage\":\"nb-NO\",\"@id\":\"https:\/\/sukrin.com\/no\/#\/schema\/logo\/image\/\",\"url\":\"https:\/\/sukrin.com\/no\/content\/2023\/11\/funksjonell-mat-logo.svg\",\"contentUrl\":\"https:\/\/sukrin.com\/no\/content\/2023\/11\/funksjonell-mat-logo.svg\",\"width\":1,\"height\":1,\"caption\":\"Funksjonell mat\"},\"image\":{\"@id\":\"https:\/\/sukrin.com\/no\/#\/schema\/logo\/image\/\"},\"sameAs\":[\"https:\/\/nb-no.facebook.com\/funksjonellmat\/\",\"https:\/\/www.instagram.com\/sukrin.no\/\",\"https:\/\/tatrck.com\/h\/0Hu30uVO0x7R?url=httpswww.tiktok.comsukrin_official\"]}]}<\/script>\n<!-- \/ Yoast SEO plugin. -->","yoast_head_json":{"title":"Marsipanbr\u00f8d fra Sukrin","description":"Marsipanbr\u00f8d, laget av den popul\u00e6re SukrinMarsipanen, overtrukket med m\u00f8rk SukrinSjokolade. Fortreffelig smak, og supert n\u00e6ringsinnhold.","robots":{"index":"index","follow":"follow","max-snippet":"max-snippet:-1","max-image-preview":"max-image-preview:large","max-video-preview":"max-video-preview:-1"},"canonical":"https:\/\/sukrin.com\/no\/produkter\/marzipan-bar","og_locale":"nb_NO","og_type":"article","og_title":"Marsipanbr\u00f8d fra Sukrin","og_description":"Marsipanbr\u00f8d, laget av den popul\u00e6re SukrinMarsipanen, overtrukket med m\u00f8rk SukrinSjokolade. Fortreffelig smak, og supert n\u00e6ringsinnhold.","og_url":"https:\/\/sukrin.com\/no\/produkter\/marzipan-bar","og_site_name":"Sukrin","article_publisher":"https:\/\/nb-no.facebook.com\/funksjonellmat\/","article_modified_time":"2025-07-21T08:07:12+00:00","og_image":[{"width":2560,"height":1440,"url":"https:\/\/sukrin.com\/no\/content\/2025\/03\/banner-marsipan-bar-scaled.webp","type":"image\/webp"}],"twitter_card":"summary_large_image","twitter_misc":{"Ansl. lesetid":"2 minutter"},"schema":{"@context":"https:\/\/schema.org","@graph":[{"@type":"WebPage","@id":"https:\/\/sukrin.com\/no\/produkter\/marzipan-bar","url":"https:\/\/sukrin.com\/no\/produkter\/marzipan-bar","name":"Marsipanbr\u00f8d fra Sukrin","isPartOf":{"@id":"https:\/\/sukrin.com\/no\/#website"},"primaryImageOfPage":{"@id":"https:\/\/sukrin.com\/no\/produkter\/marzipan-bar#primaryimage"},"image":{"@id":"https:\/\/sukrin.com\/no\/produkter\/marzipan-bar#primaryimage"},"thumbnailUrl":"https:\/\/sukrin.com\/no\/content\/2025\/03\/banner-marsipan-bar-scaled.webp","datePublished":"2025-03-11T07:54:03+00:00","dateModified":"2025-07-21T08:07:12+00:00","description":"Marsipanbr\u00f8d, laget av den popul\u00e6re SukrinMarsipanen, overtrukket med m\u00f8rk SukrinSjokolade. Fortreffelig smak, og supert n\u00e6ringsinnhold.","breadcrumb":{"@id":"https:\/\/sukrin.com\/no\/produkter\/marzipan-bar#breadcrumb"},"inLanguage":"nb-NO","potentialAction":[{"@type":"ReadAction","target":["https:\/\/sukrin.com\/no\/produkter\/marzipan-bar"]}]},{"@type":"ImageObject","inLanguage":"nb-NO","@id":"https:\/\/sukrin.com\/no\/produkter\/marzipan-bar#primaryimage","url":"https:\/\/sukrin.com\/no\/content\/2025\/03\/banner-marsipan-bar-scaled.webp","contentUrl":"https:\/\/sukrin.com\/no\/content\/2025\/03\/banner-marsipan-bar-scaled.webp","width":2560,"height":1440,"caption":"Sukrin Marzipan Bar - Perfekt snack til kaffen"},{"@type":"BreadcrumbList","@id":"https:\/\/sukrin.com\/no\/produkter\/marzipan-bar#breadcrumb","itemListElement":[{"@type":"ListItem","position":1,"name":"Hjem","item":"https:\/\/sukrin.com\/no\/"},{"@type":"ListItem","position":2,"name":"Produkter","item":"https:\/\/sukrin.com\/no\/produkter"},{"@type":"ListItem","position":3,"name":"Snacks","item":"https:\/\/sukrin.com\/no\/product-category\/snacks"},{"@type":"ListItem","position":4,"name":"Marzipan bar"}]},{"@type":"WebSite","@id":"https:\/\/sukrin.com\/no\/#website","url":"https:\/\/sukrin.com\/no\/","name":"Sukrin","description":"Enkelt \u00e5 gj\u00f8re noe godt","publisher":{"@id":"https:\/\/sukrin.com\/no\/#organization"},"potentialAction":[{"@type":"SearchAction","target":{"@type":"EntryPoint","urlTemplate":"https:\/\/sukrin.com\/no\/?s={search_term_string}"},"query-input":{"@type":"PropertyValueSpecification","valueRequired":true,"valueName":"search_term_string"}}],"inLanguage":"nb-NO"},{"@type":"Organization","@id":"https:\/\/sukrin.com\/no\/#organization","name":"Funksjonell mat","url":"https:\/\/sukrin.com\/no\/","logo":{"@type":"ImageObject","inLanguage":"nb-NO","@id":"https:\/\/sukrin.com\/no\/#\/schema\/logo\/image\/","url":"https:\/\/sukrin.com\/no\/content\/2023\/11\/funksjonell-mat-logo.svg","contentUrl":"https:\/\/sukrin.com\/no\/content\/2023\/11\/funksjonell-mat-logo.svg","width":1,"height":1,"caption":"Funksjonell mat"},"image":{"@id":"https:\/\/sukrin.com\/no\/#\/schema\/logo\/image\/"},"sameAs":["https:\/\/nb-no.facebook.com\/funksjonellmat\/","https:\/\/www.instagram.com\/sukrin.no\/","https:\/\/tatrck.com\/h\/0Hu30uVO0x7R?url=httpswww.tiktok.comsukrin_official"]}]}},"_links":{"self":[{"href":"https:\/\/sukrin.com\/no\/wp-json\/wp\/v2\/product\/3279","targetHints":{"allow":["GET"]}}],"collection":[{"href":"https:\/\/sukrin.com\/no\/wp-json\/wp\/v2\/product"}],"about":[{"href":"https:\/\/sukrin.com\/no\/wp-json\/wp\/v2\/types\/product"}],"wp:featuredmedia":[{"embeddable":true,"href":"https:\/\/sukrin.com\/no\/wp-json\/wp\/v2\/media\/3297"}],"wp:attachment":[{"href":"https:\/\/sukrin.com\/no\/wp-json\/wp\/v2\/media?parent=3279"}],"wp:term":[{"taxonomy":"product-category","embeddable":true,"href":"https:\/\/sukrin.com\/no\/wp-json\/wp\/v2\/product-category?post=3279"}],"curies":[{"name":"wp","href":"https:\/\/api.w.org\/{rel}","templated":true}]}}