{"id":214,"date":"2024-02-09T10:42:29","date_gmt":"2024-02-09T09:42:29","guid":{"rendered":"https:\/\/sukrin.com\/no\/?post_type=product&#038;p=214"},"modified":"2026-02-27T10:58:45","modified_gmt":"2026-02-27T09:58:45","slug":"steviadraper","status":"publish","type":"product","link":"https:\/\/sukrin.com\/no\/produkter\/steviadraper","title":{"rendered":"Steviadr\u00e5per"},"content":{"rendered":"<div id=\"block_6fd34a466c27fa750995c89843797740\" class=\"block-recipes alignfull\">\n    <div class=\"wrapper\">\n        <div class=\"header\">\n            <h2>Oppskrifter med steviadr\u00e5per<\/h2>\n            <a href=\"https:\/\/sukrin.com\/no\/oppskrifter\">Se alle oppskrifter<\/a>\n        <\/div>\n        <div class=\"recipes\">\n                            <div class=\"recipe\">\n                    <a href=\"https:\/\/sukrin.com\/no\/oppskrifter\/bringebaerlemonade\">\n                        <div class=\"recipe__image\">\n                            <img loading=\"lazy\" decoding=\"async\" width=\"1280\" height=\"1280\" src=\"https:\/\/sukrin.com\/no\/content\/2024\/04\/rp_bringebaerlemonade.jpg\" class=\"attachment-full size-full wp-post-image\" alt=\"Bringeb\u00e6rlemonade\" srcset=\"https:\/\/sukrin.com\/no\/content\/2024\/04\/rp_bringebaerlemonade.jpg 1280w, https:\/\/sukrin.com\/no\/content\/2024\/04\/rp_bringebaerlemonade-150x150.jpg 150w, https:\/\/sukrin.com\/no\/content\/2024\/04\/rp_bringebaerlemonade-300x300.jpg 300w, https:\/\/sukrin.com\/no\/content\/2024\/04\/rp_bringebaerlemonade-768x768.jpg 768w, https:\/\/sukrin.com\/no\/content\/2024\/04\/rp_bringebaerlemonade-590x590.jpg 590w, https:\/\/sukrin.com\/no\/content\/2024\/04\/rp_bringebaerlemonade-500x500.jpg 500w, https:\/\/sukrin.com\/no\/content\/2024\/04\/rp_bringebaerlemonade-60x60.jpg 60w\" sizes=\"auto, (max-width: 1280px) 100vw, 1280px\" \/>                        <\/div>\n                        <div class=\"recipe__title\">\n                            <h3>Bringeb\u00e6rlemonade<\/h3>\n                        <\/div>\n                    <\/a>\n                <\/div>\n                            <div class=\"recipe\">\n                    <a href=\"https:\/\/sukrin.com\/no\/oppskrifter\/aprikos-cupcakes\">\n                        <div class=\"recipe__image\">\n                            <img loading=\"lazy\" decoding=\"async\" width=\"1280\" height=\"1280\" src=\"https:\/\/sukrin.com\/no\/content\/2024\/04\/rp_aprikoscupcakes-1.jpg\" class=\"attachment-full size-full wp-post-image\" alt=\"Aprikos-cupcakes\" srcset=\"https:\/\/sukrin.com\/no\/content\/2024\/04\/rp_aprikoscupcakes-1.jpg 1280w, https:\/\/sukrin.com\/no\/content\/2024\/04\/rp_aprikoscupcakes-1-150x150.jpg 150w, https:\/\/sukrin.com\/no\/content\/2024\/04\/rp_aprikoscupcakes-1-300x300.jpg 300w, https:\/\/sukrin.com\/no\/content\/2024\/04\/rp_aprikoscupcakes-1-768x768.jpg 768w, https:\/\/sukrin.com\/no\/content\/2024\/04\/rp_aprikoscupcakes-1-590x590.jpg 590w, https:\/\/sukrin.com\/no\/content\/2024\/04\/rp_aprikoscupcakes-1-500x500.jpg 500w, https:\/\/sukrin.com\/no\/content\/2024\/04\/rp_aprikoscupcakes-1-60x60.jpg 60w\" sizes=\"auto, (max-width: 1280px) 100vw, 1280px\" \/>                        <\/div>\n                        <div class=\"recipe__title\">\n                            <h3>Aprikos-cupcakes<\/h3>\n                        <\/div>\n                    <\/a>\n                <\/div>\n                            <div class=\"recipe\">\n                    <a href=\"https:\/\/sukrin.com\/no\/oppskrifter\/proteinrike-sjokoladebarer-med-kokosmel\">\n                        <div class=\"recipe__image\">\n                            <img loading=\"lazy\" decoding=\"async\" width=\"1280\" height=\"1280\" src=\"https:\/\/sukrin.com\/no\/content\/2024\/04\/rp_sjokoladebar_lowres.jpg\" class=\"attachment-full size-full wp-post-image\" alt=\"Proteinrike sjokoladebarer med kokosmel\" srcset=\"https:\/\/sukrin.com\/no\/content\/2024\/04\/rp_sjokoladebar_lowres.jpg 1280w, https:\/\/sukrin.com\/no\/content\/2024\/04\/rp_sjokoladebar_lowres-150x150.jpg 150w, https:\/\/sukrin.com\/no\/content\/2024\/04\/rp_sjokoladebar_lowres-300x300.jpg 300w, https:\/\/sukrin.com\/no\/content\/2024\/04\/rp_sjokoladebar_lowres-768x768.jpg 768w, https:\/\/sukrin.com\/no\/content\/2024\/04\/rp_sjokoladebar_lowres-590x590.jpg 590w, https:\/\/sukrin.com\/no\/content\/2024\/04\/rp_sjokoladebar_lowres-500x500.jpg 500w, https:\/\/sukrin.com\/no\/content\/2024\/04\/rp_sjokoladebar_lowres-60x60.jpg 60w, https:\/\/sukrin.com\/no\/content\/2024\/04\/rp_sjokoladebar_lowres-220x220.jpg 220w\" sizes=\"auto, (max-width: 1280px) 100vw, 1280px\" \/>                        <\/div>\n                        <div class=\"recipe__title\">\n                            <h3>Proteinrike sjokoladebarer med kokosmel<\/h3>\n                        <\/div>\n                    <\/a>\n                <\/div>\n                    <\/div>\n    <\/div>\n<\/div>\n\n\n<div id=\"block_bf6d471a225076ca45aaf904de7e74b8\" class=\"block-featured-retailers\">\n            <h2>Forhandlere<\/h2>\n                <div class=\"retailers\">\n                            <a class=\"retailer\" target=\"_blank\" href=\"https:\/\/www.life.no\/butikker\">\n                    <img decoding=\"async\" src=\"https:\/\/sukrin.com\/no\/content\/2024\/03\/butikklogo_life-01.svg\" alt=\"Life\">\n                <\/a>\n                            <a class=\"retailer\" target=\"_blank\" href=\"https:\/\/sunkost.no\/butikker\">\n                    <img decoding=\"async\" src=\"https:\/\/sukrin.com\/no\/content\/2024\/03\/butikklogo_sunkost-01.svg\" alt=\"Sunkost\">\n                <\/a>\n                            <a class=\"retailer\" target=\"_blank\" href=\"https:\/\/www.kinsarvik.no\/pages\/finn-butikk\">\n                    <img decoding=\"async\" src=\"https:\/\/sukrin.com\/no\/content\/2024\/03\/butikklogo_kinsarvik-01.svg\" alt=\"Kinsarvik Naturkost\">\n                <\/a>\n                            <a class=\"retailer\" target=\"_blank\" href=\"https:\/\/butikk.funksjonellmat.no\/\">\n                    <img decoding=\"async\" src=\"https:\/\/sukrin.com\/no\/content\/2024\/06\/sukrin_nettbutikk-02-2.svg\" alt=\"Sukrin nettbutikk\">\n                <\/a>\n                    <\/div>\n    <\/div>\n","protected":false},"excerpt":{"rendered":"<p>Tilf\u00f8rer s\u00f8dme og smak uten kalorier<\/p>\n","protected":false},"featured_media":1913,"template":"","product-category":[6],"class_list":["post-214","product","type-product","status-publish","has-post-thumbnail","hentry","product-category-sotning"],"acf":[],"yoast_head":"<!-- This site is optimized with the Yoast SEO plugin v27.2 - https:\/\/yoast.com\/product\/yoast-seo-wordpress\/ -->\n<title>Sukrin Steviadr\u00e5per - flytende naturlig og kalorifri s\u00f8tning<\/title>\n<meta name=\"description\" content=\"Stevia drops er s\u00f8te kalorifrie dr\u00e5per. Tilsett b\u00e5de s\u00f8dme og smak til mat og drikke uten \u00e5 tilf\u00f8re noen ekstra kalorier.\" \/>\n<meta name=\"robots\" content=\"index, follow, max-snippet:-1, max-image-preview:large, max-video-preview:-1\" \/>\n<link rel=\"canonical\" href=\"https:\/\/sukrin.com\/no\/produkter\/steviadraper\" \/>\n<meta property=\"og:locale\" content=\"nb_NO\" \/>\n<meta property=\"og:type\" content=\"article\" \/>\n<meta property=\"og:title\" content=\"Sukrin Steviadr\u00e5per - flytende naturlig og kalorifri s\u00f8tning\" \/>\n<meta property=\"og:description\" content=\"Stevia drops er s\u00f8te kalorifrie dr\u00e5per. Tilsett b\u00e5de s\u00f8dme og smak til mat og drikke uten \u00e5 tilf\u00f8re noen ekstra kalorier.\" \/>\n<meta property=\"og:url\" content=\"https:\/\/sukrin.com\/no\/produkter\/steviadraper\" \/>\n<meta property=\"og:site_name\" content=\"Sukrin\" \/>\n<meta property=\"article:publisher\" content=\"https:\/\/nb-no.facebook.com\/funksjonellmat\/\" \/>\n<meta property=\"article:modified_time\" content=\"2026-02-27T09:58:45+00:00\" \/>\n<meta property=\"og:image\" content=\"https:\/\/sukrin.com\/no\/content\/2024\/04\/produkt-steviadrops-v1-scaled.webp\" \/>\n\t<meta property=\"og:image:width\" content=\"2560\" \/>\n\t<meta property=\"og:image:height\" content=\"1707\" \/>\n\t<meta property=\"og:image:type\" content=\"image\/webp\" \/>\n<meta name=\"twitter:card\" content=\"summary_large_image\" \/>\n<meta name=\"twitter:label1\" content=\"Ansl. lesetid\" \/>\n\t<meta name=\"twitter:data1\" content=\"1 minutt\" \/>\n<script type=\"application\/ld+json\" class=\"yoast-schema-graph\">{\"@context\":\"https:\/\/schema.org\",\"@graph\":[{\"@type\":\"WebPage\",\"@id\":\"https:\/\/sukrin.com\/no\/produkter\/steviadraper\",\"url\":\"https:\/\/sukrin.com\/no\/produkter\/steviadraper\",\"name\":\"Sukrin Steviadr\u00e5per - flytende naturlig og kalorifri s\u00f8tning\",\"isPartOf\":{\"@id\":\"https:\/\/sukrin.com\/no\/#website\"},\"primaryImageOfPage\":{\"@id\":\"https:\/\/sukrin.com\/no\/produkter\/steviadraper#primaryimage\"},\"image\":{\"@id\":\"https:\/\/sukrin.com\/no\/produkter\/steviadraper#primaryimage\"},\"thumbnailUrl\":\"https:\/\/sukrin.com\/no\/content\/2024\/04\/produkt-steviadrops-v1-scaled.webp\",\"datePublished\":\"2024-02-09T09:42:29+00:00\",\"dateModified\":\"2026-02-27T09:58:45+00:00\",\"description\":\"Stevia drops er s\u00f8te kalorifrie dr\u00e5per. Tilsett b\u00e5de s\u00f8dme og smak til mat og drikke uten \u00e5 tilf\u00f8re noen ekstra kalorier.\",\"breadcrumb\":{\"@id\":\"https:\/\/sukrin.com\/no\/produkter\/steviadraper#breadcrumb\"},\"inLanguage\":\"nb-NO\",\"potentialAction\":[{\"@type\":\"ReadAction\",\"target\":[\"https:\/\/sukrin.com\/no\/produkter\/steviadraper\"]}]},{\"@type\":\"ImageObject\",\"inLanguage\":\"nb-NO\",\"@id\":\"https:\/\/sukrin.com\/no\/produkter\/steviadraper#primaryimage\",\"url\":\"https:\/\/sukrin.com\/no\/content\/2024\/04\/produkt-steviadrops-v1-scaled.webp\",\"contentUrl\":\"https:\/\/sukrin.com\/no\/content\/2024\/04\/produkt-steviadrops-v1-scaled.webp\",\"width\":2560,\"height\":1707,\"caption\":\"Steviadr\u00e5per i drikke\"},{\"@type\":\"BreadcrumbList\",\"@id\":\"https:\/\/sukrin.com\/no\/produkter\/steviadraper#breadcrumb\",\"itemListElement\":[{\"@type\":\"ListItem\",\"position\":1,\"name\":\"Hjem\",\"item\":\"https:\/\/sukrin.com\/no\/\"},{\"@type\":\"ListItem\",\"position\":2,\"name\":\"Produkter\",\"item\":\"https:\/\/sukrin.com\/no\/produkter\"},{\"@type\":\"ListItem\",\"position\":3,\"name\":\"S\u00f8tning\",\"item\":\"https:\/\/sukrin.com\/no\/product-category\/sotning\"},{\"@type\":\"ListItem\",\"position\":4,\"name\":\"Steviadr\u00e5per\"}]},{\"@type\":\"WebSite\",\"@id\":\"https:\/\/sukrin.com\/no\/#website\",\"url\":\"https:\/\/sukrin.com\/no\/\",\"name\":\"Sukrin\",\"description\":\"Enkelt \u00e5 gj\u00f8re noe godt\",\"publisher\":{\"@id\":\"https:\/\/sukrin.com\/no\/#organization\"},\"potentialAction\":[{\"@type\":\"SearchAction\",\"target\":{\"@type\":\"EntryPoint\",\"urlTemplate\":\"https:\/\/sukrin.com\/no\/?s={search_term_string}\"},\"query-input\":{\"@type\":\"PropertyValueSpecification\",\"valueRequired\":true,\"valueName\":\"search_term_string\"}}],\"inLanguage\":\"nb-NO\"},{\"@type\":\"Organization\",\"@id\":\"https:\/\/sukrin.com\/no\/#organization\",\"name\":\"Funksjonell mat\",\"url\":\"https:\/\/sukrin.com\/no\/\",\"logo\":{\"@type\":\"ImageObject\",\"inLanguage\":\"nb-NO\",\"@id\":\"https:\/\/sukrin.com\/no\/#\/schema\/logo\/image\/\",\"url\":\"https:\/\/sukrin.com\/no\/content\/2023\/11\/funksjonell-mat-logo.svg\",\"contentUrl\":\"https:\/\/sukrin.com\/no\/content\/2023\/11\/funksjonell-mat-logo.svg\",\"width\":1,\"height\":1,\"caption\":\"Funksjonell mat\"},\"image\":{\"@id\":\"https:\/\/sukrin.com\/no\/#\/schema\/logo\/image\/\"},\"sameAs\":[\"https:\/\/nb-no.facebook.com\/funksjonellmat\/\",\"https:\/\/www.instagram.com\/sukrin.no\/\",\"https:\/\/tatrck.com\/h\/0Hu30uVO0x7R?url=httpswww.tiktok.comsukrin_official\"]}]}<\/script>\n<!-- \/ Yoast SEO plugin. -->","yoast_head_json":{"title":"Sukrin Steviadr\u00e5per - flytende naturlig og kalorifri s\u00f8tning","description":"Stevia drops er s\u00f8te kalorifrie dr\u00e5per. Tilsett b\u00e5de s\u00f8dme og smak til mat og drikke uten \u00e5 tilf\u00f8re noen ekstra kalorier.","robots":{"index":"index","follow":"follow","max-snippet":"max-snippet:-1","max-image-preview":"max-image-preview:large","max-video-preview":"max-video-preview:-1"},"canonical":"https:\/\/sukrin.com\/no\/produkter\/steviadraper","og_locale":"nb_NO","og_type":"article","og_title":"Sukrin Steviadr\u00e5per - flytende naturlig og kalorifri s\u00f8tning","og_description":"Stevia drops er s\u00f8te kalorifrie dr\u00e5per. Tilsett b\u00e5de s\u00f8dme og smak til mat og drikke uten \u00e5 tilf\u00f8re noen ekstra kalorier.","og_url":"https:\/\/sukrin.com\/no\/produkter\/steviadraper","og_site_name":"Sukrin","article_publisher":"https:\/\/nb-no.facebook.com\/funksjonellmat\/","article_modified_time":"2026-02-27T09:58:45+00:00","og_image":[{"width":2560,"height":1707,"url":"https:\/\/sukrin.com\/no\/content\/2024\/04\/produkt-steviadrops-v1-scaled.webp","type":"image\/webp"}],"twitter_card":"summary_large_image","twitter_misc":{"Ansl. lesetid":"1 minutt"},"schema":{"@context":"https:\/\/schema.org","@graph":[{"@type":"WebPage","@id":"https:\/\/sukrin.com\/no\/produkter\/steviadraper","url":"https:\/\/sukrin.com\/no\/produkter\/steviadraper","name":"Sukrin Steviadr\u00e5per - flytende naturlig og kalorifri s\u00f8tning","isPartOf":{"@id":"https:\/\/sukrin.com\/no\/#website"},"primaryImageOfPage":{"@id":"https:\/\/sukrin.com\/no\/produkter\/steviadraper#primaryimage"},"image":{"@id":"https:\/\/sukrin.com\/no\/produkter\/steviadraper#primaryimage"},"thumbnailUrl":"https:\/\/sukrin.com\/no\/content\/2024\/04\/produkt-steviadrops-v1-scaled.webp","datePublished":"2024-02-09T09:42:29+00:00","dateModified":"2026-02-27T09:58:45+00:00","description":"Stevia drops er s\u00f8te kalorifrie dr\u00e5per. Tilsett b\u00e5de s\u00f8dme og smak til mat og drikke uten \u00e5 tilf\u00f8re noen ekstra kalorier.","breadcrumb":{"@id":"https:\/\/sukrin.com\/no\/produkter\/steviadraper#breadcrumb"},"inLanguage":"nb-NO","potentialAction":[{"@type":"ReadAction","target":["https:\/\/sukrin.com\/no\/produkter\/steviadraper"]}]},{"@type":"ImageObject","inLanguage":"nb-NO","@id":"https:\/\/sukrin.com\/no\/produkter\/steviadraper#primaryimage","url":"https:\/\/sukrin.com\/no\/content\/2024\/04\/produkt-steviadrops-v1-scaled.webp","contentUrl":"https:\/\/sukrin.com\/no\/content\/2024\/04\/produkt-steviadrops-v1-scaled.webp","width":2560,"height":1707,"caption":"Steviadr\u00e5per i drikke"},{"@type":"BreadcrumbList","@id":"https:\/\/sukrin.com\/no\/produkter\/steviadraper#breadcrumb","itemListElement":[{"@type":"ListItem","position":1,"name":"Hjem","item":"https:\/\/sukrin.com\/no\/"},{"@type":"ListItem","position":2,"name":"Produkter","item":"https:\/\/sukrin.com\/no\/produkter"},{"@type":"ListItem","position":3,"name":"S\u00f8tning","item":"https:\/\/sukrin.com\/no\/product-category\/sotning"},{"@type":"ListItem","position":4,"name":"Steviadr\u00e5per"}]},{"@type":"WebSite","@id":"https:\/\/sukrin.com\/no\/#website","url":"https:\/\/sukrin.com\/no\/","name":"Sukrin","description":"Enkelt \u00e5 gj\u00f8re noe godt","publisher":{"@id":"https:\/\/sukrin.com\/no\/#organization"},"potentialAction":[{"@type":"SearchAction","target":{"@type":"EntryPoint","urlTemplate":"https:\/\/sukrin.com\/no\/?s={search_term_string}"},"query-input":{"@type":"PropertyValueSpecification","valueRequired":true,"valueName":"search_term_string"}}],"inLanguage":"nb-NO"},{"@type":"Organization","@id":"https:\/\/sukrin.com\/no\/#organization","name":"Funksjonell mat","url":"https:\/\/sukrin.com\/no\/","logo":{"@type":"ImageObject","inLanguage":"nb-NO","@id":"https:\/\/sukrin.com\/no\/#\/schema\/logo\/image\/","url":"https:\/\/sukrin.com\/no\/content\/2023\/11\/funksjonell-mat-logo.svg","contentUrl":"https:\/\/sukrin.com\/no\/content\/2023\/11\/funksjonell-mat-logo.svg","width":1,"height":1,"caption":"Funksjonell mat"},"image":{"@id":"https:\/\/sukrin.com\/no\/#\/schema\/logo\/image\/"},"sameAs":["https:\/\/nb-no.facebook.com\/funksjonellmat\/","https:\/\/www.instagram.com\/sukrin.no\/","https:\/\/tatrck.com\/h\/0Hu30uVO0x7R?url=httpswww.tiktok.comsukrin_official"]}]}},"_links":{"self":[{"href":"https:\/\/sukrin.com\/no\/wp-json\/wp\/v2\/product\/214","targetHints":{"allow":["GET"]}}],"collection":[{"href":"https:\/\/sukrin.com\/no\/wp-json\/wp\/v2\/product"}],"about":[{"href":"https:\/\/sukrin.com\/no\/wp-json\/wp\/v2\/types\/product"}],"wp:featuredmedia":[{"embeddable":true,"href":"https:\/\/sukrin.com\/no\/wp-json\/wp\/v2\/media\/1913"}],"wp:attachment":[{"href":"https:\/\/sukrin.com\/no\/wp-json\/wp\/v2\/media?parent=214"}],"wp:term":[{"taxonomy":"product-category","embeddable":true,"href":"https:\/\/sukrin.com\/no\/wp-json\/wp\/v2\/product-category?post=214"}],"curies":[{"name":"wp","href":"https:\/\/api.w.org\/{rel}","templated":true}]}}