{"id":212,"date":"2024-04-09T10:41:12","date_gmt":"2024-04-09T08:41:12","guid":{"rendered":"https:\/\/sukrin.com\/no\/?post_type=product&#038;p=212"},"modified":"2025-02-19T14:05:30","modified_gmt":"2025-02-19T13:05:30","slug":"sukrin1","status":"publish","type":"product","link":"https:\/\/sukrin.com\/no\/produkter\/sukrin1","title":{"rendered":"Sukrin:1"},"content":{"rendered":"\n<div id=\"block_d027c7cee7e2db3e5567a4f97608010a\" class=\"block-cta alignwide\">\n\t<div class=\"wrapper left\">\n\t\t<div class=\"block-content\">\n\t\t\t\t\t\t\t<h2 class=\"content__title\">Vitenskapelige studier<\/h2>\n\t\t\t\t\t\t\t\t\t\t<p class=\"content__text\">Les vitenskapelige studier som er gjort p\u00e5 erytritol, som Sukrin best\u00e5r av.<\/p>\n\t\t\t\t\t\t\t\t\t\t<a class=\"content__link\" href=\"https:\/\/sukrin.com\/no\/vitenskapelige-studier-om-sukrin\" title=\"Vitenskapelige studier\" target=\"_self\"><\/a>\n\t\t\t\t\t<\/div>\n\t\t<div class=\"block-image\" style=\"background-image: url('https:\/\/sukrin.com\/no\/content\/2024\/03\/ill_vitenskapelige_studier.svg');\"><\/div>\n\t<\/div>\n<\/div>\n\n\n<div id=\"block_4f3e4f65e0145f9262bdf81a3919d036\" class=\"block-faq aligncenter\">\n    <div class=\"wrapper\">\n        <div class=\"header\">\n                            <h2>Ofte stilte sp\u00f8rsm\u00e5l<\/h2>\n                    <\/div>\n\n                    <div class=\"faqs\">\n                                    <div class=\"faq\">\n                        <div class=\"faq__header\">\n                            <h3>Kan jeg v\u00e6re helt sikker p\u00e5 at Sukrin er trygt \u00e5 bruke?<\/h3>\n                            <button class=\"toggle\">+<\/button>\n                        <\/div>\n                        <div class=\"faq__content\">\n                            <!-- wp:paragraph -->\n<p>En kritisk og grundig gjennomgang av alle forhold rundt Sukrin ble foretatt i 1998. Intet negativt ble funnet. Her er konklusjonen p\u00e5 den 36 sider lange rapporten:<\/p>\n<!-- \/wp:paragraph -->\n\n<!-- wp:paragraph -->\n<p><em>\u00abDen store mengden publisert data st\u00f8tter konklusjonen om at inntaket av erytritol ikke antas \u00e5 for\u00e5rsake ugunstige effekter i mennesker under forholdene av dets tiltenkte bruk i mat. De tilgjengelige studiene illustrerer at erytritol lett absorberes, ikke blir systematisk metabolisert i kroppen, og skilles raskt og uendret ut i urinen. Videre opptrer erytritol naturlig i kroppen og i kostholdet. B\u00e5de toksikologiske og kliniske studier gjennomf\u00f8rt p\u00e5 dyr viste konsekvent erytritolens sikkerhet, selv n\u00e5r det spises p\u00e5 daglig basis i store mengder. Basert p\u00e5 alle funn om sikkerhet rundt erytritol konkluderes det med at erytritol er sikker i dets tiltenkte bruk i mat.\u00bb<\/em>&nbsp;<em>(oversatt til norsk fra Food and Chemical Toxicology 36 (1998) 1139-1174)<\/em><\/p>\n<!-- \/wp:paragraph -->                        <\/div>\n                    <\/div>\n                                    <div class=\"faq\">\n                        <div class=\"faq__header\">\n                            <h3>Er Sukrin naturlig?<\/h3>\n                            <button class=\"toggle\">+<\/button>\n                        <\/div>\n                        <div class=\"faq__content\">\n                            <!-- wp:paragraph -->\n<p>Sukrin kan regnes som naturlig if\u00f8lge ISO 19657 sine kriterier for betegnelsen \u2018naturlig\u2019<\/p>\n<!-- \/wp:paragraph -->\n\n<!-- wp:list -->\n<ul class=\"wp-block-list\"><!-- wp:list-item -->\n<li>Naturlig opprinnelse: Sukrin (Erytritol) finnes naturlig i honning, druer, meloner etc.<\/li>\n<!-- \/wp:list-item -->\n\n<!-- wp:list-item -->\n<li>Naturlig r\u00e5mteriale: Sukrin produseres av naturlige karbohydrater.<\/li>\n<!-- \/wp:list-item -->\n\n<!-- wp:list-item -->\n<li>Naturlig fremstilling: Sukrin fremstilles ved en naturlig gj\u00e6ringsprosess.<\/li>\n<!-- \/wp:list-item -->\n\n<!-- wp:list-item -->\n<li>Naturlig prosess: Ingen syntetiske prosesser eller kjemikalier brukes i rensingen av Sukrin.<\/li>\n<!-- \/wp:list-item --><\/ul>\n<!-- \/wp:list -->                        <\/div>\n                    <\/div>\n                                    <div class=\"faq\">\n                        <div class=\"faq__header\">\n                            <h3>Er det trygt \u00e5 spise\u00a0Sukrin under svangerskap og amming?<\/h3>\n                            <button class=\"toggle\">+<\/button>\n                        <\/div>\n                        <div class=\"faq__content\">\n                            <!-- wp:paragraph -->\n<p>Ut fra alt vi vet om Sukrin, og som er dokumentert bla. p\u00e5 denne siden:\u00a0<a href=\"\/no\/vitenskapelige-studier-om-sukrin\">Sukrin \u2013 vitenskapelige-studier<\/a>\u00a0vet vi at Sukrin passerer gjennom ford\u00f8yelses-systemet s\u00e5 \u00e5 si fullstendig uten \u00e5 bli tatt opp av kroppen. Det har derfor sv\u00e6rt liten til ingen innvirkning p\u00e5 blodsukkeret eller kroppen for \u00f8vrig. Ut fra det kan vi trygt anbefale Sukrin til gravide og ammende.<\/p>\n<!-- \/wp:paragraph -->                        <\/div>\n                    <\/div>\n                                    <div class=\"faq\">\n                        <div class=\"faq__header\">\n                            <h3>Er Sukrin trygt om man har candidaoverf\u00f8lsomhet?<\/h3>\n                            <button class=\"toggle\">+<\/button>\n                        <\/div>\n                        <div class=\"faq__content\">\n                            <!-- wp:paragraph -->\n<p>Ja. Candidasoppen kan ikke nyttiggj\u00f8re seg av Sukrin.<\/p>\n<!-- \/wp:paragraph -->                        <\/div>\n                    <\/div>\n                                    <div class=\"faq\">\n                        <div class=\"faq__header\">\n                            <h3>Er Sukrin trygt om man har fruktosemalabsorpsjon?<\/h3>\n                            <button class=\"toggle\">+<\/button>\n                        <\/div>\n                        <div class=\"faq__content\">\n                            <!-- wp:paragraph -->\n<p>Ja. Sukrin inneholder ikke fruktose, og blir heller ikke omdannet til fruktose p\u00e5 noen m\u00e5te i kroppen.<\/p>\n<!-- \/wp:paragraph -->                        <\/div>\n                    <\/div>\n                                    <div class=\"faq\">\n                        <div class=\"faq__header\">\n                            <h3>Hvordan er Sukrin forskjellig fra andre sukkeralkoholer.<\/h3>\n                            <button class=\"toggle\">+<\/button>\n                        <\/div>\n                        <div class=\"faq__content\">\n                            <!-- wp:paragraph -->\n<p>Kroppen behandler Sukrin annerledes enn de andre sukkeralkoholene (xylitol, maltitol, sorbitol etc). Sukrin er den minste sukkeralkoholen vi kjenner, og blir tatt opp nesten fullstendig (90 %) i tynntarmen, og skilt ut uforandret. De andre sukkeralkoholene er st\u00f8rre, og blir bare delvis absorbert i tynntarmen. De g\u00e5r derfor videre til tykktarmen, hvor de brytes ned av bakterier som produserer fettsyrer og gasser. Disse fettsyrene tas opp i kroppen som energi. I tillegg trekkes vann ut til tarmen (pga. osmotisk trykk), noe som kan f\u00f8re til l\u00f8s mage. Sukrin skiller seg alts\u00e5 fra de andre sukkeralkoholene ved at det hverken gir energi eller mageubehag ved normal bruk.<\/p>\n<!-- \/wp:paragraph -->                        <\/div>\n                    <\/div>\n                                    <div class=\"faq\">\n                        <div class=\"faq__header\">\n                            <h3>Hvorfor kan Sukrin gi en kald f\u00f8lelse i munnen?<\/h3>\n                            <button class=\"toggle\">+<\/button>\n                        <\/div>\n                        <div class=\"faq__content\">\n                            <!-- wp:paragraph -->\n<p>Enkelte ganger kan du oppleve en \u00abkald\u00bb f\u00f8lelse n\u00e5r du spiser Sukrin. Dette skjer i munnen n\u00e5r Sukrinkrystallene smelter p\u00e5 tungen. N\u00e5r kornene smelter vil tungen f\u00f8les litt kaldere en liten stund. Dette er helt ufarlig, og denne type kj\u00f8lende effekt kjenner man ogs\u00e5 fra Xylitol og menthol.<\/p>\n<!-- \/wp:paragraph -->                        <\/div>\n                    <\/div>\n                                    <div class=\"faq\">\n                        <div class=\"faq__header\">\n                            <h3>Hva er deres respons p\u00e5 studien som hevder at Erytritol\/Sukrin kan gi blodpropp?<\/h3>\n                            <button class=\"toggle\">+<\/button>\n                        <\/div>\n                        <div class=\"faq__content\">\n                            <!-- wp:paragraph -->\n<p>Som en del av en p\u00e5g\u00e5ende sikkerhetsgjennomgang har EFSA gjort en grundig vurdering av erytritol, for \u00e5 identifisere potensielt skadelig effekt av erytritol. De fant ingenting som kunne vise en sammenheng (dvs. \u00e5rsak og virkning) mellom inntak av matvarer som inneholder erytritol og \u00f8kt risiko for hjerte- og karsykdommer eller relaterte risikofaktorer:\u00a0<a href=\"https:\/\/www.efsa.europa.eu\/en\/plain-language-summary\/re-evaluation-erythritol-e-968-food-additive\" target=\"_blank\" rel=\"noreferrer noopener\">\u2013 European Food Safety Authority, 20.12.23<\/a><\/p>\n<!-- \/wp:paragraph -->\n\n<!-- wp:paragraph -->\n<p>Erytritol har v\u00e6rt p\u00e5 markedet i mer enn 30 \u00e5r, og i denne perioden er det er blitt gjort mange vitenskapelige studier p\u00e5 s\u00f8tstoffet \u2013 ikke minst f\u00f8r det ble godkjent til bruk i mat i EU. Alle disse studiene har enstemmig sl\u00e5tt fast at de ikke kan finne noen risiko for skadevirkninger ved bruk av erytritol i mat, og det ble derfor ikke satt noe tak for anbefalt daglig inntak. Denne nye studien bryter alts\u00e5 med 30 \u00e5rs forskning, og selv om studien b\u00f8r tas p\u00e5 alvor, er det noen punkter som er sv\u00e6rt viktig \u00e5 trekke frem:<\/p>\n<!-- \/wp:paragraph -->\n\n<!-- wp:paragraph -->\n<p>Forskerne som st\u00e5r bak denne studien understreker at selv om det ble observert en kobling mellom h\u00f8yt niv\u00e5 av erytritol i blodet og forekomst av blodpropp, kan de ikke sl\u00e5 fast at det var erytritol som var\u00a0<em>\u00e5rsaken<\/em>\u00a0til blodpropp. Erytritol produseres naturlig i kroppen som en del av sukkerstoffskiftet \u2013 s\u00e6rlig ved metabolsk ubalanse, diabetes, nyresvikt eller oksidativt stress. Alts\u00e5: H\u00f8yt niv\u00e5 av erytritol kan v\u00e6re et tegn p\u00e5 sykdom, men det sier ingenting om inntaket av erytritol. Ingen direkte kliniske studier har s\u00e5 langt kunne vise noe om langtidseffekter eller kausal sammenheng mellom inntak og sykdom.<\/p>\n<!-- \/wp:paragraph -->\n\n<!-- wp:paragraph -->\n<p>Hvis det skal dras en konklusjon om hvilken effekt inntak av erytritol har, m\u00e5 vi studere nettopp det:&nbsp;<em>inntaket<\/em>&nbsp;og ikke bare konsentrasjon av erytritol i blodet. Denne studien s\u00e5 overhodet ikke p\u00e5 hva fors\u00f8kspersonene spiste, og det er uvisst om de spiste noe med erytritol i det hele tatt. Merk ogs\u00e5 at fors\u00f8kspersonene i studien var i h\u00f8y-risikogruppen for hjerte- og karsykdommer, og mange av dem hadde allerede hatt blodpropp. Dette er alts\u00e5 en studie utf\u00f8rt p\u00e5 mennesker med mange sykdomsmark\u00f8rer i kroppen.<\/p>\n<!-- \/wp:paragraph -->\n\n<!-- wp:paragraph -->\n<p>Vi forst\u00e5r at presseoppslagene rundt denne studien virker skremmende p\u00e5 mange, men dessverre gjenspeiler ikke disse oppslagene sannheten. Konklusjonen i studien er at forskerne<em>&nbsp;ikke<\/em>&nbsp;kan sl\u00e5 fast noen \u00e5rsak-virkning-sammenheng mellom erytritol og blodpropp, og de etterlyser mer forskning p\u00e5 omr\u00e5det.<\/p>\n<!-- \/wp:paragraph -->\n\n<!-- wp:paragraph -->\n<p><\/p>\n<!-- \/wp:paragraph -->                        <\/div>\n                    <\/div>\n                                    <div class=\"faq\">\n                        <div class=\"faq__header\">\n                            <h3>Hvordan blir Sukrin fremstilt?<\/h3>\n                            <button class=\"toggle\">+<\/button>\n                        <\/div>\n                        <div class=\"faq__content\">\n                            <!-- wp:paragraph -->\n<p>Sukrin fremstilles gjennom en gj\u00e6ringsprosess der man tar utgangspunkt i glukose (druesukker). Glukosen tilsettes en naturlig mikroorganisme og gj\u00e6ringen begynner. Resultatet av denne prosessen filtreres, renses og krystalliseres til sm\u00e5 korn. Krystallene vaskes p\u00e5 nytt og t\u00f8rkes med varmluft. Deretter siles krystallene slik at de som har riktig st\u00f8rrelse kan pakkes i poser og er klare for salg. Det brukes ingen kjemikalier i noe ledd av prosessen, og r\u00e5stoffene er garantert GMO-frie. Selve gj\u00e6ringsprosessen er samme prosess som vin, ost og yoghurt g\u00e5r gjennom, og er helt naturlig.<\/p>\n<!-- \/wp:paragraph -->                        <\/div>\n                    <\/div>\n                            <\/div>\n            <\/div>\n<\/div>\n\n\n<div id=\"block_18650336464d671625a50a3ce6b529c1\" class=\"block-featured-retailers\">\n            <h2>Forhandlere<\/h2>\n                <div class=\"retailers\">\n                            <a class=\"retailer\" target=\"_blank\" href=\"https:\/\/www.life.no\/butikker\">\n                    <img decoding=\"async\" src=\"https:\/\/sukrin.com\/no\/content\/2024\/03\/butikklogo_life-01.svg\" alt=\"Life\">\n                <\/a>\n                            <a class=\"retailer\" target=\"_blank\" href=\"https:\/\/sunkost.no\/butikker\">\n                    <img decoding=\"async\" src=\"https:\/\/sukrin.com\/no\/content\/2024\/03\/butikklogo_sunkost-01.svg\" alt=\"Sunkost\">\n                <\/a>\n                            <a class=\"retailer\" target=\"_blank\" href=\"https:\/\/www.kinsarvik.no\/pages\/finn-butikk\">\n                    <img decoding=\"async\" src=\"https:\/\/sukrin.com\/no\/content\/2024\/03\/butikklogo_kinsarvik-01.svg\" alt=\"Kinsarvik Naturkost\">\n                <\/a>\n                            <a class=\"retailer\" target=\"_blank\" href=\"https:\/\/butikk.funksjonellmat.no\/\">\n                    <img decoding=\"async\" src=\"https:\/\/sukrin.com\/no\/content\/2024\/06\/sukrin_nettbutikk-02-2.svg\" alt=\"Sukrin nettbutikk\">\n                <\/a>\n                    <\/div>\n    <\/div>\n","protected":false},"excerpt":{"rendered":"<p>Naturlig og kalorifri &#8211; like s\u00f8t som sukker<\/p>\n","protected":false},"featured_media":0,"template":"","product-category":[6],"class_list":["post-212","product","type-product","status-publish","hentry","product-category-sotning"],"acf":[],"yoast_head":"<!-- This site is optimized with the Yoast SEO plugin v27.2 - https:\/\/yoast.com\/product\/yoast-seo-wordpress\/ -->\n<title>Sukrin:1 - naturlig og kalorifri<\/title>\n<meta name=\"description\" content=\"Hvis du vil ha en sukkererstatning som er naturlig og uten kalorier, er Sukrin:1 sukkererstatningen for deg.\" \/>\n<meta name=\"robots\" content=\"index, follow, max-snippet:-1, max-image-preview:large, max-video-preview:-1\" \/>\n<link rel=\"canonical\" href=\"https:\/\/sukrin.com\/no\/produkter\/sukrin1\" \/>\n<meta property=\"og:locale\" content=\"nb_NO\" \/>\n<meta property=\"og:type\" content=\"article\" \/>\n<meta property=\"og:title\" content=\"Sukrin:1 - naturlig og kalorifri\" \/>\n<meta property=\"og:description\" content=\"Hvis du vil ha en sukkererstatning som er naturlig og uten kalorier, er Sukrin:1 sukkererstatningen for deg.\" \/>\n<meta property=\"og:url\" content=\"https:\/\/sukrin.com\/no\/produkter\/sukrin1\" \/>\n<meta property=\"og:site_name\" content=\"Sukrin\" \/>\n<meta property=\"article:publisher\" content=\"https:\/\/nb-no.facebook.com\/funksjonellmat\/\" \/>\n<meta property=\"article:modified_time\" content=\"2025-02-19T13:05:30+00:00\" \/>\n<meta name=\"twitter:card\" content=\"summary_large_image\" \/>\n<meta name=\"twitter:label1\" content=\"Ansl. lesetid\" \/>\n\t<meta name=\"twitter:data1\" content=\"1 minutt\" \/>\n<script type=\"application\/ld+json\" class=\"yoast-schema-graph\">{\"@context\":\"https:\/\/schema.org\",\"@graph\":[{\"@type\":\"WebPage\",\"@id\":\"https:\/\/sukrin.com\/no\/produkter\/sukrin1\",\"url\":\"https:\/\/sukrin.com\/no\/produkter\/sukrin1\",\"name\":\"Sukrin:1 - naturlig og kalorifri\",\"isPartOf\":{\"@id\":\"https:\/\/sukrin.com\/no\/#website\"},\"datePublished\":\"2024-04-09T08:41:12+00:00\",\"dateModified\":\"2025-02-19T13:05:30+00:00\",\"description\":\"Hvis du vil ha en sukkererstatning som er naturlig og uten kalorier, er Sukrin:1 sukkererstatningen for deg.\",\"breadcrumb\":{\"@id\":\"https:\/\/sukrin.com\/no\/produkter\/sukrin1#breadcrumb\"},\"inLanguage\":\"nb-NO\",\"potentialAction\":[{\"@type\":\"ReadAction\",\"target\":[\"https:\/\/sukrin.com\/no\/produkter\/sukrin1\"]}]},{\"@type\":\"BreadcrumbList\",\"@id\":\"https:\/\/sukrin.com\/no\/produkter\/sukrin1#breadcrumb\",\"itemListElement\":[{\"@type\":\"ListItem\",\"position\":1,\"name\":\"Hjem\",\"item\":\"https:\/\/sukrin.com\/no\/\"},{\"@type\":\"ListItem\",\"position\":2,\"name\":\"Produkter\",\"item\":\"https:\/\/sukrin.com\/no\/produkter\"},{\"@type\":\"ListItem\",\"position\":3,\"name\":\"S\u00f8tning\",\"item\":\"https:\/\/sukrin.com\/no\/product-category\/sotning\"},{\"@type\":\"ListItem\",\"position\":4,\"name\":\"Sukrin:1\"}]},{\"@type\":\"WebSite\",\"@id\":\"https:\/\/sukrin.com\/no\/#website\",\"url\":\"https:\/\/sukrin.com\/no\/\",\"name\":\"Sukrin\",\"description\":\"Enkelt \u00e5 gj\u00f8re noe godt\",\"publisher\":{\"@id\":\"https:\/\/sukrin.com\/no\/#organization\"},\"potentialAction\":[{\"@type\":\"SearchAction\",\"target\":{\"@type\":\"EntryPoint\",\"urlTemplate\":\"https:\/\/sukrin.com\/no\/?s={search_term_string}\"},\"query-input\":{\"@type\":\"PropertyValueSpecification\",\"valueRequired\":true,\"valueName\":\"search_term_string\"}}],\"inLanguage\":\"nb-NO\"},{\"@type\":\"Organization\",\"@id\":\"https:\/\/sukrin.com\/no\/#organization\",\"name\":\"Funksjonell mat\",\"url\":\"https:\/\/sukrin.com\/no\/\",\"logo\":{\"@type\":\"ImageObject\",\"inLanguage\":\"nb-NO\",\"@id\":\"https:\/\/sukrin.com\/no\/#\/schema\/logo\/image\/\",\"url\":\"https:\/\/sukrin.com\/no\/content\/2023\/11\/funksjonell-mat-logo.svg\",\"contentUrl\":\"https:\/\/sukrin.com\/no\/content\/2023\/11\/funksjonell-mat-logo.svg\",\"width\":1,\"height\":1,\"caption\":\"Funksjonell mat\"},\"image\":{\"@id\":\"https:\/\/sukrin.com\/no\/#\/schema\/logo\/image\/\"},\"sameAs\":[\"https:\/\/nb-no.facebook.com\/funksjonellmat\/\",\"https:\/\/www.instagram.com\/sukrin.no\/\",\"https:\/\/tatrck.com\/h\/0Hu30uVO0x7R?url=httpswww.tiktok.comsukrin_official\"]}]}<\/script>\n<!-- \/ Yoast SEO plugin. -->","yoast_head_json":{"title":"Sukrin:1 - naturlig og kalorifri","description":"Hvis du vil ha en sukkererstatning som er naturlig og uten kalorier, er Sukrin:1 sukkererstatningen for deg.","robots":{"index":"index","follow":"follow","max-snippet":"max-snippet:-1","max-image-preview":"max-image-preview:large","max-video-preview":"max-video-preview:-1"},"canonical":"https:\/\/sukrin.com\/no\/produkter\/sukrin1","og_locale":"nb_NO","og_type":"article","og_title":"Sukrin:1 - naturlig og kalorifri","og_description":"Hvis du vil ha en sukkererstatning som er naturlig og uten kalorier, er Sukrin:1 sukkererstatningen for deg.","og_url":"https:\/\/sukrin.com\/no\/produkter\/sukrin1","og_site_name":"Sukrin","article_publisher":"https:\/\/nb-no.facebook.com\/funksjonellmat\/","article_modified_time":"2025-02-19T13:05:30+00:00","twitter_card":"summary_large_image","twitter_misc":{"Ansl. lesetid":"1 minutt"},"schema":{"@context":"https:\/\/schema.org","@graph":[{"@type":"WebPage","@id":"https:\/\/sukrin.com\/no\/produkter\/sukrin1","url":"https:\/\/sukrin.com\/no\/produkter\/sukrin1","name":"Sukrin:1 - naturlig og kalorifri","isPartOf":{"@id":"https:\/\/sukrin.com\/no\/#website"},"datePublished":"2024-04-09T08:41:12+00:00","dateModified":"2025-02-19T13:05:30+00:00","description":"Hvis du vil ha en sukkererstatning som er naturlig og uten kalorier, er Sukrin:1 sukkererstatningen for deg.","breadcrumb":{"@id":"https:\/\/sukrin.com\/no\/produkter\/sukrin1#breadcrumb"},"inLanguage":"nb-NO","potentialAction":[{"@type":"ReadAction","target":["https:\/\/sukrin.com\/no\/produkter\/sukrin1"]}]},{"@type":"BreadcrumbList","@id":"https:\/\/sukrin.com\/no\/produkter\/sukrin1#breadcrumb","itemListElement":[{"@type":"ListItem","position":1,"name":"Hjem","item":"https:\/\/sukrin.com\/no\/"},{"@type":"ListItem","position":2,"name":"Produkter","item":"https:\/\/sukrin.com\/no\/produkter"},{"@type":"ListItem","position":3,"name":"S\u00f8tning","item":"https:\/\/sukrin.com\/no\/product-category\/sotning"},{"@type":"ListItem","position":4,"name":"Sukrin:1"}]},{"@type":"WebSite","@id":"https:\/\/sukrin.com\/no\/#website","url":"https:\/\/sukrin.com\/no\/","name":"Sukrin","description":"Enkelt \u00e5 gj\u00f8re noe godt","publisher":{"@id":"https:\/\/sukrin.com\/no\/#organization"},"potentialAction":[{"@type":"SearchAction","target":{"@type":"EntryPoint","urlTemplate":"https:\/\/sukrin.com\/no\/?s={search_term_string}"},"query-input":{"@type":"PropertyValueSpecification","valueRequired":true,"valueName":"search_term_string"}}],"inLanguage":"nb-NO"},{"@type":"Organization","@id":"https:\/\/sukrin.com\/no\/#organization","name":"Funksjonell mat","url":"https:\/\/sukrin.com\/no\/","logo":{"@type":"ImageObject","inLanguage":"nb-NO","@id":"https:\/\/sukrin.com\/no\/#\/schema\/logo\/image\/","url":"https:\/\/sukrin.com\/no\/content\/2023\/11\/funksjonell-mat-logo.svg","contentUrl":"https:\/\/sukrin.com\/no\/content\/2023\/11\/funksjonell-mat-logo.svg","width":1,"height":1,"caption":"Funksjonell mat"},"image":{"@id":"https:\/\/sukrin.com\/no\/#\/schema\/logo\/image\/"},"sameAs":["https:\/\/nb-no.facebook.com\/funksjonellmat\/","https:\/\/www.instagram.com\/sukrin.no\/","https:\/\/tatrck.com\/h\/0Hu30uVO0x7R?url=httpswww.tiktok.comsukrin_official"]}]}},"_links":{"self":[{"href":"https:\/\/sukrin.com\/no\/wp-json\/wp\/v2\/product\/212","targetHints":{"allow":["GET"]}}],"collection":[{"href":"https:\/\/sukrin.com\/no\/wp-json\/wp\/v2\/product"}],"about":[{"href":"https:\/\/sukrin.com\/no\/wp-json\/wp\/v2\/types\/product"}],"wp:attachment":[{"href":"https:\/\/sukrin.com\/no\/wp-json\/wp\/v2\/media?parent=212"}],"wp:term":[{"taxonomy":"product-category","embeddable":true,"href":"https:\/\/sukrin.com\/no\/wp-json\/wp\/v2\/product-category?post=212"}],"curies":[{"name":"wp","href":"https:\/\/api.w.org\/{rel}","templated":true}]}}