{"id":1029,"date":"2024-04-23T14:23:44","date_gmt":"2024-04-23T12:23:44","guid":{"rendered":"https:\/\/sukrin.com\/no\/?post_type=product&#038;p=1029"},"modified":"2025-04-10T13:53:37","modified_gmt":"2025-04-10T11:53:37","slug":"fiberfin","status":"publish","type":"product","link":"https:\/\/sukrin.com\/no\/produkter\/fiberfin","title":{"rendered":"FiberFin"},"content":{"rendered":"\n<h2 class=\"wp-block-heading\">Minimerer negativ effekt av&nbsp;fine karbohydrater<\/h2>\n\n\n\n<p>Fint hvetemel er ikke gunstig for kroppen. Det gir en u\u00f8nsket h\u00f8y blodsukkerstigning, med p\u00e5f\u00f8lgende svingninger. Med FiberFin er det enkelt \u00e5 gj\u00f8re finbakst sunnere, uten \u00e5 endre smaken. Hvis du erstatter 10 % av melet med FiberFin, \u00f8ker du fiberinnholdet kraftig, og senker blodsukkerbelastningen. Smak, konsistens og utseende er uforandret, mens fiberinnholdet skyter i v\u00e6ret. Du trenger bare en liten mengde: en spiseskjeer FiberFin gir like mye fiber som 1 dl grovt mel.<\/p>\n\n\n\n<h2 class=\"wp-block-heading\">Hjelper deg \u00e5 unng\u00e5 s\u00f8tsug og sm\u00e5spising<\/h2>\n\n\n\n<p>Resistent stivelse tas ikke opp som energi i kroppen, men virker som fiber, og regulerer blodsukker og insulin-utskillelse.&nbsp;Med et stabilt blodsukker vil du kjenne mindre til det s\u00f8tsuget som oppst\u00e5r n\u00e5r blodsukkeret svinger. Den regulerende virkningen FiberFin har p\u00e5 blodsukkeret vil til og med ha effekt for det neste m\u00e5ltidet du spiser.&nbsp;Spiser du FiberFin om morgenen, vil det regulere appetitten og s\u00f8tsuget langt utover dagen.<\/p>\n\n\n\n<p><a href=\"http:\/\/ajcn.nutrition.org\/content\/60\/4\/544.short\" target=\"_blank\" rel=\"noreferrer noopener\">Studie p\u00e5 effekter ved&nbsp;inntak av resistent stivelse<\/a><\/p>\n\n\n\n<p><a href=\"https:\/\/pubmed.ncbi.nlm.nih.gov\/29373530\/\" target=\"_blank\" rel=\"noreferrer noopener\">Studie p\u00e5 metthet og glykemisk respons etter m\u00e5ltid med resistent stivelse<\/a><\/p>\n\n\n\n<h2 class=\"wp-block-heading\">Gir h\u00f8yere fettforbrenning<\/h2>\n\n\n\n<p>I motsetning til noen typer fibre, blir resistent stivelse fermentert n\u00e5r det kommer til tykktarmen. N\u00e5r dette skjer, dannes det gunstige fettsyrer som blokkerer kroppens evne til \u00e5 forbrenne karbohydrater. Dette kan forhindre at leveren bruker karbohydrater som energikilde, og heller bruker lagret kroppsfett eller nylig konsumert fett som energikilde.<\/p>\n\n\n\n<p>Kroppen foretrekker egentlig karbohydrater som drivstoff, p\u00e5 samme m\u00e5te som en bil foretrekker bensin. Sm\u00f8rsyre forhindrer ganske enkelt noe av bensinen i tanken fra \u00e5 n\u00e5 motoren, og cellene tyr til fett som et alternativ. En studie viser at hvis man i et m\u00e5ltid erstatter bare 5,4 % av den totale karbohydratmengden med resistent stivelse, vil man forbrenne 20-30 % mer fett.<\/p>\n\n\n\n<p><a href=\"http:\/\/www.ncbi.nlm.nih.gov\/pmc\/articles\/PMC4220782\/\" target=\"_blank\" rel=\"noreferrer noopener\">Studie p\u00e5 hvordan resistent stivelse p\u00e5virker vekttap og vektkontroll<\/a><\/p>\n\n\n\n<h2 class=\"wp-block-heading\">Forebygger livsstilssykdommer<\/h2>\n\n\n\n<p>For lavt fiberinnhold i kosten har v\u00e6rt koblet til b\u00e5de overvekt, forstoppelse, diabetes 2, h\u00f8yt blodtrykk, kolesterol, tarmkreft og hjerte- og karsykdommer.&nbsp;Forskerne mener&nbsp;at \u00f8kt fiberinntak hjelper til \u00e5 forebygge disse sykdommene.&nbsp;Mange nordmenn f\u00e5r i seg for lite fiber gjennom sitt normale kosthold.<\/p>\n\n\n\n<p>Det er stor enighet om at det \u00e5 ha et fiberrikt kosthold kan hjelpe deg med \u00e5 holde en sunn vekt, noe som i sin tur reduserer risikoen for mange typer kreft. Mat med resistent stivelse gir ogs\u00e5 lavere \u00f8kning i blodsukker og insulin, som beskytter hjertet. Et daglig inntak av resistent stivelse vil dermed v\u00e6re med p\u00e5 \u00e5 motvirke risikoen for b\u00e5de diabetes og hjerte- og karsykdommer.<\/p>\n\n\n\n<p>Studie:&nbsp;<a href=\"https:\/\/www.nature.com\/articles\/ncomms7342.epdf?referrer_access_token=_mMf9rhQJiudBM9hP8ZMyNRgN0jAjWel9jnR3ZoTv0PGvowOInK6Lou9N9ZRCqlh5AW4X3SFrORbxSsdASfqfltUnObjWjLREI1CgS_ClErDoKvNtllKITsBJMMipQVO0BeeJ7feYpgcPpzB5OXRdfuCl_G46jYBWmZ7N-fwSQDNOKvaH2n1V-RokQ5-oRkGJtEYp0yBTFYCTULl8h7Wm25nI3OkGlQe3Q9CxV9Pgzx2cmj831c7NACvykCKeoupVBk1TIHIStOQSoWfsoIVqw%3D%3D&amp;tracking_referrer=www.smh.com.au\" target=\"_blank\" rel=\"noreferrer noopener\">Risikoen for tarmkreft ved for h\u00f8yt inntak av r\u00f8dt kj\u00f8tt reduseres med resistent stivelse<\/a><\/p>\n\n\n\n<p>Studie:&nbsp;<a href=\"http:\/\/www.ncbi.nlm.nih.gov\/pubmed\/20536509\" target=\"_blank\" rel=\"noreferrer noopener\">Resistent stivelse forbedrer insulinf\u00f8lsomhet i insulinresistenssyndrom<\/a><\/p>\n\n\n\n<h2 class=\"wp-block-heading\">Styrker immunforsvaret<\/h2>\n\n\n\n<p>Hvis du har for lite av de gode tarmbakteriene i ford\u00f8yelsessystemet, blir du lettere syk n\u00e5r du utsettes for smitte. Resistent stivelse er et prebiotisk fiber. Det vil si at det \u00f8ker veksten og aktiviteten til de gode bakteriene i tarmen, og hjelper dem med \u00e5 bekjempe skadelige bakterier.<\/p>\n\n\n\n<h2 class=\"wp-block-heading\"><\/h2>\n\n\n<div id=\"block_5634d9c1d2cff0df24c1ef71a40dd6d4\" class=\"block-faq aligncenter\">\n    <div class=\"wrapper\">\n        <div class=\"header\">\n                            <h2>Ofte stilte sp\u00f8rsm\u00e5l<\/h2>\n                    <\/div>\n\n                    <div class=\"faqs\">\n                                    <div class=\"faq\">\n                        <div class=\"faq__header\">\n                            <h3>Hvordan bruker jeg FiberFin?<\/h3>\n                            <button class=\"toggle\">+<\/button>\n                        <\/div>\n                        <div class=\"faq__content\">\n                            <!-- wp:paragraph -->\n<p>Som kosttilskudd: Alle helsefordelene med FiberFin f\u00e5r du f\u00f8rst n\u00e5r du inntar produktet hver dag. Pr\u00f8v FiberFin over frokostblandingen, eller bland den i juice eller melk. En spiseskje FiberFin gir hele 6 gram resistent stivelse.<\/p>\n<!-- \/wp:paragraph -->\n\n<!-- wp:paragraph -->\n<p>Til baking: Alle steder hvor du bruker mel, kan du ogs\u00e5 bruke FiberFin. Bare bytt ut 10 % av melet med FiberFin. Smak og utseende blir som f\u00f8r. Bytter du for eksempel ut 7 % av melet i en pizzaoppskrift, vil fiberinnholdet bli like h\u00f8yt som i grovbr\u00f8d. I tillegg blir deigen lettere \u00e5 jobbe med.<\/p>\n<!-- \/wp:paragraph -->                        <\/div>\n                    <\/div>\n                                    <div class=\"faq\">\n                        <div class=\"faq__header\">\n                            <h3>Hvor mye FiberFin b\u00f8r jeg bruke n\u00e5r jeg baker?<\/h3>\n                            <button class=\"toggle\">+<\/button>\n                        <\/div>\n                        <div class=\"faq__content\">\n                            <!-- wp:paragraph -->\n<p>Du oppn\u00e5r mye ved \u00e5 erstatte 10 % av melet med FiberFin. Synes du det er vanskelig \u00e5 vite hvor mye du skal bruke, kan du gj\u00f8re det veldig enkelt ved \u00e5 blande en halv boks FiberFin (200 g) med 2 kg hvetemel. Denne ferdige melblandingen vil inneholde 9 % FiberFin og kan brukes alle steder du vil bake mer fiberrikt uten at det merkes p\u00e5 resultatet.<\/p>\n<!-- \/wp:paragraph -->                        <\/div>\n                    <\/div>\n                                    <div class=\"faq\">\n                        <div class=\"faq__header\">\n                            <h3>Er Fiberfin det samme som Fiberhusk?<\/h3>\n                            <button class=\"toggle\">+<\/button>\n                        <\/div>\n                        <div class=\"faq__content\">\n                            <!-- wp:paragraph -->\n<p><strong>Fiberhusk<\/strong>\u00a0er vannoppl\u00f8selige fiber som suger opp v\u00e6ske og blir til en myk gele. Dette binder sammen deigen og gj\u00f8r at den er lettere \u00e5 bearbeide. Fiberhusk er fin \u00e5 bruke i oppskrifter der du har byttet ut mye hvetemel, for \u00e5 binde deigen sammen. Den skal bare brukes i sm\u00e5 mengder, (ca en spiseskje), og vil forandre deigens konsistens.\u00a0<strong>Fiberfin<\/strong>\u00a0er et fiberrikt meltilskudd, som ikke har noen bindende effekt, og som ikke p\u00e5virker utseendet eller smak. Ved \u00e5 bytte ut 10-20 % vanlig mel med Fiberfin \u00f8ker du fiberinnholdet kraftig, men maten smaker og ser ut som den ville gjort med fint mel. De to produktene har to ulike funksjoner, men de kan gjerne brukes i kombinasjon.<\/p>\n<!-- \/wp:paragraph -->                        <\/div>\n                    <\/div>\n                                    <div class=\"faq\">\n                        <div class=\"faq__header\">\n                            <h3>Kan jeg bytte alt melet i en kake ut med Fiberfin?<\/h3>\n                            <button class=\"toggle\">+<\/button>\n                        <\/div>\n                        <div class=\"faq__content\">\n                            <!-- wp:paragraph -->\n<p>Fiberfin er uten gluten, og har dermed ingen sammenbindende effekt. Vi anbefaler \u00e5 bytte ut 10 % for \u00e5 f\u00e5 et tilfredsstillende resultat. Du vil da f\u00e5 et fiberinnhold som overstiger alt annet grovt mel med god margin.<\/p>\n<!-- \/wp:paragraph -->                        <\/div>\n                    <\/div>\n                                    <div class=\"faq\">\n                        <div class=\"faq__header\">\n                            <h3>Jeg trodde ikke maisstivelse var sunt. Hvordan kan det v\u00e6re s\u00e5 mye fiber i et mel som er laget av mais?<\/h3>\n                            <button class=\"toggle\">+<\/button>\n                        <\/div>\n                        <div class=\"faq__content\">\n                            <!-- wp:paragraph -->\n<p>Fiberfin best\u00e5r av modifisert maisstivelse. Dette er en form for stivelsen som er resistent mot magesyre, og ikke brytes ned av ford\u00f8yelsesenzymer. Resistent stivelse tas ikke opp som energi i kroppen, men virker som et fiber, regulerer blodsukkeret og er sunt for ford\u00f8yelsen.<\/p>\n<!-- \/wp:paragraph -->                        <\/div>\n                    <\/div>\n                                    <div class=\"faq\">\n                        <div class=\"faq__header\">\n                            <h3>Kan man bruke Fiberfin til \u00e5 tykne sauser?<\/h3>\n                            <button class=\"toggle\">+<\/button>\n                        <\/div>\n                        <div class=\"faq__content\">\n                            <!-- wp:paragraph -->\n<p>Nei, Fiberfin har ingen fortykkende effekt.<\/p>\n<!-- \/wp:paragraph -->                        <\/div>\n                    <\/div>\n                            <\/div>\n            <\/div>\n<\/div>\n\n\n<div id=\"block_82f093cde62bd08a7f6cd7057c31288c\" class=\"block-recipes alignfull\">\n    <div class=\"wrapper\">\n        <div class=\"header\">\n            <h2>Oppskrifter med FiberFin<\/h2>\n            <a href=\"https:\/\/sukrin.com\/no\/oppskrifter\">Se alle oppskrifter<\/a>\n        <\/div>\n        <div class=\"recipes\">\n                            <div class=\"recipe\">\n                    <a href=\"https:\/\/sukrin.com\/no\/oppskrifter\/luksus-kladdkake-med-sukrinsirup\">\n                        <div class=\"recipe__image\">\n                            <img loading=\"lazy\" decoding=\"async\" width=\"2560\" height=\"2560\" src=\"https:\/\/sukrin.com\/no\/content\/2024\/04\/rp_myk_sjokoladekake-scaled.jpg\" class=\"attachment-full size-full wp-post-image\" alt=\"Luksus-kladdkake med SukrinSirup\" srcset=\"https:\/\/sukrin.com\/no\/content\/2024\/04\/rp_myk_sjokoladekake-scaled.jpg 2560w, https:\/\/sukrin.com\/no\/content\/2024\/04\/rp_myk_sjokoladekake-150x150.jpg 150w, https:\/\/sukrin.com\/no\/content\/2024\/04\/rp_myk_sjokoladekake-300x300.jpg 300w, https:\/\/sukrin.com\/no\/content\/2024\/04\/rp_myk_sjokoladekake-768x768.jpg 768w, https:\/\/sukrin.com\/no\/content\/2024\/04\/rp_myk_sjokoladekake-590x590.jpg 590w, https:\/\/sukrin.com\/no\/content\/2024\/04\/rp_myk_sjokoladekake-1536x1536.jpg 1536w, https:\/\/sukrin.com\/no\/content\/2024\/04\/rp_myk_sjokoladekake-2048x2048.jpg 2048w, https:\/\/sukrin.com\/no\/content\/2024\/04\/rp_myk_sjokoladekake-500x500.jpg 500w, https:\/\/sukrin.com\/no\/content\/2024\/04\/rp_myk_sjokoladekake-60x60.jpg 60w\" sizes=\"auto, (max-width: 2560px) 100vw, 2560px\" \/>                        <\/div>\n                        <div class=\"recipe__title\">\n                            <h3>Luksus-kladdkake med SukrinSirup<\/h3>\n                        <\/div>\n                    <\/a>\n                <\/div>\n                            <div class=\"recipe\">\n                    <a href=\"https:\/\/sukrin.com\/no\/oppskrifter\/spinatpai-med-fiberfin\">\n                        <div class=\"recipe__image\">\n                            <img loading=\"lazy\" decoding=\"async\" width=\"1280\" height=\"1280\" src=\"https:\/\/sukrin.com\/no\/content\/2024\/04\/rp-spinatpai2.jpg\" class=\"attachment-full size-full wp-post-image\" alt=\"Spinatpai\" srcset=\"https:\/\/sukrin.com\/no\/content\/2024\/04\/rp-spinatpai2.jpg 1280w, https:\/\/sukrin.com\/no\/content\/2024\/04\/rp-spinatpai2-300x300.jpg 300w, https:\/\/sukrin.com\/no\/content\/2024\/04\/rp-spinatpai2-590x590.jpg 590w, https:\/\/sukrin.com\/no\/content\/2024\/04\/rp-spinatpai2-150x150.jpg 150w, https:\/\/sukrin.com\/no\/content\/2024\/04\/rp-spinatpai2-768x768.jpg 768w, https:\/\/sukrin.com\/no\/content\/2024\/04\/rp-spinatpai2-500x500.jpg 500w, https:\/\/sukrin.com\/no\/content\/2024\/04\/rp-spinatpai2-60x60.jpg 60w\" sizes=\"auto, (max-width: 1280px) 100vw, 1280px\" \/>                        <\/div>\n                        <div class=\"recipe__title\">\n                            <h3>Spinatpai med FiberFin<\/h3>\n                        <\/div>\n                    <\/a>\n                <\/div>\n                            <div class=\"recipe\">\n                    <a href=\"https:\/\/sukrin.com\/no\/oppskrifter\/sunne-boller\">\n                        <div class=\"recipe__image\">\n                            <img loading=\"lazy\" decoding=\"async\" width=\"1280\" height=\"1280\" src=\"https:\/\/sukrin.com\/no\/content\/2024\/04\/rp_hveteboller.jpg\" class=\"attachment-full size-full wp-post-image\" alt=\"Sunne boller\" srcset=\"https:\/\/sukrin.com\/no\/content\/2024\/04\/rp_hveteboller.jpg 1280w, https:\/\/sukrin.com\/no\/content\/2024\/04\/rp_hveteboller-150x150.jpg 150w, https:\/\/sukrin.com\/no\/content\/2024\/04\/rp_hveteboller-300x300.jpg 300w, https:\/\/sukrin.com\/no\/content\/2024\/04\/rp_hveteboller-768x768.jpg 768w, https:\/\/sukrin.com\/no\/content\/2024\/04\/rp_hveteboller-590x590.jpg 590w, https:\/\/sukrin.com\/no\/content\/2024\/04\/rp_hveteboller-500x500.jpg 500w, https:\/\/sukrin.com\/no\/content\/2024\/04\/rp_hveteboller-60x60.jpg 60w, https:\/\/sukrin.com\/no\/content\/2024\/04\/rp_hveteboller-220x220.jpg 220w\" sizes=\"auto, (max-width: 1280px) 100vw, 1280px\" \/>                        <\/div>\n                        <div class=\"recipe__title\">\n                            <h3>Sunnere boller<\/h3>\n                        <\/div>\n                    <\/a>\n                <\/div>\n                    <\/div>\n    <\/div>\n<\/div>\n\n\n<div id=\"block_c4b62b56ea351e6557dd96e5a09b09ce\" class=\"block-featured-retailers\">\n            <h2>Forhandlere<\/h2>\n                <div class=\"retailers\">\n                            <a class=\"retailer\" target=\"_blank\" href=\"https:\/\/www.life.no\/butikker\">\n                    <img decoding=\"async\" src=\"https:\/\/sukrin.com\/no\/content\/2024\/03\/butikklogo_life-01.svg\" alt=\"Life\">\n                <\/a>\n                            <a class=\"retailer\" target=\"_blank\" href=\"https:\/\/sunkost.no\/butikker\">\n                    <img decoding=\"async\" src=\"https:\/\/sukrin.com\/no\/content\/2024\/03\/butikklogo_sunkost-01.svg\" alt=\"Sunkost\">\n                <\/a>\n                            <a class=\"retailer\" target=\"_blank\" href=\"https:\/\/www.kinsarvik.no\/pages\/finn-butikk\">\n                    <img decoding=\"async\" src=\"https:\/\/sukrin.com\/no\/content\/2024\/03\/butikklogo_kinsarvik-01.svg\" alt=\"Kinsarvik Naturkost\">\n                <\/a>\n                            <a class=\"retailer\" target=\"_blank\" href=\"https:\/\/butikk.funksjonellmat.no\/\">\n                    <img decoding=\"async\" src=\"https:\/\/sukrin.com\/no\/content\/2024\/06\/sukrin_nettbutikk-02-2.svg\" alt=\"Sukrin nettbutikk\">\n                <\/a>\n                    <\/div>\n    <\/div>\n","protected":false},"excerpt":{"rendered":"<p>Hvitt og fint meltilskudd med 75% fiber i form av resistent stivelse<\/p>\n","protected":false},"featured_media":0,"template":"","product-category":[18],"class_list":["post-1029","product","type-product","status-publish","hentry","product-category-mel"],"acf":[],"yoast_head":"<!-- This site is optimized with the Yoast SEO plugin v27.2 - https:\/\/yoast.com\/product\/yoast-seo-wordpress\/ -->\n<title>Sukrin - FiberFin - fint fibertilskudd med resistent stivelse<\/title>\n<meta name=\"description\" content=\"Fiberfin er glutenfri og tilf\u00f8rer masse fiber uten \u00e5 endre smak eller utseende. Du kan lage lys finbakst med mer fiber enn ekstra grovt br\u00f8d!\" \/>\n<meta name=\"robots\" content=\"index, follow, max-snippet:-1, max-image-preview:large, max-video-preview:-1\" \/>\n<link rel=\"canonical\" href=\"https:\/\/sukrin.com\/no\/produkter\/fiberfin\" \/>\n<meta property=\"og:locale\" content=\"nb_NO\" \/>\n<meta property=\"og:type\" content=\"article\" \/>\n<meta property=\"og:title\" content=\"Sukrin - FiberFin - fint fibertilskudd med resistent stivelse\" \/>\n<meta property=\"og:description\" content=\"Fiberfin er glutenfri og tilf\u00f8rer masse fiber uten \u00e5 endre smak eller utseende. Du kan lage lys finbakst med mer fiber enn ekstra grovt br\u00f8d!\" \/>\n<meta property=\"og:url\" content=\"https:\/\/sukrin.com\/no\/produkter\/fiberfin\" \/>\n<meta property=\"og:site_name\" content=\"Sukrin\" \/>\n<meta property=\"article:publisher\" content=\"https:\/\/nb-no.facebook.com\/funksjonellmat\/\" \/>\n<meta property=\"article:modified_time\" content=\"2025-04-10T11:53:37+00:00\" \/>\n<meta name=\"twitter:card\" content=\"summary_large_image\" \/>\n<meta name=\"twitter:label1\" content=\"Ansl. lesetid\" \/>\n\t<meta name=\"twitter:data1\" content=\"4 minutter\" \/>\n<script type=\"application\/ld+json\" class=\"yoast-schema-graph\">{\"@context\":\"https:\/\/schema.org\",\"@graph\":[{\"@type\":\"WebPage\",\"@id\":\"https:\/\/sukrin.com\/no\/produkter\/fiberfin\",\"url\":\"https:\/\/sukrin.com\/no\/produkter\/fiberfin\",\"name\":\"Sukrin - FiberFin - fint fibertilskudd med resistent stivelse\",\"isPartOf\":{\"@id\":\"https:\/\/sukrin.com\/no\/#website\"},\"datePublished\":\"2024-04-23T12:23:44+00:00\",\"dateModified\":\"2025-04-10T11:53:37+00:00\",\"description\":\"Fiberfin er glutenfri og tilf\u00f8rer masse fiber uten \u00e5 endre smak eller utseende. Du kan lage lys finbakst med mer fiber enn ekstra grovt br\u00f8d!\",\"breadcrumb\":{\"@id\":\"https:\/\/sukrin.com\/no\/produkter\/fiberfin#breadcrumb\"},\"inLanguage\":\"nb-NO\",\"potentialAction\":[{\"@type\":\"ReadAction\",\"target\":[\"https:\/\/sukrin.com\/no\/produkter\/fiberfin\"]}]},{\"@type\":\"BreadcrumbList\",\"@id\":\"https:\/\/sukrin.com\/no\/produkter\/fiberfin#breadcrumb\",\"itemListElement\":[{\"@type\":\"ListItem\",\"position\":1,\"name\":\"Hjem\",\"item\":\"https:\/\/sukrin.com\/no\/\"},{\"@type\":\"ListItem\",\"position\":2,\"name\":\"Produkter\",\"item\":\"https:\/\/sukrin.com\/no\/produkter\"},{\"@type\":\"ListItem\",\"position\":3,\"name\":\"Mel\",\"item\":\"https:\/\/sukrin.com\/no\/product-category\/mel\"},{\"@type\":\"ListItem\",\"position\":4,\"name\":\"FiberFin\"}]},{\"@type\":\"WebSite\",\"@id\":\"https:\/\/sukrin.com\/no\/#website\",\"url\":\"https:\/\/sukrin.com\/no\/\",\"name\":\"Sukrin\",\"description\":\"Enkelt \u00e5 gj\u00f8re noe godt\",\"publisher\":{\"@id\":\"https:\/\/sukrin.com\/no\/#organization\"},\"potentialAction\":[{\"@type\":\"SearchAction\",\"target\":{\"@type\":\"EntryPoint\",\"urlTemplate\":\"https:\/\/sukrin.com\/no\/?s={search_term_string}\"},\"query-input\":{\"@type\":\"PropertyValueSpecification\",\"valueRequired\":true,\"valueName\":\"search_term_string\"}}],\"inLanguage\":\"nb-NO\"},{\"@type\":\"Organization\",\"@id\":\"https:\/\/sukrin.com\/no\/#organization\",\"name\":\"Funksjonell mat\",\"url\":\"https:\/\/sukrin.com\/no\/\",\"logo\":{\"@type\":\"ImageObject\",\"inLanguage\":\"nb-NO\",\"@id\":\"https:\/\/sukrin.com\/no\/#\/schema\/logo\/image\/\",\"url\":\"https:\/\/sukrin.com\/no\/content\/2023\/11\/funksjonell-mat-logo.svg\",\"contentUrl\":\"https:\/\/sukrin.com\/no\/content\/2023\/11\/funksjonell-mat-logo.svg\",\"width\":1,\"height\":1,\"caption\":\"Funksjonell mat\"},\"image\":{\"@id\":\"https:\/\/sukrin.com\/no\/#\/schema\/logo\/image\/\"},\"sameAs\":[\"https:\/\/nb-no.facebook.com\/funksjonellmat\/\",\"https:\/\/www.instagram.com\/sukrin.no\/\",\"https:\/\/tatrck.com\/h\/0Hu30uVO0x7R?url=httpswww.tiktok.comsukrin_official\"]}]}<\/script>\n<!-- \/ Yoast SEO plugin. -->","yoast_head_json":{"title":"Sukrin - FiberFin - fint fibertilskudd med resistent stivelse","description":"Fiberfin er glutenfri og tilf\u00f8rer masse fiber uten \u00e5 endre smak eller utseende. Du kan lage lys finbakst med mer fiber enn ekstra grovt br\u00f8d!","robots":{"index":"index","follow":"follow","max-snippet":"max-snippet:-1","max-image-preview":"max-image-preview:large","max-video-preview":"max-video-preview:-1"},"canonical":"https:\/\/sukrin.com\/no\/produkter\/fiberfin","og_locale":"nb_NO","og_type":"article","og_title":"Sukrin - FiberFin - fint fibertilskudd med resistent stivelse","og_description":"Fiberfin er glutenfri og tilf\u00f8rer masse fiber uten \u00e5 endre smak eller utseende. Du kan lage lys finbakst med mer fiber enn ekstra grovt br\u00f8d!","og_url":"https:\/\/sukrin.com\/no\/produkter\/fiberfin","og_site_name":"Sukrin","article_publisher":"https:\/\/nb-no.facebook.com\/funksjonellmat\/","article_modified_time":"2025-04-10T11:53:37+00:00","twitter_card":"summary_large_image","twitter_misc":{"Ansl. lesetid":"4 minutter"},"schema":{"@context":"https:\/\/schema.org","@graph":[{"@type":"WebPage","@id":"https:\/\/sukrin.com\/no\/produkter\/fiberfin","url":"https:\/\/sukrin.com\/no\/produkter\/fiberfin","name":"Sukrin - FiberFin - fint fibertilskudd med resistent stivelse","isPartOf":{"@id":"https:\/\/sukrin.com\/no\/#website"},"datePublished":"2024-04-23T12:23:44+00:00","dateModified":"2025-04-10T11:53:37+00:00","description":"Fiberfin er glutenfri og tilf\u00f8rer masse fiber uten \u00e5 endre smak eller utseende. Du kan lage lys finbakst med mer fiber enn ekstra grovt br\u00f8d!","breadcrumb":{"@id":"https:\/\/sukrin.com\/no\/produkter\/fiberfin#breadcrumb"},"inLanguage":"nb-NO","potentialAction":[{"@type":"ReadAction","target":["https:\/\/sukrin.com\/no\/produkter\/fiberfin"]}]},{"@type":"BreadcrumbList","@id":"https:\/\/sukrin.com\/no\/produkter\/fiberfin#breadcrumb","itemListElement":[{"@type":"ListItem","position":1,"name":"Hjem","item":"https:\/\/sukrin.com\/no\/"},{"@type":"ListItem","position":2,"name":"Produkter","item":"https:\/\/sukrin.com\/no\/produkter"},{"@type":"ListItem","position":3,"name":"Mel","item":"https:\/\/sukrin.com\/no\/product-category\/mel"},{"@type":"ListItem","position":4,"name":"FiberFin"}]},{"@type":"WebSite","@id":"https:\/\/sukrin.com\/no\/#website","url":"https:\/\/sukrin.com\/no\/","name":"Sukrin","description":"Enkelt \u00e5 gj\u00f8re noe godt","publisher":{"@id":"https:\/\/sukrin.com\/no\/#organization"},"potentialAction":[{"@type":"SearchAction","target":{"@type":"EntryPoint","urlTemplate":"https:\/\/sukrin.com\/no\/?s={search_term_string}"},"query-input":{"@type":"PropertyValueSpecification","valueRequired":true,"valueName":"search_term_string"}}],"inLanguage":"nb-NO"},{"@type":"Organization","@id":"https:\/\/sukrin.com\/no\/#organization","name":"Funksjonell mat","url":"https:\/\/sukrin.com\/no\/","logo":{"@type":"ImageObject","inLanguage":"nb-NO","@id":"https:\/\/sukrin.com\/no\/#\/schema\/logo\/image\/","url":"https:\/\/sukrin.com\/no\/content\/2023\/11\/funksjonell-mat-logo.svg","contentUrl":"https:\/\/sukrin.com\/no\/content\/2023\/11\/funksjonell-mat-logo.svg","width":1,"height":1,"caption":"Funksjonell mat"},"image":{"@id":"https:\/\/sukrin.com\/no\/#\/schema\/logo\/image\/"},"sameAs":["https:\/\/nb-no.facebook.com\/funksjonellmat\/","https:\/\/www.instagram.com\/sukrin.no\/","https:\/\/tatrck.com\/h\/0Hu30uVO0x7R?url=httpswww.tiktok.comsukrin_official"]}]}},"_links":{"self":[{"href":"https:\/\/sukrin.com\/no\/wp-json\/wp\/v2\/product\/1029","targetHints":{"allow":["GET"]}}],"collection":[{"href":"https:\/\/sukrin.com\/no\/wp-json\/wp\/v2\/product"}],"about":[{"href":"https:\/\/sukrin.com\/no\/wp-json\/wp\/v2\/types\/product"}],"wp:attachment":[{"href":"https:\/\/sukrin.com\/no\/wp-json\/wp\/v2\/media?parent=1029"}],"wp:term":[{"taxonomy":"product-category","embeddable":true,"href":"https:\/\/sukrin.com\/no\/wp-json\/wp\/v2\/product-category?post=1029"}],"curies":[{"name":"wp","href":"https:\/\/api.w.org\/{rel}","templated":true}]}}