{"id":1019,"date":"2024-04-23T14:13:31","date_gmt":"2024-04-23T12:13:31","guid":{"rendered":"https:\/\/sukrin.com\/no\/?post_type=product&#038;p=1019"},"modified":"2025-01-24T09:32:10","modified_gmt":"2025-01-24T08:32:10","slug":"sjokomelk","status":"publish","type":"product","link":"https:\/\/sukrin.com\/no\/produkter\/sjokomelk","title":{"rendered":"Sukrin Chocolate drink"},"content":{"rendered":"\n<figure class=\"wp-block-image size-full\"><img loading=\"lazy\" decoding=\"async\" width=\"2560\" height=\"1708\" src=\"https:\/\/sukrin.com\/no\/content\/2024\/04\/shutterstock-1848868882-scaled.jpg\" alt=\"\" class=\"wp-image-1179\" srcset=\"https:\/\/sukrin.com\/no\/content\/2024\/04\/shutterstock-1848868882-scaled.jpg 2560w, https:\/\/sukrin.com\/no\/content\/2024\/04\/shutterstock-1848868882-768x513.jpg 768w, https:\/\/sukrin.com\/no\/content\/2024\/04\/shutterstock-1848868882-2048x1367.jpg 2048w, https:\/\/sukrin.com\/no\/content\/2024\/04\/shutterstock-1848868882-300x200.jpg 300w, https:\/\/sukrin.com\/no\/content\/2024\/04\/shutterstock-1848868882-590x394.jpg 590w, https:\/\/sukrin.com\/no\/content\/2024\/04\/shutterstock-1848868882-1536x1025.jpg 1536w, https:\/\/sukrin.com\/no\/content\/2024\/04\/shutterstock-1848868882-500x334.jpg 500w, https:\/\/sukrin.com\/no\/content\/2024\/04\/shutterstock-1848868882-60x40.jpg 60w\" sizes=\"auto, (max-width: 2560px) 100vw, 2560px\" \/><\/figure>\n\n\n\n<h2 class=\"wp-block-heading\">Tips til bruk<\/h2>\n\n\n\n<ul class=\"wp-block-list\">\n<li>Bruk som str\u00f8 over iskrem<\/li>\n\n\n\n<li>Bruk som str\u00f8 over banan p\u00e5 br\u00f8dskive<\/li>\n\n\n\n<li>Tilsett i milkshake eller smoothies<\/li>\n\n\n\n<li>Tilsett i havregr\u00f8t, chiapudding e.l.<\/li>\n\n\n\n<li>Bland inn i yoghurd, cottage cheese e.l.<\/li>\n\n\n\n<li>Bland i kremfl\u00f8te og lag pisket sjokoladekrem<\/li>\n\n\n\n<li>Bruk i sjokoladeglasur<\/li>\n\n\n\n<li>Trill marsipankuler eller tr\u00f8fler i pulveret<\/li>\n<\/ul>\n\n\n\n<ul class=\"wp-block-list\">\n<li>Lag ismocca: L\u00f8s opp 1 ts pulverkaffe, 1 ts Sukrin Gold og 1 ts Choclate Drink i 1 ss varmt vann. Tilsett 2 dl melk og r\u00f8r sammen. Gj\u00f8r klar et nytt glass med litt SukrinSirup langs sidene og isbiter. Hell blandingen over isbitene. Topp med krem og server.<\/li>\n<\/ul>\n\n\n<div id=\"block_409bfc7a527b6ff7938720ef6ca12ffc\" class=\"block-featured-retailers\">\n            <h2>Forhandlere<\/h2>\n                <div class=\"retailers\">\n                            <a class=\"retailer\" target=\"_blank\" href=\"https:\/\/www.life.no\/butikker\">\n                    <img decoding=\"async\" src=\"https:\/\/sukrin.com\/no\/content\/2024\/03\/butikklogo_life-01.svg\" alt=\"Life\">\n                <\/a>\n                            <a class=\"retailer\" target=\"_blank\" href=\"https:\/\/sunkost.no\/butikker\">\n                    <img decoding=\"async\" src=\"https:\/\/sukrin.com\/no\/content\/2024\/03\/butikklogo_sunkost-01.svg\" alt=\"Sunkost\">\n                <\/a>\n                            <a class=\"retailer\" target=\"_blank\" href=\"https:\/\/www.kinsarvik.no\/pages\/finn-butikk\">\n                    <img decoding=\"async\" src=\"https:\/\/sukrin.com\/no\/content\/2024\/03\/butikklogo_kinsarvik-01.svg\" alt=\"Kinsarvik Naturkost\">\n                <\/a>\n                            <a class=\"retailer\" target=\"_blank\" href=\"https:\/\/meny.no\/Finn-butikk\/\">\n                    <img decoding=\"async\" src=\"https:\/\/sukrin.com\/no\/content\/2024\/03\/butikklogo_meny-01.svg\" alt=\"Meny\">\n                <\/a>\n                            <a class=\"retailer\" target=\"_blank\" href=\"https:\/\/spar.no\/Finn-butikk\/\">\n                    <img decoding=\"async\" src=\"https:\/\/sukrin.com\/no\/content\/2024\/03\/butikklogo_spar-01.svg\" alt=\"Spar\">\n                <\/a>\n                            <a class=\"retailer\" target=\"_blank\" href=\"https:\/\/www.bunnpris.no\/butikker\">\n                    <img decoding=\"async\" src=\"https:\/\/sukrin.com\/no\/content\/2024\/03\/butikklogo_bunnpris-01.svg\" alt=\"Bunnpris\">\n                <\/a>\n                            <a class=\"retailer\" target=\"_blank\" href=\"https:\/\/butikk.funksjonellmat.no\/\">\n                    <img decoding=\"async\" src=\"https:\/\/sukrin.com\/no\/content\/2024\/06\/sukrin_nettbutikk-02-2.svg\" alt=\"Sukrin nettbutikk\">\n                <\/a>\n                    <\/div>\n    <\/div>\n","protected":false},"excerpt":{"rendered":"<p>Sjokoladepulver til bruk i melk eller som smakstilsetning<\/p>\n","protected":false},"featured_media":0,"template":"","product-category":[14],"class_list":["post-1019","product","type-product","status-publish","hentry","product-category-snacks"],"acf":[],"yoast_head":"<!-- This site is optimized with the Yoast SEO plugin v27.2 - https:\/\/yoast.com\/product\/yoast-seo-wordpress\/ -->\n<title>Sukrin Chocolate drink - lavkalori sjokoladepulver uten sukker<\/title>\n<meta name=\"description\" content=\"Sunnere alternativ til O\u2019boy\/Nesquick \u2013 uten tilsatt sukker. Passer i varm og kald melk av alle slag. Kan ogs\u00e5 brukes i kremer og desserter.\" \/>\n<meta name=\"robots\" content=\"index, follow, max-snippet:-1, max-image-preview:large, max-video-preview:-1\" \/>\n<link rel=\"canonical\" href=\"https:\/\/sukrin.com\/no\/produkter\/sjokomelk\" \/>\n<meta property=\"og:locale\" content=\"nb_NO\" \/>\n<meta property=\"og:type\" content=\"article\" \/>\n<meta property=\"og:title\" content=\"Sukrin Chocolate drink - lavkalori sjokoladepulver uten sukker\" \/>\n<meta property=\"og:description\" content=\"Sunnere alternativ til O\u2019boy\/Nesquick \u2013 uten tilsatt sukker. Passer i varm og kald melk av alle slag. Kan ogs\u00e5 brukes i kremer og desserter.\" \/>\n<meta property=\"og:url\" content=\"https:\/\/sukrin.com\/no\/produkter\/sjokomelk\" \/>\n<meta property=\"og:site_name\" content=\"Sukrin\" \/>\n<meta property=\"article:publisher\" content=\"https:\/\/nb-no.facebook.com\/funksjonellmat\/\" \/>\n<meta property=\"article:modified_time\" content=\"2025-01-24T08:32:10+00:00\" \/>\n<meta property=\"og:image\" content=\"https:\/\/sukrin.com\/no\/content\/2024\/04\/shutterstock-1848868882-scaled.jpg\" \/>\n\t<meta property=\"og:image:width\" content=\"2560\" \/>\n\t<meta property=\"og:image:height\" content=\"1708\" \/>\n\t<meta property=\"og:image:type\" content=\"image\/jpeg\" \/>\n<meta name=\"twitter:card\" content=\"summary_large_image\" \/>\n<meta name=\"twitter:label1\" content=\"Ansl. lesetid\" \/>\n\t<meta name=\"twitter:data1\" content=\"2 minutter\" \/>\n<script type=\"application\/ld+json\" class=\"yoast-schema-graph\">{\"@context\":\"https:\/\/schema.org\",\"@graph\":[{\"@type\":\"WebPage\",\"@id\":\"https:\/\/sukrin.com\/no\/produkter\/sjokomelk\",\"url\":\"https:\/\/sukrin.com\/no\/produkter\/sjokomelk\",\"name\":\"Sukrin Chocolate drink - lavkalori sjokoladepulver uten sukker\",\"isPartOf\":{\"@id\":\"https:\/\/sukrin.com\/no\/#website\"},\"primaryImageOfPage\":{\"@id\":\"https:\/\/sukrin.com\/no\/produkter\/sjokomelk#primaryimage\"},\"image\":{\"@id\":\"https:\/\/sukrin.com\/no\/produkter\/sjokomelk#primaryimage\"},\"thumbnailUrl\":\"https:\/\/sukrin.com\/no\/content\/2024\/04\/shutterstock-1848868882-scaled.jpg\",\"datePublished\":\"2024-04-23T12:13:31+00:00\",\"dateModified\":\"2025-01-24T08:32:10+00:00\",\"description\":\"Sunnere alternativ til O\u2019boy\/Nesquick \u2013 uten tilsatt sukker. Passer i varm og kald melk av alle slag. Kan ogs\u00e5 brukes i kremer og desserter.\",\"breadcrumb\":{\"@id\":\"https:\/\/sukrin.com\/no\/produkter\/sjokomelk#breadcrumb\"},\"inLanguage\":\"nb-NO\",\"potentialAction\":[{\"@type\":\"ReadAction\",\"target\":[\"https:\/\/sukrin.com\/no\/produkter\/sjokomelk\"]}]},{\"@type\":\"ImageObject\",\"inLanguage\":\"nb-NO\",\"@id\":\"https:\/\/sukrin.com\/no\/produkter\/sjokomelk#primaryimage\",\"url\":\"https:\/\/sukrin.com\/no\/content\/2024\/04\/shutterstock-1848868882-scaled.jpg\",\"contentUrl\":\"https:\/\/sukrin.com\/no\/content\/2024\/04\/shutterstock-1848868882-scaled.jpg\",\"width\":2560,\"height\":1708,\"caption\":\"Marsipan rullet i kakao\"},{\"@type\":\"BreadcrumbList\",\"@id\":\"https:\/\/sukrin.com\/no\/produkter\/sjokomelk#breadcrumb\",\"itemListElement\":[{\"@type\":\"ListItem\",\"position\":1,\"name\":\"Hjem\",\"item\":\"https:\/\/sukrin.com\/no\/\"},{\"@type\":\"ListItem\",\"position\":2,\"name\":\"Produkter\",\"item\":\"https:\/\/sukrin.com\/no\/produkter\"},{\"@type\":\"ListItem\",\"position\":3,\"name\":\"Snacks\",\"item\":\"https:\/\/sukrin.com\/no\/product-category\/snacks\"},{\"@type\":\"ListItem\",\"position\":4,\"name\":\"Sukrin Chocolate drink\"}]},{\"@type\":\"WebSite\",\"@id\":\"https:\/\/sukrin.com\/no\/#website\",\"url\":\"https:\/\/sukrin.com\/no\/\",\"name\":\"Sukrin\",\"description\":\"Enkelt \u00e5 gj\u00f8re noe godt\",\"publisher\":{\"@id\":\"https:\/\/sukrin.com\/no\/#organization\"},\"potentialAction\":[{\"@type\":\"SearchAction\",\"target\":{\"@type\":\"EntryPoint\",\"urlTemplate\":\"https:\/\/sukrin.com\/no\/?s={search_term_string}\"},\"query-input\":{\"@type\":\"PropertyValueSpecification\",\"valueRequired\":true,\"valueName\":\"search_term_string\"}}],\"inLanguage\":\"nb-NO\"},{\"@type\":\"Organization\",\"@id\":\"https:\/\/sukrin.com\/no\/#organization\",\"name\":\"Funksjonell mat\",\"url\":\"https:\/\/sukrin.com\/no\/\",\"logo\":{\"@type\":\"ImageObject\",\"inLanguage\":\"nb-NO\",\"@id\":\"https:\/\/sukrin.com\/no\/#\/schema\/logo\/image\/\",\"url\":\"https:\/\/sukrin.com\/no\/content\/2023\/11\/funksjonell-mat-logo.svg\",\"contentUrl\":\"https:\/\/sukrin.com\/no\/content\/2023\/11\/funksjonell-mat-logo.svg\",\"width\":1,\"height\":1,\"caption\":\"Funksjonell mat\"},\"image\":{\"@id\":\"https:\/\/sukrin.com\/no\/#\/schema\/logo\/image\/\"},\"sameAs\":[\"https:\/\/nb-no.facebook.com\/funksjonellmat\/\",\"https:\/\/www.instagram.com\/sukrin.no\/\",\"https:\/\/tatrck.com\/h\/0Hu30uVO0x7R?url=httpswww.tiktok.comsukrin_official\"]}]}<\/script>\n<!-- \/ Yoast SEO plugin. -->","yoast_head_json":{"title":"Sukrin Chocolate drink - lavkalori sjokoladepulver uten sukker","description":"Sunnere alternativ til O\u2019boy\/Nesquick \u2013 uten tilsatt sukker. Passer i varm og kald melk av alle slag. Kan ogs\u00e5 brukes i kremer og desserter.","robots":{"index":"index","follow":"follow","max-snippet":"max-snippet:-1","max-image-preview":"max-image-preview:large","max-video-preview":"max-video-preview:-1"},"canonical":"https:\/\/sukrin.com\/no\/produkter\/sjokomelk","og_locale":"nb_NO","og_type":"article","og_title":"Sukrin Chocolate drink - lavkalori sjokoladepulver uten sukker","og_description":"Sunnere alternativ til O\u2019boy\/Nesquick \u2013 uten tilsatt sukker. Passer i varm og kald melk av alle slag. Kan ogs\u00e5 brukes i kremer og desserter.","og_url":"https:\/\/sukrin.com\/no\/produkter\/sjokomelk","og_site_name":"Sukrin","article_publisher":"https:\/\/nb-no.facebook.com\/funksjonellmat\/","article_modified_time":"2025-01-24T08:32:10+00:00","og_image":[{"width":2560,"height":1708,"url":"https:\/\/sukrin.com\/no\/content\/2024\/04\/shutterstock-1848868882-scaled.jpg","type":"image\/jpeg"}],"twitter_card":"summary_large_image","twitter_misc":{"Ansl. lesetid":"2 minutter"},"schema":{"@context":"https:\/\/schema.org","@graph":[{"@type":"WebPage","@id":"https:\/\/sukrin.com\/no\/produkter\/sjokomelk","url":"https:\/\/sukrin.com\/no\/produkter\/sjokomelk","name":"Sukrin Chocolate drink - lavkalori sjokoladepulver uten sukker","isPartOf":{"@id":"https:\/\/sukrin.com\/no\/#website"},"primaryImageOfPage":{"@id":"https:\/\/sukrin.com\/no\/produkter\/sjokomelk#primaryimage"},"image":{"@id":"https:\/\/sukrin.com\/no\/produkter\/sjokomelk#primaryimage"},"thumbnailUrl":"https:\/\/sukrin.com\/no\/content\/2024\/04\/shutterstock-1848868882-scaled.jpg","datePublished":"2024-04-23T12:13:31+00:00","dateModified":"2025-01-24T08:32:10+00:00","description":"Sunnere alternativ til O\u2019boy\/Nesquick \u2013 uten tilsatt sukker. Passer i varm og kald melk av alle slag. Kan ogs\u00e5 brukes i kremer og desserter.","breadcrumb":{"@id":"https:\/\/sukrin.com\/no\/produkter\/sjokomelk#breadcrumb"},"inLanguage":"nb-NO","potentialAction":[{"@type":"ReadAction","target":["https:\/\/sukrin.com\/no\/produkter\/sjokomelk"]}]},{"@type":"ImageObject","inLanguage":"nb-NO","@id":"https:\/\/sukrin.com\/no\/produkter\/sjokomelk#primaryimage","url":"https:\/\/sukrin.com\/no\/content\/2024\/04\/shutterstock-1848868882-scaled.jpg","contentUrl":"https:\/\/sukrin.com\/no\/content\/2024\/04\/shutterstock-1848868882-scaled.jpg","width":2560,"height":1708,"caption":"Marsipan rullet i kakao"},{"@type":"BreadcrumbList","@id":"https:\/\/sukrin.com\/no\/produkter\/sjokomelk#breadcrumb","itemListElement":[{"@type":"ListItem","position":1,"name":"Hjem","item":"https:\/\/sukrin.com\/no\/"},{"@type":"ListItem","position":2,"name":"Produkter","item":"https:\/\/sukrin.com\/no\/produkter"},{"@type":"ListItem","position":3,"name":"Snacks","item":"https:\/\/sukrin.com\/no\/product-category\/snacks"},{"@type":"ListItem","position":4,"name":"Sukrin Chocolate drink"}]},{"@type":"WebSite","@id":"https:\/\/sukrin.com\/no\/#website","url":"https:\/\/sukrin.com\/no\/","name":"Sukrin","description":"Enkelt \u00e5 gj\u00f8re noe godt","publisher":{"@id":"https:\/\/sukrin.com\/no\/#organization"},"potentialAction":[{"@type":"SearchAction","target":{"@type":"EntryPoint","urlTemplate":"https:\/\/sukrin.com\/no\/?s={search_term_string}"},"query-input":{"@type":"PropertyValueSpecification","valueRequired":true,"valueName":"search_term_string"}}],"inLanguage":"nb-NO"},{"@type":"Organization","@id":"https:\/\/sukrin.com\/no\/#organization","name":"Funksjonell mat","url":"https:\/\/sukrin.com\/no\/","logo":{"@type":"ImageObject","inLanguage":"nb-NO","@id":"https:\/\/sukrin.com\/no\/#\/schema\/logo\/image\/","url":"https:\/\/sukrin.com\/no\/content\/2023\/11\/funksjonell-mat-logo.svg","contentUrl":"https:\/\/sukrin.com\/no\/content\/2023\/11\/funksjonell-mat-logo.svg","width":1,"height":1,"caption":"Funksjonell mat"},"image":{"@id":"https:\/\/sukrin.com\/no\/#\/schema\/logo\/image\/"},"sameAs":["https:\/\/nb-no.facebook.com\/funksjonellmat\/","https:\/\/www.instagram.com\/sukrin.no\/","https:\/\/tatrck.com\/h\/0Hu30uVO0x7R?url=httpswww.tiktok.comsukrin_official"]}]}},"_links":{"self":[{"href":"https:\/\/sukrin.com\/no\/wp-json\/wp\/v2\/product\/1019","targetHints":{"allow":["GET"]}}],"collection":[{"href":"https:\/\/sukrin.com\/no\/wp-json\/wp\/v2\/product"}],"about":[{"href":"https:\/\/sukrin.com\/no\/wp-json\/wp\/v2\/types\/product"}],"wp:attachment":[{"href":"https:\/\/sukrin.com\/no\/wp-json\/wp\/v2\/media?parent=1019"}],"wp:term":[{"taxonomy":"product-category","embeddable":true,"href":"https:\/\/sukrin.com\/no\/wp-json\/wp\/v2\/product-category?post=1019"}],"curies":[{"name":"wp","href":"https:\/\/api.w.org\/{rel}","templated":true}]}}