{"id":1007,"date":"2024-04-23T13:57:37","date_gmt":"2024-04-23T11:57:37","guid":{"rendered":"https:\/\/sukrin.com\/no\/?post_type=product&#038;p=1007"},"modified":"2026-01-21T07:53:18","modified_gmt":"2026-01-21T06:53:18","slug":"sjokolademousse","status":"publish","type":"product","link":"https:\/\/sukrin.com\/no\/produkter\/sjokolademousse","title":{"rendered":"Sjokolademousse"},"content":{"rendered":"\n<div class=\"wp-block-cover is-light\" style=\"min-height:5em;aspect-ratio:unset;\"><span aria-hidden=\"true\" class=\"wp-block-cover__background has-light-beige-background-color has-background-dim\"><\/span><div class=\"wp-block-cover__inner-container is-layout-constrained wp-block-cover-is-layout-constrained\">\n<p class=\"has-text-align-left has-dark-blue-color has-text-color has-link-color has-medium-font-size wp-elements-40f229f291b7bedf5473b8e169564da0\"><strong>N\u00e6ringsinnhold for bare pulver i en hel pose<\/strong><\/p>\n\n\n\n<p class=\"has-dark-blue-color has-text-color has-link-color wp-elements-ed5c1bb722b7327a475f3ccee3a4cd39\"><strong>Original: <\/strong>258 kcal &#8211; 5,8 g protein &#8211; 44 g karbohydrat (hvorav 26 g polyoler, 8 g sukkerarter) &#8211; 17 g netto karbohydrat &#8211; 16 g fett (hvorav 12 g mettet fett) &#8211; 16 g kostfiber<\/p>\n\n\n\n<p class=\"has-dark-blue-color has-text-color has-link-color wp-elements-9983a9f0d99114789c755f7c14e10882\"><strong>Hasseln\u00f8tt:<\/strong> 260 kcal &#8211; 5,4 g protein &#8211; 44 g karbohydrat (hvorav 26 g polyoler, 8 g sukkerarter) &#8211; 17 g netto karbohydrat &#8211; 16 g fett (hvorav 12 g mettet fett) &#8211; 15 g kostfiber<\/p>\n<\/div><\/div>\n\n\n\n<div class=\"wp-block-group alignwide is-layout-flow wp-block-group-is-layout-flow\">\n\n\n<div style=\"height:59px\" aria-hidden=\"true\" class=\"wp-block-spacer\"><\/div>\n<\/div>\n\n\n\n<div class=\"wp-block-group alignwide is-layout-flow wp-block-group-is-layout-flow\">\n<div style=\"padding-bottom: 56.25%; position: relative;\"><iframe loading=\"lazy\" width=\"100%\" height=\"100%\" src=\"https:\/\/www.youtube.com\/embed\/uWiazwgmhR4?autoplay=1&#038;loop=1&#038;modestbranding=1&#038;mute=1&#038;playlist=uWiazwgmhR4&#038;rel=0\" frameborder=\"0\" allow=\"accelerometer; autoplay; encrypted-media; gyroscope; picture-in-picture; fullscreen\"  style=\"position: absolute; top: 0px; left: 0px; width: 100%; height: 100%;\"><\/iframe><\/div>\n<\/div>\n\n\n<div id=\"block_c1377e7cebef9b6fce9fcc5b522a5c8e\" class=\"block-faq aligncenter\">\n    <div class=\"wrapper\">\n        <div class=\"header\">\n                            <h2>Ofte stilte sp\u00f8rsm\u00e5l<\/h2>\n                    <\/div>\n\n                    <div class=\"faqs\">\n                                    <div class=\"faq\">\n                        <div class=\"faq__header\">\n                            <h3>Hvor kommer sukkerartene i moussen fra?<\/h3>\n                            <button class=\"toggle\">+<\/button>\n                        <\/div>\n                        <div class=\"faq__content\">\n                            <!-- wp:paragraph -->\n<p>Det totale innholdet av sukkerarter i ferdig mousse er en kombinasjon av glukose fra piskeemulgatoren, naturlig forekommende sukkerarter i de andre ingrediensene og laktose i melken som tilsettes. 40 % av sukkerartene kommer fra lettmelken. Hvis du velger \u00e5 bruke en plantemelk uten sukkerarter, reduserer du alts\u00e5 innholde av sukkerarter med 40 %. <\/p>\n<!-- \/wp:paragraph -->                        <\/div>\n                    <\/div>\n                                    <div class=\"faq\">\n                        <div class=\"faq__header\">\n                            <h3>Hvordan kan moussen v\u00e6re &laquo;uten tilsatt sukker&raquo; n\u00e5r den inneholder glukose?<\/h3>\n                            <button class=\"toggle\">+<\/button>\n                        <\/div>\n                        <div class=\"faq__content\">\n                            <!-- wp:paragraph -->\n<p>I moussen bruker vi en piskeemulgator som inneholder glukose. Glukosen fungerer som b\u00e6rer for de andre ingrediensene i emulgatoren, og er ikke tilsatt for \u00e5 gj\u00f8re produktet s\u00f8tere. Derfor kan vi skrive at moussen er\u00a0\u00abuten tilsatt sukker\u00bb, selv om den inneholder en liten mengde glukose.<\/p>\n<!-- \/wp:paragraph -->                        <\/div>\n                    <\/div>\n                                    <div class=\"faq\">\n                        <div class=\"faq__header\">\n                            <h3>Hvorfor kan dere ikke fjerne glukose fra emulgatoren?<\/h3>\n                            <button class=\"toggle\">+<\/button>\n                        <\/div>\n                        <div class=\"faq__content\">\n                            <!-- wp:paragraph -->\n<p>Emulgatoren vi bruker er et ferdig produkt, og det er et sv\u00e6rt begrenset utvalg av emulgatorer som fungerer p\u00e5 den m\u00e5ten det er behov for i moussen. Vi skulle \u00f8nske det fantes et alternativ uten glukose, og vil fortsette \u00e5 jobbe for dette.<\/p>\n<!-- \/wp:paragraph -->                        <\/div>\n                    <\/div>\n                            <\/div>\n            <\/div>\n<\/div>\n\n\n<div id=\"block_e20f17982ac8395619a492608dca6605\" class=\"block-featured-retailers\">\n            <h2>Forhandlere<\/h2>\n                <div class=\"retailers\">\n                            <a class=\"retailer\" target=\"_blank\" href=\"https:\/\/www.life.no\/butikker\">\n                    <img decoding=\"async\" src=\"https:\/\/sukrin.com\/no\/content\/2024\/03\/butikklogo_life-01.svg\" alt=\"Life\">\n                <\/a>\n                            <a class=\"retailer\" target=\"_blank\" href=\"https:\/\/sunkost.no\/butikker\">\n                    <img decoding=\"async\" src=\"https:\/\/sukrin.com\/no\/content\/2024\/03\/butikklogo_sunkost-01.svg\" alt=\"Sunkost\">\n                <\/a>\n                            <a class=\"retailer\" target=\"_blank\" href=\"https:\/\/www.kinsarvik.no\/pages\/finn-butikk\">\n                    <img decoding=\"async\" src=\"https:\/\/sukrin.com\/no\/content\/2024\/03\/butikklogo_kinsarvik-01.svg\" alt=\"Kinsarvik Naturkost\">\n                <\/a>\n                            <a class=\"retailer\" target=\"_blank\" href=\"https:\/\/meny.no\/Finn-butikk\/\">\n                    <img decoding=\"async\" src=\"https:\/\/sukrin.com\/no\/content\/2024\/03\/butikklogo_meny-01.svg\" alt=\"Meny\">\n                <\/a>\n                            <a class=\"retailer\" target=\"_blank\" href=\"https:\/\/kiwi.no\/Finn-butikk\/\">\n                    <img decoding=\"async\" src=\"https:\/\/sukrin.com\/no\/content\/2024\/03\/butikklogo_kiwi-01.svg\" alt=\"Kiwi\">\n                <\/a>\n                            <a class=\"retailer\" target=\"_blank\" href=\"https:\/\/www.rema.no\/butikker\">\n                    <img decoding=\"async\" src=\"https:\/\/sukrin.com\/no\/content\/2024\/03\/butikklogo_rema-01.svg\" alt=\"Rema1000\">\n                <\/a>\n                            <a class=\"retailer\" target=\"_blank\" href=\"https:\/\/www.coop.no\/butikker?chainid=02&#038;coop_chain=Mega\">\n                    <img decoding=\"async\" src=\"https:\/\/sukrin.com\/no\/content\/2024\/05\/butikklogo_coop_mega-01.svg\" alt=\"Coop Mega\">\n                <\/a>\n                            <a class=\"retailer\" target=\"_blank\" href=\"https:\/\/www.coop.no\/butikker?chainid=02&#038;coop_chain=Obs\">\n                    <img decoding=\"async\" src=\"https:\/\/sukrin.com\/no\/content\/2024\/05\/butikklogo_coop_obs-01.svg\" alt=\"Coop Obs\">\n                <\/a>\n                            <a class=\"retailer\" target=\"_blank\" href=\"https:\/\/www.coop.no\/butikker?chainid=02&#038;coop_chain=Extra\">\n                    <img decoding=\"async\" src=\"https:\/\/sukrin.com\/no\/content\/2024\/05\/butikklogo_coop_extra-01.svg\" alt=\"Coop Extra\">\n                <\/a>\n                            <a class=\"retailer\" target=\"_blank\" href=\"https:\/\/spar.no\/Finn-butikk\/\">\n                    <img decoding=\"async\" src=\"https:\/\/sukrin.com\/no\/content\/2024\/03\/butikklogo_spar-01.svg\" alt=\"Spar\">\n                <\/a>\n                            <a class=\"retailer\" target=\"_blank\" href=\"https:\/\/www.bunnpris.no\/butikker\">\n                    <img decoding=\"async\" src=\"https:\/\/sukrin.com\/no\/content\/2024\/03\/butikklogo_bunnpris-01.svg\" alt=\"Bunnpris\">\n                <\/a>\n                            <a class=\"retailer\" target=\"_blank\" href=\"https:\/\/joker.no\/Finn-butikk\/\">\n                    <img decoding=\"async\" src=\"https:\/\/sukrin.com\/no\/content\/2024\/03\/butikklogo_joker-01.svg\" alt=\"Joker\">\n                <\/a>\n                            <a class=\"retailer\" target=\"_blank\" href=\"https:\/\/oda.com\/no\/search\/?filter_brand=277&#038;q=sukrin\">\n                    <img decoding=\"async\" src=\"https:\/\/sukrin.com\/no\/content\/2024\/03\/butikklogo_oda-01.svg\" alt=\"Oda\">\n                <\/a>\n                            <a class=\"retailer\" target=\"_blank\" href=\"https:\/\/butikk.funksjonellmat.no\/\">\n                    <img decoding=\"async\" src=\"https:\/\/sukrin.com\/no\/content\/2024\/06\/sukrin_nettbutikk-02-2.svg\" alt=\"Sukrin nettbutikk\">\n                <\/a>\n                    <\/div>\n    <\/div>\n","protected":false},"excerpt":{"rendered":"<p>Nyhet: Sjokolademousse med hasseln\u00f8ttsmak<\/p>\n","protected":false},"featured_media":0,"template":"","product-category":[17],"class_list":["post-1007","product","type-product","status-publish","hentry","product-category-desserter"],"acf":[],"yoast_head":"<!-- This site is optimized with the Yoast SEO plugin v27.2 - https:\/\/yoast.com\/product\/yoast-seo-wordpress\/ -->\n<title>Sukrin sjokolademousse - mousse uten tilsatt sukker<\/title>\n<meta name=\"description\" content=\"Publikumsfavoritten Sukrin Chocolate mousse har en &#039;syndig god&#039; smak og konsistens. Finnes ogs\u00e5 med hasseln\u00f8ttsmak.\" \/>\n<meta name=\"robots\" content=\"index, follow, max-snippet:-1, max-image-preview:large, max-video-preview:-1\" \/>\n<link rel=\"canonical\" href=\"https:\/\/sukrin.com\/no\/produkter\/sjokolademousse\" \/>\n<meta property=\"og:locale\" content=\"nb_NO\" \/>\n<meta property=\"og:type\" content=\"article\" \/>\n<meta property=\"og:title\" content=\"Sukrin sjokolademousse - mousse uten tilsatt sukker\" \/>\n<meta property=\"og:description\" content=\"Publikumsfavoritten Sukrin Chocolate mousse har en &#039;syndig god&#039; smak og konsistens. Finnes ogs\u00e5 med hasseln\u00f8ttsmak.\" \/>\n<meta property=\"og:url\" content=\"https:\/\/sukrin.com\/no\/produkter\/sjokolademousse\" \/>\n<meta property=\"og:site_name\" content=\"Sukrin\" \/>\n<meta property=\"article:publisher\" content=\"https:\/\/nb-no.facebook.com\/funksjonellmat\/\" \/>\n<meta property=\"article:modified_time\" content=\"2026-01-21T06:53:18+00:00\" \/>\n<meta name=\"twitter:card\" content=\"summary_large_image\" \/>\n<meta name=\"twitter:label1\" content=\"Ansl. lesetid\" \/>\n\t<meta name=\"twitter:data1\" content=\"3 minutter\" \/>\n<script type=\"application\/ld+json\" class=\"yoast-schema-graph\">{\"@context\":\"https:\/\/schema.org\",\"@graph\":[{\"@type\":\"WebPage\",\"@id\":\"https:\/\/sukrin.com\/no\/produkter\/sjokolademousse\",\"url\":\"https:\/\/sukrin.com\/no\/produkter\/sjokolademousse\",\"name\":\"Sukrin sjokolademousse - mousse uten tilsatt sukker\",\"isPartOf\":{\"@id\":\"https:\/\/sukrin.com\/no\/#website\"},\"datePublished\":\"2024-04-23T11:57:37+00:00\",\"dateModified\":\"2026-01-21T06:53:18+00:00\",\"description\":\"Publikumsfavoritten Sukrin Chocolate mousse har en 'syndig god' smak og konsistens. Finnes ogs\u00e5 med hasseln\u00f8ttsmak.\",\"breadcrumb\":{\"@id\":\"https:\/\/sukrin.com\/no\/produkter\/sjokolademousse#breadcrumb\"},\"inLanguage\":\"nb-NO\",\"potentialAction\":[{\"@type\":\"ReadAction\",\"target\":[\"https:\/\/sukrin.com\/no\/produkter\/sjokolademousse\"]}]},{\"@type\":\"BreadcrumbList\",\"@id\":\"https:\/\/sukrin.com\/no\/produkter\/sjokolademousse#breadcrumb\",\"itemListElement\":[{\"@type\":\"ListItem\",\"position\":1,\"name\":\"Hjem\",\"item\":\"https:\/\/sukrin.com\/no\/\"},{\"@type\":\"ListItem\",\"position\":2,\"name\":\"Produkter\",\"item\":\"https:\/\/sukrin.com\/no\/produkter\"},{\"@type\":\"ListItem\",\"position\":3,\"name\":\"Desserter\",\"item\":\"https:\/\/sukrin.com\/no\/product-category\/desserter\"},{\"@type\":\"ListItem\",\"position\":4,\"name\":\"Sjokolademousse\"}]},{\"@type\":\"WebSite\",\"@id\":\"https:\/\/sukrin.com\/no\/#website\",\"url\":\"https:\/\/sukrin.com\/no\/\",\"name\":\"Sukrin\",\"description\":\"Enkelt \u00e5 gj\u00f8re noe godt\",\"publisher\":{\"@id\":\"https:\/\/sukrin.com\/no\/#organization\"},\"potentialAction\":[{\"@type\":\"SearchAction\",\"target\":{\"@type\":\"EntryPoint\",\"urlTemplate\":\"https:\/\/sukrin.com\/no\/?s={search_term_string}\"},\"query-input\":{\"@type\":\"PropertyValueSpecification\",\"valueRequired\":true,\"valueName\":\"search_term_string\"}}],\"inLanguage\":\"nb-NO\"},{\"@type\":\"Organization\",\"@id\":\"https:\/\/sukrin.com\/no\/#organization\",\"name\":\"Funksjonell mat\",\"url\":\"https:\/\/sukrin.com\/no\/\",\"logo\":{\"@type\":\"ImageObject\",\"inLanguage\":\"nb-NO\",\"@id\":\"https:\/\/sukrin.com\/no\/#\/schema\/logo\/image\/\",\"url\":\"https:\/\/sukrin.com\/no\/content\/2023\/11\/funksjonell-mat-logo.svg\",\"contentUrl\":\"https:\/\/sukrin.com\/no\/content\/2023\/11\/funksjonell-mat-logo.svg\",\"width\":1,\"height\":1,\"caption\":\"Funksjonell mat\"},\"image\":{\"@id\":\"https:\/\/sukrin.com\/no\/#\/schema\/logo\/image\/\"},\"sameAs\":[\"https:\/\/nb-no.facebook.com\/funksjonellmat\/\",\"https:\/\/www.instagram.com\/sukrin.no\/\",\"https:\/\/tatrck.com\/h\/0Hu30uVO0x7R?url=httpswww.tiktok.comsukrin_official\"]}]}<\/script>\n<!-- \/ Yoast SEO plugin. -->","yoast_head_json":{"title":"Sukrin sjokolademousse - mousse uten tilsatt sukker","description":"Publikumsfavoritten Sukrin Chocolate mousse har en 'syndig god' smak og konsistens. Finnes ogs\u00e5 med hasseln\u00f8ttsmak.","robots":{"index":"index","follow":"follow","max-snippet":"max-snippet:-1","max-image-preview":"max-image-preview:large","max-video-preview":"max-video-preview:-1"},"canonical":"https:\/\/sukrin.com\/no\/produkter\/sjokolademousse","og_locale":"nb_NO","og_type":"article","og_title":"Sukrin sjokolademousse - mousse uten tilsatt sukker","og_description":"Publikumsfavoritten Sukrin Chocolate mousse har en 'syndig god' smak og konsistens. Finnes ogs\u00e5 med hasseln\u00f8ttsmak.","og_url":"https:\/\/sukrin.com\/no\/produkter\/sjokolademousse","og_site_name":"Sukrin","article_publisher":"https:\/\/nb-no.facebook.com\/funksjonellmat\/","article_modified_time":"2026-01-21T06:53:18+00:00","twitter_card":"summary_large_image","twitter_misc":{"Ansl. lesetid":"3 minutter"},"schema":{"@context":"https:\/\/schema.org","@graph":[{"@type":"WebPage","@id":"https:\/\/sukrin.com\/no\/produkter\/sjokolademousse","url":"https:\/\/sukrin.com\/no\/produkter\/sjokolademousse","name":"Sukrin sjokolademousse - mousse uten tilsatt sukker","isPartOf":{"@id":"https:\/\/sukrin.com\/no\/#website"},"datePublished":"2024-04-23T11:57:37+00:00","dateModified":"2026-01-21T06:53:18+00:00","description":"Publikumsfavoritten Sukrin Chocolate mousse har en 'syndig god' smak og konsistens. Finnes ogs\u00e5 med hasseln\u00f8ttsmak.","breadcrumb":{"@id":"https:\/\/sukrin.com\/no\/produkter\/sjokolademousse#breadcrumb"},"inLanguage":"nb-NO","potentialAction":[{"@type":"ReadAction","target":["https:\/\/sukrin.com\/no\/produkter\/sjokolademousse"]}]},{"@type":"BreadcrumbList","@id":"https:\/\/sukrin.com\/no\/produkter\/sjokolademousse#breadcrumb","itemListElement":[{"@type":"ListItem","position":1,"name":"Hjem","item":"https:\/\/sukrin.com\/no\/"},{"@type":"ListItem","position":2,"name":"Produkter","item":"https:\/\/sukrin.com\/no\/produkter"},{"@type":"ListItem","position":3,"name":"Desserter","item":"https:\/\/sukrin.com\/no\/product-category\/desserter"},{"@type":"ListItem","position":4,"name":"Sjokolademousse"}]},{"@type":"WebSite","@id":"https:\/\/sukrin.com\/no\/#website","url":"https:\/\/sukrin.com\/no\/","name":"Sukrin","description":"Enkelt \u00e5 gj\u00f8re noe godt","publisher":{"@id":"https:\/\/sukrin.com\/no\/#organization"},"potentialAction":[{"@type":"SearchAction","target":{"@type":"EntryPoint","urlTemplate":"https:\/\/sukrin.com\/no\/?s={search_term_string}"},"query-input":{"@type":"PropertyValueSpecification","valueRequired":true,"valueName":"search_term_string"}}],"inLanguage":"nb-NO"},{"@type":"Organization","@id":"https:\/\/sukrin.com\/no\/#organization","name":"Funksjonell mat","url":"https:\/\/sukrin.com\/no\/","logo":{"@type":"ImageObject","inLanguage":"nb-NO","@id":"https:\/\/sukrin.com\/no\/#\/schema\/logo\/image\/","url":"https:\/\/sukrin.com\/no\/content\/2023\/11\/funksjonell-mat-logo.svg","contentUrl":"https:\/\/sukrin.com\/no\/content\/2023\/11\/funksjonell-mat-logo.svg","width":1,"height":1,"caption":"Funksjonell mat"},"image":{"@id":"https:\/\/sukrin.com\/no\/#\/schema\/logo\/image\/"},"sameAs":["https:\/\/nb-no.facebook.com\/funksjonellmat\/","https:\/\/www.instagram.com\/sukrin.no\/","https:\/\/tatrck.com\/h\/0Hu30uVO0x7R?url=httpswww.tiktok.comsukrin_official"]}]}},"_links":{"self":[{"href":"https:\/\/sukrin.com\/no\/wp-json\/wp\/v2\/product\/1007","targetHints":{"allow":["GET"]}}],"collection":[{"href":"https:\/\/sukrin.com\/no\/wp-json\/wp\/v2\/product"}],"about":[{"href":"https:\/\/sukrin.com\/no\/wp-json\/wp\/v2\/types\/product"}],"wp:attachment":[{"href":"https:\/\/sukrin.com\/no\/wp-json\/wp\/v2\/media?parent=1007"}],"wp:term":[{"taxonomy":"product-category","embeddable":true,"href":"https:\/\/sukrin.com\/no\/wp-json\/wp\/v2\/product-category?post=1007"}],"curies":[{"name":"wp","href":"https:\/\/api.w.org\/{rel}","templated":true}]}}