{"id":45,"date":"2023-11-01T09:48:10","date_gmt":"2023-11-01T08:48:10","guid":{"rendered":"https:\/\/sukrin.com\/no\/?page_id=45"},"modified":"2026-04-07T10:14:23","modified_gmt":"2026-04-07T08:14:23","slug":"forside","status":"publish","type":"page","link":"https:\/\/sukrin.com\/no\/","title":{"rendered":"Forside"},"content":{"rendered":"\n<h1 class=\"wp-block-heading has-text-align-center has-large-font-size\">S\u00f8tt til alle anledninger<\/h1>\n\n\n\n<p class=\"has-medium-font-size\"><\/p>\n\n\n<div id=\"block_bbfcb20fd3ec07a89756105eb6561087\" class=\"block-featured-products alignwide\">\n\t<div class=\"wrapper\">\n\t\t<div class=\"header\">\n\t\t\t \n\t\t\t \n\t\t\t \n\t\t<\/div>\n\n\t\t\t\t\t<div class=\"products\">\n\t\t\t\t\t\t\t\t\t<article class=\"product\">\n\t\t\t\t\t\t<a href=\"https:\/\/sukrin.com\/no\/produkter\/dessert-mix\">\n\t\t\t\t\t\t\t<header>\n\t\t\t\t\t\t\t\t<img loading=\"lazy\" decoding=\"async\" width=\"225\" height=\"300\" src=\"https:\/\/sukrin.com\/no\/content\/2025\/04\/dessertmix-73g-en-nor-225x300.webp\" class=\"attachment-product-index size-product-index\" alt=\"Sukrin Dessert mix\" srcset=\"https:\/\/sukrin.com\/no\/content\/2025\/04\/dessertmix-73g-en-nor-225x300.webp 225w, https:\/\/sukrin.com\/no\/content\/2025\/04\/dessertmix-73g-en-nor-443x590.webp 443w, https:\/\/sukrin.com\/no\/content\/2025\/04\/dessertmix-73g-en-nor-768x1024.webp 768w, https:\/\/sukrin.com\/no\/content\/2025\/04\/dessertmix-73g-en-nor-1152x1536.webp 1152w, https:\/\/sukrin.com\/no\/content\/2025\/04\/dessertmix-73g-en-nor-1536x2048.webp 1536w, https:\/\/sukrin.com\/no\/content\/2025\/04\/dessertmix-73g-en-nor-488x650.webp 488w, https:\/\/sukrin.com\/no\/content\/2025\/04\/dessertmix-73g-en-nor-45x60.webp 45w, https:\/\/sukrin.com\/no\/content\/2025\/04\/dessertmix-73g-en-nor-scaled.webp 1920w\" sizes=\"auto, (max-width: 225px) 100vw, 225px\" \/>\t\t\t\t\t\t\t<\/header>\n\t\t\t\t\t\t\t<main>\n\t\t\t\t\t\t\t\t<h3>Dessert mix<\/h3>\n\t\t\t\t\t\t\t<\/main>\n\t\t\t\t\t\t\t<footer>\n\t\t\t\t\t\t\t\t<p>Allsidig miks med mange variasjonsmuligheter<\/p>\n\t\t\t\t\t\t\t<\/footer>\n\t\t\t\t\t\t<\/a>\n\t\t\t\t\t<\/article>\n\t\t\t\t\t\t\t\t\t<article class=\"product\">\n\t\t\t\t\t\t<a href=\"https:\/\/sukrin.com\/no\/produkter\/sukrinsirup\">\n\t\t\t\t\t\t\t<header>\n\t\t\t\t\t\t\t\t<img loading=\"lazy\" decoding=\"async\" width=\"225\" height=\"300\" src=\"https:\/\/sukrin.com\/no\/content\/2024\/04\/sukrinsirupgold-maple-caramel-2025-225x300.png\" class=\"attachment-product-index size-product-index\" alt=\"SukrinSirupx3\" srcset=\"https:\/\/sukrin.com\/no\/content\/2024\/04\/sukrinsirupgold-maple-caramel-2025-225x300.png 225w, https:\/\/sukrin.com\/no\/content\/2024\/04\/sukrinsirupgold-maple-caramel-2025-443x590.png 443w, https:\/\/sukrin.com\/no\/content\/2024\/04\/sukrinsirupgold-maple-caramel-2025-768x1024.png 768w, https:\/\/sukrin.com\/no\/content\/2024\/04\/sukrinsirupgold-maple-caramel-2025-488x650.png 488w, https:\/\/sukrin.com\/no\/content\/2024\/04\/sukrinsirupgold-maple-caramel-2025-45x60.png 45w, https:\/\/sukrin.com\/no\/content\/2024\/04\/sukrinsirupgold-maple-caramel-2025.png 900w\" sizes=\"auto, (max-width: 225px) 100vw, 225px\" \/>\t\t\t\t\t\t\t<\/header>\n\t\t\t\t\t\t\t<main>\n\t\t\t\t\t\t\t\t<h3>SukrinSirup<\/h3>\n\t\t\t\t\t\t\t<\/main>\n\t\t\t\t\t\t\t<footer>\n\t\t\t\t\t\t\t\t<p>Sirup uten tilsatt sukker, med halvparten s\u00e5 lite kalorier som sirup og honning<\/p>\n\t\t\t\t\t\t\t<\/footer>\n\t\t\t\t\t\t<\/a>\n\t\t\t\t\t<\/article>\n\t\t\t\t\t\t\t\t\t<article class=\"product\">\n\t\t\t\t\t\t<a href=\"https:\/\/sukrin.com\/no\/produkter\/sukrin-gold\">\n\t\t\t\t\t\t\t<header>\n\t\t\t\t\t\t\t\t<img loading=\"lazy\" decoding=\"async\" width=\"225\" height=\"300\" src=\"https:\/\/sukrin.com\/no\/content\/2024\/03\/sukringold-500g-nor-998945-225x300.png\" class=\"attachment-product-index size-product-index\" alt=\"Sukrin Gold 500 g NOR\" srcset=\"https:\/\/sukrin.com\/no\/content\/2024\/03\/sukringold-500g-nor-998945-225x300.png 225w, https:\/\/sukrin.com\/no\/content\/2024\/03\/sukringold-500g-nor-998945-768x1024.png 768w, https:\/\/sukrin.com\/no\/content\/2024\/03\/sukringold-500g-nor-998945-443x590.png 443w, https:\/\/sukrin.com\/no\/content\/2024\/03\/sukringold-500g-nor-998945-1152x1536.png 1152w, https:\/\/sukrin.com\/no\/content\/2024\/03\/sukringold-500g-nor-998945-1536x2048.png 1536w, https:\/\/sukrin.com\/no\/content\/2024\/03\/sukringold-500g-nor-998945-488x650.png 488w, https:\/\/sukrin.com\/no\/content\/2024\/03\/sukringold-500g-nor-998945-45x60.png 45w\" sizes=\"auto, (max-width: 225px) 100vw, 225px\" \/>\t\t\t\t\t\t\t<\/header>\n\t\t\t\t\t\t\t<main>\n\t\t\t\t\t\t\t\t<h3>Sukrin Gold<\/h3>\n\t\t\t\t\t\t\t<\/main>\n\t\t\t\t\t\t\t<footer>\n\t\t\t\t\t\t\t\t<p>Naturlig og kalorifri &#8211; kan erstatte b\u00e5de brunt og hvitt sukker &#8211; like s\u00f8t som sukker &#8211; perfekt p\u00e5 havregr\u00f8t<\/p>\n\t\t\t\t\t\t\t<\/footer>\n\t\t\t\t\t\t<\/a>\n\t\t\t\t\t<\/article>\n\t\t\t\t\t\t\t<\/div>\n\t\t\t<\/div>\n<\/div> \n\n\n\n<div class=\"wp-block-buttons is-content-justification-center is-layout-flex wp-container-core-buttons-is-layout-16018d1d wp-block-buttons-is-layout-flex\">\n<div class=\"wp-block-button\"><a class=\"wp-block-button__link has-white-color has-dark-blue-background-color has-text-color has-background has-link-color has-medium-font-size has-custom-font-size wp-element-button\" href=\"https:\/\/sukrin.com\/no\/informasjon\/sotstoffguide\" style=\"border-radius:10px\">Finn den s\u00f8tningen som passer best for deg<\/a><\/div>\n<\/div>\n\n\n\n<div style=\"height:5em\" aria-hidden=\"true\" class=\"wp-block-spacer\"><\/div>\n\n\n\n<div id=\"block_16ab1bf462bb8fb765d6f167c6db9e11\" class=\"block-banner alignfull\">\n\t<div class=\"background\" style=\"background-image: url(https:\/\/sukrin.com\/no\/content\/2024\/06\/styrke.jpg); background-size: cover; background-position: 50% 50%;\">\n\t\t<div class=\"wrapper\">\n\t\t\t<div class=\"content\">\n\t\t\t\t\t\t\t\t\t<h2 class=\"content__title\">Slik f\u00e5r du gode vaner som varer<\/h2>\n\t\t\t\t\t\t\t\t\t\t\t\t\t<p class=\"content__text\">Hvis du virkelig \u00f8nsker fremgang og resultater, er kontinuitet det viktigste n\u00f8kkelordet.<\/p>\n\t\t\t\t\t\t\t\t\t\t\t\t\t<a class=\"content__link\" href=\"\/no\/slik-far-du-gode-vaner-som-varer\" title=\"Gode vaner som varer\" target=\"_self\"><\/a>\n\t\t\t\t\t\t\t<\/div>\n\t\t<\/div>\n\t<\/div>\n<\/div>\n\n\n<div id=\"block_4564473662d736e40771c4d6fcabb612\" class=\"block-recipes alignfull\">\n    <div class=\"wrapper\">\n        <div class=\"header\">\n            <h2>Utvalgte oppskrifter<\/h2>\n            <a href=\"https:\/\/sukrin.com\/no\/oppskrifter\">Se alle oppskrifter<\/a>\n        <\/div>\n        <div class=\"recipes\">\n                            <div class=\"recipe\">\n                    <a href=\"https:\/\/sukrin.com\/no\/oppskrifter\/baerkake-med-havrefiber\">\n                        <div class=\"recipe__image\">\n                            <img loading=\"lazy\" decoding=\"async\" width=\"1280\" height=\"1280\" src=\"https:\/\/sukrin.com\/no\/content\/2024\/04\/rp_baerkake.jpg\" class=\"attachment-full size-full wp-post-image\" alt=\"B\u00e6rkake med Havrefiber\" srcset=\"https:\/\/sukrin.com\/no\/content\/2024\/04\/rp_baerkake.jpg 1280w, https:\/\/sukrin.com\/no\/content\/2024\/04\/rp_baerkake-150x150.jpg 150w, https:\/\/sukrin.com\/no\/content\/2024\/04\/rp_baerkake-300x300.jpg 300w, https:\/\/sukrin.com\/no\/content\/2024\/04\/rp_baerkake-768x768.jpg 768w, https:\/\/sukrin.com\/no\/content\/2024\/04\/rp_baerkake-590x590.jpg 590w, https:\/\/sukrin.com\/no\/content\/2024\/04\/rp_baerkake-500x500.jpg 500w, https:\/\/sukrin.com\/no\/content\/2024\/04\/rp_baerkake-60x60.jpg 60w\" sizes=\"auto, (max-width: 1280px) 100vw, 1280px\" \/>                        <\/div>\n                        <div class=\"recipe__title\">\n                            <h3>B\u00e6rkake med Havrefiber<\/h3>\n                        <\/div>\n                    <\/a>\n                <\/div>\n                            <div class=\"recipe\">\n                    <a href=\"https:\/\/sukrin.com\/no\/oppskrifter\/sunne-boller\">\n                        <div class=\"recipe__image\">\n                            <img loading=\"lazy\" decoding=\"async\" width=\"1280\" height=\"1280\" src=\"https:\/\/sukrin.com\/no\/content\/2024\/04\/rp_hveteboller.jpg\" class=\"attachment-full size-full wp-post-image\" alt=\"Sunne boller\" srcset=\"https:\/\/sukrin.com\/no\/content\/2024\/04\/rp_hveteboller.jpg 1280w, https:\/\/sukrin.com\/no\/content\/2024\/04\/rp_hveteboller-150x150.jpg 150w, https:\/\/sukrin.com\/no\/content\/2024\/04\/rp_hveteboller-300x300.jpg 300w, https:\/\/sukrin.com\/no\/content\/2024\/04\/rp_hveteboller-768x768.jpg 768w, https:\/\/sukrin.com\/no\/content\/2024\/04\/rp_hveteboller-590x590.jpg 590w, https:\/\/sukrin.com\/no\/content\/2024\/04\/rp_hveteboller-500x500.jpg 500w, https:\/\/sukrin.com\/no\/content\/2024\/04\/rp_hveteboller-60x60.jpg 60w, https:\/\/sukrin.com\/no\/content\/2024\/04\/rp_hveteboller-220x220.jpg 220w\" sizes=\"auto, (max-width: 1280px) 100vw, 1280px\" \/>                        <\/div>\n                        <div class=\"recipe__title\">\n                            <h3>Sunnere boller<\/h3>\n                        <\/div>\n                    <\/a>\n                <\/div>\n                            <div class=\"recipe\">\n                    <a href=\"https:\/\/sukrin.com\/no\/oppskrifter\/hummus-med-sesam-mel\">\n                        <div class=\"recipe__image\">\n                            <img loading=\"lazy\" decoding=\"async\" width=\"1280\" height=\"1280\" src=\"https:\/\/sukrin.com\/no\/content\/2024\/04\/rp_hummus.jpg\" class=\"attachment-full size-full wp-post-image\" alt=\"Hummus med Sesam-mel\" srcset=\"https:\/\/sukrin.com\/no\/content\/2024\/04\/rp_hummus.jpg 1280w, https:\/\/sukrin.com\/no\/content\/2024\/04\/rp_hummus-150x150.jpg 150w, https:\/\/sukrin.com\/no\/content\/2024\/04\/rp_hummus-300x300.jpg 300w, https:\/\/sukrin.com\/no\/content\/2024\/04\/rp_hummus-768x768.jpg 768w, https:\/\/sukrin.com\/no\/content\/2024\/04\/rp_hummus-590x590.jpg 590w, https:\/\/sukrin.com\/no\/content\/2024\/04\/rp_hummus-500x500.jpg 500w, https:\/\/sukrin.com\/no\/content\/2024\/04\/rp_hummus-60x60.jpg 60w, https:\/\/sukrin.com\/no\/content\/2024\/04\/rp_hummus-220x220.jpg 220w\" sizes=\"auto, (max-width: 1280px) 100vw, 1280px\" \/>                        <\/div>\n                        <div class=\"recipe__title\">\n                            <h3>Hummus med Sesam-mel<\/h3>\n                        <\/div>\n                    <\/a>\n                <\/div>\n                    <\/div>\n    <\/div>\n<\/div>\n\n\n\n<h2 class=\"wp-block-heading has-text-align-center\">Topp 3 fordeler med Sukrin<\/h2>\n\n\n\n<div style=\"height:16px\" aria-hidden=\"true\" class=\"wp-block-spacer\"><\/div>\n\n\n\n<div id=\"block_8c8c9e7a948fd022170308116eb59821\" class=\"block-services alignwide\">\n\t\t<div class=\"services\">\n\n<div id=\"block_242b832c7d43f86edb7f9ac4e80171d3\" class=\"block-services-child\">\n            <img loading=\"lazy\" decoding=\"async\" width=\"1\" height=\"1\" src=\"https:\/\/sukrin.com\/no\/content\/2024\/03\/ikon_kalorifri.svg\" class=\"attachment-service-icon size-service-icon\" alt=\"Kalorifri\" \/>        <h2>S\u00f8tt uten kalorier <\/h2>\n    <p>Sukrin er en naturlig sukkererstatning med null kalorier. Den er perfekt for deg som \u00f8nsker lite kalorier og et stabilt blodsukker.<\/p>\n    <\/div>\n\n\n\n<div id=\"block_769943607c75d55b26639da2ddf74a01\" class=\"block-services-child\">\n            <img loading=\"lazy\" decoding=\"async\" width=\"1\" height=\"1\" src=\"https:\/\/sukrin.com\/no\/content\/2024\/06\/ikon_gi_2.svg\" class=\"attachment-service-icon size-service-icon\" alt=\"H\u00f8yt blodsukkerniv\u00e5\" \/>        <h2>Ingen blodsukkerstigning<\/h2>\n    <p>Studier viser at Sukrin ikke p\u00e5virker insulinniv\u00e5et. Bytt ut sukker med Sukrin for \u00e5 f\u00e5 en lavere blodsukkerbelastning av maten du spiser.<\/p>\n    <\/div>\n\n\n\n<div id=\"block_c1a3410287fed3dc3c6bb7ed3a95a326\" class=\"block-services-child\">\n            <img loading=\"lazy\" decoding=\"async\" width=\"1\" height=\"1\" src=\"https:\/\/sukrin.com\/no\/content\/2024\/03\/ikon_naturlig.svg\" class=\"attachment-service-icon size-service-icon\" alt=\"100% naturlig\" \/>        <h2>100 % trygt og naturlig<\/h2>\n    <p> Sukrin er et naturlig produkt uten tilsetningsstoffer, basert p\u00e5 sukkeralkoholen erytritol. Erytritol finnes naturlig i bl.a. p\u00e6rer, meloner og sopp, og produseres ogs\u00e5 i kroppen.<\/p>\n    <\/div>\n\n<\/div>\n<\/div>\n\n\n\n<div id=\"block_8a07d9d0f6486530cc0b9e4ece9a55ae\" class=\"block-cta alignwide\">\n\t<div class=\"wrapper right\">\n\t\t<div class=\"block-content\">\n\t\t\t\t\t\t\t<h2 class=\"content__title\">V\u00e5re mest proteinrike produkter<\/h2>\n\t\t\t\t\t\t\t\t\t\t<p class=\"content__text\">\u00d8nsker du \u00e5 \u00f8ke proteininntaket? Se v\u00e5re topp 5 mest proteinrike produkter:<\/p>\n\t\t\t\t\t\t\t\t\t\t<a class=\"content__link\" href=\"\/no\/topp-5-proteinrike-produkter\" title=\"Topp 5 proteinrike produkter\" target=\"_self\"><\/a>\n\t\t\t\t\t<\/div>\n\t\t<div class=\"block-image\" style=\"background-image: url('https:\/\/sukrin.com\/no\/content\/2025\/05\/artikkel-proteinprodukter-scaled.webp');\"><\/div>\n\t<\/div>\n<\/div>\n\n\n\n<div id=\"block_2659fd1852659cce165ea262d2b1046f\" class=\"block-cta alignwide\">\n\t<div class=\"wrapper left\">\n\t\t<div class=\"block-content\">\n\t\t\t\t\t\t\t<h2 class=\"content__title\">En norsk suksesshistorie<\/h2>\n\t\t\t\t\t\t\t\t\t\t<p class=\"content__text\">Funksjonell Mat s\u00e5 dagens lys i Oslo i 2007, som et resultat av at tre voksne gutter m\u00f8ttes p\u00e5 ern\u00e6ringsstudiet, med et felles \u00f8nske om \u00e5 starte en egen bedrift. Den f\u00f8rste forretningsid\u00e9en var \u00e5 tilby en sunn og naturlig erstatning for sukker, og slik startet historien om Sukrin.<\/p>\n\t\t\t\t\t\t\t\t\t\t<a class=\"content__link\" href=\"https:\/\/sukrin.com\/no\/informasjon\/om-funksjonell-mat\" title=\"Om Funksjonell Mat\" target=\"_self\"><\/a>\n\t\t\t\t\t<\/div>\n\t\t<div class=\"block-image\" style=\"background-image: url('https:\/\/sukrin.com\/no\/content\/2024\/05\/Sukrin_siden_2007.webp');\"><\/div>\n\t<\/div>\n<\/div>\n","protected":false},"excerpt":{"rendered":"<p>S\u00f8tt til alle anledninger Topp 3 fordeler med Sukrin<\/p>\n","protected":false},"author":7,"featured_media":2668,"parent":0,"menu_order":0,"comment_status":"closed","ping_status":"closed","template":"","meta":{"footnotes":""},"class_list":["post-45","page","type-page","status-publish","has-post-thumbnail","hentry"],"acf":[],"yoast_head":"<!-- This site is optimized with the Yoast SEO plugin v27.2 - https:\/\/yoast.com\/product\/yoast-seo-wordpress\/ -->\n<title>Sukrin - Enkelt \u00e5 gj\u00f8re noe godt<\/title>\n<meta name=\"description\" content=\"Her finner du informasjon, tips og oppskrifter som gj\u00f8r det lettere for deg til \u00e5 ta smartere valg i hverdagen.\" \/>\n<meta name=\"robots\" content=\"index, follow, max-snippet:-1, max-image-preview:large, max-video-preview:-1\" \/>\n<link rel=\"canonical\" href=\"https:\/\/sukrin.com\/no\/\" \/>\n<meta property=\"og:locale\" content=\"nb_NO\" \/>\n<meta property=\"og:type\" content=\"article\" \/>\n<meta property=\"og:title\" content=\"Sukrin - Enkelt \u00e5 gj\u00f8re noe godt\" \/>\n<meta property=\"og:description\" content=\"Her finner du informasjon, tips og oppskrifter som gj\u00f8r det lettere for deg til \u00e5 ta smartere valg i hverdagen.\" \/>\n<meta property=\"og:url\" content=\"https:\/\/sukrin.com\/no\/\" \/>\n<meta property=\"og:site_name\" content=\"Sukrin\" \/>\n<meta property=\"article:publisher\" content=\"https:\/\/nb-no.facebook.com\/funksjonellmat\/\" \/>\n<meta property=\"article:modified_time\" content=\"2026-04-07T08:14:23+00:00\" \/>\n<meta property=\"og:image\" content=\"https:\/\/sukrin.com\/no\/content\/2024\/09\/sukrin-soetning-nor-crop.jpg\" \/>\n\t<meta property=\"og:image:width\" content=\"2000\" \/>\n\t<meta property=\"og:image:height\" content=\"970\" \/>\n\t<meta property=\"og:image:type\" content=\"image\/jpeg\" \/>\n<meta name=\"twitter:card\" content=\"summary_large_image\" \/>\n<meta name=\"twitter:label1\" content=\"Ansl. lesetid\" \/>\n\t<meta name=\"twitter:data1\" content=\"2 minutter\" \/>\n<script type=\"application\/ld+json\" class=\"yoast-schema-graph\">{\"@context\":\"https:\/\/schema.org\",\"@graph\":[{\"@type\":\"WebPage\",\"@id\":\"https:\/\/sukrin.com\/no\/\",\"url\":\"https:\/\/sukrin.com\/no\/\",\"name\":\"Sukrin - Enkelt \u00e5 gj\u00f8re noe godt\",\"isPartOf\":{\"@id\":\"https:\/\/sukrin.com\/no\/#website\"},\"primaryImageOfPage\":{\"@id\":\"https:\/\/sukrin.com\/no\/#primaryimage\"},\"image\":{\"@id\":\"https:\/\/sukrin.com\/no\/#primaryimage\"},\"thumbnailUrl\":\"https:\/\/sukrin.com\/no\/content\/2024\/09\/sukrin-soetning-nor-crop.jpg\",\"datePublished\":\"2023-11-01T08:48:10+00:00\",\"dateModified\":\"2026-04-07T08:14:23+00:00\",\"description\":\"Her finner du informasjon, tips og oppskrifter som gj\u00f8r det lettere for deg til \u00e5 ta smartere valg i hverdagen.\",\"breadcrumb\":{\"@id\":\"https:\/\/sukrin.com\/no\/#breadcrumb\"},\"inLanguage\":\"nb-NO\",\"potentialAction\":[{\"@type\":\"ReadAction\",\"target\":[\"https:\/\/sukrin.com\/no\/\"]}]},{\"@type\":\"ImageObject\",\"inLanguage\":\"nb-NO\",\"@id\":\"https:\/\/sukrin.com\/no\/#primaryimage\",\"url\":\"https:\/\/sukrin.com\/no\/content\/2024\/09\/sukrin-soetning-nor-crop.jpg\",\"contentUrl\":\"https:\/\/sukrin.com\/no\/content\/2024\/09\/sukrin-soetning-nor-crop.jpg\",\"width\":2000,\"height\":970,\"caption\":\"Sukrin - Enkelt \u00e5 gj\u00f8re noe godt\"},{\"@type\":\"BreadcrumbList\",\"@id\":\"https:\/\/sukrin.com\/no\/#breadcrumb\",\"itemListElement\":[{\"@type\":\"ListItem\",\"position\":1,\"name\":\"Hjem\",\"item\":\"https:\/\/sukrin.com\/no\/\"},{\"@type\":\"ListItem\",\"position\":2,\"name\":\"Forside\"}]},{\"@type\":\"WebSite\",\"@id\":\"https:\/\/sukrin.com\/no\/#website\",\"url\":\"https:\/\/sukrin.com\/no\/\",\"name\":\"Sukrin\",\"description\":\"Enkelt \u00e5 gj\u00f8re noe godt\",\"publisher\":{\"@id\":\"https:\/\/sukrin.com\/no\/#organization\"},\"potentialAction\":[{\"@type\":\"SearchAction\",\"target\":{\"@type\":\"EntryPoint\",\"urlTemplate\":\"https:\/\/sukrin.com\/no\/?s={search_term_string}\"},\"query-input\":{\"@type\":\"PropertyValueSpecification\",\"valueRequired\":true,\"valueName\":\"search_term_string\"}}],\"inLanguage\":\"nb-NO\"},{\"@type\":\"Organization\",\"@id\":\"https:\/\/sukrin.com\/no\/#organization\",\"name\":\"Funksjonell mat\",\"url\":\"https:\/\/sukrin.com\/no\/\",\"logo\":{\"@type\":\"ImageObject\",\"inLanguage\":\"nb-NO\",\"@id\":\"https:\/\/sukrin.com\/no\/#\/schema\/logo\/image\/\",\"url\":\"https:\/\/sukrin.com\/no\/content\/2023\/11\/funksjonell-mat-logo.svg\",\"contentUrl\":\"https:\/\/sukrin.com\/no\/content\/2023\/11\/funksjonell-mat-logo.svg\",\"width\":1,\"height\":1,\"caption\":\"Funksjonell mat\"},\"image\":{\"@id\":\"https:\/\/sukrin.com\/no\/#\/schema\/logo\/image\/\"},\"sameAs\":[\"https:\/\/nb-no.facebook.com\/funksjonellmat\/\",\"https:\/\/www.instagram.com\/sukrin.no\/\",\"https:\/\/tatrck.com\/h\/0Hu30uVO0x7R?url=httpswww.tiktok.comsukrin_official\"]}]}<\/script>\n<!-- \/ Yoast SEO plugin. -->","yoast_head_json":{"title":"Sukrin - Enkelt \u00e5 gj\u00f8re noe godt","description":"Her finner du informasjon, tips og oppskrifter som gj\u00f8r det lettere for deg til \u00e5 ta smartere valg i hverdagen.","robots":{"index":"index","follow":"follow","max-snippet":"max-snippet:-1","max-image-preview":"max-image-preview:large","max-video-preview":"max-video-preview:-1"},"canonical":"https:\/\/sukrin.com\/no\/","og_locale":"nb_NO","og_type":"article","og_title":"Sukrin - Enkelt \u00e5 gj\u00f8re noe godt","og_description":"Her finner du informasjon, tips og oppskrifter som gj\u00f8r det lettere for deg til \u00e5 ta smartere valg i hverdagen.","og_url":"https:\/\/sukrin.com\/no\/","og_site_name":"Sukrin","article_publisher":"https:\/\/nb-no.facebook.com\/funksjonellmat\/","article_modified_time":"2026-04-07T08:14:23+00:00","og_image":[{"width":2000,"height":970,"url":"https:\/\/sukrin.com\/no\/content\/2024\/09\/sukrin-soetning-nor-crop.jpg","type":"image\/jpeg"}],"twitter_card":"summary_large_image","twitter_misc":{"Ansl. lesetid":"2 minutter"},"schema":{"@context":"https:\/\/schema.org","@graph":[{"@type":"WebPage","@id":"https:\/\/sukrin.com\/no\/","url":"https:\/\/sukrin.com\/no\/","name":"Sukrin - Enkelt \u00e5 gj\u00f8re noe godt","isPartOf":{"@id":"https:\/\/sukrin.com\/no\/#website"},"primaryImageOfPage":{"@id":"https:\/\/sukrin.com\/no\/#primaryimage"},"image":{"@id":"https:\/\/sukrin.com\/no\/#primaryimage"},"thumbnailUrl":"https:\/\/sukrin.com\/no\/content\/2024\/09\/sukrin-soetning-nor-crop.jpg","datePublished":"2023-11-01T08:48:10+00:00","dateModified":"2026-04-07T08:14:23+00:00","description":"Her finner du informasjon, tips og oppskrifter som gj\u00f8r det lettere for deg til \u00e5 ta smartere valg i hverdagen.","breadcrumb":{"@id":"https:\/\/sukrin.com\/no\/#breadcrumb"},"inLanguage":"nb-NO","potentialAction":[{"@type":"ReadAction","target":["https:\/\/sukrin.com\/no\/"]}]},{"@type":"ImageObject","inLanguage":"nb-NO","@id":"https:\/\/sukrin.com\/no\/#primaryimage","url":"https:\/\/sukrin.com\/no\/content\/2024\/09\/sukrin-soetning-nor-crop.jpg","contentUrl":"https:\/\/sukrin.com\/no\/content\/2024\/09\/sukrin-soetning-nor-crop.jpg","width":2000,"height":970,"caption":"Sukrin - Enkelt \u00e5 gj\u00f8re noe godt"},{"@type":"BreadcrumbList","@id":"https:\/\/sukrin.com\/no\/#breadcrumb","itemListElement":[{"@type":"ListItem","position":1,"name":"Hjem","item":"https:\/\/sukrin.com\/no\/"},{"@type":"ListItem","position":2,"name":"Forside"}]},{"@type":"WebSite","@id":"https:\/\/sukrin.com\/no\/#website","url":"https:\/\/sukrin.com\/no\/","name":"Sukrin","description":"Enkelt \u00e5 gj\u00f8re noe godt","publisher":{"@id":"https:\/\/sukrin.com\/no\/#organization"},"potentialAction":[{"@type":"SearchAction","target":{"@type":"EntryPoint","urlTemplate":"https:\/\/sukrin.com\/no\/?s={search_term_string}"},"query-input":{"@type":"PropertyValueSpecification","valueRequired":true,"valueName":"search_term_string"}}],"inLanguage":"nb-NO"},{"@type":"Organization","@id":"https:\/\/sukrin.com\/no\/#organization","name":"Funksjonell mat","url":"https:\/\/sukrin.com\/no\/","logo":{"@type":"ImageObject","inLanguage":"nb-NO","@id":"https:\/\/sukrin.com\/no\/#\/schema\/logo\/image\/","url":"https:\/\/sukrin.com\/no\/content\/2023\/11\/funksjonell-mat-logo.svg","contentUrl":"https:\/\/sukrin.com\/no\/content\/2023\/11\/funksjonell-mat-logo.svg","width":1,"height":1,"caption":"Funksjonell mat"},"image":{"@id":"https:\/\/sukrin.com\/no\/#\/schema\/logo\/image\/"},"sameAs":["https:\/\/nb-no.facebook.com\/funksjonellmat\/","https:\/\/www.instagram.com\/sukrin.no\/","https:\/\/tatrck.com\/h\/0Hu30uVO0x7R?url=httpswww.tiktok.comsukrin_official"]}]}},"_links":{"self":[{"href":"https:\/\/sukrin.com\/no\/wp-json\/wp\/v2\/pages\/45","targetHints":{"allow":["GET"]}}],"collection":[{"href":"https:\/\/sukrin.com\/no\/wp-json\/wp\/v2\/pages"}],"about":[{"href":"https:\/\/sukrin.com\/no\/wp-json\/wp\/v2\/types\/page"}],"author":[{"embeddable":true,"href":"https:\/\/sukrin.com\/no\/wp-json\/wp\/v2\/users\/7"}],"replies":[{"embeddable":true,"href":"https:\/\/sukrin.com\/no\/wp-json\/wp\/v2\/comments?post=45"}],"version-history":[{"count":434,"href":"https:\/\/sukrin.com\/no\/wp-json\/wp\/v2\/pages\/45\/revisions"}],"predecessor-version":[{"id":3941,"href":"https:\/\/sukrin.com\/no\/wp-json\/wp\/v2\/pages\/45\/revisions\/3941"}],"wp:featuredmedia":[{"embeddable":true,"href":"https:\/\/sukrin.com\/no\/wp-json\/wp\/v2\/media\/2668"}],"wp:attachment":[{"href":"https:\/\/sukrin.com\/no\/wp-json\/wp\/v2\/media?parent=45"}],"curies":[{"name":"wp","href":"https:\/\/api.w.org\/{rel}","templated":true}]}}