{"id":3647,"date":"2026-01-22T13:01:57","date_gmt":"2026-01-22T12:01:57","guid":{"rendered":"https:\/\/sukrin.com\/no\/?page_id=3647"},"modified":"2026-02-27T10:30:47","modified_gmt":"2026-02-27T09:30:47","slug":"finesse-bakesukker-300-g","status":"publish","type":"page","link":"https:\/\/sukrin.com\/no\/finesse-bakesukker-300-g","title":{"rendered":"Finesse Bakesukker, 300 g"},"content":{"rendered":"\n<div class=\"wp-block-columns is-layout-flex wp-container-core-columns-is-layout-9d6595d7 wp-block-columns-is-layout-flex\">\n<div class=\"wp-block-column is-vertically-aligned-center is-layout-flow wp-block-column-is-layout-flow\">\n<figure class=\"wp-block-image size-large\"><img loading=\"lazy\" decoding=\"async\" width=\"443\" height=\"590\" src=\"https:\/\/sukrin.com\/no\/content\/2026\/01\/finesse-300g-nor-101128-443x590.png\" alt=\"Finesse 300 g NOR\" class=\"wp-image-3651\" srcset=\"https:\/\/sukrin.com\/no\/content\/2026\/01\/finesse-300g-nor-101128-443x590.png 443w, https:\/\/sukrin.com\/no\/content\/2026\/01\/finesse-300g-nor-101128-225x300.png 225w, https:\/\/sukrin.com\/no\/content\/2026\/01\/finesse-300g-nor-101128-768x1024.png 768w, https:\/\/sukrin.com\/no\/content\/2026\/01\/finesse-300g-nor-101128-1152x1536.png 1152w, https:\/\/sukrin.com\/no\/content\/2026\/01\/finesse-300g-nor-101128-1536x2048.png 1536w, https:\/\/sukrin.com\/no\/content\/2026\/01\/finesse-300g-nor-101128-488x650.png 488w, https:\/\/sukrin.com\/no\/content\/2026\/01\/finesse-300g-nor-101128-45x60.png 45w, https:\/\/sukrin.com\/no\/content\/2026\/01\/finesse-300g-nor-101128-scaled.png 1920w\" sizes=\"auto, (max-width: 443px) 100vw, 443px\" \/><\/figure>\n<\/div>\n\n\n\n<div class=\"wp-block-column is-vertically-aligned-center is-layout-flow wp-block-column-is-layout-flow\">\n<p style=\"font-size:18px\">Finesse bakesukker egner seg spesielt godt til bakst, gir bruning og har ingen bismak eller kj\u00f8lende effekt. I tillegg kan du bruke Finesse de aller fleste steder du ellers ville brukt sukker. Ved \u00e5 bytte ut sukker med Finesse kutter du kraftig ned p\u00e5 kaloriene, da Finesse inneholder 80 % f\u00e6rre kalorier enn tilsvarende mengde sukker.<\/p>\n\n\n\n<p><\/p>\n\n\n\n<ul class=\"wp-block-list\">\n<li>P\u00e5virker blodsukkeret minimalt (GI=1)<\/li>\n\n\n\n<li>Velegnet til baking<\/li>\n\n\n\n<li>Gir en smak som er sv\u00e6rt n\u00e6r sukker<\/li>\n\n\n\n<li>80 % f\u00e6rre kalorier enn sukker<\/li>\n<\/ul>\n\n\n\n<p>Finesse bakesukker finnes ogs\u00e5 i <a href=\"\/no\/produkter\/finesse\" target=\"_blank\" rel=\"noreferrer noopener\">500 g pose<\/a> som kan kj\u00f8pes i helsekostbutikker. <\/p>\n<\/div>\n<\/div>\n\n\n\n<div id=\"block_009c6244e535212481b70202ae5e86ff\" class=\"block-banner alignfull\">\n\t<div class=\"background\" style=\"background-image: url(https:\/\/sukrin.com\/no\/content\/2026\/01\/baking.webp); background-size: cover; background-position: 50% 50%;\">\n\t\t<div class=\"wrapper\">\n\t\t\t<div class=\"content\">\n\t\t\t\t\t\t\t\t\t<h2 class=\"content__title\">Baking med Finesse<\/h2>\n\t\t\t\t\t\t\t\t\t\t\t\t\t<p class=\"content__text\">Finesse er dobbelt s\u00e5 s\u00f8t som sukker, og skal brukes i halv mengde. 100 g sukker erstattes med 50 g Finesse.<br \/>\r\n<br \/>\r\nN\u00e5r du bruker Finesse i en oppskrift som opprinnelig er laget for sukker, anbefaler vi at du reduserer steketiden. F\u00f8lg godt med mot slutten av steketiden, og ta baksten ut s\u00e5 snart den ser ut til \u00e5 v\u00e6re ferdig.<br \/>\r\n<br \/>\r\nS\u00f8k etter ferdig tilpassede oppskrifter med Finesse her:<\/p>\n\t\t\t\t\t\t\t\t\t\t\t\t\t<a class=\"content__link\" href=\"\/no\/oppskrifter\" title=\"Oppskrifter\" target=\"_self\"><\/a>\n\t\t\t\t\t\t\t<\/div>\n\t\t<\/div>\n\t<\/div>\n<\/div>\n\n\n<div id=\"block_20e0b74401a791e8a030c9d1ace6cc9a\" class=\"block-nutritional aligncenter\">\n    <div class=\"wrapper\">\n        <div class=\"header\">\n            <h2>Ingredienser<\/h2>\n            <button class=\"toggle\"><\/button>\n        <\/div>\n                    <table>\n                <thead>\n                    <tr>\n                        <th><\/th>\n                        <th><\/th>\n                    <\/tr>\n                <\/thead>\n                <tbody>\n                                            <tr>\n                                                            <td>S\u00f8tstoffer (isomalt, erytritol), fiber (polydextrose), antiklumpemiddel (silisiumdioksid), s\u00f8tstoff (sukralose)<\/td>\n                                <td><\/td>\n                                                    <\/tr>\n                                    <\/tbody>\n            <\/table>\n            <\/ol>\n            <\/div>\n<\/div>\n\n\n<div id=\"block_dca5acdf4e32d1638dc48858ca90a8a8\" class=\"block-nutritional aligncenter\">\n    <div class=\"wrapper\">\n        <div class=\"header\">\n            <h2>N\u00e6ringsinnhold<\/h2>\n            <button class=\"toggle\"><\/button>\n        <\/div>\n                    <table>\n                <thead>\n                    <tr>\n                        <th> <\/th>\n                        <th>Per 100g<\/th>\n                    <\/tr>\n                <\/thead>\n                <tbody>\n                                            <tr>\n                                                            <td>Kalorier<\/td>\n                                <td>132<\/td>\n                                                    <\/tr>\n                                            <tr>\n                                                            <td>Fett<\/td>\n                                <td>0<\/td>\n                                                    <\/tr>\n                                            <tr>\n                                                            <td>Karbohydrater<\/td>\n                                <td>79<\/td>\n                                                    <\/tr>\n                                            <tr>\n                                                            <td>&#8211; hvorav sukkerarter<\/td>\n                                <td>0.8<\/td>\n                                                    <\/tr>\n                                            <tr>\n                                                            <td>&#8211; hvorav polyoler<\/td>\n                                <td>79<\/td>\n                                                    <\/tr>\n                                            <tr>\n                                                            <td>&#8211; netto karbohydrat<\/td>\n                                <td>6.6<\/td>\n                                                    <\/tr>\n                                            <tr>\n                                                            <td>Kostfiber<\/td>\n                                <td>18<\/td>\n                                                    <\/tr>\n                                            <tr>\n                                                            <td>Protein<\/td>\n                                <td>0<\/td>\n                                                    <\/tr>\n                                            <tr>\n                                                            <td>Salt<\/td>\n                                <td>0<\/td>\n                                                    <\/tr>\n                                    <\/tbody>\n            <\/table>\n            <\/ol>\n            <\/div>\n<\/div>\n\n\n<div id=\"block_e983976d8ad18dc1aabd813e01bf4b4a\" class=\"block-nutritional aligncenter\">\n    <div class=\"wrapper\">\n        <div class=\"header\">\n            <h2>Allergener<\/h2>\n            <button class=\"toggle\"><\/button>\n        <\/div>\n                    <table>\n                <thead>\n                    <tr>\n                        <th><\/th>\n                        <th><\/th>\n                    <\/tr>\n                <\/thead>\n                <tbody>\n                                            <tr>\n                                                            <td>Det er ingen allergener i Finesse bakesukker.<\/td>\n                                <td><\/td>\n                                                    <\/tr>\n                                    <\/tbody>\n            <\/table>\n            <\/ol>\n            <\/div>\n<\/div>\n\n\n<div id=\"block_bd8f1a8943ad11b28c1c25feb0d53ba3\" class=\"block-recipes alignfull\">\n    <div class=\"wrapper\">\n        <div class=\"header\">\n            <h2>Oppskrifter med Finesse<\/h2>\n            <a href=\"https:\/\/sukrin.com\/no\/oppskrifter\">Se alle oppskrifter<\/a>\n        <\/div>\n        <div class=\"recipes\">\n                            <div class=\"recipe\">\n                    <a href=\"https:\/\/sukrin.com\/no\/oppskrifter\/suksessterte\">\n                        <div class=\"recipe__image\">\n                            <img loading=\"lazy\" decoding=\"async\" width=\"1280\" height=\"1280\" src=\"https:\/\/sukrin.com\/no\/content\/2024\/04\/rp_suksessterte_2021.jpg\" class=\"attachment-full size-full wp-post-image\" alt=\"Suksessterte\" srcset=\"https:\/\/sukrin.com\/no\/content\/2024\/04\/rp_suksessterte_2021.jpg 1280w, https:\/\/sukrin.com\/no\/content\/2024\/04\/rp_suksessterte_2021-150x150.jpg 150w, https:\/\/sukrin.com\/no\/content\/2024\/04\/rp_suksessterte_2021-300x300.jpg 300w, https:\/\/sukrin.com\/no\/content\/2024\/04\/rp_suksessterte_2021-768x768.jpg 768w, https:\/\/sukrin.com\/no\/content\/2024\/04\/rp_suksessterte_2021-590x590.jpg 590w, https:\/\/sukrin.com\/no\/content\/2024\/04\/rp_suksessterte_2021-500x500.jpg 500w, https:\/\/sukrin.com\/no\/content\/2024\/04\/rp_suksessterte_2021-60x60.jpg 60w\" sizes=\"auto, (max-width: 1280px) 100vw, 1280px\" \/>                        <\/div>\n                        <div class=\"recipe__title\">\n                            <h3>Suksessterte<\/h3>\n                        <\/div>\n                    <\/a>\n                <\/div>\n                            <div class=\"recipe\">\n                    <a href=\"https:\/\/sukrin.com\/no\/oppskrifter\/myke-karameller\">\n                        <div class=\"recipe__image\">\n                            <img loading=\"lazy\" decoding=\"async\" width=\"1280\" height=\"1280\" src=\"https:\/\/sukrin.com\/no\/content\/2024\/04\/rp_myk_karamell.jpg\" class=\"attachment-full size-full wp-post-image\" alt=\"Myk karamell\" srcset=\"https:\/\/sukrin.com\/no\/content\/2024\/04\/rp_myk_karamell.jpg 1280w, https:\/\/sukrin.com\/no\/content\/2024\/04\/rp_myk_karamell-150x150.jpg 150w, https:\/\/sukrin.com\/no\/content\/2024\/04\/rp_myk_karamell-300x300.jpg 300w, https:\/\/sukrin.com\/no\/content\/2024\/04\/rp_myk_karamell-768x768.jpg 768w, https:\/\/sukrin.com\/no\/content\/2024\/04\/rp_myk_karamell-590x590.jpg 590w, https:\/\/sukrin.com\/no\/content\/2024\/04\/rp_myk_karamell-500x500.jpg 500w, https:\/\/sukrin.com\/no\/content\/2024\/04\/rp_myk_karamell-60x60.jpg 60w, https:\/\/sukrin.com\/no\/content\/2024\/04\/rp_myk_karamell-220x220.jpg 220w\" sizes=\"auto, (max-width: 1280px) 100vw, 1280px\" \/>                        <\/div>\n                        <div class=\"recipe__title\">\n                            <h3>Myke karameller<\/h3>\n                        <\/div>\n                    <\/a>\n                <\/div>\n                            <div class=\"recipe\">\n                    <a href=\"https:\/\/sukrin.com\/no\/oppskrifter\/glasur-uten-sukker\">\n                        <div class=\"recipe__image\">\n                            <img loading=\"lazy\" decoding=\"async\" width=\"1280\" height=\"1281\" src=\"https:\/\/sukrin.com\/no\/content\/2024\/04\/rp_glasur-2.jpg\" class=\"attachment-full size-full wp-post-image\" alt=\"Glasur uten sukker\" srcset=\"https:\/\/sukrin.com\/no\/content\/2024\/04\/rp_glasur-2.jpg 1280w, https:\/\/sukrin.com\/no\/content\/2024\/04\/rp_glasur-2-150x150.jpg 150w, https:\/\/sukrin.com\/no\/content\/2024\/04\/rp_glasur-2-300x300.jpg 300w, https:\/\/sukrin.com\/no\/content\/2024\/04\/rp_glasur-2-768x769.jpg 768w, https:\/\/sukrin.com\/no\/content\/2024\/04\/rp_glasur-2-590x590.jpg 590w, https:\/\/sukrin.com\/no\/content\/2024\/04\/rp_glasur-2-500x500.jpg 500w, https:\/\/sukrin.com\/no\/content\/2024\/04\/rp_glasur-2-60x60.jpg 60w\" sizes=\"auto, (max-width: 1280px) 100vw, 1280px\" \/>                        <\/div>\n                        <div class=\"recipe__title\">\n                            <h3>Glasur uten sukker<\/h3>\n                        <\/div>\n                    <\/a>\n                <\/div>\n                    <\/div>\n    <\/div>\n<\/div>\n\n\n\n<figure class=\"wp-block-image aligncenter size-medium is-resized\"><img loading=\"lazy\" decoding=\"async\" width=\"300\" height=\"211\" src=\"https:\/\/sukrin.com\/no\/content\/2026\/01\/ill-bakeredskaper-300x211.png\" alt=\"Bakeredskaper\" class=\"wp-image-3672\" style=\"width:210px;height:auto\" srcset=\"https:\/\/sukrin.com\/no\/content\/2026\/01\/ill-bakeredskaper-300x211.png 300w, https:\/\/sukrin.com\/no\/content\/2026\/01\/ill-bakeredskaper-60x42.png 60w, https:\/\/sukrin.com\/no\/content\/2026\/01\/ill-bakeredskaper.png 383w\" sizes=\"auto, (max-width: 300px) 100vw, 300px\" \/><\/figure>\n\n\n<div id=\"block_194b50bb2e04c3b8d829da3cc77b034a\" class=\"block-featured-retailers\">\n            <h2>Forhandlere<\/h2>\n                <div class=\"retailers\">\n                            <a class=\"retailer\" target=\"_blank\" href=\"https:\/\/meny.no\/Finn-butikk\/\">\n                    <img decoding=\"async\" src=\"https:\/\/sukrin.com\/no\/content\/2024\/03\/butikklogo_meny-01.svg\" alt=\"Meny\">\n                <\/a>\n                            <a class=\"retailer\" target=\"_blank\" href=\"https:\/\/www.coop.no\/butikker?chainid=02&#038;coop_chain=Mega\">\n                    <img decoding=\"async\" src=\"https:\/\/sukrin.com\/no\/content\/2024\/05\/butikklogo_coop_mega-01.svg\" alt=\"Coop Mega\">\n                <\/a>\n                            <a class=\"retailer\" target=\"_blank\" href=\"https:\/\/www.coop.no\/butikker?chainid=02&#038;coop_chain=Obs\">\n                    <img decoding=\"async\" src=\"https:\/\/sukrin.com\/no\/content\/2024\/05\/butikklogo_coop_obs-01.svg\" alt=\"Coop Obs\">\n                <\/a>\n                    <\/div>\n    <\/div>\n\n\n\n<p><\/p>\n","protected":false},"excerpt":{"rendered":"<p>Finesse bakesukker egner seg spesielt godt til bakst, gir bruning og har ingen bismak eller kj\u00f8lende effekt. I tillegg kan du bruke Finesse de aller fleste steder du ellers ville brukt sukker. Ved \u00e5 bytte ut sukker med Finesse kutter du kraftig ned p\u00e5 kaloriene, da Finesse inneholder 80 % f\u00e6rre kalorier enn tilsvarende mengde [&hellip;]<\/p>\n","protected":false},"author":13,"featured_media":0,"parent":0,"menu_order":0,"comment_status":"closed","ping_status":"closed","template":"","meta":{"footnotes":""},"class_list":["post-3647","page","type-page","status-publish","hentry"],"acf":[],"yoast_head":"<!-- This site is optimized with the Yoast SEO plugin v27.2 - https:\/\/yoast.com\/product\/yoast-seo-wordpress\/ -->\n<title>Finesse Bakesukker, 300 g<\/title>\n<meta name=\"description\" content=\"En sukkererstatning som egner seg spesielt godt til baking. Den har ingen bismak eller kj\u00f8lende effekt, og gir 80% mindre kalorier enn sukker\" \/>\n<meta name=\"robots\" content=\"index, follow, max-snippet:-1, max-image-preview:large, max-video-preview:-1\" \/>\n<link rel=\"canonical\" href=\"https:\/\/sukrin.com\/no\/finesse-bakesukker-300-g\" \/>\n<meta property=\"og:locale\" content=\"nb_NO\" \/>\n<meta property=\"og:type\" content=\"article\" \/>\n<meta property=\"og:title\" content=\"Finesse Bakesukker, 300 g\" \/>\n<meta property=\"og:description\" content=\"En sukkererstatning som egner seg spesielt godt til baking. Den har ingen bismak eller kj\u00f8lende effekt, og gir 80% mindre kalorier enn sukker\" \/>\n<meta property=\"og:url\" content=\"https:\/\/sukrin.com\/no\/finesse-bakesukker-300-g\" \/>\n<meta property=\"og:site_name\" content=\"Sukrin\" \/>\n<meta property=\"article:publisher\" content=\"https:\/\/nb-no.facebook.com\/funksjonellmat\/\" \/>\n<meta property=\"article:modified_time\" content=\"2026-02-27T09:30:47+00:00\" \/>\n<meta property=\"og:image\" content=\"https:\/\/sukrin.com\/no\/content\/2026\/01\/finesse-300g-nor-101128-443x590.png\" \/>\n\t<meta property=\"og:image:width\" content=\"443\" \/>\n\t<meta property=\"og:image:height\" content=\"590\" \/>\n\t<meta property=\"og:image:type\" content=\"image\/png\" \/>\n<meta name=\"twitter:card\" content=\"summary_large_image\" \/>\n<meta name=\"twitter:label1\" content=\"Ansl. lesetid\" \/>\n\t<meta name=\"twitter:data1\" content=\"1 minutt\" \/>\n<script type=\"application\/ld+json\" class=\"yoast-schema-graph\">{\"@context\":\"https:\/\/schema.org\",\"@graph\":[{\"@type\":\"WebPage\",\"@id\":\"https:\/\/sukrin.com\/no\/finesse-bakesukker-300-g\",\"url\":\"https:\/\/sukrin.com\/no\/finesse-bakesukker-300-g\",\"name\":\"Finesse Bakesukker, 300 g\",\"isPartOf\":{\"@id\":\"https:\/\/sukrin.com\/no\/#website\"},\"primaryImageOfPage\":{\"@id\":\"https:\/\/sukrin.com\/no\/finesse-bakesukker-300-g#primaryimage\"},\"image\":{\"@id\":\"https:\/\/sukrin.com\/no\/finesse-bakesukker-300-g#primaryimage\"},\"thumbnailUrl\":\"https:\/\/sukrin.com\/no\/content\/2026\/01\/finesse-300g-nor-101128-443x590.png\",\"datePublished\":\"2026-01-22T12:01:57+00:00\",\"dateModified\":\"2026-02-27T09:30:47+00:00\",\"description\":\"En sukkererstatning som egner seg spesielt godt til baking. Den har ingen bismak eller kj\u00f8lende effekt, og gir 80% mindre kalorier enn sukker\",\"breadcrumb\":{\"@id\":\"https:\/\/sukrin.com\/no\/finesse-bakesukker-300-g#breadcrumb\"},\"inLanguage\":\"nb-NO\",\"potentialAction\":[{\"@type\":\"ReadAction\",\"target\":[\"https:\/\/sukrin.com\/no\/finesse-bakesukker-300-g\"]}]},{\"@type\":\"ImageObject\",\"inLanguage\":\"nb-NO\",\"@id\":\"https:\/\/sukrin.com\/no\/finesse-bakesukker-300-g#primaryimage\",\"url\":\"https:\/\/sukrin.com\/no\/content\/2026\/01\/finesse-300g-nor-101128-scaled.png\",\"contentUrl\":\"https:\/\/sukrin.com\/no\/content\/2026\/01\/finesse-300g-nor-101128-scaled.png\",\"width\":1920,\"height\":2560,\"caption\":\"Finesse 300 g NOR\"},{\"@type\":\"BreadcrumbList\",\"@id\":\"https:\/\/sukrin.com\/no\/finesse-bakesukker-300-g#breadcrumb\",\"itemListElement\":[{\"@type\":\"ListItem\",\"position\":1,\"name\":\"Hjem\",\"item\":\"https:\/\/sukrin.com\/no\/\"},{\"@type\":\"ListItem\",\"position\":2,\"name\":\"Finesse Bakesukker, 300 g\"}]},{\"@type\":\"WebSite\",\"@id\":\"https:\/\/sukrin.com\/no\/#website\",\"url\":\"https:\/\/sukrin.com\/no\/\",\"name\":\"Sukrin\",\"description\":\"Enkelt \u00e5 gj\u00f8re noe godt\",\"publisher\":{\"@id\":\"https:\/\/sukrin.com\/no\/#organization\"},\"potentialAction\":[{\"@type\":\"SearchAction\",\"target\":{\"@type\":\"EntryPoint\",\"urlTemplate\":\"https:\/\/sukrin.com\/no\/?s={search_term_string}\"},\"query-input\":{\"@type\":\"PropertyValueSpecification\",\"valueRequired\":true,\"valueName\":\"search_term_string\"}}],\"inLanguage\":\"nb-NO\"},{\"@type\":\"Organization\",\"@id\":\"https:\/\/sukrin.com\/no\/#organization\",\"name\":\"Funksjonell mat\",\"url\":\"https:\/\/sukrin.com\/no\/\",\"logo\":{\"@type\":\"ImageObject\",\"inLanguage\":\"nb-NO\",\"@id\":\"https:\/\/sukrin.com\/no\/#\/schema\/logo\/image\/\",\"url\":\"https:\/\/sukrin.com\/no\/content\/2023\/11\/funksjonell-mat-logo.svg\",\"contentUrl\":\"https:\/\/sukrin.com\/no\/content\/2023\/11\/funksjonell-mat-logo.svg\",\"width\":1,\"height\":1,\"caption\":\"Funksjonell mat\"},\"image\":{\"@id\":\"https:\/\/sukrin.com\/no\/#\/schema\/logo\/image\/\"},\"sameAs\":[\"https:\/\/nb-no.facebook.com\/funksjonellmat\/\",\"https:\/\/www.instagram.com\/sukrin.no\/\",\"https:\/\/tatrck.com\/h\/0Hu30uVO0x7R?url=httpswww.tiktok.comsukrin_official\"]}]}<\/script>\n<!-- \/ Yoast SEO plugin. -->","yoast_head_json":{"title":"Finesse Bakesukker, 300 g","description":"En sukkererstatning som egner seg spesielt godt til baking. Den har ingen bismak eller kj\u00f8lende effekt, og gir 80% mindre kalorier enn sukker","robots":{"index":"index","follow":"follow","max-snippet":"max-snippet:-1","max-image-preview":"max-image-preview:large","max-video-preview":"max-video-preview:-1"},"canonical":"https:\/\/sukrin.com\/no\/finesse-bakesukker-300-g","og_locale":"nb_NO","og_type":"article","og_title":"Finesse Bakesukker, 300 g","og_description":"En sukkererstatning som egner seg spesielt godt til baking. Den har ingen bismak eller kj\u00f8lende effekt, og gir 80% mindre kalorier enn sukker","og_url":"https:\/\/sukrin.com\/no\/finesse-bakesukker-300-g","og_site_name":"Sukrin","article_publisher":"https:\/\/nb-no.facebook.com\/funksjonellmat\/","article_modified_time":"2026-02-27T09:30:47+00:00","og_image":[{"width":443,"height":590,"url":"https:\/\/sukrin.com\/no\/content\/2026\/01\/finesse-300g-nor-101128-443x590.png","type":"image\/png"}],"twitter_card":"summary_large_image","twitter_misc":{"Ansl. lesetid":"1 minutt"},"schema":{"@context":"https:\/\/schema.org","@graph":[{"@type":"WebPage","@id":"https:\/\/sukrin.com\/no\/finesse-bakesukker-300-g","url":"https:\/\/sukrin.com\/no\/finesse-bakesukker-300-g","name":"Finesse Bakesukker, 300 g","isPartOf":{"@id":"https:\/\/sukrin.com\/no\/#website"},"primaryImageOfPage":{"@id":"https:\/\/sukrin.com\/no\/finesse-bakesukker-300-g#primaryimage"},"image":{"@id":"https:\/\/sukrin.com\/no\/finesse-bakesukker-300-g#primaryimage"},"thumbnailUrl":"https:\/\/sukrin.com\/no\/content\/2026\/01\/finesse-300g-nor-101128-443x590.png","datePublished":"2026-01-22T12:01:57+00:00","dateModified":"2026-02-27T09:30:47+00:00","description":"En sukkererstatning som egner seg spesielt godt til baking. Den har ingen bismak eller kj\u00f8lende effekt, og gir 80% mindre kalorier enn sukker","breadcrumb":{"@id":"https:\/\/sukrin.com\/no\/finesse-bakesukker-300-g#breadcrumb"},"inLanguage":"nb-NO","potentialAction":[{"@type":"ReadAction","target":["https:\/\/sukrin.com\/no\/finesse-bakesukker-300-g"]}]},{"@type":"ImageObject","inLanguage":"nb-NO","@id":"https:\/\/sukrin.com\/no\/finesse-bakesukker-300-g#primaryimage","url":"https:\/\/sukrin.com\/no\/content\/2026\/01\/finesse-300g-nor-101128-scaled.png","contentUrl":"https:\/\/sukrin.com\/no\/content\/2026\/01\/finesse-300g-nor-101128-scaled.png","width":1920,"height":2560,"caption":"Finesse 300 g NOR"},{"@type":"BreadcrumbList","@id":"https:\/\/sukrin.com\/no\/finesse-bakesukker-300-g#breadcrumb","itemListElement":[{"@type":"ListItem","position":1,"name":"Hjem","item":"https:\/\/sukrin.com\/no\/"},{"@type":"ListItem","position":2,"name":"Finesse Bakesukker, 300 g"}]},{"@type":"WebSite","@id":"https:\/\/sukrin.com\/no\/#website","url":"https:\/\/sukrin.com\/no\/","name":"Sukrin","description":"Enkelt \u00e5 gj\u00f8re noe godt","publisher":{"@id":"https:\/\/sukrin.com\/no\/#organization"},"potentialAction":[{"@type":"SearchAction","target":{"@type":"EntryPoint","urlTemplate":"https:\/\/sukrin.com\/no\/?s={search_term_string}"},"query-input":{"@type":"PropertyValueSpecification","valueRequired":true,"valueName":"search_term_string"}}],"inLanguage":"nb-NO"},{"@type":"Organization","@id":"https:\/\/sukrin.com\/no\/#organization","name":"Funksjonell mat","url":"https:\/\/sukrin.com\/no\/","logo":{"@type":"ImageObject","inLanguage":"nb-NO","@id":"https:\/\/sukrin.com\/no\/#\/schema\/logo\/image\/","url":"https:\/\/sukrin.com\/no\/content\/2023\/11\/funksjonell-mat-logo.svg","contentUrl":"https:\/\/sukrin.com\/no\/content\/2023\/11\/funksjonell-mat-logo.svg","width":1,"height":1,"caption":"Funksjonell mat"},"image":{"@id":"https:\/\/sukrin.com\/no\/#\/schema\/logo\/image\/"},"sameAs":["https:\/\/nb-no.facebook.com\/funksjonellmat\/","https:\/\/www.instagram.com\/sukrin.no\/","https:\/\/tatrck.com\/h\/0Hu30uVO0x7R?url=httpswww.tiktok.comsukrin_official"]}]}},"_links":{"self":[{"href":"https:\/\/sukrin.com\/no\/wp-json\/wp\/v2\/pages\/3647","targetHints":{"allow":["GET"]}}],"collection":[{"href":"https:\/\/sukrin.com\/no\/wp-json\/wp\/v2\/pages"}],"about":[{"href":"https:\/\/sukrin.com\/no\/wp-json\/wp\/v2\/types\/page"}],"author":[{"embeddable":true,"href":"https:\/\/sukrin.com\/no\/wp-json\/wp\/v2\/users\/13"}],"replies":[{"embeddable":true,"href":"https:\/\/sukrin.com\/no\/wp-json\/wp\/v2\/comments?post=3647"}],"version-history":[{"count":19,"href":"https:\/\/sukrin.com\/no\/wp-json\/wp\/v2\/pages\/3647\/revisions"}],"predecessor-version":[{"id":3930,"href":"https:\/\/sukrin.com\/no\/wp-json\/wp\/v2\/pages\/3647\/revisions\/3930"}],"wp:attachment":[{"href":"https:\/\/sukrin.com\/no\/wp-json\/wp\/v2\/media?parent=3647"}],"curies":[{"name":"wp","href":"https:\/\/api.w.org\/{rel}","templated":true}]}}