{"id":3608,"date":"2026-01-22T13:13:07","date_gmt":"2026-01-22T12:13:07","guid":{"rendered":"https:\/\/sukrin.com\/no\/?page_id=3608"},"modified":"2026-03-11T14:49:01","modified_gmt":"2026-03-11T13:49:01","slug":"dessert-mix-variasjon","status":"publish","type":"page","link":"https:\/\/sukrin.com\/no\/dessert-mix-variasjon","title":{"rendered":"Variasjon med Dessert mix"},"content":{"rendered":"\n<div class=\"wp-block-cover alignfull is-light\" style=\"min-height:570px;aspect-ratio:unset;\"><img loading=\"lazy\" decoding=\"async\" width=\"590\" height=\"344\" class=\"wp-block-cover__image-background wp-image-3677 size-large\" alt=\"\" src=\"https:\/\/sukrin.com\/no\/content\/2026\/01\/lvk-3258-banner-590x344.webp\" style=\"object-position:0% 0%\" data-object-fit=\"cover\" data-object-position=\"0% 0%\" srcset=\"https:\/\/sukrin.com\/no\/content\/2026\/01\/lvk-3258-banner-590x344.webp 590w, https:\/\/sukrin.com\/no\/content\/2026\/01\/lvk-3258-banner-300x175.webp 300w, https:\/\/sukrin.com\/no\/content\/2026\/01\/lvk-3258-banner-768x448.webp 768w, https:\/\/sukrin.com\/no\/content\/2026\/01\/lvk-3258-banner-1536x896.webp 1536w, https:\/\/sukrin.com\/no\/content\/2026\/01\/lvk-3258-banner-2048x1195.webp 2048w, https:\/\/sukrin.com\/no\/content\/2026\/01\/lvk-3258-banner-500x292.webp 500w, https:\/\/sukrin.com\/no\/content\/2026\/01\/lvk-3258-banner-60x35.webp 60w\" sizes=\"auto, (max-width: 590px) 100vw, 590px\" \/><span aria-hidden=\"true\" class=\"wp-block-cover__background has-white-background-color has-background-dim-0 has-background-dim\"><\/span><div class=\"wp-block-cover__inner-container is-layout-constrained wp-block-cover-is-layout-constrained\">\n<div class=\"wp-block-columns is-layout-flex wp-container-core-columns-is-layout-9d6595d7 wp-block-columns-is-layout-flex\">\n<div class=\"wp-block-column has-medium-font-size is-layout-flow wp-block-column-is-layout-flow\">\n<figure class=\"wp-block-image alignfull size-large\"><img loading=\"lazy\" decoding=\"async\" width=\"443\" height=\"590\" src=\"https:\/\/sukrin.com\/no\/content\/2025\/04\/dessertmix-73g-en-nor-443x590.webp\" alt=\"Sukrin Dessert mix\" class=\"wp-image-3318\" srcset=\"https:\/\/sukrin.com\/no\/content\/2025\/04\/dessertmix-73g-en-nor-443x590.webp 443w, https:\/\/sukrin.com\/no\/content\/2025\/04\/dessertmix-73g-en-nor-225x300.webp 225w, https:\/\/sukrin.com\/no\/content\/2025\/04\/dessertmix-73g-en-nor-768x1024.webp 768w, https:\/\/sukrin.com\/no\/content\/2025\/04\/dessertmix-73g-en-nor-1152x1536.webp 1152w, https:\/\/sukrin.com\/no\/content\/2025\/04\/dessertmix-73g-en-nor-1536x2048.webp 1536w, https:\/\/sukrin.com\/no\/content\/2025\/04\/dessertmix-73g-en-nor-488x650.webp 488w, https:\/\/sukrin.com\/no\/content\/2025\/04\/dessertmix-73g-en-nor-45x60.webp 45w, https:\/\/sukrin.com\/no\/content\/2025\/04\/dessertmix-73g-en-nor-scaled.webp 1920w\" sizes=\"auto, (max-width: 443px) 100vw, 443px\" \/><\/figure>\n<\/div>\n\n\n\n<div class=\"wp-block-column is-vertically-aligned-center has-medium-font-size is-layout-flow wp-block-column-is-layout-flow\">\n<p class=\"has-background\" style=\"background-color:#ffffffab;font-size:1.25em\">Med Dessert mix kan du lage din egen favorittdessert. Her er noen forslag til tilberedning.\ufeff<\/p>\n<\/div>\n<\/div>\n<\/div><\/div>\n\n\n\n<div style=\"height:11px\" aria-hidden=\"true\" class=\"wp-block-spacer\"><\/div>\n\n\n\n<h2 class=\"wp-block-heading\">Tips til tilberedning<\/h2>\n\n\n\n<h3 class=\"wp-block-heading\">Ostekake<\/h3>\n\n\n\n<p>Lag kjeksbunn av 150\u00a0g knust kjeks og 50\u00a0g smeltet sm\u00f8r, og trykk ut nederst i en rund kakeform. Bland Dessert mix med 1,5 dl romtemperert vann, og pisk med miksmaster i ca. 1 minutt. Bland inn 200\u00a0g kremost, og pisk videre p\u00e5 h\u00f8y hastighet i 2-3 minutter. Hell blandingen over kjeksbunnen, og sett i kj\u00f8leskap i minst en time.<\/p>\n\n\n\n<h3 class=\"wp-block-heading\">Kremet frukt-\/b\u00e6rmousse med din favorittsmak<\/h3>\n\n\n\n<p>Pisk posens innhold sammen med 1,5&nbsp;dl juice i \u00f8nsket smak i ca 1 minutt. Tilsett 200 g kremost og pisk videre p\u00e5 h\u00f8y hastighet i 2-3 minutter. Sett i kj\u00f8leskap i minst en time.<\/p>\n\n\n\n<div id=\"block_51b771e200952e89b82d1b674d89313a\" class=\"block-cta alignwide\">\n\t<div class=\"wrapper left\">\n\t\t<div class=\"block-content\">\n\t\t\t\t\t\t\t<h2 class=\"content__title\">Ekstra fyldig b\u00e6rmousse<\/h2>\n\t\t\t\t\t\t\t\t\t\t<p class=\"content__text\">Pisk posens innhold sammen med 1,5 dl drikkesmoothie i ca. 1 minutt. Tilsett 200 g kremost og pisk videre p\u00e5 h\u00f8y hastighet i 2-3 minutter. Sett i kj\u00f8leskap i minst en time.<\/p>\n\t\t\t\t\t\t\t\t<\/div>\n\t\t<div class=\"block-image\" style=\"background-image: url('https:\/\/sukrin.com\/no\/content\/2026\/01\/raspberry-mousse-scaled.webp');\"><\/div>\n\t<\/div>\n<\/div>\n\n\n\n<h3 class=\"wp-block-heading\">Lett b\u00e6rmousse<\/h3>\n\n\n\n<p>Varm opp 2,5 dl helmelk til fingertemperatur (20-30 \u00b0C) og pisk sammen med posens innhold i ca. 3-4 minutter. Bland inn 100 g romtempererte b\u00e6r, og pisk videre i ca. 3 minutter. Sett i kj\u00f8leskap i minst en time.<\/p>\n\n\n\n<div class=\"wp-block-columns is-layout-flex wp-container-core-columns-is-layout-9d6595d7 wp-block-columns-is-layout-flex\">\n<div class=\"wp-block-column is-layout-flow wp-block-column-is-layout-flow\">\n<figure class=\"wp-block-image aligncenter size-medium is-resized is-style-rounded\"><img loading=\"lazy\" decoding=\"async\" width=\"300\" height=\"300\" src=\"https:\/\/sukrin.com\/no\/content\/2026\/02\/dessertmix-porsjon-v02-300x300.webp\" alt=\"Sitronfromage med Dessert Mix\" class=\"wp-image-3888\" style=\"object-fit:cover;width:300px;height:auto\" srcset=\"https:\/\/sukrin.com\/no\/content\/2026\/02\/dessertmix-porsjon-v02-300x300.webp 300w, https:\/\/sukrin.com\/no\/content\/2026\/02\/dessertmix-porsjon-v02-590x590.webp 590w, https:\/\/sukrin.com\/no\/content\/2026\/02\/dessertmix-porsjon-v02-150x150.webp 150w, https:\/\/sukrin.com\/no\/content\/2026\/02\/dessertmix-porsjon-v02-768x768.webp 768w, https:\/\/sukrin.com\/no\/content\/2026\/02\/dessertmix-porsjon-v02-1536x1536.webp 1536w, https:\/\/sukrin.com\/no\/content\/2026\/02\/dessertmix-porsjon-v02-2048x2048.webp 2048w, https:\/\/sukrin.com\/no\/content\/2026\/02\/dessertmix-porsjon-v02-500x500.webp 500w, https:\/\/sukrin.com\/no\/content\/2026\/02\/dessertmix-porsjon-v02-60x60.webp 60w\" sizes=\"auto, (max-width: 300px) 100vw, 300px\" \/><\/figure>\n<\/div>\n\n\n\n<div class=\"wp-block-column is-layout-flow wp-block-column-is-layout-flow\">\n<h3 class=\"wp-block-heading\">Sitronfromasj<\/h3>\n\n\n\n<p>Varm opp 2,5 dl helmelk til fingertemperatur (20-30 \u00b0C) og pisk sammen med posens innhold i ca. 3 minutter. Tilsett ca. 2 ss sitronsaft (35 g), og pisk raskt inn i ca. 10 sekunder. Sett i kj\u00f8leskap i minst en time.<\/p>\n<\/div>\n<\/div>\n\n\n\n<div id=\"block_e9ee9a4be55967628aee942f31f54f25\" class=\"block-cta alignwide\">\n\t<div class=\"wrapper left\">\n\t\t<div class=\"block-content\">\n\t\t\t\t\t\t\t<h2 class=\"content__title\">Dessert med smak av Tiramisu<\/h2>\n\t\t\t\t\t\t\t\t\t\t<p class=\"content__text\">Pisk posens innhold sammen med 1,5 dl lunken kaffe (20-30 \u00b0C) i ca. 1 minutt. Tilsett 200 g mascarpone, og pisk videre p\u00e5 h\u00f8y hastighet i ca. 3 minutter. Anrett med hel eller knust kjeks, slik du \u00f8nsker. Sett i kj\u00f8leskap i minst en time.<\/p>\n\t\t\t\t\t\t\t\t<\/div>\n\t\t<div class=\"block-image\" style=\"background-image: url('https:\/\/sukrin.com\/no\/content\/2026\/01\/tiramisu.webp');\"><\/div>\n\t<\/div>\n<\/div>\n\n\n\n<div style=\"height:0px\" aria-hidden=\"true\" class=\"wp-block-spacer\"><\/div>\n\n\n\n<h3 class=\"wp-block-heading\">Osteglasur<\/h3>\n\n\n\n<p>Lag en liten og lett porsjon osteglasur av 4&nbsp;ss Philadelphia light, 24&nbsp;g Sukrin Dessert mix (1\/3 pose) og 0,5&nbsp;dl vann. R\u00f8r godt sammen med en gaffel. <\/p>\n\n\n\n<div style=\"height:15px\" aria-hidden=\"true\" class=\"wp-block-spacer\"><\/div>\n\n\n\n<h2 class=\"wp-block-heading\">Variasjon til kremost<\/h2>\n\n\n\n<p>Du kan bruke b\u00e5de vanlig kremost og <strong>light kremost<\/strong> i Dessert mix. Det g\u00e5r ogs\u00e5 helt fint \u00e5 erstatte 200&nbsp;g kremost med 200&nbsp;g <strong>lettr\u00f8mme<\/strong> (17&nbsp;%) eller en <strong>tykk yoghurt<\/strong>. Resultatet blir best hvis fettinnholdet i det du tilsetter er over 10&nbsp;%.<\/p>\n\n\n\n<p>Tine har en <strong>kremost med ananas og mandarin<\/strong>. Denne gir en frisk og god smak til Dessert mix.<\/p>\n\n\n\n<div class=\"wp-block-columns are-vertically-aligned-center is-layout-flex wp-container-core-columns-is-layout-9d6595d7 wp-block-columns-is-layout-flex\">\n<div class=\"wp-block-column is-vertically-aligned-center is-layout-flow wp-block-column-is-layout-flow\">\n<figure class=\"wp-block-image aligncenter size-large\"><img loading=\"lazy\" decoding=\"async\" width=\"590\" height=\"590\" src=\"https:\/\/sukrin.com\/no\/content\/2026\/01\/tine-kremost-590x590.webp\" alt=\"Tine Kremgo med ananas og mandarin\" class=\"wp-image-3794\" srcset=\"https:\/\/sukrin.com\/no\/content\/2026\/01\/tine-kremost-590x590.webp 590w, https:\/\/sukrin.com\/no\/content\/2026\/01\/tine-kremost-300x300.webp 300w, https:\/\/sukrin.com\/no\/content\/2026\/01\/tine-kremost-150x150.webp 150w, https:\/\/sukrin.com\/no\/content\/2026\/01\/tine-kremost-500x500.webp 500w, https:\/\/sukrin.com\/no\/content\/2026\/01\/tine-kremost-60x60.webp 60w, https:\/\/sukrin.com\/no\/content\/2026\/01\/tine-kremost.webp 700w\" sizes=\"auto, (max-width: 590px) 100vw, 590px\" \/><\/figure>\n<\/div>\n\n\n\n<div class=\"wp-block-column is-vertically-aligned-center is-layout-flow wp-block-column-is-layout-flow\" style=\"flex-basis:50px\">\n<p class=\"has-text-align-center has-x-large-font-size\"><strong>+<\/strong><\/p>\n<\/div>\n\n\n\n<div class=\"wp-block-column is-vertically-aligned-center is-layout-flow wp-block-column-is-layout-flow\">\n<figure class=\"wp-block-image aligncenter size-large\"><img loading=\"lazy\" decoding=\"async\" width=\"443\" height=\"590\" src=\"https:\/\/sukrin.com\/no\/content\/2025\/04\/dessertmix-73g-en-nor-443x590.webp\" alt=\"Sukrin Dessert mix\" class=\"wp-image-3318\" srcset=\"https:\/\/sukrin.com\/no\/content\/2025\/04\/dessertmix-73g-en-nor-443x590.webp 443w, https:\/\/sukrin.com\/no\/content\/2025\/04\/dessertmix-73g-en-nor-225x300.webp 225w, https:\/\/sukrin.com\/no\/content\/2025\/04\/dessertmix-73g-en-nor-768x1024.webp 768w, https:\/\/sukrin.com\/no\/content\/2025\/04\/dessertmix-73g-en-nor-1152x1536.webp 1152w, https:\/\/sukrin.com\/no\/content\/2025\/04\/dessertmix-73g-en-nor-1536x2048.webp 1536w, https:\/\/sukrin.com\/no\/content\/2025\/04\/dessertmix-73g-en-nor-488x650.webp 488w, https:\/\/sukrin.com\/no\/content\/2025\/04\/dessertmix-73g-en-nor-45x60.webp 45w, https:\/\/sukrin.com\/no\/content\/2025\/04\/dessertmix-73g-en-nor-scaled.webp 1920w\" sizes=\"auto, (max-width: 443px) 100vw, 443px\" \/><\/figure>\n<\/div>\n\n\n\n<div class=\"wp-block-column is-vertically-aligned-center is-layout-flow wp-block-column-is-layout-flow\" style=\"flex-basis:50px\">\n<p class=\"has-text-align-center has-x-large-font-size\"><strong>=<\/strong><\/p>\n<\/div>\n\n\n\n<div class=\"wp-block-column is-vertically-aligned-center is-layout-flow wp-block-column-is-layout-flow\">\n<figure class=\"wp-block-image aligncenter size-large is-style-rounded\"><img loading=\"lazy\" decoding=\"async\" width=\"590\" height=\"590\" src=\"https:\/\/sukrin.com\/no\/content\/2026\/01\/dessertmix-porsjon-mandarin-2-590x590.webp\" alt=\"\" class=\"wp-image-3790\" style=\"aspect-ratio:1;object-fit:cover\" srcset=\"https:\/\/sukrin.com\/no\/content\/2026\/01\/dessertmix-porsjon-mandarin-2-590x590.webp 590w, https:\/\/sukrin.com\/no\/content\/2026\/01\/dessertmix-porsjon-mandarin-2-300x300.webp 300w, https:\/\/sukrin.com\/no\/content\/2026\/01\/dessertmix-porsjon-mandarin-2-150x150.webp 150w, https:\/\/sukrin.com\/no\/content\/2026\/01\/dessertmix-porsjon-mandarin-2-768x768.webp 768w, https:\/\/sukrin.com\/no\/content\/2026\/01\/dessertmix-porsjon-mandarin-2-1536x1536.webp 1536w, https:\/\/sukrin.com\/no\/content\/2026\/01\/dessertmix-porsjon-mandarin-2-2048x2048.webp 2048w, https:\/\/sukrin.com\/no\/content\/2026\/01\/dessertmix-porsjon-mandarin-2-500x500.webp 500w, https:\/\/sukrin.com\/no\/content\/2026\/01\/dessertmix-porsjon-mandarin-2-60x60.webp 60w\" sizes=\"auto, (max-width: 590px) 100vw, 590px\" \/><\/figure>\n<\/div>\n<\/div>\n\n\n\n<div style=\"height:19px\" aria-hidden=\"true\" class=\"wp-block-spacer\"><\/div>\n\n\n\n<h2 class=\"wp-block-heading\">Varisjon til v\u00e6ske<\/h2>\n\n\n\n<div class=\"wp-block-columns is-layout-flex wp-container-core-columns-is-layout-9d6595d7 wp-block-columns-is-layout-flex\">\n<div class=\"wp-block-column is-vertically-aligned-center is-layout-flow wp-block-column-is-layout-flow\">\n<figure class=\"wp-block-image aligncenter size-large is-resized is-style-rounded\"><img loading=\"lazy\" decoding=\"async\" width=\"590\" height=\"418\" src=\"https:\/\/sukrin.com\/no\/content\/2025\/06\/dsc-0031-justert-590x418.webp\" alt=\"\" class=\"wp-image-3415\" style=\"aspect-ratio:1;object-fit:cover;width:300px;height:auto\" srcset=\"https:\/\/sukrin.com\/no\/content\/2025\/06\/dsc-0031-justert-590x418.webp 590w, https:\/\/sukrin.com\/no\/content\/2025\/06\/dsc-0031-justert-300x212.webp 300w, https:\/\/sukrin.com\/no\/content\/2025\/06\/dsc-0031-justert-768x544.webp 768w, https:\/\/sukrin.com\/no\/content\/2025\/06\/dsc-0031-justert-1536x1088.webp 1536w, https:\/\/sukrin.com\/no\/content\/2025\/06\/dsc-0031-justert-2048x1451.webp 2048w, https:\/\/sukrin.com\/no\/content\/2025\/06\/dsc-0031-justert-500x354.webp 500w, https:\/\/sukrin.com\/no\/content\/2025\/06\/dsc-0031-justert-60x42.webp 60w\" sizes=\"auto, (max-width: 590px) 100vw, 590px\" \/><\/figure>\n<\/div>\n\n\n\n<div class=\"wp-block-column is-vertically-aligned-center is-layout-flow wp-block-column-is-layout-flow\">\n<p>I stedet for \u00e5 tilsette 1,5&nbsp;dl vann, kan du tilsette <\/p>\n\n\n\n<ul class=\"wp-block-list\">\n<li>1,5&nbsp;dl <strong>juice<\/strong> i \u00f8nsket smak for en kremet frukt-\/b\u00e6rmousse<\/li>\n\n\n\n<li>1,5&nbsp;dl <strong>drikkesmoothie<\/strong> i \u00f8nsket smak for en ekstra fyldig og kremet b\u00e6remousse<\/li>\n\n\n\n<li>0,75&nbsp;dl vann og 0,75&nbsp;dl <strong>ublandet saft<\/strong> for en mousse med din favorittsmak<\/li>\n\n\n\n<li>0,75&nbsp;dl vann og 0,75&nbsp;dl <strong>saft fra b\u00e6r<\/strong> for en b\u00e6rmousse med ekte b\u00e6rsmak<\/li>\n<\/ul>\n<\/div>\n<\/div>\n\n\n\n<h2 class=\"wp-block-heading\">Variasjon til servering<\/h2>\n\n\n\n<p>Etter at desserten er ferdig pisket, kan du r\u00f8re inn og\/eller pynte med <strong>frukt<\/strong>, <strong>b\u00e6r<\/strong>, <strong>n\u00f8tter<\/strong>, <strong>sjokoladebiter<\/strong> eller lignende.<\/p>\n\n\n\n<p>Legg Dessert mix lagvis med <strong>sjokolademousse<\/strong>, <strong>kompott<\/strong>, <strong>b\u00e6rsaus<\/strong>, <strong>lemon curd<\/strong> eller lignende.<\/p>\n\n\n\n<p>Legg Dessert mix lagvis med <strong>sukkerfri crumble<\/strong>, <strong>knust kjeks<\/strong> eller <strong>hakkede n\u00f8tter<\/strong>. <br>Forslag til sukkerfri crumble: Bland sammen 35 g havregryn, 35 g hakkede mandler, 25 g Sukrin Gold og en liten klype salt. Stek med sm\u00f8r i en panne p\u00e5 middels varme til det blir gyllent.<\/p>\n\n\n\n<div style=\"height:39px\" aria-hidden=\"true\" class=\"wp-block-spacer\"><\/div>\n\n\n\n<div class=\"wp-block-buttons is-content-justification-center is-layout-flex wp-container-core-buttons-is-layout-16018d1d wp-block-buttons-is-layout-flex\">\n<div class=\"wp-block-button has-custom-width wp-block-button__width-50 is-style-fill\"><a class=\"wp-block-button__link has-white-color has-dark-blue-background-color has-text-color has-background has-link-color has-text-align-center has-custom-font-size wp-element-button\" href=\"\/no\/produkter\/dessert-mix\" style=\"border-top-left-radius:10px;border-top-right-radius:10px;border-bottom-left-radius:10px;border-bottom-right-radius:10px;font-size:1em\">Se produktinformasjon om Dessert mix -&gt;<\/a><\/div>\n<\/div>\n\n\n\n<p><\/p>\n","protected":false},"excerpt":{"rendered":"<p>Tips til tilberedning Ostekake Lag kjeksbunn av 150\u00a0g knust kjeks og 50\u00a0g smeltet sm\u00f8r, og trykk ut nederst i en rund kakeform. Bland Dessert mix med 1,5 dl romtemperert vann, og pisk med miksmaster i ca. 1 minutt. Bland inn 200\u00a0g kremost, og pisk videre p\u00e5 h\u00f8y hastighet i 2-3 minutter. Hell blandingen over kjeksbunnen, [&hellip;]<\/p>\n","protected":false},"author":13,"featured_media":0,"parent":0,"menu_order":0,"comment_status":"closed","ping_status":"closed","template":"","meta":{"footnotes":""},"class_list":["post-3608","page","type-page","status-publish","hentry"],"acf":[],"yoast_head":"<!-- This site is optimized with the Yoast SEO plugin v27.2 - https:\/\/yoast.com\/product\/yoast-seo-wordpress\/ -->\n<title>Variasjon med Dessert mix - Sukrin<\/title>\n<meta name=\"description\" content=\"Med Dessert mix kan du enkelt lage din favorittdessert uten sukker. Her finner du inspirerende tips og oppskrifter.\" \/>\n<meta name=\"robots\" content=\"index, follow, max-snippet:-1, max-image-preview:large, max-video-preview:-1\" \/>\n<link rel=\"canonical\" href=\"https:\/\/sukrin.com\/no\/dessert-mix-variasjon\" \/>\n<meta property=\"og:locale\" content=\"nb_NO\" \/>\n<meta property=\"og:type\" content=\"article\" \/>\n<meta property=\"og:title\" content=\"Variasjon med Dessert mix - Sukrin\" \/>\n<meta property=\"og:description\" content=\"Med Dessert mix kan du enkelt lage din favorittdessert uten sukker. Her finner du inspirerende tips og oppskrifter.\" \/>\n<meta property=\"og:url\" content=\"https:\/\/sukrin.com\/no\/dessert-mix-variasjon\" \/>\n<meta property=\"og:site_name\" content=\"Sukrin\" \/>\n<meta property=\"article:publisher\" content=\"https:\/\/nb-no.facebook.com\/funksjonellmat\/\" \/>\n<meta property=\"article:modified_time\" content=\"2026-03-11T13:49:01+00:00\" \/>\n<meta property=\"og:image\" content=\"https:\/\/sukrin.com\/no\/content\/2026\/01\/lvk-3258-banner-scaled.webp\" \/>\n\t<meta property=\"og:image:width\" content=\"2560\" \/>\n\t<meta property=\"og:image:height\" content=\"1493\" \/>\n\t<meta property=\"og:image:type\" content=\"image\/webp\" \/>\n<meta name=\"twitter:card\" content=\"summary_large_image\" \/>\n<meta name=\"twitter:label1\" content=\"Ansl. lesetid\" \/>\n\t<meta name=\"twitter:data1\" content=\"4 minutter\" \/>\n<script type=\"application\/ld+json\" class=\"yoast-schema-graph\">{\"@context\":\"https:\/\/schema.org\",\"@graph\":[{\"@type\":\"WebPage\",\"@id\":\"https:\/\/sukrin.com\/no\/dessert-mix-variasjon\",\"url\":\"https:\/\/sukrin.com\/no\/dessert-mix-variasjon\",\"name\":\"Variasjon med Dessert mix - Sukrin\",\"isPartOf\":{\"@id\":\"https:\/\/sukrin.com\/no\/#website\"},\"primaryImageOfPage\":{\"@id\":\"https:\/\/sukrin.com\/no\/dessert-mix-variasjon#primaryimage\"},\"image\":{\"@id\":\"https:\/\/sukrin.com\/no\/dessert-mix-variasjon#primaryimage\"},\"thumbnailUrl\":\"https:\/\/sukrin.com\/no\/content\/2026\/01\/lvk-3258-banner-590x344.webp\",\"datePublished\":\"2026-01-22T12:13:07+00:00\",\"dateModified\":\"2026-03-11T13:49:01+00:00\",\"description\":\"Med Dessert mix kan du enkelt lage din favorittdessert uten sukker. Her finner du inspirerende tips og oppskrifter.\",\"breadcrumb\":{\"@id\":\"https:\/\/sukrin.com\/no\/dessert-mix-variasjon#breadcrumb\"},\"inLanguage\":\"nb-NO\",\"potentialAction\":[{\"@type\":\"ReadAction\",\"target\":[\"https:\/\/sukrin.com\/no\/dessert-mix-variasjon\"]}]},{\"@type\":\"ImageObject\",\"inLanguage\":\"nb-NO\",\"@id\":\"https:\/\/sukrin.com\/no\/dessert-mix-variasjon#primaryimage\",\"url\":\"https:\/\/sukrin.com\/no\/content\/2026\/01\/lvk-3258-banner-scaled.webp\",\"contentUrl\":\"https:\/\/sukrin.com\/no\/content\/2026\/01\/lvk-3258-banner-scaled.webp\",\"width\":2560,\"height\":1493},{\"@type\":\"BreadcrumbList\",\"@id\":\"https:\/\/sukrin.com\/no\/dessert-mix-variasjon#breadcrumb\",\"itemListElement\":[{\"@type\":\"ListItem\",\"position\":1,\"name\":\"Hjem\",\"item\":\"https:\/\/sukrin.com\/no\/\"},{\"@type\":\"ListItem\",\"position\":2,\"name\":\"Variasjon med Dessert mix\"}]},{\"@type\":\"WebSite\",\"@id\":\"https:\/\/sukrin.com\/no\/#website\",\"url\":\"https:\/\/sukrin.com\/no\/\",\"name\":\"Sukrin\",\"description\":\"Enkelt \u00e5 gj\u00f8re noe godt\",\"publisher\":{\"@id\":\"https:\/\/sukrin.com\/no\/#organization\"},\"potentialAction\":[{\"@type\":\"SearchAction\",\"target\":{\"@type\":\"EntryPoint\",\"urlTemplate\":\"https:\/\/sukrin.com\/no\/?s={search_term_string}\"},\"query-input\":{\"@type\":\"PropertyValueSpecification\",\"valueRequired\":true,\"valueName\":\"search_term_string\"}}],\"inLanguage\":\"nb-NO\"},{\"@type\":\"Organization\",\"@id\":\"https:\/\/sukrin.com\/no\/#organization\",\"name\":\"Funksjonell mat\",\"url\":\"https:\/\/sukrin.com\/no\/\",\"logo\":{\"@type\":\"ImageObject\",\"inLanguage\":\"nb-NO\",\"@id\":\"https:\/\/sukrin.com\/no\/#\/schema\/logo\/image\/\",\"url\":\"https:\/\/sukrin.com\/no\/content\/2023\/11\/funksjonell-mat-logo.svg\",\"contentUrl\":\"https:\/\/sukrin.com\/no\/content\/2023\/11\/funksjonell-mat-logo.svg\",\"width\":1,\"height\":1,\"caption\":\"Funksjonell mat\"},\"image\":{\"@id\":\"https:\/\/sukrin.com\/no\/#\/schema\/logo\/image\/\"},\"sameAs\":[\"https:\/\/nb-no.facebook.com\/funksjonellmat\/\",\"https:\/\/www.instagram.com\/sukrin.no\/\",\"https:\/\/tatrck.com\/h\/0Hu30uVO0x7R?url=httpswww.tiktok.comsukrin_official\"]}]}<\/script>\n<!-- \/ Yoast SEO plugin. -->","yoast_head_json":{"title":"Variasjon med Dessert mix - Sukrin","description":"Med Dessert mix kan du enkelt lage din favorittdessert uten sukker. Her finner du inspirerende tips og oppskrifter.","robots":{"index":"index","follow":"follow","max-snippet":"max-snippet:-1","max-image-preview":"max-image-preview:large","max-video-preview":"max-video-preview:-1"},"canonical":"https:\/\/sukrin.com\/no\/dessert-mix-variasjon","og_locale":"nb_NO","og_type":"article","og_title":"Variasjon med Dessert mix - Sukrin","og_description":"Med Dessert mix kan du enkelt lage din favorittdessert uten sukker. Her finner du inspirerende tips og oppskrifter.","og_url":"https:\/\/sukrin.com\/no\/dessert-mix-variasjon","og_site_name":"Sukrin","article_publisher":"https:\/\/nb-no.facebook.com\/funksjonellmat\/","article_modified_time":"2026-03-11T13:49:01+00:00","og_image":[{"width":2560,"height":1493,"url":"https:\/\/sukrin.com\/no\/content\/2026\/01\/lvk-3258-banner-scaled.webp","type":"image\/webp"}],"twitter_card":"summary_large_image","twitter_misc":{"Ansl. lesetid":"4 minutter"},"schema":{"@context":"https:\/\/schema.org","@graph":[{"@type":"WebPage","@id":"https:\/\/sukrin.com\/no\/dessert-mix-variasjon","url":"https:\/\/sukrin.com\/no\/dessert-mix-variasjon","name":"Variasjon med Dessert mix - Sukrin","isPartOf":{"@id":"https:\/\/sukrin.com\/no\/#website"},"primaryImageOfPage":{"@id":"https:\/\/sukrin.com\/no\/dessert-mix-variasjon#primaryimage"},"image":{"@id":"https:\/\/sukrin.com\/no\/dessert-mix-variasjon#primaryimage"},"thumbnailUrl":"https:\/\/sukrin.com\/no\/content\/2026\/01\/lvk-3258-banner-590x344.webp","datePublished":"2026-01-22T12:13:07+00:00","dateModified":"2026-03-11T13:49:01+00:00","description":"Med Dessert mix kan du enkelt lage din favorittdessert uten sukker. Her finner du inspirerende tips og oppskrifter.","breadcrumb":{"@id":"https:\/\/sukrin.com\/no\/dessert-mix-variasjon#breadcrumb"},"inLanguage":"nb-NO","potentialAction":[{"@type":"ReadAction","target":["https:\/\/sukrin.com\/no\/dessert-mix-variasjon"]}]},{"@type":"ImageObject","inLanguage":"nb-NO","@id":"https:\/\/sukrin.com\/no\/dessert-mix-variasjon#primaryimage","url":"https:\/\/sukrin.com\/no\/content\/2026\/01\/lvk-3258-banner-scaled.webp","contentUrl":"https:\/\/sukrin.com\/no\/content\/2026\/01\/lvk-3258-banner-scaled.webp","width":2560,"height":1493},{"@type":"BreadcrumbList","@id":"https:\/\/sukrin.com\/no\/dessert-mix-variasjon#breadcrumb","itemListElement":[{"@type":"ListItem","position":1,"name":"Hjem","item":"https:\/\/sukrin.com\/no\/"},{"@type":"ListItem","position":2,"name":"Variasjon med Dessert mix"}]},{"@type":"WebSite","@id":"https:\/\/sukrin.com\/no\/#website","url":"https:\/\/sukrin.com\/no\/","name":"Sukrin","description":"Enkelt \u00e5 gj\u00f8re noe godt","publisher":{"@id":"https:\/\/sukrin.com\/no\/#organization"},"potentialAction":[{"@type":"SearchAction","target":{"@type":"EntryPoint","urlTemplate":"https:\/\/sukrin.com\/no\/?s={search_term_string}"},"query-input":{"@type":"PropertyValueSpecification","valueRequired":true,"valueName":"search_term_string"}}],"inLanguage":"nb-NO"},{"@type":"Organization","@id":"https:\/\/sukrin.com\/no\/#organization","name":"Funksjonell mat","url":"https:\/\/sukrin.com\/no\/","logo":{"@type":"ImageObject","inLanguage":"nb-NO","@id":"https:\/\/sukrin.com\/no\/#\/schema\/logo\/image\/","url":"https:\/\/sukrin.com\/no\/content\/2023\/11\/funksjonell-mat-logo.svg","contentUrl":"https:\/\/sukrin.com\/no\/content\/2023\/11\/funksjonell-mat-logo.svg","width":1,"height":1,"caption":"Funksjonell mat"},"image":{"@id":"https:\/\/sukrin.com\/no\/#\/schema\/logo\/image\/"},"sameAs":["https:\/\/nb-no.facebook.com\/funksjonellmat\/","https:\/\/www.instagram.com\/sukrin.no\/","https:\/\/tatrck.com\/h\/0Hu30uVO0x7R?url=httpswww.tiktok.comsukrin_official"]}]}},"_links":{"self":[{"href":"https:\/\/sukrin.com\/no\/wp-json\/wp\/v2\/pages\/3608","targetHints":{"allow":["GET"]}}],"collection":[{"href":"https:\/\/sukrin.com\/no\/wp-json\/wp\/v2\/pages"}],"about":[{"href":"https:\/\/sukrin.com\/no\/wp-json\/wp\/v2\/types\/page"}],"author":[{"embeddable":true,"href":"https:\/\/sukrin.com\/no\/wp-json\/wp\/v2\/users\/13"}],"replies":[{"embeddable":true,"href":"https:\/\/sukrin.com\/no\/wp-json\/wp\/v2\/comments?post=3608"}],"version-history":[{"count":186,"href":"https:\/\/sukrin.com\/no\/wp-json\/wp\/v2\/pages\/3608\/revisions"}],"predecessor-version":[{"id":3932,"href":"https:\/\/sukrin.com\/no\/wp-json\/wp\/v2\/pages\/3608\/revisions\/3932"}],"wp:attachment":[{"href":"https:\/\/sukrin.com\/no\/wp-json\/wp\/v2\/media?parent=3608"}],"curies":[{"name":"wp","href":"https:\/\/api.w.org\/{rel}","templated":true}]}}