{"id":2489,"date":"2024-09-06T14:07:37","date_gmt":"2024-09-06T12:07:37","guid":{"rendered":"https:\/\/sukrin.com\/no\/?page_id=2489"},"modified":"2026-02-04T09:22:22","modified_gmt":"2026-02-04T08:22:22","slug":"variasjon-med-ciac","status":"publish","type":"page","link":"https:\/\/sukrin.com\/no\/variasjon-med-ciac","title":{"rendered":"Variasjon med CIAC"},"content":{"rendered":"\n<ul class=\"wp-block-list\">\n<li>Tilsett hakkede n\u00f8tter, sukkerfri sjokolade, karamell\/fudge, b\u00e6r etc.<\/li>\n<\/ul>\n\n\n\n<p><\/p>\n\n\n\n<ul class=\"wp-block-list\">\n<li>Tilsett noen f\u00e5 steviadr\u00e5per med f.eks. peppermynte- eller bringeb\u00e6rsmak.<\/li>\n<\/ul>\n\n\n\n<p><\/p>\n\n\n\n<ul class=\"wp-block-list\">\n<li>Tilsett 1 ts kakao for enda rikere sjokoladesmak.<\/li>\n<\/ul>\n\n\n\n<p><\/p>\n\n\n\n<ul class=\"wp-block-list\">\n<li>Tilsett 1-2 ts&nbsp;pean\u00f8ttmel&nbsp;eller&nbsp;<a href=\"https:\/\/sukrin.com\/no\/produkter\/kokosmel\">kokosmel<\/a>&nbsp;og 2-4 ts ekstra vann, stek i 10 sek lengre.<\/li>\n<\/ul>\n\n\n\n<p><\/p>\n\n\n\n<ul class=\"wp-block-list\">\n<li>Tilsett 10-20 gram proteinpulver &nbsp;og en ss vann for&nbsp;<em>enda<\/em>&nbsp;h\u00f8yere proteininnhold og metthetsf\u00f8lelse.<\/li>\n<\/ul>\n\n\n\n<p><\/p>\n\n\n\n<ul class=\"wp-block-list\">\n<li>Erstatt noe av vannet med melk for en mildere kake, eller med kaffe for en mokkakake.<\/li>\n<\/ul>\n\n\n\n<p><\/p>\n\n\n\n<ul class=\"wp-block-list\">\n<li>Erstatt vannet med kokosmelk.<\/li>\n<\/ul>\n\n\n\n<p><\/p>\n\n\n\n<ul class=\"wp-block-list\">\n<li>Dersom du \u00f8nsker en kake med flytende kjerne kan du redusere steketiden til ca 50 sek.<\/li>\n<\/ul>\n\n\n\n<p><\/p>\n\n\n\n<ul class=\"wp-block-list\">\n<li>Server sammen med iskrem, pisket krem, cottage cheese eller kesam.<\/li>\n<\/ul>\n\n\n\n<p><\/p>\n\n\n\n<ul class=\"wp-block-list\">\n<li>Cake in a cup kan ogs\u00e5 lages i vanlig ovn: Stek blandingen i en passende, ildfast form p\u00e5 175 grader i 20-25 minutter, etter hvor fast du \u00f8nsker konsistensen.<\/li>\n<\/ul>\n","protected":false},"excerpt":{"rendered":"","protected":false},"author":13,"featured_media":0,"parent":0,"menu_order":0,"comment_status":"closed","ping_status":"closed","template":"","meta":{"footnotes":""},"class_list":["post-2489","page","type-page","status-publish","hentry"],"acf":[],"yoast_head":"<!-- This site is optimized with the Yoast SEO plugin v27.2 - https:\/\/yoast.com\/product\/yoast-seo-wordpress\/ -->\n<title>Variasjon med CIAC - Sukrin<\/title>\n<meta name=\"description\" content=\"Cake in a cup kan varieres p\u00e5 mange spennende m\u00e5ter. Finn inspirasjon og gode tips p\u00e5 denne siden.\" \/>\n<meta name=\"robots\" content=\"index, follow, max-snippet:-1, max-image-preview:large, max-video-preview:-1\" \/>\n<link rel=\"canonical\" href=\"https:\/\/sukrin.com\/no\/variasjon-med-ciac\" \/>\n<meta property=\"og:locale\" content=\"nb_NO\" \/>\n<meta property=\"og:type\" content=\"article\" \/>\n<meta property=\"og:title\" content=\"Variasjon med CIAC - Sukrin\" \/>\n<meta property=\"og:description\" content=\"Cake in a cup kan varieres p\u00e5 mange spennende m\u00e5ter. Finn inspirasjon og gode tips p\u00e5 denne siden.\" \/>\n<meta property=\"og:url\" content=\"https:\/\/sukrin.com\/no\/variasjon-med-ciac\" \/>\n<meta property=\"og:site_name\" content=\"Sukrin\" \/>\n<meta property=\"article:publisher\" content=\"https:\/\/nb-no.facebook.com\/funksjonellmat\/\" \/>\n<meta property=\"article:modified_time\" content=\"2026-02-04T08:22:22+00:00\" \/>\n<meta name=\"twitter:card\" content=\"summary_large_image\" \/>\n<meta name=\"twitter:label1\" content=\"Ansl. lesetid\" \/>\n\t<meta name=\"twitter:data1\" content=\"1 minutt\" \/>\n<script type=\"application\/ld+json\" class=\"yoast-schema-graph\">{\"@context\":\"https:\/\/schema.org\",\"@graph\":[{\"@type\":\"WebPage\",\"@id\":\"https:\/\/sukrin.com\/no\/variasjon-med-ciac\",\"url\":\"https:\/\/sukrin.com\/no\/variasjon-med-ciac\",\"name\":\"Variasjon med CIAC - Sukrin\",\"isPartOf\":{\"@id\":\"https:\/\/sukrin.com\/no\/#website\"},\"datePublished\":\"2024-09-06T12:07:37+00:00\",\"dateModified\":\"2026-02-04T08:22:22+00:00\",\"description\":\"Cake in a cup kan varieres p\u00e5 mange spennende m\u00e5ter. Finn inspirasjon og gode tips p\u00e5 denne siden.\",\"breadcrumb\":{\"@id\":\"https:\/\/sukrin.com\/no\/variasjon-med-ciac#breadcrumb\"},\"inLanguage\":\"nb-NO\",\"potentialAction\":[{\"@type\":\"ReadAction\",\"target\":[\"https:\/\/sukrin.com\/no\/variasjon-med-ciac\"]}]},{\"@type\":\"BreadcrumbList\",\"@id\":\"https:\/\/sukrin.com\/no\/variasjon-med-ciac#breadcrumb\",\"itemListElement\":[{\"@type\":\"ListItem\",\"position\":1,\"name\":\"Hjem\",\"item\":\"https:\/\/sukrin.com\/no\/\"},{\"@type\":\"ListItem\",\"position\":2,\"name\":\"Variasjon med CIAC\"}]},{\"@type\":\"WebSite\",\"@id\":\"https:\/\/sukrin.com\/no\/#website\",\"url\":\"https:\/\/sukrin.com\/no\/\",\"name\":\"Sukrin\",\"description\":\"Enkelt \u00e5 gj\u00f8re noe godt\",\"publisher\":{\"@id\":\"https:\/\/sukrin.com\/no\/#organization\"},\"potentialAction\":[{\"@type\":\"SearchAction\",\"target\":{\"@type\":\"EntryPoint\",\"urlTemplate\":\"https:\/\/sukrin.com\/no\/?s={search_term_string}\"},\"query-input\":{\"@type\":\"PropertyValueSpecification\",\"valueRequired\":true,\"valueName\":\"search_term_string\"}}],\"inLanguage\":\"nb-NO\"},{\"@type\":\"Organization\",\"@id\":\"https:\/\/sukrin.com\/no\/#organization\",\"name\":\"Funksjonell mat\",\"url\":\"https:\/\/sukrin.com\/no\/\",\"logo\":{\"@type\":\"ImageObject\",\"inLanguage\":\"nb-NO\",\"@id\":\"https:\/\/sukrin.com\/no\/#\/schema\/logo\/image\/\",\"url\":\"https:\/\/sukrin.com\/no\/content\/2023\/11\/funksjonell-mat-logo.svg\",\"contentUrl\":\"https:\/\/sukrin.com\/no\/content\/2023\/11\/funksjonell-mat-logo.svg\",\"width\":1,\"height\":1,\"caption\":\"Funksjonell mat\"},\"image\":{\"@id\":\"https:\/\/sukrin.com\/no\/#\/schema\/logo\/image\/\"},\"sameAs\":[\"https:\/\/nb-no.facebook.com\/funksjonellmat\/\",\"https:\/\/www.instagram.com\/sukrin.no\/\",\"https:\/\/tatrck.com\/h\/0Hu30uVO0x7R?url=httpswww.tiktok.comsukrin_official\"]}]}<\/script>\n<!-- \/ Yoast SEO plugin. -->","yoast_head_json":{"title":"Variasjon med CIAC - Sukrin","description":"Cake in a cup kan varieres p\u00e5 mange spennende m\u00e5ter. Finn inspirasjon og gode tips p\u00e5 denne siden.","robots":{"index":"index","follow":"follow","max-snippet":"max-snippet:-1","max-image-preview":"max-image-preview:large","max-video-preview":"max-video-preview:-1"},"canonical":"https:\/\/sukrin.com\/no\/variasjon-med-ciac","og_locale":"nb_NO","og_type":"article","og_title":"Variasjon med CIAC - Sukrin","og_description":"Cake in a cup kan varieres p\u00e5 mange spennende m\u00e5ter. Finn inspirasjon og gode tips p\u00e5 denne siden.","og_url":"https:\/\/sukrin.com\/no\/variasjon-med-ciac","og_site_name":"Sukrin","article_publisher":"https:\/\/nb-no.facebook.com\/funksjonellmat\/","article_modified_time":"2026-02-04T08:22:22+00:00","twitter_card":"summary_large_image","twitter_misc":{"Ansl. lesetid":"1 minutt"},"schema":{"@context":"https:\/\/schema.org","@graph":[{"@type":"WebPage","@id":"https:\/\/sukrin.com\/no\/variasjon-med-ciac","url":"https:\/\/sukrin.com\/no\/variasjon-med-ciac","name":"Variasjon med CIAC - Sukrin","isPartOf":{"@id":"https:\/\/sukrin.com\/no\/#website"},"datePublished":"2024-09-06T12:07:37+00:00","dateModified":"2026-02-04T08:22:22+00:00","description":"Cake in a cup kan varieres p\u00e5 mange spennende m\u00e5ter. Finn inspirasjon og gode tips p\u00e5 denne siden.","breadcrumb":{"@id":"https:\/\/sukrin.com\/no\/variasjon-med-ciac#breadcrumb"},"inLanguage":"nb-NO","potentialAction":[{"@type":"ReadAction","target":["https:\/\/sukrin.com\/no\/variasjon-med-ciac"]}]},{"@type":"BreadcrumbList","@id":"https:\/\/sukrin.com\/no\/variasjon-med-ciac#breadcrumb","itemListElement":[{"@type":"ListItem","position":1,"name":"Hjem","item":"https:\/\/sukrin.com\/no\/"},{"@type":"ListItem","position":2,"name":"Variasjon med CIAC"}]},{"@type":"WebSite","@id":"https:\/\/sukrin.com\/no\/#website","url":"https:\/\/sukrin.com\/no\/","name":"Sukrin","description":"Enkelt \u00e5 gj\u00f8re noe godt","publisher":{"@id":"https:\/\/sukrin.com\/no\/#organization"},"potentialAction":[{"@type":"SearchAction","target":{"@type":"EntryPoint","urlTemplate":"https:\/\/sukrin.com\/no\/?s={search_term_string}"},"query-input":{"@type":"PropertyValueSpecification","valueRequired":true,"valueName":"search_term_string"}}],"inLanguage":"nb-NO"},{"@type":"Organization","@id":"https:\/\/sukrin.com\/no\/#organization","name":"Funksjonell mat","url":"https:\/\/sukrin.com\/no\/","logo":{"@type":"ImageObject","inLanguage":"nb-NO","@id":"https:\/\/sukrin.com\/no\/#\/schema\/logo\/image\/","url":"https:\/\/sukrin.com\/no\/content\/2023\/11\/funksjonell-mat-logo.svg","contentUrl":"https:\/\/sukrin.com\/no\/content\/2023\/11\/funksjonell-mat-logo.svg","width":1,"height":1,"caption":"Funksjonell mat"},"image":{"@id":"https:\/\/sukrin.com\/no\/#\/schema\/logo\/image\/"},"sameAs":["https:\/\/nb-no.facebook.com\/funksjonellmat\/","https:\/\/www.instagram.com\/sukrin.no\/","https:\/\/tatrck.com\/h\/0Hu30uVO0x7R?url=httpswww.tiktok.comsukrin_official"]}]}},"_links":{"self":[{"href":"https:\/\/sukrin.com\/no\/wp-json\/wp\/v2\/pages\/2489","targetHints":{"allow":["GET"]}}],"collection":[{"href":"https:\/\/sukrin.com\/no\/wp-json\/wp\/v2\/pages"}],"about":[{"href":"https:\/\/sukrin.com\/no\/wp-json\/wp\/v2\/types\/page"}],"author":[{"embeddable":true,"href":"https:\/\/sukrin.com\/no\/wp-json\/wp\/v2\/users\/13"}],"replies":[{"embeddable":true,"href":"https:\/\/sukrin.com\/no\/wp-json\/wp\/v2\/comments?post=2489"}],"version-history":[{"count":5,"href":"https:\/\/sukrin.com\/no\/wp-json\/wp\/v2\/pages\/2489\/revisions"}],"predecessor-version":[{"id":3819,"href":"https:\/\/sukrin.com\/no\/wp-json\/wp\/v2\/pages\/2489\/revisions\/3819"}],"wp:attachment":[{"href":"https:\/\/sukrin.com\/no\/wp-json\/wp\/v2\/media?parent=2489"}],"curies":[{"name":"wp","href":"https:\/\/api.w.org\/{rel}","templated":true}]}}