{"id":2487,"date":"2024-09-06T14:06:12","date_gmt":"2024-09-06T12:06:12","guid":{"rendered":"https:\/\/sukrin.com\/no\/?page_id=2487"},"modified":"2024-09-13T13:21:04","modified_gmt":"2024-09-13T11:21:04","slug":"variasjon-med-sjokoladekakemiks","status":"publish","type":"page","link":"https:\/\/sukrin.com\/no\/variasjon-med-sjokoladekakemiks","title":{"rendered":"Variasjon med sjokoladekakemiks"},"content":{"rendered":"\n<ul class=\"wp-block-list\">\n<li>Kaken kan gjerne stekes i en liten langpanne (20 x 30), br\u00f8dform eller en ildfast form.<\/li>\n\n\n\n<li>Bruk kakemiksen til&nbsp;<strong>muffins<\/strong>&nbsp;eller&nbsp;<strong>cupcakes:<\/strong>&nbsp;F\u00f8lg bruksanvisningen, og stek med samme varme og steketid.&nbsp;Gir ca. 12 store muffins.<\/li>\n<\/ul>\n\n\n\n<ul class=\"wp-block-list\">\n<li>Del kaken i to og fyll med vaniljekrem eller vaniljekesam.<\/li>\n\n\n\n<li>Tilsetter hakkede n\u00f8tter og\/eller grovhakket m\u00f8rk sjokolade i r\u00f8ren.<\/li>\n\n\n\n<li>Server kaken med pisket krem (s\u00f8tet med Sukrinmelis) og friske b\u00e6r.<\/li>\n<\/ul>\n\n\n\n<figure class=\"wp-block-image alignright size-large is-resized is-style-rounded\"><img loading=\"lazy\" decoding=\"async\" width=\"590\" height=\"443\" src=\"https:\/\/sukrin.com\/no\/content\/2024\/09\/sjokoladekakebit-1-590x443.jpg\" alt=\"Sjokoladekake\" class=\"wp-image-2645\" style=\"object-fit:cover;width:300px;height:300px\" srcset=\"https:\/\/sukrin.com\/no\/content\/2024\/09\/sjokoladekakebit-1-590x443.jpg 590w, https:\/\/sukrin.com\/no\/content\/2024\/09\/sjokoladekakebit-1-300x225.jpg 300w, https:\/\/sukrin.com\/no\/content\/2024\/09\/sjokoladekakebit-1-768x576.jpg 768w, https:\/\/sukrin.com\/no\/content\/2024\/09\/sjokoladekakebit-1-1536x1152.jpg 1536w, https:\/\/sukrin.com\/no\/content\/2024\/09\/sjokoladekakebit-1-2048x1536.jpg 2048w, https:\/\/sukrin.com\/no\/content\/2024\/09\/sjokoladekakebit-1-500x375.jpg 500w, https:\/\/sukrin.com\/no\/content\/2024\/09\/sjokoladekakebit-1-60x45.jpg 60w\" sizes=\"auto, (max-width: 590px) 100vw, 590px\" \/><\/figure>\n\n\n\n<ul class=\"wp-block-list\">\n<li>For en fyldigere smak og mer <strong>fudge-aktig konsistens<\/strong>: bytt ut vanlig olje med kokosolje og stek kaken noen minutter kortere enn angitt. La kaken st\u00e5 i kj\u00f8leskapet til dagen etter. &nbsp;(Er du glad i kokossmak, kan du bruke&nbsp;extra virgin kokosolje)<\/li>\n\n\n\n<li>\u00d8nsker du en enda&nbsp;<strong>magrere variant<\/strong>&nbsp;av sjokoladekaken kan du bytte ut 1dl olje med 100 g (mager) kesam. Noen foretrekker da \u00e5 ha i 1 ts fiberhusk, for en seigere konsistens. Dette er et supert tips hvis du har det i hus, men ingen n\u00f8dvendighet. Og for de som virkelig er opptatt av \u00e5 redusere kalori-inntaket g\u00e5r det an \u00e5 bruke bare eggehvitene i to av eggene. Gj\u00f8r du det samtidig som du bytter oljen med mager kesam, vil du nesten halvere kalori-innholdet i kaken.<\/li>\n\n\n\n<li>\u00d8nsker du en <strong>m\u00f8rkere og mindre s\u00f8t<\/strong> kake, tilsett 2 ss kakaopulver.<\/li>\n\n\n\n<li>For \u00e5 lage en <strong>egg-fri versjon<\/strong>&nbsp;tilsetter du 1 dl olje, 3 1\/2 dl vann og 3 toppede ss soyamel, (eller \u00abno egg\u00bb-pulver)<\/li>\n<\/ul>\n\n\n\n<ul class=\"wp-block-list\">\n<li>Lag&nbsp;<strong>Sachertorte<\/strong>: Del en ferdig stekt kake i to lag, og fyll med et tynt lag aprikosmarmelade. Lag m\u00f8rk sjokoladeglasur og bre over kaken. Glasuren kan f.eks. lages av 200 g m\u00f8rk (eventuelt sukkerfri) sjokolade og 2 dl fl\u00f8te.<\/li>\n<\/ul>\n\n\n\n<ul class=\"wp-block-list\">\n<li><strong>Cake pops<\/strong>: Ferdig stekt kake smuldres opp til sm\u00e5 smuler. Disse skal blandes sammen med en saus eller glasur.&nbsp;Sjokoladesaus kan du lage av&nbsp;100 g m\u00f8rk sjokolade, 100 g&nbsp;sm\u00f8r, 1\/2 dl fl\u00f8te og 50 g SukrinMelis som smeltes i vannbad og r\u00f8res sammen.&nbsp;Bland det t\u00f8rre sammen med sausen slik at det blir en fast deig. Deigen rulles ut i sm\u00e5 kuler, og settes i fryser i ca 30 min.&nbsp;Dypp sm\u00e5 pinner i smeltet sjokolade, og stikk dem deretter inn i kulene. (Sjokoladen skal fungere som lim, slik at pinnene sitter stabilt fast.) Sett dem inn igjen i fryseren, og la sjokoladen stivne skikkelig.&nbsp;Dypp de ferdig stivnede popsene i smeltet sjokolade, og trill dem eventuelt i kakestr\u00f8, hakkede n\u00f8tter eller hva du m\u00e5tte \u00f8nske \u00e5 pynte med. Her er det bare fantasien som setter grenser!<\/li>\n<\/ul>\n\n\n\n<figure class=\"wp-block-image alignleft size-large is-resized is-style-rounded\"><img loading=\"lazy\" decoding=\"async\" width=\"590\" height=\"393\" src=\"https:\/\/sukrin.com\/no\/content\/2024\/09\/cupcakes-topping-590x393.webp\" alt=\"\" class=\"wp-image-2647\" style=\"object-fit:cover;width:300px;height:300px\" srcset=\"https:\/\/sukrin.com\/no\/content\/2024\/09\/cupcakes-topping-590x393.webp 590w, https:\/\/sukrin.com\/no\/content\/2024\/09\/cupcakes-topping-300x200.webp 300w, https:\/\/sukrin.com\/no\/content\/2024\/09\/cupcakes-topping-768x512.webp 768w, https:\/\/sukrin.com\/no\/content\/2024\/09\/cupcakes-topping-1536x1024.webp 1536w, https:\/\/sukrin.com\/no\/content\/2024\/09\/cupcakes-topping-2048x1365.webp 2048w, https:\/\/sukrin.com\/no\/content\/2024\/09\/cupcakes-topping-500x333.webp 500w, https:\/\/sukrin.com\/no\/content\/2024\/09\/cupcakes-topping-60x40.webp 60w\" sizes=\"auto, (max-width: 590px) 100vw, 590px\" \/><\/figure>\n\n\n\n<ul class=\"wp-block-list\">\n<li><strong>Glasur<\/strong>: Varm opp&nbsp;2 dl matfl\u00f8te (eller&nbsp;soyafl\u00f8te) og smelt i 200 g sukkerfri sjokolade (eller m\u00f8rk sjokolade)<\/li>\n\n\n\n<li>For en enklere&nbsp;glasur, bruk vaniljekesam eller et lett dryss av SukrinMelis som pynt.<\/li>\n<\/ul>\n","protected":false},"excerpt":{"rendered":"","protected":false},"author":13,"featured_media":0,"parent":0,"menu_order":0,"comment_status":"closed","ping_status":"closed","template":"","meta":{"footnotes":""},"class_list":["post-2487","page","type-page","status-publish","hentry"],"acf":[],"yoast_head":"<!-- This site is optimized with the Yoast SEO plugin v27.2 - https:\/\/yoast.com\/product\/yoast-seo-wordpress\/ -->\n<title>Variasjon med sjokoladekakemiks - Sukrin<\/title>\n<meta name=\"description\" content=\"Du kan bruke en eske Sukrin sjokoladekakemiks p\u00e5 mange spennende m\u00e5ter. Les gode tips og oppskrifter her.\" \/>\n<meta name=\"robots\" content=\"index, follow, max-snippet:-1, max-image-preview:large, max-video-preview:-1\" \/>\n<link rel=\"canonical\" href=\"https:\/\/sukrin.com\/no\/variasjon-med-sjokoladekakemiks\" \/>\n<meta property=\"og:locale\" content=\"nb_NO\" \/>\n<meta property=\"og:type\" content=\"article\" \/>\n<meta property=\"og:title\" content=\"Variasjon med sjokoladekakemiks - Sukrin\" \/>\n<meta property=\"og:description\" content=\"Du kan bruke en eske Sukrin sjokoladekakemiks p\u00e5 mange spennende m\u00e5ter. Les gode tips og oppskrifter her.\" \/>\n<meta property=\"og:url\" content=\"https:\/\/sukrin.com\/no\/variasjon-med-sjokoladekakemiks\" \/>\n<meta property=\"og:site_name\" content=\"Sukrin\" \/>\n<meta property=\"article:publisher\" content=\"https:\/\/nb-no.facebook.com\/funksjonellmat\/\" \/>\n<meta property=\"article:modified_time\" content=\"2024-09-13T11:21:04+00:00\" \/>\n<meta property=\"og:image\" content=\"https:\/\/sukrin.com\/no\/content\/2024\/09\/sjokoladekakebit-1-590x443.jpg\" \/>\n<meta name=\"twitter:card\" content=\"summary_large_image\" \/>\n<meta name=\"twitter:label1\" content=\"Ansl. lesetid\" \/>\n\t<meta name=\"twitter:data1\" content=\"3 minutter\" \/>\n<script type=\"application\/ld+json\" class=\"yoast-schema-graph\">{\"@context\":\"https:\/\/schema.org\",\"@graph\":[{\"@type\":\"WebPage\",\"@id\":\"https:\/\/sukrin.com\/no\/variasjon-med-sjokoladekakemiks\",\"url\":\"https:\/\/sukrin.com\/no\/variasjon-med-sjokoladekakemiks\",\"name\":\"Variasjon med sjokoladekakemiks - Sukrin\",\"isPartOf\":{\"@id\":\"https:\/\/sukrin.com\/no\/#website\"},\"primaryImageOfPage\":{\"@id\":\"https:\/\/sukrin.com\/no\/variasjon-med-sjokoladekakemiks#primaryimage\"},\"image\":{\"@id\":\"https:\/\/sukrin.com\/no\/variasjon-med-sjokoladekakemiks#primaryimage\"},\"thumbnailUrl\":\"https:\/\/sukrin.com\/no\/content\/2024\/09\/sjokoladekakebit-1-590x443.jpg\",\"datePublished\":\"2024-09-06T12:06:12+00:00\",\"dateModified\":\"2024-09-13T11:21:04+00:00\",\"description\":\"Du kan bruke en eske Sukrin sjokoladekakemiks p\u00e5 mange spennende m\u00e5ter. Les gode tips og oppskrifter her.\",\"breadcrumb\":{\"@id\":\"https:\/\/sukrin.com\/no\/variasjon-med-sjokoladekakemiks#breadcrumb\"},\"inLanguage\":\"nb-NO\",\"potentialAction\":[{\"@type\":\"ReadAction\",\"target\":[\"https:\/\/sukrin.com\/no\/variasjon-med-sjokoladekakemiks\"]}]},{\"@type\":\"ImageObject\",\"inLanguage\":\"nb-NO\",\"@id\":\"https:\/\/sukrin.com\/no\/variasjon-med-sjokoladekakemiks#primaryimage\",\"url\":\"https:\/\/sukrin.com\/no\/content\/2024\/09\/sjokoladekakebit-1-scaled.jpg\",\"contentUrl\":\"https:\/\/sukrin.com\/no\/content\/2024\/09\/sjokoladekakebit-1-scaled.jpg\",\"width\":2560,\"height\":1920,\"caption\":\"A piece of chocolate mudcake isolated against a pale blue background\"},{\"@type\":\"BreadcrumbList\",\"@id\":\"https:\/\/sukrin.com\/no\/variasjon-med-sjokoladekakemiks#breadcrumb\",\"itemListElement\":[{\"@type\":\"ListItem\",\"position\":1,\"name\":\"Hjem\",\"item\":\"https:\/\/sukrin.com\/no\/\"},{\"@type\":\"ListItem\",\"position\":2,\"name\":\"Variasjon med sjokoladekakemiks\"}]},{\"@type\":\"WebSite\",\"@id\":\"https:\/\/sukrin.com\/no\/#website\",\"url\":\"https:\/\/sukrin.com\/no\/\",\"name\":\"Sukrin\",\"description\":\"Enkelt \u00e5 gj\u00f8re noe godt\",\"publisher\":{\"@id\":\"https:\/\/sukrin.com\/no\/#organization\"},\"potentialAction\":[{\"@type\":\"SearchAction\",\"target\":{\"@type\":\"EntryPoint\",\"urlTemplate\":\"https:\/\/sukrin.com\/no\/?s={search_term_string}\"},\"query-input\":{\"@type\":\"PropertyValueSpecification\",\"valueRequired\":true,\"valueName\":\"search_term_string\"}}],\"inLanguage\":\"nb-NO\"},{\"@type\":\"Organization\",\"@id\":\"https:\/\/sukrin.com\/no\/#organization\",\"name\":\"Funksjonell mat\",\"url\":\"https:\/\/sukrin.com\/no\/\",\"logo\":{\"@type\":\"ImageObject\",\"inLanguage\":\"nb-NO\",\"@id\":\"https:\/\/sukrin.com\/no\/#\/schema\/logo\/image\/\",\"url\":\"https:\/\/sukrin.com\/no\/content\/2023\/11\/funksjonell-mat-logo.svg\",\"contentUrl\":\"https:\/\/sukrin.com\/no\/content\/2023\/11\/funksjonell-mat-logo.svg\",\"width\":1,\"height\":1,\"caption\":\"Funksjonell mat\"},\"image\":{\"@id\":\"https:\/\/sukrin.com\/no\/#\/schema\/logo\/image\/\"},\"sameAs\":[\"https:\/\/nb-no.facebook.com\/funksjonellmat\/\",\"https:\/\/www.instagram.com\/sukrin.no\/\",\"https:\/\/tatrck.com\/h\/0Hu30uVO0x7R?url=httpswww.tiktok.comsukrin_official\"]}]}<\/script>\n<!-- \/ Yoast SEO plugin. -->","yoast_head_json":{"title":"Variasjon med sjokoladekakemiks - Sukrin","description":"Du kan bruke en eske Sukrin sjokoladekakemiks p\u00e5 mange spennende m\u00e5ter. Les gode tips og oppskrifter her.","robots":{"index":"index","follow":"follow","max-snippet":"max-snippet:-1","max-image-preview":"max-image-preview:large","max-video-preview":"max-video-preview:-1"},"canonical":"https:\/\/sukrin.com\/no\/variasjon-med-sjokoladekakemiks","og_locale":"nb_NO","og_type":"article","og_title":"Variasjon med sjokoladekakemiks - Sukrin","og_description":"Du kan bruke en eske Sukrin sjokoladekakemiks p\u00e5 mange spennende m\u00e5ter. Les gode tips og oppskrifter her.","og_url":"https:\/\/sukrin.com\/no\/variasjon-med-sjokoladekakemiks","og_site_name":"Sukrin","article_publisher":"https:\/\/nb-no.facebook.com\/funksjonellmat\/","article_modified_time":"2024-09-13T11:21:04+00:00","og_image":[{"url":"https:\/\/sukrin.com\/no\/content\/2024\/09\/sjokoladekakebit-1-590x443.jpg","type":"","width":"","height":""}],"twitter_card":"summary_large_image","twitter_misc":{"Ansl. lesetid":"3 minutter"},"schema":{"@context":"https:\/\/schema.org","@graph":[{"@type":"WebPage","@id":"https:\/\/sukrin.com\/no\/variasjon-med-sjokoladekakemiks","url":"https:\/\/sukrin.com\/no\/variasjon-med-sjokoladekakemiks","name":"Variasjon med sjokoladekakemiks - Sukrin","isPartOf":{"@id":"https:\/\/sukrin.com\/no\/#website"},"primaryImageOfPage":{"@id":"https:\/\/sukrin.com\/no\/variasjon-med-sjokoladekakemiks#primaryimage"},"image":{"@id":"https:\/\/sukrin.com\/no\/variasjon-med-sjokoladekakemiks#primaryimage"},"thumbnailUrl":"https:\/\/sukrin.com\/no\/content\/2024\/09\/sjokoladekakebit-1-590x443.jpg","datePublished":"2024-09-06T12:06:12+00:00","dateModified":"2024-09-13T11:21:04+00:00","description":"Du kan bruke en eske Sukrin sjokoladekakemiks p\u00e5 mange spennende m\u00e5ter. Les gode tips og oppskrifter her.","breadcrumb":{"@id":"https:\/\/sukrin.com\/no\/variasjon-med-sjokoladekakemiks#breadcrumb"},"inLanguage":"nb-NO","potentialAction":[{"@type":"ReadAction","target":["https:\/\/sukrin.com\/no\/variasjon-med-sjokoladekakemiks"]}]},{"@type":"ImageObject","inLanguage":"nb-NO","@id":"https:\/\/sukrin.com\/no\/variasjon-med-sjokoladekakemiks#primaryimage","url":"https:\/\/sukrin.com\/no\/content\/2024\/09\/sjokoladekakebit-1-scaled.jpg","contentUrl":"https:\/\/sukrin.com\/no\/content\/2024\/09\/sjokoladekakebit-1-scaled.jpg","width":2560,"height":1920,"caption":"A piece of chocolate mudcake isolated against a pale blue background"},{"@type":"BreadcrumbList","@id":"https:\/\/sukrin.com\/no\/variasjon-med-sjokoladekakemiks#breadcrumb","itemListElement":[{"@type":"ListItem","position":1,"name":"Hjem","item":"https:\/\/sukrin.com\/no\/"},{"@type":"ListItem","position":2,"name":"Variasjon med sjokoladekakemiks"}]},{"@type":"WebSite","@id":"https:\/\/sukrin.com\/no\/#website","url":"https:\/\/sukrin.com\/no\/","name":"Sukrin","description":"Enkelt \u00e5 gj\u00f8re noe godt","publisher":{"@id":"https:\/\/sukrin.com\/no\/#organization"},"potentialAction":[{"@type":"SearchAction","target":{"@type":"EntryPoint","urlTemplate":"https:\/\/sukrin.com\/no\/?s={search_term_string}"},"query-input":{"@type":"PropertyValueSpecification","valueRequired":true,"valueName":"search_term_string"}}],"inLanguage":"nb-NO"},{"@type":"Organization","@id":"https:\/\/sukrin.com\/no\/#organization","name":"Funksjonell mat","url":"https:\/\/sukrin.com\/no\/","logo":{"@type":"ImageObject","inLanguage":"nb-NO","@id":"https:\/\/sukrin.com\/no\/#\/schema\/logo\/image\/","url":"https:\/\/sukrin.com\/no\/content\/2023\/11\/funksjonell-mat-logo.svg","contentUrl":"https:\/\/sukrin.com\/no\/content\/2023\/11\/funksjonell-mat-logo.svg","width":1,"height":1,"caption":"Funksjonell mat"},"image":{"@id":"https:\/\/sukrin.com\/no\/#\/schema\/logo\/image\/"},"sameAs":["https:\/\/nb-no.facebook.com\/funksjonellmat\/","https:\/\/www.instagram.com\/sukrin.no\/","https:\/\/tatrck.com\/h\/0Hu30uVO0x7R?url=httpswww.tiktok.comsukrin_official"]}]}},"_links":{"self":[{"href":"https:\/\/sukrin.com\/no\/wp-json\/wp\/v2\/pages\/2487","targetHints":{"allow":["GET"]}}],"collection":[{"href":"https:\/\/sukrin.com\/no\/wp-json\/wp\/v2\/pages"}],"about":[{"href":"https:\/\/sukrin.com\/no\/wp-json\/wp\/v2\/types\/page"}],"author":[{"embeddable":true,"href":"https:\/\/sukrin.com\/no\/wp-json\/wp\/v2\/users\/13"}],"replies":[{"embeddable":true,"href":"https:\/\/sukrin.com\/no\/wp-json\/wp\/v2\/comments?post=2487"}],"version-history":[{"count":7,"href":"https:\/\/sukrin.com\/no\/wp-json\/wp\/v2\/pages\/2487\/revisions"}],"predecessor-version":[{"id":2649,"href":"https:\/\/sukrin.com\/no\/wp-json\/wp\/v2\/pages\/2487\/revisions\/2649"}],"wp:attachment":[{"href":"https:\/\/sukrin.com\/no\/wp-json\/wp\/v2\/media?parent=2487"}],"curies":[{"name":"wp","href":"https:\/\/api.w.org\/{rel}","templated":true}]}}