{"id":2485,"date":"2024-09-06T14:03:57","date_gmt":"2024-09-06T12:03:57","guid":{"rendered":"https:\/\/sukrin.com\/no\/?page_id=2485"},"modified":"2024-09-27T15:07:10","modified_gmt":"2024-09-27T13:07:10","slug":"variasjon-med-kakemix","status":"publish","type":"page","link":"https:\/\/sukrin.com\/no\/variasjon-med-kakemix","title":{"rendered":"Variasjon med Kakemix"},"content":{"rendered":"\n<h2 class=\"wp-block-heading\">Ulike tilberedningsm\u00e5ter<\/h2>\n\n\n\n<p>Stek miksen i en liten langpanne (20 x 30), br\u00f8dform eller en ildfast form.<\/p>\n\n\n\n<p>Lag miksen som muffins, cupcakes eller cake pops.<\/p>\n\n\n\n<h2 class=\"wp-block-heading\">Tips til cake pops<\/h2>\n\n\n\n<figure class=\"wp-block-image alignright size-large is-resized is-style-rounded\"><img loading=\"lazy\" decoding=\"async\" width=\"393\" height=\"590\" src=\"https:\/\/sukrin.com\/no\/content\/2024\/09\/chocopops-with-nuts-393x590.webp\" alt=\"\" class=\"wp-image-2652\" style=\"object-fit:cover;width:300px;height:300px\" srcset=\"https:\/\/sukrin.com\/no\/content\/2024\/09\/chocopops-with-nuts-393x590.webp 393w, https:\/\/sukrin.com\/no\/content\/2024\/09\/chocopops-with-nuts-200x300.webp 200w, https:\/\/sukrin.com\/no\/content\/2024\/09\/chocopops-with-nuts-768x1152.webp 768w, https:\/\/sukrin.com\/no\/content\/2024\/09\/chocopops-with-nuts-1024x1536.webp 1024w, https:\/\/sukrin.com\/no\/content\/2024\/09\/chocopops-with-nuts-1365x2048.webp 1365w, https:\/\/sukrin.com\/no\/content\/2024\/09\/chocopops-with-nuts-433x650.webp 433w, https:\/\/sukrin.com\/no\/content\/2024\/09\/chocopops-with-nuts-40x60.webp 40w, https:\/\/sukrin.com\/no\/content\/2024\/09\/chocopops-with-nuts-scaled.webp 1706w\" sizes=\"auto, (max-width: 393px) 100vw, 393px\" \/><\/figure>\n\n\n\n<p>Ferdig stekt kake smuldres opp til sm\u00e5 smuler. Bland smulene med litt glasur.<\/p>\n\n\n\n<p>Du kan for eksempel lage glasur av&nbsp;125 g kremost naturell, 100 g sm\u00f8r, 120 g SukrinMelis og 2 ts vaniljesukker. Sammen med kakesmulene skal dette&nbsp;bli en fast deig.<\/p>\n\n\n\n<p>Deigen rulles ut i sm\u00e5 kuler, og settes i fryser i ca 30 min.<\/p>\n\n\n\n<p>Dypp sm\u00e5 pinner i smeltet sjokolade, og stikk dem deretter inn i kulene. (Sjokoladen skal fungere som lim slik at pinnene sitter stabilt fast). Sett dem inn igjen i fryseren, og la sjokoladen stivne skikkelig.<\/p>\n\n\n\n<p>Dypp de ferdig stivnede popsene i det som er igjen av glasuren, og trill dem eventuelt i kakestr\u00f8, hakkede n\u00f8tter eller hva du m\u00e5tte \u00f8nske \u00e5 pynte med. Her er det bare fantasien som setter grenser!<\/p>\n\n\n\n<h2 class=\"wp-block-heading\">Smak av jul<\/h2>\n\n\n\n<p>F\u00f8lg instruksjonene p\u00e5 esken&nbsp;og tilsett \u00bd ts kanel, \u00bd ts kardemomme,&nbsp;\u00bd ts ingef\u00e6r og \u00bc ts nellik til basisoppskriften. (Du kan ogs\u00e5 tilsette t\u00f8rket frukt og n\u00f8tter). Stek kaken i vanlig kakeform, eller bruk muffinsformer og lag julemuffins\/cupcakes. Vi anbefaler en fyldig ostekrem av 150 g kremost naturell, 60 g sm\u00f8r og 100 g SukrinMelis som topping.<\/p>\n\n\n\n<h2 class=\"wp-block-heading\">Andre smaksvariasjoner:<\/h2>\n\n\n\n<figure class=\"wp-block-image alignleft size-large is-resized is-style-rounded\"><img loading=\"lazy\" decoding=\"async\" width=\"590\" height=\"393\" src=\"https:\/\/sukrin.com\/no\/content\/2024\/09\/blueberry-muffins-590x393.webp\" alt=\"\" class=\"wp-image-2654\" style=\"object-fit:cover;width:300px;height:300px\" srcset=\"https:\/\/sukrin.com\/no\/content\/2024\/09\/blueberry-muffins-590x393.webp 590w, https:\/\/sukrin.com\/no\/content\/2024\/09\/blueberry-muffins-300x200.webp 300w, https:\/\/sukrin.com\/no\/content\/2024\/09\/blueberry-muffins-768x512.webp 768w, https:\/\/sukrin.com\/no\/content\/2024\/09\/blueberry-muffins-1536x1024.webp 1536w, https:\/\/sukrin.com\/no\/content\/2024\/09\/blueberry-muffins-2048x1365.webp 2048w, https:\/\/sukrin.com\/no\/content\/2024\/09\/blueberry-muffins-500x333.webp 500w, https:\/\/sukrin.com\/no\/content\/2024\/09\/blueberry-muffins-60x40.webp 60w\" sizes=\"auto, (max-width: 590px) 100vw, 590px\" \/><\/figure>\n\n\n\n<p><strong>Bl\u00e5b\u00e6r og sjokolade:<\/strong>&nbsp;Bland bl\u00e5b\u00e6r og hakket sjokolade inn i r\u00f8ren.<\/p>\n\n\n\n<p><strong>S\u00f8tpotetkake:<\/strong>&nbsp;Skiv opp eller riv 3-4 s\u00f8tpoteter som du blander inn i r\u00f8ren f\u00f8r steking.<\/p>\n\n\n\n<p><strong>Eple og n\u00f8tter:<\/strong>&nbsp;Rasp to epler, og hakk mandler, valn\u00f8tter e.l. og tilsett.<br><br><strong>Kaffe og valn\u00f8ttmuffins:<\/strong>&nbsp;Tilsett 4 ts kaffe (eventuelt 4 ts pulverkaffe r\u00f8rt ut i med 4-5 ts kokende vann), 30 g hakkede&nbsp;valn\u00f8tter (og eventuelt 30 g mandelmel) i miksen. Erstatt gjerne 1 dl olje med 100 g kesam (tilsett da 1 ts Fiberhusk e.l.).<\/p>\n\n\n\n<p>Stek i muffinsformer p\u00e5 180 grader midt i ovnen i ca 20 minutter.<\/p>\n\n\n\n<p>Glasurtips: 2 ts kaffe (eventuelt 2 ts pulverkaffe r\u00f8rt ut i ca 2 ts kokende vann), ca 30 g SukrinMelis og ca 30 vanlig melis r\u00f8res sammen.<\/p>\n\n\n\n<h2 class=\"wp-block-heading\">Oppskriftshefte<\/h2>\n\n\n\n<p>Se oppskriftsheftet til Kakemix\u00a0<a href=\"https:\/\/issuu.com\/funksjonellmat\/docs\/fm_kakemix_oppskrifthefte_0321_issuu\" target=\"_blank\" rel=\"noreferrer noopener\">online her<\/a>, eller last det ned\u00a0<a href=\"\/no\/content\/2024\/09\/FM_Kakemix_Oppskrifthefte-2021.pdf\" target=\"_blank\" rel=\"noreferrer noopener\">som PDF<\/a><\/p>\n\n\n\n<p><\/p>\n","protected":false},"excerpt":{"rendered":"<p>Ulike tilberedningsm\u00e5ter Stek miksen i en liten langpanne (20 x 30), br\u00f8dform eller en ildfast form. Lag miksen som muffins, cupcakes eller cake pops. Tips til cake pops Ferdig stekt kake smuldres opp til sm\u00e5 smuler. Bland smulene med litt glasur. Du kan for eksempel lage glasur av&nbsp;125 g kremost naturell, 100 g sm\u00f8r, 120 [&hellip;]<\/p>\n","protected":false},"author":13,"featured_media":0,"parent":0,"menu_order":0,"comment_status":"closed","ping_status":"closed","template":"","meta":{"footnotes":""},"class_list":["post-2485","page","type-page","status-publish","hentry"],"acf":[],"yoast_head":"<!-- This site is optimized with the Yoast SEO plugin v27.2 - https:\/\/yoast.com\/product\/yoast-seo-wordpress\/ -->\n<title>Variasjon med Kakemix - Sukrin<\/title>\n<meta name=\"description\" content=\"Med en eske Sukrin Kakemix kan du lage utallige kaker uten sukker og hvetemel. P\u00e5 denne siden kan du finne gode tips og oppskrifter.\" \/>\n<meta name=\"robots\" content=\"index, follow, max-snippet:-1, max-image-preview:large, max-video-preview:-1\" \/>\n<link rel=\"canonical\" href=\"https:\/\/sukrin.com\/no\/variasjon-med-kakemix\" \/>\n<meta property=\"og:locale\" content=\"nb_NO\" \/>\n<meta property=\"og:type\" content=\"article\" \/>\n<meta property=\"og:title\" content=\"Variasjon med Kakemix - Sukrin\" \/>\n<meta property=\"og:description\" content=\"Med en eske Sukrin Kakemix kan du lage utallige kaker uten sukker og hvetemel. P\u00e5 denne siden kan du finne gode tips og oppskrifter.\" \/>\n<meta property=\"og:url\" content=\"https:\/\/sukrin.com\/no\/variasjon-med-kakemix\" \/>\n<meta property=\"og:site_name\" content=\"Sukrin\" \/>\n<meta property=\"article:publisher\" content=\"https:\/\/nb-no.facebook.com\/funksjonellmat\/\" \/>\n<meta property=\"article:modified_time\" content=\"2024-09-27T13:07:10+00:00\" \/>\n<meta property=\"og:image\" content=\"https:\/\/sukrin.com\/no\/content\/2024\/09\/chocopops-with-nuts-393x590.webp\" \/>\n<meta name=\"twitter:card\" content=\"summary_large_image\" \/>\n<meta name=\"twitter:label1\" content=\"Ansl. lesetid\" \/>\n\t<meta name=\"twitter:data1\" content=\"3 minutter\" \/>\n<script type=\"application\/ld+json\" class=\"yoast-schema-graph\">{\"@context\":\"https:\/\/schema.org\",\"@graph\":[{\"@type\":\"WebPage\",\"@id\":\"https:\/\/sukrin.com\/no\/variasjon-med-kakemix\",\"url\":\"https:\/\/sukrin.com\/no\/variasjon-med-kakemix\",\"name\":\"Variasjon med Kakemix - Sukrin\",\"isPartOf\":{\"@id\":\"https:\/\/sukrin.com\/no\/#website\"},\"primaryImageOfPage\":{\"@id\":\"https:\/\/sukrin.com\/no\/variasjon-med-kakemix#primaryimage\"},\"image\":{\"@id\":\"https:\/\/sukrin.com\/no\/variasjon-med-kakemix#primaryimage\"},\"thumbnailUrl\":\"https:\/\/sukrin.com\/no\/content\/2024\/09\/chocopops-with-nuts-393x590.webp\",\"datePublished\":\"2024-09-06T12:03:57+00:00\",\"dateModified\":\"2024-09-27T13:07:10+00:00\",\"description\":\"Med en eske Sukrin Kakemix kan du lage utallige kaker uten sukker og hvetemel. P\u00e5 denne siden kan du finne gode tips og oppskrifter.\",\"breadcrumb\":{\"@id\":\"https:\/\/sukrin.com\/no\/variasjon-med-kakemix#breadcrumb\"},\"inLanguage\":\"nb-NO\",\"potentialAction\":[{\"@type\":\"ReadAction\",\"target\":[\"https:\/\/sukrin.com\/no\/variasjon-med-kakemix\"]}]},{\"@type\":\"ImageObject\",\"inLanguage\":\"nb-NO\",\"@id\":\"https:\/\/sukrin.com\/no\/variasjon-med-kakemix#primaryimage\",\"url\":\"https:\/\/sukrin.com\/no\/content\/2024\/09\/chocopops-with-nuts-scaled.webp\",\"contentUrl\":\"https:\/\/sukrin.com\/no\/content\/2024\/09\/chocopops-with-nuts-scaled.webp\",\"width\":1706,\"height\":2560,\"caption\":\"Variasjon med kakemiks\"},{\"@type\":\"BreadcrumbList\",\"@id\":\"https:\/\/sukrin.com\/no\/variasjon-med-kakemix#breadcrumb\",\"itemListElement\":[{\"@type\":\"ListItem\",\"position\":1,\"name\":\"Hjem\",\"item\":\"https:\/\/sukrin.com\/no\/\"},{\"@type\":\"ListItem\",\"position\":2,\"name\":\"Variasjon med Kakemix\"}]},{\"@type\":\"WebSite\",\"@id\":\"https:\/\/sukrin.com\/no\/#website\",\"url\":\"https:\/\/sukrin.com\/no\/\",\"name\":\"Sukrin\",\"description\":\"Enkelt \u00e5 gj\u00f8re noe godt\",\"publisher\":{\"@id\":\"https:\/\/sukrin.com\/no\/#organization\"},\"potentialAction\":[{\"@type\":\"SearchAction\",\"target\":{\"@type\":\"EntryPoint\",\"urlTemplate\":\"https:\/\/sukrin.com\/no\/?s={search_term_string}\"},\"query-input\":{\"@type\":\"PropertyValueSpecification\",\"valueRequired\":true,\"valueName\":\"search_term_string\"}}],\"inLanguage\":\"nb-NO\"},{\"@type\":\"Organization\",\"@id\":\"https:\/\/sukrin.com\/no\/#organization\",\"name\":\"Funksjonell mat\",\"url\":\"https:\/\/sukrin.com\/no\/\",\"logo\":{\"@type\":\"ImageObject\",\"inLanguage\":\"nb-NO\",\"@id\":\"https:\/\/sukrin.com\/no\/#\/schema\/logo\/image\/\",\"url\":\"https:\/\/sukrin.com\/no\/content\/2023\/11\/funksjonell-mat-logo.svg\",\"contentUrl\":\"https:\/\/sukrin.com\/no\/content\/2023\/11\/funksjonell-mat-logo.svg\",\"width\":1,\"height\":1,\"caption\":\"Funksjonell mat\"},\"image\":{\"@id\":\"https:\/\/sukrin.com\/no\/#\/schema\/logo\/image\/\"},\"sameAs\":[\"https:\/\/nb-no.facebook.com\/funksjonellmat\/\",\"https:\/\/www.instagram.com\/sukrin.no\/\",\"https:\/\/tatrck.com\/h\/0Hu30uVO0x7R?url=httpswww.tiktok.comsukrin_official\"]}]}<\/script>\n<!-- \/ Yoast SEO plugin. -->","yoast_head_json":{"title":"Variasjon med Kakemix - Sukrin","description":"Med en eske Sukrin Kakemix kan du lage utallige kaker uten sukker og hvetemel. P\u00e5 denne siden kan du finne gode tips og oppskrifter.","robots":{"index":"index","follow":"follow","max-snippet":"max-snippet:-1","max-image-preview":"max-image-preview:large","max-video-preview":"max-video-preview:-1"},"canonical":"https:\/\/sukrin.com\/no\/variasjon-med-kakemix","og_locale":"nb_NO","og_type":"article","og_title":"Variasjon med Kakemix - Sukrin","og_description":"Med en eske Sukrin Kakemix kan du lage utallige kaker uten sukker og hvetemel. P\u00e5 denne siden kan du finne gode tips og oppskrifter.","og_url":"https:\/\/sukrin.com\/no\/variasjon-med-kakemix","og_site_name":"Sukrin","article_publisher":"https:\/\/nb-no.facebook.com\/funksjonellmat\/","article_modified_time":"2024-09-27T13:07:10+00:00","og_image":[{"url":"https:\/\/sukrin.com\/no\/content\/2024\/09\/chocopops-with-nuts-393x590.webp","type":"","width":"","height":""}],"twitter_card":"summary_large_image","twitter_misc":{"Ansl. lesetid":"3 minutter"},"schema":{"@context":"https:\/\/schema.org","@graph":[{"@type":"WebPage","@id":"https:\/\/sukrin.com\/no\/variasjon-med-kakemix","url":"https:\/\/sukrin.com\/no\/variasjon-med-kakemix","name":"Variasjon med Kakemix - Sukrin","isPartOf":{"@id":"https:\/\/sukrin.com\/no\/#website"},"primaryImageOfPage":{"@id":"https:\/\/sukrin.com\/no\/variasjon-med-kakemix#primaryimage"},"image":{"@id":"https:\/\/sukrin.com\/no\/variasjon-med-kakemix#primaryimage"},"thumbnailUrl":"https:\/\/sukrin.com\/no\/content\/2024\/09\/chocopops-with-nuts-393x590.webp","datePublished":"2024-09-06T12:03:57+00:00","dateModified":"2024-09-27T13:07:10+00:00","description":"Med en eske Sukrin Kakemix kan du lage utallige kaker uten sukker og hvetemel. P\u00e5 denne siden kan du finne gode tips og oppskrifter.","breadcrumb":{"@id":"https:\/\/sukrin.com\/no\/variasjon-med-kakemix#breadcrumb"},"inLanguage":"nb-NO","potentialAction":[{"@type":"ReadAction","target":["https:\/\/sukrin.com\/no\/variasjon-med-kakemix"]}]},{"@type":"ImageObject","inLanguage":"nb-NO","@id":"https:\/\/sukrin.com\/no\/variasjon-med-kakemix#primaryimage","url":"https:\/\/sukrin.com\/no\/content\/2024\/09\/chocopops-with-nuts-scaled.webp","contentUrl":"https:\/\/sukrin.com\/no\/content\/2024\/09\/chocopops-with-nuts-scaled.webp","width":1706,"height":2560,"caption":"Variasjon med kakemiks"},{"@type":"BreadcrumbList","@id":"https:\/\/sukrin.com\/no\/variasjon-med-kakemix#breadcrumb","itemListElement":[{"@type":"ListItem","position":1,"name":"Hjem","item":"https:\/\/sukrin.com\/no\/"},{"@type":"ListItem","position":2,"name":"Variasjon med Kakemix"}]},{"@type":"WebSite","@id":"https:\/\/sukrin.com\/no\/#website","url":"https:\/\/sukrin.com\/no\/","name":"Sukrin","description":"Enkelt \u00e5 gj\u00f8re noe godt","publisher":{"@id":"https:\/\/sukrin.com\/no\/#organization"},"potentialAction":[{"@type":"SearchAction","target":{"@type":"EntryPoint","urlTemplate":"https:\/\/sukrin.com\/no\/?s={search_term_string}"},"query-input":{"@type":"PropertyValueSpecification","valueRequired":true,"valueName":"search_term_string"}}],"inLanguage":"nb-NO"},{"@type":"Organization","@id":"https:\/\/sukrin.com\/no\/#organization","name":"Funksjonell mat","url":"https:\/\/sukrin.com\/no\/","logo":{"@type":"ImageObject","inLanguage":"nb-NO","@id":"https:\/\/sukrin.com\/no\/#\/schema\/logo\/image\/","url":"https:\/\/sukrin.com\/no\/content\/2023\/11\/funksjonell-mat-logo.svg","contentUrl":"https:\/\/sukrin.com\/no\/content\/2023\/11\/funksjonell-mat-logo.svg","width":1,"height":1,"caption":"Funksjonell mat"},"image":{"@id":"https:\/\/sukrin.com\/no\/#\/schema\/logo\/image\/"},"sameAs":["https:\/\/nb-no.facebook.com\/funksjonellmat\/","https:\/\/www.instagram.com\/sukrin.no\/","https:\/\/tatrck.com\/h\/0Hu30uVO0x7R?url=httpswww.tiktok.comsukrin_official"]}]}},"_links":{"self":[{"href":"https:\/\/sukrin.com\/no\/wp-json\/wp\/v2\/pages\/2485","targetHints":{"allow":["GET"]}}],"collection":[{"href":"https:\/\/sukrin.com\/no\/wp-json\/wp\/v2\/pages"}],"about":[{"href":"https:\/\/sukrin.com\/no\/wp-json\/wp\/v2\/types\/page"}],"author":[{"embeddable":true,"href":"https:\/\/sukrin.com\/no\/wp-json\/wp\/v2\/users\/13"}],"replies":[{"embeddable":true,"href":"https:\/\/sukrin.com\/no\/wp-json\/wp\/v2\/comments?post=2485"}],"version-history":[{"count":10,"href":"https:\/\/sukrin.com\/no\/wp-json\/wp\/v2\/pages\/2485\/revisions"}],"predecessor-version":[{"id":2863,"href":"https:\/\/sukrin.com\/no\/wp-json\/wp\/v2\/pages\/2485\/revisions\/2863"}],"wp:attachment":[{"href":"https:\/\/sukrin.com\/no\/wp-json\/wp\/v2\/media?parent=2485"}],"curies":[{"name":"wp","href":"https:\/\/api.w.org\/{rel}","templated":true}]}}