{"id":2483,"date":"2024-09-06T14:02:31","date_gmt":"2024-09-06T12:02:31","guid":{"rendered":"https:\/\/sukrin.com\/no\/?page_id=2483"},"modified":"2024-09-13T13:15:49","modified_gmt":"2024-09-13T11:15:49","slug":"variasjon-med-bakemix","status":"publish","type":"page","link":"https:\/\/sukrin.com\/no\/variasjon-med-bakemix","title":{"rendered":"Variasjon med Bakemix"},"content":{"rendered":"\n<h3 class=\"wp-block-heading\">Scones<\/h3>\n\n\n\n<p>Bland en eske Bakemix sammen med 100 g kaldt sm\u00f8r i terninger. Bruk gjerne en food processor.&nbsp;Tilsett 2 egg, 80 g Kesam og det du \u00f8nsker av hakkede n\u00f8tter,&nbsp;sjokolade, rosiner e.l. Form&nbsp;scones og stek i 15 min.&nbsp;p\u00e5 200 \u00b0C.<\/p>\n\n\n\n<h3 class=\"wp-block-heading\">Toscakake<\/h3>\n\n\n\n<p>Bland en eske Bakemix sammen med 4&nbsp;store egg, 1,5&nbsp;dl vann og 1 dl&nbsp;olje. R\u00f8r til en jevn blanding, og hell i en smurt form. Sett kaken inn i ovnen p\u00e5 175 \u00b0C, og la den steke i ca 20 min. I mens bruner du 20 g sm\u00f8r, 40 g hakkede mandler, 3 ss FiberSirup Gold og \u00be ss valgfritt mel i en kjele. N\u00e5r kaken har stekt i 20 min brer du n\u00f8tteblandingen utover, og lar kaken steke i 15 min til.<\/p>\n\n\n\n<h3 class=\"wp-block-heading\">Marmorkake<\/h3>\n\n\n\n<p>Bland en eske Bakemix sammen med 4 egg, 1,5 dl vann og 1 dl olje. Hell ca&nbsp;1\/3 av r\u00f8ren i en egen bolle, og tilsett 2 ss kakao og 2 ss Sukrin Gold. R\u00f8ren legges lagvis lys-brun-lys i en smurt br\u00f8dform. Lag m\u00f8nster ved \u00e5 dra en kniv igjennom r\u00f8ren til slutt. Stekes ved 175 \u00b0C i ca 35 min.<\/p>\n\n\n\n<h3 class=\"wp-block-heading\">B\u00e6rmuffins<\/h3>\n\n\n\n<figure class=\"wp-block-image alignright size-large is-resized is-style-rounded\"><img loading=\"lazy\" decoding=\"async\" width=\"590\" height=\"418\" src=\"https:\/\/sukrin.com\/no\/content\/2024\/04\/bringebaer-cupcakes-590x418.webp\" alt=\"\" class=\"wp-image-2509\" style=\"object-fit:cover;width:300px;height:300px\" srcset=\"https:\/\/sukrin.com\/no\/content\/2024\/04\/bringebaer-cupcakes-590x418.webp 590w, https:\/\/sukrin.com\/no\/content\/2024\/04\/bringebaer-cupcakes-300x213.webp 300w, https:\/\/sukrin.com\/no\/content\/2024\/04\/bringebaer-cupcakes-768x545.webp 768w, https:\/\/sukrin.com\/no\/content\/2024\/04\/bringebaer-cupcakes-1536x1089.webp 1536w, https:\/\/sukrin.com\/no\/content\/2024\/04\/bringebaer-cupcakes-2048x1452.webp 2048w, https:\/\/sukrin.com\/no\/content\/2024\/04\/bringebaer-cupcakes-500x355.webp 500w, https:\/\/sukrin.com\/no\/content\/2024\/04\/bringebaer-cupcakes-60x43.webp 60w\" sizes=\"auto, (max-width: 590px) 100vw, 590px\" \/><\/figure>\n\n\n\n<p>Vend 1 \u2013 2 dl fryste eller ferske b\u00e6r i 2&nbsp;\u2013 3 ss Sukrin Gold. Bland en eske Bakemix sammen med 4 egg, 1,5 dl vann, 1 dl olje. Hell r\u00f8ren i muffinsformer, fordel b\u00e6rene i formene og stek p\u00e5 175 \u00baC i ca 20 minutter.<\/p>\n\n\n\n<h3 class=\"wp-block-heading\">Sitronmuffins<\/h3>\n\n\n\n<p>Bland en eske Bakemix sammen med&nbsp;4 egg, 1,5 dl&nbsp;vann, 60 g olje, 90 g r\u00f8mme pluss sitronsaften og sitronskall fra en sitron. Hell r\u00f8ren i muffinsformer og stek p\u00e5 175 \u00baC i ca 20 minutter.<\/p>\n\n\n\n<h3 class=\"wp-block-heading\">Kokosmuffins<\/h3>\n\n\n\n<p>Bland en eske Bakemix sammen med 4&nbsp;store egg, 1,5&nbsp;dl vann, 1 dl&nbsp;olje, 50 g kokosmasse, 1-2 ss Sukrin Gold og 1 1\/2&nbsp;ts kanel. Hell r\u00f8ren i muffinsformer og stek p\u00e5 175 \u00baC i ca 20 minutter.<\/p>\n\n\n\n<h3 class=\"wp-block-heading\">Sjokolademuffins<\/h3>\n\n\n\n<p>Bland en eske Bakemix sammen med 4 egg, 1,5&nbsp;dl vann, 1 dl olje, 2 ss&nbsp;kakaopulver og 3&nbsp;ss Sukrin Gold.&nbsp;Hell r\u00f8ren i muffinsformer og stek p\u00e5 175 \u00baC i ca 20 minutter.<\/p>\n\n\n\n<figure class=\"wp-block-image alignleft size-large is-resized is-style-rounded\"><img loading=\"lazy\" decoding=\"async\" width=\"590\" height=\"393\" src=\"https:\/\/sukrin.com\/no\/content\/2024\/09\/vaffel-590x393.jpg\" alt=\"\" class=\"wp-image-2619\" style=\"object-fit:cover;width:300px;height:300px\" srcset=\"https:\/\/sukrin.com\/no\/content\/2024\/09\/vaffel-590x393.jpg 590w, https:\/\/sukrin.com\/no\/content\/2024\/09\/vaffel-300x200.jpg 300w, https:\/\/sukrin.com\/no\/content\/2024\/09\/vaffel-768x511.jpg 768w, https:\/\/sukrin.com\/no\/content\/2024\/09\/vaffel-500x333.jpg 500w, https:\/\/sukrin.com\/no\/content\/2024\/09\/vaffel-60x40.jpg 60w, https:\/\/sukrin.com\/no\/content\/2024\/09\/vaffel.jpg 849w\" sizes=\"auto, (max-width: 590px) 100vw, 590px\" \/><\/figure>\n\n\n\n<h3 class=\"wp-block-heading\">Vafler<\/h3>\n\n\n\n<p>Bland en eske Bakemix sammen med 4 egg, 2&nbsp;dl melk&nbsp;og 1 dl olje\/sm\u00f8r, 1-2 ts kardemomme og 2 ts Fiberhusk. Stekes i vaffeljern, og nytes mens vaflene er ferske.<\/p>\n\n\n\n<h3 class=\"wp-block-heading\">Lapper<\/h3>\n\n\n\n<p>Bland en eske Bakemix sammen med 4&nbsp;dl skummet kulturmelk\/vanlig melk, 2&nbsp;egg og 1 ts natron. Stek i en middels varm stekepanne, ca 1-2 min p\u00e5 hver side, til lappene er gylne og faste.<\/p>\n\n\n\n<h3 class=\"wp-block-heading\">Plommekake med n\u00f8ttetopping<\/h3>\n\n\n\n<p>Bland en eske Bakemix sammen med 4 egg, 1,5 dl vann og 1 dl olje. R\u00f8r til en jevn blanding, og hell i en smurt form. Legg p\u00e5 plommeb\u00e5ter og dryss over Sukrin Gold og kanel. Sett kaken inn i ovnen p\u00e5&nbsp;p\u00e5 175 \u00b0C, og la den steke i ca 30 min.<\/p>\n\n\n\n<p>Bland 50 g sm\u00f8r, 50 g Sukrin Gold, 50 g hvetemel (evt. mandelmel) i en food processor. Tilsett deretter 50 g grovt hakkede n\u00f8tter, 1 ts kanel, 1\/2 ts nellik og 1\/2 ts kardemomme og bland godt.<\/p>\n\n\n\n<p>Ta kaken forsiktig ut av ovnen etter at den har stekt i 30 minutter.&nbsp;Kaken vil da v\u00e6re r\u00e5&nbsp;inni, mens toppen skal v\u00e6re fast. Fordel n\u00f8ttetoppingen&nbsp;over kaken. Sett tilbake i ovnen og stek videre i ca 20 min. Sjekk at kaken er helt gjennomstekt i midten f\u00f8r du tar den ut av ovnen.<\/p>\n\n\n\n<figure class=\"wp-block-image alignright size-large is-resized is-style-rounded\"><img loading=\"lazy\" decoding=\"async\" width=\"590\" height=\"443\" src=\"https:\/\/sukrin.com\/no\/content\/2024\/09\/sjokoladekakebit-590x443.jpg\" alt=\"Sjokoladekake\" class=\"wp-image-2624\" style=\"object-fit:cover;width:300px;height:300px\" srcset=\"https:\/\/sukrin.com\/no\/content\/2024\/09\/sjokoladekakebit-590x443.jpg 590w, https:\/\/sukrin.com\/no\/content\/2024\/09\/sjokoladekakebit-300x225.jpg 300w, https:\/\/sukrin.com\/no\/content\/2024\/09\/sjokoladekakebit-768x576.jpg 768w, https:\/\/sukrin.com\/no\/content\/2024\/09\/sjokoladekakebit-1536x1152.jpg 1536w, https:\/\/sukrin.com\/no\/content\/2024\/09\/sjokoladekakebit-2048x1536.jpg 2048w, https:\/\/sukrin.com\/no\/content\/2024\/09\/sjokoladekakebit-500x375.jpg 500w, https:\/\/sukrin.com\/no\/content\/2024\/09\/sjokoladekakebit-60x45.jpg 60w\" sizes=\"auto, (max-width: 590px) 100vw, 590px\" \/><\/figure>\n\n\n\n<h3 class=\"wp-block-heading\">Sjokoladekake<\/h3>\n\n\n\n<p>Bland en eske Bakemix sammen med 4 egg, 1,5 dl vann, 1 dl olje, 2 ss kakao og 2 \u2013 3 ss Sukrin Gold. &nbsp;Hell i en smurt&nbsp;form, stek p\u00e5 175 \u00baC&nbsp;i ca. 35 min.<\/p>\n\n\n\n<h3 class=\"wp-block-heading\">Gulrotkake<\/h3>\n\n\n\n<p>Bland en eske Bakemix sammen med 4&nbsp;store egg, 1,5&nbsp;dl vann, 1 dl&nbsp;olje, 200 g reven gulrot, 1 ts natron og 3 ts kanel. Visp til en glatt r\u00f8re. Stekes midt i ovnen p\u00e5 175 \u00b0C i ca 40 min.<\/p>\n","protected":false},"excerpt":{"rendered":"<p>Scones Bland en eske Bakemix sammen med 100 g kaldt sm\u00f8r i terninger. Bruk gjerne en food processor.&nbsp;Tilsett 2 egg, 80 g Kesam og det du \u00f8nsker av hakkede n\u00f8tter,&nbsp;sjokolade, rosiner e.l. Form&nbsp;scones og stek i 15 min.&nbsp;p\u00e5 200 \u00b0C. Toscakake Bland en eske Bakemix sammen med 4&nbsp;store egg, 1,5&nbsp;dl vann og 1 dl&nbsp;olje. R\u00f8r [&hellip;]<\/p>\n","protected":false},"author":13,"featured_media":0,"parent":0,"menu_order":0,"comment_status":"closed","ping_status":"closed","template":"","meta":{"footnotes":""},"class_list":["post-2483","page","type-page","status-publish","hentry"],"acf":[],"yoast_head":"<!-- This site is optimized with the Yoast SEO plugin v27.2 - https:\/\/yoast.com\/product\/yoast-seo-wordpress\/ -->\n<title>Variasjon med Bakemix - Sukrin<\/title>\n<meta name=\"description\" content=\"Hvis du har en eske Bakemix, kan du lage utallige kaker uten sukker og hvetemel. Her finner du masse gode tips og oppskrifter.\" \/>\n<meta name=\"robots\" content=\"index, follow, max-snippet:-1, max-image-preview:large, max-video-preview:-1\" \/>\n<link rel=\"canonical\" href=\"https:\/\/sukrin.com\/no\/variasjon-med-bakemix\" \/>\n<meta property=\"og:locale\" content=\"nb_NO\" \/>\n<meta property=\"og:type\" content=\"article\" \/>\n<meta property=\"og:title\" content=\"Variasjon med Bakemix - Sukrin\" \/>\n<meta property=\"og:description\" content=\"Hvis du har en eske Bakemix, kan du lage utallige kaker uten sukker og hvetemel. Her finner du masse gode tips og oppskrifter.\" \/>\n<meta property=\"og:url\" content=\"https:\/\/sukrin.com\/no\/variasjon-med-bakemix\" \/>\n<meta property=\"og:site_name\" content=\"Sukrin\" \/>\n<meta property=\"article:publisher\" content=\"https:\/\/nb-no.facebook.com\/funksjonellmat\/\" \/>\n<meta property=\"article:modified_time\" content=\"2024-09-13T11:15:49+00:00\" \/>\n<meta property=\"og:image\" content=\"https:\/\/sukrin.com\/no\/content\/2024\/04\/bringebaer-cupcakes-590x418.webp\" \/>\n<meta name=\"twitter:card\" content=\"summary_large_image\" \/>\n<meta name=\"twitter:label1\" content=\"Ansl. lesetid\" \/>\n\t<meta name=\"twitter:data1\" content=\"5 minutter\" \/>\n<script type=\"application\/ld+json\" class=\"yoast-schema-graph\">{\"@context\":\"https:\/\/schema.org\",\"@graph\":[{\"@type\":\"WebPage\",\"@id\":\"https:\/\/sukrin.com\/no\/variasjon-med-bakemix\",\"url\":\"https:\/\/sukrin.com\/no\/variasjon-med-bakemix\",\"name\":\"Variasjon med Bakemix - Sukrin\",\"isPartOf\":{\"@id\":\"https:\/\/sukrin.com\/no\/#website\"},\"primaryImageOfPage\":{\"@id\":\"https:\/\/sukrin.com\/no\/variasjon-med-bakemix#primaryimage\"},\"image\":{\"@id\":\"https:\/\/sukrin.com\/no\/variasjon-med-bakemix#primaryimage\"},\"thumbnailUrl\":\"https:\/\/sukrin.com\/no\/content\/2024\/04\/bringebaer-cupcakes-590x418.webp\",\"datePublished\":\"2024-09-06T12:02:31+00:00\",\"dateModified\":\"2024-09-13T11:15:49+00:00\",\"description\":\"Hvis du har en eske Bakemix, kan du lage utallige kaker uten sukker og hvetemel. Her finner du masse gode tips og oppskrifter.\",\"breadcrumb\":{\"@id\":\"https:\/\/sukrin.com\/no\/variasjon-med-bakemix#breadcrumb\"},\"inLanguage\":\"nb-NO\",\"potentialAction\":[{\"@type\":\"ReadAction\",\"target\":[\"https:\/\/sukrin.com\/no\/variasjon-med-bakemix\"]}]},{\"@type\":\"ImageObject\",\"inLanguage\":\"nb-NO\",\"@id\":\"https:\/\/sukrin.com\/no\/variasjon-med-bakemix#primaryimage\",\"url\":\"https:\/\/sukrin.com\/no\/content\/2024\/04\/bringebaer-cupcakes-scaled.webp\",\"contentUrl\":\"https:\/\/sukrin.com\/no\/content\/2024\/04\/bringebaer-cupcakes-scaled.webp\",\"width\":2560,\"height\":1815,\"caption\":\"Bringeb\u00e6r cupcake\"},{\"@type\":\"BreadcrumbList\",\"@id\":\"https:\/\/sukrin.com\/no\/variasjon-med-bakemix#breadcrumb\",\"itemListElement\":[{\"@type\":\"ListItem\",\"position\":1,\"name\":\"Hjem\",\"item\":\"https:\/\/sukrin.com\/no\/\"},{\"@type\":\"ListItem\",\"position\":2,\"name\":\"Variasjon med Bakemix\"}]},{\"@type\":\"WebSite\",\"@id\":\"https:\/\/sukrin.com\/no\/#website\",\"url\":\"https:\/\/sukrin.com\/no\/\",\"name\":\"Sukrin\",\"description\":\"Enkelt \u00e5 gj\u00f8re noe godt\",\"publisher\":{\"@id\":\"https:\/\/sukrin.com\/no\/#organization\"},\"potentialAction\":[{\"@type\":\"SearchAction\",\"target\":{\"@type\":\"EntryPoint\",\"urlTemplate\":\"https:\/\/sukrin.com\/no\/?s={search_term_string}\"},\"query-input\":{\"@type\":\"PropertyValueSpecification\",\"valueRequired\":true,\"valueName\":\"search_term_string\"}}],\"inLanguage\":\"nb-NO\"},{\"@type\":\"Organization\",\"@id\":\"https:\/\/sukrin.com\/no\/#organization\",\"name\":\"Funksjonell mat\",\"url\":\"https:\/\/sukrin.com\/no\/\",\"logo\":{\"@type\":\"ImageObject\",\"inLanguage\":\"nb-NO\",\"@id\":\"https:\/\/sukrin.com\/no\/#\/schema\/logo\/image\/\",\"url\":\"https:\/\/sukrin.com\/no\/content\/2023\/11\/funksjonell-mat-logo.svg\",\"contentUrl\":\"https:\/\/sukrin.com\/no\/content\/2023\/11\/funksjonell-mat-logo.svg\",\"width\":1,\"height\":1,\"caption\":\"Funksjonell mat\"},\"image\":{\"@id\":\"https:\/\/sukrin.com\/no\/#\/schema\/logo\/image\/\"},\"sameAs\":[\"https:\/\/nb-no.facebook.com\/funksjonellmat\/\",\"https:\/\/www.instagram.com\/sukrin.no\/\",\"https:\/\/tatrck.com\/h\/0Hu30uVO0x7R?url=httpswww.tiktok.comsukrin_official\"]}]}<\/script>\n<!-- \/ Yoast SEO plugin. -->","yoast_head_json":{"title":"Variasjon med Bakemix - Sukrin","description":"Hvis du har en eske Bakemix, kan du lage utallige kaker uten sukker og hvetemel. Her finner du masse gode tips og oppskrifter.","robots":{"index":"index","follow":"follow","max-snippet":"max-snippet:-1","max-image-preview":"max-image-preview:large","max-video-preview":"max-video-preview:-1"},"canonical":"https:\/\/sukrin.com\/no\/variasjon-med-bakemix","og_locale":"nb_NO","og_type":"article","og_title":"Variasjon med Bakemix - Sukrin","og_description":"Hvis du har en eske Bakemix, kan du lage utallige kaker uten sukker og hvetemel. Her finner du masse gode tips og oppskrifter.","og_url":"https:\/\/sukrin.com\/no\/variasjon-med-bakemix","og_site_name":"Sukrin","article_publisher":"https:\/\/nb-no.facebook.com\/funksjonellmat\/","article_modified_time":"2024-09-13T11:15:49+00:00","og_image":[{"url":"https:\/\/sukrin.com\/no\/content\/2024\/04\/bringebaer-cupcakes-590x418.webp","type":"","width":"","height":""}],"twitter_card":"summary_large_image","twitter_misc":{"Ansl. lesetid":"5 minutter"},"schema":{"@context":"https:\/\/schema.org","@graph":[{"@type":"WebPage","@id":"https:\/\/sukrin.com\/no\/variasjon-med-bakemix","url":"https:\/\/sukrin.com\/no\/variasjon-med-bakemix","name":"Variasjon med Bakemix - Sukrin","isPartOf":{"@id":"https:\/\/sukrin.com\/no\/#website"},"primaryImageOfPage":{"@id":"https:\/\/sukrin.com\/no\/variasjon-med-bakemix#primaryimage"},"image":{"@id":"https:\/\/sukrin.com\/no\/variasjon-med-bakemix#primaryimage"},"thumbnailUrl":"https:\/\/sukrin.com\/no\/content\/2024\/04\/bringebaer-cupcakes-590x418.webp","datePublished":"2024-09-06T12:02:31+00:00","dateModified":"2024-09-13T11:15:49+00:00","description":"Hvis du har en eske Bakemix, kan du lage utallige kaker uten sukker og hvetemel. Her finner du masse gode tips og oppskrifter.","breadcrumb":{"@id":"https:\/\/sukrin.com\/no\/variasjon-med-bakemix#breadcrumb"},"inLanguage":"nb-NO","potentialAction":[{"@type":"ReadAction","target":["https:\/\/sukrin.com\/no\/variasjon-med-bakemix"]}]},{"@type":"ImageObject","inLanguage":"nb-NO","@id":"https:\/\/sukrin.com\/no\/variasjon-med-bakemix#primaryimage","url":"https:\/\/sukrin.com\/no\/content\/2024\/04\/bringebaer-cupcakes-scaled.webp","contentUrl":"https:\/\/sukrin.com\/no\/content\/2024\/04\/bringebaer-cupcakes-scaled.webp","width":2560,"height":1815,"caption":"Bringeb\u00e6r cupcake"},{"@type":"BreadcrumbList","@id":"https:\/\/sukrin.com\/no\/variasjon-med-bakemix#breadcrumb","itemListElement":[{"@type":"ListItem","position":1,"name":"Hjem","item":"https:\/\/sukrin.com\/no\/"},{"@type":"ListItem","position":2,"name":"Variasjon med Bakemix"}]},{"@type":"WebSite","@id":"https:\/\/sukrin.com\/no\/#website","url":"https:\/\/sukrin.com\/no\/","name":"Sukrin","description":"Enkelt \u00e5 gj\u00f8re noe godt","publisher":{"@id":"https:\/\/sukrin.com\/no\/#organization"},"potentialAction":[{"@type":"SearchAction","target":{"@type":"EntryPoint","urlTemplate":"https:\/\/sukrin.com\/no\/?s={search_term_string}"},"query-input":{"@type":"PropertyValueSpecification","valueRequired":true,"valueName":"search_term_string"}}],"inLanguage":"nb-NO"},{"@type":"Organization","@id":"https:\/\/sukrin.com\/no\/#organization","name":"Funksjonell mat","url":"https:\/\/sukrin.com\/no\/","logo":{"@type":"ImageObject","inLanguage":"nb-NO","@id":"https:\/\/sukrin.com\/no\/#\/schema\/logo\/image\/","url":"https:\/\/sukrin.com\/no\/content\/2023\/11\/funksjonell-mat-logo.svg","contentUrl":"https:\/\/sukrin.com\/no\/content\/2023\/11\/funksjonell-mat-logo.svg","width":1,"height":1,"caption":"Funksjonell mat"},"image":{"@id":"https:\/\/sukrin.com\/no\/#\/schema\/logo\/image\/"},"sameAs":["https:\/\/nb-no.facebook.com\/funksjonellmat\/","https:\/\/www.instagram.com\/sukrin.no\/","https:\/\/tatrck.com\/h\/0Hu30uVO0x7R?url=httpswww.tiktok.comsukrin_official"]}]}},"_links":{"self":[{"href":"https:\/\/sukrin.com\/no\/wp-json\/wp\/v2\/pages\/2483","targetHints":{"allow":["GET"]}}],"collection":[{"href":"https:\/\/sukrin.com\/no\/wp-json\/wp\/v2\/pages"}],"about":[{"href":"https:\/\/sukrin.com\/no\/wp-json\/wp\/v2\/types\/page"}],"author":[{"embeddable":true,"href":"https:\/\/sukrin.com\/no\/wp-json\/wp\/v2\/users\/13"}],"replies":[{"embeddable":true,"href":"https:\/\/sukrin.com\/no\/wp-json\/wp\/v2\/comments?post=2483"}],"version-history":[{"count":9,"href":"https:\/\/sukrin.com\/no\/wp-json\/wp\/v2\/pages\/2483\/revisions"}],"predecessor-version":[{"id":2630,"href":"https:\/\/sukrin.com\/no\/wp-json\/wp\/v2\/pages\/2483\/revisions\/2630"}],"wp:attachment":[{"href":"https:\/\/sukrin.com\/no\/wp-json\/wp\/v2\/media?parent=2483"}],"curies":[{"name":"wp","href":"https:\/\/api.w.org\/{rel}","templated":true}]}}