{"id":2480,"date":"2024-09-06T14:00:11","date_gmt":"2024-09-06T12:00:11","guid":{"rendered":"https:\/\/sukrin.com\/no\/?page_id=2480"},"modified":"2024-09-13T13:16:44","modified_gmt":"2024-09-13T11:16:44","slug":"variasjon-med-chiabrod","status":"publish","type":"page","link":"https:\/\/sukrin.com\/no\/variasjon-med-chiabrod","title":{"rendered":"Variasjon med Chiabr\u00f8d"},"content":{"rendered":"\n<ul class=\"wp-block-list\">\n<li>Tilsett<strong>&nbsp;<\/strong><a href=\"https:\/\/sukrin.com\/no\/produkter\/finmalte-mandler\">Finmalte mandler<\/a>&nbsp;for \u00e5 f\u00e5 en litt annen smak p\u00e5 br\u00f8det. Til 250 g br\u00f8dmiks kan du tilsette f.eks 100 gram av \u00f8nsket type n\u00f8ttemel i br\u00f8dblandingen, men husk da \u00e5 ha i ca 1\/2 dl vann ekstra.<\/li>\n<\/ul>\n\n\n\n<p><\/p>\n\n\n\n<ul class=\"wp-block-list\">\n<li>Tilsett gjerne finhakkede solt\u00f8rkede tomater, oliven eller t\u00f8rkede krydderurter i deigen.<\/li>\n<\/ul>\n\n\n\n<p><\/p>\n\n\n\n<ul class=\"wp-block-list\">\n<li>Har du lyst p\u00e5 en&nbsp;<strong>s\u00f8t variant<\/strong>, kan du tilsette litt&nbsp;<a href=\"\/produkter\/sukrin\">Sukrin<\/a>, kanel og evt. t\u00f8rket frukt og f\u00e5 deilige m\u00fcsliboller eller -br\u00f8d.<\/li>\n<\/ul>\n\n\n\n<p><\/p>\n\n\n\n<ul class=\"wp-block-list\">\n<li>Stek br\u00f8det i muffinsformer, tilsett eventuelt \u00f8nsket fyll for \u00e5 lage sunne og gode&nbsp;<strong>matmuffins.<\/strong><\/li>\n<\/ul>\n\n\n\n<div style=\"height:5px\" aria-hidden=\"true\" class=\"wp-block-spacer\"><\/div>\n\n\n\n<figure class=\"wp-block-image alignright size-large is-resized is-style-rounded\"><img loading=\"lazy\" decoding=\"async\" width=\"590\" height=\"590\" src=\"https:\/\/sukrin.com\/no\/content\/2024\/04\/rp_focaccia_2022-590x590.jpg\" alt=\"Focaccia\" class=\"wp-image-1098\" style=\"object-fit:cover;width:300px;height:300px\" srcset=\"https:\/\/sukrin.com\/no\/content\/2024\/04\/rp_focaccia_2022-590x590.jpg 590w, https:\/\/sukrin.com\/no\/content\/2024\/04\/rp_focaccia_2022-150x150.jpg 150w, https:\/\/sukrin.com\/no\/content\/2024\/04\/rp_focaccia_2022-300x300.jpg 300w, https:\/\/sukrin.com\/no\/content\/2024\/04\/rp_focaccia_2022-768x768.jpg 768w, https:\/\/sukrin.com\/no\/content\/2024\/04\/rp_focaccia_2022-500x500.jpg 500w, https:\/\/sukrin.com\/no\/content\/2024\/04\/rp_focaccia_2022-60x60.jpg 60w, https:\/\/sukrin.com\/no\/content\/2024\/04\/rp_focaccia_2022.jpg 1280w\" sizes=\"auto, (max-width: 590px) 100vw, 590px\" \/><\/figure>\n\n\n\n<ul class=\"wp-block-list\">\n<li>Lag&nbsp;<strong>focacciabr\u00f8d<\/strong>&nbsp;av 250 g Chiabr\u00f8dmix, 1&nbsp;ts av f.eks rosmarin, oregano og timian (mengde og urter etter hva du liker), 2,5&nbsp;dl vann og 0,5&nbsp;dl Extra virgin olivenolje. Elt deigen godt. Klappes ut i stor langpanne. Olivenolje risles p\u00e5 toppen av deigen, og str\u00f8s over med godt salt.&nbsp;Stekes i ca .60 minutter.<\/li>\n<\/ul>\n\n\n\n<p><\/p>\n\n\n\n<ul class=\"wp-block-list\">\n<li>Bruk br\u00f8dmiksen som<strong>&nbsp;pizzabunn<\/strong>. Bland deigen som anvist p\u00e5 pakken, klapp den flat utover en bakeplate, gjerne med litt olje over. Forstek i ca 15 minutter f\u00f8r du legger p\u00e5 \u00f8nsket fyll og steker til osten er smeltet.<\/li>\n<\/ul>\n\n\n\n<p><\/p>\n\n\n\n<ul class=\"wp-block-list\">\n<li>Du kan ogs\u00e5 forme&nbsp;<strong>hamburgerbr\u00f8d<\/strong>&nbsp;eller&nbsp;<strong>p\u00f8lsebr\u00f8d<\/strong>&nbsp;av miksen.<\/li>\n<\/ul>\n\n\n\n<div style=\"height:5px\" aria-hidden=\"true\" class=\"wp-block-spacer\"><\/div>\n\n\n\n<ul class=\"wp-block-list\">\n<li>Rist br\u00f8det i br\u00f8drister for en spr\u00f8ere overflate.<\/li>\n<\/ul>\n\n\n\n<p><\/p>\n\n\n\n<ul class=\"wp-block-list\">\n<li>For at br\u00f8det skal bli godt gjennomstekt, anbefaler vi \u00e5 steke br\u00f8det p\u00e5 en bakeplate kledd med bakepapir fremfor \u00e5 bruke form. La r\u00f8ren st\u00e5 og svelle i bollen i minst&nbsp;3 minutter. Deretter former du deigen til \u00f8nsket br\u00f8dfasong p\u00e5 bakeplaten med v\u00e5te hender eller en fuktet slikkepott. P\u00e5 denne m\u00e5ten f\u00e5r br\u00f8det st\u00f8rre stekeflate, noe som gir en spr\u00f8ere skorpe. Stek br\u00f8det p\u00e5 nederste rille i ovnen, og forleng eventuelt steketiden med noen minutter ekstra.<\/li>\n<\/ul>\n","protected":false},"excerpt":{"rendered":"","protected":false},"author":13,"featured_media":0,"parent":0,"menu_order":0,"comment_status":"closed","ping_status":"closed","template":"","meta":{"footnotes":""},"class_list":["post-2480","page","type-page","status-publish","hentry"],"acf":[],"yoast_head":"<!-- This site is optimized with the Yoast SEO plugin v27.2 - https:\/\/yoast.com\/product\/yoast-seo-wordpress\/ -->\n<title>Variasjon med Chiabr\u00f8d - Sukrin<\/title>\n<meta name=\"description\" content=\"Har du en eske Chiabr\u00f8dmiks kan du lage mye mer enn et vanlig br\u00f8d. Finn ispirasjon, tips og oppskrifter her.\" \/>\n<meta name=\"robots\" content=\"index, follow, max-snippet:-1, max-image-preview:large, max-video-preview:-1\" \/>\n<link rel=\"canonical\" href=\"https:\/\/sukrin.com\/no\/variasjon-med-chiabrod\" \/>\n<meta property=\"og:locale\" content=\"nb_NO\" \/>\n<meta property=\"og:type\" content=\"article\" \/>\n<meta property=\"og:title\" content=\"Variasjon med Chiabr\u00f8d - Sukrin\" \/>\n<meta property=\"og:description\" content=\"Har du en eske Chiabr\u00f8dmiks kan du lage mye mer enn et vanlig br\u00f8d. Finn ispirasjon, tips og oppskrifter her.\" \/>\n<meta property=\"og:url\" content=\"https:\/\/sukrin.com\/no\/variasjon-med-chiabrod\" \/>\n<meta property=\"og:site_name\" content=\"Sukrin\" \/>\n<meta property=\"article:publisher\" content=\"https:\/\/nb-no.facebook.com\/funksjonellmat\/\" \/>\n<meta property=\"article:modified_time\" content=\"2024-09-13T11:16:44+00:00\" \/>\n<meta property=\"og:image\" content=\"https:\/\/sukrin.com\/no\/content\/2024\/04\/rp_focaccia_2022-590x590.jpg\" \/>\n<meta name=\"twitter:card\" content=\"summary_large_image\" \/>\n<meta name=\"twitter:label1\" content=\"Ansl. lesetid\" \/>\n\t<meta name=\"twitter:data1\" content=\"2 minutter\" \/>\n<script type=\"application\/ld+json\" class=\"yoast-schema-graph\">{\"@context\":\"https:\/\/schema.org\",\"@graph\":[{\"@type\":\"WebPage\",\"@id\":\"https:\/\/sukrin.com\/no\/variasjon-med-chiabrod\",\"url\":\"https:\/\/sukrin.com\/no\/variasjon-med-chiabrod\",\"name\":\"Variasjon med Chiabr\u00f8d - Sukrin\",\"isPartOf\":{\"@id\":\"https:\/\/sukrin.com\/no\/#website\"},\"primaryImageOfPage\":{\"@id\":\"https:\/\/sukrin.com\/no\/variasjon-med-chiabrod#primaryimage\"},\"image\":{\"@id\":\"https:\/\/sukrin.com\/no\/variasjon-med-chiabrod#primaryimage\"},\"thumbnailUrl\":\"https:\/\/sukrin.com\/no\/content\/2024\/04\/rp_focaccia_2022-590x590.jpg\",\"datePublished\":\"2024-09-06T12:00:11+00:00\",\"dateModified\":\"2024-09-13T11:16:44+00:00\",\"description\":\"Har du en eske Chiabr\u00f8dmiks kan du lage mye mer enn et vanlig br\u00f8d. Finn ispirasjon, tips og oppskrifter her.\",\"breadcrumb\":{\"@id\":\"https:\/\/sukrin.com\/no\/variasjon-med-chiabrod#breadcrumb\"},\"inLanguage\":\"nb-NO\",\"potentialAction\":[{\"@type\":\"ReadAction\",\"target\":[\"https:\/\/sukrin.com\/no\/variasjon-med-chiabrod\"]}]},{\"@type\":\"ImageObject\",\"inLanguage\":\"nb-NO\",\"@id\":\"https:\/\/sukrin.com\/no\/variasjon-med-chiabrod#primaryimage\",\"url\":\"https:\/\/sukrin.com\/no\/content\/2024\/04\/rp_focaccia_2022.jpg\",\"contentUrl\":\"https:\/\/sukrin.com\/no\/content\/2024\/04\/rp_focaccia_2022.jpg\",\"width\":1280,\"height\":1280,\"caption\":\"Focaccia av Sukrin Fiberbr\u00f8d\"},{\"@type\":\"BreadcrumbList\",\"@id\":\"https:\/\/sukrin.com\/no\/variasjon-med-chiabrod#breadcrumb\",\"itemListElement\":[{\"@type\":\"ListItem\",\"position\":1,\"name\":\"Hjem\",\"item\":\"https:\/\/sukrin.com\/no\/\"},{\"@type\":\"ListItem\",\"position\":2,\"name\":\"Variasjon med Chiabr\u00f8d\"}]},{\"@type\":\"WebSite\",\"@id\":\"https:\/\/sukrin.com\/no\/#website\",\"url\":\"https:\/\/sukrin.com\/no\/\",\"name\":\"Sukrin\",\"description\":\"Enkelt \u00e5 gj\u00f8re noe godt\",\"publisher\":{\"@id\":\"https:\/\/sukrin.com\/no\/#organization\"},\"potentialAction\":[{\"@type\":\"SearchAction\",\"target\":{\"@type\":\"EntryPoint\",\"urlTemplate\":\"https:\/\/sukrin.com\/no\/?s={search_term_string}\"},\"query-input\":{\"@type\":\"PropertyValueSpecification\",\"valueRequired\":true,\"valueName\":\"search_term_string\"}}],\"inLanguage\":\"nb-NO\"},{\"@type\":\"Organization\",\"@id\":\"https:\/\/sukrin.com\/no\/#organization\",\"name\":\"Funksjonell mat\",\"url\":\"https:\/\/sukrin.com\/no\/\",\"logo\":{\"@type\":\"ImageObject\",\"inLanguage\":\"nb-NO\",\"@id\":\"https:\/\/sukrin.com\/no\/#\/schema\/logo\/image\/\",\"url\":\"https:\/\/sukrin.com\/no\/content\/2023\/11\/funksjonell-mat-logo.svg\",\"contentUrl\":\"https:\/\/sukrin.com\/no\/content\/2023\/11\/funksjonell-mat-logo.svg\",\"width\":1,\"height\":1,\"caption\":\"Funksjonell mat\"},\"image\":{\"@id\":\"https:\/\/sukrin.com\/no\/#\/schema\/logo\/image\/\"},\"sameAs\":[\"https:\/\/nb-no.facebook.com\/funksjonellmat\/\",\"https:\/\/www.instagram.com\/sukrin.no\/\",\"https:\/\/tatrck.com\/h\/0Hu30uVO0x7R?url=httpswww.tiktok.comsukrin_official\"]}]}<\/script>\n<!-- \/ Yoast SEO plugin. -->","yoast_head_json":{"title":"Variasjon med Chiabr\u00f8d - Sukrin","description":"Har du en eske Chiabr\u00f8dmiks kan du lage mye mer enn et vanlig br\u00f8d. Finn ispirasjon, tips og oppskrifter her.","robots":{"index":"index","follow":"follow","max-snippet":"max-snippet:-1","max-image-preview":"max-image-preview:large","max-video-preview":"max-video-preview:-1"},"canonical":"https:\/\/sukrin.com\/no\/variasjon-med-chiabrod","og_locale":"nb_NO","og_type":"article","og_title":"Variasjon med Chiabr\u00f8d - Sukrin","og_description":"Har du en eske Chiabr\u00f8dmiks kan du lage mye mer enn et vanlig br\u00f8d. Finn ispirasjon, tips og oppskrifter her.","og_url":"https:\/\/sukrin.com\/no\/variasjon-med-chiabrod","og_site_name":"Sukrin","article_publisher":"https:\/\/nb-no.facebook.com\/funksjonellmat\/","article_modified_time":"2024-09-13T11:16:44+00:00","og_image":[{"url":"https:\/\/sukrin.com\/no\/content\/2024\/04\/rp_focaccia_2022-590x590.jpg","type":"","width":"","height":""}],"twitter_card":"summary_large_image","twitter_misc":{"Ansl. lesetid":"2 minutter"},"schema":{"@context":"https:\/\/schema.org","@graph":[{"@type":"WebPage","@id":"https:\/\/sukrin.com\/no\/variasjon-med-chiabrod","url":"https:\/\/sukrin.com\/no\/variasjon-med-chiabrod","name":"Variasjon med Chiabr\u00f8d - Sukrin","isPartOf":{"@id":"https:\/\/sukrin.com\/no\/#website"},"primaryImageOfPage":{"@id":"https:\/\/sukrin.com\/no\/variasjon-med-chiabrod#primaryimage"},"image":{"@id":"https:\/\/sukrin.com\/no\/variasjon-med-chiabrod#primaryimage"},"thumbnailUrl":"https:\/\/sukrin.com\/no\/content\/2024\/04\/rp_focaccia_2022-590x590.jpg","datePublished":"2024-09-06T12:00:11+00:00","dateModified":"2024-09-13T11:16:44+00:00","description":"Har du en eske Chiabr\u00f8dmiks kan du lage mye mer enn et vanlig br\u00f8d. Finn ispirasjon, tips og oppskrifter her.","breadcrumb":{"@id":"https:\/\/sukrin.com\/no\/variasjon-med-chiabrod#breadcrumb"},"inLanguage":"nb-NO","potentialAction":[{"@type":"ReadAction","target":["https:\/\/sukrin.com\/no\/variasjon-med-chiabrod"]}]},{"@type":"ImageObject","inLanguage":"nb-NO","@id":"https:\/\/sukrin.com\/no\/variasjon-med-chiabrod#primaryimage","url":"https:\/\/sukrin.com\/no\/content\/2024\/04\/rp_focaccia_2022.jpg","contentUrl":"https:\/\/sukrin.com\/no\/content\/2024\/04\/rp_focaccia_2022.jpg","width":1280,"height":1280,"caption":"Focaccia av Sukrin Fiberbr\u00f8d"},{"@type":"BreadcrumbList","@id":"https:\/\/sukrin.com\/no\/variasjon-med-chiabrod#breadcrumb","itemListElement":[{"@type":"ListItem","position":1,"name":"Hjem","item":"https:\/\/sukrin.com\/no\/"},{"@type":"ListItem","position":2,"name":"Variasjon med Chiabr\u00f8d"}]},{"@type":"WebSite","@id":"https:\/\/sukrin.com\/no\/#website","url":"https:\/\/sukrin.com\/no\/","name":"Sukrin","description":"Enkelt \u00e5 gj\u00f8re noe godt","publisher":{"@id":"https:\/\/sukrin.com\/no\/#organization"},"potentialAction":[{"@type":"SearchAction","target":{"@type":"EntryPoint","urlTemplate":"https:\/\/sukrin.com\/no\/?s={search_term_string}"},"query-input":{"@type":"PropertyValueSpecification","valueRequired":true,"valueName":"search_term_string"}}],"inLanguage":"nb-NO"},{"@type":"Organization","@id":"https:\/\/sukrin.com\/no\/#organization","name":"Funksjonell mat","url":"https:\/\/sukrin.com\/no\/","logo":{"@type":"ImageObject","inLanguage":"nb-NO","@id":"https:\/\/sukrin.com\/no\/#\/schema\/logo\/image\/","url":"https:\/\/sukrin.com\/no\/content\/2023\/11\/funksjonell-mat-logo.svg","contentUrl":"https:\/\/sukrin.com\/no\/content\/2023\/11\/funksjonell-mat-logo.svg","width":1,"height":1,"caption":"Funksjonell mat"},"image":{"@id":"https:\/\/sukrin.com\/no\/#\/schema\/logo\/image\/"},"sameAs":["https:\/\/nb-no.facebook.com\/funksjonellmat\/","https:\/\/www.instagram.com\/sukrin.no\/","https:\/\/tatrck.com\/h\/0Hu30uVO0x7R?url=httpswww.tiktok.comsukrin_official"]}]}},"_links":{"self":[{"href":"https:\/\/sukrin.com\/no\/wp-json\/wp\/v2\/pages\/2480","targetHints":{"allow":["GET"]}}],"collection":[{"href":"https:\/\/sukrin.com\/no\/wp-json\/wp\/v2\/pages"}],"about":[{"href":"https:\/\/sukrin.com\/no\/wp-json\/wp\/v2\/types\/page"}],"author":[{"embeddable":true,"href":"https:\/\/sukrin.com\/no\/wp-json\/wp\/v2\/users\/13"}],"replies":[{"embeddable":true,"href":"https:\/\/sukrin.com\/no\/wp-json\/wp\/v2\/comments?post=2480"}],"version-history":[{"count":6,"href":"https:\/\/sukrin.com\/no\/wp-json\/wp\/v2\/pages\/2480\/revisions"}],"predecessor-version":[{"id":2717,"href":"https:\/\/sukrin.com\/no\/wp-json\/wp\/v2\/pages\/2480\/revisions\/2717"}],"wp:attachment":[{"href":"https:\/\/sukrin.com\/no\/wp-json\/wp\/v2\/media?parent=2480"}],"curies":[{"name":"wp","href":"https:\/\/api.w.org\/{rel}","templated":true}]}}