{"id":2478,"date":"2024-09-06T13:58:33","date_gmt":"2024-09-06T11:58:33","guid":{"rendered":"https:\/\/sukrin.com\/no\/?page_id=2478"},"modified":"2024-09-13T13:20:18","modified_gmt":"2024-09-13T11:20:18","slug":"variasjon-med-proteinbrod","status":"publish","type":"page","link":"https:\/\/sukrin.com\/no\/variasjon-med-proteinbrod","title":{"rendered":"Variasjon med Proteinbr\u00f8d"},"content":{"rendered":"\n<ul class=\"wp-block-list\">\n<li>Tilsett finhakkede solt\u00f8rkede tomater, oliven eller t\u00f8rkede krydderurter i deigen.<\/li>\n<\/ul>\n\n\n\n<p><\/p>\n\n\n\n<ul class=\"wp-block-list\">\n<li>For s\u00f8te og proteinrike&nbsp;<strong>boller<\/strong>: tilsett et par ss. Sukrin Gold (eventuelt ogs\u00e5 rosiner\/n\u00f8tter).<\/li>\n<\/ul>\n\n\n\n<p><\/p>\n\n\n\n<ul class=\"wp-block-list\">\n<li>Stek br\u00f8det i muffinsformer, tilsett \u00f8nsket fyll av kj\u00f8tt\/gr\u00f8nnsaker\/urter for \u00e5 lage sunne og gode&nbsp;<strong>matmuffins<\/strong><\/li>\n<\/ul>\n\n\n\n<p><\/p>\n\n\n\n<ul class=\"wp-block-list\">\n<li>Bruk br\u00f8dmixen som<strong>&nbsp;pizzabunn<\/strong>. Bland deigen som anvist p\u00e5 pakken, klapp den flat utover en bakeplate, gjerne med litt olje over. Forstek i ca 15 minutter f\u00f8r du legger p\u00e5 \u00f8nsket fyll og steker til osten er smeltet.<\/li>\n<\/ul>\n\n\n\n<p><\/p>\n\n\n\n<ul class=\"wp-block-list\">\n<li>Du kan ogs\u00e5 forme&nbsp;<strong>hamburgerbr\u00f8d<\/strong>&nbsp;eller&nbsp;<strong>p\u00f8lsebr\u00f8d<\/strong>&nbsp;av mixen.<\/li>\n<\/ul>\n\n\n\n<p><\/p>\n\n\n\n<ul class=\"wp-block-list\">\n<li>Tilsett&nbsp;2,5 dl vann,&nbsp;1,5 dl kefir (eller mer vann) og en mellomstor raspet gulrot, og f\u00e5 et ekstra saftig og smakfullt br\u00f8d.<\/li>\n<\/ul>\n\n\n\n<p><\/p>\n\n\n\n<ul class=\"wp-block-list\">\n<li><strong>10 ulike oppskrifter med br\u00f8dmiks<\/strong>. I noen av oppskriftene er Fiberbr\u00f8d-miksen brukt, men Proteinbr\u00f8det vil passe vel s\u00e5 bra:\n<ul class=\"wp-block-list\">\n<li><a href=\"https:\/\/sukrin.com\/no\/oppskrifter\/polsebrod-av-brodmiks\">P\u00f8lsebr\u00f8d av Sukrin br\u00f8dmiks<\/a><\/li>\n\n\n\n<li><a href=\"https:\/\/sukrin.com\/no\/oppskrifter\/hvitloksbaguette-av-sunnere-fiberbrod\">Hvitl\u00f8ksbaguette av br\u00f8dmiks<\/a><\/li>\n\n\n\n<li><a href=\"https:\/\/sukrin.com\/no\/oppskrifter\/focaccia-av-fiberbrod\">Focaccia av br\u00f8dmiks<\/a><\/li>\n\n\n\n<li><a href=\"https:\/\/sukrin.com\/no\/oppskrifter\/matmuffins-av-sunnere-fiberbrod-med-soltorkede-tomater-og-fetaost\">Matmuffins av br\u00f8dmiks med solt\u00f8rkede tomater og fetaost<\/a><\/li>\n\n\n\n<li><a href=\"https:\/\/sukrin.com\/no\/oppskrifter\/scones-av-sunnere-fiberbrod\">Scones av br\u00f8dmiks<\/a><\/li>\n\n\n\n<li><a href=\"https:\/\/sukrin.com\/no\/oppskrifter\/hamburgerbrod-av-fiberbrod\">Hamburgerbr\u00f8d av br\u00f8dmiks<\/a><\/li>\n\n\n\n<li><a href=\"https:\/\/sukrin.com\/no\/oppskrifter\/pizza-med-parmaskinke-urter-og-bunn-av-proteinbrod\">Pizza med parmaskinke, urter, og bunn av Proteinbr\u00f8d<\/a><\/li>\n\n\n\n<li><a href=\"https:\/\/sukrin.com\/no\/oppskrifter\/ost-og-nottebrod-av-fiberbrod\">Ost- og n\u00f8ttebr\u00f8d av Fiberbr\u00f8d<\/a><\/li>\n\n\n\n<li><a href=\"https:\/\/sukrin.com\/no\/oppskrifter\/tortillalomper-av-fiberbrod\">Tortillalomper av Fiberbr\u00f8d<\/a><\/li>\n\n\n\n<li><a href=\"https:\/\/sukrin.com\/no\/oppskrifter\/rundstykker-av-sunnere-fiberbrod\">Rundstykker av Fiberbr\u00f8d<\/a><\/li>\n<\/ul>\n<\/li>\n<\/ul>\n","protected":false},"excerpt":{"rendered":"","protected":false},"author":13,"featured_media":0,"parent":0,"menu_order":0,"comment_status":"closed","ping_status":"closed","template":"","meta":{"footnotes":""},"class_list":["post-2478","page","type-page","status-publish","hentry"],"acf":[],"yoast_head":"<!-- This site is optimized with the Yoast SEO plugin v27.2 - https:\/\/yoast.com\/product\/yoast-seo-wordpress\/ -->\n<title>Variasjon med Proteinbr\u00f8d - Sukrin<\/title>\n<meta name=\"description\" content=\"Med en eske Sukrin Proteinbr\u00f8d kan du lage mye mer enn bare br\u00f8d. Finn gode tips og oppskrifter p\u00e5 denne siden.\" \/>\n<meta name=\"robots\" content=\"index, follow, max-snippet:-1, max-image-preview:large, max-video-preview:-1\" \/>\n<link rel=\"canonical\" href=\"https:\/\/sukrin.com\/no\/variasjon-med-proteinbrod\" \/>\n<meta property=\"og:locale\" content=\"nb_NO\" \/>\n<meta property=\"og:type\" content=\"article\" \/>\n<meta property=\"og:title\" content=\"Variasjon med Proteinbr\u00f8d - Sukrin\" \/>\n<meta property=\"og:description\" content=\"Med en eske Sukrin Proteinbr\u00f8d kan du lage mye mer enn bare br\u00f8d. Finn gode tips og oppskrifter p\u00e5 denne siden.\" \/>\n<meta property=\"og:url\" content=\"https:\/\/sukrin.com\/no\/variasjon-med-proteinbrod\" \/>\n<meta property=\"og:site_name\" content=\"Sukrin\" \/>\n<meta property=\"article:publisher\" content=\"https:\/\/nb-no.facebook.com\/funksjonellmat\/\" \/>\n<meta property=\"article:modified_time\" content=\"2024-09-13T11:20:18+00:00\" \/>\n<meta name=\"twitter:card\" content=\"summary_large_image\" \/>\n<meta name=\"twitter:label1\" content=\"Ansl. lesetid\" \/>\n\t<meta name=\"twitter:data1\" content=\"1 minutt\" \/>\n<script type=\"application\/ld+json\" class=\"yoast-schema-graph\">{\"@context\":\"https:\/\/schema.org\",\"@graph\":[{\"@type\":\"WebPage\",\"@id\":\"https:\/\/sukrin.com\/no\/variasjon-med-proteinbrod\",\"url\":\"https:\/\/sukrin.com\/no\/variasjon-med-proteinbrod\",\"name\":\"Variasjon med Proteinbr\u00f8d - Sukrin\",\"isPartOf\":{\"@id\":\"https:\/\/sukrin.com\/no\/#website\"},\"datePublished\":\"2024-09-06T11:58:33+00:00\",\"dateModified\":\"2024-09-13T11:20:18+00:00\",\"description\":\"Med en eske Sukrin Proteinbr\u00f8d kan du lage mye mer enn bare br\u00f8d. Finn gode tips og oppskrifter p\u00e5 denne siden.\",\"breadcrumb\":{\"@id\":\"https:\/\/sukrin.com\/no\/variasjon-med-proteinbrod#breadcrumb\"},\"inLanguage\":\"nb-NO\",\"potentialAction\":[{\"@type\":\"ReadAction\",\"target\":[\"https:\/\/sukrin.com\/no\/variasjon-med-proteinbrod\"]}]},{\"@type\":\"BreadcrumbList\",\"@id\":\"https:\/\/sukrin.com\/no\/variasjon-med-proteinbrod#breadcrumb\",\"itemListElement\":[{\"@type\":\"ListItem\",\"position\":1,\"name\":\"Hjem\",\"item\":\"https:\/\/sukrin.com\/no\/\"},{\"@type\":\"ListItem\",\"position\":2,\"name\":\"Variasjon med Proteinbr\u00f8d\"}]},{\"@type\":\"WebSite\",\"@id\":\"https:\/\/sukrin.com\/no\/#website\",\"url\":\"https:\/\/sukrin.com\/no\/\",\"name\":\"Sukrin\",\"description\":\"Enkelt \u00e5 gj\u00f8re noe godt\",\"publisher\":{\"@id\":\"https:\/\/sukrin.com\/no\/#organization\"},\"potentialAction\":[{\"@type\":\"SearchAction\",\"target\":{\"@type\":\"EntryPoint\",\"urlTemplate\":\"https:\/\/sukrin.com\/no\/?s={search_term_string}\"},\"query-input\":{\"@type\":\"PropertyValueSpecification\",\"valueRequired\":true,\"valueName\":\"search_term_string\"}}],\"inLanguage\":\"nb-NO\"},{\"@type\":\"Organization\",\"@id\":\"https:\/\/sukrin.com\/no\/#organization\",\"name\":\"Funksjonell mat\",\"url\":\"https:\/\/sukrin.com\/no\/\",\"logo\":{\"@type\":\"ImageObject\",\"inLanguage\":\"nb-NO\",\"@id\":\"https:\/\/sukrin.com\/no\/#\/schema\/logo\/image\/\",\"url\":\"https:\/\/sukrin.com\/no\/content\/2023\/11\/funksjonell-mat-logo.svg\",\"contentUrl\":\"https:\/\/sukrin.com\/no\/content\/2023\/11\/funksjonell-mat-logo.svg\",\"width\":1,\"height\":1,\"caption\":\"Funksjonell mat\"},\"image\":{\"@id\":\"https:\/\/sukrin.com\/no\/#\/schema\/logo\/image\/\"},\"sameAs\":[\"https:\/\/nb-no.facebook.com\/funksjonellmat\/\",\"https:\/\/www.instagram.com\/sukrin.no\/\",\"https:\/\/tatrck.com\/h\/0Hu30uVO0x7R?url=httpswww.tiktok.comsukrin_official\"]}]}<\/script>\n<!-- \/ Yoast SEO plugin. -->","yoast_head_json":{"title":"Variasjon med Proteinbr\u00f8d - Sukrin","description":"Med en eske Sukrin Proteinbr\u00f8d kan du lage mye mer enn bare br\u00f8d. Finn gode tips og oppskrifter p\u00e5 denne siden.","robots":{"index":"index","follow":"follow","max-snippet":"max-snippet:-1","max-image-preview":"max-image-preview:large","max-video-preview":"max-video-preview:-1"},"canonical":"https:\/\/sukrin.com\/no\/variasjon-med-proteinbrod","og_locale":"nb_NO","og_type":"article","og_title":"Variasjon med Proteinbr\u00f8d - Sukrin","og_description":"Med en eske Sukrin Proteinbr\u00f8d kan du lage mye mer enn bare br\u00f8d. Finn gode tips og oppskrifter p\u00e5 denne siden.","og_url":"https:\/\/sukrin.com\/no\/variasjon-med-proteinbrod","og_site_name":"Sukrin","article_publisher":"https:\/\/nb-no.facebook.com\/funksjonellmat\/","article_modified_time":"2024-09-13T11:20:18+00:00","twitter_card":"summary_large_image","twitter_misc":{"Ansl. lesetid":"1 minutt"},"schema":{"@context":"https:\/\/schema.org","@graph":[{"@type":"WebPage","@id":"https:\/\/sukrin.com\/no\/variasjon-med-proteinbrod","url":"https:\/\/sukrin.com\/no\/variasjon-med-proteinbrod","name":"Variasjon med Proteinbr\u00f8d - Sukrin","isPartOf":{"@id":"https:\/\/sukrin.com\/no\/#website"},"datePublished":"2024-09-06T11:58:33+00:00","dateModified":"2024-09-13T11:20:18+00:00","description":"Med en eske Sukrin Proteinbr\u00f8d kan du lage mye mer enn bare br\u00f8d. Finn gode tips og oppskrifter p\u00e5 denne siden.","breadcrumb":{"@id":"https:\/\/sukrin.com\/no\/variasjon-med-proteinbrod#breadcrumb"},"inLanguage":"nb-NO","potentialAction":[{"@type":"ReadAction","target":["https:\/\/sukrin.com\/no\/variasjon-med-proteinbrod"]}]},{"@type":"BreadcrumbList","@id":"https:\/\/sukrin.com\/no\/variasjon-med-proteinbrod#breadcrumb","itemListElement":[{"@type":"ListItem","position":1,"name":"Hjem","item":"https:\/\/sukrin.com\/no\/"},{"@type":"ListItem","position":2,"name":"Variasjon med Proteinbr\u00f8d"}]},{"@type":"WebSite","@id":"https:\/\/sukrin.com\/no\/#website","url":"https:\/\/sukrin.com\/no\/","name":"Sukrin","description":"Enkelt \u00e5 gj\u00f8re noe godt","publisher":{"@id":"https:\/\/sukrin.com\/no\/#organization"},"potentialAction":[{"@type":"SearchAction","target":{"@type":"EntryPoint","urlTemplate":"https:\/\/sukrin.com\/no\/?s={search_term_string}"},"query-input":{"@type":"PropertyValueSpecification","valueRequired":true,"valueName":"search_term_string"}}],"inLanguage":"nb-NO"},{"@type":"Organization","@id":"https:\/\/sukrin.com\/no\/#organization","name":"Funksjonell mat","url":"https:\/\/sukrin.com\/no\/","logo":{"@type":"ImageObject","inLanguage":"nb-NO","@id":"https:\/\/sukrin.com\/no\/#\/schema\/logo\/image\/","url":"https:\/\/sukrin.com\/no\/content\/2023\/11\/funksjonell-mat-logo.svg","contentUrl":"https:\/\/sukrin.com\/no\/content\/2023\/11\/funksjonell-mat-logo.svg","width":1,"height":1,"caption":"Funksjonell mat"},"image":{"@id":"https:\/\/sukrin.com\/no\/#\/schema\/logo\/image\/"},"sameAs":["https:\/\/nb-no.facebook.com\/funksjonellmat\/","https:\/\/www.instagram.com\/sukrin.no\/","https:\/\/tatrck.com\/h\/0Hu30uVO0x7R?url=httpswww.tiktok.comsukrin_official"]}]}},"_links":{"self":[{"href":"https:\/\/sukrin.com\/no\/wp-json\/wp\/v2\/pages\/2478","targetHints":{"allow":["GET"]}}],"collection":[{"href":"https:\/\/sukrin.com\/no\/wp-json\/wp\/v2\/pages"}],"about":[{"href":"https:\/\/sukrin.com\/no\/wp-json\/wp\/v2\/types\/page"}],"author":[{"embeddable":true,"href":"https:\/\/sukrin.com\/no\/wp-json\/wp\/v2\/users\/13"}],"replies":[{"embeddable":true,"href":"https:\/\/sukrin.com\/no\/wp-json\/wp\/v2\/comments?post=2478"}],"version-history":[{"count":14,"href":"https:\/\/sukrin.com\/no\/wp-json\/wp\/v2\/pages\/2478\/revisions"}],"predecessor-version":[{"id":2784,"href":"https:\/\/sukrin.com\/no\/wp-json\/wp\/v2\/pages\/2478\/revisions\/2784"}],"wp:attachment":[{"href":"https:\/\/sukrin.com\/no\/wp-json\/wp\/v2\/media?parent=2478"}],"curies":[{"name":"wp","href":"https:\/\/api.w.org\/{rel}","templated":true}]}}