{"id":2476,"date":"2024-09-06T13:50:42","date_gmt":"2024-09-06T11:50:42","guid":{"rendered":"https:\/\/sukrin.com\/no\/?page_id=2476"},"modified":"2026-04-30T10:25:20","modified_gmt":"2026-04-30T08:25:20","slug":"ciac-om-ingrediensene","status":"publish","type":"page","link":"https:\/\/sukrin.com\/no\/ciac-om-ingrediensene","title":{"rendered":"CIAC &#8211; om ingrediensene"},"content":{"rendered":"\n<h3 class=\"wp-block-heading\">Mel av sesam og mais<\/h3>\n\n\n\n<p>Vi har brukt glutenfritt mel av&nbsp;<strong>sesam<\/strong>&nbsp;og mais i denne kakemiksen.<\/p>\n\n\n\n<h3 class=\"wp-block-heading\">Sukrin<\/h3>\n\n\n\n<p>Sukrin er en naturlig sukkererstatning best\u00e5ende av sukkeralkoholen Erytritol som finnes naturlig i bl.a. p\u00e6re, melon og sopp. Erytritol fremstilles ved en naturlig gj\u00e6ringsprosess og det er ingen kunstige tilsetninger i Sukrin. Les mer <a href=\"\/no\/produkter\/sukrin\">om Sukrin her<\/a>.<\/p>\n\n\n\n<h3 class=\"wp-block-heading\">Fiber: resistent maisstivelse og sikori<\/h3>\n\n\n\n<p>Plantefibre som brukes for \u00e5 gi riktig konsistens og \u00f8kt fiberinnhold i kaken.<\/p>\n\n\n\n<h3 class=\"wp-block-heading\">Fettpulver<\/h3>\n\n\n\n<p>Fettpulver er innkapslet vegetabilsk fett, best\u00e5ende av 80 % kokosfett.<\/p>\n\n\n\n<h3 class=\"wp-block-heading\">Erteprotein<\/h3>\n\n\n\n<p>Fullverdig vegetabilsk protein hentet fra erter.<\/p>\n\n\n\n<h3 class=\"wp-block-heading\">Kakao<\/h3>\n\n\n\n<p>Fettredusert kakaopulver for \u00e5 gi kaken sjokoladesmak og farge. Inneholder 10-12 % fett.<\/p>\n\n\n\n<h3 class=\"wp-block-heading\">Modifisert potetstivelse<\/h3>\n\n\n\n<p>Stivelse fra potet som gj\u00f8r kaken saftig og holder den myk.<\/p>\n\n\n\n<h3 class=\"wp-block-heading\">Hevemiddel: bikarbonat og difosfat<\/h3>\n\n\n\n<p>Dette er innholdet i godt gammeldags bakepulver. Difosfat&nbsp;n\u00f8ytraliserer bikarbonat og styrer hevingen.<\/p>\n\n\n\n<h3 class=\"wp-block-heading\">Salt<\/h3>\n\n\n\n<p>I Cake in a cup er det 0,8 g koksalt. Det resterende saltinnholdet kommer fra natrium i hevemiddelet, som i f\u00f8lge nytt regelverk ogs\u00e5 m\u00e5 deklareres som salt, selv om det ikke er det samme som koksalt.<\/p>\n\n\n\n<h3 class=\"wp-block-heading\">Emulgator: mono- og diglyserider<\/h3>\n\n\n\n<p>Brukes for \u00e5 binde vann og fett og gir kaken en fin stekeskorpe og fast konsistens. Fettet er kun fra vegetabilske kilder.<\/p>\n\n\n\n<h3 class=\"wp-block-heading\">Sukralose<\/h3>\n\n\n\n<p>Et s\u00f8tstoff som er ca 600 ganger s\u00f8tere enn sukker, brukt i en sv\u00e6rt liten mengde for \u00e5 forsterke s\u00f8tsmaken i Sukrin.<\/p>\n\n\n\n<h3 class=\"wp-block-heading\">Aroma<\/h3>\n\n\n\n<p>Miksen er tilsatt kaffe-, sjokolade- og vaniljearoma, for \u00e5 gi en rikere smak.<\/p>\n","protected":false},"excerpt":{"rendered":"<p>Mel av sesam og mais Vi har brukt glutenfritt mel av&nbsp;sesam&nbsp;og mais i denne kakemiksen. Sukrin Sukrin er en naturlig sukkererstatning best\u00e5ende av sukkeralkoholen Erytritol som finnes naturlig i bl.a. p\u00e6re, melon og sopp. Erytritol fremstilles ved en naturlig gj\u00e6ringsprosess og det er ingen kunstige tilsetninger i Sukrin. Les mer om Sukrin her. Fiber: resistent [&hellip;]<\/p>\n","protected":false},"author":13,"featured_media":0,"parent":0,"menu_order":0,"comment_status":"closed","ping_status":"closed","template":"","meta":{"footnotes":""},"class_list":["post-2476","page","type-page","status-publish","hentry"],"acf":[],"yoast_head":"<!-- This site is optimized with the Yoast SEO plugin v27.2 - https:\/\/yoast.com\/product\/yoast-seo-wordpress\/ -->\n<title>CIAC - om ingrediensene - Sukrin<\/title>\n<meta name=\"description\" content=\"Les mer om ingrediensene i Cake in a cup fra Sukrin.\" \/>\n<meta name=\"robots\" content=\"index, follow, max-snippet:-1, max-image-preview:large, max-video-preview:-1\" \/>\n<link rel=\"canonical\" href=\"https:\/\/sukrin.com\/no\/ciac-om-ingrediensene\" \/>\n<meta property=\"og:locale\" content=\"nb_NO\" \/>\n<meta property=\"og:type\" content=\"article\" \/>\n<meta property=\"og:title\" content=\"CIAC - om ingrediensene - Sukrin\" \/>\n<meta property=\"og:description\" content=\"Les mer om ingrediensene i Cake in a cup fra Sukrin.\" \/>\n<meta property=\"og:url\" content=\"https:\/\/sukrin.com\/no\/ciac-om-ingrediensene\" \/>\n<meta property=\"og:site_name\" content=\"Sukrin\" \/>\n<meta property=\"article:publisher\" content=\"https:\/\/nb-no.facebook.com\/funksjonellmat\/\" \/>\n<meta property=\"article:modified_time\" content=\"2026-04-30T08:25:20+00:00\" \/>\n<meta name=\"twitter:card\" content=\"summary_large_image\" \/>\n<meta name=\"twitter:label1\" content=\"Ansl. lesetid\" \/>\n\t<meta name=\"twitter:data1\" content=\"2 minutter\" \/>\n<script type=\"application\/ld+json\" class=\"yoast-schema-graph\">{\"@context\":\"https:\/\/schema.org\",\"@graph\":[{\"@type\":\"WebPage\",\"@id\":\"https:\/\/sukrin.com\/no\/ciac-om-ingrediensene\",\"url\":\"https:\/\/sukrin.com\/no\/ciac-om-ingrediensene\",\"name\":\"CIAC - om ingrediensene - Sukrin\",\"isPartOf\":{\"@id\":\"https:\/\/sukrin.com\/no\/#website\"},\"datePublished\":\"2024-09-06T11:50:42+00:00\",\"dateModified\":\"2026-04-30T08:25:20+00:00\",\"description\":\"Les mer om ingrediensene i Cake in a cup fra Sukrin.\",\"breadcrumb\":{\"@id\":\"https:\/\/sukrin.com\/no\/ciac-om-ingrediensene#breadcrumb\"},\"inLanguage\":\"nb-NO\",\"potentialAction\":[{\"@type\":\"ReadAction\",\"target\":[\"https:\/\/sukrin.com\/no\/ciac-om-ingrediensene\"]}]},{\"@type\":\"BreadcrumbList\",\"@id\":\"https:\/\/sukrin.com\/no\/ciac-om-ingrediensene#breadcrumb\",\"itemListElement\":[{\"@type\":\"ListItem\",\"position\":1,\"name\":\"Hjem\",\"item\":\"https:\/\/sukrin.com\/no\/\"},{\"@type\":\"ListItem\",\"position\":2,\"name\":\"CIAC &#8211; om ingrediensene\"}]},{\"@type\":\"WebSite\",\"@id\":\"https:\/\/sukrin.com\/no\/#website\",\"url\":\"https:\/\/sukrin.com\/no\/\",\"name\":\"Sukrin\",\"description\":\"Enkelt \u00e5 gj\u00f8re noe godt\",\"publisher\":{\"@id\":\"https:\/\/sukrin.com\/no\/#organization\"},\"potentialAction\":[{\"@type\":\"SearchAction\",\"target\":{\"@type\":\"EntryPoint\",\"urlTemplate\":\"https:\/\/sukrin.com\/no\/?s={search_term_string}\"},\"query-input\":{\"@type\":\"PropertyValueSpecification\",\"valueRequired\":true,\"valueName\":\"search_term_string\"}}],\"inLanguage\":\"nb-NO\"},{\"@type\":\"Organization\",\"@id\":\"https:\/\/sukrin.com\/no\/#organization\",\"name\":\"Funksjonell mat\",\"url\":\"https:\/\/sukrin.com\/no\/\",\"logo\":{\"@type\":\"ImageObject\",\"inLanguage\":\"nb-NO\",\"@id\":\"https:\/\/sukrin.com\/no\/#\/schema\/logo\/image\/\",\"url\":\"https:\/\/sukrin.com\/no\/content\/2023\/11\/funksjonell-mat-logo.svg\",\"contentUrl\":\"https:\/\/sukrin.com\/no\/content\/2023\/11\/funksjonell-mat-logo.svg\",\"width\":1,\"height\":1,\"caption\":\"Funksjonell mat\"},\"image\":{\"@id\":\"https:\/\/sukrin.com\/no\/#\/schema\/logo\/image\/\"},\"sameAs\":[\"https:\/\/nb-no.facebook.com\/funksjonellmat\/\",\"https:\/\/www.instagram.com\/sukrin.no\/\",\"https:\/\/tatrck.com\/h\/0Hu30uVO0x7R?url=httpswww.tiktok.comsukrin_official\"]}]}<\/script>\n<!-- \/ Yoast SEO plugin. -->","yoast_head_json":{"title":"CIAC - om ingrediensene - Sukrin","description":"Les mer om ingrediensene i Cake in a cup fra Sukrin.","robots":{"index":"index","follow":"follow","max-snippet":"max-snippet:-1","max-image-preview":"max-image-preview:large","max-video-preview":"max-video-preview:-1"},"canonical":"https:\/\/sukrin.com\/no\/ciac-om-ingrediensene","og_locale":"nb_NO","og_type":"article","og_title":"CIAC - om ingrediensene - Sukrin","og_description":"Les mer om ingrediensene i Cake in a cup fra Sukrin.","og_url":"https:\/\/sukrin.com\/no\/ciac-om-ingrediensene","og_site_name":"Sukrin","article_publisher":"https:\/\/nb-no.facebook.com\/funksjonellmat\/","article_modified_time":"2026-04-30T08:25:20+00:00","twitter_card":"summary_large_image","twitter_misc":{"Ansl. lesetid":"2 minutter"},"schema":{"@context":"https:\/\/schema.org","@graph":[{"@type":"WebPage","@id":"https:\/\/sukrin.com\/no\/ciac-om-ingrediensene","url":"https:\/\/sukrin.com\/no\/ciac-om-ingrediensene","name":"CIAC - om ingrediensene - Sukrin","isPartOf":{"@id":"https:\/\/sukrin.com\/no\/#website"},"datePublished":"2024-09-06T11:50:42+00:00","dateModified":"2026-04-30T08:25:20+00:00","description":"Les mer om ingrediensene i Cake in a cup fra Sukrin.","breadcrumb":{"@id":"https:\/\/sukrin.com\/no\/ciac-om-ingrediensene#breadcrumb"},"inLanguage":"nb-NO","potentialAction":[{"@type":"ReadAction","target":["https:\/\/sukrin.com\/no\/ciac-om-ingrediensene"]}]},{"@type":"BreadcrumbList","@id":"https:\/\/sukrin.com\/no\/ciac-om-ingrediensene#breadcrumb","itemListElement":[{"@type":"ListItem","position":1,"name":"Hjem","item":"https:\/\/sukrin.com\/no\/"},{"@type":"ListItem","position":2,"name":"CIAC &#8211; om ingrediensene"}]},{"@type":"WebSite","@id":"https:\/\/sukrin.com\/no\/#website","url":"https:\/\/sukrin.com\/no\/","name":"Sukrin","description":"Enkelt \u00e5 gj\u00f8re noe godt","publisher":{"@id":"https:\/\/sukrin.com\/no\/#organization"},"potentialAction":[{"@type":"SearchAction","target":{"@type":"EntryPoint","urlTemplate":"https:\/\/sukrin.com\/no\/?s={search_term_string}"},"query-input":{"@type":"PropertyValueSpecification","valueRequired":true,"valueName":"search_term_string"}}],"inLanguage":"nb-NO"},{"@type":"Organization","@id":"https:\/\/sukrin.com\/no\/#organization","name":"Funksjonell mat","url":"https:\/\/sukrin.com\/no\/","logo":{"@type":"ImageObject","inLanguage":"nb-NO","@id":"https:\/\/sukrin.com\/no\/#\/schema\/logo\/image\/","url":"https:\/\/sukrin.com\/no\/content\/2023\/11\/funksjonell-mat-logo.svg","contentUrl":"https:\/\/sukrin.com\/no\/content\/2023\/11\/funksjonell-mat-logo.svg","width":1,"height":1,"caption":"Funksjonell mat"},"image":{"@id":"https:\/\/sukrin.com\/no\/#\/schema\/logo\/image\/"},"sameAs":["https:\/\/nb-no.facebook.com\/funksjonellmat\/","https:\/\/www.instagram.com\/sukrin.no\/","https:\/\/tatrck.com\/h\/0Hu30uVO0x7R?url=httpswww.tiktok.comsukrin_official"]}]}},"_links":{"self":[{"href":"https:\/\/sukrin.com\/no\/wp-json\/wp\/v2\/pages\/2476","targetHints":{"allow":["GET"]}}],"collection":[{"href":"https:\/\/sukrin.com\/no\/wp-json\/wp\/v2\/pages"}],"about":[{"href":"https:\/\/sukrin.com\/no\/wp-json\/wp\/v2\/types\/page"}],"author":[{"embeddable":true,"href":"https:\/\/sukrin.com\/no\/wp-json\/wp\/v2\/users\/13"}],"replies":[{"embeddable":true,"href":"https:\/\/sukrin.com\/no\/wp-json\/wp\/v2\/comments?post=2476"}],"version-history":[{"count":5,"href":"https:\/\/sukrin.com\/no\/wp-json\/wp\/v2\/pages\/2476\/revisions"}],"predecessor-version":[{"id":3953,"href":"https:\/\/sukrin.com\/no\/wp-json\/wp\/v2\/pages\/2476\/revisions\/3953"}],"wp:attachment":[{"href":"https:\/\/sukrin.com\/no\/wp-json\/wp\/v2\/media?parent=2476"}],"curies":[{"name":"wp","href":"https:\/\/api.w.org\/{rel}","templated":true}]}}