{"id":2472,"date":"2024-09-06T13:45:56","date_gmt":"2024-09-06T11:45:56","guid":{"rendered":"https:\/\/sukrin.com\/no\/?page_id=2472"},"modified":"2026-02-04T08:56:23","modified_gmt":"2026-02-04T07:56:23","slug":"kakemix-om-ingrediensene","status":"publish","type":"page","link":"https:\/\/sukrin.com\/no\/kakemix-om-ingrediensene","title":{"rendered":"Kakemix &#8211; om ingrediensene"},"content":{"rendered":"\n<h3 class=\"wp-block-heading\">Fettredusert Sesam-mel<\/h3>\n\n\n\n<p>Avskallede, finmalte&nbsp;<strong>sesamfr\u00f8<\/strong>&nbsp;der 80 % av fettet er fjernet ved kaldpressing. Les mer om&nbsp;<a href=\"https:\/\/sukrin.com\/no\/produkter\/sesam-mel\">Sesam-mel her.<\/a><\/p>\n\n\n\n<h3 class=\"wp-block-heading\">Erytritol<\/h3>\n\n\n\n<p>Sukkeralkoholen erytritol finnes naturlig i bl.a. p\u00e6re, melon og sopp. Erytritol fremstilles ved en naturlig gj\u00e6ringsprosess og det brukes ingen kunstige tilsetningsstoffer.<\/p>\n\n\n\n<h3 class=\"wp-block-heading\">Resistent stivelse<\/h3>\n\n\n\n<p>Kjent som FiberFin &#8211; et naturlig, fiberrikt glutenfritt mel, laget av mais med h\u00f8y amylose. Resistent stivelse har en gunstig effekt p\u00e5 ford\u00f8yelsen, bakteriefloraen og immunforsvaret. <a href=\"\/no\/produkter\/fiberfin\">Les mer om FiberFin<\/a>.<\/p>\n\n\n\n<h3 class=\"wp-block-heading\">Fiber fra sikorirot og psylliumhusk<\/h3>\n\n\n\n<p>Plantefibre som brukes for \u00e5 gi riktig konsistens og \u00f8kt fiberinnhold i kaken.<\/p>\n\n\n\n<h3 class=\"wp-block-heading\">Mais- og potetstivelse<\/h3>\n\n\n\n<p>Stivelse fra mais og potet som gj\u00f8r kaken saftig og holder den myk.<\/p>\n\n\n\n<h3 class=\"wp-block-heading\">Erteprotein<\/h3>\n\n\n\n<p>Fullverdig vegetabilsk protein hentet fra erter.<\/p>\n\n\n\n<h3 class=\"wp-block-heading\">Hevemiddel<\/h3>\n\n\n\n<p>Bikarbonat og difosfat&nbsp;er innholdet i vanlig bakepulver. Difosfat&nbsp;n\u00f8ytraliserer bikarbonat og styrer hevingen.<\/p>\n\n\n\n<h3 class=\"wp-block-heading\">Salt<\/h3>\n\n\n\n<p>Vanlig bordsalt (natriumklorid).<\/p>\n\n\n\n<h3 class=\"wp-block-heading\">Emulgator<\/h3>\n\n\n\n<p>Mono og diglyserider av fettsyrer. Brukes for \u00e5 binde vann og fett og gir kaken en fin stekeskorpe og fast konsistens. Fettet er kun fra vegetabilske kilder.<\/p>\n\n\n\n<h3 class=\"wp-block-heading\">Surhetsregulerende middel<\/h3>\n\n\n\n<p>Sitronsyre virker som surhetregulerende middel, og styrer ogs\u00e5 hevingen.<\/p>\n\n\n\n<h3 class=\"wp-block-heading\">Aroma<\/h3>\n\n\n\n<p>Vanilje<\/p>\n\n\n\n<h3 class=\"wp-block-heading\">Sukralose<\/h3>\n\n\n\n<p>Sukralose er et s\u00f8tstoff som er ca 600 ganger s\u00f8tere enn sukker. Vi har brukt en sv\u00e6rt liten mengde (o,5 g) for \u00e5 forsterke s\u00f8tsmaken i Sukrin.<\/p>\n","protected":false},"excerpt":{"rendered":"<p>Fettredusert Sesam-mel Avskallede, finmalte&nbsp;sesamfr\u00f8&nbsp;der 80 % av fettet er fjernet ved kaldpressing. Les mer om&nbsp;Sesam-mel her. Erytritol Sukkeralkoholen erytritol finnes naturlig i bl.a. p\u00e6re, melon og sopp. Erytritol fremstilles ved en naturlig gj\u00e6ringsprosess og det brukes ingen kunstige tilsetningsstoffer. Resistent stivelse Kjent som FiberFin &#8211; et naturlig, fiberrikt glutenfritt mel, laget av mais med h\u00f8y [&hellip;]<\/p>\n","protected":false},"author":13,"featured_media":0,"parent":0,"menu_order":0,"comment_status":"closed","ping_status":"closed","template":"","meta":{"footnotes":""},"class_list":["post-2472","page","type-page","status-publish","hentry"],"acf":[],"yoast_head":"<!-- This site is optimized with the Yoast SEO plugin v27.2 - https:\/\/yoast.com\/product\/yoast-seo-wordpress\/ -->\n<title>Kakemix - om ingrediensene - Sukrin<\/title>\n<meta name=\"description\" content=\"Her kan du lese mer om ingrediensene som er brukt i Sukrin Kakemix.\" \/>\n<meta name=\"robots\" content=\"index, follow, max-snippet:-1, max-image-preview:large, max-video-preview:-1\" \/>\n<link rel=\"canonical\" href=\"https:\/\/sukrin.com\/no\/kakemix-om-ingrediensene\" \/>\n<meta property=\"og:locale\" content=\"nb_NO\" \/>\n<meta property=\"og:type\" content=\"article\" \/>\n<meta property=\"og:title\" content=\"Kakemix - om ingrediensene - Sukrin\" \/>\n<meta property=\"og:description\" content=\"Her kan du lese mer om ingrediensene som er brukt i Sukrin Kakemix.\" \/>\n<meta property=\"og:url\" content=\"https:\/\/sukrin.com\/no\/kakemix-om-ingrediensene\" \/>\n<meta property=\"og:site_name\" content=\"Sukrin\" \/>\n<meta property=\"article:publisher\" content=\"https:\/\/nb-no.facebook.com\/funksjonellmat\/\" \/>\n<meta property=\"article:modified_time\" content=\"2026-02-04T07:56:23+00:00\" \/>\n<meta name=\"twitter:card\" content=\"summary_large_image\" \/>\n<meta name=\"twitter:label1\" content=\"Ansl. lesetid\" \/>\n\t<meta name=\"twitter:data1\" content=\"2 minutter\" \/>\n<script type=\"application\/ld+json\" class=\"yoast-schema-graph\">{\"@context\":\"https:\/\/schema.org\",\"@graph\":[{\"@type\":\"WebPage\",\"@id\":\"https:\/\/sukrin.com\/no\/kakemix-om-ingrediensene\",\"url\":\"https:\/\/sukrin.com\/no\/kakemix-om-ingrediensene\",\"name\":\"Kakemix - om ingrediensene - Sukrin\",\"isPartOf\":{\"@id\":\"https:\/\/sukrin.com\/no\/#website\"},\"datePublished\":\"2024-09-06T11:45:56+00:00\",\"dateModified\":\"2026-02-04T07:56:23+00:00\",\"description\":\"Her kan du lese mer om ingrediensene som er brukt i Sukrin Kakemix.\",\"breadcrumb\":{\"@id\":\"https:\/\/sukrin.com\/no\/kakemix-om-ingrediensene#breadcrumb\"},\"inLanguage\":\"nb-NO\",\"potentialAction\":[{\"@type\":\"ReadAction\",\"target\":[\"https:\/\/sukrin.com\/no\/kakemix-om-ingrediensene\"]}]},{\"@type\":\"BreadcrumbList\",\"@id\":\"https:\/\/sukrin.com\/no\/kakemix-om-ingrediensene#breadcrumb\",\"itemListElement\":[{\"@type\":\"ListItem\",\"position\":1,\"name\":\"Hjem\",\"item\":\"https:\/\/sukrin.com\/no\/\"},{\"@type\":\"ListItem\",\"position\":2,\"name\":\"Kakemix &#8211; om ingrediensene\"}]},{\"@type\":\"WebSite\",\"@id\":\"https:\/\/sukrin.com\/no\/#website\",\"url\":\"https:\/\/sukrin.com\/no\/\",\"name\":\"Sukrin\",\"description\":\"Enkelt \u00e5 gj\u00f8re noe godt\",\"publisher\":{\"@id\":\"https:\/\/sukrin.com\/no\/#organization\"},\"potentialAction\":[{\"@type\":\"SearchAction\",\"target\":{\"@type\":\"EntryPoint\",\"urlTemplate\":\"https:\/\/sukrin.com\/no\/?s={search_term_string}\"},\"query-input\":{\"@type\":\"PropertyValueSpecification\",\"valueRequired\":true,\"valueName\":\"search_term_string\"}}],\"inLanguage\":\"nb-NO\"},{\"@type\":\"Organization\",\"@id\":\"https:\/\/sukrin.com\/no\/#organization\",\"name\":\"Funksjonell mat\",\"url\":\"https:\/\/sukrin.com\/no\/\",\"logo\":{\"@type\":\"ImageObject\",\"inLanguage\":\"nb-NO\",\"@id\":\"https:\/\/sukrin.com\/no\/#\/schema\/logo\/image\/\",\"url\":\"https:\/\/sukrin.com\/no\/content\/2023\/11\/funksjonell-mat-logo.svg\",\"contentUrl\":\"https:\/\/sukrin.com\/no\/content\/2023\/11\/funksjonell-mat-logo.svg\",\"width\":1,\"height\":1,\"caption\":\"Funksjonell mat\"},\"image\":{\"@id\":\"https:\/\/sukrin.com\/no\/#\/schema\/logo\/image\/\"},\"sameAs\":[\"https:\/\/nb-no.facebook.com\/funksjonellmat\/\",\"https:\/\/www.instagram.com\/sukrin.no\/\",\"https:\/\/tatrck.com\/h\/0Hu30uVO0x7R?url=httpswww.tiktok.comsukrin_official\"]}]}<\/script>\n<!-- \/ Yoast SEO plugin. -->","yoast_head_json":{"title":"Kakemix - om ingrediensene - Sukrin","description":"Her kan du lese mer om ingrediensene som er brukt i Sukrin Kakemix.","robots":{"index":"index","follow":"follow","max-snippet":"max-snippet:-1","max-image-preview":"max-image-preview:large","max-video-preview":"max-video-preview:-1"},"canonical":"https:\/\/sukrin.com\/no\/kakemix-om-ingrediensene","og_locale":"nb_NO","og_type":"article","og_title":"Kakemix - om ingrediensene - Sukrin","og_description":"Her kan du lese mer om ingrediensene som er brukt i Sukrin Kakemix.","og_url":"https:\/\/sukrin.com\/no\/kakemix-om-ingrediensene","og_site_name":"Sukrin","article_publisher":"https:\/\/nb-no.facebook.com\/funksjonellmat\/","article_modified_time":"2026-02-04T07:56:23+00:00","twitter_card":"summary_large_image","twitter_misc":{"Ansl. lesetid":"2 minutter"},"schema":{"@context":"https:\/\/schema.org","@graph":[{"@type":"WebPage","@id":"https:\/\/sukrin.com\/no\/kakemix-om-ingrediensene","url":"https:\/\/sukrin.com\/no\/kakemix-om-ingrediensene","name":"Kakemix - om ingrediensene - Sukrin","isPartOf":{"@id":"https:\/\/sukrin.com\/no\/#website"},"datePublished":"2024-09-06T11:45:56+00:00","dateModified":"2026-02-04T07:56:23+00:00","description":"Her kan du lese mer om ingrediensene som er brukt i Sukrin Kakemix.","breadcrumb":{"@id":"https:\/\/sukrin.com\/no\/kakemix-om-ingrediensene#breadcrumb"},"inLanguage":"nb-NO","potentialAction":[{"@type":"ReadAction","target":["https:\/\/sukrin.com\/no\/kakemix-om-ingrediensene"]}]},{"@type":"BreadcrumbList","@id":"https:\/\/sukrin.com\/no\/kakemix-om-ingrediensene#breadcrumb","itemListElement":[{"@type":"ListItem","position":1,"name":"Hjem","item":"https:\/\/sukrin.com\/no\/"},{"@type":"ListItem","position":2,"name":"Kakemix &#8211; om ingrediensene"}]},{"@type":"WebSite","@id":"https:\/\/sukrin.com\/no\/#website","url":"https:\/\/sukrin.com\/no\/","name":"Sukrin","description":"Enkelt \u00e5 gj\u00f8re noe godt","publisher":{"@id":"https:\/\/sukrin.com\/no\/#organization"},"potentialAction":[{"@type":"SearchAction","target":{"@type":"EntryPoint","urlTemplate":"https:\/\/sukrin.com\/no\/?s={search_term_string}"},"query-input":{"@type":"PropertyValueSpecification","valueRequired":true,"valueName":"search_term_string"}}],"inLanguage":"nb-NO"},{"@type":"Organization","@id":"https:\/\/sukrin.com\/no\/#organization","name":"Funksjonell mat","url":"https:\/\/sukrin.com\/no\/","logo":{"@type":"ImageObject","inLanguage":"nb-NO","@id":"https:\/\/sukrin.com\/no\/#\/schema\/logo\/image\/","url":"https:\/\/sukrin.com\/no\/content\/2023\/11\/funksjonell-mat-logo.svg","contentUrl":"https:\/\/sukrin.com\/no\/content\/2023\/11\/funksjonell-mat-logo.svg","width":1,"height":1,"caption":"Funksjonell mat"},"image":{"@id":"https:\/\/sukrin.com\/no\/#\/schema\/logo\/image\/"},"sameAs":["https:\/\/nb-no.facebook.com\/funksjonellmat\/","https:\/\/www.instagram.com\/sukrin.no\/","https:\/\/tatrck.com\/h\/0Hu30uVO0x7R?url=httpswww.tiktok.comsukrin_official"]}]}},"_links":{"self":[{"href":"https:\/\/sukrin.com\/no\/wp-json\/wp\/v2\/pages\/2472","targetHints":{"allow":["GET"]}}],"collection":[{"href":"https:\/\/sukrin.com\/no\/wp-json\/wp\/v2\/pages"}],"about":[{"href":"https:\/\/sukrin.com\/no\/wp-json\/wp\/v2\/types\/page"}],"author":[{"embeddable":true,"href":"https:\/\/sukrin.com\/no\/wp-json\/wp\/v2\/users\/13"}],"replies":[{"embeddable":true,"href":"https:\/\/sukrin.com\/no\/wp-json\/wp\/v2\/comments?post=2472"}],"version-history":[{"count":9,"href":"https:\/\/sukrin.com\/no\/wp-json\/wp\/v2\/pages\/2472\/revisions"}],"predecessor-version":[{"id":3813,"href":"https:\/\/sukrin.com\/no\/wp-json\/wp\/v2\/pages\/2472\/revisions\/3813"}],"wp:attachment":[{"href":"https:\/\/sukrin.com\/no\/wp-json\/wp\/v2\/media?parent=2472"}],"curies":[{"name":"wp","href":"https:\/\/api.w.org\/{rel}","templated":true}]}}