{"id":2462,"date":"2024-09-06T13:27:15","date_gmt":"2024-09-06T11:27:15","guid":{"rendered":"https:\/\/sukrin.com\/no\/?page_id=2462"},"modified":"2024-09-13T13:18:40","modified_gmt":"2024-09-13T11:18:40","slug":"variasjon-med-fiberbrod","status":"publish","type":"page","link":"https:\/\/sukrin.com\/no\/variasjon-med-fiberbrod","title":{"rendered":"Variasjon med Fiberbr\u00f8d"},"content":{"rendered":"\n<ul class=\"wp-block-list\">\n<li>Tilsett<strong>\u00a0<\/strong><a href=\"\/no\/produkter\/finmalte-mandler\">Finmalte mandler<\/a>\u00a0for \u00e5 f\u00e5 en litt annen smak p\u00e5 br\u00f8det. Til 250 g br\u00f8dmiks kan du tilsette f.eks 100 gram av \u00f8nsket type n\u00f8ttemel i br\u00f8dblandingen, men husk da \u00e5 ha i ca 1\/2 dl vann ekstra.<\/li>\n<\/ul>\n\n\n\n<p><\/p>\n\n\n\n<ul class=\"wp-block-list\">\n<li>Har du lyst p\u00e5 en\u00a0<strong>s\u00f8t variant<\/strong>, kan du tilsette litt\u00a0<a href=\"\/no\/produkter\/sukrin\">Sukrin<\/a>, kanel og evt. t\u00f8rket frukt og f\u00e5 deilige m\u00fcsliboller eller -br\u00f8d.<\/li>\n<\/ul>\n\n\n\n<p><\/p>\n\n\n\n<ul class=\"wp-block-list\">\n<li>Tilsett gjerne finhakkede solt\u00f8rkede tomater, oliven eller t\u00f8rkede krydderurter i deigen.<\/li>\n<\/ul>\n\n\n\n<p><\/p>\n\n\n\n<ul class=\"wp-block-list\">\n<li>Stek br\u00f8det i muffinsformer, tilsett eventuelt \u00f8nsket fyll for \u00e5 lage sunne og gode&nbsp;<strong>matmuffins.<\/strong><\/li>\n<\/ul>\n\n\n\n<div style=\"height:5px\" aria-hidden=\"true\" class=\"wp-block-spacer\"><\/div>\n\n\n\n<ul class=\"wp-block-list\">\n<li>Lag&nbsp;<strong>focacciabr\u00f8d<\/strong>&nbsp;av 1 kg Fiberbr\u00f8d,&nbsp;3-4 ts av f.eks rosmarin, oregano og timian (mengde og urter etter hva du liker),&nbsp;10 dl vann og 2 dl Extra virgin olivenolje. Elt deigen godt. Klappes ut i stor langpanne. Olivenolje risles p\u00e5 toppen av deigen, og str\u00f8s over med godt salt.&nbsp;Stekes i 60-70 minutter.<\/li>\n<\/ul>\n\n\n\n<p><\/p>\n\n\n\n<ul class=\"wp-block-list\">\n<li>Bruk br\u00f8dmiksen som<strong>&nbsp;pizzabunn<\/strong>. Bland deigen som anvist p\u00e5 pakken, klapp den flat utover en bakeplate, gjerne med litt olje over. Forstek i ca 15 minutter f\u00f8r du legger p\u00e5 \u00f8nsket fyll og steker til osten er smeltet.<\/li>\n<\/ul>\n\n\n\n<p><\/p>\n\n\n\n<ul class=\"wp-block-list\">\n<li>Br\u00f8dmiksen kan brukes til \u00e5 lage sunne og fiberrike&nbsp;<strong>wraps<\/strong>. Tilsett da en st\u00f8rre mengde vann, slik at r\u00f8ren blir litt rennende, og enkel \u00e5 sm\u00f8re utover. Lag sm\u00e5 lefse-sirkler p\u00e5 en bakepapirkledd plate og stek i ca 10 minutter p\u00e5 200 grader.<\/li>\n<\/ul>\n\n\n\n<p><\/p>\n\n\n\n<ul class=\"wp-block-list\">\n<li>Du kan ogs\u00e5 lage&nbsp;hamburgerbr\u00f8d med br\u00f8dmiksen.<\/li>\n<\/ul>\n\n\n\n<div style=\"height:5px\" aria-hidden=\"true\" class=\"wp-block-spacer\"><\/div>\n\n\n\n<ul class=\"wp-block-list\">\n<li>Rist br\u00f8det i br\u00f8drister for en spr\u00f8ere overflate.<\/li>\n<\/ul>\n","protected":false},"excerpt":{"rendered":"","protected":false},"author":13,"featured_media":0,"parent":0,"menu_order":0,"comment_status":"closed","ping_status":"closed","template":"","meta":{"footnotes":""},"class_list":["post-2462","page","type-page","status-publish","hentry"],"acf":[],"yoast_head":"<!-- This site is optimized with the Yoast SEO plugin v27.2 - https:\/\/yoast.com\/product\/yoast-seo-wordpress\/ -->\n<title>Variasjon med Fiberbr\u00f8d - Sukrin<\/title>\n<meta name=\"description\" content=\"Med en pakke Sukrin Fiberbr\u00f8d kan du lage mer enn bare br\u00f8d. Finn tips og oppskrifter p\u00e5 denne siden.\" \/>\n<meta name=\"robots\" content=\"index, follow, max-snippet:-1, max-image-preview:large, max-video-preview:-1\" \/>\n<link rel=\"canonical\" href=\"https:\/\/sukrin.com\/no\/variasjon-med-fiberbrod\" \/>\n<meta property=\"og:locale\" content=\"nb_NO\" \/>\n<meta property=\"og:type\" content=\"article\" \/>\n<meta property=\"og:title\" content=\"Variasjon med Fiberbr\u00f8d - Sukrin\" \/>\n<meta property=\"og:description\" content=\"Med en pakke Sukrin Fiberbr\u00f8d kan du lage mer enn bare br\u00f8d. Finn tips og oppskrifter p\u00e5 denne siden.\" \/>\n<meta property=\"og:url\" content=\"https:\/\/sukrin.com\/no\/variasjon-med-fiberbrod\" \/>\n<meta property=\"og:site_name\" content=\"Sukrin\" \/>\n<meta property=\"article:publisher\" content=\"https:\/\/nb-no.facebook.com\/funksjonellmat\/\" \/>\n<meta property=\"article:modified_time\" content=\"2024-09-13T11:18:40+00:00\" \/>\n<meta name=\"twitter:card\" content=\"summary_large_image\" \/>\n<meta name=\"twitter:label1\" content=\"Ansl. lesetid\" \/>\n\t<meta name=\"twitter:data1\" content=\"2 minutter\" \/>\n<script type=\"application\/ld+json\" class=\"yoast-schema-graph\">{\"@context\":\"https:\/\/schema.org\",\"@graph\":[{\"@type\":\"WebPage\",\"@id\":\"https:\/\/sukrin.com\/no\/variasjon-med-fiberbrod\",\"url\":\"https:\/\/sukrin.com\/no\/variasjon-med-fiberbrod\",\"name\":\"Variasjon med Fiberbr\u00f8d - Sukrin\",\"isPartOf\":{\"@id\":\"https:\/\/sukrin.com\/no\/#website\"},\"datePublished\":\"2024-09-06T11:27:15+00:00\",\"dateModified\":\"2024-09-13T11:18:40+00:00\",\"description\":\"Med en pakke Sukrin Fiberbr\u00f8d kan du lage mer enn bare br\u00f8d. Finn tips og oppskrifter p\u00e5 denne siden.\",\"breadcrumb\":{\"@id\":\"https:\/\/sukrin.com\/no\/variasjon-med-fiberbrod#breadcrumb\"},\"inLanguage\":\"nb-NO\",\"potentialAction\":[{\"@type\":\"ReadAction\",\"target\":[\"https:\/\/sukrin.com\/no\/variasjon-med-fiberbrod\"]}]},{\"@type\":\"BreadcrumbList\",\"@id\":\"https:\/\/sukrin.com\/no\/variasjon-med-fiberbrod#breadcrumb\",\"itemListElement\":[{\"@type\":\"ListItem\",\"position\":1,\"name\":\"Hjem\",\"item\":\"https:\/\/sukrin.com\/no\/\"},{\"@type\":\"ListItem\",\"position\":2,\"name\":\"Variasjon med Fiberbr\u00f8d\"}]},{\"@type\":\"WebSite\",\"@id\":\"https:\/\/sukrin.com\/no\/#website\",\"url\":\"https:\/\/sukrin.com\/no\/\",\"name\":\"Sukrin\",\"description\":\"Enkelt \u00e5 gj\u00f8re noe godt\",\"publisher\":{\"@id\":\"https:\/\/sukrin.com\/no\/#organization\"},\"potentialAction\":[{\"@type\":\"SearchAction\",\"target\":{\"@type\":\"EntryPoint\",\"urlTemplate\":\"https:\/\/sukrin.com\/no\/?s={search_term_string}\"},\"query-input\":{\"@type\":\"PropertyValueSpecification\",\"valueRequired\":true,\"valueName\":\"search_term_string\"}}],\"inLanguage\":\"nb-NO\"},{\"@type\":\"Organization\",\"@id\":\"https:\/\/sukrin.com\/no\/#organization\",\"name\":\"Funksjonell mat\",\"url\":\"https:\/\/sukrin.com\/no\/\",\"logo\":{\"@type\":\"ImageObject\",\"inLanguage\":\"nb-NO\",\"@id\":\"https:\/\/sukrin.com\/no\/#\/schema\/logo\/image\/\",\"url\":\"https:\/\/sukrin.com\/no\/content\/2023\/11\/funksjonell-mat-logo.svg\",\"contentUrl\":\"https:\/\/sukrin.com\/no\/content\/2023\/11\/funksjonell-mat-logo.svg\",\"width\":1,\"height\":1,\"caption\":\"Funksjonell mat\"},\"image\":{\"@id\":\"https:\/\/sukrin.com\/no\/#\/schema\/logo\/image\/\"},\"sameAs\":[\"https:\/\/nb-no.facebook.com\/funksjonellmat\/\",\"https:\/\/www.instagram.com\/sukrin.no\/\",\"https:\/\/tatrck.com\/h\/0Hu30uVO0x7R?url=httpswww.tiktok.comsukrin_official\"]}]}<\/script>\n<!-- \/ Yoast SEO plugin. -->","yoast_head_json":{"title":"Variasjon med Fiberbr\u00f8d - Sukrin","description":"Med en pakke Sukrin Fiberbr\u00f8d kan du lage mer enn bare br\u00f8d. Finn tips og oppskrifter p\u00e5 denne siden.","robots":{"index":"index","follow":"follow","max-snippet":"max-snippet:-1","max-image-preview":"max-image-preview:large","max-video-preview":"max-video-preview:-1"},"canonical":"https:\/\/sukrin.com\/no\/variasjon-med-fiberbrod","og_locale":"nb_NO","og_type":"article","og_title":"Variasjon med Fiberbr\u00f8d - Sukrin","og_description":"Med en pakke Sukrin Fiberbr\u00f8d kan du lage mer enn bare br\u00f8d. Finn tips og oppskrifter p\u00e5 denne siden.","og_url":"https:\/\/sukrin.com\/no\/variasjon-med-fiberbrod","og_site_name":"Sukrin","article_publisher":"https:\/\/nb-no.facebook.com\/funksjonellmat\/","article_modified_time":"2024-09-13T11:18:40+00:00","twitter_card":"summary_large_image","twitter_misc":{"Ansl. lesetid":"2 minutter"},"schema":{"@context":"https:\/\/schema.org","@graph":[{"@type":"WebPage","@id":"https:\/\/sukrin.com\/no\/variasjon-med-fiberbrod","url":"https:\/\/sukrin.com\/no\/variasjon-med-fiberbrod","name":"Variasjon med Fiberbr\u00f8d - Sukrin","isPartOf":{"@id":"https:\/\/sukrin.com\/no\/#website"},"datePublished":"2024-09-06T11:27:15+00:00","dateModified":"2024-09-13T11:18:40+00:00","description":"Med en pakke Sukrin Fiberbr\u00f8d kan du lage mer enn bare br\u00f8d. Finn tips og oppskrifter p\u00e5 denne siden.","breadcrumb":{"@id":"https:\/\/sukrin.com\/no\/variasjon-med-fiberbrod#breadcrumb"},"inLanguage":"nb-NO","potentialAction":[{"@type":"ReadAction","target":["https:\/\/sukrin.com\/no\/variasjon-med-fiberbrod"]}]},{"@type":"BreadcrumbList","@id":"https:\/\/sukrin.com\/no\/variasjon-med-fiberbrod#breadcrumb","itemListElement":[{"@type":"ListItem","position":1,"name":"Hjem","item":"https:\/\/sukrin.com\/no\/"},{"@type":"ListItem","position":2,"name":"Variasjon med Fiberbr\u00f8d"}]},{"@type":"WebSite","@id":"https:\/\/sukrin.com\/no\/#website","url":"https:\/\/sukrin.com\/no\/","name":"Sukrin","description":"Enkelt \u00e5 gj\u00f8re noe godt","publisher":{"@id":"https:\/\/sukrin.com\/no\/#organization"},"potentialAction":[{"@type":"SearchAction","target":{"@type":"EntryPoint","urlTemplate":"https:\/\/sukrin.com\/no\/?s={search_term_string}"},"query-input":{"@type":"PropertyValueSpecification","valueRequired":true,"valueName":"search_term_string"}}],"inLanguage":"nb-NO"},{"@type":"Organization","@id":"https:\/\/sukrin.com\/no\/#organization","name":"Funksjonell mat","url":"https:\/\/sukrin.com\/no\/","logo":{"@type":"ImageObject","inLanguage":"nb-NO","@id":"https:\/\/sukrin.com\/no\/#\/schema\/logo\/image\/","url":"https:\/\/sukrin.com\/no\/content\/2023\/11\/funksjonell-mat-logo.svg","contentUrl":"https:\/\/sukrin.com\/no\/content\/2023\/11\/funksjonell-mat-logo.svg","width":1,"height":1,"caption":"Funksjonell mat"},"image":{"@id":"https:\/\/sukrin.com\/no\/#\/schema\/logo\/image\/"},"sameAs":["https:\/\/nb-no.facebook.com\/funksjonellmat\/","https:\/\/www.instagram.com\/sukrin.no\/","https:\/\/tatrck.com\/h\/0Hu30uVO0x7R?url=httpswww.tiktok.comsukrin_official"]}]}},"_links":{"self":[{"href":"https:\/\/sukrin.com\/no\/wp-json\/wp\/v2\/pages\/2462","targetHints":{"allow":["GET"]}}],"collection":[{"href":"https:\/\/sukrin.com\/no\/wp-json\/wp\/v2\/pages"}],"about":[{"href":"https:\/\/sukrin.com\/no\/wp-json\/wp\/v2\/types\/page"}],"author":[{"embeddable":true,"href":"https:\/\/sukrin.com\/no\/wp-json\/wp\/v2\/users\/13"}],"replies":[{"embeddable":true,"href":"https:\/\/sukrin.com\/no\/wp-json\/wp\/v2\/comments?post=2462"}],"version-history":[{"count":5,"href":"https:\/\/sukrin.com\/no\/wp-json\/wp\/v2\/pages\/2462\/revisions"}],"predecessor-version":[{"id":2673,"href":"https:\/\/sukrin.com\/no\/wp-json\/wp\/v2\/pages\/2462\/revisions\/2673"}],"wp:attachment":[{"href":"https:\/\/sukrin.com\/no\/wp-json\/wp\/v2\/media?parent=2462"}],"curies":[{"name":"wp","href":"https:\/\/api.w.org\/{rel}","templated":true}]}}