{"id":2458,"date":"2024-09-06T13:22:48","date_gmt":"2024-09-06T11:22:48","guid":{"rendered":"https:\/\/sukrin.com\/no\/?page_id=2458"},"modified":"2025-05-08T13:29:04","modified_gmt":"2025-05-08T11:29:04","slug":"fiberbrod-om-ingrediensene","status":"publish","type":"page","link":"https:\/\/sukrin.com\/no\/fiberbrod-om-ingrediensene","title":{"rendered":"Fiberbr\u00f8d &#8211; om ingrediensene"},"content":{"rendered":"\n<h3 class=\"wp-block-heading\">Fr\u00f8 og kjerner<\/h3>\n\n\n\n<p>Solsikke,\u00a0psyllium, <strong>sesam<\/strong>, gresskar, linfr\u00f8: Naturlige fr\u00f8 og kjerner som gir god smak, og har et h\u00f8yt innhold av sunt fett, vitaminer, mineraler og fiber.<\/p>\n\n\n\n<h3 class=\"wp-block-heading\">Fiber fra sukkerbete, havre og erter<\/h3>\n\n\n\n<p>Plantefibre som brukes for \u00e5 gi riktig konsistens og \u00f8kt fiberinnhold i br\u00f8det.<\/p>\n\n\n\n<h3 class=\"wp-block-heading\">Sesam-mel<\/h3>\n\n\n\n<p>Avskallede, fettreduserte og malte sesamfr\u00f8.<\/p>\n\n\n\n<h3 class=\"wp-block-heading\">Erteprotein<\/h3>\n\n\n\n<p>Fullverdig vegetabilsk protein hentet fra erter.<\/p>\n\n\n\n<h3 class=\"wp-block-heading\">Fettredusert linfr\u00f8mel<\/h3>\n\n\n\n<p>Fettreduserte og malte linfr\u00f8.<\/p>\n\n\n\n<h3 class=\"wp-block-heading\">Erytritol<\/h3>\n\n\n\n<p>Sukkeralkoholen erytritol finnes naturlig i bl.a. p\u00e6re, melon og sopp. Erytritol fremstilles ved en naturlig gj\u00e6ringsprosess og det brukes ingen kunstige tilsetningsstoffer.<\/p>\n\n\n\n<h3 class=\"wp-block-heading\">Mineralsalt<\/h3>\n\n\n\n<p>Natriumklorid er vanlig bordsalt. Vi har erstattet noe av saltmengden med kaliumklorid, da for stor mengde natrium ikke er bra for kroppen.<\/p>\n\n\n\n<h3 class=\"wp-block-heading\">Hevemiddel: bikarbonat og difosfat<\/h3>\n\n\n\n<p>Dette er innholdet i godt gammeldags bakepulver. Difosfat&nbsp;n\u00f8ytraliserer bikarbonat og styrer hevingen.<\/p>\n","protected":false},"excerpt":{"rendered":"<p>Fr\u00f8 og kjerner Solsikke,\u00a0psyllium, sesam, gresskar, linfr\u00f8: Naturlige fr\u00f8 og kjerner som gir god smak, og har et h\u00f8yt innhold av sunt fett, vitaminer, mineraler og fiber. Fiber fra sukkerbete, havre og erter Plantefibre som brukes for \u00e5 gi riktig konsistens og \u00f8kt fiberinnhold i br\u00f8det. Sesam-mel Avskallede, fettreduserte og malte sesamfr\u00f8. Erteprotein Fullverdig vegetabilsk [&hellip;]<\/p>\n","protected":false},"author":13,"featured_media":0,"parent":0,"menu_order":0,"comment_status":"closed","ping_status":"closed","template":"","meta":{"footnotes":""},"class_list":["post-2458","page","type-page","status-publish","hentry"],"acf":[],"yoast_head":"<!-- This site is optimized with the Yoast SEO plugin v27.2 - https:\/\/yoast.com\/product\/yoast-seo-wordpress\/ -->\n<title>Fiberbr\u00f8d - om ingrediensene - Sukrin<\/title>\n<meta name=\"description\" content=\"Les mer om ingrediensene i Fiberbr\u00f8d fra Sukrin.\" \/>\n<meta name=\"robots\" content=\"index, follow, max-snippet:-1, max-image-preview:large, max-video-preview:-1\" \/>\n<link rel=\"canonical\" href=\"https:\/\/sukrin.com\/no\/fiberbrod-om-ingrediensene\" \/>\n<meta property=\"og:locale\" content=\"nb_NO\" \/>\n<meta property=\"og:type\" content=\"article\" \/>\n<meta property=\"og:title\" content=\"Fiberbr\u00f8d - om ingrediensene - Sukrin\" \/>\n<meta property=\"og:description\" content=\"Les mer om ingrediensene i Fiberbr\u00f8d fra Sukrin.\" \/>\n<meta property=\"og:url\" content=\"https:\/\/sukrin.com\/no\/fiberbrod-om-ingrediensene\" \/>\n<meta property=\"og:site_name\" content=\"Sukrin\" \/>\n<meta property=\"article:publisher\" content=\"https:\/\/nb-no.facebook.com\/funksjonellmat\/\" \/>\n<meta property=\"article:modified_time\" content=\"2025-05-08T11:29:04+00:00\" \/>\n<meta name=\"twitter:card\" content=\"summary_large_image\" \/>\n<meta name=\"twitter:label1\" content=\"Ansl. lesetid\" \/>\n\t<meta name=\"twitter:data1\" content=\"1 minutt\" \/>\n<script type=\"application\/ld+json\" class=\"yoast-schema-graph\">{\"@context\":\"https:\/\/schema.org\",\"@graph\":[{\"@type\":\"WebPage\",\"@id\":\"https:\/\/sukrin.com\/no\/fiberbrod-om-ingrediensene\",\"url\":\"https:\/\/sukrin.com\/no\/fiberbrod-om-ingrediensene\",\"name\":\"Fiberbr\u00f8d - om ingrediensene - Sukrin\",\"isPartOf\":{\"@id\":\"https:\/\/sukrin.com\/no\/#website\"},\"datePublished\":\"2024-09-06T11:22:48+00:00\",\"dateModified\":\"2025-05-08T11:29:04+00:00\",\"description\":\"Les mer om ingrediensene i Fiberbr\u00f8d fra Sukrin.\",\"breadcrumb\":{\"@id\":\"https:\/\/sukrin.com\/no\/fiberbrod-om-ingrediensene#breadcrumb\"},\"inLanguage\":\"nb-NO\",\"potentialAction\":[{\"@type\":\"ReadAction\",\"target\":[\"https:\/\/sukrin.com\/no\/fiberbrod-om-ingrediensene\"]}]},{\"@type\":\"BreadcrumbList\",\"@id\":\"https:\/\/sukrin.com\/no\/fiberbrod-om-ingrediensene#breadcrumb\",\"itemListElement\":[{\"@type\":\"ListItem\",\"position\":1,\"name\":\"Hjem\",\"item\":\"https:\/\/sukrin.com\/no\/\"},{\"@type\":\"ListItem\",\"position\":2,\"name\":\"Fiberbr\u00f8d &#8211; om ingrediensene\"}]},{\"@type\":\"WebSite\",\"@id\":\"https:\/\/sukrin.com\/no\/#website\",\"url\":\"https:\/\/sukrin.com\/no\/\",\"name\":\"Sukrin\",\"description\":\"Enkelt \u00e5 gj\u00f8re noe godt\",\"publisher\":{\"@id\":\"https:\/\/sukrin.com\/no\/#organization\"},\"potentialAction\":[{\"@type\":\"SearchAction\",\"target\":{\"@type\":\"EntryPoint\",\"urlTemplate\":\"https:\/\/sukrin.com\/no\/?s={search_term_string}\"},\"query-input\":{\"@type\":\"PropertyValueSpecification\",\"valueRequired\":true,\"valueName\":\"search_term_string\"}}],\"inLanguage\":\"nb-NO\"},{\"@type\":\"Organization\",\"@id\":\"https:\/\/sukrin.com\/no\/#organization\",\"name\":\"Funksjonell mat\",\"url\":\"https:\/\/sukrin.com\/no\/\",\"logo\":{\"@type\":\"ImageObject\",\"inLanguage\":\"nb-NO\",\"@id\":\"https:\/\/sukrin.com\/no\/#\/schema\/logo\/image\/\",\"url\":\"https:\/\/sukrin.com\/no\/content\/2023\/11\/funksjonell-mat-logo.svg\",\"contentUrl\":\"https:\/\/sukrin.com\/no\/content\/2023\/11\/funksjonell-mat-logo.svg\",\"width\":1,\"height\":1,\"caption\":\"Funksjonell mat\"},\"image\":{\"@id\":\"https:\/\/sukrin.com\/no\/#\/schema\/logo\/image\/\"},\"sameAs\":[\"https:\/\/nb-no.facebook.com\/funksjonellmat\/\",\"https:\/\/www.instagram.com\/sukrin.no\/\",\"https:\/\/tatrck.com\/h\/0Hu30uVO0x7R?url=httpswww.tiktok.comsukrin_official\"]}]}<\/script>\n<!-- \/ Yoast SEO plugin. -->","yoast_head_json":{"title":"Fiberbr\u00f8d - om ingrediensene - Sukrin","description":"Les mer om ingrediensene i Fiberbr\u00f8d fra Sukrin.","robots":{"index":"index","follow":"follow","max-snippet":"max-snippet:-1","max-image-preview":"max-image-preview:large","max-video-preview":"max-video-preview:-1"},"canonical":"https:\/\/sukrin.com\/no\/fiberbrod-om-ingrediensene","og_locale":"nb_NO","og_type":"article","og_title":"Fiberbr\u00f8d - om ingrediensene - Sukrin","og_description":"Les mer om ingrediensene i Fiberbr\u00f8d fra Sukrin.","og_url":"https:\/\/sukrin.com\/no\/fiberbrod-om-ingrediensene","og_site_name":"Sukrin","article_publisher":"https:\/\/nb-no.facebook.com\/funksjonellmat\/","article_modified_time":"2025-05-08T11:29:04+00:00","twitter_card":"summary_large_image","twitter_misc":{"Ansl. lesetid":"1 minutt"},"schema":{"@context":"https:\/\/schema.org","@graph":[{"@type":"WebPage","@id":"https:\/\/sukrin.com\/no\/fiberbrod-om-ingrediensene","url":"https:\/\/sukrin.com\/no\/fiberbrod-om-ingrediensene","name":"Fiberbr\u00f8d - om ingrediensene - Sukrin","isPartOf":{"@id":"https:\/\/sukrin.com\/no\/#website"},"datePublished":"2024-09-06T11:22:48+00:00","dateModified":"2025-05-08T11:29:04+00:00","description":"Les mer om ingrediensene i Fiberbr\u00f8d fra Sukrin.","breadcrumb":{"@id":"https:\/\/sukrin.com\/no\/fiberbrod-om-ingrediensene#breadcrumb"},"inLanguage":"nb-NO","potentialAction":[{"@type":"ReadAction","target":["https:\/\/sukrin.com\/no\/fiberbrod-om-ingrediensene"]}]},{"@type":"BreadcrumbList","@id":"https:\/\/sukrin.com\/no\/fiberbrod-om-ingrediensene#breadcrumb","itemListElement":[{"@type":"ListItem","position":1,"name":"Hjem","item":"https:\/\/sukrin.com\/no\/"},{"@type":"ListItem","position":2,"name":"Fiberbr\u00f8d &#8211; om ingrediensene"}]},{"@type":"WebSite","@id":"https:\/\/sukrin.com\/no\/#website","url":"https:\/\/sukrin.com\/no\/","name":"Sukrin","description":"Enkelt \u00e5 gj\u00f8re noe godt","publisher":{"@id":"https:\/\/sukrin.com\/no\/#organization"},"potentialAction":[{"@type":"SearchAction","target":{"@type":"EntryPoint","urlTemplate":"https:\/\/sukrin.com\/no\/?s={search_term_string}"},"query-input":{"@type":"PropertyValueSpecification","valueRequired":true,"valueName":"search_term_string"}}],"inLanguage":"nb-NO"},{"@type":"Organization","@id":"https:\/\/sukrin.com\/no\/#organization","name":"Funksjonell mat","url":"https:\/\/sukrin.com\/no\/","logo":{"@type":"ImageObject","inLanguage":"nb-NO","@id":"https:\/\/sukrin.com\/no\/#\/schema\/logo\/image\/","url":"https:\/\/sukrin.com\/no\/content\/2023\/11\/funksjonell-mat-logo.svg","contentUrl":"https:\/\/sukrin.com\/no\/content\/2023\/11\/funksjonell-mat-logo.svg","width":1,"height":1,"caption":"Funksjonell mat"},"image":{"@id":"https:\/\/sukrin.com\/no\/#\/schema\/logo\/image\/"},"sameAs":["https:\/\/nb-no.facebook.com\/funksjonellmat\/","https:\/\/www.instagram.com\/sukrin.no\/","https:\/\/tatrck.com\/h\/0Hu30uVO0x7R?url=httpswww.tiktok.comsukrin_official"]}]}},"_links":{"self":[{"href":"https:\/\/sukrin.com\/no\/wp-json\/wp\/v2\/pages\/2458","targetHints":{"allow":["GET"]}}],"collection":[{"href":"https:\/\/sukrin.com\/no\/wp-json\/wp\/v2\/pages"}],"about":[{"href":"https:\/\/sukrin.com\/no\/wp-json\/wp\/v2\/types\/page"}],"author":[{"embeddable":true,"href":"https:\/\/sukrin.com\/no\/wp-json\/wp\/v2\/users\/13"}],"replies":[{"embeddable":true,"href":"https:\/\/sukrin.com\/no\/wp-json\/wp\/v2\/comments?post=2458"}],"version-history":[{"count":9,"href":"https:\/\/sukrin.com\/no\/wp-json\/wp\/v2\/pages\/2458\/revisions"}],"predecessor-version":[{"id":3393,"href":"https:\/\/sukrin.com\/no\/wp-json\/wp\/v2\/pages\/2458\/revisions\/3393"}],"wp:attachment":[{"href":"https:\/\/sukrin.com\/no\/wp-json\/wp\/v2\/media?parent=2458"}],"curies":[{"name":"wp","href":"https:\/\/api.w.org\/{rel}","templated":true}]}}