{"id":2434,"date":"2024-09-06T09:31:43","date_gmt":"2024-09-06T07:31:43","guid":{"rendered":"https:\/\/sukrin.com\/no\/?page_id=2434"},"modified":"2026-02-19T12:56:53","modified_gmt":"2026-02-19T11:56:53","slug":"kjop","status":"publish","type":"page","link":"https:\/\/sukrin.com\/no\/kjop","title":{"rendered":"Kj\u00f8p"},"content":{"rendered":"\n<h2 class=\"wp-block-heading\">V\u00e5re forhandlere i Norge:<\/h2>\n\n\n\n<p>V\u00e5re produkter kan kj\u00f8pes i alle landets helsekostbutikker. Klikk p\u00e5 logoene under for \u00e5 finne din n\u00e6rmeste butikk. Et utvalg av produktene finner du ogs\u00e5 i vanlige dagligvarebutikker.<\/p>\n\n\n\n<p>G\u00e5 inn p\u00e5 \u00f8nsket produkt i&nbsp;<a href=\"https:\/\/sukrin.com\/no\/produkter\">produktoversikten<\/a>&nbsp;for \u00e5 se hvor du kan kj\u00f8pe det bestemte produktet.<\/p>\n\n\n<div id=\"block_94910308c48201809b63aea60743543d\" class=\"block-featured-retailers\">\n            <h2>Forhandlere<\/h2>\n                <div class=\"retailers\">\n                            <a class=\"retailer\" target=\"_blank\" href=\"https:\/\/www.bunnpris.no\/butikker\">\n                    <img decoding=\"async\" src=\"https:\/\/sukrin.com\/no\/content\/2024\/03\/butikklogo_bunnpris-01.svg\" alt=\"Bunnpris\">\n                <\/a>\n                            <a class=\"retailer\" target=\"_blank\" href=\"https:\/\/coop.no\/butikker\/\">\n                    <img decoding=\"async\" src=\"https:\/\/sukrin.com\/no\/content\/2024\/03\/butikklogo_coop-01.svg\" alt=\"Coop\">\n                <\/a>\n                            <a class=\"retailer\" target=\"_blank\" href=\"https:\/\/www.coop.no\/butikker?chainid=02&#038;coop_chain=Extra\">\n                    <img decoding=\"async\" src=\"https:\/\/sukrin.com\/no\/content\/2024\/05\/butikklogo_coop_extra-01.svg\" alt=\"Coop Extra\">\n                <\/a>\n                            <a class=\"retailer\" target=\"_blank\" href=\"https:\/\/www.coop.no\/butikker?chainid=02&#038;coop_chain=Mega\">\n                    <img decoding=\"async\" src=\"https:\/\/sukrin.com\/no\/content\/2024\/05\/butikklogo_coop_mega-01.svg\" alt=\"Coop Mega\">\n                <\/a>\n                            <a class=\"retailer\" target=\"_blank\" href=\"https:\/\/www.coop.no\/butikker?chainid=02&#038;coop_chain=Obs\">\n                    <img decoding=\"async\" src=\"https:\/\/sukrin.com\/no\/content\/2024\/05\/butikklogo_coop_obs-01.svg\" alt=\"Coop Obs\">\n                <\/a>\n                            <a class=\"retailer\" target=\"_blank\" href=\"https:\/\/joker.no\/Finn-butikk\/\">\n                    <img decoding=\"async\" src=\"https:\/\/sukrin.com\/no\/content\/2024\/03\/butikklogo_joker-01.svg\" alt=\"Joker\">\n                <\/a>\n                            <a class=\"retailer\" target=\"_blank\" href=\"https:\/\/www.kinsarvik.no\/pages\/finn-butikk\">\n                    <img decoding=\"async\" src=\"https:\/\/sukrin.com\/no\/content\/2024\/03\/butikklogo_kinsarvik-01.svg\" alt=\"Kinsarvik Naturkost\">\n                <\/a>\n                            <a class=\"retailer\" target=\"_blank\" href=\"https:\/\/kiwi.no\/Finn-butikk\/\">\n                    <img decoding=\"async\" src=\"https:\/\/sukrin.com\/no\/content\/2024\/03\/butikklogo_kiwi-01.svg\" alt=\"Kiwi\">\n                <\/a>\n                            <a class=\"retailer\" target=\"_blank\" href=\"https:\/\/www.life.no\/butikker\">\n                    <img decoding=\"async\" src=\"https:\/\/sukrin.com\/no\/content\/2024\/03\/butikklogo_life-01.svg\" alt=\"Life\">\n                <\/a>\n                            <a class=\"retailer\" target=\"_blank\" href=\"https:\/\/meny.no\/Finn-butikk\/\">\n                    <img decoding=\"async\" src=\"https:\/\/sukrin.com\/no\/content\/2024\/03\/butikklogo_meny-01.svg\" alt=\"Meny\">\n                <\/a>\n                            <a class=\"retailer\" target=\"_blank\" href=\"https:\/\/oda.com\/no\/search\/?filter_brand=277&#038;q=sukrin\">\n                    <img decoding=\"async\" src=\"https:\/\/sukrin.com\/no\/content\/2024\/03\/butikklogo_oda-01.svg\" alt=\"Oda\">\n                <\/a>\n                            <a class=\"retailer\" target=\"_blank\" href=\"https:\/\/www.rema.no\/butikker\">\n                    <img decoding=\"async\" src=\"https:\/\/sukrin.com\/no\/content\/2024\/03\/butikklogo_rema-01.svg\" alt=\"Rema1000\">\n                <\/a>\n                            <a class=\"retailer\" target=\"_blank\" href=\"https:\/\/spar.no\/Finn-butikk\/\">\n                    <img decoding=\"async\" src=\"https:\/\/sukrin.com\/no\/content\/2024\/03\/butikklogo_spar-01.svg\" alt=\"Spar\">\n                <\/a>\n                            <a class=\"retailer\" target=\"_blank\" href=\"https:\/\/sunkost.no\/butikker\">\n                    <img decoding=\"async\" src=\"https:\/\/sukrin.com\/no\/content\/2024\/03\/butikklogo_sunkost-01.svg\" alt=\"Sunkost\">\n                <\/a>\n                    <\/div>\n    <\/div>\n\n\n\n<h2 class=\"wp-block-heading\" id=\"var-nettbutikk\">V\u00e5r nettbutikk<\/h2>\n\n\n\n<p>I v\u00e5r nettbutikk kan du kj\u00f8pe alle produktene fra Funksjonell Mat. Vi har alltid gode rabatter og pakketilbud. <a href=\"http:\/\/butikk.funksjonellmat.no\/specials\" target=\"_blank\" rel=\"noopener noreferrer\">Se aktuelle tilbud.<\/a><\/p>\n\n\n\n<div class=\"wp-block-group is-layout-constrained wp-block-group-is-layout-constrained\">\n<figure class=\"wp-block-image aligncenter size-full is-resized\"><a href=\"https:\/\/butikk.funksjonellmat.no\/\" target=\"_blank\" rel=\"noreferrer noopener\"><img decoding=\"async\" src=\"https:\/\/sukrin.com\/no\/content\/2024\/06\/sukrin_nettbutikk-02-2.svg\" alt=\"Sukrin Nettbutikk\" class=\"wp-image-2201\" style=\"width:300px\"\/><\/a><\/figure>\n<\/div>\n\n\n\n<p>Vi tar imot Visa og Mastercard, samt betaling via PayPal. N\u00e5r du bestiller hos oss vil du motta en ordrebekreftelse p\u00e5 e-post. Pengene blir f\u00f8rst trukket fra kortet ditt n\u00e5r varene er sendt fra oss.<\/p>\n\n\n\n<h2 class=\"wp-block-heading\" id=\"andre-norske-nettbutikker-med-vare-produkter\">Andre norske nettbutikker med v\u00e5re produkter<\/h2>\n\n\n\n<div class=\"wp-block-group is-nowrap is-layout-flex wp-container-core-group-is-layout-ad2f72ca wp-block-group-is-layout-flex\">\n<p><a href=\"https:\/\/www.tights.no\/merke\/funksjonell-mat\/\" target=\"_blank\" rel=\"noreferrer noopener\">Tights.no<\/a> \u2022<\/p>\n\n\n\n<p><a href=\"https:\/\/www.fightit.no\/manufacturers\/funksjonell-mat\" target=\"_blank\" rel=\"noreferrer noopener\">Fightit.no<\/a> \u2022<\/p>\n\n\n\n<p><a href=\"https:\/\/www.arnika.no\/sukrin\" target=\"_blank\" rel=\"noreferrer noopener\">Arnika.no<\/a> \u2022<\/p>\n\n\n\n<p><a href=\"https:\/\/allergikost.no\/?s=Sukrin&amp;post_type=product\" target=\"_blank\" rel=\"noreferrer noopener\">Allergikost.no<\/a><\/p>\n<\/div>\n\n\n\n<h2 class=\"wp-block-heading\" id=\"produktene-vare-i-andre-land\">Produktene v\u00e5re i andre land<\/h2>\n\n\n\n<p>Her finner du en oversikt over hvor du kan f\u00e5 tak i&nbsp;<a href=\"https:\/\/sukrin.com\/en\/resellers\/\" target=\"_blank\" rel=\"noreferrer noopener\">produktene v\u00e5re i andre land<\/a>.<\/p>\n","protected":false},"excerpt":{"rendered":"<p>V\u00e5re forhandlere i Norge: V\u00e5re produkter kan kj\u00f8pes i alle landets helsekostbutikker. Klikk p\u00e5 logoene under for \u00e5 finne din n\u00e6rmeste butikk. Et utvalg av produktene finner du ogs\u00e5 i vanlige dagligvarebutikker. G\u00e5 inn p\u00e5 \u00f8nsket produkt i&nbsp;produktoversikten&nbsp;for \u00e5 se hvor du kan kj\u00f8pe det bestemte produktet. V\u00e5r nettbutikk I v\u00e5r nettbutikk kan du kj\u00f8pe [&hellip;]<\/p>\n","protected":false},"author":12,"featured_media":0,"parent":0,"menu_order":0,"comment_status":"closed","ping_status":"closed","template":"","meta":{"footnotes":""},"class_list":["post-2434","page","type-page","status-publish","hentry"],"acf":[],"yoast_head":"<!-- This site is optimized with the Yoast SEO plugin v27.2 - https:\/\/yoast.com\/product\/yoast-seo-wordpress\/ -->\n<title>Hvor kan jeg kj\u00f8pe Sukrin-produkter?<\/title>\n<meta name=\"description\" content=\"Her finner du en oversikt over fysiske butikker og nettbutikker som selger produkter fra Sukrin.\" \/>\n<meta name=\"robots\" content=\"index, follow, max-snippet:-1, max-image-preview:large, max-video-preview:-1\" \/>\n<link rel=\"canonical\" href=\"https:\/\/sukrin.com\/no\/kjop\" \/>\n<meta property=\"og:locale\" content=\"nb_NO\" \/>\n<meta property=\"og:type\" content=\"article\" \/>\n<meta property=\"og:title\" content=\"Hvor kan jeg kj\u00f8pe Sukrin-produkter?\" \/>\n<meta property=\"og:description\" content=\"Her finner du en oversikt over fysiske butikker og nettbutikker som selger produkter fra Sukrin.\" \/>\n<meta property=\"og:url\" content=\"https:\/\/sukrin.com\/no\/kjop\" \/>\n<meta property=\"og:site_name\" content=\"Sukrin\" \/>\n<meta property=\"article:publisher\" content=\"https:\/\/nb-no.facebook.com\/funksjonellmat\/\" \/>\n<meta property=\"article:modified_time\" content=\"2026-02-19T11:56:53+00:00\" \/>\n<meta property=\"og:image\" content=\"https:\/\/sukrin.com\/no\/content\/2024\/06\/sukrin_nettbutikk-02-2.svg\" \/>\n<meta name=\"twitter:card\" content=\"summary_large_image\" \/>\n<meta name=\"twitter:label1\" content=\"Ansl. lesetid\" \/>\n\t<meta name=\"twitter:data1\" content=\"1 minutt\" \/>\n<script type=\"application\/ld+json\" class=\"yoast-schema-graph\">{\"@context\":\"https:\/\/schema.org\",\"@graph\":[{\"@type\":\"WebPage\",\"@id\":\"https:\/\/sukrin.com\/no\/kjop\",\"url\":\"https:\/\/sukrin.com\/no\/kjop\",\"name\":\"Hvor kan jeg kj\u00f8pe Sukrin-produkter?\",\"isPartOf\":{\"@id\":\"https:\/\/sukrin.com\/no\/#website\"},\"primaryImageOfPage\":{\"@id\":\"https:\/\/sukrin.com\/no\/kjop#primaryimage\"},\"image\":{\"@id\":\"https:\/\/sukrin.com\/no\/kjop#primaryimage\"},\"thumbnailUrl\":\"https:\/\/sukrin.com\/no\/content\/2024\/06\/sukrin_nettbutikk-02-2.svg\",\"datePublished\":\"2024-09-06T07:31:43+00:00\",\"dateModified\":\"2026-02-19T11:56:53+00:00\",\"description\":\"Her finner du en oversikt over fysiske butikker og nettbutikker som selger produkter fra Sukrin.\",\"breadcrumb\":{\"@id\":\"https:\/\/sukrin.com\/no\/kjop#breadcrumb\"},\"inLanguage\":\"nb-NO\",\"potentialAction\":[{\"@type\":\"ReadAction\",\"target\":[\"https:\/\/sukrin.com\/no\/kjop\"]}]},{\"@type\":\"ImageObject\",\"inLanguage\":\"nb-NO\",\"@id\":\"https:\/\/sukrin.com\/no\/kjop#primaryimage\",\"url\":\"https:\/\/sukrin.com\/no\/content\/2024\/06\/sukrin_nettbutikk-02-2.svg\",\"contentUrl\":\"https:\/\/sukrin.com\/no\/content\/2024\/06\/sukrin_nettbutikk-02-2.svg\",\"caption\":\"Sukrin Nettbutikk\"},{\"@type\":\"BreadcrumbList\",\"@id\":\"https:\/\/sukrin.com\/no\/kjop#breadcrumb\",\"itemListElement\":[{\"@type\":\"ListItem\",\"position\":1,\"name\":\"Hjem\",\"item\":\"https:\/\/sukrin.com\/no\/\"},{\"@type\":\"ListItem\",\"position\":2,\"name\":\"Kj\u00f8p\"}]},{\"@type\":\"WebSite\",\"@id\":\"https:\/\/sukrin.com\/no\/#website\",\"url\":\"https:\/\/sukrin.com\/no\/\",\"name\":\"Sukrin\",\"description\":\"Enkelt \u00e5 gj\u00f8re noe godt\",\"publisher\":{\"@id\":\"https:\/\/sukrin.com\/no\/#organization\"},\"potentialAction\":[{\"@type\":\"SearchAction\",\"target\":{\"@type\":\"EntryPoint\",\"urlTemplate\":\"https:\/\/sukrin.com\/no\/?s={search_term_string}\"},\"query-input\":{\"@type\":\"PropertyValueSpecification\",\"valueRequired\":true,\"valueName\":\"search_term_string\"}}],\"inLanguage\":\"nb-NO\"},{\"@type\":\"Organization\",\"@id\":\"https:\/\/sukrin.com\/no\/#organization\",\"name\":\"Funksjonell mat\",\"url\":\"https:\/\/sukrin.com\/no\/\",\"logo\":{\"@type\":\"ImageObject\",\"inLanguage\":\"nb-NO\",\"@id\":\"https:\/\/sukrin.com\/no\/#\/schema\/logo\/image\/\",\"url\":\"https:\/\/sukrin.com\/no\/content\/2023\/11\/funksjonell-mat-logo.svg\",\"contentUrl\":\"https:\/\/sukrin.com\/no\/content\/2023\/11\/funksjonell-mat-logo.svg\",\"width\":1,\"height\":1,\"caption\":\"Funksjonell mat\"},\"image\":{\"@id\":\"https:\/\/sukrin.com\/no\/#\/schema\/logo\/image\/\"},\"sameAs\":[\"https:\/\/nb-no.facebook.com\/funksjonellmat\/\",\"https:\/\/www.instagram.com\/sukrin.no\/\",\"https:\/\/tatrck.com\/h\/0Hu30uVO0x7R?url=httpswww.tiktok.comsukrin_official\"]}]}<\/script>\n<!-- \/ Yoast SEO plugin. -->","yoast_head_json":{"title":"Hvor kan jeg kj\u00f8pe Sukrin-produkter?","description":"Her finner du en oversikt over fysiske butikker og nettbutikker som selger produkter fra Sukrin.","robots":{"index":"index","follow":"follow","max-snippet":"max-snippet:-1","max-image-preview":"max-image-preview:large","max-video-preview":"max-video-preview:-1"},"canonical":"https:\/\/sukrin.com\/no\/kjop","og_locale":"nb_NO","og_type":"article","og_title":"Hvor kan jeg kj\u00f8pe Sukrin-produkter?","og_description":"Her finner du en oversikt over fysiske butikker og nettbutikker som selger produkter fra Sukrin.","og_url":"https:\/\/sukrin.com\/no\/kjop","og_site_name":"Sukrin","article_publisher":"https:\/\/nb-no.facebook.com\/funksjonellmat\/","article_modified_time":"2026-02-19T11:56:53+00:00","og_image":[{"url":"https:\/\/sukrin.com\/no\/content\/2024\/06\/sukrin_nettbutikk-02-2.svg","type":"","width":"","height":""}],"twitter_card":"summary_large_image","twitter_misc":{"Ansl. lesetid":"1 minutt"},"schema":{"@context":"https:\/\/schema.org","@graph":[{"@type":"WebPage","@id":"https:\/\/sukrin.com\/no\/kjop","url":"https:\/\/sukrin.com\/no\/kjop","name":"Hvor kan jeg kj\u00f8pe Sukrin-produkter?","isPartOf":{"@id":"https:\/\/sukrin.com\/no\/#website"},"primaryImageOfPage":{"@id":"https:\/\/sukrin.com\/no\/kjop#primaryimage"},"image":{"@id":"https:\/\/sukrin.com\/no\/kjop#primaryimage"},"thumbnailUrl":"https:\/\/sukrin.com\/no\/content\/2024\/06\/sukrin_nettbutikk-02-2.svg","datePublished":"2024-09-06T07:31:43+00:00","dateModified":"2026-02-19T11:56:53+00:00","description":"Her finner du en oversikt over fysiske butikker og nettbutikker som selger produkter fra Sukrin.","breadcrumb":{"@id":"https:\/\/sukrin.com\/no\/kjop#breadcrumb"},"inLanguage":"nb-NO","potentialAction":[{"@type":"ReadAction","target":["https:\/\/sukrin.com\/no\/kjop"]}]},{"@type":"ImageObject","inLanguage":"nb-NO","@id":"https:\/\/sukrin.com\/no\/kjop#primaryimage","url":"https:\/\/sukrin.com\/no\/content\/2024\/06\/sukrin_nettbutikk-02-2.svg","contentUrl":"https:\/\/sukrin.com\/no\/content\/2024\/06\/sukrin_nettbutikk-02-2.svg","caption":"Sukrin Nettbutikk"},{"@type":"BreadcrumbList","@id":"https:\/\/sukrin.com\/no\/kjop#breadcrumb","itemListElement":[{"@type":"ListItem","position":1,"name":"Hjem","item":"https:\/\/sukrin.com\/no\/"},{"@type":"ListItem","position":2,"name":"Kj\u00f8p"}]},{"@type":"WebSite","@id":"https:\/\/sukrin.com\/no\/#website","url":"https:\/\/sukrin.com\/no\/","name":"Sukrin","description":"Enkelt \u00e5 gj\u00f8re noe godt","publisher":{"@id":"https:\/\/sukrin.com\/no\/#organization"},"potentialAction":[{"@type":"SearchAction","target":{"@type":"EntryPoint","urlTemplate":"https:\/\/sukrin.com\/no\/?s={search_term_string}"},"query-input":{"@type":"PropertyValueSpecification","valueRequired":true,"valueName":"search_term_string"}}],"inLanguage":"nb-NO"},{"@type":"Organization","@id":"https:\/\/sukrin.com\/no\/#organization","name":"Funksjonell mat","url":"https:\/\/sukrin.com\/no\/","logo":{"@type":"ImageObject","inLanguage":"nb-NO","@id":"https:\/\/sukrin.com\/no\/#\/schema\/logo\/image\/","url":"https:\/\/sukrin.com\/no\/content\/2023\/11\/funksjonell-mat-logo.svg","contentUrl":"https:\/\/sukrin.com\/no\/content\/2023\/11\/funksjonell-mat-logo.svg","width":1,"height":1,"caption":"Funksjonell mat"},"image":{"@id":"https:\/\/sukrin.com\/no\/#\/schema\/logo\/image\/"},"sameAs":["https:\/\/nb-no.facebook.com\/funksjonellmat\/","https:\/\/www.instagram.com\/sukrin.no\/","https:\/\/tatrck.com\/h\/0Hu30uVO0x7R?url=httpswww.tiktok.comsukrin_official"]}]}},"_links":{"self":[{"href":"https:\/\/sukrin.com\/no\/wp-json\/wp\/v2\/pages\/2434","targetHints":{"allow":["GET"]}}],"collection":[{"href":"https:\/\/sukrin.com\/no\/wp-json\/wp\/v2\/pages"}],"about":[{"href":"https:\/\/sukrin.com\/no\/wp-json\/wp\/v2\/types\/page"}],"author":[{"embeddable":true,"href":"https:\/\/sukrin.com\/no\/wp-json\/wp\/v2\/users\/12"}],"replies":[{"embeddable":true,"href":"https:\/\/sukrin.com\/no\/wp-json\/wp\/v2\/comments?post=2434"}],"version-history":[{"count":26,"href":"https:\/\/sukrin.com\/no\/wp-json\/wp\/v2\/pages\/2434\/revisions"}],"predecessor-version":[{"id":3925,"href":"https:\/\/sukrin.com\/no\/wp-json\/wp\/v2\/pages\/2434\/revisions\/3925"}],"wp:attachment":[{"href":"https:\/\/sukrin.com\/no\/wp-json\/wp\/v2\/media?parent=2434"}],"curies":[{"name":"wp","href":"https:\/\/api.w.org\/{rel}","templated":true}]}}