{"id":163,"date":"2024-03-26T12:16:35","date_gmt":"2024-03-26T11:16:35","guid":{"rendered":"https:\/\/sukrin.com\/no\/?page_id=163"},"modified":"2024-10-11T14:49:42","modified_gmt":"2024-10-11T12:49:42","slug":"hvorfor-sukrin","status":"publish","type":"page","link":"https:\/\/sukrin.com\/no\/hvorfor-sukrin","title":{"rendered":"Hvorfor Sukrin?"},"content":{"rendered":"<figure style=\"aspect-ratio:16\/9;\" class=\"wp-block-post-featured-image\"><img loading=\"lazy\" decoding=\"async\" width=\"589\" height=\"486\" src=\"https:\/\/sukrin.com\/no\/content\/2024\/03\/menu1jpg.jpg\" class=\"attachment-post-thumbnail size-post-thumbnail wp-post-image\" alt=\"Milj\u00f8bilde av Sukrin.\" style=\"width:100%;height:100%;object-fit:cover;\" srcset=\"https:\/\/sukrin.com\/no\/content\/2024\/03\/menu1jpg.jpg 589w, https:\/\/sukrin.com\/no\/content\/2024\/03\/menu1jpg-300x248.jpg 300w, https:\/\/sukrin.com\/no\/content\/2024\/03\/menu1jpg-500x413.jpg 500w, https:\/\/sukrin.com\/no\/content\/2024\/03\/menu1jpg-60x50.jpg 60w, https:\/\/sukrin.com\/no\/content\/2024\/03\/menu1jpg-267x220.jpg 267w\" sizes=\"auto, (max-width: 589px) 100vw, 589px\" \/><\/figure>\n\n\n<h1 class=\"wp-block-heading\">Fordelene med Sukrin<\/h1>\n\n\n\n<p>Sukrin har en ren og naturlig sukkersmak, og ser ogs\u00e5 helt ut som vanlig sukker. Det har sukkerets konsistens og knaser i tennene p\u00e5 samme m\u00e5te. Sukrin har ca. 70 % av s\u00f8tsmaken til vanlig sukker. Sukrin-variantene Sukrin Gold, SukrinMelis og Sukrin:1 er like s\u00f8te som sukker, mens Sukrin+ er dobbelt s\u00e5 s\u00f8t.&nbsp;<\/p>\n\n\n\n<h2 class=\"wp-block-heading\">Kalorier og GI p\u00e5 Sukrin i forhold til andre s\u00f8tstoffer<\/h2>\n\n\n\n<h3 class=\"wp-block-heading\">Kalorier per 100 gram<\/h3>\n\n\n\n<figure class=\"wp-block-image size-full\"><img decoding=\"async\" src=\"https:\/\/sukrin.com\/no\/content\/2024\/03\/Kaloritabell_sotstoffer_06_22-1.svg\" alt=\"\" class=\"wp-image-165\"\/><\/figure>\n\n\n\n<h3 class=\"wp-block-heading\">Glykemisk indeks (GI)<\/h3>\n\n\n\n<figure class=\"wp-block-image size-full\"><img decoding=\"async\" src=\"https:\/\/sukrin.com\/no\/content\/2024\/03\/GI_sammenlikning_06_22.svg\" alt=\"\" class=\"wp-image-166\"\/><\/figure>\n\n\n\n<h2 class=\"wp-block-heading\">Helsefordeler med Sukrin<\/h2>\n\n\n\n<p>Ikke bare er Sukrin fritt for kalorier og karbohydrater, men visste du at det faktisk er bra for kroppen ogs\u00e5?<\/p>\n\n\n\n<p>Sukrin virker beskyttende mot hull i tennene ved \u00e5 dempe veksten av de bakteriene i munnhulen som f\u00f8rer til karies. Daglig bruk av Sukrin vil derfor kunne gi bedre tannhelse.<\/p>\n\n\n\n<p>Studier viser at Sukrin har evnen til \u00e5 bekjempe frie radikaler i kroppen, og fungerer dermed som en antioksidant. Det kan ogs\u00e5 hjelpe til med \u00e5 beskytte mot skader i blodkarene som for\u00e5rsakes av for h\u00f8yt blodsukker.<\/p>\n","protected":false},"excerpt":{"rendered":"<p>Fordelene med Sukrin Sukrin har en ren og naturlig sukkersmak, og ser ogs\u00e5 helt ut som vanlig sukker. Det har sukkerets konsistens og knaser i tennene p\u00e5 samme m\u00e5te. Sukrin har ca. 70 % av s\u00f8tsmaken til vanlig sukker. Sukrin-variantene Sukrin Gold, SukrinMelis og Sukrin:1 er like s\u00f8te som sukker, mens Sukrin+ er dobbelt s\u00e5 [&hellip;]<\/p>\n","protected":false},"author":10,"featured_media":91,"parent":0,"menu_order":0,"comment_status":"closed","ping_status":"closed","template":"","meta":{"footnotes":""},"class_list":["post-163","page","type-page","status-publish","has-post-thumbnail","hentry"],"acf":[],"yoast_head":"<!-- This site is optimized with the Yoast SEO plugin v27.6 - https:\/\/yoast.com\/product\/yoast-seo-wordpress\/ -->\n<title>Hvorfor Sukrin?<\/title>\n<meta name=\"description\" content=\"Hva er grunnen til at det er s\u00e5 smart \u00e5 bytte ut sukkeret med den naturlige sukkererstatningen Sukrin? Les mer her.\" \/>\n<meta name=\"robots\" content=\"index, follow, max-snippet:-1, max-image-preview:large, max-video-preview:-1\" \/>\n<link rel=\"canonical\" href=\"https:\/\/sukrin.com\/no\/hvorfor-sukrin\" \/>\n<meta property=\"og:locale\" content=\"nb_NO\" \/>\n<meta property=\"og:type\" content=\"article\" \/>\n<meta property=\"og:title\" content=\"Hvorfor Sukrin?\" \/>\n<meta property=\"og:description\" content=\"Hva er grunnen til at det er s\u00e5 smart \u00e5 bytte ut sukkeret med den naturlige sukkererstatningen Sukrin? Les mer her.\" \/>\n<meta property=\"og:url\" content=\"https:\/\/sukrin.com\/no\/hvorfor-sukrin\" \/>\n<meta property=\"og:site_name\" content=\"Sukrin\" \/>\n<meta property=\"article:publisher\" content=\"https:\/\/nb-no.facebook.com\/funksjonellmat\/\" \/>\n<meta property=\"article:modified_time\" content=\"2024-10-11T12:49:42+00:00\" \/>\n<meta property=\"og:image\" content=\"https:\/\/sukrin.com\/no\/content\/2024\/03\/menu1jpg.jpg\" \/>\n\t<meta property=\"og:image:width\" content=\"589\" \/>\n\t<meta property=\"og:image:height\" content=\"486\" \/>\n\t<meta property=\"og:image:type\" content=\"image\/jpeg\" \/>\n<meta name=\"twitter:card\" content=\"summary_large_image\" \/>\n<meta name=\"twitter:label1\" content=\"Ansl. lesetid\" \/>\n\t<meta name=\"twitter:data1\" content=\"2 minutter\" \/>\n<script type=\"application\/ld+json\" class=\"yoast-schema-graph\">{\"@context\":\"https:\\\/\\\/schema.org\",\"@graph\":[{\"@type\":\"WebPage\",\"@id\":\"https:\\\/\\\/sukrin.com\\\/no\\\/hvorfor-sukrin\",\"url\":\"https:\\\/\\\/sukrin.com\\\/no\\\/hvorfor-sukrin\",\"name\":\"Hvorfor Sukrin?\",\"isPartOf\":{\"@id\":\"https:\\\/\\\/sukrin.com\\\/no\\\/#website\"},\"primaryImageOfPage\":{\"@id\":\"https:\\\/\\\/sukrin.com\\\/no\\\/hvorfor-sukrin#primaryimage\"},\"image\":{\"@id\":\"https:\\\/\\\/sukrin.com\\\/no\\\/hvorfor-sukrin#primaryimage\"},\"thumbnailUrl\":\"https:\\\/\\\/sukrin.com\\\/no\\\/content\\\/2024\\\/03\\\/menu1jpg.jpg\",\"datePublished\":\"2024-03-26T11:16:35+00:00\",\"dateModified\":\"2024-10-11T12:49:42+00:00\",\"description\":\"Hva er grunnen til at det er s\u00e5 smart \u00e5 bytte ut sukkeret med den naturlige sukkererstatningen Sukrin? Les mer her.\",\"breadcrumb\":{\"@id\":\"https:\\\/\\\/sukrin.com\\\/no\\\/hvorfor-sukrin#breadcrumb\"},\"inLanguage\":\"nb-NO\",\"potentialAction\":[{\"@type\":\"ReadAction\",\"target\":[\"https:\\\/\\\/sukrin.com\\\/no\\\/hvorfor-sukrin\"]}]},{\"@type\":\"ImageObject\",\"inLanguage\":\"nb-NO\",\"@id\":\"https:\\\/\\\/sukrin.com\\\/no\\\/hvorfor-sukrin#primaryimage\",\"url\":\"https:\\\/\\\/sukrin.com\\\/no\\\/content\\\/2024\\\/03\\\/menu1jpg.jpg\",\"contentUrl\":\"https:\\\/\\\/sukrin.com\\\/no\\\/content\\\/2024\\\/03\\\/menu1jpg.jpg\",\"width\":589,\"height\":486,\"caption\":\"Milj\u00f8bilde av Sukrin.\"},{\"@type\":\"BreadcrumbList\",\"@id\":\"https:\\\/\\\/sukrin.com\\\/no\\\/hvorfor-sukrin#breadcrumb\",\"itemListElement\":[{\"@type\":\"ListItem\",\"position\":1,\"name\":\"Hjem\",\"item\":\"https:\\\/\\\/sukrin.com\\\/no\\\/\"},{\"@type\":\"ListItem\",\"position\":2,\"name\":\"Hvorfor Sukrin?\"}]},{\"@type\":\"WebSite\",\"@id\":\"https:\\\/\\\/sukrin.com\\\/no\\\/#website\",\"url\":\"https:\\\/\\\/sukrin.com\\\/no\\\/\",\"name\":\"Sukrin\",\"description\":\"Enkelt \u00e5 gj\u00f8re noe godt\",\"publisher\":{\"@id\":\"https:\\\/\\\/sukrin.com\\\/no\\\/#organization\"},\"potentialAction\":[{\"@type\":\"SearchAction\",\"target\":{\"@type\":\"EntryPoint\",\"urlTemplate\":\"https:\\\/\\\/sukrin.com\\\/no\\\/?s={search_term_string}\"},\"query-input\":{\"@type\":\"PropertyValueSpecification\",\"valueRequired\":true,\"valueName\":\"search_term_string\"}}],\"inLanguage\":\"nb-NO\"},{\"@type\":\"Organization\",\"@id\":\"https:\\\/\\\/sukrin.com\\\/no\\\/#organization\",\"name\":\"Funksjonell mat\",\"url\":\"https:\\\/\\\/sukrin.com\\\/no\\\/\",\"logo\":{\"@type\":\"ImageObject\",\"inLanguage\":\"nb-NO\",\"@id\":\"https:\\\/\\\/sukrin.com\\\/no\\\/#\\\/schema\\\/logo\\\/image\\\/\",\"url\":\"https:\\\/\\\/sukrin.com\\\/no\\\/content\\\/2023\\\/11\\\/funksjonell-mat-logo.svg\",\"contentUrl\":\"https:\\\/\\\/sukrin.com\\\/no\\\/content\\\/2023\\\/11\\\/funksjonell-mat-logo.svg\",\"width\":1,\"height\":1,\"caption\":\"Funksjonell mat\"},\"image\":{\"@id\":\"https:\\\/\\\/sukrin.com\\\/no\\\/#\\\/schema\\\/logo\\\/image\\\/\"},\"sameAs\":[\"https:\\\/\\\/nb-no.facebook.com\\\/funksjonellmat\\\/\",\"https:\\\/\\\/www.instagram.com\\\/sukrin.no\\\/\",\"https:\\\/\\\/tatrck.com\\\/h\\\/0Hu30uVO0x7R?url=httpswww.tiktok.comsukrin_official\"]}]}<\/script>\n<!-- \/ Yoast SEO plugin. -->","yoast_head_json":{"title":"Hvorfor Sukrin?","description":"Hva er grunnen til at det er s\u00e5 smart \u00e5 bytte ut sukkeret med den naturlige sukkererstatningen Sukrin? Les mer her.","robots":{"index":"index","follow":"follow","max-snippet":"max-snippet:-1","max-image-preview":"max-image-preview:large","max-video-preview":"max-video-preview:-1"},"canonical":"https:\/\/sukrin.com\/no\/hvorfor-sukrin","og_locale":"nb_NO","og_type":"article","og_title":"Hvorfor Sukrin?","og_description":"Hva er grunnen til at det er s\u00e5 smart \u00e5 bytte ut sukkeret med den naturlige sukkererstatningen Sukrin? Les mer her.","og_url":"https:\/\/sukrin.com\/no\/hvorfor-sukrin","og_site_name":"Sukrin","article_publisher":"https:\/\/nb-no.facebook.com\/funksjonellmat\/","article_modified_time":"2024-10-11T12:49:42+00:00","og_image":[{"width":589,"height":486,"url":"https:\/\/sukrin.com\/no\/content\/2024\/03\/menu1jpg.jpg","type":"image\/jpeg"}],"twitter_card":"summary_large_image","twitter_misc":{"Ansl. lesetid":"2 minutter"},"schema":{"@context":"https:\/\/schema.org","@graph":[{"@type":"WebPage","@id":"https:\/\/sukrin.com\/no\/hvorfor-sukrin","url":"https:\/\/sukrin.com\/no\/hvorfor-sukrin","name":"Hvorfor Sukrin?","isPartOf":{"@id":"https:\/\/sukrin.com\/no\/#website"},"primaryImageOfPage":{"@id":"https:\/\/sukrin.com\/no\/hvorfor-sukrin#primaryimage"},"image":{"@id":"https:\/\/sukrin.com\/no\/hvorfor-sukrin#primaryimage"},"thumbnailUrl":"https:\/\/sukrin.com\/no\/content\/2024\/03\/menu1jpg.jpg","datePublished":"2024-03-26T11:16:35+00:00","dateModified":"2024-10-11T12:49:42+00:00","description":"Hva er grunnen til at det er s\u00e5 smart \u00e5 bytte ut sukkeret med den naturlige sukkererstatningen Sukrin? Les mer her.","breadcrumb":{"@id":"https:\/\/sukrin.com\/no\/hvorfor-sukrin#breadcrumb"},"inLanguage":"nb-NO","potentialAction":[{"@type":"ReadAction","target":["https:\/\/sukrin.com\/no\/hvorfor-sukrin"]}]},{"@type":"ImageObject","inLanguage":"nb-NO","@id":"https:\/\/sukrin.com\/no\/hvorfor-sukrin#primaryimage","url":"https:\/\/sukrin.com\/no\/content\/2024\/03\/menu1jpg.jpg","contentUrl":"https:\/\/sukrin.com\/no\/content\/2024\/03\/menu1jpg.jpg","width":589,"height":486,"caption":"Milj\u00f8bilde av Sukrin."},{"@type":"BreadcrumbList","@id":"https:\/\/sukrin.com\/no\/hvorfor-sukrin#breadcrumb","itemListElement":[{"@type":"ListItem","position":1,"name":"Hjem","item":"https:\/\/sukrin.com\/no\/"},{"@type":"ListItem","position":2,"name":"Hvorfor Sukrin?"}]},{"@type":"WebSite","@id":"https:\/\/sukrin.com\/no\/#website","url":"https:\/\/sukrin.com\/no\/","name":"Sukrin","description":"Enkelt \u00e5 gj\u00f8re noe godt","publisher":{"@id":"https:\/\/sukrin.com\/no\/#organization"},"potentialAction":[{"@type":"SearchAction","target":{"@type":"EntryPoint","urlTemplate":"https:\/\/sukrin.com\/no\/?s={search_term_string}"},"query-input":{"@type":"PropertyValueSpecification","valueRequired":true,"valueName":"search_term_string"}}],"inLanguage":"nb-NO"},{"@type":"Organization","@id":"https:\/\/sukrin.com\/no\/#organization","name":"Funksjonell mat","url":"https:\/\/sukrin.com\/no\/","logo":{"@type":"ImageObject","inLanguage":"nb-NO","@id":"https:\/\/sukrin.com\/no\/#\/schema\/logo\/image\/","url":"https:\/\/sukrin.com\/no\/content\/2023\/11\/funksjonell-mat-logo.svg","contentUrl":"https:\/\/sukrin.com\/no\/content\/2023\/11\/funksjonell-mat-logo.svg","width":1,"height":1,"caption":"Funksjonell mat"},"image":{"@id":"https:\/\/sukrin.com\/no\/#\/schema\/logo\/image\/"},"sameAs":["https:\/\/nb-no.facebook.com\/funksjonellmat\/","https:\/\/www.instagram.com\/sukrin.no\/","https:\/\/tatrck.com\/h\/0Hu30uVO0x7R?url=httpswww.tiktok.comsukrin_official"]}]}},"_links":{"self":[{"href":"https:\/\/sukrin.com\/no\/wp-json\/wp\/v2\/pages\/163","targetHints":{"allow":["GET"]}}],"collection":[{"href":"https:\/\/sukrin.com\/no\/wp-json\/wp\/v2\/pages"}],"about":[{"href":"https:\/\/sukrin.com\/no\/wp-json\/wp\/v2\/types\/page"}],"author":[{"embeddable":true,"href":"https:\/\/sukrin.com\/no\/wp-json\/wp\/v2\/users\/10"}],"replies":[{"embeddable":true,"href":"https:\/\/sukrin.com\/no\/wp-json\/wp\/v2\/comments?post=163"}],"version-history":[{"count":5,"href":"https:\/\/sukrin.com\/no\/wp-json\/wp\/v2\/pages\/163\/revisions"}],"predecessor-version":[{"id":2915,"href":"https:\/\/sukrin.com\/no\/wp-json\/wp\/v2\/pages\/163\/revisions\/2915"}],"wp:featuredmedia":[{"embeddable":true,"href":"https:\/\/sukrin.com\/no\/wp-json\/wp\/v2\/media\/91"}],"wp:attachment":[{"href":"https:\/\/sukrin.com\/no\/wp-json\/wp\/v2\/media?parent=163"}],"curies":[{"name":"wp","href":"https:\/\/api.w.org\/{rel}","templated":true}]}}