{"id":161,"date":"2024-03-26T12:10:44","date_gmt":"2024-03-26T11:10:44","guid":{"rendered":"https:\/\/sukrin.com\/no\/?page_id=161"},"modified":"2024-10-15T14:42:45","modified_gmt":"2024-10-15T12:42:45","slug":"vitenskapelige-studier-om-sukrin","status":"publish","type":"page","link":"https:\/\/sukrin.com\/no\/vitenskapelige-studier-om-sukrin","title":{"rendered":"Vitenskapelige studier"},"content":{"rendered":"\n<figure class=\"wp-block-image size-full\"><img decoding=\"async\" src=\"https:\/\/sukrin.com\/no\/content\/2024\/03\/ill_vitenskapelige_studier.svg\" alt=\"Vitenskapelige studier\" class=\"wp-image-1911\"\/><\/figure>\n\n\n\n<h2 class=\"wp-block-heading\">Sukrin er trygt \u00e5 bruke, og har ingen skadelige bivirkninger<\/h2>\n\n\n\n<p>Erythritol: A Review of Biological and Toxicological Studies<br><a href=\"https:\/\/pubmed.ncbi.nlm.nih.gov\/8933633\/\" target=\"_blank\" rel=\"noreferrer noopener\">Last ned rapport<\/a><\/p>\n\n\n\n<p>EFSA gjorde en revurdering av erytritol som tilsetningsstoff 20. desember 2023:<br><a href=\"https:\/\/www.efsa.europa.eu\/en\/plain-language-summary\/re-evaluation-erythritol-e-968-food-additive\" target=\"_blank\" rel=\"noreferrer noopener\">Plain language summary<\/a><\/p>\n\n\n\n<h2 class=\"wp-block-heading\">Sukrin gir null kalorier<\/h2>\n\n\n\n<p>Sukrin tas opp raskt i tynntarmen og blir ikke metabolisert i kroppen. Den blir heller ikke fermentert i tykktarmen. Det betyr at Sukrin ikke bidrar med energi, og heller ikke gir samme ford\u00f8yelses-ubehag som andre sukkeralkoholer (f.eks. xylitol, isomalt og maltitol) kan gi.<br><a href=\"http:\/\/www.ncbi.nlm.nih.gov\/pubmed\/16277764\" target=\"_blank\" rel=\"noreferrer noopener\">Human gut microbiota does not ferment erythritol<\/a><\/p>\n\n\n\n<p>I EU-direktiv av 28. oktober 2008 ble det bestemt at energiinnholdet til Sukrin (erythritol) skal settes lik null:<br><a href=\"https:\/\/eur-lex.europa.eu\/legal-content\/EN\/TXT\/?uri=celex%3A32008L0100\" target=\"_blank\" rel=\"noreferrer noopener\">DIRECTIVE 2008\/100\/EC<\/a><\/p>\n\n\n\n<p>Dette direktivet heter 2008\/100\/EF i Norge, og ble&nbsp;<a href=\"http:\/\/www.regjeringen.no\/nb\/sub\/europaportalen\/eos-notatbasen\/notatene\/2008\/feb\/endring-i-direktiv-om-deklarasjon-av-nar.html?id=578635\" target=\"_blank\" rel=\"noreferrer noopener\">implementert i N\u00e6ringsdeklarasjonsforskriften<\/a>&nbsp;7. juli 2009:<\/p>\n\n\n\n<p><em>\u00abDet er behov for \u00e5 endre, samt supplere omregningsfaktorene for energiinnhold for \u00e5 ivareta ny vitenskapelig og teknologisk utvikling. Forslaget inneb\u00e6rer at listen utvides med: For erythritol: 0 kcal\/g \u2013 0 kJ\/g.\u00bb<\/em><\/p>\n\n\n\n<h2 class=\"wp-block-heading\">Sukrin er en antioksidant<\/h2>\n\n\n\n<p>Sukrin virker som antioksidant i kroppen, og kan beskytte mot skader p\u00e5 blod\u00e5rene som f\u00f8lge av h\u00f8yt blodsukker. Denne studien viser at Sukrin kan v\u00e6re gunstig b\u00e5de ved forebygging og behandling av diabetes:<br><a href=\"https:\/\/pubmed.ncbi.nlm.nih.gov\/19632091\/\" target=\"_blank\" rel=\"noreferrer noopener\">Erythritol is a sweet antioxidant<\/a><\/p>\n\n\n\n<h2 class=\"wp-block-heading\">Sukrin er tannvennlig<\/h2>\n\n\n\n<p>Sukrin (erythritol) forhindrer plakk og karies i betydelig st\u00f8rre grad enn &nbsp;xylitol og sorbitol.<br><a href=\"https:\/\/www.ncbi.nlm.nih.gov\/pubmed\/24852946\" target=\"_blank\" rel=\"noreferrer noopener\">Effect of erythritol and xylitol on dental caries prevention in children<\/a><\/p>\n\n\n\n<p>Sukrin begrenser veksten til bakteriene i munnhulen, og reduserer dermed risikoen for hull i tennene.<br><a href=\"http:\/\/www.ncbi.nlm.nih.gov\/pubmed\/15914983\" target=\"_blank\" rel=\"noreferrer noopener\">Similarity of the Effects of Erythritol and Xylitol on Some Risk Factors of Dental Caries<\/a><\/p>\n\n\n\n<p>Sukrin gj\u00f8r det vanskeligere for plakkdannende bakterier \u00e5 feste seg p\u00e5 tennene.<br><a href=\"http:\/\/www.ncbi.nlm.nih.gov\/pubmed\/19777305?dopt=Abstract\" target=\"_blank\" rel=\"noreferrer noopener\">Xylitol and Erythritol Decrease Adherence of Polysaccharide-Producing Oral Streptococci<\/a><\/p>\n\n\n\n<h2 class=\"wp-block-heading\">Sukrin har GI = 0 og er trygt for diabetikere<\/h2>\n\n\n\n<p>Sukrin p\u00e5virker ikke blodsukker og insulin ved inntak. Det beskytter ogs\u00e5 mot skader som kan forekomme ved h\u00f8yt blodsukker, noe som er spesielt gunstig for&nbsp;diabetikere.<\/p>\n\n\n\n<p><a href=\"http:\/\/www.ncbi.nlm.nih.gov\/pubmed\/19087388?ordinalpos=1&amp;itool=EntrezSystem2.PEntrez.Pubmed.Pubmed_ResultsPanel.Pubmed_DefaultReportPanel.Pubmed_RVDocSum\" target=\"_blank\" rel=\"noreferrer noopener\">Health potential of polyols as sugar replacers, with emphasis on low glycaemic properties<\/a><\/p>\n\n\n\n<p><a href=\"http:\/\/www.plosone.org\/article\/info%3Adoi%2F10.1371%2Fjournal.pone.0065741\" target=\"_blank\" rel=\"noreferrer noopener\">Multi-Targeted Mechanisms Underlying the Endothelial Protective Effects of the Diabetic-Safe Sweetener Erythritol<\/a><\/p>\n\n\n\n<p>\u00ab<strong>We conclude that erythritol protects endothelial cells during high glucose conditions via effects on multiple targets. Overall, these data indicate a therapeutically important endothelial protective effect of erythritol under hyperglycemic conditions.\u00bb<\/strong><\/p>\n","protected":false},"excerpt":{"rendered":"<p>Sukrin er trygt \u00e5 bruke, og har ingen skadelige bivirkninger Erythritol: A Review of Biological and Toxicological StudiesLast ned rapport EFSA gjorde en revurdering av erytritol som tilsetningsstoff 20. desember 2023:Plain language summary Sukrin gir null kalorier Sukrin tas opp raskt i tynntarmen og blir ikke metabolisert i kroppen. Den blir heller ikke fermentert i [&hellip;]<\/p>\n","protected":false},"author":10,"featured_media":0,"parent":0,"menu_order":0,"comment_status":"closed","ping_status":"closed","template":"","meta":{"footnotes":""},"class_list":["post-161","page","type-page","status-publish","hentry"],"acf":[],"yoast_head":"<!-- This site is optimized with the Yoast SEO plugin v27.2 - https:\/\/yoast.com\/product\/yoast-seo-wordpress\/ -->\n<title>Vitenskapelige studier om Sukrin<\/title>\n<meta name=\"description\" content=\"Lurer du p\u00e5 om Sukrin egentlig er trygt? Er du usikker p\u00e5 om det virkelig er helt uten kalorier? Les vitenskapelige studier her.\" \/>\n<meta name=\"robots\" content=\"index, follow, max-snippet:-1, max-image-preview:large, max-video-preview:-1\" \/>\n<link rel=\"canonical\" href=\"https:\/\/sukrin.com\/no\/vitenskapelige-studier-om-sukrin\" \/>\n<meta property=\"og:locale\" content=\"nb_NO\" \/>\n<meta property=\"og:type\" content=\"article\" \/>\n<meta property=\"og:title\" content=\"Vitenskapelige studier om Sukrin\" \/>\n<meta property=\"og:description\" content=\"Lurer du p\u00e5 om Sukrin egentlig er trygt? Er du usikker p\u00e5 om det virkelig er helt uten kalorier? Les vitenskapelige studier her.\" \/>\n<meta property=\"og:url\" content=\"https:\/\/sukrin.com\/no\/vitenskapelige-studier-om-sukrin\" \/>\n<meta property=\"og:site_name\" content=\"Sukrin\" \/>\n<meta property=\"article:publisher\" content=\"https:\/\/nb-no.facebook.com\/funksjonellmat\/\" \/>\n<meta property=\"article:modified_time\" content=\"2024-10-15T12:42:45+00:00\" \/>\n<meta name=\"twitter:card\" content=\"summary_large_image\" \/>\n<meta name=\"twitter:label1\" content=\"Ansl. lesetid\" \/>\n\t<meta name=\"twitter:data1\" content=\"3 minutter\" \/>\n<script type=\"application\/ld+json\" class=\"yoast-schema-graph\">{\"@context\":\"https:\/\/schema.org\",\"@graph\":[{\"@type\":\"WebPage\",\"@id\":\"https:\/\/sukrin.com\/no\/vitenskapelige-studier-om-sukrin\",\"url\":\"https:\/\/sukrin.com\/no\/vitenskapelige-studier-om-sukrin\",\"name\":\"Vitenskapelige studier om Sukrin\",\"isPartOf\":{\"@id\":\"https:\/\/sukrin.com\/no\/#website\"},\"primaryImageOfPage\":{\"@id\":\"https:\/\/sukrin.com\/no\/vitenskapelige-studier-om-sukrin#primaryimage\"},\"image\":{\"@id\":\"https:\/\/sukrin.com\/no\/vitenskapelige-studier-om-sukrin#primaryimage\"},\"thumbnailUrl\":\"https:\/\/sukrin.com\/no\/content\/2024\/03\/ill_vitenskapelige_studier.svg\",\"datePublished\":\"2024-03-26T11:10:44+00:00\",\"dateModified\":\"2024-10-15T12:42:45+00:00\",\"description\":\"Lurer du p\u00e5 om Sukrin egentlig er trygt? Er du usikker p\u00e5 om det virkelig er helt uten kalorier? Les vitenskapelige studier her.\",\"breadcrumb\":{\"@id\":\"https:\/\/sukrin.com\/no\/vitenskapelige-studier-om-sukrin#breadcrumb\"},\"inLanguage\":\"nb-NO\",\"potentialAction\":[{\"@type\":\"ReadAction\",\"target\":[\"https:\/\/sukrin.com\/no\/vitenskapelige-studier-om-sukrin\"]}]},{\"@type\":\"ImageObject\",\"inLanguage\":\"nb-NO\",\"@id\":\"https:\/\/sukrin.com\/no\/vitenskapelige-studier-om-sukrin#primaryimage\",\"url\":\"https:\/\/sukrin.com\/no\/content\/2024\/03\/ill_vitenskapelige_studier.svg\",\"contentUrl\":\"https:\/\/sukrin.com\/no\/content\/2024\/03\/ill_vitenskapelige_studier.svg\",\"caption\":\"Vitenskapelige studier\"},{\"@type\":\"BreadcrumbList\",\"@id\":\"https:\/\/sukrin.com\/no\/vitenskapelige-studier-om-sukrin#breadcrumb\",\"itemListElement\":[{\"@type\":\"ListItem\",\"position\":1,\"name\":\"Hjem\",\"item\":\"https:\/\/sukrin.com\/no\/\"},{\"@type\":\"ListItem\",\"position\":2,\"name\":\"Vitenskapelige studier\"}]},{\"@type\":\"WebSite\",\"@id\":\"https:\/\/sukrin.com\/no\/#website\",\"url\":\"https:\/\/sukrin.com\/no\/\",\"name\":\"Sukrin\",\"description\":\"Enkelt \u00e5 gj\u00f8re noe godt\",\"publisher\":{\"@id\":\"https:\/\/sukrin.com\/no\/#organization\"},\"potentialAction\":[{\"@type\":\"SearchAction\",\"target\":{\"@type\":\"EntryPoint\",\"urlTemplate\":\"https:\/\/sukrin.com\/no\/?s={search_term_string}\"},\"query-input\":{\"@type\":\"PropertyValueSpecification\",\"valueRequired\":true,\"valueName\":\"search_term_string\"}}],\"inLanguage\":\"nb-NO\"},{\"@type\":\"Organization\",\"@id\":\"https:\/\/sukrin.com\/no\/#organization\",\"name\":\"Funksjonell mat\",\"url\":\"https:\/\/sukrin.com\/no\/\",\"logo\":{\"@type\":\"ImageObject\",\"inLanguage\":\"nb-NO\",\"@id\":\"https:\/\/sukrin.com\/no\/#\/schema\/logo\/image\/\",\"url\":\"https:\/\/sukrin.com\/no\/content\/2023\/11\/funksjonell-mat-logo.svg\",\"contentUrl\":\"https:\/\/sukrin.com\/no\/content\/2023\/11\/funksjonell-mat-logo.svg\",\"width\":1,\"height\":1,\"caption\":\"Funksjonell mat\"},\"image\":{\"@id\":\"https:\/\/sukrin.com\/no\/#\/schema\/logo\/image\/\"},\"sameAs\":[\"https:\/\/nb-no.facebook.com\/funksjonellmat\/\",\"https:\/\/www.instagram.com\/sukrin.no\/\",\"https:\/\/tatrck.com\/h\/0Hu30uVO0x7R?url=httpswww.tiktok.comsukrin_official\"]}]}<\/script>\n<!-- \/ Yoast SEO plugin. -->","yoast_head_json":{"title":"Vitenskapelige studier om Sukrin","description":"Lurer du p\u00e5 om Sukrin egentlig er trygt? Er du usikker p\u00e5 om det virkelig er helt uten kalorier? Les vitenskapelige studier her.","robots":{"index":"index","follow":"follow","max-snippet":"max-snippet:-1","max-image-preview":"max-image-preview:large","max-video-preview":"max-video-preview:-1"},"canonical":"https:\/\/sukrin.com\/no\/vitenskapelige-studier-om-sukrin","og_locale":"nb_NO","og_type":"article","og_title":"Vitenskapelige studier om Sukrin","og_description":"Lurer du p\u00e5 om Sukrin egentlig er trygt? Er du usikker p\u00e5 om det virkelig er helt uten kalorier? Les vitenskapelige studier her.","og_url":"https:\/\/sukrin.com\/no\/vitenskapelige-studier-om-sukrin","og_site_name":"Sukrin","article_publisher":"https:\/\/nb-no.facebook.com\/funksjonellmat\/","article_modified_time":"2024-10-15T12:42:45+00:00","twitter_card":"summary_large_image","twitter_misc":{"Ansl. lesetid":"3 minutter"},"schema":{"@context":"https:\/\/schema.org","@graph":[{"@type":"WebPage","@id":"https:\/\/sukrin.com\/no\/vitenskapelige-studier-om-sukrin","url":"https:\/\/sukrin.com\/no\/vitenskapelige-studier-om-sukrin","name":"Vitenskapelige studier om Sukrin","isPartOf":{"@id":"https:\/\/sukrin.com\/no\/#website"},"primaryImageOfPage":{"@id":"https:\/\/sukrin.com\/no\/vitenskapelige-studier-om-sukrin#primaryimage"},"image":{"@id":"https:\/\/sukrin.com\/no\/vitenskapelige-studier-om-sukrin#primaryimage"},"thumbnailUrl":"https:\/\/sukrin.com\/no\/content\/2024\/03\/ill_vitenskapelige_studier.svg","datePublished":"2024-03-26T11:10:44+00:00","dateModified":"2024-10-15T12:42:45+00:00","description":"Lurer du p\u00e5 om Sukrin egentlig er trygt? Er du usikker p\u00e5 om det virkelig er helt uten kalorier? Les vitenskapelige studier her.","breadcrumb":{"@id":"https:\/\/sukrin.com\/no\/vitenskapelige-studier-om-sukrin#breadcrumb"},"inLanguage":"nb-NO","potentialAction":[{"@type":"ReadAction","target":["https:\/\/sukrin.com\/no\/vitenskapelige-studier-om-sukrin"]}]},{"@type":"ImageObject","inLanguage":"nb-NO","@id":"https:\/\/sukrin.com\/no\/vitenskapelige-studier-om-sukrin#primaryimage","url":"https:\/\/sukrin.com\/no\/content\/2024\/03\/ill_vitenskapelige_studier.svg","contentUrl":"https:\/\/sukrin.com\/no\/content\/2024\/03\/ill_vitenskapelige_studier.svg","caption":"Vitenskapelige studier"},{"@type":"BreadcrumbList","@id":"https:\/\/sukrin.com\/no\/vitenskapelige-studier-om-sukrin#breadcrumb","itemListElement":[{"@type":"ListItem","position":1,"name":"Hjem","item":"https:\/\/sukrin.com\/no\/"},{"@type":"ListItem","position":2,"name":"Vitenskapelige studier"}]},{"@type":"WebSite","@id":"https:\/\/sukrin.com\/no\/#website","url":"https:\/\/sukrin.com\/no\/","name":"Sukrin","description":"Enkelt \u00e5 gj\u00f8re noe godt","publisher":{"@id":"https:\/\/sukrin.com\/no\/#organization"},"potentialAction":[{"@type":"SearchAction","target":{"@type":"EntryPoint","urlTemplate":"https:\/\/sukrin.com\/no\/?s={search_term_string}"},"query-input":{"@type":"PropertyValueSpecification","valueRequired":true,"valueName":"search_term_string"}}],"inLanguage":"nb-NO"},{"@type":"Organization","@id":"https:\/\/sukrin.com\/no\/#organization","name":"Funksjonell mat","url":"https:\/\/sukrin.com\/no\/","logo":{"@type":"ImageObject","inLanguage":"nb-NO","@id":"https:\/\/sukrin.com\/no\/#\/schema\/logo\/image\/","url":"https:\/\/sukrin.com\/no\/content\/2023\/11\/funksjonell-mat-logo.svg","contentUrl":"https:\/\/sukrin.com\/no\/content\/2023\/11\/funksjonell-mat-logo.svg","width":1,"height":1,"caption":"Funksjonell mat"},"image":{"@id":"https:\/\/sukrin.com\/no\/#\/schema\/logo\/image\/"},"sameAs":["https:\/\/nb-no.facebook.com\/funksjonellmat\/","https:\/\/www.instagram.com\/sukrin.no\/","https:\/\/tatrck.com\/h\/0Hu30uVO0x7R?url=httpswww.tiktok.comsukrin_official"]}]}},"_links":{"self":[{"href":"https:\/\/sukrin.com\/no\/wp-json\/wp\/v2\/pages\/161","targetHints":{"allow":["GET"]}}],"collection":[{"href":"https:\/\/sukrin.com\/no\/wp-json\/wp\/v2\/pages"}],"about":[{"href":"https:\/\/sukrin.com\/no\/wp-json\/wp\/v2\/types\/page"}],"author":[{"embeddable":true,"href":"https:\/\/sukrin.com\/no\/wp-json\/wp\/v2\/users\/10"}],"replies":[{"embeddable":true,"href":"https:\/\/sukrin.com\/no\/wp-json\/wp\/v2\/comments?post=161"}],"version-history":[{"count":12,"href":"https:\/\/sukrin.com\/no\/wp-json\/wp\/v2\/pages\/161\/revisions"}],"predecessor-version":[{"id":2922,"href":"https:\/\/sukrin.com\/no\/wp-json\/wp\/v2\/pages\/161\/revisions\/2922"}],"wp:attachment":[{"href":"https:\/\/sukrin.com\/no\/wp-json\/wp\/v2\/media?parent=161"}],"curies":[{"name":"wp","href":"https:\/\/api.w.org\/{rel}","templated":true}]}}