{"id":156,"date":"2024-03-26T11:02:54","date_gmt":"2024-03-26T10:02:54","guid":{"rendered":"https:\/\/sukrin.com\/no\/?page_id=156"},"modified":"2025-08-06T08:19:32","modified_gmt":"2025-08-06T06:19:32","slug":"nedlastinger","status":"publish","type":"page","link":"https:\/\/sukrin.com\/no\/informasjon\/nedlastinger","title":{"rendered":"Nedlastinger"},"content":{"rendered":"\n<h2 class=\"wp-block-heading\">H\u00f8yoppl\u00f8selige bilder<\/h2>\n\n\n\n<h2 class=\"wp-block-heading\">Diverse<\/h2>\n\n\n\n<ul class=\"wp-block-list\">\n<li><a href=\"https:\/\/sukrin.com\/no\/content\/2025\/03\/marzipanbar-38g-en-nor-101087.png\" target=\"_blank\" rel=\"noreferrer noopener\">Sukrin Marzipan bar<\/a> <\/li>\n\n\n\n<li><a href=\"\/no\/content\/2024\/09\/hazelnutmousse-83g-eu-nor-101085.png\">Sukrin Chocolate mousse, Hazelnut flavour<\/a><\/li>\n\n\n\n<li><a href=\"https:\/\/sukrin.com\/no\/content\/2024\/04\/chocolatemousse-85g-eu-nor-999121.png\" target=\"_blank\" rel=\"noreferrer noopener\">Sukrin Chocolate mousse<\/a><\/li>\n\n\n\n<li><a href=\"https:\/\/sukrin.com\/no\/content\/2024\/04\/sukrinmarzipan-200g-eu-nor-999179.png\" target=\"_blank\" rel=\"noreferrer noopener\">SukrinMarzipan<\/a><\/li>\n<\/ul>\n\n\n\n<ul class=\"wp-block-list\">\n<li><a href=\"https:\/\/sukrin.com\/no\/content\/2025\/04\/dessertmix-73g-en-nor-scaled.webp\">Sukrin Dessert mix<\/a><\/li>\n\n\n\n<li><a href=\"https:\/\/sukrin.com\/no\/content\/2024\/04\/pancakemix-scaled.webp\" target=\"_blank\" rel=\"noreferrer noopener\">Sukrin Pancake mix<\/a><\/li>\n\n\n\n<li><a href=\"https:\/\/sukrin.com\/no\/content\/2024\/04\/wafflemix-100g-en-nor-999177.png\" target=\"_blank\" rel=\"noreferrer noopener\">Sukrin Waffle mix<\/a><\/li>\n\n\n\n<li><a href=\"https:\/\/sukrin.com\/no\/content\/2024\/04\/chocolatedrink-scaled.webp\" target=\"_blank\" rel=\"noreferrer noopener\">Sukrin Chocolate drink<\/a><\/li>\n<\/ul>\n\n\n\n<p><\/p>\n\n\n\n<ul class=\"wp-block-list\">\n<li><a href=\"https:\/\/sukrin.com\/no\/content\/2024\/06\/darkchocolate-85g-en-nor-999132.png\" target=\"_blank\" rel=\"noreferrer noopener\">Sukrin Dark chocolate<\/a><\/li>\n\n\n\n<li><a href=\"https:\/\/sukrin.com\/no\/content\/2025\/06\/darkchocolateraspberry-85g-en-nor-999149-scaled.webp\" target=\"_blank\" rel=\"noreferrer noopener\">Sukrin Dark chocolate &#8211; Raspberry<\/a><\/li>\n<\/ul>\n\n\n\n<p><\/p>\n\n\n\n<ul class=\"wp-block-list\">\n<li><a href=\"https:\/\/sukrin.com\/no\/content\/2024\/06\/milkchocolate-40g-en-nor-100217.png\" target=\"_blank\" rel=\"noreferrer noopener\">Sukrin Milk Chocolate, Milk<\/a><\/li>\n\n\n\n<li><a href=\"https:\/\/sukrin.com\/no\/content\/2024\/06\/milkchocolatealmonds-40g-en-nor-100218.png\" target=\"_blank\" rel=\"noreferrer noopener\">Sukrin Milk Chocolate, Almonds &amp; seasalt<\/a><\/li>\n<\/ul>\n\n\n\n<p><\/p>\n\n\n\n<h2 class=\"wp-block-heading\">S\u00f8tning<\/h2>\n\n\n\n<ul class=\"wp-block-list\">\n<li><a href=\"https:\/\/sukrin.com\/no\/content\/2025\/07\/sukrinmelis-400g-nor-eu-999193.png\" target=\"_blank\" rel=\"noreferrer noopener\">SukrinMelis<\/a><\/li>\n\n\n\n<li><a href=\"https:\/\/sukrin.com\/no\/content\/2024\/03\/sukringold-500g-nor-998945.png\" target=\"_blank\" rel=\"noreferrer noopener\">Sukrin Gold 500 g<\/a><\/li>\n\n\n\n<li><a href=\"https:\/\/sukrin.com\/no\/content\/2024\/06\/sukringold-250g-eu-nor-999085.png\" target=\"_blank\" rel=\"noreferrer noopener\">Sukrin Gold 250 g<\/a><\/li>\n\n\n\n<li><a href=\"https:\/\/sukrin.com\/no\/content\/2024\/09\/sukrin-500g-nor-998927.png\" target=\"_blank\" rel=\"noreferrer noopener\">Sukrin<\/a><\/li>\n\n\n\n<li><a href=\"https:\/\/sukrin.com\/no\/content\/2024\/06\/sukrinsticks-display-40x5g-eu-nor-100175.png\" target=\"_blank\" rel=\"noreferrer noopener\">Sukrin-sticks<\/a><\/li>\n\n\n\n<li><a href=\"https:\/\/sukrin.com\/no\/content\/2024\/06\/sukrinorganic-400g-nor-eu-999078.png\" target=\"_blank\" rel=\"noreferrer noopener\">\u00d8kologisk Sukrin<\/a><\/li>\n\n\n\n<li><a href=\"https:\/\/sukrin.com\/no\/content\/2024\/04\/sukrinplus-500g-eu-nor-999140.png\" target=\"_blank\" rel=\"noreferrer noopener\">Sukrin+<\/a><\/li>\n\n\n\n<li><a href=\"https:\/\/sukrin.com\/no\/content\/2024\/06\/sukrinplussticks-display-40x3g-eu-nor-100114.png\" target=\"_blank\" rel=\"noreferrer noopener\">Sukrin+ sticks<\/a><\/li>\n\n\n\n<li><a href=\"https:\/\/sukrin.com\/no\/content\/2024\/04\/sukrin1-500g-eu-nor-9999142.png\" target=\"_blank\" rel=\"noreferrer noopener\">Sukrin:1<\/a><\/li>\n\n\n\n<li><a href=\"https:\/\/sukrin.com\/no\/content\/2024\/06\/sukrin1sticks-display-40x5g-eu-nor-100211.png\" target=\"_blank\" rel=\"noreferrer noopener\">Sukrin:1 sticks<\/a><\/li>\n<\/ul>\n\n\n\n<div class=\"wp-block-group is-nowrap is-layout-flex wp-container-core-group-is-layout-ad2f72ca wp-block-group-is-layout-flex\">\n<ul class=\"wp-block-list\">\n<li><a href=\"https:\/\/sukrin.com\/no\/content\/2025\/05\/sukrinsirupgold-450g-eu-nor-999118.png\" target=\"_blank\" rel=\"noreferrer noopener\">SukrinSirup Gold<\/a><\/li>\n\n\n\n<li><a href=\"https:\/\/sukrin.com\/no\/content\/2025\/05\/sukrinsyrupmaple-450g-eu-nor-999124-scaled.png\" target=\"_blank\" rel=\"noreferrer noopener\">SukrinSirup Maple<\/a><\/li>\n\n\n\n<li><a href=\"https:\/\/sukrin.com\/no\/content\/2025\/05\/sukrinsyrupcaramel-450g-eu-nor-999127-scaled.png\" target=\"_blank\" rel=\"noreferrer noopener\">SukrinSirup Caramel<\/a><\/li>\n\n\n\n<li><a href=\"https:\/\/sukrin.com\/no\/content\/2024\/04\/sukrinsirupgold-maple-caramel-2025.png\" target=\"_blank\" rel=\"noreferrer noopener\">Alle tre siruper<\/a><br><\/li>\n<\/ul>\n\n\n\n<p><a href=\"https:\/\/sukrin.com\/no\/informasjon\/nedlastinger?preview=true\">Forh\u00e5ndsvis i ny fane<\/a><\/p>\n<\/div>\n\n\n\n<p><\/p>\n\n\n\n<ul class=\"wp-block-list\">\n<li><a href=\"https:\/\/sukrin.com\/no\/content\/2024\/04\/finesse-500g-eu-nor-999158-1.png\" target=\"_blank\" rel=\"noreferrer noopener\">Finesse<\/a><\/li>\n<\/ul>\n\n\n\n<ul class=\"wp-block-list\">\n<li><a href=\"https:\/\/sukrin.com\/no\/content\/2024\/04\/sukrin-mini-sweeteners-eu-nor-999139.png\" target=\"_blank\" rel=\"noreferrer noopener\">Sukrin Mini sweeteners<\/a><\/li>\n\n\n\n<li><a href=\"https:\/\/sukrin.com\/no\/content\/2024\/06\/sukrin-mini-sweeteners-eu-nor-back-999139.png\" target=\"_blank\" rel=\"noreferrer noopener\">Sukrin Mini sweeteners &#8211; back<\/a><\/li>\n<\/ul>\n\n\n\n<ul class=\"wp-block-list\">\n<li><a href=\"https:\/\/sukrin.com\/no\/content\/2024\/06\/steviadrops-neutral-30ml-nor-eu-999113.png\" target=\"_blank\" rel=\"noreferrer noopener\">Stevia drops &#8211; neutral<\/a><\/li>\n\n\n\n<li><a href=\"https:\/\/sukrin.com\/no\/content\/2024\/06\/steviadrops-vanilla-30ml-nor-eu-999114.png\" target=\"_blank\" rel=\"noreferrer noopener\">Stevia drops &#8211; vanilla<\/a><\/li>\n\n\n\n<li><a href=\"https:\/\/sukrin.com\/no\/content\/2024\/06\/steviadrops-darkchocolate-30ml-nor-eu-999115.png\" target=\"_blank\" rel=\"noreferrer noopener\">Stevia drops &#8211; chocolate<\/a><\/li>\n\n\n\n<li><a href=\"https:\/\/sukrin.com\/no\/content\/2024\/06\/steviadrops-caramel-30ml-nor-eu-999116.png\" target=\"_blank\" rel=\"noreferrer noopener\">Stevia drops &#8211; caramel<\/a><\/li>\n\n\n\n<li><a href=\"https:\/\/sukrin.com\/no\/content\/2024\/06\/steviadrops-lemon-30ml-nor-eu-999138.png\" target=\"_blank\" rel=\"noreferrer noopener\">Stevia drops &#8211; lemon<\/a><\/li>\n\n\n\n<li><a href=\"https:\/\/sukrin.com\/no\/content\/2024\/04\/steviadrops-x5.png\" target=\"_blank\" rel=\"noreferrer noopener\">Stevia drops &#8211; gruppe<\/a><\/li>\n<\/ul>\n\n\n\n<h3 class=\"wp-block-heading\">EU-packshots<\/h3>\n\n\n\n<ul class=\"wp-block-list\">\n<li><a href=\"https:\/\/sukrin.com\/no\/content\/2024\/06\/sukringold-500g-eu-999052.png\" target=\"_blank\" rel=\"noreferrer noopener\">Sukrin Gold 500 g_EU<\/a><\/li>\n\n\n\n<li><a href=\"https:\/\/sukrin.com\/no\/content\/2024\/06\/sukringold-250g-eu-nor-999085.png\" target=\"_blank\" rel=\"noreferrer noopener\">Sukrin Gold 250 g_EU<\/a><\/li>\n\n\n\n<li><a href=\"https:\/\/sukrin.com\/no\/content\/2024\/06\/sukrin-500g-eu-999051.png\" target=\"_blank\" rel=\"noreferrer noopener\">Sukrin_EU<\/a><\/li>\n<\/ul>\n\n\n\n<h2 class=\"wp-block-heading\">Bakemikser <\/h2>\n\n\n\n<ul class=\"wp-block-list\">\n<li><a href=\"https:\/\/sukrin.com\/no\/content\/2024\/04\/bakemix-340g-nor-999062.png\" target=\"_blank\" rel=\"noreferrer noopener\">Bakemix<\/a><\/li>\n<\/ul>\n\n\n\n<ul class=\"wp-block-list\">\n<li><a href=\"https:\/\/sukrin.com\/no\/content\/2024\/04\/kakemix-360g-nor-999151.png\" target=\"_blank\" rel=\"noreferrer noopener\">Kakemix<\/a><\/li>\n<\/ul>\n\n\n\n<ul class=\"wp-block-list\">\n<li><a href=\"https:\/\/sukrin.com\/no\/content\/2025\/01\/chocolatecake-375g-eu-nor-999147.png\" target=\"_blank\" rel=\"noreferrer noopener\">Chocolate cake<\/a><\/li>\n<\/ul>\n\n\n\n<ul class=\"wp-block-list\">\n<li><a href=\"https:\/\/sukrin.com\/no\/content\/2024\/04\/ciac-darkchocolate-75g-eu-nor-100191.png\" target=\"_blank\" rel=\"noreferrer noopener\">Cake in a cup, Dark chocolate<\/a><\/li>\n<\/ul>\n\n\n\n<ul class=\"wp-block-list\">\n<li><a href=\"https:\/\/sukrin.com\/no\/content\/2025\/01\/fiberbrod-250g-eu-nor-101094.png\" target=\"_blank\" rel=\"noreferrer noopener\">Fiberbr\u00f8d<\/a><\/li>\n\n\n\n<li><a href=\"https:\/\/sukrin.com\/no\/content\/2025\/07\/fiberbrod-1kg-eu-nor-scaled.webp\" target=\"_blank\" rel=\"noreferrer noopener\">1 kg Fibrebr\u00f8d<\/a><\/li>\n<\/ul>\n\n\n\n<ul class=\"wp-block-list\">\n<li><a href=\"https:\/\/sukrin.com\/no\/content\/2025\/01\/proteinbrod-224g-nor-999152.png\" target=\"_blank\" rel=\"noreferrer noopener\">Proteinbr\u00f8d<\/a><\/li>\n<\/ul>\n\n\n\n<ul class=\"wp-block-list\">\n<li><a href=\"\/no\/content\/2024\/04\/chiabrod-250g-nor-999012.png\" target=\"_blank\" rel=\"noreferrer noopener\">Chiabr\u00f8d<\/a><\/li>\n\n\n\n<li><a href=\"https:\/\/sukrin.com\/no\/content\/2024\/06\/chiabread-1kg-eu-nor-999123.png\" target=\"_blank\" rel=\"noreferrer noopener\">1 kg Chiabr\u00f8d<\/a><\/li>\n<\/ul>\n\n\n\n<h2 class=\"wp-block-heading\">Melerstatninger <\/h2>\n\n\n\n<ul class=\"wp-block-list\">\n<li><a href=\"\/no\/content\/2024\/04\/oatfibre-300g-eu-nor-999159.png\" target=\"_blank\" rel=\"noreferrer noopener\">Havrefiber<\/a><\/li>\n\n\n\n<li><a href=\"https:\/\/sukrin.com\/no\/content\/2024\/04\/mandelmel-400g-eu-nor-scaled.webp\" target=\"_blank\" rel=\"noreferrer noopener\">Mandelmel<\/a><\/li>\n\n\n\n<li><a href=\"https:\/\/sukrin.com\/no\/content\/2024\/04\/kokosmel-400g-eu-nor-scaled.webp\" target=\"_blank\" rel=\"noreferrer noopener\">Kokosmel<\/a><\/li>\n\n\n\n<li><a href=\"\/no\/content\/2024\/04\/sesammel-250g-nor-998978.png\" target=\"_blank\" rel=\"noreferrer noopener\">Sesam-mel<\/a><\/li>\n\n\n\n<li><a href=\"\/no\/content\/2024\/06\/finmaltemandler-400g-nor-100321.png\" target=\"_blank\" rel=\"noreferrer noopener\">Finmalte mandler<\/a><\/li>\n\n\n\n<li><a href=\"\/no\/content\/2024\/04\/fiberfin-400g-eu-nor-999191.png\" target=\"_blank\" rel=\"noreferrer noopener\">FiberFin<\/a><\/li>\n<\/ul>\n\n\n\n<h2 class=\"wp-block-heading\">&nbsp;Logoer<\/h2>\n\n\n\n<ul class=\"wp-block-list\">\n<li><a href=\"https:\/\/sukrin.com\/no\/content\/2023\/11\/funksjonell-mat-logo.svg\" target=\"_blank\" rel=\"noreferrer noopener\">Funksjonell Mat-logo<\/a><\/li>\n\n\n\n<li><a href=\"https:\/\/sukrin.com\/no\/content\/2024\/06\/sukrin_brand_logo_RGB_v02.svg\" target=\"_blank\" rel=\"noreferrer noopener\">Sukrin-logo<\/a><\/li>\n<\/ul>\n","protected":false},"excerpt":{"rendered":"<p>H\u00f8yoppl\u00f8selige bilder Diverse S\u00f8tning Forh\u00e5ndsvis i ny fane EU-packshots Bakemikser Melerstatninger &nbsp;Logoer<\/p>\n","protected":false},"author":10,"featured_media":0,"parent":141,"menu_order":0,"comment_status":"closed","ping_status":"closed","template":"","meta":{"footnotes":""},"class_list":["post-156","page","type-page","status-publish","hentry"],"acf":[],"yoast_head":"<!-- This site is optimized with the Yoast SEO plugin v27.2 - https:\/\/yoast.com\/product\/yoast-seo-wordpress\/ -->\n<title>Nedlastinger - Sukrin<\/title>\n<meta name=\"description\" content=\"Her kan du laste ned h\u00f8yoppl\u00f8selige bilder av produktene fra Sukrin.\" \/>\n<meta name=\"robots\" content=\"index, follow, max-snippet:-1, max-image-preview:large, max-video-preview:-1\" \/>\n<link rel=\"canonical\" href=\"https:\/\/sukrin.com\/no\/informasjon\/nedlastinger\" \/>\n<meta property=\"og:locale\" content=\"nb_NO\" \/>\n<meta property=\"og:type\" content=\"article\" \/>\n<meta property=\"og:title\" content=\"Nedlastinger - Sukrin\" \/>\n<meta property=\"og:description\" content=\"Her kan du laste ned h\u00f8yoppl\u00f8selige bilder av produktene fra Sukrin.\" \/>\n<meta property=\"og:url\" content=\"https:\/\/sukrin.com\/no\/informasjon\/nedlastinger\" \/>\n<meta property=\"og:site_name\" content=\"Sukrin\" \/>\n<meta property=\"article:publisher\" content=\"https:\/\/nb-no.facebook.com\/funksjonellmat\/\" \/>\n<meta property=\"article:modified_time\" content=\"2025-08-06T06:19:32+00:00\" \/>\n<meta name=\"twitter:card\" content=\"summary_large_image\" \/>\n<meta name=\"twitter:label1\" content=\"Ansl. lesetid\" \/>\n\t<meta name=\"twitter:data1\" content=\"1 minutt\" \/>\n<script type=\"application\/ld+json\" class=\"yoast-schema-graph\">{\"@context\":\"https:\/\/schema.org\",\"@graph\":[{\"@type\":\"WebPage\",\"@id\":\"https:\/\/sukrin.com\/no\/informasjon\/nedlastinger\",\"url\":\"https:\/\/sukrin.com\/no\/informasjon\/nedlastinger\",\"name\":\"Nedlastinger - Sukrin\",\"isPartOf\":{\"@id\":\"https:\/\/sukrin.com\/no\/#website\"},\"datePublished\":\"2024-03-26T10:02:54+00:00\",\"dateModified\":\"2025-08-06T06:19:32+00:00\",\"description\":\"Her kan du laste ned h\u00f8yoppl\u00f8selige bilder av produktene fra Sukrin.\",\"breadcrumb\":{\"@id\":\"https:\/\/sukrin.com\/no\/informasjon\/nedlastinger#breadcrumb\"},\"inLanguage\":\"nb-NO\",\"potentialAction\":[{\"@type\":\"ReadAction\",\"target\":[\"https:\/\/sukrin.com\/no\/informasjon\/nedlastinger\"]}]},{\"@type\":\"BreadcrumbList\",\"@id\":\"https:\/\/sukrin.com\/no\/informasjon\/nedlastinger#breadcrumb\",\"itemListElement\":[{\"@type\":\"ListItem\",\"position\":1,\"name\":\"Hjem\",\"item\":\"https:\/\/sukrin.com\/no\/\"},{\"@type\":\"ListItem\",\"position\":2,\"name\":\"Informasjon\",\"item\":\"https:\/\/sukrin.com\/no\/informasjon\"},{\"@type\":\"ListItem\",\"position\":3,\"name\":\"Nedlastinger\"}]},{\"@type\":\"WebSite\",\"@id\":\"https:\/\/sukrin.com\/no\/#website\",\"url\":\"https:\/\/sukrin.com\/no\/\",\"name\":\"Sukrin\",\"description\":\"Enkelt \u00e5 gj\u00f8re noe godt\",\"publisher\":{\"@id\":\"https:\/\/sukrin.com\/no\/#organization\"},\"potentialAction\":[{\"@type\":\"SearchAction\",\"target\":{\"@type\":\"EntryPoint\",\"urlTemplate\":\"https:\/\/sukrin.com\/no\/?s={search_term_string}\"},\"query-input\":{\"@type\":\"PropertyValueSpecification\",\"valueRequired\":true,\"valueName\":\"search_term_string\"}}],\"inLanguage\":\"nb-NO\"},{\"@type\":\"Organization\",\"@id\":\"https:\/\/sukrin.com\/no\/#organization\",\"name\":\"Funksjonell mat\",\"url\":\"https:\/\/sukrin.com\/no\/\",\"logo\":{\"@type\":\"ImageObject\",\"inLanguage\":\"nb-NO\",\"@id\":\"https:\/\/sukrin.com\/no\/#\/schema\/logo\/image\/\",\"url\":\"https:\/\/sukrin.com\/no\/content\/2023\/11\/funksjonell-mat-logo.svg\",\"contentUrl\":\"https:\/\/sukrin.com\/no\/content\/2023\/11\/funksjonell-mat-logo.svg\",\"width\":1,\"height\":1,\"caption\":\"Funksjonell mat\"},\"image\":{\"@id\":\"https:\/\/sukrin.com\/no\/#\/schema\/logo\/image\/\"},\"sameAs\":[\"https:\/\/nb-no.facebook.com\/funksjonellmat\/\",\"https:\/\/www.instagram.com\/sukrin.no\/\",\"https:\/\/tatrck.com\/h\/0Hu30uVO0x7R?url=httpswww.tiktok.comsukrin_official\"]}]}<\/script>\n<!-- \/ Yoast SEO plugin. -->","yoast_head_json":{"title":"Nedlastinger - Sukrin","description":"Her kan du laste ned h\u00f8yoppl\u00f8selige bilder av produktene fra Sukrin.","robots":{"index":"index","follow":"follow","max-snippet":"max-snippet:-1","max-image-preview":"max-image-preview:large","max-video-preview":"max-video-preview:-1"},"canonical":"https:\/\/sukrin.com\/no\/informasjon\/nedlastinger","og_locale":"nb_NO","og_type":"article","og_title":"Nedlastinger - Sukrin","og_description":"Her kan du laste ned h\u00f8yoppl\u00f8selige bilder av produktene fra Sukrin.","og_url":"https:\/\/sukrin.com\/no\/informasjon\/nedlastinger","og_site_name":"Sukrin","article_publisher":"https:\/\/nb-no.facebook.com\/funksjonellmat\/","article_modified_time":"2025-08-06T06:19:32+00:00","twitter_card":"summary_large_image","twitter_misc":{"Ansl. lesetid":"1 minutt"},"schema":{"@context":"https:\/\/schema.org","@graph":[{"@type":"WebPage","@id":"https:\/\/sukrin.com\/no\/informasjon\/nedlastinger","url":"https:\/\/sukrin.com\/no\/informasjon\/nedlastinger","name":"Nedlastinger - Sukrin","isPartOf":{"@id":"https:\/\/sukrin.com\/no\/#website"},"datePublished":"2024-03-26T10:02:54+00:00","dateModified":"2025-08-06T06:19:32+00:00","description":"Her kan du laste ned h\u00f8yoppl\u00f8selige bilder av produktene fra Sukrin.","breadcrumb":{"@id":"https:\/\/sukrin.com\/no\/informasjon\/nedlastinger#breadcrumb"},"inLanguage":"nb-NO","potentialAction":[{"@type":"ReadAction","target":["https:\/\/sukrin.com\/no\/informasjon\/nedlastinger"]}]},{"@type":"BreadcrumbList","@id":"https:\/\/sukrin.com\/no\/informasjon\/nedlastinger#breadcrumb","itemListElement":[{"@type":"ListItem","position":1,"name":"Hjem","item":"https:\/\/sukrin.com\/no\/"},{"@type":"ListItem","position":2,"name":"Informasjon","item":"https:\/\/sukrin.com\/no\/informasjon"},{"@type":"ListItem","position":3,"name":"Nedlastinger"}]},{"@type":"WebSite","@id":"https:\/\/sukrin.com\/no\/#website","url":"https:\/\/sukrin.com\/no\/","name":"Sukrin","description":"Enkelt \u00e5 gj\u00f8re noe godt","publisher":{"@id":"https:\/\/sukrin.com\/no\/#organization"},"potentialAction":[{"@type":"SearchAction","target":{"@type":"EntryPoint","urlTemplate":"https:\/\/sukrin.com\/no\/?s={search_term_string}"},"query-input":{"@type":"PropertyValueSpecification","valueRequired":true,"valueName":"search_term_string"}}],"inLanguage":"nb-NO"},{"@type":"Organization","@id":"https:\/\/sukrin.com\/no\/#organization","name":"Funksjonell mat","url":"https:\/\/sukrin.com\/no\/","logo":{"@type":"ImageObject","inLanguage":"nb-NO","@id":"https:\/\/sukrin.com\/no\/#\/schema\/logo\/image\/","url":"https:\/\/sukrin.com\/no\/content\/2023\/11\/funksjonell-mat-logo.svg","contentUrl":"https:\/\/sukrin.com\/no\/content\/2023\/11\/funksjonell-mat-logo.svg","width":1,"height":1,"caption":"Funksjonell mat"},"image":{"@id":"https:\/\/sukrin.com\/no\/#\/schema\/logo\/image\/"},"sameAs":["https:\/\/nb-no.facebook.com\/funksjonellmat\/","https:\/\/www.instagram.com\/sukrin.no\/","https:\/\/tatrck.com\/h\/0Hu30uVO0x7R?url=httpswww.tiktok.comsukrin_official"]}]}},"_links":{"self":[{"href":"https:\/\/sukrin.com\/no\/wp-json\/wp\/v2\/pages\/156","targetHints":{"allow":["GET"]}}],"collection":[{"href":"https:\/\/sukrin.com\/no\/wp-json\/wp\/v2\/pages"}],"about":[{"href":"https:\/\/sukrin.com\/no\/wp-json\/wp\/v2\/types\/page"}],"author":[{"embeddable":true,"href":"https:\/\/sukrin.com\/no\/wp-json\/wp\/v2\/users\/10"}],"replies":[{"embeddable":true,"href":"https:\/\/sukrin.com\/no\/wp-json\/wp\/v2\/comments?post=156"}],"version-history":[{"count":116,"href":"https:\/\/sukrin.com\/no\/wp-json\/wp\/v2\/pages\/156\/revisions"}],"predecessor-version":[{"id":3511,"href":"https:\/\/sukrin.com\/no\/wp-json\/wp\/v2\/pages\/156\/revisions\/3511"}],"up":[{"embeddable":true,"href":"https:\/\/sukrin.com\/no\/wp-json\/wp\/v2\/pages\/141"}],"wp:attachment":[{"href":"https:\/\/sukrin.com\/no\/wp-json\/wp\/v2\/media?parent=156"}],"curies":[{"name":"wp","href":"https:\/\/api.w.org\/{rel}","templated":true}]}}