{"id":151,"date":"2024-03-26T11:01:44","date_gmt":"2024-03-26T10:01:44","guid":{"rendered":"https:\/\/sukrin.com\/no\/?page_id=151"},"modified":"2026-02-04T09:57:09","modified_gmt":"2026-02-04T08:57:09","slug":"nyhetsbrev-arkiv","status":"publish","type":"page","link":"https:\/\/sukrin.com\/no\/inspirasjon\/nyhetsbrev-arkiv","title":{"rendered":"Nyhetsbrev"},"content":{"rendered":"\n<p><style type=\"text\/css\">\n<!-- .display_archive .campaign {line-height: 125%; margin: 8px;} \/\/--><br \/><\/style><\/p>\n<p><script language=\"javascript\" src=\"\/\/funksjonellmat.us19.list-manage.com\/generate-js\/?u=66ccb4398bfc1a7156584c04c&amp;fid=5153&amp;show=100\" type=\"text\/javascript\"><\/script><\/p>\n\n\n\n<p><\/p>\n","protected":false},"excerpt":{"rendered":"","protected":false},"author":10,"featured_media":0,"parent":2558,"menu_order":0,"comment_status":"closed","ping_status":"closed","template":"","meta":{"footnotes":""},"class_list":["post-151","page","type-page","status-publish","hentry"],"acf":[],"yoast_head":"<!-- This site is optimized with the Yoast SEO plugin v27.2 - https:\/\/yoast.com\/product\/yoast-seo-wordpress\/ -->\n<title>Sukrin - Nyhetsbrev<\/title>\n<meta name=\"description\" content=\"Les informasjon og tips om v\u00e5re produkter. F\u00e5 inspirasjon og gode oppskrifter. Vi sender ut nyhetsbrev ca. 6 ganger i \u00e5ret.\" \/>\n<meta name=\"robots\" content=\"index, follow, max-snippet:-1, max-image-preview:large, max-video-preview:-1\" \/>\n<link rel=\"canonical\" href=\"https:\/\/sukrin.com\/no\/inspirasjon\/nyhetsbrev-arkiv\" \/>\n<meta property=\"og:locale\" content=\"nb_NO\" \/>\n<meta property=\"og:type\" content=\"article\" \/>\n<meta property=\"og:title\" content=\"Sukrin - Nyhetsbrev\" \/>\n<meta property=\"og:description\" content=\"Les informasjon og tips om v\u00e5re produkter. F\u00e5 inspirasjon og gode oppskrifter. Vi sender ut nyhetsbrev ca. 6 ganger i \u00e5ret.\" \/>\n<meta property=\"og:url\" content=\"https:\/\/sukrin.com\/no\/inspirasjon\/nyhetsbrev-arkiv\" \/>\n<meta property=\"og:site_name\" content=\"Sukrin\" \/>\n<meta property=\"article:publisher\" content=\"https:\/\/nb-no.facebook.com\/funksjonellmat\/\" \/>\n<meta property=\"article:modified_time\" content=\"2026-02-04T08:57:09+00:00\" \/>\n<meta name=\"twitter:card\" content=\"summary_large_image\" \/>\n<script type=\"application\/ld+json\" class=\"yoast-schema-graph\">{\"@context\":\"https:\/\/schema.org\",\"@graph\":[{\"@type\":\"WebPage\",\"@id\":\"https:\/\/sukrin.com\/no\/inspirasjon\/nyhetsbrev-arkiv\",\"url\":\"https:\/\/sukrin.com\/no\/inspirasjon\/nyhetsbrev-arkiv\",\"name\":\"Sukrin - Nyhetsbrev\",\"isPartOf\":{\"@id\":\"https:\/\/sukrin.com\/no\/#website\"},\"datePublished\":\"2024-03-26T10:01:44+00:00\",\"dateModified\":\"2026-02-04T08:57:09+00:00\",\"description\":\"Les informasjon og tips om v\u00e5re produkter. F\u00e5 inspirasjon og gode oppskrifter. Vi sender ut nyhetsbrev ca. 6 ganger i \u00e5ret.\",\"breadcrumb\":{\"@id\":\"https:\/\/sukrin.com\/no\/inspirasjon\/nyhetsbrev-arkiv#breadcrumb\"},\"inLanguage\":\"nb-NO\",\"potentialAction\":[{\"@type\":\"ReadAction\",\"target\":[\"https:\/\/sukrin.com\/no\/inspirasjon\/nyhetsbrev-arkiv\"]}]},{\"@type\":\"BreadcrumbList\",\"@id\":\"https:\/\/sukrin.com\/no\/inspirasjon\/nyhetsbrev-arkiv#breadcrumb\",\"itemListElement\":[{\"@type\":\"ListItem\",\"position\":1,\"name\":\"Hjem\",\"item\":\"https:\/\/sukrin.com\/no\/\"},{\"@type\":\"ListItem\",\"position\":2,\"name\":\"Inspirasjon\",\"item\":\"https:\/\/sukrin.com\/no\/inspirasjon\"},{\"@type\":\"ListItem\",\"position\":3,\"name\":\"Nyhetsbrev\"}]},{\"@type\":\"WebSite\",\"@id\":\"https:\/\/sukrin.com\/no\/#website\",\"url\":\"https:\/\/sukrin.com\/no\/\",\"name\":\"Sukrin\",\"description\":\"Enkelt \u00e5 gj\u00f8re noe godt\",\"publisher\":{\"@id\":\"https:\/\/sukrin.com\/no\/#organization\"},\"potentialAction\":[{\"@type\":\"SearchAction\",\"target\":{\"@type\":\"EntryPoint\",\"urlTemplate\":\"https:\/\/sukrin.com\/no\/?s={search_term_string}\"},\"query-input\":{\"@type\":\"PropertyValueSpecification\",\"valueRequired\":true,\"valueName\":\"search_term_string\"}}],\"inLanguage\":\"nb-NO\"},{\"@type\":\"Organization\",\"@id\":\"https:\/\/sukrin.com\/no\/#organization\",\"name\":\"Funksjonell mat\",\"url\":\"https:\/\/sukrin.com\/no\/\",\"logo\":{\"@type\":\"ImageObject\",\"inLanguage\":\"nb-NO\",\"@id\":\"https:\/\/sukrin.com\/no\/#\/schema\/logo\/image\/\",\"url\":\"https:\/\/sukrin.com\/no\/content\/2023\/11\/funksjonell-mat-logo.svg\",\"contentUrl\":\"https:\/\/sukrin.com\/no\/content\/2023\/11\/funksjonell-mat-logo.svg\",\"width\":1,\"height\":1,\"caption\":\"Funksjonell mat\"},\"image\":{\"@id\":\"https:\/\/sukrin.com\/no\/#\/schema\/logo\/image\/\"},\"sameAs\":[\"https:\/\/nb-no.facebook.com\/funksjonellmat\/\",\"https:\/\/www.instagram.com\/sukrin.no\/\",\"https:\/\/tatrck.com\/h\/0Hu30uVO0x7R?url=httpswww.tiktok.comsukrin_official\"]}]}<\/script>\n<!-- \/ Yoast SEO plugin. -->","yoast_head_json":{"title":"Sukrin - Nyhetsbrev","description":"Les informasjon og tips om v\u00e5re produkter. F\u00e5 inspirasjon og gode oppskrifter. Vi sender ut nyhetsbrev ca. 6 ganger i \u00e5ret.","robots":{"index":"index","follow":"follow","max-snippet":"max-snippet:-1","max-image-preview":"max-image-preview:large","max-video-preview":"max-video-preview:-1"},"canonical":"https:\/\/sukrin.com\/no\/inspirasjon\/nyhetsbrev-arkiv","og_locale":"nb_NO","og_type":"article","og_title":"Sukrin - Nyhetsbrev","og_description":"Les informasjon og tips om v\u00e5re produkter. F\u00e5 inspirasjon og gode oppskrifter. Vi sender ut nyhetsbrev ca. 6 ganger i \u00e5ret.","og_url":"https:\/\/sukrin.com\/no\/inspirasjon\/nyhetsbrev-arkiv","og_site_name":"Sukrin","article_publisher":"https:\/\/nb-no.facebook.com\/funksjonellmat\/","article_modified_time":"2026-02-04T08:57:09+00:00","twitter_card":"summary_large_image","schema":{"@context":"https:\/\/schema.org","@graph":[{"@type":"WebPage","@id":"https:\/\/sukrin.com\/no\/inspirasjon\/nyhetsbrev-arkiv","url":"https:\/\/sukrin.com\/no\/inspirasjon\/nyhetsbrev-arkiv","name":"Sukrin - Nyhetsbrev","isPartOf":{"@id":"https:\/\/sukrin.com\/no\/#website"},"datePublished":"2024-03-26T10:01:44+00:00","dateModified":"2026-02-04T08:57:09+00:00","description":"Les informasjon og tips om v\u00e5re produkter. F\u00e5 inspirasjon og gode oppskrifter. Vi sender ut nyhetsbrev ca. 6 ganger i \u00e5ret.","breadcrumb":{"@id":"https:\/\/sukrin.com\/no\/inspirasjon\/nyhetsbrev-arkiv#breadcrumb"},"inLanguage":"nb-NO","potentialAction":[{"@type":"ReadAction","target":["https:\/\/sukrin.com\/no\/inspirasjon\/nyhetsbrev-arkiv"]}]},{"@type":"BreadcrumbList","@id":"https:\/\/sukrin.com\/no\/inspirasjon\/nyhetsbrev-arkiv#breadcrumb","itemListElement":[{"@type":"ListItem","position":1,"name":"Hjem","item":"https:\/\/sukrin.com\/no\/"},{"@type":"ListItem","position":2,"name":"Inspirasjon","item":"https:\/\/sukrin.com\/no\/inspirasjon"},{"@type":"ListItem","position":3,"name":"Nyhetsbrev"}]},{"@type":"WebSite","@id":"https:\/\/sukrin.com\/no\/#website","url":"https:\/\/sukrin.com\/no\/","name":"Sukrin","description":"Enkelt \u00e5 gj\u00f8re noe godt","publisher":{"@id":"https:\/\/sukrin.com\/no\/#organization"},"potentialAction":[{"@type":"SearchAction","target":{"@type":"EntryPoint","urlTemplate":"https:\/\/sukrin.com\/no\/?s={search_term_string}"},"query-input":{"@type":"PropertyValueSpecification","valueRequired":true,"valueName":"search_term_string"}}],"inLanguage":"nb-NO"},{"@type":"Organization","@id":"https:\/\/sukrin.com\/no\/#organization","name":"Funksjonell mat","url":"https:\/\/sukrin.com\/no\/","logo":{"@type":"ImageObject","inLanguage":"nb-NO","@id":"https:\/\/sukrin.com\/no\/#\/schema\/logo\/image\/","url":"https:\/\/sukrin.com\/no\/content\/2023\/11\/funksjonell-mat-logo.svg","contentUrl":"https:\/\/sukrin.com\/no\/content\/2023\/11\/funksjonell-mat-logo.svg","width":1,"height":1,"caption":"Funksjonell mat"},"image":{"@id":"https:\/\/sukrin.com\/no\/#\/schema\/logo\/image\/"},"sameAs":["https:\/\/nb-no.facebook.com\/funksjonellmat\/","https:\/\/www.instagram.com\/sukrin.no\/","https:\/\/tatrck.com\/h\/0Hu30uVO0x7R?url=httpswww.tiktok.comsukrin_official"]}]}},"_links":{"self":[{"href":"https:\/\/sukrin.com\/no\/wp-json\/wp\/v2\/pages\/151","targetHints":{"allow":["GET"]}}],"collection":[{"href":"https:\/\/sukrin.com\/no\/wp-json\/wp\/v2\/pages"}],"about":[{"href":"https:\/\/sukrin.com\/no\/wp-json\/wp\/v2\/types\/page"}],"author":[{"embeddable":true,"href":"https:\/\/sukrin.com\/no\/wp-json\/wp\/v2\/users\/10"}],"replies":[{"embeddable":true,"href":"https:\/\/sukrin.com\/no\/wp-json\/wp\/v2\/comments?post=151"}],"version-history":[{"count":12,"href":"https:\/\/sukrin.com\/no\/wp-json\/wp\/v2\/pages\/151\/revisions"}],"predecessor-version":[{"id":3822,"href":"https:\/\/sukrin.com\/no\/wp-json\/wp\/v2\/pages\/151\/revisions\/3822"}],"up":[{"embeddable":true,"href":"https:\/\/sukrin.com\/no\/wp-json\/wp\/v2\/pages\/2558"}],"wp:attachment":[{"href":"https:\/\/sukrin.com\/no\/wp-json\/wp\/v2\/media?parent=151"}],"curies":[{"name":"wp","href":"https:\/\/api.w.org\/{rel}","templated":true}]}}