{"id":3414,"date":"2024-10-23T13:59:40","date_gmt":"2024-10-23T11:59:40","guid":{"rendered":"https:\/\/sukrin.com\/en\/?page_id=3414"},"modified":"2025-09-16T08:56:15","modified_gmt":"2025-09-16T06:56:15","slug":"sverige","status":"publish","type":"page","link":"https:\/\/sukrin.com\/en\/sverige","title":{"rendered":"Sverige"},"content":{"rendered":"\n<h2 class=\"wp-block-heading\">\u00d6versikt \u00f6ver \u00e5terf\u00f6rs\u00e4ljare i Sverige:<\/h2>\n\n\n\n<div class=\"wp-block-columns is-layout-flex wp-container-core-columns-is-layout-9d6595d7 wp-block-columns-is-layout-flex\">\n<div class=\"wp-block-column is-layout-flow wp-block-column-is-layout-flow\">\n<div class=\"wp-block-buttons is-layout-flex wp-block-buttons-is-layout-flex\">\n<div class=\"wp-block-button has-custom-width wp-block-button__width-100\"><a class=\"wp-block-button__link has-pure-black-color has-light-beige-background-color has-text-color has-background has-link-color wp-element-button\" href=\"https:\/\/www.halsokostbolaget.com\/category\/sukrin\" style=\"border-radius:10px\" target=\"_blank\" rel=\"noreferrer noopener\">H\u00e4lsokostbolaget<\/a><\/div>\n\n\n\n<div class=\"wp-block-button has-custom-width wp-block-button__width-100\"><a class=\"wp-block-button__link has-pure-black-color has-light-beige-background-color has-text-color has-background has-link-color wp-element-button\" href=\"https:\/\/www.bodystore.com\/allavarumarken\/sukrin\" style=\"border-radius:10px\" target=\"_blank\" rel=\"noreferrer noopener\">Bodystore<\/a><\/div>\n\n\n\n<div class=\"wp-block-button has-custom-width wp-block-button__width-100\"><a class=\"wp-block-button__link has-pure-black-color has-light-beige-background-color has-text-color has-background has-link-color wp-element-button\" href=\"https:\/\/www.gymgrossisten.com\/allavarumarken\/sukrin\" style=\"border-radius:10px\" target=\"_blank\" rel=\"noreferrer noopener\">Gymgrossisten<\/a><\/div>\n\n\n\n<div class=\"wp-block-button has-custom-width wp-block-button__width-100\"><a class=\"wp-block-button__link has-pure-black-color has-light-beige-background-color has-text-color has-background has-link-color wp-element-button\" href=\"https:\/\/www.apohem.se\/sukrin\" style=\"border-radius:10px\" target=\"_blank\" rel=\"noreferrer noopener\">Apohem<\/a><\/div>\n\n\n\n<div class=\"wp-block-button has-custom-width wp-block-button__width-100\"><a class=\"wp-block-button__link has-pure-black-color has-light-beige-background-color has-text-color has-background has-link-color wp-element-button\" href=\"https:\/\/www.svenskhalsokost.se\/sukrin\" style=\"border-radius:10px\" target=\"_blank\" rel=\"noreferrer noopener\">Svensk H\u00e4lsokost<\/a><\/div>\n<\/div>\n<\/div>\n\n\n\n<div class=\"wp-block-column is-layout-flow wp-block-column-is-layout-flow\">\n<div class=\"wp-block-buttons is-layout-flex wp-block-buttons-is-layout-flex\">\n<div class=\"wp-block-button has-custom-width wp-block-button__width-100\"><a class=\"wp-block-button__link has-pure-black-color has-light-beige-background-color has-text-color has-background has-link-color wp-element-button\" href=\"https:\/\/www.meds.se\/sukrin\/\" style=\"border-radius:10px\" target=\"_blank\" rel=\"noreferrer noopener\">Meds<\/a><\/div>\n\n\n\n<div class=\"wp-block-button has-custom-width wp-block-button__width-100\"><a class=\"wp-block-button__link has-pure-black-color has-light-beige-background-color has-text-color has-background has-link-color wp-element-button\" href=\"https:\/\/diabeticdesigned.se\/search?type=product%2Carticle&amp;options%5bprefix%5d=last&amp;q=sukrin*\" style=\"border-radius:10px\" target=\"_blank\" rel=\"noreferrer noopener\">Diabetic Designed<\/a><\/div>\n\n\n\n<div class=\"wp-block-button has-custom-width wp-block-button__width-100\"><a class=\"wp-block-button__link has-pure-black-color has-light-beige-background-color has-text-color has-background has-link-color wp-element-button\" href=\"https:\/\/www.apotea.se\/sukrin\" style=\"border-radius:10px\" target=\"_blank\" rel=\"noreferrer noopener\">Apotea<\/a><\/div>\n\n\n\n<div class=\"wp-block-button has-custom-width wp-block-button__width-100\"><a class=\"wp-block-button__link has-pure-black-color has-light-beige-background-color has-text-color has-background has-link-color wp-element-button\" href=\"https:\/\/www.sportkost.se\/varumarken\/sukrin\" style=\"border-radius:10px\" target=\"_blank\" rel=\"noreferrer noopener\">Sportkost<\/a><\/div>\n\n\n\n<div class=\"wp-block-button has-custom-width wp-block-button__width-100\"><a class=\"wp-block-button__link has-pure-black-color has-light-beige-background-color has-text-color has-background has-link-color wp-element-button\" href=\"https:\/\/www.bodypower.se\/varumarken\/sukrin\" style=\"border-radius:10px\" target=\"_blank\" rel=\"noreferrer noopener\">BODYPOWER<\/a><\/div>\n<\/div>\n<\/div>\n\n\n\n<div class=\"wp-block-column is-layout-flow wp-block-column-is-layout-flow\">\n<div class=\"wp-block-buttons is-layout-flex wp-block-buttons-is-layout-flex\">\n<div class=\"wp-block-button has-custom-width wp-block-button__width-100\"><a class=\"wp-block-button__link has-pure-black-color has-light-beige-background-color has-text-color has-background has-link-color wp-element-button\" href=\"https:\/\/www.svensktkosttillskott.se\/sukrin\" style=\"border-radius:10px\" target=\"_blank\" rel=\"noreferrer noopener\">Svenskt Kosttillskott<\/a><\/div>\n\n\n\n<div class=\"wp-block-button has-custom-width wp-block-button__width-100\"><a class=\"wp-block-button__link has-pure-black-color has-light-beige-background-color has-text-color has-background has-link-color wp-element-button\" href=\"https:\/\/www.marron.se\/?s=sukrin&amp;post_type=product\" style=\"border-radius:10px\" target=\"_blank\" rel=\"noreferrer noopener\">Nora Chokladskola<\/a><\/div>\n\n\n\n<div class=\"wp-block-button has-custom-width wp-block-button__width-100\"><a class=\"wp-block-button__link has-pure-black-color has-light-beige-background-color has-text-color has-background has-link-color wp-element-button\" href=\"https:\/\/halsokraft.se\/varumarken\/sukrin\" style=\"border-radius:10px\" target=\"_blank\" rel=\"noreferrer noopener\">H\u00c4LSOKRAFT<\/a><\/div>\n\n\n\n<div class=\"wp-block-button has-custom-width wp-block-button__width-100\"><a class=\"wp-block-button__link has-pure-black-color has-light-beige-background-color has-text-color has-background has-link-color wp-element-button\" href=\"https:\/\/www.shopping4net.se\/Soek.htm?q=sukrin\" style=\"border-radius:10px\" target=\"_blank\" rel=\"noreferrer noopener\">Shopping4net<\/a><\/div>\n<\/div>\n<\/div>\n<\/div>\n\n\n\n<h2 class=\"wp-block-heading\">Fysiska butiker:<\/h2>\n\n\n\n<div class=\"wp-block-columns is-layout-flex wp-container-core-columns-is-layout-9d6595d7 wp-block-columns-is-layout-flex\">\n<div class=\"wp-block-column is-layout-flow wp-block-column-is-layout-flow\">\n<div class=\"wp-block-buttons is-layout-flex wp-block-buttons-is-layout-flex\">\n<div class=\"wp-block-button has-custom-width wp-block-button__width-100\"><a class=\"wp-block-button__link has-pure-black-color has-light-beige-background-color has-text-color has-background has-link-color wp-element-button\" href=\"https:\/\/www.bodypower.se\/butiker\" style=\"border-radius:10px\" target=\"_blank\" rel=\"noreferrer noopener\">BODYPOWER<\/a><\/div>\n\n\n\n<div class=\"wp-block-button has-custom-width wp-block-button__width-100\"><a class=\"wp-block-button__link has-pure-black-color has-light-beige-background-color has-text-color has-background has-link-color wp-element-button\" href=\"https:\/\/charlottenbergsshopping.se\/butiker\/guns-halsokost\/\" style=\"border-radius:10px\" target=\"_blank\" rel=\"noreferrer noopener\">Guns H\u00e4lsokost Charlottenberg<\/a><\/div>\n\n\n\n<div class=\"wp-block-button has-custom-width wp-block-button__width-100\"><a class=\"wp-block-button__link has-pure-black-color has-light-beige-background-color has-text-color has-background has-link-color wp-element-button\" href=\"https:\/\/tocksforsshopping.se\/butiker\/guns-halsokost\/\" style=\"border-radius:10px\" target=\"_blank\" rel=\"noreferrer noopener\">Guns H\u00e4lsokost T\u00f6ckfors<\/a><\/div>\n\n\n\n<div class=\"wp-block-button has-custom-width wp-block-button__width-100\"><a class=\"wp-block-button__link has-pure-black-color has-light-beige-background-color has-text-color has-background has-link-color wp-element-button\" href=\"https:\/\/nordby.se\/store\/guns-halsokost\/\" style=\"border-radius:10px\" target=\"_blank\" rel=\"noreferrer noopener\">Guns H\u00e4lsokost Nordby<\/a><\/div>\n<\/div>\n<\/div>\n\n\n\n<div class=\"wp-block-column is-layout-flow wp-block-column-is-layout-flow\">\n<div class=\"wp-block-buttons is-layout-flex wp-block-buttons-is-layout-flex\">\n<div class=\"wp-block-button has-custom-width wp-block-button__width-100\"><a class=\"wp-block-button__link has-pure-black-color has-light-beige-background-color has-text-color has-background has-link-color wp-element-button\" href=\"https:\/\/maps.app.goo.gl\/nBgTdQ7fj4gP5iPPA\" style=\"border-radius:10px\" target=\"_blank\" rel=\"noreferrer noopener\">H\u00e4lsokostbolaget Str\u00f6mstad<\/a><\/div>\n\n\n\n<div class=\"wp-block-button has-custom-width wp-block-button__width-100\"><a class=\"wp-block-button__link has-pure-black-color has-light-beige-background-color has-text-color has-background has-link-color wp-element-button\" href=\"https:\/\/maps.app.goo.gl\/1Ddy4VU4T19CZ4uWA\" style=\"border-radius:10px\" target=\"_blank\" rel=\"noreferrer noopener\">H\u00e4lsokostbolaget Svinesund<\/a><\/div>\n\n\n\n<div class=\"wp-block-button has-custom-width wp-block-button__width-100\"><a class=\"wp-block-button__link has-pure-black-color has-light-beige-background-color has-text-color has-background has-link-color wp-element-button\" href=\"https:\/\/charlottenbergsshopping.se\/butiker\/hypermat\/\" style=\"border-radius:10px\" target=\"_blank\" rel=\"noreferrer noopener\">Hypermat<br>Charlottenberg<\/a><\/div>\n\n\n\n<div class=\"wp-block-button has-custom-width wp-block-button__width-100\"><a class=\"wp-block-button__link has-pure-black-color has-light-beige-background-color has-text-color has-background has-link-color wp-element-button\" href=\"https:\/\/nordby.se\/store\/maximat\/\" style=\"border-radius:10px\" target=\"_blank\" rel=\"noreferrer noopener\">MaxiMat Nordby<\/a><\/div>\n\n\n\n<div class=\"wp-block-button has-custom-width wp-block-button__width-100\"><a class=\"wp-block-button__link has-pure-black-color has-light-beige-background-color has-text-color has-background has-link-color wp-element-button\" href=\"https:\/\/tocksforsshopping.se\/butiker\/maximat\/\" style=\"border-radius:10px\" target=\"_blank\" rel=\"noreferrer noopener\">MaxiMat T\u00f6cksfors<\/a><\/div>\n<\/div>\n<\/div>\n\n\n\n<div class=\"wp-block-column is-layout-flow wp-block-column-is-layout-flow\">\n<div class=\"wp-block-buttons is-layout-flex wp-block-buttons-is-layout-flex\">\n<div class=\"wp-block-button has-custom-width wp-block-button__width-100\"><a class=\"wp-block-button__link has-pure-black-color has-light-beige-background-color has-text-color has-background has-link-color wp-element-button\" href=\"https:\/\/www.maximatsvinesund.se\/\" style=\"border-radius:10px\" target=\"_blank\" rel=\"noreferrer noopener\">MaxiMat Svinesund<\/a><\/div>\n\n\n\n<div class=\"wp-block-button has-custom-width wp-block-button__width-100\"><a class=\"wp-block-button__link has-pure-black-color has-light-beige-background-color has-text-color has-background has-link-color wp-element-button\" href=\"https:\/\/nordby.se\/store\/nordby-supermarket\/\" style=\"border-radius:10px\" target=\"_blank\" rel=\"noreferrer noopener\">Nordby Supermarket (Grensemat)<\/a><\/div>\n\n\n\n<div class=\"wp-block-button has-custom-width wp-block-button__width-100\"><a class=\"wp-block-button__link has-pure-black-color has-light-beige-background-color has-text-color has-background has-link-color wp-element-button\" href=\"https:\/\/www.tobaksvagnen.se\/\" style=\"border-radius:10px\" target=\"_blank\" rel=\"noreferrer noopener\">Tobaksvagnen Svinesund<\/a><\/div>\n\n\n\n<div class=\"wp-block-button has-custom-width wp-block-button__width-100\"><a class=\"wp-block-button__link has-pure-black-color has-light-beige-background-color has-text-color has-background has-link-color wp-element-button\" href=\"https:\/\/www.tanndalen.com\/mat-noeje\/hamra-livs\" style=\"border-radius:10px\" target=\"_blank\" rel=\"noreferrer noopener\">Hamra Livs, T\u00e4nndalen<\/a><\/div>\n<\/div>\n<\/div>\n<\/div>\n\n\n\n<p class=\"has-text-align-center\"><strong>Finns \u00e4ven i utvalda ICA- och hemk\u00f6p butiker.<\/strong><\/p>\n\n\n\n<div style=\"height:2em\" aria-hidden=\"true\" class=\"wp-block-spacer\"><\/div>\n\n\n\n<div class=\"wp-block-buttons is-layout-flex wp-block-buttons-is-layout-flex\">\n<div class=\"wp-block-button has-custom-width wp-block-button__width-100\"><a class=\"wp-block-button__link has-pure-black-color has-text-color has-background has-link-color has-medium-font-size has-custom-font-size wp-element-button\" href=\"mailto: info@sukrin.com?subject=F\u00f6rfr\u00e5gan om distribution - Sverige\" style=\"border-radius:10px;background-color:#edf5ff\" rel=\"nofollow\">Vid f\u00f6rfr\u00e5gan om distribution, v\u00e4nligen kontakta oss p\u00e5:<br>info@sukrin.com<\/a><\/div>\n<\/div>\n\n\n\n<p><\/p>\n","protected":false},"excerpt":{"rendered":"<p>\u00d6versikt \u00f6ver \u00e5terf\u00f6rs\u00e4ljare i Sverige: Fysiska butiker: Finns \u00e4ven i utvalda ICA- och hemk\u00f6p butiker.<\/p>\n","protected":false},"author":12,"featured_media":0,"parent":0,"menu_order":0,"comment_status":"closed","ping_status":"closed","template":"","meta":{"footnotes":""},"class_list":["post-3414","page","type-page","status-publish","hentry"],"acf":[],"yoast_head":"<!-- This site is optimized with the Yoast SEO plugin v27.1.1 - https:\/\/yoast.com\/product\/yoast-seo-wordpress\/ -->\n<title>Sverige - Sukrin<\/title>\n<meta name=\"robots\" content=\"index, follow, max-snippet:-1, max-image-preview:large, max-video-preview:-1\" \/>\n<link rel=\"canonical\" href=\"https:\/\/sukrin.com\/en\/sverige\" \/>\n<meta property=\"og:locale\" content=\"en_US\" \/>\n<meta property=\"og:type\" content=\"article\" \/>\n<meta property=\"og:title\" content=\"Sverige - Sukrin\" \/>\n<meta property=\"og:description\" content=\"\u00d6versikt \u00f6ver \u00e5terf\u00f6rs\u00e4ljare i Sverige: Fysiska butiker: Finns \u00e4ven i utvalda ICA- och hemk\u00f6p butiker.\" \/>\n<meta property=\"og:url\" content=\"https:\/\/sukrin.com\/en\/sverige\" \/>\n<meta property=\"og:site_name\" content=\"Sukrin\" \/>\n<meta property=\"article:publisher\" content=\"https:\/\/nb-no.facebook.com\/funksjonellmat\/\" \/>\n<meta property=\"article:modified_time\" content=\"2025-09-16T06:56:15+00:00\" \/>\n<meta property=\"og:image\" content=\"https:\/\/sukrin.com\/en\/content\/2024\/09\/sukrin-soetning-nor-crop.jpg\" \/>\n\t<meta property=\"og:image:width\" content=\"2000\" \/>\n\t<meta property=\"og:image:height\" content=\"970\" \/>\n\t<meta property=\"og:image:type\" content=\"image\/jpeg\" \/>\n<meta name=\"twitter:card\" content=\"summary_large_image\" \/>\n<meta name=\"twitter:label1\" content=\"Est. reading time\" \/>\n\t<meta name=\"twitter:data1\" content=\"1 minute\" \/>\n<script type=\"application\/ld+json\" class=\"yoast-schema-graph\">{\"@context\":\"https:\/\/schema.org\",\"@graph\":[{\"@type\":\"WebPage\",\"@id\":\"https:\/\/sukrin.com\/en\/sverige\",\"url\":\"https:\/\/sukrin.com\/en\/sverige\",\"name\":\"Sverige - Sukrin\",\"isPartOf\":{\"@id\":\"https:\/\/sukrin.com\/en\/#website\"},\"datePublished\":\"2024-10-23T11:59:40+00:00\",\"dateModified\":\"2025-09-16T06:56:15+00:00\",\"breadcrumb\":{\"@id\":\"https:\/\/sukrin.com\/en\/sverige#breadcrumb\"},\"inLanguage\":\"en-US\",\"potentialAction\":[{\"@type\":\"ReadAction\",\"target\":[\"https:\/\/sukrin.com\/en\/sverige\"]}]},{\"@type\":\"BreadcrumbList\",\"@id\":\"https:\/\/sukrin.com\/en\/sverige#breadcrumb\",\"itemListElement\":[{\"@type\":\"ListItem\",\"position\":1,\"name\":\"Home\",\"item\":\"https:\/\/sukrin.com\/en\/\"},{\"@type\":\"ListItem\",\"position\":2,\"name\":\"Sverige\"}]},{\"@type\":\"WebSite\",\"@id\":\"https:\/\/sukrin.com\/en\/#website\",\"url\":\"https:\/\/sukrin.com\/en\/\",\"name\":\"Sukrin\",\"description\":\"Healthy and tasty made easy\",\"publisher\":{\"@id\":\"https:\/\/sukrin.com\/en\/#organization\"},\"potentialAction\":[{\"@type\":\"SearchAction\",\"target\":{\"@type\":\"EntryPoint\",\"urlTemplate\":\"https:\/\/sukrin.com\/en\/?s={search_term_string}\"},\"query-input\":{\"@type\":\"PropertyValueSpecification\",\"valueRequired\":true,\"valueName\":\"search_term_string\"}}],\"inLanguage\":\"en-US\"},{\"@type\":\"Organization\",\"@id\":\"https:\/\/sukrin.com\/en\/#organization\",\"name\":\"Funksjonell Mat AS\",\"alternateName\":\"Funksjonell Mat AS\",\"url\":\"https:\/\/sukrin.com\/en\/\",\"logo\":{\"@type\":\"ImageObject\",\"inLanguage\":\"en-US\",\"@id\":\"https:\/\/sukrin.com\/en\/#\/schema\/logo\/image\/\",\"url\":\"https:\/\/sukrin.com\/en\/content\/2023\/11\/funksjonell-mat-logo.svg\",\"contentUrl\":\"https:\/\/sukrin.com\/en\/content\/2023\/11\/funksjonell-mat-logo.svg\",\"width\":1,\"height\":1,\"caption\":\"Funksjonell Mat AS\"},\"image\":{\"@id\":\"https:\/\/sukrin.com\/en\/#\/schema\/logo\/image\/\"},\"sameAs\":[\"https:\/\/nb-no.facebook.com\/funksjonellmat\/\",\"https:\/\/www.instagram.com\/sukrin.no\/\",\"https:\/\/tatrck.com\/h\/0Hu30uVO0x7R?url=httpswww.tiktok.comsukrin_official\"]}]}<\/script>\n<!-- \/ Yoast SEO plugin. -->","yoast_head_json":{"title":"Sverige - Sukrin","robots":{"index":"index","follow":"follow","max-snippet":"max-snippet:-1","max-image-preview":"max-image-preview:large","max-video-preview":"max-video-preview:-1"},"canonical":"https:\/\/sukrin.com\/en\/sverige","og_locale":"en_US","og_type":"article","og_title":"Sverige - Sukrin","og_description":"\u00d6versikt \u00f6ver \u00e5terf\u00f6rs\u00e4ljare i Sverige: Fysiska butiker: Finns \u00e4ven i utvalda ICA- och hemk\u00f6p butiker.","og_url":"https:\/\/sukrin.com\/en\/sverige","og_site_name":"Sukrin","article_publisher":"https:\/\/nb-no.facebook.com\/funksjonellmat\/","article_modified_time":"2025-09-16T06:56:15+00:00","og_image":[{"width":2000,"height":970,"url":"https:\/\/sukrin.com\/en\/content\/2024\/09\/sukrin-soetning-nor-crop.jpg","type":"image\/jpeg"}],"twitter_card":"summary_large_image","twitter_misc":{"Est. reading time":"1 minute"},"schema":{"@context":"https:\/\/schema.org","@graph":[{"@type":"WebPage","@id":"https:\/\/sukrin.com\/en\/sverige","url":"https:\/\/sukrin.com\/en\/sverige","name":"Sverige - Sukrin","isPartOf":{"@id":"https:\/\/sukrin.com\/en\/#website"},"datePublished":"2024-10-23T11:59:40+00:00","dateModified":"2025-09-16T06:56:15+00:00","breadcrumb":{"@id":"https:\/\/sukrin.com\/en\/sverige#breadcrumb"},"inLanguage":"en-US","potentialAction":[{"@type":"ReadAction","target":["https:\/\/sukrin.com\/en\/sverige"]}]},{"@type":"BreadcrumbList","@id":"https:\/\/sukrin.com\/en\/sverige#breadcrumb","itemListElement":[{"@type":"ListItem","position":1,"name":"Home","item":"https:\/\/sukrin.com\/en\/"},{"@type":"ListItem","position":2,"name":"Sverige"}]},{"@type":"WebSite","@id":"https:\/\/sukrin.com\/en\/#website","url":"https:\/\/sukrin.com\/en\/","name":"Sukrin","description":"Healthy and tasty made easy","publisher":{"@id":"https:\/\/sukrin.com\/en\/#organization"},"potentialAction":[{"@type":"SearchAction","target":{"@type":"EntryPoint","urlTemplate":"https:\/\/sukrin.com\/en\/?s={search_term_string}"},"query-input":{"@type":"PropertyValueSpecification","valueRequired":true,"valueName":"search_term_string"}}],"inLanguage":"en-US"},{"@type":"Organization","@id":"https:\/\/sukrin.com\/en\/#organization","name":"Funksjonell Mat AS","alternateName":"Funksjonell Mat AS","url":"https:\/\/sukrin.com\/en\/","logo":{"@type":"ImageObject","inLanguage":"en-US","@id":"https:\/\/sukrin.com\/en\/#\/schema\/logo\/image\/","url":"https:\/\/sukrin.com\/en\/content\/2023\/11\/funksjonell-mat-logo.svg","contentUrl":"https:\/\/sukrin.com\/en\/content\/2023\/11\/funksjonell-mat-logo.svg","width":1,"height":1,"caption":"Funksjonell Mat AS"},"image":{"@id":"https:\/\/sukrin.com\/en\/#\/schema\/logo\/image\/"},"sameAs":["https:\/\/nb-no.facebook.com\/funksjonellmat\/","https:\/\/www.instagram.com\/sukrin.no\/","https:\/\/tatrck.com\/h\/0Hu30uVO0x7R?url=httpswww.tiktok.comsukrin_official"]}]}},"_links":{"self":[{"href":"https:\/\/sukrin.com\/en\/wp-json\/wp\/v2\/pages\/3414","targetHints":{"allow":["GET"]}}],"collection":[{"href":"https:\/\/sukrin.com\/en\/wp-json\/wp\/v2\/pages"}],"about":[{"href":"https:\/\/sukrin.com\/en\/wp-json\/wp\/v2\/types\/page"}],"author":[{"embeddable":true,"href":"https:\/\/sukrin.com\/en\/wp-json\/wp\/v2\/users\/12"}],"replies":[{"embeddable":true,"href":"https:\/\/sukrin.com\/en\/wp-json\/wp\/v2\/comments?post=3414"}],"version-history":[{"count":26,"href":"https:\/\/sukrin.com\/en\/wp-json\/wp\/v2\/pages\/3414\/revisions"}],"predecessor-version":[{"id":4097,"href":"https:\/\/sukrin.com\/en\/wp-json\/wp\/v2\/pages\/3414\/revisions\/4097"}],"wp:attachment":[{"href":"https:\/\/sukrin.com\/en\/wp-json\/wp\/v2\/media?parent=3414"}],"curies":[{"name":"wp","href":"https:\/\/api.w.org\/{rel}","templated":true}]}}