{"id":3402,"date":"2024-10-23T13:42:31","date_gmt":"2024-10-23T11:42:31","guid":{"rendered":"https:\/\/sukrin.com\/en\/?page_id=3402"},"modified":"2026-02-06T11:29:58","modified_gmt":"2026-02-06T10:29:58","slug":"suomi","status":"publish","type":"page","link":"https:\/\/sukrin.com\/en\/suomi","title":{"rendered":"Suomi"},"content":{"rendered":"\n<h2 class=\"wp-block-heading\">L\u00f6yd\u00e4 j\u00e4lleenmyyj\u00e4si t\u00e4\u00e4lt\u00e4:<\/h2>\n\n\n\n<div class=\"wp-block-columns is-layout-flex wp-container-core-columns-is-layout-9d6595d7 wp-block-columns-is-layout-flex\">\n<div class=\"wp-block-column is-layout-flow wp-block-column-is-layout-flow\">\n<div class=\"wp-block-buttons is-layout-flex wp-block-buttons-is-layout-flex\">\n<div class=\"wp-block-button has-custom-width wp-block-button__width-100\"><a class=\"wp-block-button__link has-pure-black-color has-light-beige-background-color has-text-color has-background has-link-color wp-element-button\" href=\"https:\/\/www.fitnesstukku.fi\/search?q=sukrin&amp;lang=fi_FI\" style=\"border-radius:10px\" target=\"_blank\" rel=\"noreferrer noopener\">FITNESSTUKKU<\/a><\/div>\n\n\n\n<div class=\"wp-block-button has-custom-width wp-block-button__width-100\"><a class=\"wp-block-button__link has-pure-black-color has-light-beige-background-color has-text-color has-background has-link-color wp-element-button\" href=\"https:\/\/www.corenutrition.fi\/sukrin\" style=\"border-radius:10px\" target=\"_blank\" rel=\"noreferrer noopener\">Core Nutrition<\/a><\/div>\n<\/div>\n<\/div>\n\n\n\n<div class=\"wp-block-column is-layout-flow wp-block-column-is-layout-flow\">\n<div class=\"wp-block-buttons is-layout-flex wp-block-buttons-is-layout-flex\">\n<div class=\"wp-block-button has-custom-width wp-block-button__width-100\"><a class=\"wp-block-button__link has-pure-black-color has-light-beige-background-color has-text-color has-background has-link-color wp-element-button\" href=\"https:\/\/fitwarehouse.fi\/brand\/71-sukrin\" style=\"border-radius:10px\" target=\"_blank\" rel=\"noreferrer noopener\">FITWAREHOUSE<\/a><\/div>\n\n\n\n<div class=\"wp-block-button has-custom-width wp-block-button__width-100\"><a class=\"wp-block-button__link has-pure-black-color has-light-beige-background-color has-text-color has-background has-link-color wp-element-button\" href=\"https:\/\/www.healthwell.fi\/sukrin\" style=\"border-radius:10px\" target=\"_blank\" rel=\"noreferrer noopener\">healthwell<\/a><\/div>\n<\/div>\n<\/div>\n\n\n\n<div class=\"wp-block-column is-layout-flow wp-block-column-is-layout-flow\">\n<div class=\"wp-block-buttons is-layout-flex wp-block-buttons-is-layout-flex\">\n<div class=\"wp-block-button has-custom-width wp-block-button__width-100\"><a class=\"wp-block-button__link has-pure-black-color has-light-beige-background-color has-text-color has-background has-link-color wp-element-button\" href=\"https:\/\/www.shopping4net.fi\/Luontaistuotteet\/Valmistaja\/Sukrin.htm\" style=\"border-radius:10px\" target=\"_blank\" rel=\"noreferrer noopener\">Shopping4net<\/a><\/div>\n\n\n\n<div class=\"wp-block-button has-custom-width wp-block-button__width-100\"><a class=\"wp-block-button__link has-pure-black-color has-light-beige-background-color has-text-color has-background has-link-color wp-element-button\" href=\"https:\/\/karppaamo.fi\/?s=sukrin&amp;post_type=product\" style=\"border-radius:10px\" target=\"_blank\" rel=\"noreferrer noopener\">Karppaamo<\/a><\/div>\n<\/div>\n<\/div>\n<\/div>\n\n\n\n<div style=\"height:2em\" aria-hidden=\"true\" class=\"wp-block-spacer\"><\/div>\n\n\n\n<div class=\"wp-block-buttons is-layout-flex wp-block-buttons-is-layout-flex\">\n<div class=\"wp-block-button has-custom-width wp-block-button__width-100\"><a class=\"wp-block-button__link has-pure-black-color has-text-color has-background has-link-color has-medium-font-size has-custom-font-size wp-element-button\" href=\"mailto: info@sukrin.com?subject=Distribution enquiries - Finland\" style=\"border-radius:10px;background-color:#edf5ff\" rel=\"nofollow\">Jakeluasioissa ota yhteytt\u00e4: <br>info@sukrin.com<\/a><\/div>\n<\/div>\n\n\n\n<p><\/p>\n","protected":false},"excerpt":{"rendered":"<p>L\u00f6yd\u00e4 j\u00e4lleenmyyj\u00e4si t\u00e4\u00e4lt\u00e4:<\/p>\n","protected":false},"author":12,"featured_media":0,"parent":0,"menu_order":0,"comment_status":"closed","ping_status":"closed","template":"","meta":{"footnotes":""},"class_list":["post-3402","page","type-page","status-publish","hentry"],"acf":[],"yoast_head":"<!-- This site is optimized with the Yoast SEO plugin v27.1.1 - https:\/\/yoast.com\/product\/yoast-seo-wordpress\/ -->\n<title>Suomi - Sukrin<\/title>\n<meta name=\"robots\" content=\"index, follow, max-snippet:-1, max-image-preview:large, max-video-preview:-1\" \/>\n<link rel=\"canonical\" href=\"https:\/\/sukrin.com\/en\/suomi\" \/>\n<meta property=\"og:locale\" content=\"en_US\" \/>\n<meta property=\"og:type\" content=\"article\" \/>\n<meta property=\"og:title\" content=\"Suomi - Sukrin\" \/>\n<meta property=\"og:description\" content=\"L\u00f6yd\u00e4 j\u00e4lleenmyyj\u00e4si t\u00e4\u00e4lt\u00e4:\" \/>\n<meta property=\"og:url\" content=\"https:\/\/sukrin.com\/en\/suomi\" \/>\n<meta property=\"og:site_name\" content=\"Sukrin\" \/>\n<meta property=\"article:publisher\" content=\"https:\/\/nb-no.facebook.com\/funksjonellmat\/\" \/>\n<meta property=\"article:modified_time\" content=\"2026-02-06T10:29:58+00:00\" \/>\n<meta property=\"og:image\" content=\"https:\/\/sukrin.com\/en\/content\/2024\/09\/sukrin-soetning-nor-crop.jpg\" \/>\n\t<meta property=\"og:image:width\" content=\"2000\" \/>\n\t<meta property=\"og:image:height\" content=\"970\" \/>\n\t<meta property=\"og:image:type\" content=\"image\/jpeg\" \/>\n<meta name=\"twitter:card\" content=\"summary_large_image\" \/>\n<meta name=\"twitter:label1\" content=\"Est. reading time\" \/>\n\t<meta name=\"twitter:data1\" content=\"1 minute\" \/>\n<script type=\"application\/ld+json\" class=\"yoast-schema-graph\">{\"@context\":\"https:\/\/schema.org\",\"@graph\":[{\"@type\":\"WebPage\",\"@id\":\"https:\/\/sukrin.com\/en\/suomi\",\"url\":\"https:\/\/sukrin.com\/en\/suomi\",\"name\":\"Suomi - Sukrin\",\"isPartOf\":{\"@id\":\"https:\/\/sukrin.com\/en\/#website\"},\"datePublished\":\"2024-10-23T11:42:31+00:00\",\"dateModified\":\"2026-02-06T10:29:58+00:00\",\"breadcrumb\":{\"@id\":\"https:\/\/sukrin.com\/en\/suomi#breadcrumb\"},\"inLanguage\":\"en-US\",\"potentialAction\":[{\"@type\":\"ReadAction\",\"target\":[\"https:\/\/sukrin.com\/en\/suomi\"]}]},{\"@type\":\"BreadcrumbList\",\"@id\":\"https:\/\/sukrin.com\/en\/suomi#breadcrumb\",\"itemListElement\":[{\"@type\":\"ListItem\",\"position\":1,\"name\":\"Home\",\"item\":\"https:\/\/sukrin.com\/en\/\"},{\"@type\":\"ListItem\",\"position\":2,\"name\":\"Suomi\"}]},{\"@type\":\"WebSite\",\"@id\":\"https:\/\/sukrin.com\/en\/#website\",\"url\":\"https:\/\/sukrin.com\/en\/\",\"name\":\"Sukrin\",\"description\":\"Healthy and tasty made easy\",\"publisher\":{\"@id\":\"https:\/\/sukrin.com\/en\/#organization\"},\"potentialAction\":[{\"@type\":\"SearchAction\",\"target\":{\"@type\":\"EntryPoint\",\"urlTemplate\":\"https:\/\/sukrin.com\/en\/?s={search_term_string}\"},\"query-input\":{\"@type\":\"PropertyValueSpecification\",\"valueRequired\":true,\"valueName\":\"search_term_string\"}}],\"inLanguage\":\"en-US\"},{\"@type\":\"Organization\",\"@id\":\"https:\/\/sukrin.com\/en\/#organization\",\"name\":\"Funksjonell Mat AS\",\"alternateName\":\"Funksjonell Mat AS\",\"url\":\"https:\/\/sukrin.com\/en\/\",\"logo\":{\"@type\":\"ImageObject\",\"inLanguage\":\"en-US\",\"@id\":\"https:\/\/sukrin.com\/en\/#\/schema\/logo\/image\/\",\"url\":\"https:\/\/sukrin.com\/en\/content\/2023\/11\/funksjonell-mat-logo.svg\",\"contentUrl\":\"https:\/\/sukrin.com\/en\/content\/2023\/11\/funksjonell-mat-logo.svg\",\"width\":1,\"height\":1,\"caption\":\"Funksjonell Mat AS\"},\"image\":{\"@id\":\"https:\/\/sukrin.com\/en\/#\/schema\/logo\/image\/\"},\"sameAs\":[\"https:\/\/nb-no.facebook.com\/funksjonellmat\/\",\"https:\/\/www.instagram.com\/sukrin.no\/\",\"https:\/\/tatrck.com\/h\/0Hu30uVO0x7R?url=httpswww.tiktok.comsukrin_official\"]}]}<\/script>\n<!-- \/ Yoast SEO plugin. -->","yoast_head_json":{"title":"Suomi - Sukrin","robots":{"index":"index","follow":"follow","max-snippet":"max-snippet:-1","max-image-preview":"max-image-preview:large","max-video-preview":"max-video-preview:-1"},"canonical":"https:\/\/sukrin.com\/en\/suomi","og_locale":"en_US","og_type":"article","og_title":"Suomi - Sukrin","og_description":"L\u00f6yd\u00e4 j\u00e4lleenmyyj\u00e4si t\u00e4\u00e4lt\u00e4:","og_url":"https:\/\/sukrin.com\/en\/suomi","og_site_name":"Sukrin","article_publisher":"https:\/\/nb-no.facebook.com\/funksjonellmat\/","article_modified_time":"2026-02-06T10:29:58+00:00","og_image":[{"width":2000,"height":970,"url":"https:\/\/sukrin.com\/en\/content\/2024\/09\/sukrin-soetning-nor-crop.jpg","type":"image\/jpeg"}],"twitter_card":"summary_large_image","twitter_misc":{"Est. reading time":"1 minute"},"schema":{"@context":"https:\/\/schema.org","@graph":[{"@type":"WebPage","@id":"https:\/\/sukrin.com\/en\/suomi","url":"https:\/\/sukrin.com\/en\/suomi","name":"Suomi - Sukrin","isPartOf":{"@id":"https:\/\/sukrin.com\/en\/#website"},"datePublished":"2024-10-23T11:42:31+00:00","dateModified":"2026-02-06T10:29:58+00:00","breadcrumb":{"@id":"https:\/\/sukrin.com\/en\/suomi#breadcrumb"},"inLanguage":"en-US","potentialAction":[{"@type":"ReadAction","target":["https:\/\/sukrin.com\/en\/suomi"]}]},{"@type":"BreadcrumbList","@id":"https:\/\/sukrin.com\/en\/suomi#breadcrumb","itemListElement":[{"@type":"ListItem","position":1,"name":"Home","item":"https:\/\/sukrin.com\/en\/"},{"@type":"ListItem","position":2,"name":"Suomi"}]},{"@type":"WebSite","@id":"https:\/\/sukrin.com\/en\/#website","url":"https:\/\/sukrin.com\/en\/","name":"Sukrin","description":"Healthy and tasty made easy","publisher":{"@id":"https:\/\/sukrin.com\/en\/#organization"},"potentialAction":[{"@type":"SearchAction","target":{"@type":"EntryPoint","urlTemplate":"https:\/\/sukrin.com\/en\/?s={search_term_string}"},"query-input":{"@type":"PropertyValueSpecification","valueRequired":true,"valueName":"search_term_string"}}],"inLanguage":"en-US"},{"@type":"Organization","@id":"https:\/\/sukrin.com\/en\/#organization","name":"Funksjonell Mat AS","alternateName":"Funksjonell Mat AS","url":"https:\/\/sukrin.com\/en\/","logo":{"@type":"ImageObject","inLanguage":"en-US","@id":"https:\/\/sukrin.com\/en\/#\/schema\/logo\/image\/","url":"https:\/\/sukrin.com\/en\/content\/2023\/11\/funksjonell-mat-logo.svg","contentUrl":"https:\/\/sukrin.com\/en\/content\/2023\/11\/funksjonell-mat-logo.svg","width":1,"height":1,"caption":"Funksjonell Mat AS"},"image":{"@id":"https:\/\/sukrin.com\/en\/#\/schema\/logo\/image\/"},"sameAs":["https:\/\/nb-no.facebook.com\/funksjonellmat\/","https:\/\/www.instagram.com\/sukrin.no\/","https:\/\/tatrck.com\/h\/0Hu30uVO0x7R?url=httpswww.tiktok.comsukrin_official"]}]}},"_links":{"self":[{"href":"https:\/\/sukrin.com\/en\/wp-json\/wp\/v2\/pages\/3402","targetHints":{"allow":["GET"]}}],"collection":[{"href":"https:\/\/sukrin.com\/en\/wp-json\/wp\/v2\/pages"}],"about":[{"href":"https:\/\/sukrin.com\/en\/wp-json\/wp\/v2\/types\/page"}],"author":[{"embeddable":true,"href":"https:\/\/sukrin.com\/en\/wp-json\/wp\/v2\/users\/12"}],"replies":[{"embeddable":true,"href":"https:\/\/sukrin.com\/en\/wp-json\/wp\/v2\/comments?post=3402"}],"version-history":[{"count":16,"href":"https:\/\/sukrin.com\/en\/wp-json\/wp\/v2\/pages\/3402\/revisions"}],"predecessor-version":[{"id":4194,"href":"https:\/\/sukrin.com\/en\/wp-json\/wp\/v2\/pages\/3402\/revisions\/4194"}],"wp:attachment":[{"href":"https:\/\/sukrin.com\/en\/wp-json\/wp\/v2\/media?parent=3402"}],"curies":[{"name":"wp","href":"https:\/\/api.w.org\/{rel}","templated":true}]}}