{"id":709,"date":"2011-03-18T14:17:13","date_gmt":"2011-03-18T14:17:13","guid":{"rendered":"http:\/\/sukrin.info\/?page_id=709"},"modified":"2022-12-06T17:00:37","modified_gmt":"2022-12-06T15:00:37","slug":"webshop","status":"publish","type":"page","link":"https:\/\/sukrin.com\/dk\/webshop\/","title":{"rendered":"Webshop"},"content":{"rendered":"\n<h1 class=\"wp-block-heading\">Netbutik<\/h1>\n\n\n\n<p>I vores <a href=\"http:\/\/funktionelmad.dk\/shop.php\" target=\"_blank\" rel=\"noopener noreferrer\">webshop<\/a> kan du k\u00f8be alle produkterne her fra Funktionel Mad.<\/p>\n\n\n\n<figure class=\"wp-block-image\"><a href=\"http:\/\/fmshop.vendimas.com\/\" target=\"_blank\" rel=\"noopener noreferrer\"><img decoding=\"async\" src=\"http:\/\/sukrin.com\/dk\/files\/2011\/06\/webshop-knap.png\" alt=\"\"\/><\/a><\/figure>\n\n\n\n<div style=\"text-align: left; width: 100%;\"><\/div>\n\n\n\n<h2 class=\"wp-block-heading\">Levering<\/h2>\n\n\n\n<p>Vi leverer via de flinke kurerer fra GLS og Postnord, til adresser over hele Danmark (se <a href=\"http:\/\/www.sukrin.eu\/\" target=\"_blank\" rel=\"noopener noreferrer\">sukrin.eu<\/a> for bestilling i andre lande). Vi har en fast pris p\u00e5 69 kr. i forsendelse, dog portofrit ved ordrer over kr. 500. Vi sender varer ud hver dag, s\u00e5 forvent en hurtig levering.<\/p>\n\n\n\n<h2 class=\"wp-block-heading\">Betaling<\/h2>\n\n\n\n<p>Betalingen foreg\u00e5r med Dankort\/Mobilepay\/Paypal. S\u00e5 snart du har bestilt, f\u00e5r du en en bekr\u00e6ftelse pr. e-mail. Pengene tr\u00e6kkes naturligvis f\u00f8rst, n\u00e5r varerne er afsendt.<\/p>\n","protected":false},"excerpt":{"rendered":"<p>Netbutik I vores webshop kan du k\u00f8be alle produkterne her fra Funktionel Mad. Levering [&hellip;]<\/p>\n","protected":false},"author":1,"featured_media":0,"parent":0,"menu_order":0,"comment_status":"open","ping_status":"open","template":"","meta":{"_monsterinsights_skip_tracking":false,"_monsterinsights_sitenote_active":false,"_monsterinsights_sitenote_note":"","_monsterinsights_sitenote_category":0,"footnotes":""},"product_types":[],"class_list":["post-709","page","type-page","status-publish","hentry"],"yoast_head":"<!-- This site is optimized with the Yoast SEO plugin v23.6 - https:\/\/yoast.com\/wordpress\/plugins\/seo\/ -->\n<title>Webshop - Sukrin Danmark<\/title>\n<meta name=\"robots\" content=\"index, follow, max-snippet:-1, max-image-preview:large, max-video-preview:-1\" \/>\n<link rel=\"canonical\" href=\"https:\/\/sukrin.com\/dk\/webshop\/\" \/>\n<meta name=\"twitter:label1\" content=\"Estimeret l\u00e6setid\" \/>\n\t<meta name=\"twitter:data1\" content=\"1 minut\" \/>\n<script type=\"application\/ld+json\" class=\"yoast-schema-graph\">{\"@context\":\"https:\/\/schema.org\",\"@graph\":[{\"@type\":\"WebPage\",\"@id\":\"https:\/\/sukrin.com\/dk\/webshop\/\",\"url\":\"https:\/\/sukrin.com\/dk\/webshop\/\",\"name\":\"Webshop - Sukrin Danmark\",\"isPartOf\":{\"@id\":\"http:\/\/sukrin.com\/dk\/#website\"},\"primaryImageOfPage\":{\"@id\":\"https:\/\/sukrin.com\/dk\/webshop\/#primaryimage\"},\"image\":{\"@id\":\"https:\/\/sukrin.com\/dk\/webshop\/#primaryimage\"},\"thumbnailUrl\":\"http:\/\/sukrin.com\/dk\/files\/2011\/06\/webshop-knap.png\",\"datePublished\":\"2011-03-18T14:17:13+00:00\",\"dateModified\":\"2022-12-06T15:00:37+00:00\",\"inLanguage\":\"da-DK\",\"potentialAction\":[{\"@type\":\"ReadAction\",\"target\":[\"https:\/\/sukrin.com\/dk\/webshop\/\"]}]},{\"@type\":\"ImageObject\",\"inLanguage\":\"da-DK\",\"@id\":\"https:\/\/sukrin.com\/dk\/webshop\/#primaryimage\",\"url\":\"https:\/\/sukrin.com\/dk\/files\/2011\/06\/webshop-knap.png\",\"contentUrl\":\"https:\/\/sukrin.com\/dk\/files\/2011\/06\/webshop-knap.png\",\"width\":\"196\",\"height\":\"33\"},{\"@type\":\"WebSite\",\"@id\":\"http:\/\/sukrin.com\/dk\/#website\",\"url\":\"http:\/\/sukrin.com\/dk\/\",\"name\":\"Sukrin Danmark\",\"description\":\"Sukrin - Healthy and tasty made easy\",\"potentialAction\":[{\"@type\":\"SearchAction\",\"target\":{\"@type\":\"EntryPoint\",\"urlTemplate\":\"http:\/\/sukrin.com\/dk\/?s={search_term_string}\"},\"query-input\":{\"@type\":\"PropertyValueSpecification\",\"valueRequired\":true,\"valueName\":\"search_term_string\"}}],\"inLanguage\":\"da-DK\"}]}<\/script>\n<!-- \/ Yoast SEO plugin. -->","yoast_head_json":{"title":"Webshop - Sukrin Danmark","robots":{"index":"index","follow":"follow","max-snippet":"max-snippet:-1","max-image-preview":"max-image-preview:large","max-video-preview":"max-video-preview:-1"},"canonical":"https:\/\/sukrin.com\/dk\/webshop\/","twitter_misc":{"Estimeret l\u00e6setid":"1 minut"},"schema":{"@context":"https:\/\/schema.org","@graph":[{"@type":"WebPage","@id":"https:\/\/sukrin.com\/dk\/webshop\/","url":"https:\/\/sukrin.com\/dk\/webshop\/","name":"Webshop - Sukrin Danmark","isPartOf":{"@id":"http:\/\/sukrin.com\/dk\/#website"},"primaryImageOfPage":{"@id":"https:\/\/sukrin.com\/dk\/webshop\/#primaryimage"},"image":{"@id":"https:\/\/sukrin.com\/dk\/webshop\/#primaryimage"},"thumbnailUrl":"http:\/\/sukrin.com\/dk\/files\/2011\/06\/webshop-knap.png","datePublished":"2011-03-18T14:17:13+00:00","dateModified":"2022-12-06T15:00:37+00:00","inLanguage":"da-DK","potentialAction":[{"@type":"ReadAction","target":["https:\/\/sukrin.com\/dk\/webshop\/"]}]},{"@type":"ImageObject","inLanguage":"da-DK","@id":"https:\/\/sukrin.com\/dk\/webshop\/#primaryimage","url":"https:\/\/sukrin.com\/dk\/files\/2011\/06\/webshop-knap.png","contentUrl":"https:\/\/sukrin.com\/dk\/files\/2011\/06\/webshop-knap.png","width":"196","height":"33"},{"@type":"WebSite","@id":"http:\/\/sukrin.com\/dk\/#website","url":"http:\/\/sukrin.com\/dk\/","name":"Sukrin Danmark","description":"Sukrin - Healthy and tasty made easy","potentialAction":[{"@type":"SearchAction","target":{"@type":"EntryPoint","urlTemplate":"http:\/\/sukrin.com\/dk\/?s={search_term_string}"},"query-input":{"@type":"PropertyValueSpecification","valueRequired":true,"valueName":"search_term_string"}}],"inLanguage":"da-DK"}]}},"_links":{"self":[{"href":"https:\/\/sukrin.com\/dk\/wp-json\/wp\/v2\/pages\/709"}],"collection":[{"href":"https:\/\/sukrin.com\/dk\/wp-json\/wp\/v2\/pages"}],"about":[{"href":"https:\/\/sukrin.com\/dk\/wp-json\/wp\/v2\/types\/page"}],"author":[{"embeddable":true,"href":"https:\/\/sukrin.com\/dk\/wp-json\/wp\/v2\/users\/1"}],"replies":[{"embeddable":true,"href":"https:\/\/sukrin.com\/dk\/wp-json\/wp\/v2\/comments?post=709"}],"version-history":[{"count":23,"href":"https:\/\/sukrin.com\/dk\/wp-json\/wp\/v2\/pages\/709\/revisions"}],"predecessor-version":[{"id":2981,"href":"https:\/\/sukrin.com\/dk\/wp-json\/wp\/v2\/pages\/709\/revisions\/2981"}],"wp:attachment":[{"href":"https:\/\/sukrin.com\/dk\/wp-json\/wp\/v2\/media?parent=709"}],"wp:term":[{"taxonomy":"product_types","embeddable":true,"href":"https:\/\/sukrin.com\/dk\/wp-json\/wp\/v2\/product_types?post=709"}],"curies":[{"name":"wp","href":"https:\/\/api.w.org\/{rel}","templated":true}]}}