{"id":642,"date":"2011-03-09T09:00:56","date_gmt":"2011-03-09T09:00:56","guid":{"rendered":"http:\/\/sukrin.info\/?page_id=642"},"modified":"2022-11-22T15:26:34","modified_gmt":"2022-11-22T13:26:34","slug":"om","status":"publish","type":"page","link":"https:\/\/sukrin.com\/dk\/sukrinmelis\/om\/","title":{"rendered":"Om SukrinMelis"},"content":{"rendered":"\n<h1 class=\"wp-block-heading\">SukrinMelis<\/h1>\n\n\n\n<p>SukrinMelis er er Sukrin i pulverform tilsat en lille smule steviolglykosider udvundet fra Steviaplanten. Kombinationen af de to s\u00f8destoffer giver en rund og rig smag og d\u00e6mper desuden den lidt k\u00f8lende f\u00f8lelse, som ren Sukrin kan give. SukrinMelis er lige s\u00e5 s\u00f8d som almindeligt flormelis og bruges i samme m\u00e6ngder. Da SukrinMelis er i pulverform, opl\u00f8ses det bedre end almindeligt Sukrin og er derfor velegnet til:<\/p>\n\n\n\n<ul class=\"wp-block-list\">\n<li>Kager og desserter, som ikke skal bages (fx ostekage)<\/li>\n\n\n\n<li>Glasur: chokoladeglasur, ostecreme, sm\u00f8rcreme o.lign.<\/li>\n\n\n\n<li>Iste og andre kolde drikke<\/li>\n\n\n\n<li>Smoothies, shakes og koldr\u00f8rt marmelade<\/li>\n\n\n\n<li>Dekoration\/drys<\/li>\n\n\n\n<li>Sammen med yoghurt\/kvark\/kefir<\/li>\n<\/ul>\n\n\n\n<p>SukrinMelis kan bruges i bagning p\u00e5 samme m\u00e5de som Sukrin. Da almindelig Sukrin har 70 % af sukkerets s\u00f8dme, skal du bruge 40 % mindre SukrinMelis, n\u00e5r du erstatter Sukrin i en opskrift. SukrinMelis har ogs\u00e5 en lidt st\u00f8rre volumen. 1 dl Sukrin vejer 90 gram, mens 1 dl SukrinMelis vejer ca. 70 gram.<\/p>\n\n\n\n<p>N\u00e5r du bruger SukrinMelis til at lave almindelig glasur (med vand\/\u00e6ggehvide), kan det v\u00e6re smart at blande det 50\/50 med almindelig flormelis for at f\u00e5 den rigtige konsistens &#8211; og en 50 procent kaloriereduktion.<\/p>\n\n\n\n<p>SukrinMelis f\u00e5s i helsekosten, Matas eller her i webshoppen.<\/p>\n\n\n\n<h3 class=\"wp-block-heading\">N\u00e6ringsindhold pr. 100 g:<\/h3>\n\n\n\n<p>Energi: 0 kJ\/0 kcal<br>Fedt: 0 g<br>-heraf m\u00e6ttet: 0 g<br>Kulhydrat: 100 g<br>-heraf sukkerarter: 0 g<br>-heraf polyoler: 100 g*<br>Kostfiber: 0 g<br>Protein: 0 g<br>Salt: 0 g<br>*kulhydrater som ikke metaboliseres i kroppen.<\/p>\n","protected":false},"excerpt":{"rendered":"<p>SukrinMelis SukrinMelis er er Sukrin i pulverform tilsat en lille smule steviolglykosider udvundet fra [&hellip;]<\/p>\n","protected":false},"author":1,"featured_media":0,"parent":640,"menu_order":10,"comment_status":"open","ping_status":"closed","template":"","meta":{"_monsterinsights_skip_tracking":false,"_monsterinsights_sitenote_active":false,"_monsterinsights_sitenote_note":"","_monsterinsights_sitenote_category":0,"footnotes":""},"product_types":[18],"class_list":["post-642","page","type-page","status-publish","hentry","product_types-type-sukrinmelis"],"yoast_head":"<!-- This site is optimized with the Yoast SEO plugin v23.6 - https:\/\/yoast.com\/wordpress\/plugins\/seo\/ -->\n<title>SukrinMelis - naturlig og kaloriefri<\/title>\n<meta name=\"description\" content=\"SukrinMelis er lige s\u00e5 s\u00f8d som almindeligt flormelis og bruges i samme m\u00e6ngder. SukrinMelis er i pulverform og opl\u00f8ses let.\" \/>\n<meta name=\"robots\" content=\"index, follow, max-snippet:-1, max-image-preview:large, max-video-preview:-1\" \/>\n<link rel=\"canonical\" href=\"https:\/\/sukrin.com\/dk\/sukrinmelis\/om\/\" \/>\n<meta name=\"twitter:label1\" content=\"Estimeret l\u00e6setid\" \/>\n\t<meta name=\"twitter:data1\" content=\"2 minutter\" \/>\n<script type=\"application\/ld+json\" class=\"yoast-schema-graph\">{\"@context\":\"https:\/\/schema.org\",\"@graph\":[{\"@type\":\"WebPage\",\"@id\":\"https:\/\/sukrin.com\/dk\/sukrinmelis\/om\/\",\"url\":\"https:\/\/sukrin.com\/dk\/sukrinmelis\/om\/\",\"name\":\"SukrinMelis - naturlig og kaloriefri\",\"isPartOf\":{\"@id\":\"http:\/\/sukrin.com\/dk\/#website\"},\"datePublished\":\"2011-03-09T09:00:56+00:00\",\"dateModified\":\"2022-11-22T13:26:34+00:00\",\"description\":\"SukrinMelis er lige s\u00e5 s\u00f8d som almindeligt flormelis og bruges i samme m\u00e6ngder. SukrinMelis er i pulverform og opl\u00f8ses let.\",\"breadcrumb\":{\"@id\":\"https:\/\/sukrin.com\/dk\/sukrinmelis\/om\/#breadcrumb\"},\"inLanguage\":\"da-DK\",\"potentialAction\":[{\"@type\":\"ReadAction\",\"target\":[\"https:\/\/sukrin.com\/dk\/sukrinmelis\/om\/\"]}]},{\"@type\":\"BreadcrumbList\",\"@id\":\"https:\/\/sukrin.com\/dk\/sukrinmelis\/om\/#breadcrumb\",\"itemListElement\":[{\"@type\":\"ListItem\",\"position\":1,\"name\":\"SukrinMelis\",\"item\":\"https:\/\/sukrin.com\/dk\/sukrinmelis\/\"},{\"@type\":\"ListItem\",\"position\":2,\"name\":\"Om SukrinMelis\"}]},{\"@type\":\"WebSite\",\"@id\":\"http:\/\/sukrin.com\/dk\/#website\",\"url\":\"http:\/\/sukrin.com\/dk\/\",\"name\":\"Sukrin Danmark\",\"description\":\"Sukrin - Healthy and tasty made easy\",\"potentialAction\":[{\"@type\":\"SearchAction\",\"target\":{\"@type\":\"EntryPoint\",\"urlTemplate\":\"http:\/\/sukrin.com\/dk\/?s={search_term_string}\"},\"query-input\":{\"@type\":\"PropertyValueSpecification\",\"valueRequired\":true,\"valueName\":\"search_term_string\"}}],\"inLanguage\":\"da-DK\"}]}<\/script>\n<!-- \/ Yoast SEO plugin. -->","yoast_head_json":{"title":"SukrinMelis - naturlig og kaloriefri","description":"SukrinMelis er lige s\u00e5 s\u00f8d som almindeligt flormelis og bruges i samme m\u00e6ngder. SukrinMelis er i pulverform og opl\u00f8ses let.","robots":{"index":"index","follow":"follow","max-snippet":"max-snippet:-1","max-image-preview":"max-image-preview:large","max-video-preview":"max-video-preview:-1"},"canonical":"https:\/\/sukrin.com\/dk\/sukrinmelis\/om\/","twitter_misc":{"Estimeret l\u00e6setid":"2 minutter"},"schema":{"@context":"https:\/\/schema.org","@graph":[{"@type":"WebPage","@id":"https:\/\/sukrin.com\/dk\/sukrinmelis\/om\/","url":"https:\/\/sukrin.com\/dk\/sukrinmelis\/om\/","name":"SukrinMelis - naturlig og kaloriefri","isPartOf":{"@id":"http:\/\/sukrin.com\/dk\/#website"},"datePublished":"2011-03-09T09:00:56+00:00","dateModified":"2022-11-22T13:26:34+00:00","description":"SukrinMelis er lige s\u00e5 s\u00f8d som almindeligt flormelis og bruges i samme m\u00e6ngder. SukrinMelis er i pulverform og opl\u00f8ses let.","breadcrumb":{"@id":"https:\/\/sukrin.com\/dk\/sukrinmelis\/om\/#breadcrumb"},"inLanguage":"da-DK","potentialAction":[{"@type":"ReadAction","target":["https:\/\/sukrin.com\/dk\/sukrinmelis\/om\/"]}]},{"@type":"BreadcrumbList","@id":"https:\/\/sukrin.com\/dk\/sukrinmelis\/om\/#breadcrumb","itemListElement":[{"@type":"ListItem","position":1,"name":"SukrinMelis","item":"https:\/\/sukrin.com\/dk\/sukrinmelis\/"},{"@type":"ListItem","position":2,"name":"Om SukrinMelis"}]},{"@type":"WebSite","@id":"http:\/\/sukrin.com\/dk\/#website","url":"http:\/\/sukrin.com\/dk\/","name":"Sukrin Danmark","description":"Sukrin - Healthy and tasty made easy","potentialAction":[{"@type":"SearchAction","target":{"@type":"EntryPoint","urlTemplate":"http:\/\/sukrin.com\/dk\/?s={search_term_string}"},"query-input":{"@type":"PropertyValueSpecification","valueRequired":true,"valueName":"search_term_string"}}],"inLanguage":"da-DK"}]}},"_links":{"self":[{"href":"https:\/\/sukrin.com\/dk\/wp-json\/wp\/v2\/pages\/642"}],"collection":[{"href":"https:\/\/sukrin.com\/dk\/wp-json\/wp\/v2\/pages"}],"about":[{"href":"https:\/\/sukrin.com\/dk\/wp-json\/wp\/v2\/types\/page"}],"author":[{"embeddable":true,"href":"https:\/\/sukrin.com\/dk\/wp-json\/wp\/v2\/users\/1"}],"replies":[{"embeddable":true,"href":"https:\/\/sukrin.com\/dk\/wp-json\/wp\/v2\/comments?post=642"}],"version-history":[{"count":6,"href":"https:\/\/sukrin.com\/dk\/wp-json\/wp\/v2\/pages\/642\/revisions"}],"predecessor-version":[{"id":2903,"href":"https:\/\/sukrin.com\/dk\/wp-json\/wp\/v2\/pages\/642\/revisions\/2903"}],"up":[{"embeddable":true,"href":"https:\/\/sukrin.com\/dk\/wp-json\/wp\/v2\/pages\/640"}],"wp:attachment":[{"href":"https:\/\/sukrin.com\/dk\/wp-json\/wp\/v2\/media?parent=642"}],"wp:term":[{"taxonomy":"product_types","embeddable":true,"href":"https:\/\/sukrin.com\/dk\/wp-json\/wp\/v2\/product_types?post=642"}],"curies":[{"name":"wp","href":"https:\/\/api.w.org\/{rel}","templated":true}]}}