{"id":612,"date":"2011-03-09T08:21:06","date_gmt":"2011-03-09T08:21:06","guid":{"rendered":"http:\/\/sukrin.info\/?page_id=612"},"modified":"2022-12-06T16:55:47","modified_gmt":"2022-12-06T14:55:47","slug":"baking","status":"publish","type":"page","link":"https:\/\/sukrin.com\/dk\/mandelmel\/baking\/","title":{"rendered":"Bagning med mandelmel"},"content":{"rendered":"\n<h1 class=\"wp-block-heading\">Bagning med mandelmel<\/h1>\n\n\n\n<p>Alle steder, hvor du bruger mel, kan du ogs\u00e5 bruge Mandelmel. Mandelmel opf\u00f8rer sig lidt anderledes end hvedemel, fordi det er fri for <a href=\"http:\/\/dk.wikipedia.org\/wiki\/Gluten\" target=\"_blank\" rel=\"noopener\">gluten<\/a>. Gluten g\u00f8r det muligt for g\u00e6rbr\u00f8det at h\u00e6ve, fordi gluten danner et netv\u00e6rk af sm\u00e5 v\u00e6gge, der holder luft og vanddamp indesp\u00e6rret i dejen. Gluten fungerer ogs\u00e5 som et bindemiddel i dejen og g\u00f8r den lettere at arbejde med. I g\u00e6rbr\u00f8d kan du erstatte op til 20 procent af hvedemelet med Mandelmel, og du b\u00f8r da \u00f8ge v\u00e6skem\u00e6ngden med ca. 10 %.<\/p>\n\n\n\n<p>I andet bagv\u00e6rk kan du erstatte op til 100 % af hvedemelet med Mandelmel, men fordi mandelmelet har et s\u00e5 h\u00f8jt fiberindhold, vil det suge mere v\u00e6ske \u2013 op til dobbelt s\u00e5 meget som almindeligt mel. Du b\u00f8r derfor reducere m\u00e6ngden af Mandelmel til 50-55 % af den oprindelige m\u00e6ngde hvedemel eller \u00f8ge v\u00e6skem\u00e6ngden i opskriften. V\u00e6r opm\u00e6rksom p\u00e5, at bagv\u00e6rk med 100 procent Mandelmel vil h\u00e6nge d\u00e5rligere sammen end bagv\u00e6rk med hvedemel. Et tip er at tils\u00e6tte et bindemiddel som FiberHusk eller johannesbr\u00f8dkernemel \u2013 eller blive dygtig til at lave franske Macrons!<\/p>\n","protected":false},"excerpt":{"rendered":"<p>Bagning med mandelmel Alle steder, hvor du bruger mel, kan du ogs\u00e5 bruge Mandelmel. [&hellip;]<\/p>\n","protected":false},"author":1,"featured_media":0,"parent":218,"menu_order":20,"comment_status":"open","ping_status":"closed","template":"","meta":{"_monsterinsights_skip_tracking":false,"_monsterinsights_sitenote_active":false,"_monsterinsights_sitenote_note":"","_monsterinsights_sitenote_category":0,"footnotes":""},"product_types":[12],"class_list":["post-612","page","type-page","status-publish","hentry","product_types-type-mandelmel"],"yoast_head":"<!-- This site is optimized with the Yoast SEO plugin v23.6 - https:\/\/yoast.com\/wordpress\/plugins\/seo\/ -->\n<title>Bagning med mandelmel - Sukrin Danmark<\/title>\n<meta name=\"robots\" content=\"index, follow, max-snippet:-1, max-image-preview:large, max-video-preview:-1\" \/>\n<link rel=\"canonical\" href=\"http:\/\/sukrin.com\/dk\/mandelmel\/baking\/\" \/>\n<script type=\"application\/ld+json\" class=\"yoast-schema-graph\">{\"@context\":\"https:\/\/schema.org\",\"@graph\":[{\"@type\":\"WebPage\",\"@id\":\"http:\/\/sukrin.com\/dk\/mandelmel\/baking\/\",\"url\":\"http:\/\/sukrin.com\/dk\/mandelmel\/baking\/\",\"name\":\"Bagning med mandelmel - Sukrin Danmark\",\"isPartOf\":{\"@id\":\"http:\/\/sukrin.com\/dk\/#website\"},\"datePublished\":\"2011-03-09T08:21:06+00:00\",\"dateModified\":\"2022-12-06T14:55:47+00:00\",\"breadcrumb\":{\"@id\":\"http:\/\/sukrin.com\/dk\/mandelmel\/baking\/#breadcrumb\"},\"inLanguage\":\"da-DK\",\"potentialAction\":[{\"@type\":\"ReadAction\",\"target\":[\"http:\/\/sukrin.com\/dk\/mandelmel\/baking\/\"]}]},{\"@type\":\"BreadcrumbList\",\"@id\":\"http:\/\/sukrin.com\/dk\/mandelmel\/baking\/#breadcrumb\",\"itemListElement\":[{\"@type\":\"ListItem\",\"position\":1,\"name\":\"Mandelmel\",\"item\":\"https:\/\/sukrin.com\/dk\/mandelmel\/\"},{\"@type\":\"ListItem\",\"position\":2,\"name\":\"Bagning med mandelmel\"}]},{\"@type\":\"WebSite\",\"@id\":\"http:\/\/sukrin.com\/dk\/#website\",\"url\":\"http:\/\/sukrin.com\/dk\/\",\"name\":\"Sukrin Danmark\",\"description\":\"Sukrin - Healthy and tasty made easy\",\"potentialAction\":[{\"@type\":\"SearchAction\",\"target\":{\"@type\":\"EntryPoint\",\"urlTemplate\":\"http:\/\/sukrin.com\/dk\/?s={search_term_string}\"},\"query-input\":{\"@type\":\"PropertyValueSpecification\",\"valueRequired\":true,\"valueName\":\"search_term_string\"}}],\"inLanguage\":\"da-DK\"}]}<\/script>\n<!-- \/ Yoast SEO plugin. -->","yoast_head_json":{"title":"Bagning med mandelmel - Sukrin Danmark","robots":{"index":"index","follow":"follow","max-snippet":"max-snippet:-1","max-image-preview":"max-image-preview:large","max-video-preview":"max-video-preview:-1"},"canonical":"http:\/\/sukrin.com\/dk\/mandelmel\/baking\/","schema":{"@context":"https:\/\/schema.org","@graph":[{"@type":"WebPage","@id":"http:\/\/sukrin.com\/dk\/mandelmel\/baking\/","url":"http:\/\/sukrin.com\/dk\/mandelmel\/baking\/","name":"Bagning med mandelmel - Sukrin Danmark","isPartOf":{"@id":"http:\/\/sukrin.com\/dk\/#website"},"datePublished":"2011-03-09T08:21:06+00:00","dateModified":"2022-12-06T14:55:47+00:00","breadcrumb":{"@id":"http:\/\/sukrin.com\/dk\/mandelmel\/baking\/#breadcrumb"},"inLanguage":"da-DK","potentialAction":[{"@type":"ReadAction","target":["http:\/\/sukrin.com\/dk\/mandelmel\/baking\/"]}]},{"@type":"BreadcrumbList","@id":"http:\/\/sukrin.com\/dk\/mandelmel\/baking\/#breadcrumb","itemListElement":[{"@type":"ListItem","position":1,"name":"Mandelmel","item":"https:\/\/sukrin.com\/dk\/mandelmel\/"},{"@type":"ListItem","position":2,"name":"Bagning med mandelmel"}]},{"@type":"WebSite","@id":"http:\/\/sukrin.com\/dk\/#website","url":"http:\/\/sukrin.com\/dk\/","name":"Sukrin Danmark","description":"Sukrin - Healthy and tasty made easy","potentialAction":[{"@type":"SearchAction","target":{"@type":"EntryPoint","urlTemplate":"http:\/\/sukrin.com\/dk\/?s={search_term_string}"},"query-input":{"@type":"PropertyValueSpecification","valueRequired":true,"valueName":"search_term_string"}}],"inLanguage":"da-DK"}]}},"_links":{"self":[{"href":"https:\/\/sukrin.com\/dk\/wp-json\/wp\/v2\/pages\/612"}],"collection":[{"href":"https:\/\/sukrin.com\/dk\/wp-json\/wp\/v2\/pages"}],"about":[{"href":"https:\/\/sukrin.com\/dk\/wp-json\/wp\/v2\/types\/page"}],"author":[{"embeddable":true,"href":"https:\/\/sukrin.com\/dk\/wp-json\/wp\/v2\/users\/1"}],"replies":[{"embeddable":true,"href":"https:\/\/sukrin.com\/dk\/wp-json\/wp\/v2\/comments?post=612"}],"version-history":[{"count":5,"href":"https:\/\/sukrin.com\/dk\/wp-json\/wp\/v2\/pages\/612\/revisions"}],"predecessor-version":[{"id":2970,"href":"https:\/\/sukrin.com\/dk\/wp-json\/wp\/v2\/pages\/612\/revisions\/2970"}],"up":[{"embeddable":true,"href":"https:\/\/sukrin.com\/dk\/wp-json\/wp\/v2\/pages\/218"}],"wp:attachment":[{"href":"https:\/\/sukrin.com\/dk\/wp-json\/wp\/v2\/media?parent=612"}],"wp:term":[{"taxonomy":"product_types","embeddable":true,"href":"https:\/\/sukrin.com\/dk\/wp-json\/wp\/v2\/product_types?post=612"}],"curies":[{"name":"wp","href":"https:\/\/api.w.org\/{rel}","templated":true}]}}