{"id":600,"date":"2011-03-08T22:14:48","date_gmt":"2011-03-08T22:14:48","guid":{"rendered":"http:\/\/sukrin.info\/?page_id=600"},"modified":"2024-11-25T16:22:12","modified_gmt":"2024-11-25T14:22:12","slug":"faq","status":"publish","type":"page","link":"https:\/\/sukrin.com\/dk\/sukrin\/faq\/","title":{"rendered":"Ofte stillede sp\u00f8rgsm\u00e5l"},"content":{"rendered":"\n<h1 class=\"wp-block-heading\">Ofte stillede sp\u00f8rgsm\u00e5l om Sukrin<\/h1>\n\n\n\n<h3 class=\"wp-block-heading\">Hvad er Sukrin?<\/h3>\n\n\n\n<p>Sukrin er et s\u00f8destof til bordbrug p\u00e5 basis af erythritol.<\/p>\n\n\n\n<h3 class=\"wp-block-heading\">Er Sukrin naturligt?<\/h3>\n\n\n\n<p>Ja, erythritol findes i naturen og er blevet spist i sm\u00e5 m\u00e6ngder siden tidernes morgen. Sukrin forekommer i en del frugter s\u00e5som meloner, p\u00e6rer og druer. Desuden finder man det i fermenterede madvarer som ost, vin og sojasovs.<\/p>\n\n\n\n<h3 class=\"wp-block-heading\">Hvor mange kalorier har Sukrin?<\/h3>\n\n\n\n<p>Sukrin har som den eneste sukkeralkohol 0 kalorier. Alle andre sukkeralkoholer har 2,4 kcal\/gram, hvilket er 60% af, hvad sukker indeholder (4 kcal\/gram). Kalorier er betegnelsen for, hvor meget energi en madvare indeholder, n\u00e5r den forbr\u00e6ndes i kroppen. Indtager vi flere kalorier, end vi forbr\u00e6nder, bliver overskuddet lagret som fedt<\/p>\n\n\n\n<h3 class=\"wp-block-heading\">Er Sukrin det samme som Splenda (sukralose) eller Aspartam?<\/h3>\n\n\n\n<p>Nej. Splenda og Aspartam finder man ikke i nogen planter eller frugter. De er ikke naturlige, men laboratorie-fremstillede s\u00f8demidler, der er flere hundrede gange s\u00f8dere end sukker. Derfor blandes de med et kalorieholdigt fyldstof, almindeligvis maltodextrin eller dextrose, f\u00f8r de kan bruges i kosten. Sukrin kan anvendes i sin rene form.<\/p>\n\n\n\n<h3 class=\"wp-block-heading\">Er Sukrin det samme som fruktose\/frugtsukker?<\/h3>\n\n\n\n<p>Nej. Fruktose er en sukkerart med 400 kalorier pr. 100 gram ganske som almindeligt, hvidt sukker (sukrose). Sukrin er ikke en sukkerart og har 0 kalorier.<\/p>\n\n\n\n<h3 class=\"wp-block-heading\">Er Sukrin et kulhydrat?<\/h3>\n\n\n\n<p>Ja. Sukrin betegnes som et kulhydrat, men opf\u00f8rer sig ikke som almindelige kulhydrater som sukker og stivelse. Sukrin bliver ikke brugt som energi i kroppen, men udskilt direkte i urinen. Du skal alts\u00e5 ikke t\u00e6lle Sukrin med, hvis du t\u00e6ller kulhydrater. Det g\u00f8r Sukrin yderst velegnet til en LCHF- eller kulhydratfattig kost samt for alle andre, der vil undg\u00e5 for mange un\u00f8dvendige kulhydrater.<strong><br><\/strong><\/p>\n\n\n\n<h3 class=\"wp-block-heading\">Hvordan bliver Sukrin fremstillet?<\/h3>\n\n\n\n<p>Sukrin (erythritol) forekommer i sm\u00e5 m\u00e6ngder i frugt og andre madvarer, men ikke s\u00e5ledes, at man kan udvinde det i stor stil. Man bruger i stedet en bakteriekultur til at fermentere kulhydrater (glukose), som derved bliver omdannet til erythritol. Det bliver renset, krystalliseret og t\u00f8rret, og resultatet er det rene produkt erythritol. Det er den samme proces, som vin, ost og yoghurt gennemg\u00e5r.<\/p>\n\n\n\n<h3 class=\"wp-block-heading\">Er Sukrin godkendt i Danmark?<\/h3>\n\n\n\n<p>Ja, s\u00f8destoffet erythritol blev godkendt i EU i sommeren 2006 efter en grundig vurdering. Det har v\u00e6ret p\u00e5 markedet i Japan siden 1990 og i USA siden 1996.<\/p>\n\n\n\n<h3 class=\"wp-block-heading\">Hvad er sukkeralkoholer?<\/h3>\n\n\n\n<p>Sukkeralkoholer er en gruppe af s\u00f8destoffer, der findes i naturen. Kemisk set har de ligheder med b\u00e5de sukker og alkohol, men er p\u00e5 trods af navnet ingen af delene. Du bliver alts\u00e5 ikke beruset af at indtage Sukrin!<br>Sukkeralkoholer kaldes ogs\u00e5 polyoler, og Sukrin er baseret p\u00e5 polyolen erythritol.<\/p>\n\n\n\n<h3 class=\"wp-block-heading\">Hvordan bruges sukkeralkoholer?<\/h3>\n\n\n\n<p>Sukkeralkoholer bruges i sukkerfrie produkter for at give volumen, konsistens og s\u00f8d smag til produktet.<\/p>\n\n\n\n<h3 class=\"wp-block-heading\">Hvorfor st\u00e5r der &#8216;overdreven brug kan virke aff\u00f8rende&#8217; p\u00e5 Sukrinposen?<\/h3>\n\n\n\n<p>Alle sukkeralkoholer d\u00e6kkes af den samme lovgivning. Sukrin skal derfor b\u00e6re denne p\u00e5skrift.<\/p>\n\n\n\n<h3 class=\"wp-block-heading\">Kan jeg spise Sukrin, hvis jeg f\u00f8lger j\u00f8diske eller muslimske spiseregler?<\/h3>\n\n\n\n<p>Ja, Sukrin er b\u00e5de Kosher- og Halal-certificeret.<\/p>\n\n\n\n<figure class=\"wp-block-image\"><img decoding=\"async\" src=\"\/dk\/files\/2024\/11\/sukrin-struktur.gif\" alt=\"Chemische Formel von Sukrin\"\/><\/figure>\n\n\n\n<h3 class=\"wp-block-heading\">Hvordan er Sukrin opbygget?<\/h3>\n\n\n\n<p>Som p\u00e5 billedet ovenfor. Sukrins kemiske formel er C<sub>4<\/sub>H<sub>10<\/sub>O<sub>4<\/sub><\/p>\n\n\n\n<p><\/p>\n","protected":false},"excerpt":{"rendered":"<p>Ofte stillede sp\u00f8rgsm\u00e5l om Sukrin Hvad er Sukrin? Sukrin er et s\u00f8destof til bordbrug [&hellip;]<\/p>\n","protected":false},"author":1,"featured_media":0,"parent":149,"menu_order":30,"comment_status":"open","ping_status":"closed","template":"","meta":{"_monsterinsights_skip_tracking":false,"_monsterinsights_sitenote_active":false,"_monsterinsights_sitenote_note":"","_monsterinsights_sitenote_category":0,"footnotes":""},"product_types":[17],"class_list":["post-600","page","type-page","status-publish","hentry","product_types-type-sukrin"],"yoast_head":"<!-- This site is optimized with the Yoast SEO plugin v23.6 - https:\/\/yoast.com\/wordpress\/plugins\/seo\/ -->\n<title>Ofte stillede sp\u00f8rgsm\u00e5l - Sukrin Danmark<\/title>\n<meta name=\"robots\" content=\"index, follow, max-snippet:-1, max-image-preview:large, max-video-preview:-1\" \/>\n<link rel=\"canonical\" href=\"https:\/\/sukrin.com\/dk\/sukrin\/faq\/\" \/>\n<meta name=\"twitter:label1\" content=\"Estimeret l\u00e6setid\" \/>\n\t<meta name=\"twitter:data1\" content=\"3 minutter\" \/>\n<script type=\"application\/ld+json\" class=\"yoast-schema-graph\">{\"@context\":\"https:\/\/schema.org\",\"@graph\":[{\"@type\":\"WebPage\",\"@id\":\"https:\/\/sukrin.com\/dk\/sukrin\/faq\/\",\"url\":\"https:\/\/sukrin.com\/dk\/sukrin\/faq\/\",\"name\":\"Ofte stillede sp\u00f8rgsm\u00e5l - Sukrin Danmark\",\"isPartOf\":{\"@id\":\"http:\/\/sukrin.com\/dk\/#website\"},\"datePublished\":\"2011-03-08T22:14:48+00:00\",\"dateModified\":\"2024-11-25T14:22:12+00:00\",\"breadcrumb\":{\"@id\":\"https:\/\/sukrin.com\/dk\/sukrin\/faq\/#breadcrumb\"},\"inLanguage\":\"da-DK\",\"potentialAction\":[{\"@type\":\"ReadAction\",\"target\":[\"https:\/\/sukrin.com\/dk\/sukrin\/faq\/\"]}]},{\"@type\":\"BreadcrumbList\",\"@id\":\"https:\/\/sukrin.com\/dk\/sukrin\/faq\/#breadcrumb\",\"itemListElement\":[{\"@type\":\"ListItem\",\"position\":1,\"name\":\"Sukrin\",\"item\":\"http:\/\/sukrin.com\/dk\/sukrin\/\"},{\"@type\":\"ListItem\",\"position\":2,\"name\":\"Ofte stillede sp\u00f8rgsm\u00e5l\"}]},{\"@type\":\"WebSite\",\"@id\":\"http:\/\/sukrin.com\/dk\/#website\",\"url\":\"http:\/\/sukrin.com\/dk\/\",\"name\":\"Sukrin Danmark\",\"description\":\"Sukrin - Healthy and tasty made easy\",\"potentialAction\":[{\"@type\":\"SearchAction\",\"target\":{\"@type\":\"EntryPoint\",\"urlTemplate\":\"http:\/\/sukrin.com\/dk\/?s={search_term_string}\"},\"query-input\":{\"@type\":\"PropertyValueSpecification\",\"valueRequired\":true,\"valueName\":\"search_term_string\"}}],\"inLanguage\":\"da-DK\"}]}<\/script>\n<!-- \/ Yoast SEO plugin. -->","yoast_head_json":{"title":"Ofte stillede sp\u00f8rgsm\u00e5l - Sukrin Danmark","robots":{"index":"index","follow":"follow","max-snippet":"max-snippet:-1","max-image-preview":"max-image-preview:large","max-video-preview":"max-video-preview:-1"},"canonical":"https:\/\/sukrin.com\/dk\/sukrin\/faq\/","twitter_misc":{"Estimeret l\u00e6setid":"3 minutter"},"schema":{"@context":"https:\/\/schema.org","@graph":[{"@type":"WebPage","@id":"https:\/\/sukrin.com\/dk\/sukrin\/faq\/","url":"https:\/\/sukrin.com\/dk\/sukrin\/faq\/","name":"Ofte stillede sp\u00f8rgsm\u00e5l - Sukrin Danmark","isPartOf":{"@id":"http:\/\/sukrin.com\/dk\/#website"},"datePublished":"2011-03-08T22:14:48+00:00","dateModified":"2024-11-25T14:22:12+00:00","breadcrumb":{"@id":"https:\/\/sukrin.com\/dk\/sukrin\/faq\/#breadcrumb"},"inLanguage":"da-DK","potentialAction":[{"@type":"ReadAction","target":["https:\/\/sukrin.com\/dk\/sukrin\/faq\/"]}]},{"@type":"BreadcrumbList","@id":"https:\/\/sukrin.com\/dk\/sukrin\/faq\/#breadcrumb","itemListElement":[{"@type":"ListItem","position":1,"name":"Sukrin","item":"http:\/\/sukrin.com\/dk\/sukrin\/"},{"@type":"ListItem","position":2,"name":"Ofte stillede sp\u00f8rgsm\u00e5l"}]},{"@type":"WebSite","@id":"http:\/\/sukrin.com\/dk\/#website","url":"http:\/\/sukrin.com\/dk\/","name":"Sukrin Danmark","description":"Sukrin - Healthy and tasty made easy","potentialAction":[{"@type":"SearchAction","target":{"@type":"EntryPoint","urlTemplate":"http:\/\/sukrin.com\/dk\/?s={search_term_string}"},"query-input":{"@type":"PropertyValueSpecification","valueRequired":true,"valueName":"search_term_string"}}],"inLanguage":"da-DK"}]}},"_links":{"self":[{"href":"https:\/\/sukrin.com\/dk\/wp-json\/wp\/v2\/pages\/600"}],"collection":[{"href":"https:\/\/sukrin.com\/dk\/wp-json\/wp\/v2\/pages"}],"about":[{"href":"https:\/\/sukrin.com\/dk\/wp-json\/wp\/v2\/types\/page"}],"author":[{"embeddable":true,"href":"https:\/\/sukrin.com\/dk\/wp-json\/wp\/v2\/users\/1"}],"replies":[{"embeddable":true,"href":"https:\/\/sukrin.com\/dk\/wp-json\/wp\/v2\/comments?post=600"}],"version-history":[{"count":9,"href":"https:\/\/sukrin.com\/dk\/wp-json\/wp\/v2\/pages\/600\/revisions"}],"predecessor-version":[{"id":3203,"href":"https:\/\/sukrin.com\/dk\/wp-json\/wp\/v2\/pages\/600\/revisions\/3203"}],"up":[{"embeddable":true,"href":"https:\/\/sukrin.com\/dk\/wp-json\/wp\/v2\/pages\/149"}],"wp:attachment":[{"href":"https:\/\/sukrin.com\/dk\/wp-json\/wp\/v2\/media?parent=600"}],"wp:term":[{"taxonomy":"product_types","embeddable":true,"href":"https:\/\/sukrin.com\/dk\/wp-json\/wp\/v2\/product_types?post=600"}],"curies":[{"name":"wp","href":"https:\/\/api.w.org\/{rel}","templated":true}]}}