{"id":389,"date":"2011-02-21T14:32:50","date_gmt":"2011-02-21T14:32:50","guid":{"rendered":"http:\/\/sukrin.info\/?page_id=389"},"modified":"2023-01-16T17:11:56","modified_gmt":"2023-01-16T15:11:56","slug":"baking","status":"publish","type":"page","link":"https:\/\/sukrin.com\/dk\/fiberfin\/baking\/","title":{"rendered":"Bagning med FiberFin"},"content":{"rendered":"<h1 class=\"wp-block-heading\">Bagning med FiberFin<\/h1>\n<h2 class=\"wp-block-heading\">Hvor meget FiberFin skal jeg bruge, n\u00e5r jeg bager?<\/h2>\n<p>Du opn\u00e5r meget ved at erstatte 10 % af melet med FiberFin. Synes du, at det er vanskeligt at vide, hvor meget du skal bruge, kan du g\u00f8re det nemt for dig selv ved at blande en b\u00f8tte FiberFin med 2 kg hvedemel. Den f\u00e6rdige blanding vil indeholde 17 % FiberFin og kan bruges alle steder, hvor du gerne vil bage mere fiberrigt.<\/p>\n<table class=\"nf\">\n<tr class=\"nf\">\n<td class=\"nf_col_header_fiberfin\">Hvedemel<\/td>\n<td class=\"nf_col_header_fiberfin\">FiberFin<\/td>\n<td class=\"nf_col_header_fiberfin\">% FiberFin<\/td>\n<td class=\"nf_col_header_fiberfin\">Fiberindhold i f\u00e6rdigt br\u00f8d<\/td>\n<td class=\"nf_col_header_fiberfin\">Grovhedsskalaen<\/td>\n<td class=\"nf_col_header_fiberfin\">Tilsv.  m\u00e6ngde fuldkornsmel<\/td>\n<\/tr>\n<tr>\n<td class=\"nf_col_content_fiberfin\">500<\/td>\n<td class=\"nf_col_content_fiberfin\">0<\/td>\n<td class=\"nf_col_content_fiberfin\"> 0 %<\/td>\n<td class=\"nf_col_content_fiberfin\">2.1<\/td>\n<td class=\"nf_col_content_fiberfin\">Fint<\/td>\n<td class=\"nf_col_content_fiberfin\">0 %<\/td>\n<\/tr>\n<td class=\"nf_col_content_fiberfin\">\n465<\/td>\n<td class=\"nf_col_content_fiberfin\">35<\/td>\n<td class=\"nf_col_content_fiberfin\">7 %<\/td>\n<td class=\"nf_col_content_fiberfin\">4.7<\/td>\n<td class=\"nf_col_content_fiberfin\">Grovt<\/td>\n<td class=\"nf_col_content_fiberfin\">50 %<\/td>\n<\/tr>\n<td class=\"nf_col_content_fiberfin\">\n450<\/td>\n<td class=\"nf_col_content_fiberfin\">50<\/td>\n<td class=\"nf_col_content_fiberfin\">10 %<\/td>\n<td class=\"nf_col_content_fiberfin\">5.9<\/td>\n<td class=\"nf_col_content_fiberfin\">Ekstra grovt<\/td>\n<td class=\"nf_col_content_fiberfin\"> 75 %<\/td>\n<\/tr>\n<td class=\"nf_col_content_fiberfin\">\n425<\/td>\n<td class=\"nf_col_content_fiberfin\">75<\/td>\n<td class=\"nf_col_content_fiberfin\">15 %<\/td>\n<td class=\"nf_col_content_fiberfin\">11.6<\/td>\n<td class=\"nf_col_content_fiberfin\">&gt; Ekstra grovt<\/td>\n<td class=\"nf_col_content_fiberfin\"> Ikke mulig (over 100 %)<\/td>\n<\/tr>\n<td class=\"nf_col_content_fiberfin\">\n400<\/td>\n<td class=\"nf_col_content_fiberfin\"> 100<\/td>\n<td class=\"nf_col_content_fiberfin\">20 %<\/td>\n<td class=\"nf_col_content_fiberfin\">14.5<\/td>\n<td class=\"nf_col_content_fiberfin\">&gt; Ekstra grovt<\/td>\n<td class=\"nf_col_content_fiberfin\"> Ikke mulig (over 100 %)<\/td>\n<\/tr>\n<\/table>\n<p>Eksemplerne baserer sig p\u00e5 et br\u00f8d med 3,5 dl vand og 500 gram mel.<\/p>\n","protected":false},"excerpt":{"rendered":"<p>Bagning med FiberFin Hvor meget FiberFin skal jeg bruge, n\u00e5r jeg bager? Du opn\u00e5r [&hellip;]<\/p>\n","protected":false},"author":1,"featured_media":0,"parent":153,"menu_order":20,"comment_status":"open","ping_status":"closed","template":"","meta":{"_monsterinsights_skip_tracking":false,"_monsterinsights_sitenote_active":false,"_monsterinsights_sitenote_note":"","_monsterinsights_sitenote_category":0,"footnotes":""},"product_types":[5],"class_list":["post-389","page","type-page","status-publish","hentry","product_types-type-fiberfin"],"yoast_head":"<!-- This site is optimized with the Yoast SEO plugin v23.6 - https:\/\/yoast.com\/wordpress\/plugins\/seo\/ -->\n<title>Bagning med FiberFin - Sukrin Danmark<\/title>\n<meta name=\"robots\" content=\"index, follow, max-snippet:-1, max-image-preview:large, max-video-preview:-1\" \/>\n<link rel=\"canonical\" href=\"http:\/\/sukrin.com\/dk\/fiberfin\/baking\/\" \/>\n<meta name=\"twitter:label1\" content=\"Estimeret l\u00e6setid\" \/>\n\t<meta name=\"twitter:data1\" content=\"1 minut\" \/>\n<script type=\"application\/ld+json\" class=\"yoast-schema-graph\">{\"@context\":\"https:\/\/schema.org\",\"@graph\":[{\"@type\":\"WebPage\",\"@id\":\"http:\/\/sukrin.com\/dk\/fiberfin\/baking\/\",\"url\":\"http:\/\/sukrin.com\/dk\/fiberfin\/baking\/\",\"name\":\"Bagning med FiberFin - Sukrin Danmark\",\"isPartOf\":{\"@id\":\"http:\/\/sukrin.com\/dk\/#website\"},\"datePublished\":\"2011-02-21T14:32:50+00:00\",\"dateModified\":\"2023-01-16T15:11:56+00:00\",\"breadcrumb\":{\"@id\":\"http:\/\/sukrin.com\/dk\/fiberfin\/baking\/#breadcrumb\"},\"inLanguage\":\"da-DK\",\"potentialAction\":[{\"@type\":\"ReadAction\",\"target\":[\"http:\/\/sukrin.com\/dk\/fiberfin\/baking\/\"]}]},{\"@type\":\"BreadcrumbList\",\"@id\":\"http:\/\/sukrin.com\/dk\/fiberfin\/baking\/#breadcrumb\",\"itemListElement\":[{\"@type\":\"ListItem\",\"position\":1,\"name\":\"FiberFin\",\"item\":\"http:\/\/sukrin.com\/dk\/fiberfin\/\"},{\"@type\":\"ListItem\",\"position\":2,\"name\":\"Bagning med FiberFin\"}]},{\"@type\":\"WebSite\",\"@id\":\"http:\/\/sukrin.com\/dk\/#website\",\"url\":\"http:\/\/sukrin.com\/dk\/\",\"name\":\"Sukrin Danmark\",\"description\":\"Sukrin - Healthy and tasty made easy\",\"potentialAction\":[{\"@type\":\"SearchAction\",\"target\":{\"@type\":\"EntryPoint\",\"urlTemplate\":\"http:\/\/sukrin.com\/dk\/?s={search_term_string}\"},\"query-input\":{\"@type\":\"PropertyValueSpecification\",\"valueRequired\":true,\"valueName\":\"search_term_string\"}}],\"inLanguage\":\"da-DK\"}]}<\/script>\n<!-- \/ Yoast SEO plugin. -->","yoast_head_json":{"title":"Bagning med FiberFin - Sukrin Danmark","robots":{"index":"index","follow":"follow","max-snippet":"max-snippet:-1","max-image-preview":"max-image-preview:large","max-video-preview":"max-video-preview:-1"},"canonical":"http:\/\/sukrin.com\/dk\/fiberfin\/baking\/","twitter_misc":{"Estimeret l\u00e6setid":"1 minut"},"schema":{"@context":"https:\/\/schema.org","@graph":[{"@type":"WebPage","@id":"http:\/\/sukrin.com\/dk\/fiberfin\/baking\/","url":"http:\/\/sukrin.com\/dk\/fiberfin\/baking\/","name":"Bagning med FiberFin - Sukrin Danmark","isPartOf":{"@id":"http:\/\/sukrin.com\/dk\/#website"},"datePublished":"2011-02-21T14:32:50+00:00","dateModified":"2023-01-16T15:11:56+00:00","breadcrumb":{"@id":"http:\/\/sukrin.com\/dk\/fiberfin\/baking\/#breadcrumb"},"inLanguage":"da-DK","potentialAction":[{"@type":"ReadAction","target":["http:\/\/sukrin.com\/dk\/fiberfin\/baking\/"]}]},{"@type":"BreadcrumbList","@id":"http:\/\/sukrin.com\/dk\/fiberfin\/baking\/#breadcrumb","itemListElement":[{"@type":"ListItem","position":1,"name":"FiberFin","item":"http:\/\/sukrin.com\/dk\/fiberfin\/"},{"@type":"ListItem","position":2,"name":"Bagning med FiberFin"}]},{"@type":"WebSite","@id":"http:\/\/sukrin.com\/dk\/#website","url":"http:\/\/sukrin.com\/dk\/","name":"Sukrin Danmark","description":"Sukrin - Healthy and tasty made easy","potentialAction":[{"@type":"SearchAction","target":{"@type":"EntryPoint","urlTemplate":"http:\/\/sukrin.com\/dk\/?s={search_term_string}"},"query-input":{"@type":"PropertyValueSpecification","valueRequired":true,"valueName":"search_term_string"}}],"inLanguage":"da-DK"}]}},"_links":{"self":[{"href":"https:\/\/sukrin.com\/dk\/wp-json\/wp\/v2\/pages\/389"}],"collection":[{"href":"https:\/\/sukrin.com\/dk\/wp-json\/wp\/v2\/pages"}],"about":[{"href":"https:\/\/sukrin.com\/dk\/wp-json\/wp\/v2\/types\/page"}],"author":[{"embeddable":true,"href":"https:\/\/sukrin.com\/dk\/wp-json\/wp\/v2\/users\/1"}],"replies":[{"embeddable":true,"href":"https:\/\/sukrin.com\/dk\/wp-json\/wp\/v2\/comments?post=389"}],"version-history":[{"count":11,"href":"https:\/\/sukrin.com\/dk\/wp-json\/wp\/v2\/pages\/389\/revisions"}],"predecessor-version":[{"id":3086,"href":"https:\/\/sukrin.com\/dk\/wp-json\/wp\/v2\/pages\/389\/revisions\/3086"}],"up":[{"embeddable":true,"href":"https:\/\/sukrin.com\/dk\/wp-json\/wp\/v2\/pages\/153"}],"wp:attachment":[{"href":"https:\/\/sukrin.com\/dk\/wp-json\/wp\/v2\/media?parent=389"}],"wp:term":[{"taxonomy":"product_types","embeddable":true,"href":"https:\/\/sukrin.com\/dk\/wp-json\/wp\/v2\/product_types?post=389"}],"curies":[{"name":"wp","href":"https:\/\/api.w.org\/{rel}","templated":true}]}}