{"id":325,"date":"2010-11-18T12:53:55","date_gmt":"2010-11-18T10:53:55","guid":{"rendered":"http:\/\/localhost\/"},"modified":"2016-06-02T14:15:08","modified_gmt":"2016-06-02T12:15:08","slug":"butikker","status":"publish","type":"page","link":"https:\/\/sukrin.com\/dk\/butikker\/","title":{"rendered":"Find en forhandler &#8211; Sukrin &#8211; Mandelmel, M\u00e6lkechokolade, Fiberfin, LowCarb-br\u00f8d og Chokoladekage"},"content":{"rendered":"<p><strong>Her kan du k\u00f8be vores varer<\/strong><\/p>\n<p>Vores produkter f\u00e5s over hele landet, bl.a. hos din lokale helsekostbutik, hos Matas og i en r\u00e6kke webshops, herunder Helsebixen.<\/p>\n<p>Dansk Supermarked og Coop forhandler ogs\u00e5 vores varer, og har de ikke vores produkter p\u00e5 hylden, s\u00e5 bed dem om at bestille dem hjem.<\/p>\n<p>Du kan ogs\u00e5 k\u00f8be vores produkter i vores webshop <a href=\"http:\/\/fmshop.vendimas.com\/\" target=\"_blank\">lige her<\/a>.<\/p>\n","protected":false},"excerpt":{"rendered":"<p>Her kan du k\u00f8be vores varer Vores produkter f\u00e5s over hele landet, bl.a. hos [&hellip;]<\/p>\n","protected":false},"author":1,"featured_media":0,"parent":0,"menu_order":0,"comment_status":"open","ping_status":"closed","template":"","meta":{"_monsterinsights_skip_tracking":false,"_monsterinsights_sitenote_active":false,"_monsterinsights_sitenote_note":"","_monsterinsights_sitenote_category":0,"footnotes":""},"product_types":[],"class_list":["post-325","page","type-page","status-publish","hentry"],"yoast_head":"<!-- This site is optimized with the Yoast SEO plugin v23.6 - https:\/\/yoast.com\/wordpress\/plugins\/seo\/ -->\n<title>Find en Sukrin forhandler<\/title>\n<meta name=\"robots\" content=\"index, follow, max-snippet:-1, max-image-preview:large, max-video-preview:-1\" \/>\n<link rel=\"canonical\" href=\"http:\/\/sukrin.com\/dk\/butikker\/\" \/>\n<script type=\"application\/ld+json\" class=\"yoast-schema-graph\">{\"@context\":\"https:\/\/schema.org\",\"@graph\":[{\"@type\":\"WebPage\",\"@id\":\"http:\/\/sukrin.com\/dk\/butikker\/\",\"url\":\"http:\/\/sukrin.com\/dk\/butikker\/\",\"name\":\"Find en Sukrin forhandler\",\"isPartOf\":{\"@id\":\"http:\/\/sukrin.com\/dk\/#website\"},\"datePublished\":\"2010-11-18T10:53:55+00:00\",\"dateModified\":\"2016-06-02T12:15:08+00:00\",\"inLanguage\":\"da-DK\",\"potentialAction\":[{\"@type\":\"ReadAction\",\"target\":[\"http:\/\/sukrin.com\/dk\/butikker\/\"]}]},{\"@type\":\"WebSite\",\"@id\":\"http:\/\/sukrin.com\/dk\/#website\",\"url\":\"http:\/\/sukrin.com\/dk\/\",\"name\":\"Sukrin Danmark\",\"description\":\"Sukrin - Healthy and tasty made easy\",\"potentialAction\":[{\"@type\":\"SearchAction\",\"target\":{\"@type\":\"EntryPoint\",\"urlTemplate\":\"http:\/\/sukrin.com\/dk\/?s={search_term_string}\"},\"query-input\":{\"@type\":\"PropertyValueSpecification\",\"valueRequired\":true,\"valueName\":\"search_term_string\"}}],\"inLanguage\":\"da-DK\"}]}<\/script>\n<!-- \/ Yoast SEO plugin. -->","yoast_head_json":{"title":"Find en Sukrin forhandler","robots":{"index":"index","follow":"follow","max-snippet":"max-snippet:-1","max-image-preview":"max-image-preview:large","max-video-preview":"max-video-preview:-1"},"canonical":"http:\/\/sukrin.com\/dk\/butikker\/","schema":{"@context":"https:\/\/schema.org","@graph":[{"@type":"WebPage","@id":"http:\/\/sukrin.com\/dk\/butikker\/","url":"http:\/\/sukrin.com\/dk\/butikker\/","name":"Find en Sukrin forhandler","isPartOf":{"@id":"http:\/\/sukrin.com\/dk\/#website"},"datePublished":"2010-11-18T10:53:55+00:00","dateModified":"2016-06-02T12:15:08+00:00","inLanguage":"da-DK","potentialAction":[{"@type":"ReadAction","target":["http:\/\/sukrin.com\/dk\/butikker\/"]}]},{"@type":"WebSite","@id":"http:\/\/sukrin.com\/dk\/#website","url":"http:\/\/sukrin.com\/dk\/","name":"Sukrin Danmark","description":"Sukrin - Healthy and tasty made easy","potentialAction":[{"@type":"SearchAction","target":{"@type":"EntryPoint","urlTemplate":"http:\/\/sukrin.com\/dk\/?s={search_term_string}"},"query-input":{"@type":"PropertyValueSpecification","valueRequired":true,"valueName":"search_term_string"}}],"inLanguage":"da-DK"}]}},"_links":{"self":[{"href":"https:\/\/sukrin.com\/dk\/wp-json\/wp\/v2\/pages\/325"}],"collection":[{"href":"https:\/\/sukrin.com\/dk\/wp-json\/wp\/v2\/pages"}],"about":[{"href":"https:\/\/sukrin.com\/dk\/wp-json\/wp\/v2\/types\/page"}],"author":[{"embeddable":true,"href":"https:\/\/sukrin.com\/dk\/wp-json\/wp\/v2\/users\/1"}],"replies":[{"embeddable":true,"href":"https:\/\/sukrin.com\/dk\/wp-json\/wp\/v2\/comments?post=325"}],"version-history":[{"count":77,"href":"https:\/\/sukrin.com\/dk\/wp-json\/wp\/v2\/pages\/325\/revisions"}],"predecessor-version":[{"id":2823,"href":"https:\/\/sukrin.com\/dk\/wp-json\/wp\/v2\/pages\/325\/revisions\/2823"}],"wp:attachment":[{"href":"https:\/\/sukrin.com\/dk\/wp-json\/wp\/v2\/media?parent=325"}],"wp:term":[{"taxonomy":"product_types","embeddable":true,"href":"https:\/\/sukrin.com\/dk\/wp-json\/wp\/v2\/product_types?post=325"}],"curies":[{"name":"wp","href":"https:\/\/api.w.org\/{rel}","templated":true}]}}