{"id":2869,"date":"2023-10-27T22:30:50","date_gmt":"2023-10-27T20:30:50","guid":{"rendered":"https:\/\/sukrin.com\/dk\/?page_id=2869"},"modified":"2023-10-27T22:30:50","modified_gmt":"2023-10-27T20:30:50","slug":"om","status":"publish","type":"page","link":"https:\/\/sukrin.com\/dk\/finesse\/om\/","title":{"rendered":"Om Finesse"},"content":{"rendered":"\n<h1 class=\"wp-block-heading\">Finesse Bagesukker<\/h1>\n\n\n<div class=\"wp-block-image\">\n<figure class=\"alignright\"><img decoding=\"async\" src=\"https:\/\/www.funksjonellmat.no\/wp-content\/uploads\/2021\/09\/Finesse_hel_240x300.jpg\" alt=\"\" class=\"wp-image-9195\" \/><\/figure><\/div>\n\n\n<p>Finesse egner sig godt til bagning, giver bruning, spr\u00f8dhed og har ingen bismag eller k\u00f8lende effekt. Ved at bruge Finesse i stedet for sukker sk\u00e6rer du kraftigt ned p\u00e5 kalorierne, da Finesse indeholder 80 % f\u00e6rre kalorier end tilsvarende m\u00e6ngde sukker.<\/p>\n\n\n\n<ul class=\"wp-block-list\">\n<li>Velegnet til bagning<\/li>\n\n\n\n<li>Giver en smag som er meget t\u00e6t p\u00e5 sukker<\/li>\n\n\n\n<li>80 % f\u00e6rre kalorier end sukker<\/li>\n<\/ul>\n\n\n\n<h2 class=\"wp-block-heading\">Bagning med Finesse<\/h2>\n\n\n\n<p>Finesse er dobbelt s\u00e5 s\u00f8d som sukker, og derfor bruges den halve m\u00e6ngde. 100 g sukker erstattes med 50 g Finesse. N\u00e5r du bruger Finesse i en opskrift som oprinnelig er lavet for sukker (eller anden s\u00f8dning som bruges i samme m\u00e6ngde som sukker), anbefaler vi at du reducerer bagetiden. F\u00f8lg med i det du bager mod slutningen af bagetiden, og tag bagv\u00e6rket ud s\u00e5 snart det ser ud til at v\u00e6re f\u00e6rdigbagt.<\/p>\n\n\n\n<p>\u00a0<\/p>\n\n\n\n<h2 class=\"wp-block-heading\">N\u00e6ringsindhold per 100 g:<\/h2>\n\n\n\n<p>Energi: 138 kcal \u00a0| \u00a0Fedt: 0 g \u00a0| \u00a0Kulhydrat: 80 g \u00a0| \u00a0-hvoraf sukkerarter: 1,6 g \u00a0| \u00a0-hvoraf polyoler: 79 g\u00a0 |\u00a0 Kostfiber: 18 g \u00a0| \u00a0Protein: 0 g \u00a0| \u00a0Salt: 0 g<\/p>\n\n\n\n<h2 class=\"wp-block-heading\">Ingredienser:<\/h2>\n\n\n\n<p>S\u00f8destoffer (isomalt, erythritol, sucralose), fiber (polydextrose).<\/p>\n","protected":false},"excerpt":{"rendered":"<p>Finesse Bagesukker Finesse egner sig godt til bagning, giver bruning, spr\u00f8dhed og har ingen [&hellip;]<\/p>\n","protected":false},"author":1,"featured_media":0,"parent":2867,"menu_order":200,"comment_status":"closed","ping_status":"closed","template":"","meta":{"_monsterinsights_skip_tracking":false,"_monsterinsights_sitenote_active":false,"_monsterinsights_sitenote_note":"","_monsterinsights_sitenote_category":0,"footnotes":""},"product_types":[67],"class_list":["post-2869","page","type-page","status-publish","hentry","product_types-type-finesse"],"yoast_head":"<!-- This site is optimized with the Yoast SEO plugin v23.6 - https:\/\/yoast.com\/wordpress\/plugins\/seo\/ -->\n<title>Om Finesse - Sukrin Danmark<\/title>\n<meta name=\"robots\" content=\"index, follow, max-snippet:-1, max-image-preview:large, max-video-preview:-1\" \/>\n<link rel=\"canonical\" href=\"http:\/\/sukrin.com\/dk\/finesse\/om\/\" \/>\n<meta name=\"twitter:label1\" content=\"Estimeret l\u00e6setid\" \/>\n\t<meta name=\"twitter:data1\" content=\"2 minutter\" \/>\n<script type=\"application\/ld+json\" class=\"yoast-schema-graph\">{\"@context\":\"https:\/\/schema.org\",\"@graph\":[{\"@type\":\"WebPage\",\"@id\":\"http:\/\/sukrin.com\/dk\/finesse\/om\/\",\"url\":\"http:\/\/sukrin.com\/dk\/finesse\/om\/\",\"name\":\"Om Finesse - Sukrin Danmark\",\"isPartOf\":{\"@id\":\"http:\/\/sukrin.com\/dk\/#website\"},\"primaryImageOfPage\":{\"@id\":\"http:\/\/sukrin.com\/dk\/finesse\/om\/#primaryimage\"},\"image\":{\"@id\":\"http:\/\/sukrin.com\/dk\/finesse\/om\/#primaryimage\"},\"thumbnailUrl\":\"https:\/\/www.funksjonellmat.no\/wp-content\/uploads\/2021\/09\/Finesse_hel_240x300.jpg\",\"datePublished\":\"2023-10-27T20:30:50+00:00\",\"dateModified\":\"2023-10-27T20:30:50+00:00\",\"breadcrumb\":{\"@id\":\"http:\/\/sukrin.com\/dk\/finesse\/om\/#breadcrumb\"},\"inLanguage\":\"da-DK\",\"potentialAction\":[{\"@type\":\"ReadAction\",\"target\":[\"http:\/\/sukrin.com\/dk\/finesse\/om\/\"]}]},{\"@type\":\"ImageObject\",\"inLanguage\":\"da-DK\",\"@id\":\"http:\/\/sukrin.com\/dk\/finesse\/om\/#primaryimage\",\"url\":\"https:\/\/www.funksjonellmat.no\/wp-content\/uploads\/2021\/09\/Finesse_hel_240x300.jpg\",\"contentUrl\":\"https:\/\/www.funksjonellmat.no\/wp-content\/uploads\/2021\/09\/Finesse_hel_240x300.jpg\"},{\"@type\":\"BreadcrumbList\",\"@id\":\"http:\/\/sukrin.com\/dk\/finesse\/om\/#breadcrumb\",\"itemListElement\":[{\"@type\":\"ListItem\",\"position\":1,\"name\":\"Finesse\",\"item\":\"http:\/\/sukrin.com\/dk\/finesse\/\"},{\"@type\":\"ListItem\",\"position\":2,\"name\":\"Om Finesse\"}]},{\"@type\":\"WebSite\",\"@id\":\"http:\/\/sukrin.com\/dk\/#website\",\"url\":\"http:\/\/sukrin.com\/dk\/\",\"name\":\"Sukrin Danmark\",\"description\":\"Sukrin - Healthy and tasty made easy\",\"potentialAction\":[{\"@type\":\"SearchAction\",\"target\":{\"@type\":\"EntryPoint\",\"urlTemplate\":\"http:\/\/sukrin.com\/dk\/?s={search_term_string}\"},\"query-input\":{\"@type\":\"PropertyValueSpecification\",\"valueRequired\":true,\"valueName\":\"search_term_string\"}}],\"inLanguage\":\"da-DK\"}]}<\/script>\n<!-- \/ Yoast SEO plugin. -->","yoast_head_json":{"title":"Om Finesse - Sukrin Danmark","robots":{"index":"index","follow":"follow","max-snippet":"max-snippet:-1","max-image-preview":"max-image-preview:large","max-video-preview":"max-video-preview:-1"},"canonical":"http:\/\/sukrin.com\/dk\/finesse\/om\/","twitter_misc":{"Estimeret l\u00e6setid":"2 minutter"},"schema":{"@context":"https:\/\/schema.org","@graph":[{"@type":"WebPage","@id":"http:\/\/sukrin.com\/dk\/finesse\/om\/","url":"http:\/\/sukrin.com\/dk\/finesse\/om\/","name":"Om Finesse - Sukrin Danmark","isPartOf":{"@id":"http:\/\/sukrin.com\/dk\/#website"},"primaryImageOfPage":{"@id":"http:\/\/sukrin.com\/dk\/finesse\/om\/#primaryimage"},"image":{"@id":"http:\/\/sukrin.com\/dk\/finesse\/om\/#primaryimage"},"thumbnailUrl":"https:\/\/www.funksjonellmat.no\/wp-content\/uploads\/2021\/09\/Finesse_hel_240x300.jpg","datePublished":"2023-10-27T20:30:50+00:00","dateModified":"2023-10-27T20:30:50+00:00","breadcrumb":{"@id":"http:\/\/sukrin.com\/dk\/finesse\/om\/#breadcrumb"},"inLanguage":"da-DK","potentialAction":[{"@type":"ReadAction","target":["http:\/\/sukrin.com\/dk\/finesse\/om\/"]}]},{"@type":"ImageObject","inLanguage":"da-DK","@id":"http:\/\/sukrin.com\/dk\/finesse\/om\/#primaryimage","url":"https:\/\/www.funksjonellmat.no\/wp-content\/uploads\/2021\/09\/Finesse_hel_240x300.jpg","contentUrl":"https:\/\/www.funksjonellmat.no\/wp-content\/uploads\/2021\/09\/Finesse_hel_240x300.jpg"},{"@type":"BreadcrumbList","@id":"http:\/\/sukrin.com\/dk\/finesse\/om\/#breadcrumb","itemListElement":[{"@type":"ListItem","position":1,"name":"Finesse","item":"http:\/\/sukrin.com\/dk\/finesse\/"},{"@type":"ListItem","position":2,"name":"Om Finesse"}]},{"@type":"WebSite","@id":"http:\/\/sukrin.com\/dk\/#website","url":"http:\/\/sukrin.com\/dk\/","name":"Sukrin Danmark","description":"Sukrin - Healthy and tasty made easy","potentialAction":[{"@type":"SearchAction","target":{"@type":"EntryPoint","urlTemplate":"http:\/\/sukrin.com\/dk\/?s={search_term_string}"},"query-input":{"@type":"PropertyValueSpecification","valueRequired":true,"valueName":"search_term_string"}}],"inLanguage":"da-DK"}]}},"_links":{"self":[{"href":"https:\/\/sukrin.com\/dk\/wp-json\/wp\/v2\/pages\/2869"}],"collection":[{"href":"https:\/\/sukrin.com\/dk\/wp-json\/wp\/v2\/pages"}],"about":[{"href":"https:\/\/sukrin.com\/dk\/wp-json\/wp\/v2\/types\/page"}],"author":[{"embeddable":true,"href":"https:\/\/sukrin.com\/dk\/wp-json\/wp\/v2\/users\/1"}],"replies":[{"embeddable":true,"href":"https:\/\/sukrin.com\/dk\/wp-json\/wp\/v2\/comments?post=2869"}],"version-history":[{"count":2,"href":"https:\/\/sukrin.com\/dk\/wp-json\/wp\/v2\/pages\/2869\/revisions"}],"predecessor-version":[{"id":3031,"href":"https:\/\/sukrin.com\/dk\/wp-json\/wp\/v2\/pages\/2869\/revisions\/3031"}],"up":[{"embeddable":true,"href":"https:\/\/sukrin.com\/dk\/wp-json\/wp\/v2\/pages\/2867"}],"wp:attachment":[{"href":"https:\/\/sukrin.com\/dk\/wp-json\/wp\/v2\/media?parent=2869"}],"wp:term":[{"taxonomy":"product_types","embeddable":true,"href":"https:\/\/sukrin.com\/dk\/wp-json\/wp\/v2\/product_types?post=2869"}],"curies":[{"name":"wp","href":"https:\/\/api.w.org\/{rel}","templated":true}]}}