{"id":2763,"date":"2021-10-27T08:29:26","date_gmt":"2021-10-27T06:29:26","guid":{"rendered":"https:\/\/sukrin.com\/dk\/?page_id=2763"},"modified":"2024-03-26T11:46:14","modified_gmt":"2024-03-26T09:46:14","slug":"om_sukrin_dark_chocolate","status":"publish","type":"page","link":"https:\/\/sukrin.com\/dk\/sukrin-dark-chocolate\/om_sukrin_dark_chocolate\/","title":{"rendered":"Om Sukrin Dark Chocolate"},"content":{"rendered":"<div class=\"wp-block-image\">\n<figure class=\"alignright size-full\"><img loading=\"lazy\" decoding=\"async\" width=\"320\" height=\"320\" src=\"http:\/\/sukrin.com\/dk\/files\/2022\/12\/DarkChocolate_320x320.png\" alt=\"\" class=\"wp-image-2913\" srcset=\"https:\/\/sukrin.com\/dk\/files\/2022\/12\/DarkChocolate_320x320.png 320w, https:\/\/sukrin.com\/dk\/files\/2022\/12\/DarkChocolate_320x320-300x300.png 300w, https:\/\/sukrin.com\/dk\/files\/2022\/12\/DarkChocolate_320x320-150x150.png 150w, https:\/\/sukrin.com\/dk\/files\/2022\/12\/DarkChocolate_320x320-109x109.png 109w, https:\/\/sukrin.com\/dk\/files\/2022\/12\/DarkChocolate_320x320-200x200.png 200w, https:\/\/sukrin.com\/dk\/files\/2022\/12\/DarkChocolate_320x320-111x111.png 111w\" sizes=\"(max-width: 320px) 100vw, 320px\" \/><\/figure><\/div>\n\n\n<h2 class=\"wp-block-heading\">Sukrin Dark Chocolate<\/h2>\n\n\n\n<p>Sukrin Dark Chocolate er m\u00e6lkefri, vegansk og er uden tilsat sukker. Den har en rig og fyldig kakaosmag, et spr\u00f8dt bid og en dejlig bl\u00f8d konsistens, n\u00e5r f\u00f8rst den rammer ganen.<\/p>\n\n\n\n<p>Desuden er Sukrin Dark Chocolate naturligt rig p\u00e5 jern. Spiser du en hel plade &#8211; og det kommer man nemt til &#8211; f\u00e5r du faktisk d\u00e6kket dagsbehovet for dette mineral. <\/p>\n\n\n\n<p>Versionen med hindb\u00e6r har et vidunderligt pift af s\u00f8dme.<\/p>\n\n\n\n<h2 class=\"wp-block-heading\">Ingredienser:<\/h2>\n\n\n\n<p><strong>Dark<\/strong>: Kakaomasse, s\u00f8destoffer (erythritol og steviolglykosider), inulin, kakaosm\u00f8r, vanilje, emulgator (solsikkelecithin). Minst 65% kakao.<\/p>\n\n\n\n<p><strong>Raspberry<\/strong>: Kakaomasse, s\u00f8destoffer (erythritol og steviolglykosider), inulin, kakaosm\u00f8r, hindb\u00e6r: 2,5%, vanilje, emulgator (solsikkelecithin). Minst 65% kakao.<\/p>\n\n\n\n<h2 class=\"wp-block-heading\">N\u00e6ringsindhold pr. 85 g plade:<\/h2>\n\n\n\n<p><strong>Dark<\/strong>: Kcal: 383 |&nbsp; Protein: 6,9 g&nbsp; |&nbsp; kulhydrat: 24 g&nbsp; |&nbsp; -heraf polyoler: 18 g&nbsp; |&nbsp; -heraf sukkerarter: 1 g&nbsp; |&nbsp; -netto kulhydrat: 6 g&nbsp; |&nbsp; Fedt: 33 g&nbsp; |&nbsp; -heraf m\u00e6ttet fedt: 20 g&nbsp; |&nbsp; Kostfiber: 18 g&nbsp; |&nbsp; Jern: 13 mg<\/p>\n\n\n\n<p><strong>Raspberry<\/strong>: Kcal: 378&nbsp; |&nbsp; Protein: 6,9 g&nbsp; |&nbsp; Kulhydrat: 24 g&nbsp; |&nbsp; -heraf polyoler: 18 g&nbsp; |&nbsp; -heraf sukkerarter: 1,6 g&nbsp; |&nbsp; -netto kulhydrat: 6 g&nbsp; |&nbsp; Fett: 32 g&nbsp; |&nbsp; -heraf m\u00e6ttet fett: 20 g&nbsp; |&nbsp; Kostfiber: 19 g&nbsp; |&nbsp; Jern: 13 mg<\/p>\n","protected":false},"excerpt":{"rendered":"<p>Sukrin Dark Chocolate Sukrin Dark Chocolate er m\u00e6lkefri, vegansk og er uden tilsat sukker. [&hellip;]<\/p>\n","protected":false},"author":1,"featured_media":0,"parent":2761,"menu_order":0,"comment_status":"closed","ping_status":"closed","template":"","meta":{"_monsterinsights_skip_tracking":false,"_monsterinsights_sitenote_active":false,"_monsterinsights_sitenote_note":"","_monsterinsights_sitenote_category":0,"footnotes":""},"product_types":[65],"class_list":["post-2763","page","type-page","status-publish","hentry","product_types-type-darkchocolate"],"yoast_head":"<!-- This site is optimized with the Yoast SEO plugin v23.6 - https:\/\/yoast.com\/wordpress\/plugins\/seo\/ -->\n<title>Sukrin Dark chocolate - uden tilsat sukker - vegansk<\/title>\n<meta name=\"description\" content=\"Kun 6 gram kulhydrat pr. plade \u00e1 85 gram. Rig og fyldig kakaosmag, et spr\u00f8dt bid og en dejlig bl\u00f8d konsistens.\" \/>\n<meta name=\"robots\" content=\"index, follow, max-snippet:-1, max-image-preview:large, max-video-preview:-1\" \/>\n<link rel=\"canonical\" href=\"http:\/\/sukrin.com\/dk\/sukrin-dark-chocolate\/om_sukrin_dark_chocolate\/\" \/>\n<meta name=\"twitter:label1\" content=\"Estimeret l\u00e6setid\" \/>\n\t<meta name=\"twitter:data1\" content=\"2 minutter\" \/>\n<script type=\"application\/ld+json\" class=\"yoast-schema-graph\">{\"@context\":\"https:\/\/schema.org\",\"@graph\":[{\"@type\":\"WebPage\",\"@id\":\"http:\/\/sukrin.com\/dk\/sukrin-dark-chocolate\/om_sukrin_dark_chocolate\/\",\"url\":\"http:\/\/sukrin.com\/dk\/sukrin-dark-chocolate\/om_sukrin_dark_chocolate\/\",\"name\":\"Sukrin Dark chocolate - uden tilsat sukker - vegansk\",\"isPartOf\":{\"@id\":\"http:\/\/sukrin.com\/dk\/#website\"},\"primaryImageOfPage\":{\"@id\":\"http:\/\/sukrin.com\/dk\/sukrin-dark-chocolate\/om_sukrin_dark_chocolate\/#primaryimage\"},\"image\":{\"@id\":\"http:\/\/sukrin.com\/dk\/sukrin-dark-chocolate\/om_sukrin_dark_chocolate\/#primaryimage\"},\"thumbnailUrl\":\"http:\/\/sukrin.com\/dk\/files\/2022\/12\/DarkChocolate_320x320.png\",\"datePublished\":\"2021-10-27T06:29:26+00:00\",\"dateModified\":\"2024-03-26T09:46:14+00:00\",\"description\":\"Kun 6 gram kulhydrat pr. plade \u00e1 85 gram. Rig og fyldig kakaosmag, et spr\u00f8dt bid og en dejlig bl\u00f8d konsistens.\",\"breadcrumb\":{\"@id\":\"http:\/\/sukrin.com\/dk\/sukrin-dark-chocolate\/om_sukrin_dark_chocolate\/#breadcrumb\"},\"inLanguage\":\"da-DK\",\"potentialAction\":[{\"@type\":\"ReadAction\",\"target\":[\"http:\/\/sukrin.com\/dk\/sukrin-dark-chocolate\/om_sukrin_dark_chocolate\/\"]}]},{\"@type\":\"ImageObject\",\"inLanguage\":\"da-DK\",\"@id\":\"http:\/\/sukrin.com\/dk\/sukrin-dark-chocolate\/om_sukrin_dark_chocolate\/#primaryimage\",\"url\":\"https:\/\/sukrin.com\/dk\/files\/2022\/12\/DarkChocolate_320x320.png\",\"contentUrl\":\"https:\/\/sukrin.com\/dk\/files\/2022\/12\/DarkChocolate_320x320.png\",\"width\":320,\"height\":320},{\"@type\":\"BreadcrumbList\",\"@id\":\"http:\/\/sukrin.com\/dk\/sukrin-dark-chocolate\/om_sukrin_dark_chocolate\/#breadcrumb\",\"itemListElement\":[{\"@type\":\"ListItem\",\"position\":1,\"name\":\"Sukrin Dark chocolate\",\"item\":\"http:\/\/sukrin.com\/dk\/sukrin-dark-chocolate\/\"},{\"@type\":\"ListItem\",\"position\":2,\"name\":\"Om Sukrin Dark Chocolate\"}]},{\"@type\":\"WebSite\",\"@id\":\"http:\/\/sukrin.com\/dk\/#website\",\"url\":\"http:\/\/sukrin.com\/dk\/\",\"name\":\"Sukrin Danmark\",\"description\":\"Sukrin - Healthy and tasty made easy\",\"potentialAction\":[{\"@type\":\"SearchAction\",\"target\":{\"@type\":\"EntryPoint\",\"urlTemplate\":\"http:\/\/sukrin.com\/dk\/?s={search_term_string}\"},\"query-input\":{\"@type\":\"PropertyValueSpecification\",\"valueRequired\":true,\"valueName\":\"search_term_string\"}}],\"inLanguage\":\"da-DK\"}]}<\/script>\n<!-- \/ Yoast SEO plugin. -->","yoast_head_json":{"title":"Sukrin Dark chocolate - uden tilsat sukker - vegansk","description":"Kun 6 gram kulhydrat pr. plade \u00e1 85 gram. Rig og fyldig kakaosmag, et spr\u00f8dt bid og en dejlig bl\u00f8d konsistens.","robots":{"index":"index","follow":"follow","max-snippet":"max-snippet:-1","max-image-preview":"max-image-preview:large","max-video-preview":"max-video-preview:-1"},"canonical":"http:\/\/sukrin.com\/dk\/sukrin-dark-chocolate\/om_sukrin_dark_chocolate\/","twitter_misc":{"Estimeret l\u00e6setid":"2 minutter"},"schema":{"@context":"https:\/\/schema.org","@graph":[{"@type":"WebPage","@id":"http:\/\/sukrin.com\/dk\/sukrin-dark-chocolate\/om_sukrin_dark_chocolate\/","url":"http:\/\/sukrin.com\/dk\/sukrin-dark-chocolate\/om_sukrin_dark_chocolate\/","name":"Sukrin Dark chocolate - uden tilsat sukker - vegansk","isPartOf":{"@id":"http:\/\/sukrin.com\/dk\/#website"},"primaryImageOfPage":{"@id":"http:\/\/sukrin.com\/dk\/sukrin-dark-chocolate\/om_sukrin_dark_chocolate\/#primaryimage"},"image":{"@id":"http:\/\/sukrin.com\/dk\/sukrin-dark-chocolate\/om_sukrin_dark_chocolate\/#primaryimage"},"thumbnailUrl":"http:\/\/sukrin.com\/dk\/files\/2022\/12\/DarkChocolate_320x320.png","datePublished":"2021-10-27T06:29:26+00:00","dateModified":"2024-03-26T09:46:14+00:00","description":"Kun 6 gram kulhydrat pr. plade \u00e1 85 gram. Rig og fyldig kakaosmag, et spr\u00f8dt bid og en dejlig bl\u00f8d konsistens.","breadcrumb":{"@id":"http:\/\/sukrin.com\/dk\/sukrin-dark-chocolate\/om_sukrin_dark_chocolate\/#breadcrumb"},"inLanguage":"da-DK","potentialAction":[{"@type":"ReadAction","target":["http:\/\/sukrin.com\/dk\/sukrin-dark-chocolate\/om_sukrin_dark_chocolate\/"]}]},{"@type":"ImageObject","inLanguage":"da-DK","@id":"http:\/\/sukrin.com\/dk\/sukrin-dark-chocolate\/om_sukrin_dark_chocolate\/#primaryimage","url":"https:\/\/sukrin.com\/dk\/files\/2022\/12\/DarkChocolate_320x320.png","contentUrl":"https:\/\/sukrin.com\/dk\/files\/2022\/12\/DarkChocolate_320x320.png","width":320,"height":320},{"@type":"BreadcrumbList","@id":"http:\/\/sukrin.com\/dk\/sukrin-dark-chocolate\/om_sukrin_dark_chocolate\/#breadcrumb","itemListElement":[{"@type":"ListItem","position":1,"name":"Sukrin Dark chocolate","item":"http:\/\/sukrin.com\/dk\/sukrin-dark-chocolate\/"},{"@type":"ListItem","position":2,"name":"Om Sukrin Dark Chocolate"}]},{"@type":"WebSite","@id":"http:\/\/sukrin.com\/dk\/#website","url":"http:\/\/sukrin.com\/dk\/","name":"Sukrin Danmark","description":"Sukrin - Healthy and tasty made easy","potentialAction":[{"@type":"SearchAction","target":{"@type":"EntryPoint","urlTemplate":"http:\/\/sukrin.com\/dk\/?s={search_term_string}"},"query-input":{"@type":"PropertyValueSpecification","valueRequired":true,"valueName":"search_term_string"}}],"inLanguage":"da-DK"}]}},"_links":{"self":[{"href":"https:\/\/sukrin.com\/dk\/wp-json\/wp\/v2\/pages\/2763"}],"collection":[{"href":"https:\/\/sukrin.com\/dk\/wp-json\/wp\/v2\/pages"}],"about":[{"href":"https:\/\/sukrin.com\/dk\/wp-json\/wp\/v2\/types\/page"}],"author":[{"embeddable":true,"href":"https:\/\/sukrin.com\/dk\/wp-json\/wp\/v2\/users\/1"}],"replies":[{"embeddable":true,"href":"https:\/\/sukrin.com\/dk\/wp-json\/wp\/v2\/comments?post=2763"}],"version-history":[{"count":13,"href":"https:\/\/sukrin.com\/dk\/wp-json\/wp\/v2\/pages\/2763\/revisions"}],"predecessor-version":[{"id":3078,"href":"https:\/\/sukrin.com\/dk\/wp-json\/wp\/v2\/pages\/2763\/revisions\/3078"}],"up":[{"embeddable":true,"href":"https:\/\/sukrin.com\/dk\/wp-json\/wp\/v2\/pages\/2761"}],"wp:attachment":[{"href":"https:\/\/sukrin.com\/dk\/wp-json\/wp\/v2\/media?parent=2763"}],"wp:term":[{"taxonomy":"product_types","embeddable":true,"href":"https:\/\/sukrin.com\/dk\/wp-json\/wp\/v2\/product_types?post=2763"}],"curies":[{"name":"wp","href":"https:\/\/api.w.org\/{rel}","templated":true}]}}