{"id":2710,"date":"2021-10-26T16:08:55","date_gmt":"2021-10-26T14:08:55","guid":{"rendered":"http:\/\/sukrin.com\/dk\/?page_id=2710"},"modified":"2024-11-25T16:29:59","modified_gmt":"2024-11-25T14:29:59","slug":"om-sukrin-mini-sweeteners","status":"publish","type":"page","link":"https:\/\/sukrin.com\/dk\/sukrin-mini-sweeteners\/om-sukrin-mini-sweeteners\/","title":{"rendered":"Om Sukrin Mini sweeteners"},"content":{"rendered":"\n<h1 class=\"wp-block-heading\">Sukrin Mini sweeteners<\/h1>\n\n\n<div class=\"wp-block-image is-resized\">\n<figure class=\"alignright size-medium\"><a href=\"http:\/\/sukrin.com\/dk\/files\/2022\/12\/Sukrin_mini_sweeteners_EU_NOR_WEB_CROP.png\"><img loading=\"lazy\" decoding=\"async\" width=\"194\" height=\"300\" src=\"https:\/\/sukrin.com\/dk\/files\/2022\/12\/Sukrin_mini_sweeteners_EU_NOR_WEB_CROP-194x300.png\" alt=\"Sukrin Mini Sweeteners\" class=\"wp-image-2931\" srcset=\"https:\/\/sukrin.com\/dk\/files\/2022\/12\/Sukrin_mini_sweeteners_EU_NOR_WEB_CROP-194x300.png 194w, https:\/\/sukrin.com\/dk\/files\/2022\/12\/Sukrin_mini_sweeteners_EU_NOR_WEB_CROP-661x1024.png 661w, https:\/\/sukrin.com\/dk\/files\/2022\/12\/Sukrin_mini_sweeteners_EU_NOR_WEB_CROP-768x1189.png 768w, https:\/\/sukrin.com\/dk\/files\/2022\/12\/Sukrin_mini_sweeteners_EU_NOR_WEB_CROP-109x169.png 109w, https:\/\/sukrin.com\/dk\/files\/2022\/12\/Sukrin_mini_sweeteners_EU_NOR_WEB_CROP-200x310.png 200w, https:\/\/sukrin.com\/dk\/files\/2022\/12\/Sukrin_mini_sweeteners_EU_NOR_WEB_CROP-111x172.png 111w, https:\/\/sukrin.com\/dk\/files\/2022\/12\/Sukrin_mini_sweeteners_EU_NOR_WEB_CROP-320x495.png 320w, https:\/\/sukrin.com\/dk\/files\/2022\/12\/Sukrin_mini_sweeteners_EU_NOR_WEB_CROP-640x991.png 640w, https:\/\/sukrin.com\/dk\/files\/2022\/12\/Sukrin_mini_sweeteners_EU_NOR_WEB_CROP.png 775w\" sizes=\"(max-width: 194px) 100vw, 194px\" \/><\/a><\/figure><\/div>\n\n\n<p>300 kaloriefri tabs i en praktisk dispenser som er lige til at have med p\u00e5 farten. Med et lille tryk med fingeren kan du give dine varme drikke lige pr\u00e6cis den s\u00f8dme, som du er ude efter &#8211; uden at tilf\u00f8je en eneste kalorie. 1 tablet har den samme s\u00f8dme som en tsk sukker.<\/p>\n\n\n\n<ul class=\"wp-block-list\">\n<li>Naturligt<\/li>\n\n\n\n<li>Kaloriefri<\/li>\n<\/ul>\n\n\n\n<h2 class=\"wp-block-heading\">Ingredienser<\/h2>\n\n\n\n<p>Indeholder s\u00f8demiddel: Erythritol og steviolglykosider, natrium bikarbonat, vinsyre, leucin.<\/p>\n","protected":false},"excerpt":{"rendered":"<p>Sukrin Mini sweeteners 300 kaloriefri tabs i en praktisk dispenser som er lige til [&hellip;]<\/p>\n","protected":false},"author":1,"featured_media":0,"parent":2708,"menu_order":90,"comment_status":"closed","ping_status":"closed","template":"","meta":{"_monsterinsights_skip_tracking":false,"_monsterinsights_sitenote_active":false,"_monsterinsights_sitenote_note":"","_monsterinsights_sitenote_category":0,"footnotes":""},"product_types":[57],"class_list":["post-2710","page","type-page","status-publish","hentry","product_types-type-mini-sweeteners","product_categories-sugar"],"yoast_head":"<!-- This site is optimized with the Yoast SEO plugin v23.6 - https:\/\/yoast.com\/wordpress\/plugins\/seo\/ -->\n<title>Sukrin mini sweeteners - kaloriefri tabs i en praktisk dispenser<\/title>\n<meta name=\"description\" content=\"Med et lille tryk med fingeren kan du give dine varme drikke lige pr\u00e6cis den s\u00f8dme, som du er ude efter - uden at tilf\u00f8je en eneste kalorie.\" \/>\n<meta name=\"robots\" content=\"index, follow, max-snippet:-1, max-image-preview:large, max-video-preview:-1\" \/>\n<link rel=\"canonical\" href=\"https:\/\/sukrin.com\/dk\/sukrin-mini-sweeteners\/om-sukrin-mini-sweeteners\/\" \/>\n<meta name=\"twitter:label1\" content=\"Estimeret l\u00e6setid\" \/>\n\t<meta name=\"twitter:data1\" content=\"1 minut\" \/>\n<script type=\"application\/ld+json\" class=\"yoast-schema-graph\">{\"@context\":\"https:\/\/schema.org\",\"@graph\":[{\"@type\":\"WebPage\",\"@id\":\"https:\/\/sukrin.com\/dk\/sukrin-mini-sweeteners\/om-sukrin-mini-sweeteners\/\",\"url\":\"https:\/\/sukrin.com\/dk\/sukrin-mini-sweeteners\/om-sukrin-mini-sweeteners\/\",\"name\":\"Sukrin mini sweeteners - kaloriefri tabs i en praktisk dispenser\",\"isPartOf\":{\"@id\":\"http:\/\/sukrin.com\/dk\/#website\"},\"primaryImageOfPage\":{\"@id\":\"https:\/\/sukrin.com\/dk\/sukrin-mini-sweeteners\/om-sukrin-mini-sweeteners\/#primaryimage\"},\"image\":{\"@id\":\"https:\/\/sukrin.com\/dk\/sukrin-mini-sweeteners\/om-sukrin-mini-sweeteners\/#primaryimage\"},\"thumbnailUrl\":\"https:\/\/sukrin.com\/dk\/files\/2022\/12\/Sukrin_mini_sweeteners_EU_NOR_WEB_CROP-194x300.png\",\"datePublished\":\"2021-10-26T14:08:55+00:00\",\"dateModified\":\"2024-11-25T14:29:59+00:00\",\"description\":\"Med et lille tryk med fingeren kan du give dine varme drikke lige pr\u00e6cis den s\u00f8dme, som du er ude efter - uden at tilf\u00f8je en eneste kalorie.\",\"breadcrumb\":{\"@id\":\"https:\/\/sukrin.com\/dk\/sukrin-mini-sweeteners\/om-sukrin-mini-sweeteners\/#breadcrumb\"},\"inLanguage\":\"da-DK\",\"potentialAction\":[{\"@type\":\"ReadAction\",\"target\":[\"https:\/\/sukrin.com\/dk\/sukrin-mini-sweeteners\/om-sukrin-mini-sweeteners\/\"]}]},{\"@type\":\"ImageObject\",\"inLanguage\":\"da-DK\",\"@id\":\"https:\/\/sukrin.com\/dk\/sukrin-mini-sweeteners\/om-sukrin-mini-sweeteners\/#primaryimage\",\"url\":\"https:\/\/sukrin.com\/dk\/files\/2022\/12\/Sukrin_mini_sweeteners_EU_NOR_WEB_CROP.png\",\"contentUrl\":\"https:\/\/sukrin.com\/dk\/files\/2022\/12\/Sukrin_mini_sweeteners_EU_NOR_WEB_CROP.png\",\"width\":775,\"height\":1200,\"caption\":\"Sukrin Mini Sweeteners\"},{\"@type\":\"BreadcrumbList\",\"@id\":\"https:\/\/sukrin.com\/dk\/sukrin-mini-sweeteners\/om-sukrin-mini-sweeteners\/#breadcrumb\",\"itemListElement\":[{\"@type\":\"ListItem\",\"position\":1,\"name\":\"Sukrin Mini sweeteners\",\"item\":\"https:\/\/sukrin.com\/dk\/sukrin-mini-sweeteners\/\"},{\"@type\":\"ListItem\",\"position\":2,\"name\":\"Om Sukrin Mini sweeteners\"}]},{\"@type\":\"WebSite\",\"@id\":\"http:\/\/sukrin.com\/dk\/#website\",\"url\":\"http:\/\/sukrin.com\/dk\/\",\"name\":\"Sukrin Danmark\",\"description\":\"Sukrin - Healthy and tasty made easy\",\"potentialAction\":[{\"@type\":\"SearchAction\",\"target\":{\"@type\":\"EntryPoint\",\"urlTemplate\":\"http:\/\/sukrin.com\/dk\/?s={search_term_string}\"},\"query-input\":{\"@type\":\"PropertyValueSpecification\",\"valueRequired\":true,\"valueName\":\"search_term_string\"}}],\"inLanguage\":\"da-DK\"}]}<\/script>\n<!-- \/ Yoast SEO plugin. -->","yoast_head_json":{"title":"Sukrin mini sweeteners - kaloriefri tabs i en praktisk dispenser","description":"Med et lille tryk med fingeren kan du give dine varme drikke lige pr\u00e6cis den s\u00f8dme, som du er ude efter - uden at tilf\u00f8je en eneste kalorie.","robots":{"index":"index","follow":"follow","max-snippet":"max-snippet:-1","max-image-preview":"max-image-preview:large","max-video-preview":"max-video-preview:-1"},"canonical":"https:\/\/sukrin.com\/dk\/sukrin-mini-sweeteners\/om-sukrin-mini-sweeteners\/","twitter_misc":{"Estimeret l\u00e6setid":"1 minut"},"schema":{"@context":"https:\/\/schema.org","@graph":[{"@type":"WebPage","@id":"https:\/\/sukrin.com\/dk\/sukrin-mini-sweeteners\/om-sukrin-mini-sweeteners\/","url":"https:\/\/sukrin.com\/dk\/sukrin-mini-sweeteners\/om-sukrin-mini-sweeteners\/","name":"Sukrin mini sweeteners - kaloriefri tabs i en praktisk dispenser","isPartOf":{"@id":"http:\/\/sukrin.com\/dk\/#website"},"primaryImageOfPage":{"@id":"https:\/\/sukrin.com\/dk\/sukrin-mini-sweeteners\/om-sukrin-mini-sweeteners\/#primaryimage"},"image":{"@id":"https:\/\/sukrin.com\/dk\/sukrin-mini-sweeteners\/om-sukrin-mini-sweeteners\/#primaryimage"},"thumbnailUrl":"https:\/\/sukrin.com\/dk\/files\/2022\/12\/Sukrin_mini_sweeteners_EU_NOR_WEB_CROP-194x300.png","datePublished":"2021-10-26T14:08:55+00:00","dateModified":"2024-11-25T14:29:59+00:00","description":"Med et lille tryk med fingeren kan du give dine varme drikke lige pr\u00e6cis den s\u00f8dme, som du er ude efter - uden at tilf\u00f8je en eneste kalorie.","breadcrumb":{"@id":"https:\/\/sukrin.com\/dk\/sukrin-mini-sweeteners\/om-sukrin-mini-sweeteners\/#breadcrumb"},"inLanguage":"da-DK","potentialAction":[{"@type":"ReadAction","target":["https:\/\/sukrin.com\/dk\/sukrin-mini-sweeteners\/om-sukrin-mini-sweeteners\/"]}]},{"@type":"ImageObject","inLanguage":"da-DK","@id":"https:\/\/sukrin.com\/dk\/sukrin-mini-sweeteners\/om-sukrin-mini-sweeteners\/#primaryimage","url":"https:\/\/sukrin.com\/dk\/files\/2022\/12\/Sukrin_mini_sweeteners_EU_NOR_WEB_CROP.png","contentUrl":"https:\/\/sukrin.com\/dk\/files\/2022\/12\/Sukrin_mini_sweeteners_EU_NOR_WEB_CROP.png","width":775,"height":1200,"caption":"Sukrin Mini Sweeteners"},{"@type":"BreadcrumbList","@id":"https:\/\/sukrin.com\/dk\/sukrin-mini-sweeteners\/om-sukrin-mini-sweeteners\/#breadcrumb","itemListElement":[{"@type":"ListItem","position":1,"name":"Sukrin Mini sweeteners","item":"https:\/\/sukrin.com\/dk\/sukrin-mini-sweeteners\/"},{"@type":"ListItem","position":2,"name":"Om Sukrin Mini sweeteners"}]},{"@type":"WebSite","@id":"http:\/\/sukrin.com\/dk\/#website","url":"http:\/\/sukrin.com\/dk\/","name":"Sukrin Danmark","description":"Sukrin - Healthy and tasty made easy","potentialAction":[{"@type":"SearchAction","target":{"@type":"EntryPoint","urlTemplate":"http:\/\/sukrin.com\/dk\/?s={search_term_string}"},"query-input":{"@type":"PropertyValueSpecification","valueRequired":true,"valueName":"search_term_string"}}],"inLanguage":"da-DK"}]}},"_links":{"self":[{"href":"https:\/\/sukrin.com\/dk\/wp-json\/wp\/v2\/pages\/2710"}],"collection":[{"href":"https:\/\/sukrin.com\/dk\/wp-json\/wp\/v2\/pages"}],"about":[{"href":"https:\/\/sukrin.com\/dk\/wp-json\/wp\/v2\/types\/page"}],"author":[{"embeddable":true,"href":"https:\/\/sukrin.com\/dk\/wp-json\/wp\/v2\/users\/1"}],"replies":[{"embeddable":true,"href":"https:\/\/sukrin.com\/dk\/wp-json\/wp\/v2\/comments?post=2710"}],"version-history":[{"count":6,"href":"https:\/\/sukrin.com\/dk\/wp-json\/wp\/v2\/pages\/2710\/revisions"}],"predecessor-version":[{"id":3211,"href":"https:\/\/sukrin.com\/dk\/wp-json\/wp\/v2\/pages\/2710\/revisions\/3211"}],"up":[{"embeddable":true,"href":"https:\/\/sukrin.com\/dk\/wp-json\/wp\/v2\/pages\/2708"}],"wp:attachment":[{"href":"https:\/\/sukrin.com\/dk\/wp-json\/wp\/v2\/media?parent=2710"}],"wp:term":[{"taxonomy":"product_types","embeddable":true,"href":"https:\/\/sukrin.com\/dk\/wp-json\/wp\/v2\/product_types?post=2710"}],"curies":[{"name":"wp","href":"https:\/\/api.w.org\/{rel}","templated":true}]}}