{"id":2655,"date":"2019-11-11T13:59:49","date_gmt":"2019-11-11T11:59:49","guid":{"rendered":"http:\/\/sukrin.com\/dk\/?page_id=2655"},"modified":"2024-11-25T16:40:35","modified_gmt":"2024-11-25T14:40:35","slug":"about-chocolate-mousse","status":"publish","type":"page","link":"https:\/\/sukrin.com\/dk\/chocolate-mousse\/about-chocolate-mousse\/","title":{"rendered":"Om Chocolate mousse"},"content":{"rendered":"\n<h1 class=\"wp-block-heading\">Sukrin Chocolate mousse \u2013 ren nydelse!<\/h1>\n\n\n\n<p>M\u00e5 vi byde p\u00e5 en fl\u00f8jlsbl\u00f8d, luftig, og let-at-lave chokolade mousse &#8211; uden tilsat sukker? Sukrin Chocolate mousse er det perfekte valg, hvis du er p\u00e5 udkig efter en l\u00e6kker dessert som samtidig er sund. En dessert der fungerer b\u00e5de til hverdag og til fest.<\/p>\n\n\n\n<ul class=\"wp-block-list\">\n<li>Ingen tilsat sukker<\/li>\n\n\n\n<li>Naturlig s\u00f8det med Sukrin og stevia<\/li>\n\n\n\n<li>Fantastisk let og bl\u00f8d konsistens<\/li>\n\n\n\n<li>Kun 85 kcal per portion<\/li>\n<\/ul>\n\n\n\n<p>Det eneste du skal g\u00f8re er at blande Sukrin Chocolate mousse med 2 dl (let stuetempereret) m\u00e6lk, piske med fuld styrke i 3-5 minutter, derefter s\u00e6tte den til afk\u00f8ling i k\u00f8leskabet mindst en time f\u00f8r servering. Den kan spises som den er, men det er ogs\u00e5 muligt at tils\u00e6tte hakket chokolade, hakkede n\u00f8dder eller friske b\u00e6r for at blive en ekstra god dessert.<\/p>\n\n\n\n<h2 class=\"wp-block-heading\">Variation<\/h2>\n\n\n\n<ul class=\"wp-block-list\">\n<li>Sukrin Chocolate mousse fungerer glimrende som kagefyld. Hvis den piskes med 2 dl piskefl\u00f8de f\u00e5r den en konsistens som sm\u00f8rcreme.<\/li>\n\n\n\n<li>Moussen kan ogs\u00e5 spises som is. Vi anbefaler at bruge 1,5 dl s\u00f8dm\u00e6lk, piske med fuld styrke i ca. 3 minutter, og derefter s\u00e6tte den i fryseren i omkring 4 timer.<\/li>\n<\/ul>\n\n\n\n<h2 class=\"wp-block-heading\">Ingredienser:<img loading=\"lazy\" decoding=\"async\" class=\"alignright size-full wp-image-7718\" src=\"\/dk\/files\/2024\/11\/ChocolateMoussex2_lite.png\" alt=\"\" width=\"240\" height=\"300\"><\/h2>\n\n\n\n<p>S\u00f8demidler (erythritol, steviol glycosider), piskeemulgator (glukose, kokosolie, emulgator: m\u00e6lkesyreestere af mono- og<br>diglycerider af fedtsyrer, <strong>m\u00e6lkeprotein<\/strong>, stabilisator: natriumalginat), inulin (cikorierodfiber), fedt-reduceret kakao (15%), fortykningsmiddel: acetyleret distivelse adipate, aromaer, salt.<\/p>\n\n\n\n<h4 class=\"wp-block-heading\">N\u00e6ringsindhold per 100 g tilberedt mousse:<\/h4>\n\n\n\n<p>Kcal: 119&nbsp; |&nbsp; Protein: 4,4 g&nbsp; |&nbsp; Kulhydrater: 19 g&nbsp; |&nbsp; -hvoraf polyoler: 9,3 g&nbsp; |&nbsp; -hvoraf sukkerarter: 7,8 g&nbsp; |&nbsp; -netto kulhydrater: 9,2 g&nbsp; |&nbsp; Fedt: 6,1 g&nbsp; |&nbsp; -hvoraf m\u00e6ttet fedt: 4,8 g&nbsp; |&nbsp; Kostfibre: 5,7 g<\/p>\n\n\n\n<h4 class=\"wp-block-heading\">N\u00e6ringsindhold per portion (ca. 70 g):<\/h4>\n\n\n\n<p>Kcal: 85&nbsp; |&nbsp; Protein: 3,1 g&nbsp; |&nbsp; Kulhydrater: 13 g&nbsp; |&nbsp; &#8211;<span style=\"display: inline !important; float: none; background-color: transparent; color: #333333; cursor: text; font-family: Georgia,'Times New Roman','Bitstream Charter',Times,serif; font-size: 16px; font-style: normal; font-variant: normal; font-weight: 400; letter-spacing: normal; orphans: 2; text-align: left; text-decoration: none; text-indent: 0px; text-transform: none; -webkit-text-stroke-width: 0px; white-space: normal; word-spacing: 0px;\">hvoraf polyoler<\/span>: 6,6 g&nbsp; |&nbsp; &#8211;<span style=\"display: inline !important; float: none; background-color: transparent; color: #333333; cursor: text; font-family: Georgia,'Times New Roman','Bitstream Charter',Times,serif; font-size: 16px; font-style: normal; font-variant: normal; font-weight: 400; letter-spacing: normal; orphans: 2; text-align: left; text-decoration: none; text-indent: 0px; text-transform: none; -webkit-text-stroke-width: 0px; white-space: normal; word-spacing: 0px;\">hvoraf sukkerarter<\/span>: 5,6 g&nbsp; |&nbsp; &#8211;<span style=\"display: inline !important; float: none; background-color: transparent; color: #333333; cursor: text; font-family: Georgia,'Times New Roman','Bitstream Charter',Times,serif; font-size: 16px; font-style: normal; font-variant: normal; font-weight: 400; letter-spacing: normal; orphans: 2; text-align: left; text-decoration: none; text-indent: 0px; text-transform: none; -webkit-text-stroke-width: 0px; white-space: normal; word-spacing: 0px;\">netto kulhydrater<\/span>: 6,6 g&nbsp; |&nbsp; <span style=\"display: inline !important; float: none; background-color: transparent; color: #333333; cursor: text; font-family: Georgia,'Times New Roman','Bitstream Charter',Times,serif; font-size: 16px; font-style: normal; font-variant: normal; font-weight: 400; letter-spacing: normal; orphans: 2; text-align: left; text-decoration: none; text-indent: 0px; text-transform: none; -webkit-text-stroke-width: 0px; white-space: normal; word-spacing: 0px;\">Fedt<\/span>: 4,3 g&nbsp; |&nbsp; &#8211;<span style=\"display: inline !important; float: none; background-color: transparent; color: #333333; cursor: text; font-family: Georgia,'Times New Roman','Bitstream Charter',Times,serif; font-size: 16px; font-style: normal; font-variant: normal; font-weight: 400; letter-spacing: normal; orphans: 2; text-align: left; text-decoration: none; text-indent: 0px; text-transform: none; -webkit-text-stroke-width: 0px; white-space: normal; word-spacing: 0px;\">hvoraf m\u00e6ttet fedt<\/span>: 3,4 g&nbsp; |&nbsp; <span style=\"display: inline !important; float: none; background-color: transparent; color: #333333; cursor: text; font-family: Georgia,'Times New Roman','Bitstream Charter',Times,serif; font-size: 16px; font-style: normal; font-variant: normal; font-weight: 400; letter-spacing: normal; orphans: 2; text-align: left; text-decoration: none; text-indent: 0px; text-transform: none; -webkit-text-stroke-width: 0px; white-space: normal; word-spacing: 0px;\">Kostfibre<\/span>: 4,1 g<\/p>\n\n\n\n<hr>\n\n\n\n<h4 class=\"wp-block-heading\"><em>N\u00e6ringsindhold per 100 g t\u00f8rvare:<\/em><\/h4>\n\n\n\n<p><em>Kcal: 303&nbsp; |&nbsp; Protein: 6,8 g &nbsp;|&nbsp; <span style=\"text-align: left; color: #333333; text-transform: none; text-indent: 0px; letter-spacing: normal; font-family: Georgia,'Times New Roman','Bitstream Charter',Times,serif; font-size: 16px; font-variant: normal; font-weight: 400; text-decoration: none; word-spacing: 0px; display: inline !important; white-space: normal; cursor: text; orphans: 2; float: none; -webkit-text-stroke-width: 0px; background-color: transparent;\">Kulhydrater<\/span>: 50,7 g&nbsp; |&nbsp; -hvoraf polyoler: 30,8 g &nbsp;| -hvoraf sukkerarter: 15,3 g&nbsp; |&nbsp; -netto kulhydrater: 19,9 g&nbsp; |&nbsp; Fedt: 18,4 g &nbsp;| <span style=\"display: inline !important; float: none; background-color: transparent; color: #333333; cursor: text; font-family: Georgia,'Times New Roman','Bitstream Charter',Times,serif; font-size: 16px; font-style: normal; font-variant: normal; font-weight: 400; letter-spacing: normal; orphans: 2; text-align: left; text-decoration: none; text-indent: 0px; text-transform: none; -webkit-text-stroke-width: 0px; white-space: normal; word-spacing: 0px;\">&#8211;<\/span>hvoraf m\u00e6ttet fedt: 14,5 g &nbsp;|&nbsp; Kostfibre: 18,9 g<\/em><\/p>\n","protected":false},"excerpt":{"rendered":"<p>Sukrin Chocolate mousse \u2013 ren nydelse! M\u00e5 vi byde p\u00e5 en fl\u00f8jlsbl\u00f8d, luftig, og [&hellip;]<\/p>\n","protected":false},"author":1,"featured_media":0,"parent":2653,"menu_order":0,"comment_status":"closed","ping_status":"closed","template":"","meta":{"_monsterinsights_skip_tracking":false,"_monsterinsights_sitenote_active":false,"_monsterinsights_sitenote_note":"","_monsterinsights_sitenote_category":0,"footnotes":""},"product_types":[55],"class_list":["post-2655","page","type-page","status-publish","hentry","product_types-type-chocolate-mousse"],"yoast_head":"<!-- This site is optimized with the Yoast SEO plugin v23.6 - https:\/\/yoast.com\/wordpress\/plugins\/seo\/ -->\n<title>Sukrin Chocolate mousse - uden tilsat sukker<\/title>\n<meta name=\"description\" content=\"Sukrin Chocolate mousse er det perfekte valg, hvis du er p\u00e5 udkig efter en l\u00e6kker dessert som samtidig er sund.\" \/>\n<meta name=\"robots\" content=\"index, follow, max-snippet:-1, max-image-preview:large, max-video-preview:-1\" \/>\n<link rel=\"canonical\" href=\"https:\/\/sukrin.com\/dk\/chocolate-mousse\/about-chocolate-mousse\/\" \/>\n<meta name=\"twitter:label1\" content=\"Estimeret l\u00e6setid\" \/>\n\t<meta name=\"twitter:data1\" content=\"3 minutter\" \/>\n<script type=\"application\/ld+json\" class=\"yoast-schema-graph\">{\"@context\":\"https:\/\/schema.org\",\"@graph\":[{\"@type\":\"WebPage\",\"@id\":\"https:\/\/sukrin.com\/dk\/chocolate-mousse\/about-chocolate-mousse\/\",\"url\":\"https:\/\/sukrin.com\/dk\/chocolate-mousse\/about-chocolate-mousse\/\",\"name\":\"Sukrin Chocolate mousse - uden tilsat sukker\",\"isPartOf\":{\"@id\":\"http:\/\/sukrin.com\/dk\/#website\"},\"datePublished\":\"2019-11-11T11:59:49+00:00\",\"dateModified\":\"2024-11-25T14:40:35+00:00\",\"description\":\"Sukrin Chocolate mousse er det perfekte valg, hvis du er p\u00e5 udkig efter en l\u00e6kker dessert som samtidig er sund.\",\"breadcrumb\":{\"@id\":\"https:\/\/sukrin.com\/dk\/chocolate-mousse\/about-chocolate-mousse\/#breadcrumb\"},\"inLanguage\":\"da-DK\",\"potentialAction\":[{\"@type\":\"ReadAction\",\"target\":[\"https:\/\/sukrin.com\/dk\/chocolate-mousse\/about-chocolate-mousse\/\"]}]},{\"@type\":\"BreadcrumbList\",\"@id\":\"https:\/\/sukrin.com\/dk\/chocolate-mousse\/about-chocolate-mousse\/#breadcrumb\",\"itemListElement\":[{\"@type\":\"ListItem\",\"position\":1,\"name\":\"Chocolate mousse\",\"item\":\"https:\/\/sukrin.com\/dk\/chocolate-mousse\/\"},{\"@type\":\"ListItem\",\"position\":2,\"name\":\"Om Chocolate mousse\"}]},{\"@type\":\"WebSite\",\"@id\":\"http:\/\/sukrin.com\/dk\/#website\",\"url\":\"http:\/\/sukrin.com\/dk\/\",\"name\":\"Sukrin Danmark\",\"description\":\"Sukrin - Healthy and tasty made easy\",\"potentialAction\":[{\"@type\":\"SearchAction\",\"target\":{\"@type\":\"EntryPoint\",\"urlTemplate\":\"http:\/\/sukrin.com\/dk\/?s={search_term_string}\"},\"query-input\":{\"@type\":\"PropertyValueSpecification\",\"valueRequired\":true,\"valueName\":\"search_term_string\"}}],\"inLanguage\":\"da-DK\"}]}<\/script>\n<!-- \/ Yoast SEO plugin. -->","yoast_head_json":{"title":"Sukrin Chocolate mousse - uden tilsat sukker","description":"Sukrin Chocolate mousse er det perfekte valg, hvis du er p\u00e5 udkig efter en l\u00e6kker dessert som samtidig er sund.","robots":{"index":"index","follow":"follow","max-snippet":"max-snippet:-1","max-image-preview":"max-image-preview:large","max-video-preview":"max-video-preview:-1"},"canonical":"https:\/\/sukrin.com\/dk\/chocolate-mousse\/about-chocolate-mousse\/","twitter_misc":{"Estimeret l\u00e6setid":"3 minutter"},"schema":{"@context":"https:\/\/schema.org","@graph":[{"@type":"WebPage","@id":"https:\/\/sukrin.com\/dk\/chocolate-mousse\/about-chocolate-mousse\/","url":"https:\/\/sukrin.com\/dk\/chocolate-mousse\/about-chocolate-mousse\/","name":"Sukrin Chocolate mousse - uden tilsat sukker","isPartOf":{"@id":"http:\/\/sukrin.com\/dk\/#website"},"datePublished":"2019-11-11T11:59:49+00:00","dateModified":"2024-11-25T14:40:35+00:00","description":"Sukrin Chocolate mousse er det perfekte valg, hvis du er p\u00e5 udkig efter en l\u00e6kker dessert som samtidig er sund.","breadcrumb":{"@id":"https:\/\/sukrin.com\/dk\/chocolate-mousse\/about-chocolate-mousse\/#breadcrumb"},"inLanguage":"da-DK","potentialAction":[{"@type":"ReadAction","target":["https:\/\/sukrin.com\/dk\/chocolate-mousse\/about-chocolate-mousse\/"]}]},{"@type":"BreadcrumbList","@id":"https:\/\/sukrin.com\/dk\/chocolate-mousse\/about-chocolate-mousse\/#breadcrumb","itemListElement":[{"@type":"ListItem","position":1,"name":"Chocolate mousse","item":"https:\/\/sukrin.com\/dk\/chocolate-mousse\/"},{"@type":"ListItem","position":2,"name":"Om Chocolate mousse"}]},{"@type":"WebSite","@id":"http:\/\/sukrin.com\/dk\/#website","url":"http:\/\/sukrin.com\/dk\/","name":"Sukrin Danmark","description":"Sukrin - Healthy and tasty made easy","potentialAction":[{"@type":"SearchAction","target":{"@type":"EntryPoint","urlTemplate":"http:\/\/sukrin.com\/dk\/?s={search_term_string}"},"query-input":{"@type":"PropertyValueSpecification","valueRequired":true,"valueName":"search_term_string"}}],"inLanguage":"da-DK"}]}},"_links":{"self":[{"href":"https:\/\/sukrin.com\/dk\/wp-json\/wp\/v2\/pages\/2655"}],"collection":[{"href":"https:\/\/sukrin.com\/dk\/wp-json\/wp\/v2\/pages"}],"about":[{"href":"https:\/\/sukrin.com\/dk\/wp-json\/wp\/v2\/types\/page"}],"author":[{"embeddable":true,"href":"https:\/\/sukrin.com\/dk\/wp-json\/wp\/v2\/users\/1"}],"replies":[{"embeddable":true,"href":"https:\/\/sukrin.com\/dk\/wp-json\/wp\/v2\/comments?post=2655"}],"version-history":[{"count":17,"href":"https:\/\/sukrin.com\/dk\/wp-json\/wp\/v2\/pages\/2655\/revisions"}],"predecessor-version":[{"id":3222,"href":"https:\/\/sukrin.com\/dk\/wp-json\/wp\/v2\/pages\/2655\/revisions\/3222"}],"up":[{"embeddable":true,"href":"https:\/\/sukrin.com\/dk\/wp-json\/wp\/v2\/pages\/2653"}],"wp:attachment":[{"href":"https:\/\/sukrin.com\/dk\/wp-json\/wp\/v2\/media?parent=2655"}],"wp:term":[{"taxonomy":"product_types","embeddable":true,"href":"https:\/\/sukrin.com\/dk\/wp-json\/wp\/v2\/product_types?post=2655"}],"curies":[{"name":"wp","href":"https:\/\/api.w.org\/{rel}","templated":true}]}}