{"id":2589,"date":"2019-09-10T15:56:57","date_gmt":"2019-09-10T13:56:57","guid":{"rendered":"http:\/\/sukrin.com\/dk\/?page_id=2589"},"modified":"2024-11-25T16:29:17","modified_gmt":"2024-11-25T14:29:17","slug":"om","status":"publish","type":"page","link":"https:\/\/sukrin.com\/dk\/sukrinsirup\/om\/","title":{"rendered":"Om SukrinSirup"},"content":{"rendered":"\n<h1 class=\"wp-block-heading\">SukrinSirup<\/h1>\n\n\n\n<p>SukrinSirup er en ny og forbedret sirup, der indeholder f\u00e5 kalorier og er helt glutenfri.<\/p>\n\n\n\n<ul class=\"wp-block-list\">\n<li>Under 2 % sukkerarter<\/li>\n\n\n\n<li>Garanteret glutenfri<\/li>\n<\/ul>\n\n\n\n<h2 class=\"wp-block-heading\">SukrinSirup erstatter FiberSirup<\/h2>\n\n\n\n<p>SukrinSirup kan erstatte b\u00e5de FiberSirup Gold og Clear i opskrifter. Den har samme s\u00f8dmegrad som FiberSirup Gold, og er derfor noget s\u00f8dere end FiberSirup Clear.<\/p>\n\n\n\n<h2 class=\"wp-block-heading\">S\u00e5dan bruger du SukrinSirup<\/h2>\n\n\n\n<p>Brug SukrinSirup&nbsp; som topping p\u00e5 yoghurt, gr\u00f8d, pandekager, is, desserter, b\u00e6r o.l. Du kan ogs\u00e5 bruge sirupen hvor du ellers ville have brugt honning eller sirup i bagv\u00e6rk og madlavning. Byt f.eks honning og sirup ud i hjemmelagde marinader og dressinger.<\/p>\n\n\n\n<p>SukrinSirup er ogs\u00e5 specielt godt at bruge i kiks og cookies for at f\u00e5 et perfekt resultat med spr\u00f8d overflade og bl\u00f8dt indre. Tilmed er Sukrin\u00adSirup et vidundermiddel i hjemmelavede barer. Den tilf\u00f8rer b\u00e5de s\u00f8dme, perfekt konsistens og en god dosis fiber.<\/p>\n\n\n\n<p>Se opskrifter med SukrinSirup&nbsp;<a href=\"https:\/\/sukrin.com\/dk\/opskrifter\/#\/?s=Sukrinsirup\">her<\/a>.<\/p>\n\n\n\n<div class=\"wp-block-columns is-layout-flex wp-container-core-columns-is-layout-1 wp-block-columns-is-layout-flex\">\n<div class=\"wp-block-column is-layout-flow wp-block-column-is-layout-flow\">\n<div style=\"height:18px\" aria-hidden=\"true\" class=\"wp-block-spacer\"><\/div>\n\n\n\n<figure class=\"wp-block-image size-full\"><a href=\"http:\/\/sukrin.com\/dk\/files\/2024\/11\/SukrinSirupGold_450g_NOR_999118-768x1024-1.png\"><img loading=\"lazy\" decoding=\"async\" width=\"768\" height=\"1024\" src=\"http:\/\/sukrin.com\/dk\/files\/2024\/11\/SukrinSirupGold_450g_NOR_999118-768x1024-1.png\" alt=\"\" class=\"wp-image-3204\" srcset=\"https:\/\/sukrin.com\/dk\/files\/2024\/11\/SukrinSirupGold_450g_NOR_999118-768x1024-1.png 768w, https:\/\/sukrin.com\/dk\/files\/2024\/11\/SukrinSirupGold_450g_NOR_999118-768x1024-1-225x300.png 225w, https:\/\/sukrin.com\/dk\/files\/2024\/11\/SukrinSirupGold_450g_NOR_999118-768x1024-1-109x145.png 109w, https:\/\/sukrin.com\/dk\/files\/2024\/11\/SukrinSirupGold_450g_NOR_999118-768x1024-1-200x267.png 200w, https:\/\/sukrin.com\/dk\/files\/2024\/11\/SukrinSirupGold_450g_NOR_999118-768x1024-1-111x148.png 111w, https:\/\/sukrin.com\/dk\/files\/2024\/11\/SukrinSirupGold_450g_NOR_999118-768x1024-1-320x427.png 320w, https:\/\/sukrin.com\/dk\/files\/2024\/11\/SukrinSirupGold_450g_NOR_999118-768x1024-1-640x853.png 640w\" sizes=\"(max-width: 768px) 100vw, 768px\" \/><\/a><\/figure>\n\n\n\n<h2 class=\"wp-block-heading\">SukrinSirup Gold<\/h2>\n\n\n\n<p>Sukrin Sirup Gold har en neutral s\u00f8dme og er en god ingrediens i mad og kager.<\/p>\n<\/div>\n\n\n\n<div class=\"wp-block-column is-layout-flow wp-block-column-is-layout-flow\">\n<div style=\"height:1em\" aria-hidden=\"true\" class=\"wp-block-spacer\"><\/div>\n\n\n\n<figure class=\"wp-block-image size-full\"><a href=\"http:\/\/sukrin.com\/dk\/files\/2024\/11\/SukrinSyrupCaramel_450g_EU_NOR_999127-768x1024-1.png\"><img loading=\"lazy\" decoding=\"async\" width=\"768\" height=\"1024\" src=\"http:\/\/sukrin.com\/dk\/files\/2024\/11\/SukrinSyrupCaramel_450g_EU_NOR_999127-768x1024-1.png\" alt=\"\" class=\"wp-image-3206\" srcset=\"https:\/\/sukrin.com\/dk\/files\/2024\/11\/SukrinSyrupCaramel_450g_EU_NOR_999127-768x1024-1.png 768w, https:\/\/sukrin.com\/dk\/files\/2024\/11\/SukrinSyrupCaramel_450g_EU_NOR_999127-768x1024-1-225x300.png 225w, https:\/\/sukrin.com\/dk\/files\/2024\/11\/SukrinSyrupCaramel_450g_EU_NOR_999127-768x1024-1-109x145.png 109w, https:\/\/sukrin.com\/dk\/files\/2024\/11\/SukrinSyrupCaramel_450g_EU_NOR_999127-768x1024-1-200x267.png 200w, https:\/\/sukrin.com\/dk\/files\/2024\/11\/SukrinSyrupCaramel_450g_EU_NOR_999127-768x1024-1-111x148.png 111w, https:\/\/sukrin.com\/dk\/files\/2024\/11\/SukrinSyrupCaramel_450g_EU_NOR_999127-768x1024-1-320x427.png 320w, https:\/\/sukrin.com\/dk\/files\/2024\/11\/SukrinSyrupCaramel_450g_EU_NOR_999127-768x1024-1-640x853.png 640w\" sizes=\"(max-width: 768px) 100vw, 768px\" \/><\/a><\/figure>\n\n\n\n<h2 class=\"wp-block-heading\">SukrinSirup Caramel<\/h2>\n\n\n\n<p>SukrinSirup Caramel smager l\u00e6kker karamel, og passer perfekt til is, yoghurt, pandekager, frugt\/b\u00e6r og forskellige desserter.<\/p>\n<\/div>\n\n\n\n<div class=\"wp-block-column is-layout-flow wp-block-column-is-layout-flow\">\n<div style=\"height:1em\" aria-hidden=\"true\" class=\"wp-block-spacer\"><\/div>\n\n\n\n<figure class=\"wp-block-image size-full\"><a href=\"http:\/\/sukrin.com\/dk\/files\/2024\/11\/SukrinSyrupMaple_450g_EU_NOR_999124-768x1024-1.png\"><img loading=\"lazy\" decoding=\"async\" width=\"768\" height=\"1024\" src=\"http:\/\/sukrin.com\/dk\/files\/2024\/11\/SukrinSyrupMaple_450g_EU_NOR_999124-768x1024-1.png\" alt=\"SukrinSirup Maple 450 g EU\" class=\"wp-image-3207\" srcset=\"https:\/\/sukrin.com\/dk\/files\/2024\/11\/SukrinSyrupMaple_450g_EU_NOR_999124-768x1024-1.png 768w, https:\/\/sukrin.com\/dk\/files\/2024\/11\/SukrinSyrupMaple_450g_EU_NOR_999124-768x1024-1-225x300.png 225w, https:\/\/sukrin.com\/dk\/files\/2024\/11\/SukrinSyrupMaple_450g_EU_NOR_999124-768x1024-1-109x145.png 109w, https:\/\/sukrin.com\/dk\/files\/2024\/11\/SukrinSyrupMaple_450g_EU_NOR_999124-768x1024-1-200x267.png 200w, https:\/\/sukrin.com\/dk\/files\/2024\/11\/SukrinSyrupMaple_450g_EU_NOR_999124-768x1024-1-111x148.png 111w, https:\/\/sukrin.com\/dk\/files\/2024\/11\/SukrinSyrupMaple_450g_EU_NOR_999124-768x1024-1-320x427.png 320w, https:\/\/sukrin.com\/dk\/files\/2024\/11\/SukrinSyrupMaple_450g_EU_NOR_999124-768x1024-1-640x853.png 640w\" sizes=\"(max-width: 768px) 100vw, 768px\" \/><\/a><\/figure>\n\n\n\n<h2 class=\"wp-block-heading\">SukrinSirup Maple<\/h2>\n\n\n\n<p>Sukrin Sirup Maple har smagen af ahornsirup, og er et fremragende  alternativ overalt, hvor du vil bruge ahornsirup.<\/p>\n<\/div>\n<\/div>\n\n\n\n<h2 class=\"wp-block-heading\">Ingredienser<\/h2>\n\n\n\n<p>Opl\u00f8selig majsfiber, s\u00f8destoffer (sorbitol, erythritol, steviolglykosider), melasse, salt.<\/p>\n","protected":false},"excerpt":{"rendered":"<p>SukrinSirup SukrinSirup er en ny og forbedret sirup, der indeholder f\u00e5 kalorier og er [&hellip;]<\/p>\n","protected":false},"author":1,"featured_media":0,"parent":2587,"menu_order":0,"comment_status":"closed","ping_status":"closed","template":"","meta":{"_monsterinsights_skip_tracking":false,"_monsterinsights_sitenote_active":false,"_monsterinsights_sitenote_note":"","_monsterinsights_sitenote_category":0,"footnotes":""},"product_types":[52],"class_list":["post-2589","page","type-page","status-publish","hentry","product_types-type-sukrinsirup","product_categories-sugar"],"yoast_head":"<!-- This site is optimized with the Yoast SEO plugin v23.6 - https:\/\/yoast.com\/wordpress\/plugins\/seo\/ -->\n<title>SukrinSirup - uden tilsat sukker<\/title>\n<meta name=\"description\" content=\"En sirup, der indeholder f\u00e5 kalorier og er helt glutenfri.\" \/>\n<meta name=\"robots\" content=\"index, follow, max-snippet:-1, max-image-preview:large, max-video-preview:-1\" \/>\n<link rel=\"canonical\" href=\"https:\/\/sukrin.com\/dk\/sukrinsirup\/om\/\" \/>\n<meta name=\"twitter:label1\" content=\"Estimeret l\u00e6setid\" \/>\n\t<meta name=\"twitter:data1\" content=\"2 minutter\" \/>\n<script type=\"application\/ld+json\" class=\"yoast-schema-graph\">{\"@context\":\"https:\/\/schema.org\",\"@graph\":[{\"@type\":\"WebPage\",\"@id\":\"https:\/\/sukrin.com\/dk\/sukrinsirup\/om\/\",\"url\":\"https:\/\/sukrin.com\/dk\/sukrinsirup\/om\/\",\"name\":\"SukrinSirup - uden tilsat sukker\",\"isPartOf\":{\"@id\":\"http:\/\/sukrin.com\/dk\/#website\"},\"primaryImageOfPage\":{\"@id\":\"https:\/\/sukrin.com\/dk\/sukrinsirup\/om\/#primaryimage\"},\"image\":{\"@id\":\"https:\/\/sukrin.com\/dk\/sukrinsirup\/om\/#primaryimage\"},\"thumbnailUrl\":\"http:\/\/sukrin.com\/dk\/files\/2024\/11\/SukrinSirupGold_450g_NOR_999118-768x1024-1.png\",\"datePublished\":\"2019-09-10T13:56:57+00:00\",\"dateModified\":\"2024-11-25T14:29:17+00:00\",\"description\":\"En sirup, der indeholder f\u00e5 kalorier og er helt glutenfri.\",\"breadcrumb\":{\"@id\":\"https:\/\/sukrin.com\/dk\/sukrinsirup\/om\/#breadcrumb\"},\"inLanguage\":\"da-DK\",\"potentialAction\":[{\"@type\":\"ReadAction\",\"target\":[\"https:\/\/sukrin.com\/dk\/sukrinsirup\/om\/\"]}]},{\"@type\":\"ImageObject\",\"inLanguage\":\"da-DK\",\"@id\":\"https:\/\/sukrin.com\/dk\/sukrinsirup\/om\/#primaryimage\",\"url\":\"https:\/\/sukrin.com\/dk\/files\/2024\/11\/SukrinSirupGold_450g_NOR_999118-768x1024-1.png\",\"contentUrl\":\"https:\/\/sukrin.com\/dk\/files\/2024\/11\/SukrinSirupGold_450g_NOR_999118-768x1024-1.png\",\"width\":768,\"height\":1024,\"caption\":\"SukrinSirup Gold 450 g NOR\"},{\"@type\":\"BreadcrumbList\",\"@id\":\"https:\/\/sukrin.com\/dk\/sukrinsirup\/om\/#breadcrumb\",\"itemListElement\":[{\"@type\":\"ListItem\",\"position\":1,\"name\":\"SukrinSirup\",\"item\":\"https:\/\/sukrin.com\/dk\/sukrinsirup\/\"},{\"@type\":\"ListItem\",\"position\":2,\"name\":\"Om SukrinSirup\"}]},{\"@type\":\"WebSite\",\"@id\":\"http:\/\/sukrin.com\/dk\/#website\",\"url\":\"http:\/\/sukrin.com\/dk\/\",\"name\":\"Sukrin Danmark\",\"description\":\"Sukrin - Healthy and tasty made easy\",\"potentialAction\":[{\"@type\":\"SearchAction\",\"target\":{\"@type\":\"EntryPoint\",\"urlTemplate\":\"http:\/\/sukrin.com\/dk\/?s={search_term_string}\"},\"query-input\":{\"@type\":\"PropertyValueSpecification\",\"valueRequired\":true,\"valueName\":\"search_term_string\"}}],\"inLanguage\":\"da-DK\"}]}<\/script>\n<!-- \/ Yoast SEO plugin. -->","yoast_head_json":{"title":"SukrinSirup - uden tilsat sukker","description":"En sirup, der indeholder f\u00e5 kalorier og er helt glutenfri.","robots":{"index":"index","follow":"follow","max-snippet":"max-snippet:-1","max-image-preview":"max-image-preview:large","max-video-preview":"max-video-preview:-1"},"canonical":"https:\/\/sukrin.com\/dk\/sukrinsirup\/om\/","twitter_misc":{"Estimeret l\u00e6setid":"2 minutter"},"schema":{"@context":"https:\/\/schema.org","@graph":[{"@type":"WebPage","@id":"https:\/\/sukrin.com\/dk\/sukrinsirup\/om\/","url":"https:\/\/sukrin.com\/dk\/sukrinsirup\/om\/","name":"SukrinSirup - uden tilsat sukker","isPartOf":{"@id":"http:\/\/sukrin.com\/dk\/#website"},"primaryImageOfPage":{"@id":"https:\/\/sukrin.com\/dk\/sukrinsirup\/om\/#primaryimage"},"image":{"@id":"https:\/\/sukrin.com\/dk\/sukrinsirup\/om\/#primaryimage"},"thumbnailUrl":"http:\/\/sukrin.com\/dk\/files\/2024\/11\/SukrinSirupGold_450g_NOR_999118-768x1024-1.png","datePublished":"2019-09-10T13:56:57+00:00","dateModified":"2024-11-25T14:29:17+00:00","description":"En sirup, der indeholder f\u00e5 kalorier og er helt glutenfri.","breadcrumb":{"@id":"https:\/\/sukrin.com\/dk\/sukrinsirup\/om\/#breadcrumb"},"inLanguage":"da-DK","potentialAction":[{"@type":"ReadAction","target":["https:\/\/sukrin.com\/dk\/sukrinsirup\/om\/"]}]},{"@type":"ImageObject","inLanguage":"da-DK","@id":"https:\/\/sukrin.com\/dk\/sukrinsirup\/om\/#primaryimage","url":"https:\/\/sukrin.com\/dk\/files\/2024\/11\/SukrinSirupGold_450g_NOR_999118-768x1024-1.png","contentUrl":"https:\/\/sukrin.com\/dk\/files\/2024\/11\/SukrinSirupGold_450g_NOR_999118-768x1024-1.png","width":768,"height":1024,"caption":"SukrinSirup Gold 450 g NOR"},{"@type":"BreadcrumbList","@id":"https:\/\/sukrin.com\/dk\/sukrinsirup\/om\/#breadcrumb","itemListElement":[{"@type":"ListItem","position":1,"name":"SukrinSirup","item":"https:\/\/sukrin.com\/dk\/sukrinsirup\/"},{"@type":"ListItem","position":2,"name":"Om SukrinSirup"}]},{"@type":"WebSite","@id":"http:\/\/sukrin.com\/dk\/#website","url":"http:\/\/sukrin.com\/dk\/","name":"Sukrin Danmark","description":"Sukrin - Healthy and tasty made easy","potentialAction":[{"@type":"SearchAction","target":{"@type":"EntryPoint","urlTemplate":"http:\/\/sukrin.com\/dk\/?s={search_term_string}"},"query-input":{"@type":"PropertyValueSpecification","valueRequired":true,"valueName":"search_term_string"}}],"inLanguage":"da-DK"}]}},"_links":{"self":[{"href":"https:\/\/sukrin.com\/dk\/wp-json\/wp\/v2\/pages\/2589"}],"collection":[{"href":"https:\/\/sukrin.com\/dk\/wp-json\/wp\/v2\/pages"}],"about":[{"href":"https:\/\/sukrin.com\/dk\/wp-json\/wp\/v2\/types\/page"}],"author":[{"embeddable":true,"href":"https:\/\/sukrin.com\/dk\/wp-json\/wp\/v2\/users\/1"}],"replies":[{"embeddable":true,"href":"https:\/\/sukrin.com\/dk\/wp-json\/wp\/v2\/comments?post=2589"}],"version-history":[{"count":41,"href":"https:\/\/sukrin.com\/dk\/wp-json\/wp\/v2\/pages\/2589\/revisions"}],"predecessor-version":[{"id":3209,"href":"https:\/\/sukrin.com\/dk\/wp-json\/wp\/v2\/pages\/2589\/revisions\/3209"}],"up":[{"embeddable":true,"href":"https:\/\/sukrin.com\/dk\/wp-json\/wp\/v2\/pages\/2587"}],"wp:attachment":[{"href":"https:\/\/sukrin.com\/dk\/wp-json\/wp\/v2\/media?parent=2589"}],"wp:term":[{"taxonomy":"product_types","embeddable":true,"href":"https:\/\/sukrin.com\/dk\/wp-json\/wp\/v2\/product_types?post=2589"}],"curies":[{"name":"wp","href":"https:\/\/api.w.org\/{rel}","templated":true}]}}