{"id":2566,"date":"2019-07-18T13:36:32","date_gmt":"2019-07-18T11:36:32","guid":{"rendered":"http:\/\/sukrin.com\/dk\/?page_id=2566"},"modified":"2023-11-29T22:21:38","modified_gmt":"2023-11-29T20:21:38","slug":"om","status":"publish","type":"page","link":"https:\/\/sukrin.com\/dk\/stevia-drops\/om\/","title":{"rendered":"Om Stevia drops"},"content":{"rendered":"\n<h1 class=\"wp-block-heading\">Stevia drops &#8211; naturlig s\u00f8dning uden kalorier<\/h1>\n\n\n\n<p>Tilf\u00f8r b\u00e5de s\u00f8dme og smag til din mad og drikke helt kaloriefrit med Sukrin Stevia drops.<\/p>\n\n\n\n<p>Med bare f\u00e5 dr\u00e5ber kan du tilf\u00f8re et strejf af vanilje til din kaffe, give din yoghurt en smag af karamel, piske fl\u00f8deskum med chokoladesmag, pifte havregr\u00f8den op med forskellige smagsvarianter, og forvandle en hver drik eller dessert til en god og sund smagsoplevelse. Stevia drops er et naturligt s\u00f8demiddel som giver en masse smag uden kalorier.&nbsp;<\/p>\n\n\n<div class=\"wp-block-image\">\n<figure class=\"alignright\"><img decoding=\"async\" src=\"https:\/\/www.funksjonellmat.no\/wp-content\/uploads\/2019\/06\/4_steviadrops-e1560860363504.png\" alt=\"\" class=\"wp-image-7404\" \/><\/figure><\/div>\n\n\n<ul class=\"wp-block-list\">\n<li>Naturligt s\u00f8d<\/li>\n\n\n\n<li>Ingen kalorier<\/li>\n<\/ul>\n\n\n\n<p>Kombiner Stevia drops med forskellige Sukrin varianter for et endnu bedre resultat. Stevia drops er perfekte som et ekstra s\u00f8demiddel i opskrifter som vaniljekrem, fl\u00f8deis, bagv\u00e6rk, pandekager, vafler og varm chokolade.<\/p>\n\n\n\n<p>Stevia drops findes med Neutral, Vanilje, Chokolade og Karamel smag. Fem dr\u00e5ber svarer til ca. 1 tsk sukker.<\/p>\n","protected":false},"excerpt":{"rendered":"<p>Stevia drops &#8211; naturlig s\u00f8dning uden kalorier Tilf\u00f8r b\u00e5de s\u00f8dme og smag til din [&hellip;]<\/p>\n","protected":false},"author":1,"featured_media":0,"parent":2564,"menu_order":150,"comment_status":"closed","ping_status":"closed","template":"","meta":{"_monsterinsights_skip_tracking":false,"_monsterinsights_sitenote_active":false,"_monsterinsights_sitenote_note":"","_monsterinsights_sitenote_category":0,"footnotes":""},"product_types":[51],"class_list":["post-2566","page","type-page","status-publish","hentry","product_types-type-steviadrops","product_categories-sugar"],"yoast_head":"<!-- This site is optimized with the Yoast SEO plugin v23.6 - https:\/\/yoast.com\/wordpress\/plugins\/seo\/ -->\n<title>Sukrin Stevia drops - flydende kaloriefrit s\u00f8demiddel<\/title>\n<meta name=\"description\" content=\"Tilf\u00f8r b\u00e5de s\u00f8dme og smag til din mad og drikke helt kaloriefrit. Ingen p\u00e5virkning af blodsukker. Skader ikke t\u00e6nderne.\" \/>\n<meta name=\"robots\" content=\"index, follow, max-snippet:-1, max-image-preview:large, max-video-preview:-1\" \/>\n<link rel=\"canonical\" href=\"https:\/\/sukrin.com\/dk\/stevia-drops\/om\/\" \/>\n<meta name=\"twitter:label1\" content=\"Estimeret l\u00e6setid\" \/>\n\t<meta name=\"twitter:data1\" content=\"1 minut\" \/>\n<script type=\"application\/ld+json\" class=\"yoast-schema-graph\">{\"@context\":\"https:\/\/schema.org\",\"@graph\":[{\"@type\":\"WebPage\",\"@id\":\"https:\/\/sukrin.com\/dk\/stevia-drops\/om\/\",\"url\":\"https:\/\/sukrin.com\/dk\/stevia-drops\/om\/\",\"name\":\"Sukrin Stevia drops - flydende kaloriefrit s\u00f8demiddel\",\"isPartOf\":{\"@id\":\"http:\/\/sukrin.com\/dk\/#website\"},\"primaryImageOfPage\":{\"@id\":\"https:\/\/sukrin.com\/dk\/stevia-drops\/om\/#primaryimage\"},\"image\":{\"@id\":\"https:\/\/sukrin.com\/dk\/stevia-drops\/om\/#primaryimage\"},\"thumbnailUrl\":\"https:\/\/www.funksjonellmat.no\/wp-content\/uploads\/2019\/06\/4_steviadrops-e1560860363504.png\",\"datePublished\":\"2019-07-18T11:36:32+00:00\",\"dateModified\":\"2023-11-29T20:21:38+00:00\",\"description\":\"Tilf\u00f8r b\u00e5de s\u00f8dme og smag til din mad og drikke helt kaloriefrit. Ingen p\u00e5virkning af blodsukker. Skader ikke t\u00e6nderne.\",\"breadcrumb\":{\"@id\":\"https:\/\/sukrin.com\/dk\/stevia-drops\/om\/#breadcrumb\"},\"inLanguage\":\"da-DK\",\"potentialAction\":[{\"@type\":\"ReadAction\",\"target\":[\"https:\/\/sukrin.com\/dk\/stevia-drops\/om\/\"]}]},{\"@type\":\"ImageObject\",\"inLanguage\":\"da-DK\",\"@id\":\"https:\/\/sukrin.com\/dk\/stevia-drops\/om\/#primaryimage\",\"url\":\"https:\/\/www.funksjonellmat.no\/wp-content\/uploads\/2019\/06\/4_steviadrops-e1560860363504.png\",\"contentUrl\":\"https:\/\/www.funksjonellmat.no\/wp-content\/uploads\/2019\/06\/4_steviadrops-e1560860363504.png\"},{\"@type\":\"BreadcrumbList\",\"@id\":\"https:\/\/sukrin.com\/dk\/stevia-drops\/om\/#breadcrumb\",\"itemListElement\":[{\"@type\":\"ListItem\",\"position\":1,\"name\":\"Stevia drops\",\"item\":\"https:\/\/sukrin.com\/dk\/stevia-drops\/\"},{\"@type\":\"ListItem\",\"position\":2,\"name\":\"Om Stevia drops\"}]},{\"@type\":\"WebSite\",\"@id\":\"http:\/\/sukrin.com\/dk\/#website\",\"url\":\"http:\/\/sukrin.com\/dk\/\",\"name\":\"Sukrin Danmark\",\"description\":\"Sukrin - Healthy and tasty made easy\",\"potentialAction\":[{\"@type\":\"SearchAction\",\"target\":{\"@type\":\"EntryPoint\",\"urlTemplate\":\"http:\/\/sukrin.com\/dk\/?s={search_term_string}\"},\"query-input\":{\"@type\":\"PropertyValueSpecification\",\"valueRequired\":true,\"valueName\":\"search_term_string\"}}],\"inLanguage\":\"da-DK\"}]}<\/script>\n<!-- \/ Yoast SEO plugin. -->","yoast_head_json":{"title":"Sukrin Stevia drops - flydende kaloriefrit s\u00f8demiddel","description":"Tilf\u00f8r b\u00e5de s\u00f8dme og smag til din mad og drikke helt kaloriefrit. Ingen p\u00e5virkning af blodsukker. Skader ikke t\u00e6nderne.","robots":{"index":"index","follow":"follow","max-snippet":"max-snippet:-1","max-image-preview":"max-image-preview:large","max-video-preview":"max-video-preview:-1"},"canonical":"https:\/\/sukrin.com\/dk\/stevia-drops\/om\/","twitter_misc":{"Estimeret l\u00e6setid":"1 minut"},"schema":{"@context":"https:\/\/schema.org","@graph":[{"@type":"WebPage","@id":"https:\/\/sukrin.com\/dk\/stevia-drops\/om\/","url":"https:\/\/sukrin.com\/dk\/stevia-drops\/om\/","name":"Sukrin Stevia drops - flydende kaloriefrit s\u00f8demiddel","isPartOf":{"@id":"http:\/\/sukrin.com\/dk\/#website"},"primaryImageOfPage":{"@id":"https:\/\/sukrin.com\/dk\/stevia-drops\/om\/#primaryimage"},"image":{"@id":"https:\/\/sukrin.com\/dk\/stevia-drops\/om\/#primaryimage"},"thumbnailUrl":"https:\/\/www.funksjonellmat.no\/wp-content\/uploads\/2019\/06\/4_steviadrops-e1560860363504.png","datePublished":"2019-07-18T11:36:32+00:00","dateModified":"2023-11-29T20:21:38+00:00","description":"Tilf\u00f8r b\u00e5de s\u00f8dme og smag til din mad og drikke helt kaloriefrit. Ingen p\u00e5virkning af blodsukker. Skader ikke t\u00e6nderne.","breadcrumb":{"@id":"https:\/\/sukrin.com\/dk\/stevia-drops\/om\/#breadcrumb"},"inLanguage":"da-DK","potentialAction":[{"@type":"ReadAction","target":["https:\/\/sukrin.com\/dk\/stevia-drops\/om\/"]}]},{"@type":"ImageObject","inLanguage":"da-DK","@id":"https:\/\/sukrin.com\/dk\/stevia-drops\/om\/#primaryimage","url":"https:\/\/www.funksjonellmat.no\/wp-content\/uploads\/2019\/06\/4_steviadrops-e1560860363504.png","contentUrl":"https:\/\/www.funksjonellmat.no\/wp-content\/uploads\/2019\/06\/4_steviadrops-e1560860363504.png"},{"@type":"BreadcrumbList","@id":"https:\/\/sukrin.com\/dk\/stevia-drops\/om\/#breadcrumb","itemListElement":[{"@type":"ListItem","position":1,"name":"Stevia drops","item":"https:\/\/sukrin.com\/dk\/stevia-drops\/"},{"@type":"ListItem","position":2,"name":"Om Stevia drops"}]},{"@type":"WebSite","@id":"http:\/\/sukrin.com\/dk\/#website","url":"http:\/\/sukrin.com\/dk\/","name":"Sukrin Danmark","description":"Sukrin - Healthy and tasty made easy","potentialAction":[{"@type":"SearchAction","target":{"@type":"EntryPoint","urlTemplate":"http:\/\/sukrin.com\/dk\/?s={search_term_string}"},"query-input":{"@type":"PropertyValueSpecification","valueRequired":true,"valueName":"search_term_string"}}],"inLanguage":"da-DK"}]}},"_links":{"self":[{"href":"https:\/\/sukrin.com\/dk\/wp-json\/wp\/v2\/pages\/2566"}],"collection":[{"href":"https:\/\/sukrin.com\/dk\/wp-json\/wp\/v2\/pages"}],"about":[{"href":"https:\/\/sukrin.com\/dk\/wp-json\/wp\/v2\/types\/page"}],"author":[{"embeddable":true,"href":"https:\/\/sukrin.com\/dk\/wp-json\/wp\/v2\/users\/1"}],"replies":[{"embeddable":true,"href":"https:\/\/sukrin.com\/dk\/wp-json\/wp\/v2\/comments?post=2566"}],"version-history":[{"count":8,"href":"https:\/\/sukrin.com\/dk\/wp-json\/wp\/v2\/pages\/2566\/revisions"}],"predecessor-version":[{"id":3036,"href":"https:\/\/sukrin.com\/dk\/wp-json\/wp\/v2\/pages\/2566\/revisions\/3036"}],"up":[{"embeddable":true,"href":"https:\/\/sukrin.com\/dk\/wp-json\/wp\/v2\/pages\/2564"}],"wp:attachment":[{"href":"https:\/\/sukrin.com\/dk\/wp-json\/wp\/v2\/media?parent=2566"}],"wp:term":[{"taxonomy":"product_types","embeddable":true,"href":"https:\/\/sukrin.com\/dk\/wp-json\/wp\/v2\/product_types?post=2566"}],"curies":[{"name":"wp","href":"https:\/\/api.w.org\/{rel}","templated":true}]}}