{"id":2562,"date":"2019-06-25T09:38:50","date_gmt":"2019-06-25T07:38:50","guid":{"rendered":"http:\/\/sukrin.com\/dk\/?page_id=2562"},"modified":"2023-04-26T13:50:28","modified_gmt":"2023-04-26T11:50:28","slug":"om","status":"publish","type":"page","link":"https:\/\/sukrin.com\/dk\/sunflour\/om\/","title":{"rendered":"Om SunFlour"},"content":{"rendered":"\n<h1 class=\"wp-block-heading\">\u00d8kologisk solsikkemel<\/h1>\n\n\n\n<p>SunFlour er lavet af \u00f8kologiske, fedtreducerede og malede solsikkekerner. Melets n\u00e6ringsindhold er enest\u00e5ende:<\/p>\n\n\n\n<ul class=\"wp-block-list\">\n<li>2 % kulhydrater<\/li>\n\n\n\n<li>44 % protein<\/li>\n\n\n\n<li>25 % fiber<\/li>\n\n\n\n<li>Gluten-fri<\/li>\n<\/ul>\n\n\n\n<p>SunFlour har en smag som egner sig bedst i forskellige br\u00f8dtyper, t\u00e6rte, pizzabund, kn\u00e6kbr\u00f8d o. lign. Det kan bruges p\u00e5 samme m\u00e5de som fedtreduceret Mandelmel og Sesam-mel, og det er et glimrende alternativ for n\u00f8ddeallergikere.<\/p>\n\n\n\n<p>Ved at erstatte almindeligt mel med SunFlour, \u00f8ges b\u00e5de protein- og fiberindholdet. Samtidig reduceres kulhydratindholdet, og dermed ogs\u00e5 blodsukkerbelastningen.<\/p>\n\n\n\n<p>SunFlour overholder alle EU-regulationer for maksimal niveau af forurenende stoffer og naturligt forekommende skadelige stoffer i mad.<\/p>\n\n\n\n<p>Bem\u00e6rk: Solsikkekerner indeholder klorofyl, der kan reagere med h\u00e6vemidler s\u00e5som natron og bagepulver, som kan give bagv\u00e6rket en gr\u00f8nlig farve. Det betyder ingenting for smagen og kvaliteten.<br><\/p>\n\n\n\n<h2 class=\"wp-block-heading\">N\u00e6ringsindhold per 100 g:<\/h2>\n\n\n\n<p>347 kcal &nbsp;| &nbsp;Fedt: 13 g &nbsp;| &nbsp;-heraf m\u00e6ttet fedt: 1.5 g&nbsp; |&nbsp; Kulhydrater: 1.8 g &nbsp;|&nbsp; -heraf sukkerarter: 0.4 g &nbsp;|&nbsp; Kostfiber: 25 g &nbsp;| &nbsp;Protein: 44 g &nbsp;|&nbsp; Salt: 0 g<\/p>\n\n\n\n<h2 class=\"wp-block-heading\">Ingredienser:<\/h2>\n\n\n\n<p>\u00d8kologiske fedtreducerede og malede solsikkekerner.<\/p>\n","protected":false},"excerpt":{"rendered":"<p>\u00d8kologisk solsikkemel SunFlour er lavet af \u00f8kologiske, fedtreducerede og malede solsikkekerner. Melets n\u00e6ringsindhold er [&hellip;]<\/p>\n","protected":false},"author":1,"featured_media":0,"parent":2560,"menu_order":0,"comment_status":"closed","ping_status":"closed","template":"","meta":{"_monsterinsights_skip_tracking":false,"_monsterinsights_sitenote_active":false,"_monsterinsights_sitenote_note":"","_monsterinsights_sitenote_category":0,"footnotes":""},"product_types":[50],"class_list":["post-2562","page","type-page","status-publish","hentry","product_types-type-sunflour","product_categories-flour"],"yoast_head":"<!-- This site is optimized with the Yoast SEO plugin v23.6 - https:\/\/yoast.com\/wordpress\/plugins\/seo\/ -->\n<title>Sukrin SunFlour - low carb - naturligt glutenfri<\/title>\n<meta name=\"description\" content=\"SunFlour er lavet af \u00f8kologiske solsikkekerner. Melets n\u00e6ringsindhold er enest\u00e5ende: 2 % kulhydrater - 44 % protein - 25 % fiber.\" \/>\n<meta name=\"robots\" content=\"index, follow, max-snippet:-1, max-image-preview:large, max-video-preview:-1\" \/>\n<link rel=\"canonical\" href=\"http:\/\/sukrin.com\/dk\/sunflour\/om\/\" \/>\n<meta name=\"twitter:label1\" content=\"Estimeret l\u00e6setid\" \/>\n\t<meta name=\"twitter:data1\" content=\"2 minutter\" \/>\n<script type=\"application\/ld+json\" class=\"yoast-schema-graph\">{\"@context\":\"https:\/\/schema.org\",\"@graph\":[{\"@type\":\"WebPage\",\"@id\":\"http:\/\/sukrin.com\/dk\/sunflour\/om\/\",\"url\":\"http:\/\/sukrin.com\/dk\/sunflour\/om\/\",\"name\":\"Sukrin SunFlour - low carb - naturligt glutenfri\",\"isPartOf\":{\"@id\":\"http:\/\/sukrin.com\/dk\/#website\"},\"datePublished\":\"2019-06-25T07:38:50+00:00\",\"dateModified\":\"2023-04-26T11:50:28+00:00\",\"description\":\"SunFlour er lavet af \u00f8kologiske solsikkekerner. Melets n\u00e6ringsindhold er enest\u00e5ende: 2 % kulhydrater - 44 % protein - 25 % fiber.\",\"breadcrumb\":{\"@id\":\"http:\/\/sukrin.com\/dk\/sunflour\/om\/#breadcrumb\"},\"inLanguage\":\"da-DK\",\"potentialAction\":[{\"@type\":\"ReadAction\",\"target\":[\"http:\/\/sukrin.com\/dk\/sunflour\/om\/\"]}]},{\"@type\":\"BreadcrumbList\",\"@id\":\"http:\/\/sukrin.com\/dk\/sunflour\/om\/#breadcrumb\",\"itemListElement\":[{\"@type\":\"ListItem\",\"position\":1,\"name\":\"SunFlour\",\"item\":\"http:\/\/sukrin.com\/dk\/sunflour\/\"},{\"@type\":\"ListItem\",\"position\":2,\"name\":\"Om SunFlour\"}]},{\"@type\":\"WebSite\",\"@id\":\"http:\/\/sukrin.com\/dk\/#website\",\"url\":\"http:\/\/sukrin.com\/dk\/\",\"name\":\"Sukrin Danmark\",\"description\":\"Sukrin - Healthy and tasty made easy\",\"potentialAction\":[{\"@type\":\"SearchAction\",\"target\":{\"@type\":\"EntryPoint\",\"urlTemplate\":\"http:\/\/sukrin.com\/dk\/?s={search_term_string}\"},\"query-input\":{\"@type\":\"PropertyValueSpecification\",\"valueRequired\":true,\"valueName\":\"search_term_string\"}}],\"inLanguage\":\"da-DK\"}]}<\/script>\n<!-- \/ Yoast SEO plugin. -->","yoast_head_json":{"title":"Sukrin SunFlour - low carb - naturligt glutenfri","description":"SunFlour er lavet af \u00f8kologiske solsikkekerner. Melets n\u00e6ringsindhold er enest\u00e5ende: 2 % kulhydrater - 44 % protein - 25 % fiber.","robots":{"index":"index","follow":"follow","max-snippet":"max-snippet:-1","max-image-preview":"max-image-preview:large","max-video-preview":"max-video-preview:-1"},"canonical":"http:\/\/sukrin.com\/dk\/sunflour\/om\/","twitter_misc":{"Estimeret l\u00e6setid":"2 minutter"},"schema":{"@context":"https:\/\/schema.org","@graph":[{"@type":"WebPage","@id":"http:\/\/sukrin.com\/dk\/sunflour\/om\/","url":"http:\/\/sukrin.com\/dk\/sunflour\/om\/","name":"Sukrin SunFlour - low carb - naturligt glutenfri","isPartOf":{"@id":"http:\/\/sukrin.com\/dk\/#website"},"datePublished":"2019-06-25T07:38:50+00:00","dateModified":"2023-04-26T11:50:28+00:00","description":"SunFlour er lavet af \u00f8kologiske solsikkekerner. Melets n\u00e6ringsindhold er enest\u00e5ende: 2 % kulhydrater - 44 % protein - 25 % fiber.","breadcrumb":{"@id":"http:\/\/sukrin.com\/dk\/sunflour\/om\/#breadcrumb"},"inLanguage":"da-DK","potentialAction":[{"@type":"ReadAction","target":["http:\/\/sukrin.com\/dk\/sunflour\/om\/"]}]},{"@type":"BreadcrumbList","@id":"http:\/\/sukrin.com\/dk\/sunflour\/om\/#breadcrumb","itemListElement":[{"@type":"ListItem","position":1,"name":"SunFlour","item":"http:\/\/sukrin.com\/dk\/sunflour\/"},{"@type":"ListItem","position":2,"name":"Om SunFlour"}]},{"@type":"WebSite","@id":"http:\/\/sukrin.com\/dk\/#website","url":"http:\/\/sukrin.com\/dk\/","name":"Sukrin Danmark","description":"Sukrin - Healthy and tasty made easy","potentialAction":[{"@type":"SearchAction","target":{"@type":"EntryPoint","urlTemplate":"http:\/\/sukrin.com\/dk\/?s={search_term_string}"},"query-input":{"@type":"PropertyValueSpecification","valueRequired":true,"valueName":"search_term_string"}}],"inLanguage":"da-DK"}]}},"_links":{"self":[{"href":"https:\/\/sukrin.com\/dk\/wp-json\/wp\/v2\/pages\/2562"}],"collection":[{"href":"https:\/\/sukrin.com\/dk\/wp-json\/wp\/v2\/pages"}],"about":[{"href":"https:\/\/sukrin.com\/dk\/wp-json\/wp\/v2\/types\/page"}],"author":[{"embeddable":true,"href":"https:\/\/sukrin.com\/dk\/wp-json\/wp\/v2\/users\/1"}],"replies":[{"embeddable":true,"href":"https:\/\/sukrin.com\/dk\/wp-json\/wp\/v2\/comments?post=2562"}],"version-history":[{"count":6,"href":"https:\/\/sukrin.com\/dk\/wp-json\/wp\/v2\/pages\/2562\/revisions"}],"predecessor-version":[{"id":3013,"href":"https:\/\/sukrin.com\/dk\/wp-json\/wp\/v2\/pages\/2562\/revisions\/3013"}],"up":[{"embeddable":true,"href":"https:\/\/sukrin.com\/dk\/wp-json\/wp\/v2\/pages\/2560"}],"wp:attachment":[{"href":"https:\/\/sukrin.com\/dk\/wp-json\/wp\/v2\/media?parent=2562"}],"wp:term":[{"taxonomy":"product_types","embeddable":true,"href":"https:\/\/sukrin.com\/dk\/wp-json\/wp\/v2\/product_types?post=2562"}],"curies":[{"name":"wp","href":"https:\/\/api.w.org\/{rel}","templated":true}]}}