{"id":2543,"date":"2019-06-13T14:07:05","date_gmt":"2019-06-13T12:07:05","guid":{"rendered":"http:\/\/sukrin.com\/dk\/?page_id=2543"},"modified":"2023-11-29T22:46:35","modified_gmt":"2023-11-29T20:46:35","slug":"om","status":"publish","type":"page","link":"https:\/\/sukrin.com\/dk\/sukrinmarsipan\/om\/","title":{"rendered":"Om SukrinMarcipan"},"content":{"rendered":"\n<h1 class=\"wp-block-heading\">SukrinMarcipan<\/h1>\n\n\n\n<p>Marcipan best\u00e5r i udgangspunktet af to ingredienser: mandler og sukker. Mandler er fyldt med gode n\u00e6ringsstoffer, mens sukker er knapt s\u00e5 heldigt indrettet. Vi har derfor fjernet det hvide sukker og i stedet tilsat vores eget naturlige s\u00f8demiddel uden kalorier.<\/p>\n\n\n\n<ul class=\"wp-block-list\">\n<li>Ingen tilsat sukker<\/li>\n\n\n\n<li>Kun naturlig s\u00f8det med sukrin og stevia<\/li>\n\n\n\n<li>Vegansk<\/li>\n<\/ul>\n\n\n\n<h2 class=\"wp-block-heading\">Ingredienser:<\/h2>\n\n\n\n<p>Indeholder s\u00f8destoffer.<strong> Mandler<\/strong> (40%), fiber (oligofruktose og polydextrose), s\u00f8destoffer (erythritol og steviolglykosider), vand, konserveringsmiddel (kaliumsorbat)<\/p>\n\n\n\n<h3 class=\"wp-block-heading\">N\u00e6ringsindhold per 100 g<\/h3>\n\n\n\n<p>Kcal: 318, Protein: 8 g, Kulhydrater: 26 g, -heraf polyoler 17 g, -heraf sukkerarter: 2,9 g, -netto kulhydrater 8,2 g,&nbsp; Fedt: 20 g, &#8211; heraf m\u00e6ttet fedt: 2 g, Fiber: 31 g<\/p>\n\n\n\n<figure class=\"wp-block-image\"><img decoding=\"async\" src=\"https:\/\/www.funksjonellmat.no\/wp-content\/uploads\/2021\/03\/SukrinMarzipan_EN_NOR_WEB_CROP.png\" alt=\"\" \/><\/figure>\n\n\n\n<p><\/p>\n","protected":false},"excerpt":{"rendered":"<p>SukrinMarcipan Marcipan best\u00e5r i udgangspunktet af to ingredienser: mandler og sukker. Mandler er fyldt [&hellip;]<\/p>\n","protected":false},"author":1,"featured_media":0,"parent":2541,"menu_order":0,"comment_status":"closed","ping_status":"closed","template":"","meta":{"_monsterinsights_skip_tracking":false,"_monsterinsights_sitenote_active":false,"_monsterinsights_sitenote_note":"","_monsterinsights_sitenote_category":0,"footnotes":""},"product_types":[48],"class_list":["post-2543","page","type-page","status-publish","hentry","product_types-type-sukrinmarsipan"],"yoast_head":"<!-- This site is optimized with the Yoast SEO plugin v23.6 - https:\/\/yoast.com\/wordpress\/plugins\/seo\/ -->\n<title>SukrinMarzipan - uden tilsat sukker<\/title>\n<meta name=\"description\" content=\"SukrinMarcipan smager liges\u00e5 godt som almindelig marcipan, men har et fantastisk n\u00e6ringsindhold. Hele 31 % fiber og kun 8 % kulhydrater.\" \/>\n<meta name=\"robots\" content=\"index, follow, max-snippet:-1, max-image-preview:large, max-video-preview:-1\" \/>\n<link rel=\"canonical\" href=\"https:\/\/sukrin.com\/dk\/sukrinmarsipan\/om\/\" \/>\n<meta name=\"twitter:label1\" content=\"Estimeret l\u00e6setid\" \/>\n\t<meta name=\"twitter:data1\" content=\"1 minut\" \/>\n<script type=\"application\/ld+json\" class=\"yoast-schema-graph\">{\"@context\":\"https:\/\/schema.org\",\"@graph\":[{\"@type\":\"WebPage\",\"@id\":\"https:\/\/sukrin.com\/dk\/sukrinmarsipan\/om\/\",\"url\":\"https:\/\/sukrin.com\/dk\/sukrinmarsipan\/om\/\",\"name\":\"SukrinMarzipan - uden tilsat sukker\",\"isPartOf\":{\"@id\":\"http:\/\/sukrin.com\/dk\/#website\"},\"primaryImageOfPage\":{\"@id\":\"https:\/\/sukrin.com\/dk\/sukrinmarsipan\/om\/#primaryimage\"},\"image\":{\"@id\":\"https:\/\/sukrin.com\/dk\/sukrinmarsipan\/om\/#primaryimage\"},\"thumbnailUrl\":\"https:\/\/www.funksjonellmat.no\/wp-content\/uploads\/2021\/03\/SukrinMarzipan_EN_NOR_WEB_CROP.png\",\"datePublished\":\"2019-06-13T12:07:05+00:00\",\"dateModified\":\"2023-11-29T20:46:35+00:00\",\"description\":\"SukrinMarcipan smager liges\u00e5 godt som almindelig marcipan, men har et fantastisk n\u00e6ringsindhold. Hele 31 % fiber og kun 8 % kulhydrater.\",\"breadcrumb\":{\"@id\":\"https:\/\/sukrin.com\/dk\/sukrinmarsipan\/om\/#breadcrumb\"},\"inLanguage\":\"da-DK\",\"potentialAction\":[{\"@type\":\"ReadAction\",\"target\":[\"https:\/\/sukrin.com\/dk\/sukrinmarsipan\/om\/\"]}]},{\"@type\":\"ImageObject\",\"inLanguage\":\"da-DK\",\"@id\":\"https:\/\/sukrin.com\/dk\/sukrinmarsipan\/om\/#primaryimage\",\"url\":\"https:\/\/www.funksjonellmat.no\/wp-content\/uploads\/2021\/03\/SukrinMarzipan_EN_NOR_WEB_CROP.png\",\"contentUrl\":\"https:\/\/www.funksjonellmat.no\/wp-content\/uploads\/2021\/03\/SukrinMarzipan_EN_NOR_WEB_CROP.png\"},{\"@type\":\"BreadcrumbList\",\"@id\":\"https:\/\/sukrin.com\/dk\/sukrinmarsipan\/om\/#breadcrumb\",\"itemListElement\":[{\"@type\":\"ListItem\",\"position\":1,\"name\":\"SukrinMarsipan\",\"item\":\"https:\/\/sukrin.com\/dk\/sukrinmarsipan\/\"},{\"@type\":\"ListItem\",\"position\":2,\"name\":\"Om SukrinMarcipan\"}]},{\"@type\":\"WebSite\",\"@id\":\"http:\/\/sukrin.com\/dk\/#website\",\"url\":\"http:\/\/sukrin.com\/dk\/\",\"name\":\"Sukrin Danmark\",\"description\":\"Sukrin - Healthy and tasty made easy\",\"potentialAction\":[{\"@type\":\"SearchAction\",\"target\":{\"@type\":\"EntryPoint\",\"urlTemplate\":\"http:\/\/sukrin.com\/dk\/?s={search_term_string}\"},\"query-input\":{\"@type\":\"PropertyValueSpecification\",\"valueRequired\":true,\"valueName\":\"search_term_string\"}}],\"inLanguage\":\"da-DK\"}]}<\/script>\n<!-- \/ Yoast SEO plugin. -->","yoast_head_json":{"title":"SukrinMarzipan - uden tilsat sukker","description":"SukrinMarcipan smager liges\u00e5 godt som almindelig marcipan, men har et fantastisk n\u00e6ringsindhold. Hele 31 % fiber og kun 8 % kulhydrater.","robots":{"index":"index","follow":"follow","max-snippet":"max-snippet:-1","max-image-preview":"max-image-preview:large","max-video-preview":"max-video-preview:-1"},"canonical":"https:\/\/sukrin.com\/dk\/sukrinmarsipan\/om\/","twitter_misc":{"Estimeret l\u00e6setid":"1 minut"},"schema":{"@context":"https:\/\/schema.org","@graph":[{"@type":"WebPage","@id":"https:\/\/sukrin.com\/dk\/sukrinmarsipan\/om\/","url":"https:\/\/sukrin.com\/dk\/sukrinmarsipan\/om\/","name":"SukrinMarzipan - uden tilsat sukker","isPartOf":{"@id":"http:\/\/sukrin.com\/dk\/#website"},"primaryImageOfPage":{"@id":"https:\/\/sukrin.com\/dk\/sukrinmarsipan\/om\/#primaryimage"},"image":{"@id":"https:\/\/sukrin.com\/dk\/sukrinmarsipan\/om\/#primaryimage"},"thumbnailUrl":"https:\/\/www.funksjonellmat.no\/wp-content\/uploads\/2021\/03\/SukrinMarzipan_EN_NOR_WEB_CROP.png","datePublished":"2019-06-13T12:07:05+00:00","dateModified":"2023-11-29T20:46:35+00:00","description":"SukrinMarcipan smager liges\u00e5 godt som almindelig marcipan, men har et fantastisk n\u00e6ringsindhold. Hele 31 % fiber og kun 8 % kulhydrater.","breadcrumb":{"@id":"https:\/\/sukrin.com\/dk\/sukrinmarsipan\/om\/#breadcrumb"},"inLanguage":"da-DK","potentialAction":[{"@type":"ReadAction","target":["https:\/\/sukrin.com\/dk\/sukrinmarsipan\/om\/"]}]},{"@type":"ImageObject","inLanguage":"da-DK","@id":"https:\/\/sukrin.com\/dk\/sukrinmarsipan\/om\/#primaryimage","url":"https:\/\/www.funksjonellmat.no\/wp-content\/uploads\/2021\/03\/SukrinMarzipan_EN_NOR_WEB_CROP.png","contentUrl":"https:\/\/www.funksjonellmat.no\/wp-content\/uploads\/2021\/03\/SukrinMarzipan_EN_NOR_WEB_CROP.png"},{"@type":"BreadcrumbList","@id":"https:\/\/sukrin.com\/dk\/sukrinmarsipan\/om\/#breadcrumb","itemListElement":[{"@type":"ListItem","position":1,"name":"SukrinMarsipan","item":"https:\/\/sukrin.com\/dk\/sukrinmarsipan\/"},{"@type":"ListItem","position":2,"name":"Om SukrinMarcipan"}]},{"@type":"WebSite","@id":"http:\/\/sukrin.com\/dk\/#website","url":"http:\/\/sukrin.com\/dk\/","name":"Sukrin Danmark","description":"Sukrin - Healthy and tasty made easy","potentialAction":[{"@type":"SearchAction","target":{"@type":"EntryPoint","urlTemplate":"http:\/\/sukrin.com\/dk\/?s={search_term_string}"},"query-input":{"@type":"PropertyValueSpecification","valueRequired":true,"valueName":"search_term_string"}}],"inLanguage":"da-DK"}]}},"_links":{"self":[{"href":"https:\/\/sukrin.com\/dk\/wp-json\/wp\/v2\/pages\/2543"}],"collection":[{"href":"https:\/\/sukrin.com\/dk\/wp-json\/wp\/v2\/pages"}],"about":[{"href":"https:\/\/sukrin.com\/dk\/wp-json\/wp\/v2\/types\/page"}],"author":[{"embeddable":true,"href":"https:\/\/sukrin.com\/dk\/wp-json\/wp\/v2\/users\/1"}],"replies":[{"embeddable":true,"href":"https:\/\/sukrin.com\/dk\/wp-json\/wp\/v2\/comments?post=2543"}],"version-history":[{"count":14,"href":"https:\/\/sukrin.com\/dk\/wp-json\/wp\/v2\/pages\/2543\/revisions"}],"predecessor-version":[{"id":3053,"href":"https:\/\/sukrin.com\/dk\/wp-json\/wp\/v2\/pages\/2543\/revisions\/3053"}],"up":[{"embeddable":true,"href":"https:\/\/sukrin.com\/dk\/wp-json\/wp\/v2\/pages\/2541"}],"wp:attachment":[{"href":"https:\/\/sukrin.com\/dk\/wp-json\/wp\/v2\/media?parent=2543"}],"wp:term":[{"taxonomy":"product_types","embeddable":true,"href":"https:\/\/sukrin.com\/dk\/wp-json\/wp\/v2\/product_types?post=2543"}],"curies":[{"name":"wp","href":"https:\/\/api.w.org\/{rel}","templated":true}]}}