{"id":2371,"date":"2017-06-08T13:04:30","date_gmt":"2017-06-08T11:04:30","guid":{"rendered":"http:\/\/sukrin.com\/dk\/?page_id=2371"},"modified":"2024-11-25T16:37:24","modified_gmt":"2024-11-25T14:37:24","slug":"tips-til-variasjon","status":"publish","type":"page","link":"https:\/\/sukrin.com\/dk\/bakemix\/tips-til-variasjon\/","title":{"rendered":"Tips til variation"},"content":{"rendered":"\n<h1 class=\"wp-block-heading\">Bagetips&nbsp;til Bakemix:<\/h1>\n\n\n\n<h3 class=\"wp-block-heading\">Scones<\/h3>\n\n\n\n<p>Bland en \u00e6ske Bakemix sammen med 100 g koldt sm\u00f8r i terninger. Brug gerne en food processor.&nbsp;Tils\u00e6t 2 \u00e6g, 80 g kvark og hvad du \u00f8nsker af hakkede n\u00f8dder, chokolade, rosiner o.l. Form&nbsp;sconesne og bag i 15 min. ved 200 \u00b0C.<\/p>\n\n\n\n<h3 class=\"wp-block-heading\">Toscakage<\/h3>\n\n\n\n<p>Bland en \u00e6ske Bakemix sammen med 4&nbsp;store \u00e6g, 1,5&nbsp;dl vand og 1 dl&nbsp;olie. R\u00f8r til en j\u00e6vn blanding, og h\u00e6ld det i en smurt form. S\u00e6t kagen i ovnen ved 175 \u00b0C, og lad den bage i ca 20 min. Imens bruner du 20 g sm\u00f8r, 40 g hakkede mandler, 3 spsk FiberSirup Gold og \u00be spsk valgfri mel i en gryde. N\u00e5r kagen har bagt i 20 min sm\u00f8rer du n\u00f8ddeblandingen udover, og lader kagen bage i yderligere 15 min.<\/p>\n\n\n\n<h3 class=\"wp-block-heading\">Marmorkage:<\/h3>\n\n\n\n<p>Bland en \u00e6ske Bakemix sammen med 4 \u00e6g, 1,5 dl vand og 1 dl olie. H\u00e6ld ca&nbsp;1\/3 af dejen i en separat sk\u00e5l, og tilsett 2 spsk kakao og 2 spsk Sukrin Gold. Dejen l\u00e6gges lagvis lys-brun-lys i en smurt br\u00f8dform. Lav et m\u00f8nster ved at k\u00f8re en kniv igennem dejen til sidst. Bages ved 175 \u00b0C i ca 35 min.<\/p>\n\n\n\n<h3 class=\"wp-block-heading\"><img loading=\"lazy\" decoding=\"async\" class=\"alignleft size-full wp-image-5782\" src=\"\/dk\/files\/2024\/11\/bringebaer_cupcakes_web.png\" alt=\"Bringeb\u00e6rmuffins\" width=\"210\" height=\"315\">B\u00e6rmuffins<\/h3>\n\n\n\n<p>Vend 1 &#8211; 2 dl frosne eller friske b\u00e6r i 2&nbsp;&#8211; 3 spsk Sukrin Gold. Bland en \u00e6ske Bakemix sammen med 4 \u00e6g, 1,5 dl vand, 1 dl olie. H\u00e6ld dejen i muffinsforme, fordel b\u00e6rene i formene og bag ved 175 \u00baC i ca 20 minutter.<\/p>\n\n\n\n<h3 class=\"wp-block-heading\">Citronmuffins<\/h3>\n\n\n\n<p>Bland en \u00e6ske Bakemix sammen med&nbsp;4 \u00e6g, 1,5 dl&nbsp;vand, 60 g olie, 90 g creme fraiche samt citronsaften og citronskal fra en citron. H\u00e6ld dejen i muffinsforme og bag ved 175 \u00baC i ca 20 minutter.<\/p>\n\n\n\n<h3 class=\"wp-block-heading\">Kokosmuffins<\/h3>\n\n\n\n<p>Bland en \u00e6ske Bakemix sammen med 4&nbsp;store \u00e6g, 1,5&nbsp;dl vand, 1 dl&nbsp;olie, 50 g kokosmel, 1-2 spsk Sukrin Gold og 1 1\/2&nbsp;tsk kanel. H\u00e6ld dejen i muffinsforme og bag ved 175 \u00baC i ca 20 minutter.<\/p>\n\n\n\n<h3 class=\"wp-block-heading\">Chokolademuffins<\/h3>\n\n\n\n<p>Bland en \u00e6ske Bakemix sammen med 4 \u00e6g, 1,5&nbsp;dl vand, 1 dl olie, 2 spsk kakaopulver og 3&nbsp;spsk Sukrin Gold.&nbsp;H\u00e6ld dejen i muffinsforme og bag ved 175 \u00baC i ca 20 minutter.<\/p>\n\n\n<div class=\"wp-block-image\">\n<figure class=\"alignright\"><img decoding=\"async\" src=\"\/dk\/files\/2024\/11\/X-_bilder_Vaffel_web-1.png\" alt=\"Vafler\" class=\"wp-image-5778\"\/><\/figure><\/div>\n\n\n<h3 class=\"wp-block-heading\">Vafler<\/h3>\n\n\n\n<p>Bland en \u00e6ske Bakemix sammen med 4 \u00e6g, 2&nbsp;dl m\u00e6lk&nbsp;og 1 dl olie\/sm\u00f8r, 1-2 tsk kardemomme og 2 tsk Fiberhusk. Steges i vaffeljern, og nydes mens vaflene er frisklavede.<\/p>\n\n\n\n<h3 class=\"wp-block-heading\">&nbsp;<\/h3>\n\n\n\n<h3 class=\"wp-block-heading\">Tykke pandekager<\/h3>\n\n\n\n<p>Bland en \u00e6ske Bakemix sammen med 4&nbsp;dl k\u00e6rnem\u00e6lk\/almindelig m\u00e6lk, 2 \u00e6g og 1 tsk natron. Steg p\u00e5 stegepande ved middel varme, ca 1-2 min p\u00e5 hver side, til pandekagerne er gyldne og faste.<\/p>\n\n\n\n<h3 class=\"wp-block-heading\">Blommekage med n\u00f8ddetopping<\/h3>\n\n\n\n<p>Bland en \u00e6ske Bakemix sammen med 4 \u00e6g, 1,5 dl vand og 1 dl olie. R\u00f8r til en j\u00e6vn blanding, og h\u00e6ld dejen i en smurt form. L\u00e6g blommeb\u00e5de p\u00e5 og drys Sukrin Gold og kanel over. S\u00e6t kagen i ovnen ved 175 \u00b0C, og lad den bage i ca 30 min.<\/p>\n\n\n\n<p>Bland 50 g sm\u00f8r, 50 g Sukrin Gold, 50 g hvedemel (evt. mandelmel) i en food processor. Tils\u00e6t derefter 50 g groft hakkede n\u00f8dder, 1 tsk kanel, 1\/2 tsk nelliker og 1\/2 tsk kardemomme og bland godt.<\/p>\n\n\n\n<p>Tag kagen forsigtig ud af ovnen efter at den har bagt i 30 minutter.&nbsp;Kagen vil da v\u00e6re r\u00e5&nbsp;indeni, mens toppen er fast. Fordel n\u00f8ddetoppingen&nbsp;over kagen. S\u00e6t kagen tilbage i ovnen og steg videre i ca 20 min. Tjek at kagen er helt gennembagt i midten f\u00f8r du tager den ud af ovnen.<\/p>\n\n\n\n<h3 class=\"wp-block-heading\">&nbsp;<\/h3>\n\n\n\n<h3 class=\"wp-block-heading\"><img loading=\"lazy\" decoding=\"async\" class=\"alignleft size-full wp-image-5801\" src=\"\/dk\/files\/2024\/11\/sjokoladekakebit_web.png\" alt=\"Chokoladekage\" width=\"220\" height=\"148\">Chokoladekage<\/h3>\n\n\n\n<p>Bland en \u00e6ske Bagemix sammen med 4 \u00e6g, 1,5 dl vand, 1 dl olie, 2 spsk kakao og 2 &#8211; 3 spsk Sukrin Gold. &nbsp;H\u00e6ld dejen i en smurt&nbsp;form, bag ved 175 \u00baC&nbsp;i ca. 35 min.<\/p>\n\n\n\n<h3 class=\"wp-block-heading\">Gulrodskage<\/h3>\n\n\n\n<p>Bland en \u00e6ske Bakemix sammen med 4&nbsp;store \u00e6g, 1,5&nbsp;dl vand, 1 dl&nbsp;olie, 200 g revet gulrod, 1 tsk natron og 3 tsk kanel. Pisk til en glat dej. Bages midt i ovnen ved 175 \u00b0C i ca 40 min.<\/p>\n\n\n\n<h3 class=\"wp-block-heading\">&nbsp;<\/h3>\n\n\n\n<p><\/p>\n","protected":false},"excerpt":{"rendered":"<p>Bagetips&nbsp;til Bakemix: Scones Bland en \u00e6ske Bakemix sammen med 100 g koldt sm\u00f8r i [&hellip;]<\/p>\n","protected":false},"author":1,"featured_media":0,"parent":2344,"menu_order":30,"comment_status":"closed","ping_status":"closed","template":"","meta":{"_monsterinsights_skip_tracking":false,"_monsterinsights_sitenote_active":false,"_monsterinsights_sitenote_note":"","_monsterinsights_sitenote_category":0,"footnotes":""},"product_types":[43],"class_list":["post-2371","page","type-page","status-publish","hentry","product_types-type-bakemix","product_categories-baking_mixes"],"yoast_head":"<!-- This site is optimized with the Yoast SEO plugin v23.6 - https:\/\/yoast.com\/wordpress\/plugins\/seo\/ -->\n<title>Tips til variation - Sukrin Danmark<\/title>\n<meta name=\"robots\" content=\"index, follow, max-snippet:-1, max-image-preview:large, max-video-preview:-1\" \/>\n<link rel=\"canonical\" href=\"https:\/\/sukrin.com\/dk\/bakemix\/tips-til-variasjon\/\" \/>\n<meta name=\"twitter:label1\" content=\"Estimeret l\u00e6setid\" \/>\n\t<meta name=\"twitter:data1\" content=\"5 minutter\" \/>\n<script type=\"application\/ld+json\" class=\"yoast-schema-graph\">{\"@context\":\"https:\/\/schema.org\",\"@graph\":[{\"@type\":\"WebPage\",\"@id\":\"https:\/\/sukrin.com\/dk\/bakemix\/tips-til-variasjon\/\",\"url\":\"https:\/\/sukrin.com\/dk\/bakemix\/tips-til-variasjon\/\",\"name\":\"Tips til variation - Sukrin Danmark\",\"isPartOf\":{\"@id\":\"http:\/\/sukrin.com\/dk\/#website\"},\"datePublished\":\"2017-06-08T11:04:30+00:00\",\"dateModified\":\"2024-11-25T14:37:24+00:00\",\"breadcrumb\":{\"@id\":\"https:\/\/sukrin.com\/dk\/bakemix\/tips-til-variasjon\/#breadcrumb\"},\"inLanguage\":\"da-DK\",\"potentialAction\":[{\"@type\":\"ReadAction\",\"target\":[\"https:\/\/sukrin.com\/dk\/bakemix\/tips-til-variasjon\/\"]}]},{\"@type\":\"BreadcrumbList\",\"@id\":\"https:\/\/sukrin.com\/dk\/bakemix\/tips-til-variasjon\/#breadcrumb\",\"itemListElement\":[{\"@type\":\"ListItem\",\"position\":1,\"name\":\"Bakemix\",\"item\":\"http:\/\/sukrin.com\/dk\/bakemix\/\"},{\"@type\":\"ListItem\",\"position\":2,\"name\":\"Tips til variation\"}]},{\"@type\":\"WebSite\",\"@id\":\"http:\/\/sukrin.com\/dk\/#website\",\"url\":\"http:\/\/sukrin.com\/dk\/\",\"name\":\"Sukrin Danmark\",\"description\":\"Sukrin - Healthy and tasty made easy\",\"potentialAction\":[{\"@type\":\"SearchAction\",\"target\":{\"@type\":\"EntryPoint\",\"urlTemplate\":\"http:\/\/sukrin.com\/dk\/?s={search_term_string}\"},\"query-input\":{\"@type\":\"PropertyValueSpecification\",\"valueRequired\":true,\"valueName\":\"search_term_string\"}}],\"inLanguage\":\"da-DK\"}]}<\/script>\n<!-- \/ Yoast SEO plugin. -->","yoast_head_json":{"title":"Tips til variation - Sukrin Danmark","robots":{"index":"index","follow":"follow","max-snippet":"max-snippet:-1","max-image-preview":"max-image-preview:large","max-video-preview":"max-video-preview:-1"},"canonical":"https:\/\/sukrin.com\/dk\/bakemix\/tips-til-variasjon\/","twitter_misc":{"Estimeret l\u00e6setid":"5 minutter"},"schema":{"@context":"https:\/\/schema.org","@graph":[{"@type":"WebPage","@id":"https:\/\/sukrin.com\/dk\/bakemix\/tips-til-variasjon\/","url":"https:\/\/sukrin.com\/dk\/bakemix\/tips-til-variasjon\/","name":"Tips til variation - Sukrin Danmark","isPartOf":{"@id":"http:\/\/sukrin.com\/dk\/#website"},"datePublished":"2017-06-08T11:04:30+00:00","dateModified":"2024-11-25T14:37:24+00:00","breadcrumb":{"@id":"https:\/\/sukrin.com\/dk\/bakemix\/tips-til-variasjon\/#breadcrumb"},"inLanguage":"da-DK","potentialAction":[{"@type":"ReadAction","target":["https:\/\/sukrin.com\/dk\/bakemix\/tips-til-variasjon\/"]}]},{"@type":"BreadcrumbList","@id":"https:\/\/sukrin.com\/dk\/bakemix\/tips-til-variasjon\/#breadcrumb","itemListElement":[{"@type":"ListItem","position":1,"name":"Bakemix","item":"http:\/\/sukrin.com\/dk\/bakemix\/"},{"@type":"ListItem","position":2,"name":"Tips til variation"}]},{"@type":"WebSite","@id":"http:\/\/sukrin.com\/dk\/#website","url":"http:\/\/sukrin.com\/dk\/","name":"Sukrin Danmark","description":"Sukrin - Healthy and tasty made easy","potentialAction":[{"@type":"SearchAction","target":{"@type":"EntryPoint","urlTemplate":"http:\/\/sukrin.com\/dk\/?s={search_term_string}"},"query-input":{"@type":"PropertyValueSpecification","valueRequired":true,"valueName":"search_term_string"}}],"inLanguage":"da-DK"}]}},"_links":{"self":[{"href":"https:\/\/sukrin.com\/dk\/wp-json\/wp\/v2\/pages\/2371"}],"collection":[{"href":"https:\/\/sukrin.com\/dk\/wp-json\/wp\/v2\/pages"}],"about":[{"href":"https:\/\/sukrin.com\/dk\/wp-json\/wp\/v2\/types\/page"}],"author":[{"embeddable":true,"href":"https:\/\/sukrin.com\/dk\/wp-json\/wp\/v2\/users\/1"}],"replies":[{"embeddable":true,"href":"https:\/\/sukrin.com\/dk\/wp-json\/wp\/v2\/comments?post=2371"}],"version-history":[{"count":14,"href":"https:\/\/sukrin.com\/dk\/wp-json\/wp\/v2\/pages\/2371\/revisions"}],"predecessor-version":[{"id":3220,"href":"https:\/\/sukrin.com\/dk\/wp-json\/wp\/v2\/pages\/2371\/revisions\/3220"}],"up":[{"embeddable":true,"href":"https:\/\/sukrin.com\/dk\/wp-json\/wp\/v2\/pages\/2344"}],"wp:attachment":[{"href":"https:\/\/sukrin.com\/dk\/wp-json\/wp\/v2\/media?parent=2371"}],"wp:term":[{"taxonomy":"product_types","embeddable":true,"href":"https:\/\/sukrin.com\/dk\/wp-json\/wp\/v2\/product_types?post=2371"}],"curies":[{"name":"wp","href":"https:\/\/api.w.org\/{rel}","templated":true}]}}