{"id":2348,"date":"2017-05-09T12:52:30","date_gmt":"2017-05-09T10:52:30","guid":{"rendered":"http:\/\/sukrin.com\/dk\/?page_id=2348"},"modified":"2022-12-06T16:49:26","modified_gmt":"2022-12-06T14:49:26","slug":"om-ingrediensene","status":"publish","type":"page","link":"https:\/\/sukrin.com\/dk\/bakemix\/om-ingrediensene\/","title":{"rendered":"Om ingredienserne"},"content":{"rendered":"\n<h1 class=\"wp-block-heading\">Ingredienser:<\/h1>\n\n\n\n<p>S\u00f8demiddel: erythritol (Sukrin) og&nbsp;xylitol, majsstivelse, \u00e6rteprotein, Fiberfin (naturlig&nbsp;resistent stivelse fra majs), <strong>Sesam<\/strong>-mel, fiber (sikori, \u00e6rtefiber, psyllium), kartoffelstivelse, h\u00e6vemiddel (bikarbonat, difosfat), salt, stabilisator (karragenan), emulgator (mono- og diglyserider), aroma, surhedsregulerende middel (citronsyre).<\/p>\n\n\n\n<h2 class=\"wp-block-heading\">Sukrin<\/h2>\n\n\n\n<p>Sukrin er en naturlig sukkererstatning best\u00e5ende af sukkeralkoholen Erytritol som findes naturlig i bl.a. p\u00e6re, melon og svampe. Erytritol fremstilles ved en naturlig g\u00e6ringsproces og der er ingen kunstige tils\u00e6tninger i Sukrin. L\u00e6s mere&nbsp;<a href=\"http:\/\/sukrin.com\/dk\/sukrin\/om\/\">om Sukrin her.<\/a><\/p>\n\n\n\n<h2 class=\"wp-block-heading\">Xylitol<\/h2>\n\n\n\n<p>Xylitol er en sukkeralkohol, der naturligt findes i frugt og gr\u00f8ntsager, og som ogs\u00e5 produceres i menneskekroppen. Xylitol har en GI p\u00e5 ca 7-8.<\/p>\n\n\n\n<h2 class=\"wp-block-heading\">Majsstivelse<\/h2>\n\n\n\n<p>Stivelse fra majs&nbsp;som g\u00f8r kagen saftig og holder den bl\u00f8d.<\/p>\n\n\n\n<h2 class=\"wp-block-heading\">\u00c6rteprotein<\/h2>\n\n\n\n<p>Vegetabilsk protein hentet fra \u00e6rter.<\/p>\n\n\n\n<h2 class=\"wp-block-heading\">FiberFin<\/h2>\n\n\n\n<p>Fiberfin er et naturlig, glutenfrit mel med et h\u00f8jt indhold af fiber i form af resistent stivelse. Fiberfin har gunstig indvirkning p\u00e5 ford\u00f8jelse, bakterieflora og immunforsvar. L\u00e6s mer <a href=\"http:\/\/sukrin.com\/dk\/fiberfin\/om\/\">om Fiberfin&nbsp;her.<\/a><\/p>\n\n\n\n<h2 class=\"wp-block-heading\">Sesam-mel<\/h2>\n\n\n\n<p>En glutenfrit og mineralrigt meltype lavet af afskallede og fedtreducerede sesamfr\u00f8. L\u00e6s mer&nbsp;<a href=\"http:\/\/sukrin.com\/dk\/sesam-mel\/om-sesam-mel\/\">om Sesam-mel her.<\/a><\/p>\n\n\n\n<h2 class=\"wp-block-heading\">Fiber fra sikori, \u00e6rter og psyllium<\/h2>\n\n\n\n<p>Plantefibre som bruges for at give rigtig konsistens og forh\u00f8jet fiberindhold i kagen.<\/p>\n\n\n\n<h2 class=\"wp-block-heading\">Kartoffelstivelse<\/h2>\n\n\n\n<p>Stivelse fra kartofler som g\u00f8r kagen saftig og holder den bl\u00f8d.<\/p>\n\n\n\n<h2 class=\"wp-block-heading\">H\u00e6vemiddel<\/h2>\n\n\n\n<p>Bikarbonat og difosfat&nbsp;er indholdet i almindelig bagepulver. Difosfat&nbsp;neutraliserer bikarbonat og styrer h\u00e6vingen.<\/p>\n\n\n\n<h2 class=\"wp-block-heading\">Salt<\/h2>\n\n\n\n<p>Almindelig bordsalt (natriumklorid).<\/p>\n\n\n\n<h2 class=\"wp-block-heading\">Stabilisator<\/h2>\n\n\n\n<p>Karragenan &nbsp;udvindes fra&nbsp;r\u00f8dalger. Det&nbsp;stabiliserer blandingen af vand og olie&nbsp;under varmebehandling, og binder v\u00e6ske s\u00e5dan at konsistensen&nbsp;bliver mere saftig. Bem\u00e6rk: Vi benytter naturlig&nbsp;karragenan, og <em>ikke<\/em>&nbsp;&#8220;nedbrudt karragenan&#8221; som ikke er tilladt i mad.<\/p>\n\n\n\n<h2 class=\"wp-block-heading\">Emulgator<\/h2>\n\n\n\n<p>Mono- og diglycerider af fedtsyrer. Bruges for at binde vand og fedt og giver kagen en fin stegeskorpe og fast konsistens. Fedtet er kun fra vegetabilske kilder.<\/p>\n\n\n\n<h2 class=\"wp-block-heading\">Aroma<\/h2>\n\n\n\n<p>En lille m\u00e6ngde naturlig og koncentrert smagstils\u00e6tning som giver kagen en god smag.<\/p>\n\n\n\n<h2 class=\"wp-block-heading\">Surhedsregulerende middel<\/h2>\n\n\n\n<p>Citronsyre virker som surhedregulerende middel, og styrer ogs\u00e5 h\u00e6vingen.<\/p>\n","protected":false},"excerpt":{"rendered":"<p>Ingredienser: S\u00f8demiddel: erythritol (Sukrin) og&nbsp;xylitol, majsstivelse, \u00e6rteprotein, Fiberfin (naturlig&nbsp;resistent stivelse fra majs), Sesam-mel, fiber [&hellip;]<\/p>\n","protected":false},"author":1,"featured_media":0,"parent":2344,"menu_order":10,"comment_status":"closed","ping_status":"closed","template":"","meta":{"_monsterinsights_skip_tracking":false,"_monsterinsights_sitenote_active":false,"_monsterinsights_sitenote_note":"","_monsterinsights_sitenote_category":0,"footnotes":""},"product_types":[43],"class_list":["post-2348","page","type-page","status-publish","hentry","product_types-type-bakemix","product_categories-baking_mixes"],"yoast_head":"<!-- This site is optimized with the Yoast SEO plugin v23.6 - https:\/\/yoast.com\/wordpress\/plugins\/seo\/ -->\n<title>Om ingredienserne - Sukrin Danmark<\/title>\n<meta name=\"robots\" content=\"index, follow, max-snippet:-1, max-image-preview:large, max-video-preview:-1\" \/>\n<link rel=\"canonical\" href=\"http:\/\/sukrin.com\/dk\/bakemix\/om-ingrediensene\/\" \/>\n<meta name=\"twitter:label1\" content=\"Estimeret l\u00e6setid\" \/>\n\t<meta name=\"twitter:data1\" content=\"2 minutter\" \/>\n<script type=\"application\/ld+json\" class=\"yoast-schema-graph\">{\"@context\":\"https:\/\/schema.org\",\"@graph\":[{\"@type\":\"WebPage\",\"@id\":\"http:\/\/sukrin.com\/dk\/bakemix\/om-ingrediensene\/\",\"url\":\"http:\/\/sukrin.com\/dk\/bakemix\/om-ingrediensene\/\",\"name\":\"Om ingredienserne - Sukrin Danmark\",\"isPartOf\":{\"@id\":\"http:\/\/sukrin.com\/dk\/#website\"},\"datePublished\":\"2017-05-09T10:52:30+00:00\",\"dateModified\":\"2022-12-06T14:49:26+00:00\",\"breadcrumb\":{\"@id\":\"http:\/\/sukrin.com\/dk\/bakemix\/om-ingrediensene\/#breadcrumb\"},\"inLanguage\":\"da-DK\",\"potentialAction\":[{\"@type\":\"ReadAction\",\"target\":[\"http:\/\/sukrin.com\/dk\/bakemix\/om-ingrediensene\/\"]}]},{\"@type\":\"BreadcrumbList\",\"@id\":\"http:\/\/sukrin.com\/dk\/bakemix\/om-ingrediensene\/#breadcrumb\",\"itemListElement\":[{\"@type\":\"ListItem\",\"position\":1,\"name\":\"Bakemix\",\"item\":\"http:\/\/sukrin.com\/dk\/bakemix\/\"},{\"@type\":\"ListItem\",\"position\":2,\"name\":\"Om ingredienserne\"}]},{\"@type\":\"WebSite\",\"@id\":\"http:\/\/sukrin.com\/dk\/#website\",\"url\":\"http:\/\/sukrin.com\/dk\/\",\"name\":\"Sukrin Danmark\",\"description\":\"Sukrin - Healthy and tasty made easy\",\"potentialAction\":[{\"@type\":\"SearchAction\",\"target\":{\"@type\":\"EntryPoint\",\"urlTemplate\":\"http:\/\/sukrin.com\/dk\/?s={search_term_string}\"},\"query-input\":{\"@type\":\"PropertyValueSpecification\",\"valueRequired\":true,\"valueName\":\"search_term_string\"}}],\"inLanguage\":\"da-DK\"}]}<\/script>\n<!-- \/ Yoast SEO plugin. -->","yoast_head_json":{"title":"Om ingredienserne - Sukrin Danmark","robots":{"index":"index","follow":"follow","max-snippet":"max-snippet:-1","max-image-preview":"max-image-preview:large","max-video-preview":"max-video-preview:-1"},"canonical":"http:\/\/sukrin.com\/dk\/bakemix\/om-ingrediensene\/","twitter_misc":{"Estimeret l\u00e6setid":"2 minutter"},"schema":{"@context":"https:\/\/schema.org","@graph":[{"@type":"WebPage","@id":"http:\/\/sukrin.com\/dk\/bakemix\/om-ingrediensene\/","url":"http:\/\/sukrin.com\/dk\/bakemix\/om-ingrediensene\/","name":"Om ingredienserne - Sukrin Danmark","isPartOf":{"@id":"http:\/\/sukrin.com\/dk\/#website"},"datePublished":"2017-05-09T10:52:30+00:00","dateModified":"2022-12-06T14:49:26+00:00","breadcrumb":{"@id":"http:\/\/sukrin.com\/dk\/bakemix\/om-ingrediensene\/#breadcrumb"},"inLanguage":"da-DK","potentialAction":[{"@type":"ReadAction","target":["http:\/\/sukrin.com\/dk\/bakemix\/om-ingrediensene\/"]}]},{"@type":"BreadcrumbList","@id":"http:\/\/sukrin.com\/dk\/bakemix\/om-ingrediensene\/#breadcrumb","itemListElement":[{"@type":"ListItem","position":1,"name":"Bakemix","item":"http:\/\/sukrin.com\/dk\/bakemix\/"},{"@type":"ListItem","position":2,"name":"Om ingredienserne"}]},{"@type":"WebSite","@id":"http:\/\/sukrin.com\/dk\/#website","url":"http:\/\/sukrin.com\/dk\/","name":"Sukrin Danmark","description":"Sukrin - Healthy and tasty made easy","potentialAction":[{"@type":"SearchAction","target":{"@type":"EntryPoint","urlTemplate":"http:\/\/sukrin.com\/dk\/?s={search_term_string}"},"query-input":{"@type":"PropertyValueSpecification","valueRequired":true,"valueName":"search_term_string"}}],"inLanguage":"da-DK"}]}},"_links":{"self":[{"href":"https:\/\/sukrin.com\/dk\/wp-json\/wp\/v2\/pages\/2348"}],"collection":[{"href":"https:\/\/sukrin.com\/dk\/wp-json\/wp\/v2\/pages"}],"about":[{"href":"https:\/\/sukrin.com\/dk\/wp-json\/wp\/v2\/types\/page"}],"author":[{"embeddable":true,"href":"https:\/\/sukrin.com\/dk\/wp-json\/wp\/v2\/users\/1"}],"replies":[{"embeddable":true,"href":"https:\/\/sukrin.com\/dk\/wp-json\/wp\/v2\/comments?post=2348"}],"version-history":[{"count":5,"href":"https:\/\/sukrin.com\/dk\/wp-json\/wp\/v2\/pages\/2348\/revisions"}],"predecessor-version":[{"id":2948,"href":"https:\/\/sukrin.com\/dk\/wp-json\/wp\/v2\/pages\/2348\/revisions\/2948"}],"up":[{"embeddable":true,"href":"https:\/\/sukrin.com\/dk\/wp-json\/wp\/v2\/pages\/2344"}],"wp:attachment":[{"href":"https:\/\/sukrin.com\/dk\/wp-json\/wp\/v2\/media?parent=2348"}],"wp:term":[{"taxonomy":"product_types","embeddable":true,"href":"https:\/\/sukrin.com\/dk\/wp-json\/wp\/v2\/product_types?post=2348"}],"curies":[{"name":"wp","href":"https:\/\/api.w.org\/{rel}","templated":true}]}}