{"id":2346,"date":"2018-02-15T13:42:28","date_gmt":"2018-02-15T11:42:28","guid":{"rendered":"http:\/\/sukrin.com\/dk\/?page_id=2346"},"modified":"2023-11-29T22:47:55","modified_gmt":"2023-11-29T20:47:55","slug":"om","status":"publish","type":"page","link":"https:\/\/sukrin.com\/dk\/bakemix\/om\/","title":{"rendered":"Om Bakemix"},"content":{"rendered":"\n<h1 class=\"wp-block-heading\"><span style=\"vertical-align: inherit\"><span style=\"vertical-align: inherit\">Sk\u00f8n bagemix<\/span><\/span><\/h1>\n\n\n\n<p><span style=\"vertical-align: inherit\"><span style=\"vertical-align: inherit\">Bakemix er en glutenfri blanding med kun naturlig s\u00f8dning. <\/span><span style=\"vertical-align: inherit\">Det har en neutral smag og er moderat s\u00f8det, noget som g\u00f8r det til et perfekt udgangspunkt for mange forskellige salgs bagv\u00e6rk. <\/span><\/span><a href=\"https:\/\/sukrin.com\/dk\/bakemix\/tips-til-variasjon\/\"><span style=\"vertical-align: inherit\"><span style=\"vertical-align: inherit\">Tils\u00e6t din favorit smag<\/span><\/span><\/a><span style=\"vertical-align: inherit\"><span style=\"vertical-align: inherit\">&nbsp;og lav lige det du vil; ch<\/span><span style=\"vertical-align: inherit\">okoladekage, cupcakes, lagkagebunde, muffins, scones, vafler, pandekager &#8211; det er kun fantasien der s\u00e6tter gr\u00e6nser!<\/span><\/span><\/p>\n\n\n\n<ul class=\"wp-block-list\">\n<li><span style=\"vertical-align: inherit\"><span style=\"vertical-align: inherit\">Glutenfri<\/span><\/span><\/li>\n\n\n\n<li><span style=\"vertical-align: inherit\"><span style=\"vertical-align: inherit\">Kun naturlig s\u00f8dning<\/span><\/span><\/li>\n\n\n\n<li><span style=\"vertical-align: inherit\"><span style=\"vertical-align: inherit\">Meget alsidig til bagning<\/span><\/span><\/li>\n\n\n\n<li><span style=\"vertical-align: inherit\"><span style=\"vertical-align: inherit\">10% protein per 100 gram<\/span><\/span><\/li>\n\n\n\n<li><span style=\"vertical-align: inherit\"><span style=\"vertical-align: inherit\">Perfekt til lagkagebunde<\/span><\/span><\/li>\n<\/ul>\n\n\n\n<p><strong><span style=\"vertical-align: inherit\"><span style=\"vertical-align: inherit\">Tips<\/span><\/span><\/strong><span style=\"vertical-align: inherit\"><span style=\"vertical-align: inherit\"> : Hvis du \u00f8nsker bagv\u00e6rk med endnu lavere kalorie- og fedtindhold, kan du erstatte 1 dl olie med 1 dl mager kvark. <\/span><span style=\"vertical-align: inherit\"><\/span><\/span><\/p>\n\n\n\n<h2 class=\"wp-block-heading\"><span style=\"vertical-align: inherit\"><span style=\"vertical-align: inherit\">Tilberedning<\/span><\/span><\/h2>\n\n\n\n<ul class=\"wp-block-list\">\n<li><span style=\"vertical-align: inherit\"><span style=\"vertical-align: inherit\">S\u00e6t ovnen p\u00e5 175 \u00b0 C.<\/span><\/span><\/li>\n\n\n\n<li><span style=\"vertical-align: inherit\"><span style=\"vertical-align: inherit\">Bland bakemixen med 4 \u00e6g, 1,5 dl vand og 1 dl olie.<\/span><\/span><\/li>\n\n\n\n<li><span style=\"vertical-align: inherit\"><span style=\"vertical-align: inherit\">R\u00f8r til en j\u00e6vn blanding og tils\u00e6t det du \u00f8nsker af smagstils\u00e6tning.<\/span><\/span><\/li>\n\n\n\n<li>Bages midt i ovnen i ca 35 min. (For muffins\/mindre portionsst\u00f8rrelser: ca 20 min)<\/li>\n<\/ul>\n\n\n\n<p>Nettov\u00e6gt 340 g. Giver en kage p\u00e5 ca 760 g.<\/p>\n\n\n\n<p><em>N\u00e6ringsstofindhold pr 100 g t\u00f8rstof:<\/em><\/p>\n\n\n\n<p><em>Kcal: 225 &nbsp;| &nbsp;protein: 13,9 g &nbsp;| &nbsp;kulhydrater:21,2 g (heraf sukker 0,6 g) &nbsp;| &nbsp;kostfibre: 16,2 g &nbsp;| &nbsp;fedt: 2,2 g<\/em><\/p>\n","protected":false},"excerpt":{"rendered":"<p>Sk\u00f8n bagemix Bakemix er en glutenfri blanding med kun naturlig s\u00f8dning. Det har en [&hellip;]<\/p>\n","protected":false},"author":1,"featured_media":0,"parent":2344,"menu_order":0,"comment_status":"closed","ping_status":"closed","template":"","meta":{"_monsterinsights_skip_tracking":false,"_monsterinsights_sitenote_active":false,"_monsterinsights_sitenote_note":"","_monsterinsights_sitenote_category":0,"footnotes":""},"product_types":[43],"class_list":["post-2346","page","type-page","status-publish","hentry","product_types-type-bakemix","product_categories-baking_mixes"],"yoast_head":"<!-- This site is optimized with the Yoast SEO plugin v23.6 - https:\/\/yoast.com\/wordpress\/plugins\/seo\/ -->\n<title>Sukrin Bakemix - sukkerfri - glutenfri<\/title>\n<meta name=\"description\" content=\"En glutenfri blanding med kun naturlig s\u00f8dning. Det har en neutral smag og er moderat s\u00f8det. Tils\u00e6t din favorit smag\u00a0og lav lige det du vil.\" \/>\n<meta name=\"robots\" content=\"index, follow, max-snippet:-1, max-image-preview:large, max-video-preview:-1\" \/>\n<link rel=\"canonical\" href=\"https:\/\/sukrin.com\/dk\/bakemix\/om\/\" \/>\n<meta name=\"twitter:label1\" content=\"Estimeret l\u00e6setid\" \/>\n\t<meta name=\"twitter:data1\" content=\"1 minut\" \/>\n<script type=\"application\/ld+json\" class=\"yoast-schema-graph\">{\"@context\":\"https:\/\/schema.org\",\"@graph\":[{\"@type\":\"WebPage\",\"@id\":\"https:\/\/sukrin.com\/dk\/bakemix\/om\/\",\"url\":\"https:\/\/sukrin.com\/dk\/bakemix\/om\/\",\"name\":\"Sukrin Bakemix - sukkerfri - glutenfri\",\"isPartOf\":{\"@id\":\"http:\/\/sukrin.com\/dk\/#website\"},\"datePublished\":\"2018-02-15T11:42:28+00:00\",\"dateModified\":\"2023-11-29T20:47:55+00:00\",\"description\":\"En glutenfri blanding med kun naturlig s\u00f8dning. Det har en neutral smag og er moderat s\u00f8det. Tils\u00e6t din favorit smag\u00a0og lav lige det du vil.\",\"breadcrumb\":{\"@id\":\"https:\/\/sukrin.com\/dk\/bakemix\/om\/#breadcrumb\"},\"inLanguage\":\"da-DK\",\"potentialAction\":[{\"@type\":\"ReadAction\",\"target\":[\"https:\/\/sukrin.com\/dk\/bakemix\/om\/\"]}]},{\"@type\":\"BreadcrumbList\",\"@id\":\"https:\/\/sukrin.com\/dk\/bakemix\/om\/#breadcrumb\",\"itemListElement\":[{\"@type\":\"ListItem\",\"position\":1,\"name\":\"Bakemix\",\"item\":\"http:\/\/sukrin.com\/dk\/bakemix\/\"},{\"@type\":\"ListItem\",\"position\":2,\"name\":\"Om Bakemix\"}]},{\"@type\":\"WebSite\",\"@id\":\"http:\/\/sukrin.com\/dk\/#website\",\"url\":\"http:\/\/sukrin.com\/dk\/\",\"name\":\"Sukrin Danmark\",\"description\":\"Sukrin - Healthy and tasty made easy\",\"potentialAction\":[{\"@type\":\"SearchAction\",\"target\":{\"@type\":\"EntryPoint\",\"urlTemplate\":\"http:\/\/sukrin.com\/dk\/?s={search_term_string}\"},\"query-input\":{\"@type\":\"PropertyValueSpecification\",\"valueRequired\":true,\"valueName\":\"search_term_string\"}}],\"inLanguage\":\"da-DK\"}]}<\/script>\n<!-- \/ Yoast SEO plugin. -->","yoast_head_json":{"title":"Sukrin Bakemix - sukkerfri - glutenfri","description":"En glutenfri blanding med kun naturlig s\u00f8dning. Det har en neutral smag og er moderat s\u00f8det. Tils\u00e6t din favorit smag\u00a0og lav lige det du vil.","robots":{"index":"index","follow":"follow","max-snippet":"max-snippet:-1","max-image-preview":"max-image-preview:large","max-video-preview":"max-video-preview:-1"},"canonical":"https:\/\/sukrin.com\/dk\/bakemix\/om\/","twitter_misc":{"Estimeret l\u00e6setid":"1 minut"},"schema":{"@context":"https:\/\/schema.org","@graph":[{"@type":"WebPage","@id":"https:\/\/sukrin.com\/dk\/bakemix\/om\/","url":"https:\/\/sukrin.com\/dk\/bakemix\/om\/","name":"Sukrin Bakemix - sukkerfri - glutenfri","isPartOf":{"@id":"http:\/\/sukrin.com\/dk\/#website"},"datePublished":"2018-02-15T11:42:28+00:00","dateModified":"2023-11-29T20:47:55+00:00","description":"En glutenfri blanding med kun naturlig s\u00f8dning. Det har en neutral smag og er moderat s\u00f8det. Tils\u00e6t din favorit smag\u00a0og lav lige det du vil.","breadcrumb":{"@id":"https:\/\/sukrin.com\/dk\/bakemix\/om\/#breadcrumb"},"inLanguage":"da-DK","potentialAction":[{"@type":"ReadAction","target":["https:\/\/sukrin.com\/dk\/bakemix\/om\/"]}]},{"@type":"BreadcrumbList","@id":"https:\/\/sukrin.com\/dk\/bakemix\/om\/#breadcrumb","itemListElement":[{"@type":"ListItem","position":1,"name":"Bakemix","item":"http:\/\/sukrin.com\/dk\/bakemix\/"},{"@type":"ListItem","position":2,"name":"Om Bakemix"}]},{"@type":"WebSite","@id":"http:\/\/sukrin.com\/dk\/#website","url":"http:\/\/sukrin.com\/dk\/","name":"Sukrin Danmark","description":"Sukrin - Healthy and tasty made easy","potentialAction":[{"@type":"SearchAction","target":{"@type":"EntryPoint","urlTemplate":"http:\/\/sukrin.com\/dk\/?s={search_term_string}"},"query-input":{"@type":"PropertyValueSpecification","valueRequired":true,"valueName":"search_term_string"}}],"inLanguage":"da-DK"}]}},"_links":{"self":[{"href":"https:\/\/sukrin.com\/dk\/wp-json\/wp\/v2\/pages\/2346"}],"collection":[{"href":"https:\/\/sukrin.com\/dk\/wp-json\/wp\/v2\/pages"}],"about":[{"href":"https:\/\/sukrin.com\/dk\/wp-json\/wp\/v2\/types\/page"}],"author":[{"embeddable":true,"href":"https:\/\/sukrin.com\/dk\/wp-json\/wp\/v2\/users\/1"}],"replies":[{"embeddable":true,"href":"https:\/\/sukrin.com\/dk\/wp-json\/wp\/v2\/comments?post=2346"}],"version-history":[{"count":30,"href":"https:\/\/sukrin.com\/dk\/wp-json\/wp\/v2\/pages\/2346\/revisions"}],"predecessor-version":[{"id":3054,"href":"https:\/\/sukrin.com\/dk\/wp-json\/wp\/v2\/pages\/2346\/revisions\/3054"}],"up":[{"embeddable":true,"href":"https:\/\/sukrin.com\/dk\/wp-json\/wp\/v2\/pages\/2344"}],"wp:attachment":[{"href":"https:\/\/sukrin.com\/dk\/wp-json\/wp\/v2\/media?parent=2346"}],"wp:term":[{"taxonomy":"product_types","embeddable":true,"href":"https:\/\/sukrin.com\/dk\/wp-json\/wp\/v2\/product_types?post=2346"}],"curies":[{"name":"wp","href":"https:\/\/api.w.org\/{rel}","templated":true}]}}