{"id":224,"date":"2010-12-17T14:59:02","date_gmt":"2010-12-17T14:59:02","guid":{"rendered":"http:\/\/localhost\/"},"modified":"2022-12-06T16:55:33","modified_gmt":"2022-12-06T14:55:33","slug":"hvorfor","status":"publish","type":"page","link":"https:\/\/sukrin.com\/dk\/mandelmel\/hvorfor\/","title":{"rendered":"Hvorfor mandelmel"},"content":{"rendered":"\n<h1 class=\"wp-block-heading\">Mandelmel giver protein og kostfiber!<\/h1>\n\n\n\n<p>Vores Mandelmel indeholder de samme gode fedtsyrer som mandler, men i mindre m\u00e6ngder. I Mandelmel er over 80% af fedtet fra mandlerne fjernet ved koldpresning for at g\u00f8re melet mere bage-egnet. Dette g\u00f8r ogs\u00e5, at kalorieindholdet bliver reduceret med hele 53% i forhold til almindeligt mandelmel. Holdbarheden bliver ogs\u00e5 bedre. Vores Mandelmel holder sig i et \u00e5r ved opbevaring i originalemballagen.<\/p>\n\n\n\n<p>Vores mandelmel har et proteinindhold p\u00e5 40% og hele 20 % kostfiber.<\/p>\n\n\n\n<h2 class=\"wp-block-heading\">N\u00e6ringsindhold<\/h2>\n\n\n\n<p>100 g mandelmel indeholder:<br>Energi: 1318 kj \/ 315 kcal<br>Fedt: 11 g<br>&#8211; heraf m\u00e6ttede fedtsyrer: 1 g<br>Kulhydrater: 4 g<br>&#8211; heraf sukkerarter: 2 g<br>Protein: 40 g<br>Kostfibre: 20 g<\/p>\n","protected":false},"excerpt":{"rendered":"<p>Mandelmel giver protein og kostfiber! Vores Mandelmel indeholder de samme gode fedtsyrer som mandler, [&hellip;]<\/p>\n","protected":false},"author":1,"featured_media":215,"parent":218,"menu_order":10,"comment_status":"open","ping_status":"closed","template":"","meta":{"_monsterinsights_skip_tracking":false,"_monsterinsights_sitenote_active":false,"_monsterinsights_sitenote_note":"","_monsterinsights_sitenote_category":0,"footnotes":""},"product_types":[12],"class_list":["post-224","page","type-page","status-publish","has-post-thumbnail","hentry","product_types-type-mandelmel"],"yoast_head":"<!-- This site is optimized with the Yoast SEO plugin v23.6 - https:\/\/yoast.com\/wordpress\/plugins\/seo\/ -->\n<title>Hvorfor mandelmel - Sukrin Danmark<\/title>\n<meta name=\"robots\" content=\"index, follow, max-snippet:-1, max-image-preview:large, max-video-preview:-1\" \/>\n<link rel=\"canonical\" href=\"https:\/\/sukrin.com\/dk\/mandelmel\/hvorfor\/\" \/>\n<meta name=\"twitter:label1\" content=\"Estimeret l\u00e6setid\" \/>\n\t<meta name=\"twitter:data1\" content=\"1 minut\" \/>\n<script type=\"application\/ld+json\" class=\"yoast-schema-graph\">{\"@context\":\"https:\/\/schema.org\",\"@graph\":[{\"@type\":\"WebPage\",\"@id\":\"https:\/\/sukrin.com\/dk\/mandelmel\/hvorfor\/\",\"url\":\"https:\/\/sukrin.com\/dk\/mandelmel\/hvorfor\/\",\"name\":\"Hvorfor mandelmel - Sukrin Danmark\",\"isPartOf\":{\"@id\":\"http:\/\/sukrin.com\/dk\/#website\"},\"primaryImageOfPage\":{\"@id\":\"https:\/\/sukrin.com\/dk\/mandelmel\/hvorfor\/#primaryimage\"},\"image\":{\"@id\":\"https:\/\/sukrin.com\/dk\/mandelmel\/hvorfor\/#primaryimage\"},\"thumbnailUrl\":\"\",\"datePublished\":\"2010-12-17T14:59:02+00:00\",\"dateModified\":\"2022-12-06T14:55:33+00:00\",\"breadcrumb\":{\"@id\":\"https:\/\/sukrin.com\/dk\/mandelmel\/hvorfor\/#breadcrumb\"},\"inLanguage\":\"da-DK\",\"potentialAction\":[{\"@type\":\"ReadAction\",\"target\":[\"https:\/\/sukrin.com\/dk\/mandelmel\/hvorfor\/\"]}]},{\"@type\":\"ImageObject\",\"inLanguage\":\"da-DK\",\"@id\":\"https:\/\/sukrin.com\/dk\/mandelmel\/hvorfor\/#primaryimage\",\"url\":\"\",\"contentUrl\":\"\"},{\"@type\":\"BreadcrumbList\",\"@id\":\"https:\/\/sukrin.com\/dk\/mandelmel\/hvorfor\/#breadcrumb\",\"itemListElement\":[{\"@type\":\"ListItem\",\"position\":1,\"name\":\"Mandelmel\",\"item\":\"https:\/\/sukrin.com\/dk\/mandelmel\/\"},{\"@type\":\"ListItem\",\"position\":2,\"name\":\"Hvorfor mandelmel\"}]},{\"@type\":\"WebSite\",\"@id\":\"http:\/\/sukrin.com\/dk\/#website\",\"url\":\"http:\/\/sukrin.com\/dk\/\",\"name\":\"Sukrin Danmark\",\"description\":\"Sukrin - Healthy and tasty made easy\",\"potentialAction\":[{\"@type\":\"SearchAction\",\"target\":{\"@type\":\"EntryPoint\",\"urlTemplate\":\"http:\/\/sukrin.com\/dk\/?s={search_term_string}\"},\"query-input\":{\"@type\":\"PropertyValueSpecification\",\"valueRequired\":true,\"valueName\":\"search_term_string\"}}],\"inLanguage\":\"da-DK\"}]}<\/script>\n<!-- \/ Yoast SEO plugin. -->","yoast_head_json":{"title":"Hvorfor mandelmel - Sukrin Danmark","robots":{"index":"index","follow":"follow","max-snippet":"max-snippet:-1","max-image-preview":"max-image-preview:large","max-video-preview":"max-video-preview:-1"},"canonical":"https:\/\/sukrin.com\/dk\/mandelmel\/hvorfor\/","twitter_misc":{"Estimeret l\u00e6setid":"1 minut"},"schema":{"@context":"https:\/\/schema.org","@graph":[{"@type":"WebPage","@id":"https:\/\/sukrin.com\/dk\/mandelmel\/hvorfor\/","url":"https:\/\/sukrin.com\/dk\/mandelmel\/hvorfor\/","name":"Hvorfor mandelmel - Sukrin Danmark","isPartOf":{"@id":"http:\/\/sukrin.com\/dk\/#website"},"primaryImageOfPage":{"@id":"https:\/\/sukrin.com\/dk\/mandelmel\/hvorfor\/#primaryimage"},"image":{"@id":"https:\/\/sukrin.com\/dk\/mandelmel\/hvorfor\/#primaryimage"},"thumbnailUrl":"","datePublished":"2010-12-17T14:59:02+00:00","dateModified":"2022-12-06T14:55:33+00:00","breadcrumb":{"@id":"https:\/\/sukrin.com\/dk\/mandelmel\/hvorfor\/#breadcrumb"},"inLanguage":"da-DK","potentialAction":[{"@type":"ReadAction","target":["https:\/\/sukrin.com\/dk\/mandelmel\/hvorfor\/"]}]},{"@type":"ImageObject","inLanguage":"da-DK","@id":"https:\/\/sukrin.com\/dk\/mandelmel\/hvorfor\/#primaryimage","url":"","contentUrl":""},{"@type":"BreadcrumbList","@id":"https:\/\/sukrin.com\/dk\/mandelmel\/hvorfor\/#breadcrumb","itemListElement":[{"@type":"ListItem","position":1,"name":"Mandelmel","item":"https:\/\/sukrin.com\/dk\/mandelmel\/"},{"@type":"ListItem","position":2,"name":"Hvorfor mandelmel"}]},{"@type":"WebSite","@id":"http:\/\/sukrin.com\/dk\/#website","url":"http:\/\/sukrin.com\/dk\/","name":"Sukrin Danmark","description":"Sukrin - Healthy and tasty made easy","potentialAction":[{"@type":"SearchAction","target":{"@type":"EntryPoint","urlTemplate":"http:\/\/sukrin.com\/dk\/?s={search_term_string}"},"query-input":{"@type":"PropertyValueSpecification","valueRequired":true,"valueName":"search_term_string"}}],"inLanguage":"da-DK"}]}},"_links":{"self":[{"href":"https:\/\/sukrin.com\/dk\/wp-json\/wp\/v2\/pages\/224"}],"collection":[{"href":"https:\/\/sukrin.com\/dk\/wp-json\/wp\/v2\/pages"}],"about":[{"href":"https:\/\/sukrin.com\/dk\/wp-json\/wp\/v2\/types\/page"}],"author":[{"embeddable":true,"href":"https:\/\/sukrin.com\/dk\/wp-json\/wp\/v2\/users\/1"}],"replies":[{"embeddable":true,"href":"https:\/\/sukrin.com\/dk\/wp-json\/wp\/v2\/comments?post=224"}],"version-history":[{"count":5,"href":"https:\/\/sukrin.com\/dk\/wp-json\/wp\/v2\/pages\/224\/revisions"}],"predecessor-version":[{"id":2968,"href":"https:\/\/sukrin.com\/dk\/wp-json\/wp\/v2\/pages\/224\/revisions\/2968"}],"up":[{"embeddable":true,"href":"https:\/\/sukrin.com\/dk\/wp-json\/wp\/v2\/pages\/218"}],"wp:featuredmedia":[{"embeddable":true,"href":"https:\/\/sukrin.com\/dk\/wp-json\/"}],"wp:attachment":[{"href":"https:\/\/sukrin.com\/dk\/wp-json\/wp\/v2\/media?parent=224"}],"wp:term":[{"taxonomy":"product_types","embeddable":true,"href":"https:\/\/sukrin.com\/dk\/wp-json\/wp\/v2\/product_types?post=224"}],"curies":[{"name":"wp","href":"https:\/\/api.w.org\/{rel}","templated":true}]}}