{"id":2171,"date":"2022-04-29T17:51:28","date_gmt":"2022-04-29T15:51:28","guid":{"rendered":"http:\/\/sukrin.com\/dk\/?page_id=2171"},"modified":"2024-11-25T17:02:25","modified_gmt":"2024-11-25T15:02:25","slug":"din-soedestofguide","status":"publish","type":"page","link":"https:\/\/sukrin.com\/dk\/information\/din-soedestofguide\/","title":{"rendered":"Din s\u00f8destofguide"},"content":{"rendered":"\n<h1 class=\"wp-block-heading\">G\u00e5r du rundt og funderer over hvilket s\u00f8destof,<br>der egner sig bedst til det, du skal lave?<\/h1>\n\n\n\n<p>Her er en kort oversigt over egenskaberne ved de s\u00f8destoffer, som vi s\u00e6lger:<\/p>\n\n\n\n<h2 class=\"wp-block-heading\"><a href=\"https:\/\/fmshop.vendimas.com\/vare\/sukrin-500g\/\" target=\"_blank\" rel=\"noopener noreferrer\">Sukrin<\/a><\/h2>\n\n\n\n<p>0 kalorier. 0 kulhydrater. Naturlig oprindelse og produktion.<\/p>\n\n\n\n<p><strong>Unik:<\/strong> Samme tekstur, smag og volumen som sukker.<\/p>\n\n\n\n<p><strong>S\u00f8dme<\/strong>: Cirka 70 % af normalt sukker.<\/p>\n\n\n\n<p><strong>Brugsomr\u00e5der:<\/strong> Overalt, hvor du vil bruge str\u00f8sukker: over b\u00e6r, frugt, gr\u00f8d, yoghurt, hytteost, korn og lignende. I bagv\u00e6rk, der ikke har for stort sukkerindhold (op til 18 % af det samlede indhold).<\/p>\n\n\n\n<p><strong>Ulempe:<\/strong> Er andelen for stor, kan smagen opleves k\u00f8lende\/metallisk. Kager, hvor du bruger for meget, kan blive t\u00f8rre og h\u00e5rde. B\u00f8r ikke anvendes i en st\u00f8rre andel end 18 % af opskriftens samlede v\u00e6gtindhold.<\/p>\n\n\n\n<p><strong>Tip:<\/strong> Sukrin fungerer rigtig godt i kombination med andre s\u00f8destoffer. Hvis m\u00e6ngden af \u200b\u200bsukker, du \u00f8nsker at erstatte, overstiger 18 % af det samlede indhold, kan du blande Sukrin med Finesse, Stevia, FiberSirup eller det s\u00f8demiddel, du foretr\u00e6kker eller har til r\u00e5dighed. Hvis du for eksempel halvblander Sukrin med almindeligt sukker, har du ogs\u00e5 lavet en god kaloriem\u00e6ssig reduktion.<\/p>\n\n\n\n<h2 class=\"wp-block-heading\"><a href=\"https:\/\/fmshop.vendimas.com\/vare\/sukrin1-250g\/\" target=\"_blank\" rel=\"noopener noreferrer\">Sukrin:1<\/a><\/h2>\n\n\n<div class=\"wp-block-image\">\n<figure class=\"alignright size-large\"><img decoding=\"async\" src=\"https:\/\/www.funksjonellmat.no\/wp-content\/uploads\/2017\/11\/Sukrin1_250g_EU_WEB_min2-1.jpg\" alt=\"\" \/><\/figure><\/div>\n\n\n<p>0 kalorier. 0 kulhydrater. Naturlig oprindelse og fremstilling.<\/p>\n\n\n\n<p><strong>Unikt:<\/strong> Samme s\u00f8dningsgrad, konsistens, smag og volumen som sukker.<\/p>\n\n\n\n<p><strong>S\u00f8dningsgrad<\/strong>: Ca 100 % af sukker.<\/p>\n\n\n\n<p><strong>Brugsomr\u00e5der:<\/strong> Overalt, hvor du vil bruge str\u00f8sukker: over b\u00e6r, frugt, gr\u00f8d, yoghurt, hytteost, korn og lignende. I bagv\u00e6rk, der ikke har for stort sukkerindhold (op til 18 % af det samlede indhold).<\/p>\n\n\n\n<p><strong>Ulempe:<\/strong> Er andelen for stor, kan smagen opleves k\u00f8lende\/metallisk. Kager, hvor du bruger for meget, kan blive t\u00f8rre og h\u00e5rde. B\u00f8r ikke anvendes i en st\u00f8rre andel end 18 % af opskriftens samlede v\u00e6gtindhold.<\/p>\n\n\n\n<p><strong>Tips:<\/strong> Sukrin:1 fungerer rigtig godt i kombination med andre s\u00f8destoffer. Hvis m\u00e6ngden af \u200b\u200bsukker, du \u00f8nsker at erstatte, overstiger 20 % af det samlede indhold, kan du blande Sukrin:1 med Finesse, Stevia, FiberSirup eller det s\u00f8demiddel, du foretr\u00e6kker eller har til r\u00e5dighed. Hvis du for eksempel halvblander Sukrin:1 med almindeligt sukker, har du ogs\u00e5 lavet en god kaloriem\u00e6ssig reduktion.<\/p>\n\n\n\n<h2 class=\"wp-block-heading\"><a href=\"https:\/\/fmshop.vendimas.com\/vare\/sukrin-melis-400g\/\" target=\"_blank\" rel=\"noopener noreferrer\">SukrinMelis<\/a><\/h2>\n\n\n\n<p>0 kalorier. 0 kulhydrater. Naturlig oprindelse og produktion.<\/p>\n\n\n\n<p><strong>Unik<\/strong>: Samme tekstur, smag og volumen som sukker.<\/p>\n\n\n\n<p><strong>S\u00f8dme<\/strong>: Cirka 70 % sukker.<\/p>\n\n\n\n<p><strong>Anvendelse<\/strong>: Overalt hvor du \u00f8nsker at bruge granuleret sukker: over b\u00e6r, frugt, Da SukrinMelis er fint formalet, vil det let opl\u00f8ses, selv i f\u00f8devarer og drikkevarer, der ikke opvarmes, s\u00e5som yoghurt, kolde drikke, marcipan, cremer, glasurer og lignende. Den kan selvf\u00f8lgelig ogs\u00e5 bruges i ting, der skal over ilden.<\/p>\n\n\n\n<p><strong>Ulempe:<\/strong> Er andelen for stor, kan smagen opleves k\u00f8lende\/metallisk. Kager, hvor du bruger for meget, kan blive t\u00f8rre og h\u00e5rde. B\u00f8r ikke anvendes i en st\u00f8rre andel end 18 % af opskriftens samlede v\u00e6gtindhold.<\/p>\n\n\n\n<p><strong>Tip:<\/strong> Sukrin fungerer rigtig godt i kombination med andre s\u00f8destoffer. Hvis m\u00e6ngden af \u200b\u200bsukker, du \u00f8nsker at erstatte, overstiger 18 % af det samlede indhold, kan du blande SukrinMelis med Tagatesse, Stevia, FiberSirup eller det s\u00f8demiddel, du foretr\u00e6kker eller har til r\u00e5dighed. Hvis du for eksempel halvblander SukrinMelis med almindeligt flormelis, har du ogs\u00e5 lavet en god kaloriem\u00e6ssig reduktion.<\/p>\n\n\n\n<h2 class=\"wp-block-heading\"><a href=\"https:\/\/fmshop.vendimas.com\/vare\/sukrin-gold-500g\/\" target=\"_blank\" rel=\"noopener noreferrer\">Sukrin Gold<\/a><\/h2>\n\n\n\n<p><strong>Positivt<\/strong>: Meget f\u00e5 kalorier (8 kcal \/ 100 g). Naturlig oprindelse og produktion.<\/p>\n\n\n\n<p><strong>Unik<\/strong>: L\u00e6kker, gylden farve, smelter i munden, har en s\u00f8dere, rundere og fyldigere smag end den originale Sukrin.<\/p>\n\n\n\n<p><strong>S\u00f8dningsgrad<\/strong>: Samme som sukker \/ brun farin.<\/p>\n\n\n\n<p><strong>Anvendelser<\/strong>: Hvor som helst du ville bruge hvidt eller brunt sukker. Perfekt over b\u00e6r, korn, gr\u00f8d, yoghurt, i kaffe, te, desserter m.m.<\/p>\n\n\n\n<p><strong>Ulempe<\/strong>: Er andelen for stor, kan smagen opleves k\u00f8lende\/metallisk. Kager, hvor du bruger for meget, kan blive t\u00f8rre og h\u00e5rde. B\u00f8r ikke anvendes i en st\u00f8rre andel end omkring 18 % af opskriftens samlede indhold.<\/p>\n\n\n\n<p><strong>Tip<\/strong>: Sukrin Gold har en smuk gylden farve og ser flot ud, n\u00e5r du drysser den over hytteost, yoghurt, is eller som en sidste finish over kager og desserter.<\/p>\n\n\n\n<h2 class=\"wp-block-heading\"><a href=\"https:\/\/fmshop.vendimas.com\/vare\/32\/\" target=\"_blank\" rel=\"noopener noreferrer\">Sukrin+<\/a><\/h2>\n\n\n<div class=\"wp-block-image\">\n<figure class=\"alignright size-large\"><img decoding=\"async\" src=\"https:\/\/www.funksjonellmat.no\/wp-content\/uploads\/2017\/11\/SukrinPluss_250g_EU_WEB_min2-1.jpg\" alt=\"\" \/><\/figure><\/div>\n\n\n<p><strong>Positivt<\/strong>: 0 kalorier, 0 kulhydrater, naturlig oprindelse og produktion.<\/p>\n\n\n\n<p><strong>Unik<\/strong>: Dobbelt s\u00e5 s\u00f8d som sukker, og kan dermed erstatte en st\u00f8rre m\u00e6ngde sukker uden at n\u00e5 de gr\u00e6nser, du kan m\u00f8de med Sukrin og SukrinMelis.<\/p>\n\n\n\n<p><strong>S\u00f8dningsgrad<\/strong>: Dobbelt s\u00e5 s\u00f8d som sukker.<\/p>\n\n\n\n<p><strong>Anvendelse<\/strong>: Pga. den dobbelte s\u00f8dme, kan du bruge Sukrin+ i opskrifter, der kalder p\u00e5 op til 36 % sukker &#8211; men husk, at du kun skal bruge den halve m\u00e6ngde Sukrin+.<\/p>\n\n\n\n<p><strong>Ulempe<\/strong>: Fylder kun halvdelen af \u200b\u200bvolumen i opskrifter, hvor det erstatter sukker sukker. Smagen af \u200b\u200bren Sukrin+ kan opleves som noget intenst s\u00f8dt, da det er dobbelt s\u00e5 s\u00f8dt som sukker.<\/p>\n\n\n\n<h2 class=\"wp-block-heading\"><a href=\"https:\/\/fmshop.vendimas.com\/vare\/sukrin-sirup-maple-450g\/\">SukrinSirup<\/a><\/h2>\n\n\n<div class=\"wp-block-image\">\n<figure class=\"alignright\"><a href=\"\/sukrinsirup\/om\/\"><img decoding=\"async\" src=\"https:\/\/www.funksjonellmat.no\/wp-content\/uploads\/2020\/03\/SukrinSirupGold_Maple_Caramel_guide_190x225.jpg\" alt=\"\" class=\"wp-image-8021\" \/><\/a><\/figure><\/div>\n\n\n<p><strong>F\u00e5s i varianterne Maple, Caramel og Gold.<\/strong><\/p>\n\n\n\n<p><strong>Positivt<\/strong>: Kun 2 % sukkerarter og hele 49 % fibre.<\/p>\n\n\n\n<p><strong>Unik<\/strong>: Smuk smag og sirupsagtig konsistens.<\/p>\n\n\n\n<p><strong>S\u00f8dmegrad<\/strong>: S\u00e5 s\u00f8d som sirup\/sukker.<\/p>\n\n\n\n<p><strong>Anvendelsesomr\u00e5der<\/strong>: Bruges i stedet for honning og sirup i bagning og madlavning, eller som topping p\u00e5 yoghurt, gr\u00f8d, pandekager, is, desserter, b\u00e6r og lignende.<\/p>\n\n\n\n<p>SukrinSirup er desuden en fremragende ingrediens i hjemmelavede proteinbarer. Det tilf\u00f8rer b\u00e5de s\u00f8dme, perfekt konsistens og en god portion fibre.<\/p>\n\n\n\n<p><strong>Ulempe<\/strong>: Kan ved indtagelse for\u00e5rsage midlertidig ford\u00f8jelsesbesv\u00e6r, s\u00e5som luft i maven og l\u00f8s mave.<\/p>\n\n\n\n<p><strong>Tip<\/strong>: SukrinSirup er fantastisk at bruge i kombination med Sukrin for at f\u00e5 en tilfredsstillende s\u00f8d smag og samtidig fjerne den k\u00f8lende f\u00f8lelse Sukrin kan give ved overdosering.<\/p>\n\n\n\n<p><a href=\"https:\/\/sukrin.com\/dk\/sukrinsirup\/om\/\">L\u00e6s mere om SukrinSirup her<\/a>.<\/p>\n\n\n\n<h2 class=\"wp-block-heading\"><a href=\"https:\/\/fmshop.vendimas.com\/vare\/stevia-drops-lemon\/\" target=\"_blank\" rel=\"noreferrer noopener\">Steviadr\u00e5ber<\/a><\/h2>\n\n\n<div class=\"wp-block-image\">\n<figure class=\"alignright size-large\"><img decoding=\"async\" src=\"https:\/\/www.funksjonellmat.no\/wp-content\/uploads\/2019\/07\/packshot_steviadrops_neutral-e1561979480168.jpg\" alt=\"\" \/><\/figure><\/div>\n\n\n<p><strong>Varianter<\/strong>: Neutral, Vanilla, Dark Chocolate, Caramel<\/p>\n\n\n\n<p><strong>Positivt<\/strong>: 0 kalorier, 0 kulhydrater, naturlig oprindelse og produktion.<\/p>\n\n\n\n<p><strong>Unikt<\/strong>: Stevia dr\u00e5ber med smag b\u00e5de s\u00f8dt og smagsgivende p\u00e5 samme tid.<\/p>\n\n\n\n<p><strong>S\u00f8dningsgrad<\/strong>: 4 dr\u00e5ber svarer til ca. 1 tsk (5 g) sukker<\/p>\n\n\n\n<p><strong>Anvendelser<\/strong>: Tilf\u00f8jer nemt b\u00e5de s\u00f8dme og aroma til kaffe, te, smoothies, is, yoghurt, cremer, kager, desserter og lignende.<\/p>\n\n\n\n<p><strong>Ulempe<\/strong>: Giver ikke noget volumen. Nogle oplever, at stevia giver en let bitter, lakridsagtig eftersmag.<\/p>\n\n\n\n<p><strong>Tip<\/strong>: Pas p\u00e5 ikke at bruge for mange stevia-dr\u00e5ber. Pr\u00f8v det, og start med lidt mindre, end du tror, \u200b\u200bdu har brug for. 4 dr\u00e5ber svarer til cirka 1 tsk sukker i s\u00f8dme, men oplevelsen vil variere alt efter, hvad du bruger dr\u00e5berne i. Stevia er meget rart at kombinere med andre s\u00f8demidler, s\u00e5som Sukrin for at f\u00e5 volumen.&nbsp;<a href=\"https:\/\/sukrin.com\/dk\/stevia-drops\/om\/\">L\u00e6s mere om Steviadr\u00e5ber her<\/a>.<\/p>\n\n\n\n<h4 class=\"wp-block-heading\"><\/h4>\n\n\n\n<h2 class=\"wp-block-heading\"><a href=\"https:\/\/fmshop.vendimas.com\/vare\/finesse\/\">Finesse<\/a><\/h2>\n\n\n<div class=\"wp-block-image\">\n<figure class=\"alignright is-resized\"><img loading=\"lazy\" decoding=\"async\" src=\"https:\/\/www.funksjonellmat.no\/wp-content\/uploads\/2021\/10\/Finesse_bag_500g_NOR_WEB-768x1024.jpg\" alt=\"\" class=\"wp-image-9250\" width=\"192\" height=\"256\" \/><\/figure><\/div>\n\n\n<p><strong>Positiv<\/strong>: Giver kun 20% af de kalorier, som en tilsvarende m\u00e6ngde sukker vil give.<\/p>\n\n\n\n<p><strong>Unikt<\/strong>: Velegnet til bagning. Giver en smag meget t\u00e6t p\u00e5 sukker og har ingen bismag eller k\u00f8lende effekt.<\/p>\n\n\n\n<p><strong>S\u00f8degrad<\/strong>: Dobbelt s\u00e5 s\u00f8d som sukker. <\/p>\n\n\n\n<p><strong>Anvendelse<\/strong>: I kager og bagv\u00e6rk.<\/p>\n\n\n\n<p><strong>Ulempe<\/strong>: Fylder kun halvdelen af \u200b\u200bvolumen i opskrifter, hvor det erstatter. Indeholder en lille m\u00e6ngde sucralose. Indeholder nogle fibre, der giver en vis risiko for ford\u00f8jelsesbesv\u00e6r.<\/p>\n\n\n\n<p><a href=\"https:\/\/fmshop.vendimas.com\/vare\/finesse\/\">L\u00e6s mere om Finesse her<\/a>.<\/p>\n","protected":false},"excerpt":{"rendered":"<p>G\u00e5r du rundt og funderer over hvilket s\u00f8destof,der egner sig bedst til det, du [&hellip;]<\/p>\n","protected":false},"author":1,"featured_media":0,"parent":1742,"menu_order":5,"comment_status":"closed","ping_status":"closed","template":"","meta":{"_monsterinsights_skip_tracking":false,"_monsterinsights_sitenote_active":false,"_monsterinsights_sitenote_note":"","_monsterinsights_sitenote_category":0,"footnotes":""},"product_types":[17],"class_list":["post-2171","page","type-page","status-publish","hentry","product_types-type-sukrin"],"yoast_head":"<!-- This site is optimized with the Yoast SEO plugin v23.6 - https:\/\/yoast.com\/wordpress\/plugins\/seo\/ -->\n<title>Din s\u00f8destofguide - Sukrin Danmark<\/title>\n<meta name=\"robots\" content=\"index, follow, max-snippet:-1, max-image-preview:large, max-video-preview:-1\" \/>\n<link rel=\"canonical\" href=\"https:\/\/sukrin.com\/dk\/information\/din-soedestofguide\/\" \/>\n<meta name=\"twitter:label1\" content=\"Estimeret l\u00e6setid\" \/>\n\t<meta name=\"twitter:data1\" content=\"7 minutter\" \/>\n<script type=\"application\/ld+json\" class=\"yoast-schema-graph\">{\"@context\":\"https:\/\/schema.org\",\"@graph\":[{\"@type\":\"WebPage\",\"@id\":\"https:\/\/sukrin.com\/dk\/information\/din-soedestofguide\/\",\"url\":\"https:\/\/sukrin.com\/dk\/information\/din-soedestofguide\/\",\"name\":\"Din s\u00f8destofguide - Sukrin Danmark\",\"isPartOf\":{\"@id\":\"http:\/\/sukrin.com\/dk\/#website\"},\"primaryImageOfPage\":{\"@id\":\"https:\/\/sukrin.com\/dk\/information\/din-soedestofguide\/#primaryimage\"},\"image\":{\"@id\":\"https:\/\/sukrin.com\/dk\/information\/din-soedestofguide\/#primaryimage\"},\"thumbnailUrl\":\"https:\/\/www.funksjonellmat.no\/wp-content\/uploads\/2017\/11\/Sukrin1_250g_EU_WEB_min2-1.jpg\",\"datePublished\":\"2022-04-29T15:51:28+00:00\",\"dateModified\":\"2024-11-25T15:02:25+00:00\",\"breadcrumb\":{\"@id\":\"https:\/\/sukrin.com\/dk\/information\/din-soedestofguide\/#breadcrumb\"},\"inLanguage\":\"da-DK\",\"potentialAction\":[{\"@type\":\"ReadAction\",\"target\":[\"https:\/\/sukrin.com\/dk\/information\/din-soedestofguide\/\"]}]},{\"@type\":\"ImageObject\",\"inLanguage\":\"da-DK\",\"@id\":\"https:\/\/sukrin.com\/dk\/information\/din-soedestofguide\/#primaryimage\",\"url\":\"https:\/\/www.funksjonellmat.no\/wp-content\/uploads\/2017\/11\/Sukrin1_250g_EU_WEB_min2-1.jpg\",\"contentUrl\":\"https:\/\/www.funksjonellmat.no\/wp-content\/uploads\/2017\/11\/Sukrin1_250g_EU_WEB_min2-1.jpg\"},{\"@type\":\"BreadcrumbList\",\"@id\":\"https:\/\/sukrin.com\/dk\/information\/din-soedestofguide\/#breadcrumb\",\"itemListElement\":[{\"@type\":\"ListItem\",\"position\":1,\"name\":\"Information\",\"item\":\"https:\/\/sukrin.com\/dk\/information\/\"},{\"@type\":\"ListItem\",\"position\":2,\"name\":\"Din s\u00f8destofguide\"}]},{\"@type\":\"WebSite\",\"@id\":\"http:\/\/sukrin.com\/dk\/#website\",\"url\":\"http:\/\/sukrin.com\/dk\/\",\"name\":\"Sukrin Danmark\",\"description\":\"Sukrin - Healthy and tasty made easy\",\"potentialAction\":[{\"@type\":\"SearchAction\",\"target\":{\"@type\":\"EntryPoint\",\"urlTemplate\":\"http:\/\/sukrin.com\/dk\/?s={search_term_string}\"},\"query-input\":{\"@type\":\"PropertyValueSpecification\",\"valueRequired\":true,\"valueName\":\"search_term_string\"}}],\"inLanguage\":\"da-DK\"}]}<\/script>\n<!-- \/ Yoast SEO plugin. -->","yoast_head_json":{"title":"Din s\u00f8destofguide - Sukrin Danmark","robots":{"index":"index","follow":"follow","max-snippet":"max-snippet:-1","max-image-preview":"max-image-preview:large","max-video-preview":"max-video-preview:-1"},"canonical":"https:\/\/sukrin.com\/dk\/information\/din-soedestofguide\/","twitter_misc":{"Estimeret l\u00e6setid":"7 minutter"},"schema":{"@context":"https:\/\/schema.org","@graph":[{"@type":"WebPage","@id":"https:\/\/sukrin.com\/dk\/information\/din-soedestofguide\/","url":"https:\/\/sukrin.com\/dk\/information\/din-soedestofguide\/","name":"Din s\u00f8destofguide - Sukrin Danmark","isPartOf":{"@id":"http:\/\/sukrin.com\/dk\/#website"},"primaryImageOfPage":{"@id":"https:\/\/sukrin.com\/dk\/information\/din-soedestofguide\/#primaryimage"},"image":{"@id":"https:\/\/sukrin.com\/dk\/information\/din-soedestofguide\/#primaryimage"},"thumbnailUrl":"https:\/\/www.funksjonellmat.no\/wp-content\/uploads\/2017\/11\/Sukrin1_250g_EU_WEB_min2-1.jpg","datePublished":"2022-04-29T15:51:28+00:00","dateModified":"2024-11-25T15:02:25+00:00","breadcrumb":{"@id":"https:\/\/sukrin.com\/dk\/information\/din-soedestofguide\/#breadcrumb"},"inLanguage":"da-DK","potentialAction":[{"@type":"ReadAction","target":["https:\/\/sukrin.com\/dk\/information\/din-soedestofguide\/"]}]},{"@type":"ImageObject","inLanguage":"da-DK","@id":"https:\/\/sukrin.com\/dk\/information\/din-soedestofguide\/#primaryimage","url":"https:\/\/www.funksjonellmat.no\/wp-content\/uploads\/2017\/11\/Sukrin1_250g_EU_WEB_min2-1.jpg","contentUrl":"https:\/\/www.funksjonellmat.no\/wp-content\/uploads\/2017\/11\/Sukrin1_250g_EU_WEB_min2-1.jpg"},{"@type":"BreadcrumbList","@id":"https:\/\/sukrin.com\/dk\/information\/din-soedestofguide\/#breadcrumb","itemListElement":[{"@type":"ListItem","position":1,"name":"Information","item":"https:\/\/sukrin.com\/dk\/information\/"},{"@type":"ListItem","position":2,"name":"Din s\u00f8destofguide"}]},{"@type":"WebSite","@id":"http:\/\/sukrin.com\/dk\/#website","url":"http:\/\/sukrin.com\/dk\/","name":"Sukrin Danmark","description":"Sukrin - Healthy and tasty made easy","potentialAction":[{"@type":"SearchAction","target":{"@type":"EntryPoint","urlTemplate":"http:\/\/sukrin.com\/dk\/?s={search_term_string}"},"query-input":{"@type":"PropertyValueSpecification","valueRequired":true,"valueName":"search_term_string"}}],"inLanguage":"da-DK"}]}},"_links":{"self":[{"href":"https:\/\/sukrin.com\/dk\/wp-json\/wp\/v2\/pages\/2171"}],"collection":[{"href":"https:\/\/sukrin.com\/dk\/wp-json\/wp\/v2\/pages"}],"about":[{"href":"https:\/\/sukrin.com\/dk\/wp-json\/wp\/v2\/types\/page"}],"author":[{"embeddable":true,"href":"https:\/\/sukrin.com\/dk\/wp-json\/wp\/v2\/users\/1"}],"replies":[{"embeddable":true,"href":"https:\/\/sukrin.com\/dk\/wp-json\/wp\/v2\/comments?post=2171"}],"version-history":[{"count":7,"href":"https:\/\/sukrin.com\/dk\/wp-json\/wp\/v2\/pages\/2171\/revisions"}],"predecessor-version":[{"id":3014,"href":"https:\/\/sukrin.com\/dk\/wp-json\/wp\/v2\/pages\/2171\/revisions\/3014"}],"up":[{"embeddable":true,"href":"https:\/\/sukrin.com\/dk\/wp-json\/wp\/v2\/pages\/1742"}],"wp:attachment":[{"href":"https:\/\/sukrin.com\/dk\/wp-json\/wp\/v2\/media?parent=2171"}],"wp:term":[{"taxonomy":"product_types","embeddable":true,"href":"https:\/\/sukrin.com\/dk\/wp-json\/wp\/v2\/product_types?post=2171"}],"curies":[{"name":"wp","href":"https:\/\/api.w.org\/{rel}","templated":true}]}}