{"id":202,"date":"2010-11-26T11:54:09","date_gmt":"2010-11-26T09:54:09","guid":{"rendered":"http:\/\/localhost\/"},"modified":"2024-11-25T17:03:22","modified_gmt":"2024-11-25T15:03:22","slug":"presse","status":"publish","type":"page","link":"https:\/\/sukrin.com\/dk\/information\/presse\/","title":{"rendered":"Download"},"content":{"rendered":"\n<h2 class=\"wp-block-heading\">Download af filer<br>Produktbilleder i h\u00f8j opl\u00f8sning<\/h2>\n\n\n\n<h2 class=\"wp-block-heading\">Diverse<\/h2>\n\n\n\n<ul class=\"wp-block-list\">\n<li><a href=\"https:\/\/sukrin.com\/no\/content\/2024\/04\/chocolatemousse-85g-eu-nor-999121.png\" target=\"_blank\" rel=\"noreferrer noopener\">Sukrin chokolademousse<\/a><\/li>\n\n\n\n<li><a href=\"https:\/\/sukrin.com\/no\/content\/2024\/04\/sukrinmarzipan-200g-eu-nor-999179.png\" target=\"_blank\" rel=\"noreferrer noopener\">SukrinMarcipan<\/a><\/li>\n\n\n\n<li><a href=\"https:\/\/sukrin.com\/no\/content\/2024\/06\/milkchocolatecoconut-40g-en-nor-100252.png\" target=\"_blank\" rel=\"noreferrer noopener\">Sukrin M\u00e6lkechokolade m\/kokos<\/a><\/li>\n\n\n\n<li><a href=\"https:\/\/sukrin.com\/no\/content\/2024\/06\/milkchocolate-40g-en-nor-100217.png\" target=\"_blank\" rel=\"noreferrer noopener\">Sukrin M\u00e6lkechokolade<\/a><\/li>\n\n\n\n<li><a href=\"https:\/\/sukrin.com\/no\/content\/2024\/06\/milkchocolatealmonds-40g-en-nor-100218.png\" target=\"_blank\" rel=\"noreferrer noopener\">Sukrin M\u00e6lkechokolade m\/mandler og havsalt<\/a><\/li>\n\n\n\n<li><a href=\"https:\/\/sukrin.com\/no\/content\/2024\/06\/milkchocolatecaramel-40g-en-nor-101025.png\" target=\"_blank\" rel=\"noreferrer noopener\">Sukrin M\u00e6lkechokolade m \/crispy caramel<\/a><\/li>\n\n\n\n<li><a href=\"https:\/\/sukrin.com\/no\/content\/2024\/04\/milkchocolatex4-vifte.png\" target=\"_blank\" rel=\"noreferrer noopener\">Sukrin M\u00e6lkechokolade \u2013 alle fire varianter<\/a><\/li>\n<\/ul>\n\n\n\n<h2 class=\"wp-block-heading\">S\u00f8demidler<\/h2>\n\n\n\n<ul class=\"wp-block-list\">\n<li><a href=\"https:\/\/sukrin.com\/no\/content\/2024\/04\/sukrinmelis-400g-nor-999008.png\" target=\"_blank\" rel=\"noreferrer noopener\">SukrinMelis \u2013 packshot<\/a><\/li>\n\n\n\n<li><a href=\"https:\/\/sukrin.com\/no\/content\/2024\/03\/sukringold-500g-nor-998945.png\" target=\"_blank\" rel=\"noreferrer noopener\">Sukrin Gold 500 g \u2013 packshot<\/a><\/li>\n\n\n\n<li><a href=\"https:\/\/sukrin.com\/no\/content\/2024\/06\/sukringold-250g-eu-nor-999085.png\" target=\"_blank\" rel=\"noreferrer noopener\">Sukrin Gold 250 g \u2013 packshot<\/a><\/li>\n\n\n\n<li><a href=\"https:\/\/sukrin.com\/no\/content\/2024\/09\/sukrin-500g-nor-998927.png\" target=\"_blank\" rel=\"noreferrer noopener\">Sukrin<\/a><\/li>\n\n\n\n<li><a href=\"https:\/\/sukrin.com\/no\/content\/2024\/06\/sukrinplussticks-display-40x3g-eu-nor-100114.png\" target=\"_blank\" rel=\"noreferrer noopener\">Sukrin-sticks<\/a><\/li>\n\n\n\n<li><a href=\"https:\/\/sukrin.com\/no\/content\/2024\/06\/sukrinorganic-400g-nor-eu-999078.png\" target=\"_blank\" rel=\"noreferrer noopener\">\u00d8kologisk Sukrin<\/a><\/li>\n\n\n\n<li><a href=\"https:\/\/sukrin.com\/no\/content\/2024\/04\/sukrinplus-500g-eu-nor-999140.png\" target=\"_blank\" rel=\"noreferrer noopener\">Sukrin+<\/a><\/li>\n\n\n\n<li><a href=\"https:\/\/sukrin.com\/no\/content\/2024\/06\/sukrinplussticks-display-40x3g-eu-nor-100114.png\" target=\"_blank\" rel=\"noreferrer noopener\">Sukrin+ sticks<\/a><\/li>\n\n\n\n<li><a href=\"https:\/\/sukrin.com\/no\/content\/2024\/04\/sukrin1-500g-eu-nor-9999142.png\" target=\"_blank\" rel=\"noreferrer noopener\">Sukrin:1<\/a><\/li>\n\n\n\n<li><a href=\"https:\/\/sukrin.com\/no\/content\/2024\/06\/sukrin1sticks-display-40x5g-eu-nor-100211.png\" target=\"_blank\" rel=\"noreferrer noopener\">Sukrin:1 sticks<\/a><\/li>\n<\/ul>\n\n\n\n<ul class=\"wp-block-list\">\n<li><a href=\"https:\/\/sukrin.com\/no\/content\/2024\/06\/sukrinsirupgold-450g-eu-nor-999118.png\" target=\"_blank\" rel=\"noreferrer noopener\">SukrinSirup Gold \u2013 packshot<\/a><\/li>\n\n\n\n<li><a href=\"https:\/\/sukrin.com\/no\/content\/2024\/06\/sukrinsyrupmaple-450g-eu-nor-999124.png\" target=\"_blank\" rel=\"noreferrer noopener\">SukrinSirup Maple \u2013 packshot<\/a><\/li>\n\n\n\n<li><a href=\"https:\/\/sukrin.com\/no\/content\/2024\/06\/sukrinsyrupcaramel-450g-eu-nor-999127.png\" target=\"_blank\" rel=\"noreferrer noopener\">SukrinSirup Caramel \u2013 packshot<\/a><\/li>\n<\/ul>\n\n\n\n<ul class=\"wp-block-list\">\n<li><a href=\"https:\/\/sukrin.com\/no\/content\/2024\/06\/steviadrops-neutral-30ml-nor-eu-999113.png\" target=\"_blank\" rel=\"noreferrer noopener\">Stevia drops \u2013 neutral<\/a><\/li>\n\n\n\n<li><a href=\"https:\/\/sukrin.com\/no\/content\/2024\/06\/steviadrops-vanilla-30ml-nor-eu-999114.png\" target=\"_blank\" rel=\"noreferrer noopener\">Stevia drops \u2013 vanilla<\/a><\/li>\n\n\n\n<li><a href=\"https:\/\/sukrin.com\/no\/content\/2024\/06\/steviadrops-darkchocolate-30ml-nor-eu-999115.png\" target=\"_blank\" rel=\"noreferrer noopener\">Stevia drops \u2013 chocolate<\/a><\/li>\n\n\n\n<li><a href=\"https:\/\/sukrin.com\/no\/content\/2024\/06\/steviadrops-caramel-30ml-nor-eu-999116.png\" target=\"_blank\" rel=\"noreferrer noopener\">Stevia drops \u2013 caramel<\/a><\/li>\n<\/ul>\n\n\n\n<h2 class=\"wp-block-heading\">Bagemiks<\/h2>\n\n\n\n<ul class=\"wp-block-list\">\n<li><a href=\"https:\/\/sukrin.com\/no\/content\/2024\/04\/bakemix-340g-nor-999062.png\" target=\"_blank\" rel=\"noreferrer noopener\">Bakemix \u2013 packshot<\/a><\/li>\n\n\n\n<li><a href=\"https:\/\/sukrin.com\/no\/content\/2024\/04\/chiabrod-250g-nor-999012.png\" target=\"_blank\" rel=\"noreferrer noopener\">Chiabr\u00f8d \u2013 packshot<\/a><\/li>\n<\/ul>\n\n\n\n<ul class=\"wp-block-list\">\n<li><a href=\"https:\/\/sukrin.com\/no\/content\/2024\/04\/fiberbrod-250g-nor-998988.png\" target=\"_blank\" rel=\"noreferrer noopener\">Fiberbr\u00f8d \u2013 packshot<\/a><\/li>\n\n\n\n<li><a href=\"https:\/\/sukrin.com\/no\/content\/2024\/06\/fibrebread-1kg-eu-nor-100093.png\" target=\"_blank\" rel=\"noreferrer noopener\">1 kg Fiberbr\u00f8d \u2013 packshot<br><\/a><\/li>\n\n\n\n<li><a href=\"https:\/\/sukrin.com\/no\/content\/2024\/04\/proteinbrod-224g-nor-999152.png\" target=\"_blank\" rel=\"noreferrer noopener\">Proteinbr\u00f8d \u2013 packshot<\/a><\/li>\n<\/ul>\n\n\n\n<h2 class=\"wp-block-heading\">Melblandinger<\/h2>\n\n\n\n<ul class=\"wp-block-list\">\n<li><a href=\"https:\/\/sukrin.com\/no\/content\/2024\/04\/mandelmel-400g-nor-998998.png\" target=\"_blank\" rel=\"noreferrer noopener\">Mandelmel \u2013 packshot<\/a><\/li>\n\n\n\n<li><a href=\"https:\/\/sukrin.com\/no\/content\/2024\/04\/kokosmel-400g-nor-100059.png\" target=\"_blank\" rel=\"noreferrer noopener\">Kokosmel \u2013 packshot<\/a><\/li>\n\n\n\n<li><a href=\"https:\/\/sukrin.com\/no\/content\/2024\/04\/sesammel-250g-nor-998978.png\" target=\"_blank\" rel=\"noreferrer noopener\">Sesam-mel \u2013 packshot<\/a><\/li>\n\n\n\n<li><a href=\"https:\/\/sukrin.com\/no\/content\/2024\/06\/finmaltemandler-400g-nor-100321.png\" target=\"_blank\" rel=\"noreferrer noopener\">Finmalte mandler \u2013 packshot<\/a><\/li>\n\n\n\n<li><a href=\"https:\/\/sukrin.com\/no\/content\/2024\/04\/fiberfin-400g-eu-nor-999191.png\" target=\"_blank\" rel=\"noreferrer noopener\">FiberFin \u2013 packshot<\/a><\/li>\n<\/ul>\n\n\n\n<p><\/p>\n","protected":false},"excerpt":{"rendered":"<p>Download af filerProduktbilleder i h\u00f8j opl\u00f8sning Diverse S\u00f8demidler Bagemiks Melblandinger<\/p>\n","protected":false},"author":1,"featured_media":0,"parent":1742,"menu_order":2,"comment_status":"open","ping_status":"closed","template":"","meta":{"_monsterinsights_skip_tracking":false,"_monsterinsights_sitenote_active":false,"_monsterinsights_sitenote_note":"","_monsterinsights_sitenote_category":0,"footnotes":""},"product_types":[17],"class_list":["post-202","page","type-page","status-publish","hentry","product_types-type-sukrin"],"yoast_head":"<!-- This site is optimized with the Yoast SEO plugin v23.6 - https:\/\/yoast.com\/wordpress\/plugins\/seo\/ -->\n<title>Download - Sukrin Danmark<\/title>\n<meta name=\"robots\" content=\"index, follow, max-snippet:-1, max-image-preview:large, max-video-preview:-1\" \/>\n<link rel=\"canonical\" href=\"https:\/\/sukrin.com\/dk\/information\/presse\/\" \/>\n<meta name=\"twitter:label1\" content=\"Estimeret l\u00e6setid\" \/>\n\t<meta name=\"twitter:data1\" content=\"1 minut\" \/>\n<script type=\"application\/ld+json\" class=\"yoast-schema-graph\">{\"@context\":\"https:\/\/schema.org\",\"@graph\":[{\"@type\":\"WebPage\",\"@id\":\"https:\/\/sukrin.com\/dk\/information\/presse\/\",\"url\":\"https:\/\/sukrin.com\/dk\/information\/presse\/\",\"name\":\"Download - Sukrin Danmark\",\"isPartOf\":{\"@id\":\"http:\/\/sukrin.com\/dk\/#website\"},\"datePublished\":\"2010-11-26T09:54:09+00:00\",\"dateModified\":\"2024-11-25T15:03:22+00:00\",\"breadcrumb\":{\"@id\":\"https:\/\/sukrin.com\/dk\/information\/presse\/#breadcrumb\"},\"inLanguage\":\"da-DK\",\"potentialAction\":[{\"@type\":\"ReadAction\",\"target\":[\"https:\/\/sukrin.com\/dk\/information\/presse\/\"]}]},{\"@type\":\"BreadcrumbList\",\"@id\":\"https:\/\/sukrin.com\/dk\/information\/presse\/#breadcrumb\",\"itemListElement\":[{\"@type\":\"ListItem\",\"position\":1,\"name\":\"Information\",\"item\":\"https:\/\/sukrin.com\/dk\/information\/\"},{\"@type\":\"ListItem\",\"position\":2,\"name\":\"Download\"}]},{\"@type\":\"WebSite\",\"@id\":\"http:\/\/sukrin.com\/dk\/#website\",\"url\":\"http:\/\/sukrin.com\/dk\/\",\"name\":\"Sukrin Danmark\",\"description\":\"Sukrin - Healthy and tasty made easy\",\"potentialAction\":[{\"@type\":\"SearchAction\",\"target\":{\"@type\":\"EntryPoint\",\"urlTemplate\":\"http:\/\/sukrin.com\/dk\/?s={search_term_string}\"},\"query-input\":{\"@type\":\"PropertyValueSpecification\",\"valueRequired\":true,\"valueName\":\"search_term_string\"}}],\"inLanguage\":\"da-DK\"}]}<\/script>\n<!-- \/ Yoast SEO plugin. -->","yoast_head_json":{"title":"Download - Sukrin Danmark","robots":{"index":"index","follow":"follow","max-snippet":"max-snippet:-1","max-image-preview":"max-image-preview:large","max-video-preview":"max-video-preview:-1"},"canonical":"https:\/\/sukrin.com\/dk\/information\/presse\/","twitter_misc":{"Estimeret l\u00e6setid":"1 minut"},"schema":{"@context":"https:\/\/schema.org","@graph":[{"@type":"WebPage","@id":"https:\/\/sukrin.com\/dk\/information\/presse\/","url":"https:\/\/sukrin.com\/dk\/information\/presse\/","name":"Download - Sukrin Danmark","isPartOf":{"@id":"http:\/\/sukrin.com\/dk\/#website"},"datePublished":"2010-11-26T09:54:09+00:00","dateModified":"2024-11-25T15:03:22+00:00","breadcrumb":{"@id":"https:\/\/sukrin.com\/dk\/information\/presse\/#breadcrumb"},"inLanguage":"da-DK","potentialAction":[{"@type":"ReadAction","target":["https:\/\/sukrin.com\/dk\/information\/presse\/"]}]},{"@type":"BreadcrumbList","@id":"https:\/\/sukrin.com\/dk\/information\/presse\/#breadcrumb","itemListElement":[{"@type":"ListItem","position":1,"name":"Information","item":"https:\/\/sukrin.com\/dk\/information\/"},{"@type":"ListItem","position":2,"name":"Download"}]},{"@type":"WebSite","@id":"http:\/\/sukrin.com\/dk\/#website","url":"http:\/\/sukrin.com\/dk\/","name":"Sukrin Danmark","description":"Sukrin - Healthy and tasty made easy","potentialAction":[{"@type":"SearchAction","target":{"@type":"EntryPoint","urlTemplate":"http:\/\/sukrin.com\/dk\/?s={search_term_string}"},"query-input":{"@type":"PropertyValueSpecification","valueRequired":true,"valueName":"search_term_string"}}],"inLanguage":"da-DK"}]}},"_links":{"self":[{"href":"https:\/\/sukrin.com\/dk\/wp-json\/wp\/v2\/pages\/202"}],"collection":[{"href":"https:\/\/sukrin.com\/dk\/wp-json\/wp\/v2\/pages"}],"about":[{"href":"https:\/\/sukrin.com\/dk\/wp-json\/wp\/v2\/types\/page"}],"author":[{"embeddable":true,"href":"https:\/\/sukrin.com\/dk\/wp-json\/wp\/v2\/users\/1"}],"replies":[{"embeddable":true,"href":"https:\/\/sukrin.com\/dk\/wp-json\/wp\/v2\/comments?post=202"}],"version-history":[{"count":26,"href":"https:\/\/sukrin.com\/dk\/wp-json\/wp\/v2\/pages\/202\/revisions"}],"predecessor-version":[{"id":3105,"href":"https:\/\/sukrin.com\/dk\/wp-json\/wp\/v2\/pages\/202\/revisions\/3105"}],"up":[{"embeddable":true,"href":"https:\/\/sukrin.com\/dk\/wp-json\/wp\/v2\/pages\/1742"}],"wp:attachment":[{"href":"https:\/\/sukrin.com\/dk\/wp-json\/wp\/v2\/media?parent=202"}],"wp:term":[{"taxonomy":"product_types","embeddable":true,"href":"https:\/\/sukrin.com\/dk\/wp-json\/wp\/v2\/product_types?post=202"}],"curies":[{"name":"wp","href":"https:\/\/api.w.org\/{rel}","templated":true}]}}