{"id":1907,"date":"2015-05-28T13:19:59","date_gmt":"2015-05-28T11:19:59","guid":{"rendered":"http:\/\/sukrin.com\/dk\/?page_id=1907"},"modified":"2016-07-05T10:52:52","modified_gmt":"2016-07-05T08:52:52","slug":"variasjon","status":"publish","type":"page","link":"https:\/\/sukrin.com\/dk\/variasjon\/","title":{"rendered":"Tips til variation"},"content":{"rendered":"<h2>FiberSirup er nem at bruge:<\/h2>\n<h3><strong>FiberSirup Clear &#8230;<\/strong><\/h3>\n<p>&#8230; er f\u00f8rst og fremmest den hemmelige ingrediens i hjemmelavede barer. Du varmer helt enkelt sirupen op, til den er helt flydende, og tils\u00e6tter de \u00f8vrige ingredienser, som du \u00f8nsker at bruge. Resultatet bliver en bl\u00f8d og l\u00e6kker bar med et h\u00f8jt fiberindhold. Da FiberSirup er s\u00f8d p\u00e5 smag, beh\u00f8ver du ikke at tils\u00e6tte mere s\u00f8dning, med mindre du \u00f8nsker en bar, som er endnu s\u00f8dere.<\/p>\n<p>Her\u00a0er en standard basisopskrift p\u00e5 en\u00a0proteinbar lavet med FiberSirup:<br \/>\nTil ca. 2 stk:<br \/>\n60 g (4 spsk) FiberSirup<br \/>\n35 g (4 spsk) valleprotein chokolade<br \/>\n2-4 dr\u00e5ber Stevia vanilje<\/p>\n<p>Varm FiberSirup i mikroovnen p\u00e5 fuld styrke i 20 sek.\u00a0til sirupen er helt\u00a0flydende i konsistens.\u00a0Tils\u00e6t\u00a0proteinpulver og steviadr\u00e5ber. Bland godt med en gaffel\/ske til en fast konsistens. \u00c6lt dejen lidt med fugtige h\u00e6nder og form dejen til barer. Lad barerne afk\u00f8le i k\u00f8leskabet i nogle minutter, f\u00f8r de spises.<\/p>\n<p>FiberSirup Clear er ogs\u00e5 god at bruge, hvis du \u00f8nsker kiks\/cookies med en spr\u00f8d overflade og en bl\u00f8d kerne.<\/p>\n<h3><strong>FiberSirup Gold &#8230;<\/strong><\/h3>\n<p>&#8230; har en m\u00f8rkere farve og en mere fyldig\u00a0s\u00f8dme og smag p\u00e5 grund af tils\u00e6tningen af steviolglykosid fra Steviaplanten. Som du kender det fra SukrinGold, s\u00f8der denne sirup faktisk\u00a0lige s\u00e5 meget som almindeligt sukker.<\/p>\n","protected":false},"excerpt":{"rendered":"<p>FiberSirup er nem at bruge: FiberSirup Clear &#8230; &#8230; er f\u00f8rst og fremmest den [&hellip;]<\/p>\n","protected":false},"author":1,"featured_media":0,"parent":0,"menu_order":20,"comment_status":"open","ping_status":"closed","template":"","meta":{"_monsterinsights_skip_tracking":false,"_monsterinsights_sitenote_active":false,"_monsterinsights_sitenote_note":"","_monsterinsights_sitenote_category":0,"footnotes":""},"product_types":[42],"class_list":["post-1907","page","type-page","status-publish","hentry","product_types-type-fibersirup"],"yoast_head":"<!-- This site is optimized with the Yoast SEO plugin v23.6 - https:\/\/yoast.com\/wordpress\/plugins\/seo\/ -->\n<title>Tips til variation - Sukrin Danmark<\/title>\n<meta name=\"robots\" content=\"index, follow, max-snippet:-1, max-image-preview:large, max-video-preview:-1\" \/>\n<link rel=\"canonical\" href=\"https:\/\/sukrin.com\/dk\/variasjon\/\" \/>\n<meta name=\"twitter:label1\" content=\"Estimeret l\u00e6setid\" \/>\n\t<meta name=\"twitter:data1\" content=\"1 minut\" \/>\n<script type=\"application\/ld+json\" class=\"yoast-schema-graph\">{\"@context\":\"https:\/\/schema.org\",\"@graph\":[{\"@type\":\"WebPage\",\"@id\":\"https:\/\/sukrin.com\/dk\/variasjon\/\",\"url\":\"https:\/\/sukrin.com\/dk\/variasjon\/\",\"name\":\"Tips til variation - Sukrin Danmark\",\"isPartOf\":{\"@id\":\"http:\/\/sukrin.com\/dk\/#website\"},\"datePublished\":\"2015-05-28T11:19:59+00:00\",\"dateModified\":\"2016-07-05T08:52:52+00:00\",\"inLanguage\":\"da-DK\",\"potentialAction\":[{\"@type\":\"ReadAction\",\"target\":[\"https:\/\/sukrin.com\/dk\/variasjon\/\"]}]},{\"@type\":\"WebSite\",\"@id\":\"http:\/\/sukrin.com\/dk\/#website\",\"url\":\"http:\/\/sukrin.com\/dk\/\",\"name\":\"Sukrin Danmark\",\"description\":\"Sukrin - Healthy and tasty made easy\",\"potentialAction\":[{\"@type\":\"SearchAction\",\"target\":{\"@type\":\"EntryPoint\",\"urlTemplate\":\"http:\/\/sukrin.com\/dk\/?s={search_term_string}\"},\"query-input\":{\"@type\":\"PropertyValueSpecification\",\"valueRequired\":true,\"valueName\":\"search_term_string\"}}],\"inLanguage\":\"da-DK\"}]}<\/script>\n<!-- \/ Yoast SEO plugin. -->","yoast_head_json":{"title":"Tips til variation - Sukrin Danmark","robots":{"index":"index","follow":"follow","max-snippet":"max-snippet:-1","max-image-preview":"max-image-preview:large","max-video-preview":"max-video-preview:-1"},"canonical":"https:\/\/sukrin.com\/dk\/variasjon\/","twitter_misc":{"Estimeret l\u00e6setid":"1 minut"},"schema":{"@context":"https:\/\/schema.org","@graph":[{"@type":"WebPage","@id":"https:\/\/sukrin.com\/dk\/variasjon\/","url":"https:\/\/sukrin.com\/dk\/variasjon\/","name":"Tips til variation - Sukrin Danmark","isPartOf":{"@id":"http:\/\/sukrin.com\/dk\/#website"},"datePublished":"2015-05-28T11:19:59+00:00","dateModified":"2016-07-05T08:52:52+00:00","inLanguage":"da-DK","potentialAction":[{"@type":"ReadAction","target":["https:\/\/sukrin.com\/dk\/variasjon\/"]}]},{"@type":"WebSite","@id":"http:\/\/sukrin.com\/dk\/#website","url":"http:\/\/sukrin.com\/dk\/","name":"Sukrin Danmark","description":"Sukrin - Healthy and tasty made easy","potentialAction":[{"@type":"SearchAction","target":{"@type":"EntryPoint","urlTemplate":"http:\/\/sukrin.com\/dk\/?s={search_term_string}"},"query-input":{"@type":"PropertyValueSpecification","valueRequired":true,"valueName":"search_term_string"}}],"inLanguage":"da-DK"}]}},"_links":{"self":[{"href":"https:\/\/sukrin.com\/dk\/wp-json\/wp\/v2\/pages\/1907"}],"collection":[{"href":"https:\/\/sukrin.com\/dk\/wp-json\/wp\/v2\/pages"}],"about":[{"href":"https:\/\/sukrin.com\/dk\/wp-json\/wp\/v2\/types\/page"}],"author":[{"embeddable":true,"href":"https:\/\/sukrin.com\/dk\/wp-json\/wp\/v2\/users\/1"}],"replies":[{"embeddable":true,"href":"https:\/\/sukrin.com\/dk\/wp-json\/wp\/v2\/comments?post=1907"}],"version-history":[{"count":12,"href":"https:\/\/sukrin.com\/dk\/wp-json\/wp\/v2\/pages\/1907\/revisions"}],"predecessor-version":[{"id":2128,"href":"https:\/\/sukrin.com\/dk\/wp-json\/wp\/v2\/pages\/1907\/revisions\/2128"}],"wp:attachment":[{"href":"https:\/\/sukrin.com\/dk\/wp-json\/wp\/v2\/media?parent=1907"}],"wp:term":[{"taxonomy":"product_types","embeddable":true,"href":"https:\/\/sukrin.com\/dk\/wp-json\/wp\/v2\/product_types?post=1907"}],"curies":[{"name":"wp","href":"https:\/\/api.w.org\/{rel}","templated":true}]}}