{"id":1867,"date":"2015-04-14T12:10:16","date_gmt":"2015-04-14T10:10:16","guid":{"rendered":"http:\/\/sukrin.com\/dk\/?page_id=1867"},"modified":"2022-12-06T16:45:44","modified_gmt":"2022-12-06T14:45:44","slug":"variasjon","status":"publish","type":"page","link":"https:\/\/sukrin.com\/dk\/broedmix-chia-og-hamp-2\/variasjon\/","title":{"rendered":"Tips til variation"},"content":{"rendered":"\n<h2 class=\"wp-block-heading\">Br\u00f8dmix med chia og hamp kan varieres p\u00e5 mange m\u00e5der:<\/h2>\n\n\n\n<ul class=\"wp-block-list\">\n<li>Tils\u00e6t<strong>\u00a0fintmalede mandler<\/strong>\u00a0for at f\u00e5 en lidt anden smag af br\u00f8det. Til 250 g br\u00f8dmix kan du tils\u00e6tte f.eks 100 gram af en \u00f8nsket type n\u00f8ddemel i br\u00f8dblandingen, men husk da, at h\u00e6lde ca 1\/2 dl vand i ekstra.<\/li>\n<\/ul>\n\n\n\n<p><\/p>\n\n\n\n<ul class=\"wp-block-list\">\n<li>Tils\u00e6t gerne finthakkede solt\u00f8rrede tomater, oliven eller t\u00f8rre krydderurter i dejen.<\/li>\n<\/ul>\n\n\n\n<p><\/p>\n\n\n\n<ul class=\"wp-block-list\">\n<li>Har du lyst til en\u00a0<strong>s\u00f8d variant<\/strong>, kan du tils\u00e6tte lidt Sukrin, kanel og evt. t\u00f8rret frugt.<\/li>\n<\/ul>\n\n\n\n<p><\/p>\n\n\n\n<ul class=\"wp-block-list\">\n<li>Bag br\u00f8det i muffinforme, tils\u00e6t eventuelt \u00f8nsket fyld for at lave sunde og gode\u00a0<strong>madmuffins.<\/strong><\/li>\n<\/ul>\n\n\n\n<p><\/p>\n\n\n\n<ul class=\"wp-block-list\">\n<li>Lav\u00a0<strong>focacciabr\u00f8d<\/strong>\u00a0af 1 kg br\u00f8dmix,\u00a03-4 tsk af f.eks. rosmarin, oregano<br>og timian <img loading=\"lazy\" decoding=\"async\" width=\"300\" height=\"272\" class=\"alignright size-medium wp-image-3919\" src=\"https:\/\/www.funksjonellmat.no\/wp-content\/uploads\/2015\/02\/focaccia-300x272.jpg\" alt=\"Fotograf\">(m\u00e6ngde og urter efter hvad du kan lide),\u00a010 dl vand og 2 dl Extra Jomfru olivenolie. \u00c6lt dejen godt. L\u00e6gges ud p\u00e5 en stor bradepande. Olivenolie pensles p\u00e5 toppen af dejen, og str\u00f8g over med salt.\u00a0Bages i 60-70 minutter.<\/li>\n<\/ul>\n\n\n\n<p><\/p>\n\n\n\n<ul class=\"wp-block-list\">\n<li>Brug br\u00f8dmixen som<strong>\u00a0pizzabund<\/strong>. Bland dejen som anvist p\u00e5 pakken, klap den flad udover en bageplade, gerne med lidt olie over. Forbag i ca 15 minutter f\u00f8r du l\u00e6gger \u00f8nsket fyld p\u00e5 og bager til osten er smeltet.<\/li>\n<\/ul>\n\n\n\n<p><\/p>\n\n\n\n<ul class=\"wp-block-list\">\n<li>Du kan ogs\u00e5 bage\u00a0<strong>hamburger-boller<\/strong>\u00a0eller <strong>p\u00f8lsebr\u00f8d<\/strong> af mixen.<\/li>\n<\/ul>\n\n\n\n<p><\/p>\n\n\n\n<ul class=\"wp-block-list\">\n<li>Rist br\u00f8det p\u00e5 en br\u00f8drister for en spr\u00f8dere overflade.<\/li>\n<\/ul>\n\n\n\n<p><\/p>\n\n\n\n<ul class=\"wp-block-list\">\n<li>Hvis du \u00f8nsker et mindre fugtigt br\u00f8d, anbefaler vi at bage br\u00f8det p\u00e5<br>en bageplade med bagepapir i stedet for i form. Lad dejen st\u00e5 i sk\u00e5len i ca 3 minutter. Derefter former du dejen til den \u00f8nskede br\u00f8dfacon p\u00e5 bage-<br>pladen med v\u00e5de h\u00e6nder. P\u00e5 denne m\u00e5de f\u00e5r br\u00f8det st\u00f8rre bageflade,<br>som giver en spr\u00f8dere skorpe. Bag br\u00f8det p\u00e5 nederste rille i ovnen, og<br>forl\u00e6ng eventuelt bagetiden med nogle minutter ekstra.<\/li>\n<\/ul>\n","protected":false},"excerpt":{"rendered":"<p>Br\u00f8dmix med chia og hamp kan varieres p\u00e5 mange m\u00e5der:<\/p>\n","protected":false},"author":1,"featured_media":0,"parent":1860,"menu_order":3,"comment_status":"open","ping_status":"open","template":"","meta":{"_monsterinsights_skip_tracking":false,"_monsterinsights_sitenote_active":false,"_monsterinsights_sitenote_note":"","_monsterinsights_sitenote_category":0,"footnotes":""},"product_types":[41],"class_list":["post-1867","page","type-page","status-publish","hentry","product_types-type-bread-chia"],"yoast_head":"<!-- This site is optimized with the Yoast SEO plugin v23.6 - https:\/\/yoast.com\/wordpress\/plugins\/seo\/ -->\n<title>Tips til variation - Sukrin Danmark<\/title>\n<meta name=\"robots\" content=\"index, follow, max-snippet:-1, max-image-preview:large, max-video-preview:-1\" \/>\n<link rel=\"canonical\" href=\"http:\/\/sukrin.com\/dk\/broedmix-chia-og-hamp-2\/variasjon\/\" \/>\n<meta name=\"twitter:label1\" content=\"Estimeret l\u00e6setid\" \/>\n\t<meta name=\"twitter:data1\" content=\"2 minutter\" \/>\n<script type=\"application\/ld+json\" class=\"yoast-schema-graph\">{\"@context\":\"https:\/\/schema.org\",\"@graph\":[{\"@type\":\"WebPage\",\"@id\":\"http:\/\/sukrin.com\/dk\/broedmix-chia-og-hamp-2\/variasjon\/\",\"url\":\"http:\/\/sukrin.com\/dk\/broedmix-chia-og-hamp-2\/variasjon\/\",\"name\":\"Tips til variation - Sukrin Danmark\",\"isPartOf\":{\"@id\":\"http:\/\/sukrin.com\/dk\/#website\"},\"primaryImageOfPage\":{\"@id\":\"http:\/\/sukrin.com\/dk\/broedmix-chia-og-hamp-2\/variasjon\/#primaryimage\"},\"image\":{\"@id\":\"http:\/\/sukrin.com\/dk\/broedmix-chia-og-hamp-2\/variasjon\/#primaryimage\"},\"thumbnailUrl\":\"https:\/\/www.funksjonellmat.no\/wp-content\/uploads\/2015\/02\/focaccia-300x272.jpg\",\"datePublished\":\"2015-04-14T10:10:16+00:00\",\"dateModified\":\"2022-12-06T14:45:44+00:00\",\"breadcrumb\":{\"@id\":\"http:\/\/sukrin.com\/dk\/broedmix-chia-og-hamp-2\/variasjon\/#breadcrumb\"},\"inLanguage\":\"da-DK\",\"potentialAction\":[{\"@type\":\"ReadAction\",\"target\":[\"http:\/\/sukrin.com\/dk\/broedmix-chia-og-hamp-2\/variasjon\/\"]}]},{\"@type\":\"ImageObject\",\"inLanguage\":\"da-DK\",\"@id\":\"http:\/\/sukrin.com\/dk\/broedmix-chia-og-hamp-2\/variasjon\/#primaryimage\",\"url\":\"https:\/\/www.funksjonellmat.no\/wp-content\/uploads\/2015\/02\/focaccia-300x272.jpg\",\"contentUrl\":\"https:\/\/www.funksjonellmat.no\/wp-content\/uploads\/2015\/02\/focaccia-300x272.jpg\"},{\"@type\":\"BreadcrumbList\",\"@id\":\"http:\/\/sukrin.com\/dk\/broedmix-chia-og-hamp-2\/variasjon\/#breadcrumb\",\"itemListElement\":[{\"@type\":\"ListItem\",\"position\":1,\"name\":\"Chiabr\u00f8d &#8211; Br\u00f8dmix med Chia og Hamp\",\"item\":\"https:\/\/sukrin.com\/dk\/broedmix-chia-og-hamp-2\/\"},{\"@type\":\"ListItem\",\"position\":2,\"name\":\"Tips til variation\"}]},{\"@type\":\"WebSite\",\"@id\":\"http:\/\/sukrin.com\/dk\/#website\",\"url\":\"http:\/\/sukrin.com\/dk\/\",\"name\":\"Sukrin Danmark\",\"description\":\"Sukrin - Healthy and tasty made easy\",\"potentialAction\":[{\"@type\":\"SearchAction\",\"target\":{\"@type\":\"EntryPoint\",\"urlTemplate\":\"http:\/\/sukrin.com\/dk\/?s={search_term_string}\"},\"query-input\":{\"@type\":\"PropertyValueSpecification\",\"valueRequired\":true,\"valueName\":\"search_term_string\"}}],\"inLanguage\":\"da-DK\"}]}<\/script>\n<!-- \/ Yoast SEO plugin. -->","yoast_head_json":{"title":"Tips til variation - Sukrin Danmark","robots":{"index":"index","follow":"follow","max-snippet":"max-snippet:-1","max-image-preview":"max-image-preview:large","max-video-preview":"max-video-preview:-1"},"canonical":"http:\/\/sukrin.com\/dk\/broedmix-chia-og-hamp-2\/variasjon\/","twitter_misc":{"Estimeret l\u00e6setid":"2 minutter"},"schema":{"@context":"https:\/\/schema.org","@graph":[{"@type":"WebPage","@id":"http:\/\/sukrin.com\/dk\/broedmix-chia-og-hamp-2\/variasjon\/","url":"http:\/\/sukrin.com\/dk\/broedmix-chia-og-hamp-2\/variasjon\/","name":"Tips til variation - Sukrin Danmark","isPartOf":{"@id":"http:\/\/sukrin.com\/dk\/#website"},"primaryImageOfPage":{"@id":"http:\/\/sukrin.com\/dk\/broedmix-chia-og-hamp-2\/variasjon\/#primaryimage"},"image":{"@id":"http:\/\/sukrin.com\/dk\/broedmix-chia-og-hamp-2\/variasjon\/#primaryimage"},"thumbnailUrl":"https:\/\/www.funksjonellmat.no\/wp-content\/uploads\/2015\/02\/focaccia-300x272.jpg","datePublished":"2015-04-14T10:10:16+00:00","dateModified":"2022-12-06T14:45:44+00:00","breadcrumb":{"@id":"http:\/\/sukrin.com\/dk\/broedmix-chia-og-hamp-2\/variasjon\/#breadcrumb"},"inLanguage":"da-DK","potentialAction":[{"@type":"ReadAction","target":["http:\/\/sukrin.com\/dk\/broedmix-chia-og-hamp-2\/variasjon\/"]}]},{"@type":"ImageObject","inLanguage":"da-DK","@id":"http:\/\/sukrin.com\/dk\/broedmix-chia-og-hamp-2\/variasjon\/#primaryimage","url":"https:\/\/www.funksjonellmat.no\/wp-content\/uploads\/2015\/02\/focaccia-300x272.jpg","contentUrl":"https:\/\/www.funksjonellmat.no\/wp-content\/uploads\/2015\/02\/focaccia-300x272.jpg"},{"@type":"BreadcrumbList","@id":"http:\/\/sukrin.com\/dk\/broedmix-chia-og-hamp-2\/variasjon\/#breadcrumb","itemListElement":[{"@type":"ListItem","position":1,"name":"Chiabr\u00f8d &#8211; Br\u00f8dmix med Chia og Hamp","item":"https:\/\/sukrin.com\/dk\/broedmix-chia-og-hamp-2\/"},{"@type":"ListItem","position":2,"name":"Tips til variation"}]},{"@type":"WebSite","@id":"http:\/\/sukrin.com\/dk\/#website","url":"http:\/\/sukrin.com\/dk\/","name":"Sukrin Danmark","description":"Sukrin - Healthy and tasty made easy","potentialAction":[{"@type":"SearchAction","target":{"@type":"EntryPoint","urlTemplate":"http:\/\/sukrin.com\/dk\/?s={search_term_string}"},"query-input":{"@type":"PropertyValueSpecification","valueRequired":true,"valueName":"search_term_string"}}],"inLanguage":"da-DK"}]}},"_links":{"self":[{"href":"https:\/\/sukrin.com\/dk\/wp-json\/wp\/v2\/pages\/1867"}],"collection":[{"href":"https:\/\/sukrin.com\/dk\/wp-json\/wp\/v2\/pages"}],"about":[{"href":"https:\/\/sukrin.com\/dk\/wp-json\/wp\/v2\/types\/page"}],"author":[{"embeddable":true,"href":"https:\/\/sukrin.com\/dk\/wp-json\/wp\/v2\/users\/1"}],"replies":[{"embeddable":true,"href":"https:\/\/sukrin.com\/dk\/wp-json\/wp\/v2\/comments?post=1867"}],"version-history":[{"count":16,"href":"https:\/\/sukrin.com\/dk\/wp-json\/wp\/v2\/pages\/1867\/revisions"}],"predecessor-version":[{"id":2942,"href":"https:\/\/sukrin.com\/dk\/wp-json\/wp\/v2\/pages\/1867\/revisions\/2942"}],"up":[{"embeddable":true,"href":"https:\/\/sukrin.com\/dk\/wp-json\/wp\/v2\/pages\/1860"}],"wp:attachment":[{"href":"https:\/\/sukrin.com\/dk\/wp-json\/wp\/v2\/media?parent=1867"}],"wp:term":[{"taxonomy":"product_types","embeddable":true,"href":"https:\/\/sukrin.com\/dk\/wp-json\/wp\/v2\/product_types?post=1867"}],"curies":[{"name":"wp","href":"https:\/\/api.w.org\/{rel}","templated":true}]}}